{"id":3592,"date":"2024-03-21T17:24:13","date_gmt":"2024-03-21T16:24:13","guid":{"rendered":"https:\/\/mineraleslunallena.com\/?post_type=product&#038;p=3592"},"modified":"2024-12-11T15:07:08","modified_gmt":"2024-12-11T14:07:08","slug":"extracto-perfume-miel-de-amor-escudo-pasion","status":"publish","type":"product","link":"https:\/\/mineraleslunallena.com\/ca\/producte\/extracto-perfume-miel-de-amor-escudo-pasion\/","title":{"rendered":"Extracto Miel de Amor | Sexy &#8211; Pasi\u00f3n &#8211; Fidelidad"},"content":{"rendered":"<p>Os presentamos el extracto \u00abMiel de Amor\u00bb, un poderoso elixir para fortalecer los lazos amorosos y proteger la relaci\u00f3n de las influencias externas.<\/p>\n<p>Destaca su capacidad para aumentar la pasi\u00f3n y la conexi\u00f3n emocional entre parejas, creando un v\u00ednculo a\u00fan m\u00e1s profundo y duradero. \u00dasalo como un escudo contra la infidelidad, ya que al aplicarlo antes del acto \u00edntimo, se intensificar\u00e1 el amor y la lealtad de la pareja hacia ti, disminuyendo cualquier tentaci\u00f3n de desviarse.<\/p>\n<p>Es importante enfatizar que la \u00abMiel de Amor\u00bb <strong>no es un amarre<\/strong>, sino una herramienta para fortalecer los lazos amorosos de manera natural y positiva.<\/p>\n<p>Quantitat: 1 unitat. El preu \u00e9s per una unitat. 10 ml.<\/p>","protected":false},"excerpt":{"rendered":"<p>Os presentamos el extracto \u00abMiel de Amor\u00bb, un poderoso elixir para fortalecer los lazos amorosos y proteger la relaci\u00f3n de las influencias externas.<\/p>\n<p>Destaca su capacidad para aumentar la pasi\u00f3n y la conexi\u00f3n emocional entre parejas, creando un v\u00ednculo a\u00fan m\u00e1s profundo y duradero. \u00dasalo como un escudo contra la infidelidad, ya que <strong>al aplicarlo antes del acto \u00edntimo<\/strong>, se intensificar\u00e1 el amor y la lealtad de la pareja hacia ti, disminuyendo cualquier tentaci\u00f3n de desviarse.<\/p>\n<p>Es importante enfatizar que la \u00abMiel de Amor\u00bb <strong>no es un amarre<\/strong>, sino una herramienta para fortalecer los lazos amorosos de manera natural y positiva.<\/p>\n<p>Quantitat: 1 unitat. El preu \u00e9s per una unitat. 10 ml.<\/p>\n<p>&nbsp;<\/p>","protected":false},"featured_media":3594,"template":"","meta":[],"product_cat":[115,98],"product_tag":[],"class_list":{"0":"post-3592","1":"product","2":"type-product","3":"status-publish","4":"has-post-thumbnail","6":"product_cat-aguas-y-colonias","7":"product_cat-incienso","9":"first","10":"instock","11":"sale","12":"taxable","13":"shipping-taxable","14":"purchasable","15":"product-type-simple"},"yoast_head":"<!-- This site is optimized with the Yoast SEO plugin v27.3 - https:\/\/yoast.com\/product\/yoast-seo-wordpress\/ -->\n<title>Extracto Miel de Amor | Sexy - Pasi\u00f3n - Fidelidad - MINERALES LUNA LLENA<\/title>\n<meta name=\"robots\" content=\"index, follow, max-snippet:-1, max-image-preview:large, max-video-preview:-1\" \/>\n<link rel=\"canonical\" href=\"https:\/\/mineraleslunallena.com\/ca\/producte\/extracto-perfume-miel-de-amor-escudo-pasion\/\" \/>\n<meta property=\"og:locale\" content=\"ca_ES\" \/>\n<meta property=\"og:type\" content=\"article\" \/>\n<meta property=\"og:title\" content=\"Extracto Miel de Amor | Sexy - Pasi\u00f3n - Fidelidad - MINERALES LUNA LLENA\" \/>\n<meta property=\"og:description\" content=\"Os presentamos el extracto &quot;Miel de Amor&quot;, un poderoso elixir para fortalecer los lazos amorosos y proteger la relaci\u00f3n de las influencias externas.  Destaca su capacidad para aumentar la pasi\u00f3n y la conexi\u00f3n emocional entre parejas, creando un v\u00ednculo a\u00fan m\u00e1s profundo y duradero. \u00dasalo como un escudo contra la infidelidad, ya que al aplicarlo antes del acto \u00edntimo, se intensificar\u00e1 el amor y la lealtad de la pareja hacia ti, disminuyendo cualquier tentaci\u00f3n de desviarse.  Es importante enfatizar que la &quot;Miel de Amor&quot; no es un amarre, sino una herramienta para fortalecer los lazos amorosos de manera natural y positiva.  Cantidad: 1 unidad. El precio es por una unidad. 10 ml.  &nbsp;\" \/>\n<meta property=\"og:url\" content=\"https:\/\/mineraleslunallena.com\/ca\/producte\/extracto-perfume-miel-de-amor-escudo-pasion\/\" \/>\n<meta property=\"og:site_name\" content=\"MINERALES LUNA LLENA\" \/>\n<meta property=\"article:modified_time\" content=\"2024-12-11T14:07:08+00:00\" \/>\n<meta property=\"og:image\" content=\"https:\/\/mineraleslunallena.com\/wp-content\/uploads\/2024\/03\/extractosyperfumes-scaled.jpg\" \/>\n\t<meta property=\"og:image:width\" content=\"1920\" \/>\n\t<meta property=\"og:image:height\" content=\"2560\" \/>\n\t<meta property=\"og:image:type\" content=\"image\/jpeg\" \/>\n<meta name=\"twitter:card\" content=\"summary_large_image\" \/>\n<meta name=\"twitter:label1\" content=\"Temps estimat de lectura\" \/>\n\t<meta name=\"twitter:data1\" content=\"1 minut\" \/>\n<script type=\"application\/ld+json\" class=\"yoast-schema-graph\">{\"@context\":\"https:\\\/\\\/schema.org\",\"@graph\":[{\"@type\":\"WebPage\",\"@id\":\"https:\\\/\\\/mineraleslunallena.com\\\/producto\\\/extracto-perfume-miel-de-amor-escudo-pasion\\\/\",\"url\":\"https:\\\/\\\/mineraleslunallena.com\\\/producto\\\/extracto-perfume-miel-de-amor-escudo-pasion\\\/\",\"name\":\"Extracto Miel de Amor | Sexy - Pasi\u00f3n - Fidelidad - MINERALES LUNA LLENA\",\"isPartOf\":{\"@id\":\"https:\\\/\\\/mineraleslunallena.com\\\/#website\"},\"primaryImageOfPage\":{\"@id\":\"https:\\\/\\\/mineraleslunallena.com\\\/producto\\\/extracto-perfume-miel-de-amor-escudo-pasion\\\/#primaryimage\"},\"image\":{\"@id\":\"https:\\\/\\\/mineraleslunallena.com\\\/producto\\\/extracto-perfume-miel-de-amor-escudo-pasion\\\/#primaryimage\"},\"thumbnailUrl\":\"https:\\\/\\\/mineraleslunallena.com\\\/wp-content\\\/uploads\\\/2024\\\/03\\\/extractosyperfumes-scaled.jpg\",\"datePublished\":\"2024-03-21T16:24:13+00:00\",\"dateModified\":\"2024-12-11T14:07:08+00:00\",\"breadcrumb\":{\"@id\":\"https:\\\/\\\/mineraleslunallena.com\\\/producto\\\/extracto-perfume-miel-de-amor-escudo-pasion\\\/#breadcrumb\"},\"inLanguage\":\"ca\",\"potentialAction\":[{\"@type\":\"ReadAction\",\"target\":[\"https:\\\/\\\/mineraleslunallena.com\\\/producto\\\/extracto-perfume-miel-de-amor-escudo-pasion\\\/\"]}]},{\"@type\":\"ImageObject\",\"inLanguage\":\"ca\",\"@id\":\"https:\\\/\\\/mineraleslunallena.com\\\/producto\\\/extracto-perfume-miel-de-amor-escudo-pasion\\\/#primaryimage\",\"url\":\"https:\\\/\\\/mineraleslunallena.com\\\/wp-content\\\/uploads\\\/2024\\\/03\\\/extractosyperfumes-scaled.jpg\",\"contentUrl\":\"https:\\\/\\\/mineraleslunallena.com\\\/wp-content\\\/uploads\\\/2024\\\/03\\\/extractosyperfumes-scaled.jpg\",\"width\":1920,\"height\":2560},{\"@type\":\"BreadcrumbList\",\"@id\":\"https:\\\/\\\/mineraleslunallena.com\\\/producto\\\/extracto-perfume-miel-de-amor-escudo-pasion\\\/#breadcrumb\",\"itemListElement\":[{\"@type\":\"ListItem\",\"position\":1,\"name\":\"Portada\",\"item\":\"https:\\\/\\\/mineraleslunallena.com\\\/\"},{\"@type\":\"ListItem\",\"position\":2,\"name\":\"Shop\",\"item\":\"https:\\\/\\\/mineraleslunallena.com\\\/ca\\\/shop\\\/\"},{\"@type\":\"ListItem\",\"position\":3,\"name\":\"Extracto Miel de Amor | Sexy &#8211; Pasi\u00f3n &#8211; Fidelidad\"}]},{\"@type\":\"WebSite\",\"@id\":\"https:\\\/\\\/mineraleslunallena.com\\\/#website\",\"url\":\"https:\\\/\\\/mineraleslunallena.com\\\/\",\"name\":\"LUNA LLENA MINERALES\",\"description\":\"Es el momento de conectarte con tu propio poder y confiar en tus habilidades.\",\"publisher\":{\"@id\":\"https:\\\/\\\/mineraleslunallena.com\\\/#organization\"},\"potentialAction\":[{\"@type\":\"SearchAction\",\"target\":{\"@type\":\"EntryPoint\",\"urlTemplate\":\"https:\\\/\\\/mineraleslunallena.com\\\/?s={search_term_string}\"},\"query-input\":{\"@type\":\"PropertyValueSpecification\",\"valueRequired\":true,\"valueName\":\"search_term_string\"}}],\"inLanguage\":\"ca\"},{\"@type\":\"Organization\",\"@id\":\"https:\\\/\\\/mineraleslunallena.com\\\/#organization\",\"name\":\"LUNA LLENA MINERALES\",\"url\":\"https:\\\/\\\/mineraleslunallena.com\\\/\",\"logo\":{\"@type\":\"ImageObject\",\"inLanguage\":\"ca\",\"@id\":\"https:\\\/\\\/mineraleslunallena.com\\\/#\\\/schema\\\/logo\\\/image\\\/\",\"url\":\"https:\\\/\\\/mineraleslunallena.com\\\/wp-content\\\/uploads\\\/2023\\\/07\\\/LUNA-LLENA-LOGO-nuevo.png\",\"contentUrl\":\"https:\\\/\\\/mineraleslunallena.com\\\/wp-content\\\/uploads\\\/2023\\\/07\\\/LUNA-LLENA-LOGO-nuevo.png\",\"width\":229,\"height\":167,\"caption\":\"LUNA LLENA MINERALES\"},\"image\":{\"@id\":\"https:\\\/\\\/mineraleslunallena.com\\\/#\\\/schema\\\/logo\\\/image\\\/\"}}]}<\/script>\n<!-- \/ Yoast SEO plugin. -->","yoast_head_json":{"title":"Extracto Miel de Amor | Sexy - Pasi\u00f3n - Fidelidad - MINERALES LUNA LLENA","robots":{"index":"index","follow":"follow","max-snippet":"max-snippet:-1","max-image-preview":"max-image-preview:large","max-video-preview":"max-video-preview:-1"},"canonical":"https:\/\/mineraleslunallena.com\/ca\/producte\/extracto-perfume-miel-de-amor-escudo-pasion\/","og_locale":"ca_ES","og_type":"article","og_title":"Extracto Miel de Amor | Sexy - Pasi\u00f3n - Fidelidad - MINERALES LUNA LLENA","og_description":"Os presentamos el extracto \"Miel de Amor\", un poderoso elixir para fortalecer los lazos amorosos y proteger la relaci\u00f3n de las influencias externas.  Destaca su capacidad para aumentar la pasi\u00f3n y la conexi\u00f3n emocional entre parejas, creando un v\u00ednculo a\u00fan m\u00e1s profundo y duradero. \u00dasalo como un escudo contra la infidelidad, ya que al aplicarlo antes del acto \u00edntimo, se intensificar\u00e1 el amor y la lealtad de la pareja hacia ti, disminuyendo cualquier tentaci\u00f3n de desviarse.  Es importante enfatizar que la \"Miel de Amor\" no es un amarre, sino una herramienta para fortalecer los lazos amorosos de manera natural y positiva.  Cantidad: 1 unidad. El precio es por una unidad. 10 ml.  &nbsp;","og_url":"https:\/\/mineraleslunallena.com\/ca\/producte\/extracto-perfume-miel-de-amor-escudo-pasion\/","og_site_name":"MINERALES LUNA LLENA","article_modified_time":"2024-12-11T14:07:08+00:00","og_image":[{"width":1920,"height":2560,"url":"https:\/\/mineraleslunallena.com\/wp-content\/uploads\/2024\/03\/extractosyperfumes-scaled.jpg","type":"image\/jpeg"}],"twitter_card":"summary_large_image","twitter_misc":{"Temps estimat de lectura":"1 minut"},"schema":{"@context":"https:\/\/schema.org","@graph":[{"@type":"WebPage","@id":"https:\/\/mineraleslunallena.com\/producto\/extracto-perfume-miel-de-amor-escudo-pasion\/","url":"https:\/\/mineraleslunallena.com\/producto\/extracto-perfume-miel-de-amor-escudo-pasion\/","name":"Extracto Miel de Amor | Sexy - Pasi\u00f3n - Fidelidad - MINERALES LUNA LLENA","isPartOf":{"@id":"https:\/\/mineraleslunallena.com\/#website"},"primaryImageOfPage":{"@id":"https:\/\/mineraleslunallena.com\/producto\/extracto-perfume-miel-de-amor-escudo-pasion\/#primaryimage"},"image":{"@id":"https:\/\/mineraleslunallena.com\/producto\/extracto-perfume-miel-de-amor-escudo-pasion\/#primaryimage"},"thumbnailUrl":"https:\/\/mineraleslunallena.com\/wp-content\/uploads\/2024\/03\/extractosyperfumes-scaled.jpg","datePublished":"2024-03-21T16:24:13+00:00","dateModified":"2024-12-11T14:07:08+00:00","breadcrumb":{"@id":"https:\/\/mineraleslunallena.com\/producto\/extracto-perfume-miel-de-amor-escudo-pasion\/#breadcrumb"},"inLanguage":"ca","potentialAction":[{"@type":"ReadAction","target":["https:\/\/mineraleslunallena.com\/producto\/extracto-perfume-miel-de-amor-escudo-pasion\/"]}]},{"@type":"ImageObject","inLanguage":"ca","@id":"https:\/\/mineraleslunallena.com\/producto\/extracto-perfume-miel-de-amor-escudo-pasion\/#primaryimage","url":"https:\/\/mineraleslunallena.com\/wp-content\/uploads\/2024\/03\/extractosyperfumes-scaled.jpg","contentUrl":"https:\/\/mineraleslunallena.com\/wp-content\/uploads\/2024\/03\/extractosyperfumes-scaled.jpg","width":1920,"height":2560},{"@type":"BreadcrumbList","@id":"https:\/\/mineraleslunallena.com\/producto\/extracto-perfume-miel-de-amor-escudo-pasion\/#breadcrumb","itemListElement":[{"@type":"ListItem","position":1,"name":"Portada","item":"https:\/\/mineraleslunallena.com\/"},{"@type":"ListItem","position":2,"name":"Shop","item":"https:\/\/mineraleslunallena.com\/ca\/shop\/"},{"@type":"ListItem","position":3,"name":"Extracto Miel de Amor | Sexy &#8211; Pasi\u00f3n &#8211; Fidelidad"}]},{"@type":"WebSite","@id":"https:\/\/mineraleslunallena.com\/#website","url":"https:\/\/mineraleslunallena.com\/","name":"LLUNA PLENA MINERALS","description":"\u00c9s el moment de connectar-te amb el teu poder i confiar en les teves habilitats.","publisher":{"@id":"https:\/\/mineraleslunallena.com\/#organization"},"potentialAction":[{"@type":"SearchAction","target":{"@type":"EntryPoint","urlTemplate":"https:\/\/mineraleslunallena.com\/?s={search_term_string}"},"query-input":{"@type":"PropertyValueSpecification","valueRequired":true,"valueName":"search_term_string"}}],"inLanguage":"ca"},{"@type":"Organization","@id":"https:\/\/mineraleslunallena.com\/#organization","name":"LLUNA PLENA MINERALS","url":"https:\/\/mineraleslunallena.com\/","logo":{"@type":"ImageObject","inLanguage":"ca","@id":"https:\/\/mineraleslunallena.com\/#\/schema\/logo\/image\/","url":"https:\/\/mineraleslunallena.com\/wp-content\/uploads\/2023\/07\/LUNA-LLENA-LOGO-nuevo.png","contentUrl":"https:\/\/mineraleslunallena.com\/wp-content\/uploads\/2023\/07\/LUNA-LLENA-LOGO-nuevo.png","width":229,"height":167,"caption":"LUNA LLENA MINERALES"},"image":{"@id":"https:\/\/mineraleslunallena.com\/#\/schema\/logo\/image\/"}}]}},"jetpack_sharing_enabled":true,"_links":{"self":[{"href":"https:\/\/mineraleslunallena.com\/ca\/wp-json\/wp\/v2\/product\/3592","targetHints":{"allow":["GET"]}}],"collection":[{"href":"https:\/\/mineraleslunallena.com\/ca\/wp-json\/wp\/v2\/product"}],"about":[{"href":"https:\/\/mineraleslunallena.com\/ca\/wp-json\/wp\/v2\/types\/product"}],"version-history":[{"count":5,"href":"https:\/\/mineraleslunallena.com\/ca\/wp-json\/wp\/v2\/product\/3592\/revisions"}],"predecessor-version":[{"id":3736,"href":"https:\/\/mineraleslunallena.com\/ca\/wp-json\/wp\/v2\/product\/3592\/revisions\/3736"}],"wp:featuredmedia":[{"embeddable":true,"href":"https:\/\/mineraleslunallena.com\/ca\/wp-json\/wp\/v2\/media\/3594"}],"wp:attachment":[{"href":"https:\/\/mineraleslunallena.com\/ca\/wp-json\/wp\/v2\/media?parent=3592"}],"wp:term":[{"taxonomy":"product_cat","embeddable":true,"href":"https:\/\/mineraleslunallena.com\/ca\/wp-json\/wp\/v2\/product_cat?post=3592"},{"taxonomy":"product_tag","embeddable":true,"href":"https:\/\/mineraleslunallena.com\/ca\/wp-json\/wp\/v2\/product_tag?post=3592"}],"curies":[{"name":"wp","href":"https:\/\/api.w.org\/{rel}","templated":true}]}}