{"id":3608,"date":"2024-03-21T18:31:45","date_gmt":"2024-03-21T17:31:45","guid":{"rendered":"https:\/\/mineraleslunallena.com\/?post_type=product&#038;p=3608"},"modified":"2024-03-25T21:57:58","modified_gmt":"2024-03-25T20:57:58","slug":"extracto-nido-del-pajaro-macua-fortuna-amor","status":"publish","type":"product","link":"https:\/\/mineraleslunallena.com\/ca\/producte\/extracto-nido-del-pajaro-macua-fortuna-amor\/","title":{"rendered":"Extracte Niu del Ocell Macua | Fortuna \u2013 Amor"},"content":{"rendered":"<p>Aquest Extracte exclusiu ha estat meticulosament elaborat amb les ess\u00e8ncies m\u00e9s selectes del Ocell Macu\u00e1, conegut per la seva associaci\u00f3 amb l&#039;amor i la fortuna. Amb nom\u00e9s tres gotes al palmell de la m\u00e0, i la persona desitjada al teu costat, el subtil perfum d&#039;aquest elixir comen\u00e7ar\u00e0 el seu encantament.<\/p>\n<p>Imagina el moment m\u00e0gic quan l&#039;aroma envoltant de l&#039;Extracte de Ocell Macu\u00e1 desperta sentiments d&#039;atracci\u00f3 i desig en el teu \u00e9sser estimat. Amb cada inhalaci\u00f3, se sentir\u00e0 irresistiblement atret cap a tu, guiat per la influ\u00e8ncia de l&#039;ocell de la fortuna.<\/p>\n<p>Amb el nostre Extracte de Ocell Macu\u00e1, no nom\u00e9s conquerir\u00e0s cors, sin\u00f3 que tamb\u00e9 obrir\u00e0s les portes a la prosperitat i la bona sort a la teva vida. \u00c9s el complement perfecte per a aquells que busquen amor i \u00e8xit en la mateixa mesura.<\/p>\n<p>No perdis l&#039;oportunitat de transformar el teu dest\u00ed amb un toc de m\u00e0gia genu\u00efna. Ordena&#039;l ara i prepara&#039;t per experimentar el poder del Ocell Macu\u00e0 a la teva vida!<\/p>\n<p>Quantitat: 1 unitat. El preu \u00e9s per una unitat. 10 ml.<\/p>","protected":false},"excerpt":{"rendered":"<p>Aquest Extracte exclusiu ha estat meticulosament elaborat amb les ess\u00e8ncies m\u00e9s selectes del Ocell Macu\u00e1, conegut per la seva associaci\u00f3 amb l&#039;amor i la fortuna. Amb nom\u00e9s tres gotes al palmell de la m\u00e0, i la persona desitjada al teu costat, el subtil perfum d&#039;aquest elixir comen\u00e7ar\u00e0 el seu encantament.<\/p>\n<p>Imagina el moment m\u00e0gic quan l&#039;aroma envoltant de l&#039;Extracte de Ocell Macu\u00e1 desperta sentiments d&#039;atracci\u00f3 i desig en el teu \u00e9sser estimat. Amb cada inhalaci\u00f3, se sentir\u00e0 irresistiblement atret cap a tu, guiat per la influ\u00e8ncia de l&#039;ocell de la fortuna.<\/p>\n<p>Amb el nostre Extracte de Ocell Macu\u00e1, no nom\u00e9s conquerir\u00e0s cors, sin\u00f3 que tamb\u00e9 obrir\u00e0s les portes a la prosperitat i la bona sort a la teva vida. \u00c9s el complement perfecte per a aquells que busquen amor i \u00e8xit en la mateixa mesura.<\/p>\n<p>No perdis l&#039;oportunitat de transformar el teu dest\u00ed amb un toc de m\u00e0gia genu\u00efna. Ordena&#039;l ara i prepara&#039;t per experimentar el poder del Ocell Macu\u00e0 a la teva vida!<\/p>\n<p>Quantitat: 1 unitat. El preu \u00e9s per una unitat. 10 ml.<\/p>","protected":false},"featured_media":3594,"template":"","meta":[],"product_cat":[115,98],"product_tag":[],"class_list":{"0":"post-3608","1":"product","2":"type-product","3":"status-publish","4":"has-post-thumbnail","6":"product_cat-aguas-y-colonias","7":"product_cat-incienso","9":"first","10":"instock","11":"sale","12":"taxable","13":"shipping-taxable","14":"purchasable","15":"product-type-simple"},"yoast_head":"<!-- This site is optimized with the Yoast SEO plugin v27.3 - https:\/\/yoast.com\/product\/yoast-seo-wordpress\/ -->\n<title>Extracto Nido del P\u00e1jaro Macua | Fortuna - Amor - MINERALES LUNA LLENA<\/title>\n<meta name=\"robots\" content=\"index, follow, max-snippet:-1, max-image-preview:large, max-video-preview:-1\" \/>\n<link rel=\"canonical\" href=\"https:\/\/mineraleslunallena.com\/ca\/producte\/extracto-nido-del-pajaro-macua-fortuna-amor\/\" \/>\n<meta property=\"og:locale\" content=\"ca_ES\" \/>\n<meta property=\"og:type\" content=\"article\" \/>\n<meta property=\"og:title\" content=\"Extracto Nido del P\u00e1jaro Macua | Fortuna - Amor - MINERALES LUNA LLENA\" \/>\n<meta property=\"og:description\" content=\"Este exclusivo Extracto ha sido meticulosamente elaborado con las esencias m\u00e1s selectas del P\u00e1jaro Macu\u00e1, conocido por su asociaci\u00f3n con el amor y la fortuna. Con solo tres gotas en la palma de tu mano, y la persona deseada a tu lado, el sutil perfume de este elixir comenzar\u00e1 su encantamiento.  Imagina el momento m\u00e1gico cuando el aroma envolvente del Extracto de P\u00e1jaro Macu\u00e1 despierta sentimientos de atracci\u00f3n y deseo en tu ser amado. Con cada inhalaci\u00f3n, se sentir\u00e1 irresistiblemente atra\u00eddo hacia ti, guiado por la influencia del p\u00e1jaro de la fortuna.  Con nuestro Extracto de P\u00e1jaro Macu\u00e1, no solo conquistar\u00e1s corazones, sino que tambi\u00e9n abrir\u00e1s las puertas a la prosperidad y la buena suerte en tu vida. Es el complemento perfecto para aquellos que buscan amor y \u00e9xito en igual medida.  No pierdas la oportunidad de transformar tu destino con un toque de magia genuina. \u00a1Ord\u00e9nalo ahora y prep\u00e1rate para experimentar el poder del P\u00e1jaro Macu\u00e1 en tu vida!  Cantidad: 1 unidad. El precio es por una unidad. 10 ml.\" \/>\n<meta property=\"og:url\" content=\"https:\/\/mineraleslunallena.com\/ca\/producte\/extracto-nido-del-pajaro-macua-fortuna-amor\/\" \/>\n<meta property=\"og:site_name\" content=\"MINERALES LUNA LLENA\" \/>\n<meta property=\"article:modified_time\" content=\"2024-03-25T20:57:58+00:00\" \/>\n<meta property=\"og:image\" content=\"https:\/\/mineraleslunallena.com\/wp-content\/uploads\/2024\/03\/extractosyperfumes-scaled.jpg\" \/>\n\t<meta property=\"og:image:width\" content=\"1920\" \/>\n\t<meta property=\"og:image:height\" content=\"2560\" \/>\n\t<meta property=\"og:image:type\" content=\"image\/jpeg\" \/>\n<meta name=\"twitter:card\" content=\"summary_large_image\" \/>\n<meta name=\"twitter:label1\" content=\"Temps estimat de lectura\" \/>\n\t<meta name=\"twitter:data1\" content=\"1 minut\" \/>\n<script type=\"application\/ld+json\" class=\"yoast-schema-graph\">{\"@context\":\"https:\\\/\\\/schema.org\",\"@graph\":[{\"@type\":\"WebPage\",\"@id\":\"https:\\\/\\\/mineraleslunallena.com\\\/producto\\\/extracto-nido-del-pajaro-macua-fortuna-amor\\\/\",\"url\":\"https:\\\/\\\/mineraleslunallena.com\\\/producto\\\/extracto-nido-del-pajaro-macua-fortuna-amor\\\/\",\"name\":\"Extracto Nido del P\u00e1jaro Macua | Fortuna - Amor - MINERALES LUNA LLENA\",\"isPartOf\":{\"@id\":\"https:\\\/\\\/mineraleslunallena.com\\\/#website\"},\"primaryImageOfPage\":{\"@id\":\"https:\\\/\\\/mineraleslunallena.com\\\/producto\\\/extracto-nido-del-pajaro-macua-fortuna-amor\\\/#primaryimage\"},\"image\":{\"@id\":\"https:\\\/\\\/mineraleslunallena.com\\\/producto\\\/extracto-nido-del-pajaro-macua-fortuna-amor\\\/#primaryimage\"},\"thumbnailUrl\":\"https:\\\/\\\/mineraleslunallena.com\\\/wp-content\\\/uploads\\\/2024\\\/03\\\/extractosyperfumes-scaled.jpg\",\"datePublished\":\"2024-03-21T17:31:45+00:00\",\"dateModified\":\"2024-03-25T20:57:58+00:00\",\"breadcrumb\":{\"@id\":\"https:\\\/\\\/mineraleslunallena.com\\\/producto\\\/extracto-nido-del-pajaro-macua-fortuna-amor\\\/#breadcrumb\"},\"inLanguage\":\"ca\",\"potentialAction\":[{\"@type\":\"ReadAction\",\"target\":[\"https:\\\/\\\/mineraleslunallena.com\\\/producto\\\/extracto-nido-del-pajaro-macua-fortuna-amor\\\/\"]}]},{\"@type\":\"ImageObject\",\"inLanguage\":\"ca\",\"@id\":\"https:\\\/\\\/mineraleslunallena.com\\\/producto\\\/extracto-nido-del-pajaro-macua-fortuna-amor\\\/#primaryimage\",\"url\":\"https:\\\/\\\/mineraleslunallena.com\\\/wp-content\\\/uploads\\\/2024\\\/03\\\/extractosyperfumes-scaled.jpg\",\"contentUrl\":\"https:\\\/\\\/mineraleslunallena.com\\\/wp-content\\\/uploads\\\/2024\\\/03\\\/extractosyperfumes-scaled.jpg\",\"width\":1920,\"height\":2560},{\"@type\":\"BreadcrumbList\",\"@id\":\"https:\\\/\\\/mineraleslunallena.com\\\/producto\\\/extracto-nido-del-pajaro-macua-fortuna-amor\\\/#breadcrumb\",\"itemListElement\":[{\"@type\":\"ListItem\",\"position\":1,\"name\":\"Portada\",\"item\":\"https:\\\/\\\/mineraleslunallena.com\\\/\"},{\"@type\":\"ListItem\",\"position\":2,\"name\":\"Shop\",\"item\":\"https:\\\/\\\/mineraleslunallena.com\\\/ca\\\/shop\\\/\"},{\"@type\":\"ListItem\",\"position\":3,\"name\":\"Extracto Nido del P\u00e1jaro Macua | Fortuna &#8211; Amor\"}]},{\"@type\":\"WebSite\",\"@id\":\"https:\\\/\\\/mineraleslunallena.com\\\/#website\",\"url\":\"https:\\\/\\\/mineraleslunallena.com\\\/\",\"name\":\"LUNA LLENA MINERALES\",\"description\":\"Es el momento de conectarte con tu propio poder y confiar en tus habilidades.\",\"publisher\":{\"@id\":\"https:\\\/\\\/mineraleslunallena.com\\\/#organization\"},\"potentialAction\":[{\"@type\":\"SearchAction\",\"target\":{\"@type\":\"EntryPoint\",\"urlTemplate\":\"https:\\\/\\\/mineraleslunallena.com\\\/?s={search_term_string}\"},\"query-input\":{\"@type\":\"PropertyValueSpecification\",\"valueRequired\":true,\"valueName\":\"search_term_string\"}}],\"inLanguage\":\"ca\"},{\"@type\":\"Organization\",\"@id\":\"https:\\\/\\\/mineraleslunallena.com\\\/#organization\",\"name\":\"LUNA LLENA MINERALES\",\"url\":\"https:\\\/\\\/mineraleslunallena.com\\\/\",\"logo\":{\"@type\":\"ImageObject\",\"inLanguage\":\"ca\",\"@id\":\"https:\\\/\\\/mineraleslunallena.com\\\/#\\\/schema\\\/logo\\\/image\\\/\",\"url\":\"https:\\\/\\\/mineraleslunallena.com\\\/wp-content\\\/uploads\\\/2023\\\/07\\\/LUNA-LLENA-LOGO-nuevo.png\",\"contentUrl\":\"https:\\\/\\\/mineraleslunallena.com\\\/wp-content\\\/uploads\\\/2023\\\/07\\\/LUNA-LLENA-LOGO-nuevo.png\",\"width\":229,\"height\":167,\"caption\":\"LUNA LLENA MINERALES\"},\"image\":{\"@id\":\"https:\\\/\\\/mineraleslunallena.com\\\/#\\\/schema\\\/logo\\\/image\\\/\"}}]}<\/script>\n<!-- \/ Yoast SEO plugin. -->","yoast_head_json":{"title":"Extracto Nido del P\u00e1jaro Macua | Fortuna - Amor - MINERALES LUNA LLENA","robots":{"index":"index","follow":"follow","max-snippet":"max-snippet:-1","max-image-preview":"max-image-preview:large","max-video-preview":"max-video-preview:-1"},"canonical":"https:\/\/mineraleslunallena.com\/ca\/producte\/extracto-nido-del-pajaro-macua-fortuna-amor\/","og_locale":"ca_ES","og_type":"article","og_title":"Extracto Nido del P\u00e1jaro Macua | Fortuna - Amor - MINERALES LUNA LLENA","og_description":"Este exclusivo Extracto ha sido meticulosamente elaborado con las esencias m\u00e1s selectas del P\u00e1jaro Macu\u00e1, conocido por su asociaci\u00f3n con el amor y la fortuna. Con solo tres gotas en la palma de tu mano, y la persona deseada a tu lado, el sutil perfume de este elixir comenzar\u00e1 su encantamiento.  Imagina el momento m\u00e1gico cuando el aroma envolvente del Extracto de P\u00e1jaro Macu\u00e1 despierta sentimientos de atracci\u00f3n y deseo en tu ser amado. Con cada inhalaci\u00f3n, se sentir\u00e1 irresistiblemente atra\u00eddo hacia ti, guiado por la influencia del p\u00e1jaro de la fortuna.  Con nuestro Extracto de P\u00e1jaro Macu\u00e1, no solo conquistar\u00e1s corazones, sino que tambi\u00e9n abrir\u00e1s las puertas a la prosperidad y la buena suerte en tu vida. Es el complemento perfecto para aquellos que buscan amor y \u00e9xito en igual medida.  No pierdas la oportunidad de transformar tu destino con un toque de magia genuina. \u00a1Ord\u00e9nalo ahora y prep\u00e1rate para experimentar el poder del P\u00e1jaro Macu\u00e1 en tu vida!  Cantidad: 1 unidad. El precio es por una unidad. 10 ml.","og_url":"https:\/\/mineraleslunallena.com\/ca\/producte\/extracto-nido-del-pajaro-macua-fortuna-amor\/","og_site_name":"MINERALES LUNA LLENA","article_modified_time":"2024-03-25T20:57:58+00:00","og_image":[{"width":1920,"height":2560,"url":"https:\/\/mineraleslunallena.com\/wp-content\/uploads\/2024\/03\/extractosyperfumes-scaled.jpg","type":"image\/jpeg"}],"twitter_card":"summary_large_image","twitter_misc":{"Temps estimat de lectura":"1 minut"},"schema":{"@context":"https:\/\/schema.org","@graph":[{"@type":"WebPage","@id":"https:\/\/mineraleslunallena.com\/producto\/extracto-nido-del-pajaro-macua-fortuna-amor\/","url":"https:\/\/mineraleslunallena.com\/producto\/extracto-nido-del-pajaro-macua-fortuna-amor\/","name":"Extracto Nido del P\u00e1jaro Macua | Fortuna - Amor - MINERALES LUNA LLENA","isPartOf":{"@id":"https:\/\/mineraleslunallena.com\/#website"},"primaryImageOfPage":{"@id":"https:\/\/mineraleslunallena.com\/producto\/extracto-nido-del-pajaro-macua-fortuna-amor\/#primaryimage"},"image":{"@id":"https:\/\/mineraleslunallena.com\/producto\/extracto-nido-del-pajaro-macua-fortuna-amor\/#primaryimage"},"thumbnailUrl":"https:\/\/mineraleslunallena.com\/wp-content\/uploads\/2024\/03\/extractosyperfumes-scaled.jpg","datePublished":"2024-03-21T17:31:45+00:00","dateModified":"2024-03-25T20:57:58+00:00","breadcrumb":{"@id":"https:\/\/mineraleslunallena.com\/producto\/extracto-nido-del-pajaro-macua-fortuna-amor\/#breadcrumb"},"inLanguage":"ca","potentialAction":[{"@type":"ReadAction","target":["https:\/\/mineraleslunallena.com\/producto\/extracto-nido-del-pajaro-macua-fortuna-amor\/"]}]},{"@type":"ImageObject","inLanguage":"ca","@id":"https:\/\/mineraleslunallena.com\/producto\/extracto-nido-del-pajaro-macua-fortuna-amor\/#primaryimage","url":"https:\/\/mineraleslunallena.com\/wp-content\/uploads\/2024\/03\/extractosyperfumes-scaled.jpg","contentUrl":"https:\/\/mineraleslunallena.com\/wp-content\/uploads\/2024\/03\/extractosyperfumes-scaled.jpg","width":1920,"height":2560},{"@type":"BreadcrumbList","@id":"https:\/\/mineraleslunallena.com\/producto\/extracto-nido-del-pajaro-macua-fortuna-amor\/#breadcrumb","itemListElement":[{"@type":"ListItem","position":1,"name":"Portada","item":"https:\/\/mineraleslunallena.com\/"},{"@type":"ListItem","position":2,"name":"Shop","item":"https:\/\/mineraleslunallena.com\/ca\/shop\/"},{"@type":"ListItem","position":3,"name":"Extracto Nido del P\u00e1jaro Macua | Fortuna &#8211; Amor"}]},{"@type":"WebSite","@id":"https:\/\/mineraleslunallena.com\/#website","url":"https:\/\/mineraleslunallena.com\/","name":"LLUNA PLENA MINERALS","description":"\u00c9s el moment de connectar-te amb el teu poder i confiar en les teves habilitats.","publisher":{"@id":"https:\/\/mineraleslunallena.com\/#organization"},"potentialAction":[{"@type":"SearchAction","target":{"@type":"EntryPoint","urlTemplate":"https:\/\/mineraleslunallena.com\/?s={search_term_string}"},"query-input":{"@type":"PropertyValueSpecification","valueRequired":true,"valueName":"search_term_string"}}],"inLanguage":"ca"},{"@type":"Organization","@id":"https:\/\/mineraleslunallena.com\/#organization","name":"LLUNA PLENA MINERALS","url":"https:\/\/mineraleslunallena.com\/","logo":{"@type":"ImageObject","inLanguage":"ca","@id":"https:\/\/mineraleslunallena.com\/#\/schema\/logo\/image\/","url":"https:\/\/mineraleslunallena.com\/wp-content\/uploads\/2023\/07\/LUNA-LLENA-LOGO-nuevo.png","contentUrl":"https:\/\/mineraleslunallena.com\/wp-content\/uploads\/2023\/07\/LUNA-LLENA-LOGO-nuevo.png","width":229,"height":167,"caption":"LUNA LLENA MINERALES"},"image":{"@id":"https:\/\/mineraleslunallena.com\/#\/schema\/logo\/image\/"}}]}},"jetpack_sharing_enabled":true,"_links":{"self":[{"href":"https:\/\/mineraleslunallena.com\/ca\/wp-json\/wp\/v2\/product\/3608","targetHints":{"allow":["GET"]}}],"collection":[{"href":"https:\/\/mineraleslunallena.com\/ca\/wp-json\/wp\/v2\/product"}],"about":[{"href":"https:\/\/mineraleslunallena.com\/ca\/wp-json\/wp\/v2\/types\/product"}],"version-history":[{"count":1,"href":"https:\/\/mineraleslunallena.com\/ca\/wp-json\/wp\/v2\/product\/3608\/revisions"}],"predecessor-version":[{"id":3609,"href":"https:\/\/mineraleslunallena.com\/ca\/wp-json\/wp\/v2\/product\/3608\/revisions\/3609"}],"wp:featuredmedia":[{"embeddable":true,"href":"https:\/\/mineraleslunallena.com\/ca\/wp-json\/wp\/v2\/media\/3594"}],"wp:attachment":[{"href":"https:\/\/mineraleslunallena.com\/ca\/wp-json\/wp\/v2\/media?parent=3608"}],"wp:term":[{"taxonomy":"product_cat","embeddable":true,"href":"https:\/\/mineraleslunallena.com\/ca\/wp-json\/wp\/v2\/product_cat?post=3608"},{"taxonomy":"product_tag","embeddable":true,"href":"https:\/\/mineraleslunallena.com\/ca\/wp-json\/wp\/v2\/product_tag?post=3608"}],"curies":[{"name":"wp","href":"https:\/\/api.w.org\/{rel}","templated":true}]}}