{"id":3610,"date":"2024-03-21T18:48:10","date_gmt":"2024-03-21T17:48:10","guid":{"rendered":"https:\/\/mineraleslunallena.com\/?post_type=product&#038;p=3610"},"modified":"2025-12-06T15:06:28","modified_gmt":"2025-12-06T14:06:28","slug":"extracto-miel-atrapa-hombre-seduccion-atraccion","status":"publish","type":"product","link":"https:\/\/mineraleslunallena.com\/ca\/producte\/extracto-miel-atrapa-hombre-seduccion-atraccion\/","title":{"rendered":"Extracte Mel Atrapa Home | Seducci\u00f3 \u2013 Atracci\u00f3"},"content":{"rendered":"<p>\u00bfEst\u00e1s buscando un poderoso elixir para capturar la atenci\u00f3n y el coraz\u00f3n de aquel que deseas? \u00a1Entonces te encantar\u00e1 nuestro nuevo y emocionante producto: el Extracto de Miel Atrapa Hombre!<\/p>\n<p>Este exquisito elixir ha sido creado con una mezcla secreta de ingredientes m\u00e1gicos, incluida la dulce esencia de la miel, conocida por su capacidad para atraer y cautivar. Con solo unas gotas de este extracto, podr\u00e1s envolver a la persona deseada en una irresistible aura de atracci\u00f3n y deseo.<\/p>\n<p>Imagina la sensaci\u00f3n de tener a esa persona especial totalmente cautivada por ti, incapaz de resistirse a tu encanto y magnetismo. Con el Extracto de Miel Atrapa Hombre, podr\u00e1s convertirte en el centro de su universo, haciendo que se sienta irresistiblemente atra\u00edda hacia ti en todo momento.<\/p>\n<p>Ya no m\u00e1s juegos de seducci\u00f3n o estrategias complicadas. Con nuestro elixir, el amor y la pasi\u00f3n fluir\u00e1n de manera natural, creando un v\u00ednculo inquebrantable entre t\u00fa y tu ser amado.<\/p>\n<p>No pierdas la oportunidad de experimentar el poder transformador del Extracto de Miel Atrapa Hombre.<\/p>\n<p>Cantidad: 1 unidad. El precio es por una unidad. 20 ml.<\/p>","protected":false},"excerpt":{"rendered":"<p>\u00bfEst\u00e1s buscando un poderoso elixir para capturar la atenci\u00f3n y el coraz\u00f3n de aquel que deseas? \u00a1Entonces te encantar\u00e1 nuestro nuevo y emocionante producto: el Extracto de Miel Atrapa Hombre!<\/p>\n<p>Este exquisito elixir ha sido creado con una mezcla secreta de ingredientes m\u00e1gicos, incluida la dulce esencia de la miel, conocida por su capacidad para atraer y cautivar. Con solo unas gotas de este extracto, podr\u00e1s envolver a la persona deseada en una irresistible aura de atracci\u00f3n y deseo.<\/p>\n<p>Imagina la sensaci\u00f3n de tener a esa persona especial totalmente cautivada por ti, incapaz de resistirse a tu encanto y magnetismo. Con el Extracto de Miel Atrapa Hombre, podr\u00e1s convertirte en el centro de su universo, haciendo que se sienta irresistiblemente atra\u00edda hacia ti en todo momento.<\/p>\n<p>Ya no m\u00e1s juegos de seducci\u00f3n o estrategias complicadas. Con nuestro elixir, el amor y la pasi\u00f3n fluir\u00e1n de manera natural, creando un v\u00ednculo inquebrantable entre t\u00fa y tu ser amado.<\/p>\n<p>No pierdas la oportunidad de experimentar el poder transformador del Extracto de Miel Atrapa Hombre.<\/p>\n<p>Cantidad: 1 unidad. El precio es por una unidad. 20 ml.<\/p>","protected":false},"featured_media":3594,"template":"","meta":[],"product_cat":[115,98],"product_tag":[],"class_list":{"0":"post-3610","1":"product","2":"type-product","3":"status-publish","4":"has-post-thumbnail","6":"product_cat-aguas-y-colonias","7":"product_cat-incienso","9":"first","10":"outofstock","11":"sale","12":"taxable","13":"shipping-taxable","14":"purchasable","15":"product-type-simple"},"yoast_head":"<!-- This site is optimized with the Yoast SEO plugin v27.3 - https:\/\/yoast.com\/product\/yoast-seo-wordpress\/ -->\n<title>Extracto Miel Atrapa Hombre | Seducci\u00f3n - Atracci\u00f3n - MINERALES LUNA LLENA<\/title>\n<meta name=\"robots\" content=\"index, follow, max-snippet:-1, max-image-preview:large, max-video-preview:-1\" \/>\n<link rel=\"canonical\" href=\"https:\/\/mineraleslunallena.com\/ca\/producte\/extracto-miel-atrapa-hombre-seduccion-atraccion\/\" \/>\n<meta property=\"og:locale\" content=\"ca_ES\" \/>\n<meta property=\"og:type\" content=\"article\" \/>\n<meta property=\"og:title\" content=\"Extracto Miel Atrapa Hombre | Seducci\u00f3n - Atracci\u00f3n - MINERALES LUNA LLENA\" \/>\n<meta property=\"og:description\" content=\"\u00bfEst\u00e1s buscando un poderoso elixir para capturar la atenci\u00f3n y el coraz\u00f3n de aquel que deseas? \u00a1Entonces te encantar\u00e1 nuestro nuevo y emocionante producto: el Extracto de Miel Atrapa Hombre!  Este exquisito elixir ha sido creado con una mezcla secreta de ingredientes m\u00e1gicos, incluida la dulce esencia de la miel, conocida por su capacidad para atraer y cautivar. Con solo unas gotas de este extracto, podr\u00e1s envolver a la persona deseada en una irresistible aura de atracci\u00f3n y deseo.  Imagina la sensaci\u00f3n de tener a esa persona especial totalmente cautivada por ti, incapaz de resistirse a tu encanto y magnetismo. Con el Extracto de Miel Atrapa Hombre, podr\u00e1s convertirte en el centro de su universo, haciendo que se sienta irresistiblemente atra\u00edda hacia ti en todo momento.  Ya no m\u00e1s juegos de seducci\u00f3n o estrategias complicadas. Con nuestro elixir, el amor y la pasi\u00f3n fluir\u00e1n de manera natural, creando un v\u00ednculo inquebrantable entre t\u00fa y tu ser amado.  No pierdas la oportunidad de experimentar el poder transformador del Extracto de Miel Atrapa Hombre.  Cantidad: 1 unidad. El precio es por una unidad. 20 ml.\" \/>\n<meta property=\"og:url\" content=\"https:\/\/mineraleslunallena.com\/ca\/producte\/extracto-miel-atrapa-hombre-seduccion-atraccion\/\" \/>\n<meta property=\"og:site_name\" content=\"MINERALES LUNA LLENA\" \/>\n<meta property=\"article:modified_time\" content=\"2025-12-06T14:06:28+00:00\" \/>\n<meta property=\"og:image\" content=\"https:\/\/mineraleslunallena.com\/wp-content\/uploads\/2024\/03\/extractosyperfumes-scaled.jpg\" \/>\n\t<meta property=\"og:image:width\" content=\"1920\" \/>\n\t<meta property=\"og:image:height\" content=\"2560\" \/>\n\t<meta property=\"og:image:type\" content=\"image\/jpeg\" \/>\n<meta name=\"twitter:card\" content=\"summary_large_image\" \/>\n<meta name=\"twitter:label1\" content=\"Temps estimat de lectura\" \/>\n\t<meta name=\"twitter:data1\" content=\"2 minuts\" \/>\n<script type=\"application\/ld+json\" class=\"yoast-schema-graph\">{\"@context\":\"https:\\\/\\\/schema.org\",\"@graph\":[{\"@type\":\"WebPage\",\"@id\":\"https:\\\/\\\/mineraleslunallena.com\\\/producto\\\/extracto-miel-atrapa-hombre-seduccion-atraccion\\\/\",\"url\":\"https:\\\/\\\/mineraleslunallena.com\\\/producto\\\/extracto-miel-atrapa-hombre-seduccion-atraccion\\\/\",\"name\":\"Extracto Miel Atrapa Hombre | Seducci\u00f3n - Atracci\u00f3n - MINERALES LUNA LLENA\",\"isPartOf\":{\"@id\":\"https:\\\/\\\/mineraleslunallena.com\\\/#website\"},\"primaryImageOfPage\":{\"@id\":\"https:\\\/\\\/mineraleslunallena.com\\\/producto\\\/extracto-miel-atrapa-hombre-seduccion-atraccion\\\/#primaryimage\"},\"image\":{\"@id\":\"https:\\\/\\\/mineraleslunallena.com\\\/producto\\\/extracto-miel-atrapa-hombre-seduccion-atraccion\\\/#primaryimage\"},\"thumbnailUrl\":\"https:\\\/\\\/mineraleslunallena.com\\\/wp-content\\\/uploads\\\/2024\\\/03\\\/extractosyperfumes-scaled.jpg\",\"datePublished\":\"2024-03-21T17:48:10+00:00\",\"dateModified\":\"2025-12-06T14:06:28+00:00\",\"breadcrumb\":{\"@id\":\"https:\\\/\\\/mineraleslunallena.com\\\/producto\\\/extracto-miel-atrapa-hombre-seduccion-atraccion\\\/#breadcrumb\"},\"inLanguage\":\"ca\",\"potentialAction\":[{\"@type\":\"ReadAction\",\"target\":[\"https:\\\/\\\/mineraleslunallena.com\\\/producto\\\/extracto-miel-atrapa-hombre-seduccion-atraccion\\\/\"]}]},{\"@type\":\"ImageObject\",\"inLanguage\":\"ca\",\"@id\":\"https:\\\/\\\/mineraleslunallena.com\\\/producto\\\/extracto-miel-atrapa-hombre-seduccion-atraccion\\\/#primaryimage\",\"url\":\"https:\\\/\\\/mineraleslunallena.com\\\/wp-content\\\/uploads\\\/2024\\\/03\\\/extractosyperfumes-scaled.jpg\",\"contentUrl\":\"https:\\\/\\\/mineraleslunallena.com\\\/wp-content\\\/uploads\\\/2024\\\/03\\\/extractosyperfumes-scaled.jpg\",\"width\":1920,\"height\":2560},{\"@type\":\"BreadcrumbList\",\"@id\":\"https:\\\/\\\/mineraleslunallena.com\\\/producto\\\/extracto-miel-atrapa-hombre-seduccion-atraccion\\\/#breadcrumb\",\"itemListElement\":[{\"@type\":\"ListItem\",\"position\":1,\"name\":\"Portada\",\"item\":\"https:\\\/\\\/mineraleslunallena.com\\\/\"},{\"@type\":\"ListItem\",\"position\":2,\"name\":\"Shop\",\"item\":\"https:\\\/\\\/mineraleslunallena.com\\\/ca\\\/shop\\\/\"},{\"@type\":\"ListItem\",\"position\":3,\"name\":\"Extracto Miel Atrapa Hombre | Seducci\u00f3n &#8211; Atracci\u00f3n\"}]},{\"@type\":\"WebSite\",\"@id\":\"https:\\\/\\\/mineraleslunallena.com\\\/#website\",\"url\":\"https:\\\/\\\/mineraleslunallena.com\\\/\",\"name\":\"LUNA LLENA MINERALES\",\"description\":\"Es el momento de conectarte con tu propio poder y confiar en tus habilidades.\",\"publisher\":{\"@id\":\"https:\\\/\\\/mineraleslunallena.com\\\/#organization\"},\"potentialAction\":[{\"@type\":\"SearchAction\",\"target\":{\"@type\":\"EntryPoint\",\"urlTemplate\":\"https:\\\/\\\/mineraleslunallena.com\\\/?s={search_term_string}\"},\"query-input\":{\"@type\":\"PropertyValueSpecification\",\"valueRequired\":true,\"valueName\":\"search_term_string\"}}],\"inLanguage\":\"ca\"},{\"@type\":\"Organization\",\"@id\":\"https:\\\/\\\/mineraleslunallena.com\\\/#organization\",\"name\":\"LUNA LLENA MINERALES\",\"url\":\"https:\\\/\\\/mineraleslunallena.com\\\/\",\"logo\":{\"@type\":\"ImageObject\",\"inLanguage\":\"ca\",\"@id\":\"https:\\\/\\\/mineraleslunallena.com\\\/#\\\/schema\\\/logo\\\/image\\\/\",\"url\":\"https:\\\/\\\/mineraleslunallena.com\\\/wp-content\\\/uploads\\\/2023\\\/07\\\/LUNA-LLENA-LOGO-nuevo.png\",\"contentUrl\":\"https:\\\/\\\/mineraleslunallena.com\\\/wp-content\\\/uploads\\\/2023\\\/07\\\/LUNA-LLENA-LOGO-nuevo.png\",\"width\":229,\"height\":167,\"caption\":\"LUNA LLENA MINERALES\"},\"image\":{\"@id\":\"https:\\\/\\\/mineraleslunallena.com\\\/#\\\/schema\\\/logo\\\/image\\\/\"}}]}<\/script>\n<!-- \/ Yoast SEO plugin. -->","yoast_head_json":{"title":"Extracto Miel Atrapa Hombre | Seducci\u00f3n - Atracci\u00f3n - MINERALES LUNA LLENA","robots":{"index":"index","follow":"follow","max-snippet":"max-snippet:-1","max-image-preview":"max-image-preview:large","max-video-preview":"max-video-preview:-1"},"canonical":"https:\/\/mineraleslunallena.com\/ca\/producte\/extracto-miel-atrapa-hombre-seduccion-atraccion\/","og_locale":"ca_ES","og_type":"article","og_title":"Extracto Miel Atrapa Hombre | Seducci\u00f3n - Atracci\u00f3n - MINERALES LUNA LLENA","og_description":"\u00bfEst\u00e1s buscando un poderoso elixir para capturar la atenci\u00f3n y el coraz\u00f3n de aquel que deseas? \u00a1Entonces te encantar\u00e1 nuestro nuevo y emocionante producto: el Extracto de Miel Atrapa Hombre!  Este exquisito elixir ha sido creado con una mezcla secreta de ingredientes m\u00e1gicos, incluida la dulce esencia de la miel, conocida por su capacidad para atraer y cautivar. Con solo unas gotas de este extracto, podr\u00e1s envolver a la persona deseada en una irresistible aura de atracci\u00f3n y deseo.  Imagina la sensaci\u00f3n de tener a esa persona especial totalmente cautivada por ti, incapaz de resistirse a tu encanto y magnetismo. Con el Extracto de Miel Atrapa Hombre, podr\u00e1s convertirte en el centro de su universo, haciendo que se sienta irresistiblemente atra\u00edda hacia ti en todo momento.  Ya no m\u00e1s juegos de seducci\u00f3n o estrategias complicadas. Con nuestro elixir, el amor y la pasi\u00f3n fluir\u00e1n de manera natural, creando un v\u00ednculo inquebrantable entre t\u00fa y tu ser amado.  No pierdas la oportunidad de experimentar el poder transformador del Extracto de Miel Atrapa Hombre.  Cantidad: 1 unidad. El precio es por una unidad. 20 ml.","og_url":"https:\/\/mineraleslunallena.com\/ca\/producte\/extracto-miel-atrapa-hombre-seduccion-atraccion\/","og_site_name":"MINERALES LUNA LLENA","article_modified_time":"2025-12-06T14:06:28+00:00","og_image":[{"width":1920,"height":2560,"url":"https:\/\/mineraleslunallena.com\/wp-content\/uploads\/2024\/03\/extractosyperfumes-scaled.jpg","type":"image\/jpeg"}],"twitter_card":"summary_large_image","twitter_misc":{"Temps estimat de lectura":"2 minuts"},"schema":{"@context":"https:\/\/schema.org","@graph":[{"@type":"WebPage","@id":"https:\/\/mineraleslunallena.com\/producto\/extracto-miel-atrapa-hombre-seduccion-atraccion\/","url":"https:\/\/mineraleslunallena.com\/producto\/extracto-miel-atrapa-hombre-seduccion-atraccion\/","name":"Extracto Miel Atrapa Hombre | Seducci\u00f3n - Atracci\u00f3n - MINERALES LUNA LLENA","isPartOf":{"@id":"https:\/\/mineraleslunallena.com\/#website"},"primaryImageOfPage":{"@id":"https:\/\/mineraleslunallena.com\/producto\/extracto-miel-atrapa-hombre-seduccion-atraccion\/#primaryimage"},"image":{"@id":"https:\/\/mineraleslunallena.com\/producto\/extracto-miel-atrapa-hombre-seduccion-atraccion\/#primaryimage"},"thumbnailUrl":"https:\/\/mineraleslunallena.com\/wp-content\/uploads\/2024\/03\/extractosyperfumes-scaled.jpg","datePublished":"2024-03-21T17:48:10+00:00","dateModified":"2025-12-06T14:06:28+00:00","breadcrumb":{"@id":"https:\/\/mineraleslunallena.com\/producto\/extracto-miel-atrapa-hombre-seduccion-atraccion\/#breadcrumb"},"inLanguage":"ca","potentialAction":[{"@type":"ReadAction","target":["https:\/\/mineraleslunallena.com\/producto\/extracto-miel-atrapa-hombre-seduccion-atraccion\/"]}]},{"@type":"ImageObject","inLanguage":"ca","@id":"https:\/\/mineraleslunallena.com\/producto\/extracto-miel-atrapa-hombre-seduccion-atraccion\/#primaryimage","url":"https:\/\/mineraleslunallena.com\/wp-content\/uploads\/2024\/03\/extractosyperfumes-scaled.jpg","contentUrl":"https:\/\/mineraleslunallena.com\/wp-content\/uploads\/2024\/03\/extractosyperfumes-scaled.jpg","width":1920,"height":2560},{"@type":"BreadcrumbList","@id":"https:\/\/mineraleslunallena.com\/producto\/extracto-miel-atrapa-hombre-seduccion-atraccion\/#breadcrumb","itemListElement":[{"@type":"ListItem","position":1,"name":"Portada","item":"https:\/\/mineraleslunallena.com\/"},{"@type":"ListItem","position":2,"name":"Shop","item":"https:\/\/mineraleslunallena.com\/ca\/shop\/"},{"@type":"ListItem","position":3,"name":"Extracto Miel Atrapa Hombre | Seducci\u00f3n &#8211; Atracci\u00f3n"}]},{"@type":"WebSite","@id":"https:\/\/mineraleslunallena.com\/#website","url":"https:\/\/mineraleslunallena.com\/","name":"LLUNA PLENA MINERALS","description":"\u00c9s el moment de connectar-te amb el teu poder i confiar en les teves habilitats.","publisher":{"@id":"https:\/\/mineraleslunallena.com\/#organization"},"potentialAction":[{"@type":"SearchAction","target":{"@type":"EntryPoint","urlTemplate":"https:\/\/mineraleslunallena.com\/?s={search_term_string}"},"query-input":{"@type":"PropertyValueSpecification","valueRequired":true,"valueName":"search_term_string"}}],"inLanguage":"ca"},{"@type":"Organization","@id":"https:\/\/mineraleslunallena.com\/#organization","name":"LLUNA PLENA MINERALS","url":"https:\/\/mineraleslunallena.com\/","logo":{"@type":"ImageObject","inLanguage":"ca","@id":"https:\/\/mineraleslunallena.com\/#\/schema\/logo\/image\/","url":"https:\/\/mineraleslunallena.com\/wp-content\/uploads\/2023\/07\/LUNA-LLENA-LOGO-nuevo.png","contentUrl":"https:\/\/mineraleslunallena.com\/wp-content\/uploads\/2023\/07\/LUNA-LLENA-LOGO-nuevo.png","width":229,"height":167,"caption":"LUNA LLENA MINERALES"},"image":{"@id":"https:\/\/mineraleslunallena.com\/#\/schema\/logo\/image\/"}}]}},"jetpack_sharing_enabled":true,"_links":{"self":[{"href":"https:\/\/mineraleslunallena.com\/ca\/wp-json\/wp\/v2\/product\/3610","targetHints":{"allow":["GET"]}}],"collection":[{"href":"https:\/\/mineraleslunallena.com\/ca\/wp-json\/wp\/v2\/product"}],"about":[{"href":"https:\/\/mineraleslunallena.com\/ca\/wp-json\/wp\/v2\/types\/product"}],"version-history":[{"count":1,"href":"https:\/\/mineraleslunallena.com\/ca\/wp-json\/wp\/v2\/product\/3610\/revisions"}],"predecessor-version":[{"id":3611,"href":"https:\/\/mineraleslunallena.com\/ca\/wp-json\/wp\/v2\/product\/3610\/revisions\/3611"}],"wp:featuredmedia":[{"embeddable":true,"href":"https:\/\/mineraleslunallena.com\/ca\/wp-json\/wp\/v2\/media\/3594"}],"wp:attachment":[{"href":"https:\/\/mineraleslunallena.com\/ca\/wp-json\/wp\/v2\/media?parent=3610"}],"wp:term":[{"taxonomy":"product_cat","embeddable":true,"href":"https:\/\/mineraleslunallena.com\/ca\/wp-json\/wp\/v2\/product_cat?post=3610"},{"taxonomy":"product_tag","embeddable":true,"href":"https:\/\/mineraleslunallena.com\/ca\/wp-json\/wp\/v2\/product_tag?post=3610"}],"curies":[{"name":"wp","href":"https:\/\/api.w.org\/{rel}","templated":true}]}}