{"id":3612,"date":"2024-03-21T18:58:10","date_gmt":"2024-03-21T17:58:10","guid":{"rendered":"https:\/\/mineraleslunallena.com\/?post_type=product&#038;p=3612"},"modified":"2025-12-12T13:32:56","modified_gmt":"2025-12-12T12:32:56","slug":"extracto-leche-de-mujer-amada-pasion-dominio","status":"publish","type":"product","link":"https:\/\/mineraleslunallena.com\/ca\/producte\/extracto-leche-de-mujer-amada-pasion-dominio\/","title":{"rendered":"Extracte Llet de Dona Estimada | Passi\u00f3 \u2013 Domini"},"content":{"rendered":"<p>\u00bfEst\u00e1s buscando desencadenar una pasi\u00f3n ardiente y una conexi\u00f3n profunda con tu ser amado? \u00a1Entonces nuestro nuevo y poderoso elixir, el Extracto de Leche de Mujer Amada, es la respuesta a tus deseos m\u00e1s profundos!<\/p>\n<p>Con solo unas gotas de nuestro Extracto de Leche de Mujer Amada, podr\u00e1s dominar el coraz\u00f3n y la mente de tu ser amado, envolvi\u00e9ndolos en un torbellino de pasi\u00f3n y deseo irresistible. Esta poderosa mezcla te permite atraer, dominar y encender la llama del amor y la sensualidad como nunca antes.<\/p>\n<p>Imagina la sensaci\u00f3n de tener a tu ser amado rendido a tus pies, deseando ansiosamente tu presencia y anhelando cada uno de tus toques. Con nuestro elixir, podr\u00e1s experimentar una conexi\u00f3n emocional y f\u00edsica incomparable, llevando tu relaci\u00f3n a nuevas alturas de intimidad y pasi\u00f3n.<\/p>\n<p>No pierdas la oportunidad de experimentar el poder transformador del Extracto de Leche de Mujer Amada. \u00a1Ord\u00e9nalo ahora y descubre el secreto para dominar el amor y la atracci\u00f3n sexual como nunca antes!<\/p>\n<p>Cantidad: 1 unidad. El precio es por una unidad. 20 ml.<\/p>","protected":false},"excerpt":{"rendered":"<p>\u00bfEst\u00e1s buscando desencadenar una pasi\u00f3n ardiente y una conexi\u00f3n profunda con tu ser amado? \u00a1Entonces nuestro nuevo y poderoso elixir, el Extracto de Leche de Mujer Amada, es la respuesta a tus deseos m\u00e1s profundos!<\/p>\n<p>Con solo unas gotas de nuestro Extracto de Leche de Mujer Amada, podr\u00e1s dominar el coraz\u00f3n y la mente de tu ser amado, envolvi\u00e9ndolos en un torbellino de pasi\u00f3n y deseo irresistible. Esta poderosa mezcla te permite atraer, dominar y encender la llama del amor y la sensualidad como nunca antes.<\/p>\n<p>Imagina la sensaci\u00f3n de tener a tu ser amado rendido a tus pies, deseando ansiosamente tu presencia y anhelando cada uno de tus toques. Con nuestro elixir, podr\u00e1s experimentar una conexi\u00f3n emocional y f\u00edsica incomparable, llevando tu relaci\u00f3n a nuevas alturas de intimidad y pasi\u00f3n.<\/p>\n<p>No pierdas la oportunidad de experimentar el poder transformador del Extracto de Leche de Mujer Amada. \u00a1Ord\u00e9nalo ahora y descubre el secreto para dominar el amor y la atracci\u00f3n sexual como nunca antes!<\/p>\n<p>Cantidad: 1 unidad. El precio es por una unidad. 20 ml.<\/p>","protected":false},"featured_media":3594,"template":"","meta":[],"product_cat":[115,98],"product_tag":[],"class_list":{"0":"post-3612","1":"product","2":"type-product","3":"status-publish","4":"has-post-thumbnail","6":"product_cat-aguas-y-colonias","7":"product_cat-incienso","9":"first","10":"outofstock","11":"sale","12":"taxable","13":"shipping-taxable","14":"purchasable","15":"product-type-simple"},"yoast_head":"<!-- This site is optimized with the Yoast SEO plugin v27.3 - https:\/\/yoast.com\/product\/yoast-seo-wordpress\/ -->\n<title>Extracto Leche de Mujer Amada | Pasi\u00f3n - Dominio - MINERALES LUNA LLENA<\/title>\n<meta name=\"robots\" content=\"index, follow, max-snippet:-1, max-image-preview:large, max-video-preview:-1\" \/>\n<link rel=\"canonical\" href=\"https:\/\/mineraleslunallena.com\/ca\/producte\/extracto-leche-de-mujer-amada-pasion-dominio\/\" \/>\n<meta property=\"og:locale\" content=\"ca_ES\" \/>\n<meta property=\"og:type\" content=\"article\" \/>\n<meta property=\"og:title\" content=\"Extracto Leche de Mujer Amada | Pasi\u00f3n - Dominio - MINERALES LUNA LLENA\" \/>\n<meta property=\"og:description\" content=\"\u00bfEst\u00e1s buscando desencadenar una pasi\u00f3n ardiente y una conexi\u00f3n profunda con tu ser amado? \u00a1Entonces nuestro nuevo y poderoso elixir, el Extracto de Leche de Mujer Amada, es la respuesta a tus deseos m\u00e1s profundos!  Con solo unas gotas de nuestro Extracto de Leche de Mujer Amada, podr\u00e1s dominar el coraz\u00f3n y la mente de tu ser amado, envolvi\u00e9ndolos en un torbellino de pasi\u00f3n y deseo irresistible. Esta poderosa mezcla te permite atraer, dominar y encender la llama del amor y la sensualidad como nunca antes.  Imagina la sensaci\u00f3n de tener a tu ser amado rendido a tus pies, deseando ansiosamente tu presencia y anhelando cada uno de tus toques. Con nuestro elixir, podr\u00e1s experimentar una conexi\u00f3n emocional y f\u00edsica incomparable, llevando tu relaci\u00f3n a nuevas alturas de intimidad y pasi\u00f3n.  No pierdas la oportunidad de experimentar el poder transformador del Extracto de Leche de Mujer Amada. \u00a1Ord\u00e9nalo ahora y descubre el secreto para dominar el amor y la atracci\u00f3n sexual como nunca antes!  Cantidad: 1 unidad. El precio es por una unidad. 20 ml.\" \/>\n<meta property=\"og:url\" content=\"https:\/\/mineraleslunallena.com\/ca\/producte\/extracto-leche-de-mujer-amada-pasion-dominio\/\" \/>\n<meta property=\"og:site_name\" content=\"MINERALES LUNA LLENA\" \/>\n<meta property=\"article:modified_time\" content=\"2025-12-12T12:32:56+00:00\" \/>\n<meta property=\"og:image\" content=\"https:\/\/mineraleslunallena.com\/wp-content\/uploads\/2024\/03\/extractosyperfumes-scaled.jpg\" \/>\n\t<meta property=\"og:image:width\" content=\"1920\" \/>\n\t<meta property=\"og:image:height\" content=\"2560\" \/>\n\t<meta property=\"og:image:type\" content=\"image\/jpeg\" \/>\n<meta name=\"twitter:card\" content=\"summary_large_image\" \/>\n<meta name=\"twitter:label1\" content=\"Temps estimat de lectura\" \/>\n\t<meta name=\"twitter:data1\" content=\"2 minuts\" \/>\n<script type=\"application\/ld+json\" class=\"yoast-schema-graph\">{\"@context\":\"https:\\\/\\\/schema.org\",\"@graph\":[{\"@type\":\"WebPage\",\"@id\":\"https:\\\/\\\/mineraleslunallena.com\\\/producto\\\/extracto-leche-de-mujer-amada-pasion-dominio\\\/\",\"url\":\"https:\\\/\\\/mineraleslunallena.com\\\/producto\\\/extracto-leche-de-mujer-amada-pasion-dominio\\\/\",\"name\":\"Extracto Leche de Mujer Amada | Pasi\u00f3n - Dominio - MINERALES LUNA LLENA\",\"isPartOf\":{\"@id\":\"https:\\\/\\\/mineraleslunallena.com\\\/#website\"},\"primaryImageOfPage\":{\"@id\":\"https:\\\/\\\/mineraleslunallena.com\\\/producto\\\/extracto-leche-de-mujer-amada-pasion-dominio\\\/#primaryimage\"},\"image\":{\"@id\":\"https:\\\/\\\/mineraleslunallena.com\\\/producto\\\/extracto-leche-de-mujer-amada-pasion-dominio\\\/#primaryimage\"},\"thumbnailUrl\":\"https:\\\/\\\/mineraleslunallena.com\\\/wp-content\\\/uploads\\\/2024\\\/03\\\/extractosyperfumes-scaled.jpg\",\"datePublished\":\"2024-03-21T17:58:10+00:00\",\"dateModified\":\"2025-12-12T12:32:56+00:00\",\"breadcrumb\":{\"@id\":\"https:\\\/\\\/mineraleslunallena.com\\\/producto\\\/extracto-leche-de-mujer-amada-pasion-dominio\\\/#breadcrumb\"},\"inLanguage\":\"ca\",\"potentialAction\":[{\"@type\":\"ReadAction\",\"target\":[\"https:\\\/\\\/mineraleslunallena.com\\\/producto\\\/extracto-leche-de-mujer-amada-pasion-dominio\\\/\"]}]},{\"@type\":\"ImageObject\",\"inLanguage\":\"ca\",\"@id\":\"https:\\\/\\\/mineraleslunallena.com\\\/producto\\\/extracto-leche-de-mujer-amada-pasion-dominio\\\/#primaryimage\",\"url\":\"https:\\\/\\\/mineraleslunallena.com\\\/wp-content\\\/uploads\\\/2024\\\/03\\\/extractosyperfumes-scaled.jpg\",\"contentUrl\":\"https:\\\/\\\/mineraleslunallena.com\\\/wp-content\\\/uploads\\\/2024\\\/03\\\/extractosyperfumes-scaled.jpg\",\"width\":1920,\"height\":2560},{\"@type\":\"BreadcrumbList\",\"@id\":\"https:\\\/\\\/mineraleslunallena.com\\\/producto\\\/extracto-leche-de-mujer-amada-pasion-dominio\\\/#breadcrumb\",\"itemListElement\":[{\"@type\":\"ListItem\",\"position\":1,\"name\":\"Portada\",\"item\":\"https:\\\/\\\/mineraleslunallena.com\\\/\"},{\"@type\":\"ListItem\",\"position\":2,\"name\":\"Shop\",\"item\":\"https:\\\/\\\/mineraleslunallena.com\\\/ca\\\/shop\\\/\"},{\"@type\":\"ListItem\",\"position\":3,\"name\":\"Extracto Leche de Mujer Amada | Pasi\u00f3n &#8211; Dominio\"}]},{\"@type\":\"WebSite\",\"@id\":\"https:\\\/\\\/mineraleslunallena.com\\\/#website\",\"url\":\"https:\\\/\\\/mineraleslunallena.com\\\/\",\"name\":\"LUNA LLENA MINERALES\",\"description\":\"Es el momento de conectarte con tu propio poder y confiar en tus habilidades.\",\"publisher\":{\"@id\":\"https:\\\/\\\/mineraleslunallena.com\\\/#organization\"},\"potentialAction\":[{\"@type\":\"SearchAction\",\"target\":{\"@type\":\"EntryPoint\",\"urlTemplate\":\"https:\\\/\\\/mineraleslunallena.com\\\/?s={search_term_string}\"},\"query-input\":{\"@type\":\"PropertyValueSpecification\",\"valueRequired\":true,\"valueName\":\"search_term_string\"}}],\"inLanguage\":\"ca\"},{\"@type\":\"Organization\",\"@id\":\"https:\\\/\\\/mineraleslunallena.com\\\/#organization\",\"name\":\"LUNA LLENA MINERALES\",\"url\":\"https:\\\/\\\/mineraleslunallena.com\\\/\",\"logo\":{\"@type\":\"ImageObject\",\"inLanguage\":\"ca\",\"@id\":\"https:\\\/\\\/mineraleslunallena.com\\\/#\\\/schema\\\/logo\\\/image\\\/\",\"url\":\"https:\\\/\\\/mineraleslunallena.com\\\/wp-content\\\/uploads\\\/2023\\\/07\\\/LUNA-LLENA-LOGO-nuevo.png\",\"contentUrl\":\"https:\\\/\\\/mineraleslunallena.com\\\/wp-content\\\/uploads\\\/2023\\\/07\\\/LUNA-LLENA-LOGO-nuevo.png\",\"width\":229,\"height\":167,\"caption\":\"LUNA LLENA MINERALES\"},\"image\":{\"@id\":\"https:\\\/\\\/mineraleslunallena.com\\\/#\\\/schema\\\/logo\\\/image\\\/\"}}]}<\/script>\n<!-- \/ Yoast SEO plugin. -->","yoast_head_json":{"title":"Extracto Leche de Mujer Amada | Pasi\u00f3n - Dominio - MINERALES LUNA LLENA","robots":{"index":"index","follow":"follow","max-snippet":"max-snippet:-1","max-image-preview":"max-image-preview:large","max-video-preview":"max-video-preview:-1"},"canonical":"https:\/\/mineraleslunallena.com\/ca\/producte\/extracto-leche-de-mujer-amada-pasion-dominio\/","og_locale":"ca_ES","og_type":"article","og_title":"Extracto Leche de Mujer Amada | Pasi\u00f3n - Dominio - MINERALES LUNA LLENA","og_description":"\u00bfEst\u00e1s buscando desencadenar una pasi\u00f3n ardiente y una conexi\u00f3n profunda con tu ser amado? \u00a1Entonces nuestro nuevo y poderoso elixir, el Extracto de Leche de Mujer Amada, es la respuesta a tus deseos m\u00e1s profundos!  Con solo unas gotas de nuestro Extracto de Leche de Mujer Amada, podr\u00e1s dominar el coraz\u00f3n y la mente de tu ser amado, envolvi\u00e9ndolos en un torbellino de pasi\u00f3n y deseo irresistible. Esta poderosa mezcla te permite atraer, dominar y encender la llama del amor y la sensualidad como nunca antes.  Imagina la sensaci\u00f3n de tener a tu ser amado rendido a tus pies, deseando ansiosamente tu presencia y anhelando cada uno de tus toques. Con nuestro elixir, podr\u00e1s experimentar una conexi\u00f3n emocional y f\u00edsica incomparable, llevando tu relaci\u00f3n a nuevas alturas de intimidad y pasi\u00f3n.  No pierdas la oportunidad de experimentar el poder transformador del Extracto de Leche de Mujer Amada. \u00a1Ord\u00e9nalo ahora y descubre el secreto para dominar el amor y la atracci\u00f3n sexual como nunca antes!  Cantidad: 1 unidad. El precio es por una unidad. 20 ml.","og_url":"https:\/\/mineraleslunallena.com\/ca\/producte\/extracto-leche-de-mujer-amada-pasion-dominio\/","og_site_name":"MINERALES LUNA LLENA","article_modified_time":"2025-12-12T12:32:56+00:00","og_image":[{"width":1920,"height":2560,"url":"https:\/\/mineraleslunallena.com\/wp-content\/uploads\/2024\/03\/extractosyperfumes-scaled.jpg","type":"image\/jpeg"}],"twitter_card":"summary_large_image","twitter_misc":{"Temps estimat de lectura":"2 minuts"},"schema":{"@context":"https:\/\/schema.org","@graph":[{"@type":"WebPage","@id":"https:\/\/mineraleslunallena.com\/producto\/extracto-leche-de-mujer-amada-pasion-dominio\/","url":"https:\/\/mineraleslunallena.com\/producto\/extracto-leche-de-mujer-amada-pasion-dominio\/","name":"Extracto Leche de Mujer Amada | Pasi\u00f3n - Dominio - MINERALES LUNA LLENA","isPartOf":{"@id":"https:\/\/mineraleslunallena.com\/#website"},"primaryImageOfPage":{"@id":"https:\/\/mineraleslunallena.com\/producto\/extracto-leche-de-mujer-amada-pasion-dominio\/#primaryimage"},"image":{"@id":"https:\/\/mineraleslunallena.com\/producto\/extracto-leche-de-mujer-amada-pasion-dominio\/#primaryimage"},"thumbnailUrl":"https:\/\/mineraleslunallena.com\/wp-content\/uploads\/2024\/03\/extractosyperfumes-scaled.jpg","datePublished":"2024-03-21T17:58:10+00:00","dateModified":"2025-12-12T12:32:56+00:00","breadcrumb":{"@id":"https:\/\/mineraleslunallena.com\/producto\/extracto-leche-de-mujer-amada-pasion-dominio\/#breadcrumb"},"inLanguage":"ca","potentialAction":[{"@type":"ReadAction","target":["https:\/\/mineraleslunallena.com\/producto\/extracto-leche-de-mujer-amada-pasion-dominio\/"]}]},{"@type":"ImageObject","inLanguage":"ca","@id":"https:\/\/mineraleslunallena.com\/producto\/extracto-leche-de-mujer-amada-pasion-dominio\/#primaryimage","url":"https:\/\/mineraleslunallena.com\/wp-content\/uploads\/2024\/03\/extractosyperfumes-scaled.jpg","contentUrl":"https:\/\/mineraleslunallena.com\/wp-content\/uploads\/2024\/03\/extractosyperfumes-scaled.jpg","width":1920,"height":2560},{"@type":"BreadcrumbList","@id":"https:\/\/mineraleslunallena.com\/producto\/extracto-leche-de-mujer-amada-pasion-dominio\/#breadcrumb","itemListElement":[{"@type":"ListItem","position":1,"name":"Portada","item":"https:\/\/mineraleslunallena.com\/"},{"@type":"ListItem","position":2,"name":"Shop","item":"https:\/\/mineraleslunallena.com\/ca\/shop\/"},{"@type":"ListItem","position":3,"name":"Extracto Leche de Mujer Amada | Pasi\u00f3n &#8211; Dominio"}]},{"@type":"WebSite","@id":"https:\/\/mineraleslunallena.com\/#website","url":"https:\/\/mineraleslunallena.com\/","name":"LLUNA PLENA MINERALS","description":"\u00c9s el moment de connectar-te amb el teu poder i confiar en les teves habilitats.","publisher":{"@id":"https:\/\/mineraleslunallena.com\/#organization"},"potentialAction":[{"@type":"SearchAction","target":{"@type":"EntryPoint","urlTemplate":"https:\/\/mineraleslunallena.com\/?s={search_term_string}"},"query-input":{"@type":"PropertyValueSpecification","valueRequired":true,"valueName":"search_term_string"}}],"inLanguage":"ca"},{"@type":"Organization","@id":"https:\/\/mineraleslunallena.com\/#organization","name":"LLUNA PLENA MINERALS","url":"https:\/\/mineraleslunallena.com\/","logo":{"@type":"ImageObject","inLanguage":"ca","@id":"https:\/\/mineraleslunallena.com\/#\/schema\/logo\/image\/","url":"https:\/\/mineraleslunallena.com\/wp-content\/uploads\/2023\/07\/LUNA-LLENA-LOGO-nuevo.png","contentUrl":"https:\/\/mineraleslunallena.com\/wp-content\/uploads\/2023\/07\/LUNA-LLENA-LOGO-nuevo.png","width":229,"height":167,"caption":"LUNA LLENA MINERALES"},"image":{"@id":"https:\/\/mineraleslunallena.com\/#\/schema\/logo\/image\/"}}]}},"jetpack_sharing_enabled":true,"_links":{"self":[{"href":"https:\/\/mineraleslunallena.com\/ca\/wp-json\/wp\/v2\/product\/3612","targetHints":{"allow":["GET"]}}],"collection":[{"href":"https:\/\/mineraleslunallena.com\/ca\/wp-json\/wp\/v2\/product"}],"about":[{"href":"https:\/\/mineraleslunallena.com\/ca\/wp-json\/wp\/v2\/types\/product"}],"version-history":[{"count":1,"href":"https:\/\/mineraleslunallena.com\/ca\/wp-json\/wp\/v2\/product\/3612\/revisions"}],"predecessor-version":[{"id":3613,"href":"https:\/\/mineraleslunallena.com\/ca\/wp-json\/wp\/v2\/product\/3612\/revisions\/3613"}],"wp:featuredmedia":[{"embeddable":true,"href":"https:\/\/mineraleslunallena.com\/ca\/wp-json\/wp\/v2\/media\/3594"}],"wp:attachment":[{"href":"https:\/\/mineraleslunallena.com\/ca\/wp-json\/wp\/v2\/media?parent=3612"}],"wp:term":[{"taxonomy":"product_cat","embeddable":true,"href":"https:\/\/mineraleslunallena.com\/ca\/wp-json\/wp\/v2\/product_cat?post=3612"},{"taxonomy":"product_tag","embeddable":true,"href":"https:\/\/mineraleslunallena.com\/ca\/wp-json\/wp\/v2\/product_tag?post=3612"}],"curies":[{"name":"wp","href":"https:\/\/api.w.org\/{rel}","templated":true}]}}