{"id":3748,"date":"2024-03-22T16:39:04","date_gmt":"2024-03-22T15:39:04","guid":{"rendered":"https:\/\/mineraleslunallena.com\/?post_type=product&#038;p=3748"},"modified":"2025-03-31T14:04:42","modified_gmt":"2025-03-31T12:04:42","slug":"vela-panal-de-miel-cono-11-y-22-de-cada-mes","status":"publish","type":"product","link":"https:\/\/mineraleslunallena.com\/ca\/producte\/vela-panal-de-miel-cono-11-y-22-de-cada-mes\/","title":{"rendered":"Vela Panal de Miel Cono &#8211; 11 y 22 de cada Mes"},"content":{"rendered":"<p>La Vela de Panal de Miel, un elemento esot\u00e9rico esencial para potenciar tus rituales. Cargada con la dulzura y la energ\u00eda del n\u00e9ctar de las abejas, esta vela es perfecta para trabajos de amor, prosperidad y atracci\u00f3n. Su aroma embriagador y su llama brillante te guiar\u00e1n hacia tus deseos m\u00e1s profundos. Adem\u00e1s, su importancia en las fechas poderosas del 11 y 22 N\u00fameros Maestros de cada mes potencia su efectividad. \u00a1Hazte con la tuya ahora y despierta el poder de la magia en tu vida!<\/p>\n<p>Quantitat: 1 Unitat. El preu \u00e9s per una unitat.<\/p>\n<p>Tama\u00f1o: 14 cent\u00edmetros aproximadamente.<\/p>","protected":false},"excerpt":{"rendered":"<p>La Vela de Panal de Miel, un elemento esot\u00e9rico esencial para potenciar tus rituales. Cargada con la dulzura y la energ\u00eda del n\u00e9ctar de las abejas, esta vela es perfecta para trabajos de amor, prosperidad y atracci\u00f3n. Su aroma embriagador y su llama brillante te guiar\u00e1n hacia tus deseos m\u00e1s profundos. Adem\u00e1s, su importancia en las fechas poderosas del 11 y 22 N\u00fameros Maestros de cada mes potencia su efectividad. \u00a1Hazte con la tuya ahora y despierta el poder de la magia en tu vida!<\/p>\n<p>Quantitat: 1 Unitat. El preu \u00e9s per una unitat.<\/p>\n<p>Tama\u00f1o: 14 cent\u00edmetros aproximadamente.<\/p>","protected":false},"featured_media":3749,"template":"","meta":[],"product_cat":[98,113],"product_tag":[],"class_list":{"0":"post-3748","1":"product","2":"type-product","3":"status-publish","4":"has-post-thumbnail","6":"product_cat-incienso","7":"product_cat-rituales-velas-y-velones","9":"first","10":"instock","11":"sale","12":"taxable","13":"shipping-taxable","14":"purchasable","15":"product-type-simple"},"yoast_head":"<!-- This site is optimized with the Yoast SEO plugin v27.3 - https:\/\/yoast.com\/product\/yoast-seo-wordpress\/ -->\n<title>Vela Panal de Miel Cono - 11 y 22 de cada Mes - MINERALES LUNA LLENA<\/title>\n<meta name=\"robots\" content=\"index, follow, max-snippet:-1, max-image-preview:large, max-video-preview:-1\" \/>\n<link rel=\"canonical\" href=\"https:\/\/mineraleslunallena.com\/ca\/producte\/vela-panal-de-miel-cono-11-y-22-de-cada-mes\/\" \/>\n<meta property=\"og:locale\" content=\"ca_ES\" \/>\n<meta property=\"og:type\" content=\"article\" \/>\n<meta property=\"og:title\" content=\"Vela Panal de Miel Cono - 11 y 22 de cada Mes - MINERALES LUNA LLENA\" \/>\n<meta property=\"og:description\" content=\"La Vela de Panal de Miel, un elemento esot\u00e9rico esencial para potenciar tus rituales. Cargada con la dulzura y la energ\u00eda del n\u00e9ctar de las abejas, esta vela es perfecta para trabajos de amor, prosperidad y atracci\u00f3n. Su aroma embriagador y su llama brillante te guiar\u00e1n hacia tus deseos m\u00e1s profundos. Adem\u00e1s, su importancia en las fechas poderosas del 11 y 22 N\u00fameros Maestros de cada mes potencia su efectividad. \u00a1Hazte con la tuya ahora y despierta el poder de la magia en tu vida!  Cantidad: 1 Unidad. El precio es por una unidad.  Tama\u00f1o: 14 cent\u00edmetros aproximadamente.\" \/>\n<meta property=\"og:url\" content=\"https:\/\/mineraleslunallena.com\/ca\/producte\/vela-panal-de-miel-cono-11-y-22-de-cada-mes\/\" \/>\n<meta property=\"og:site_name\" content=\"MINERALES LUNA LLENA\" \/>\n<meta property=\"article:modified_time\" content=\"2025-03-31T12:04:42+00:00\" \/>\n<meta property=\"og:image\" content=\"https:\/\/mineraleslunallena.com\/wp-content\/uploads\/2024\/03\/velaconomiel14cm1-scaled.jpg\" \/>\n\t<meta property=\"og:image:width\" content=\"1920\" \/>\n\t<meta property=\"og:image:height\" content=\"2560\" \/>\n\t<meta property=\"og:image:type\" content=\"image\/jpeg\" \/>\n<meta name=\"twitter:card\" content=\"summary_large_image\" \/>\n<meta name=\"twitter:label1\" content=\"Temps estimat de lectura\" \/>\n\t<meta name=\"twitter:data1\" content=\"1 minut\" \/>\n<script type=\"application\/ld+json\" class=\"yoast-schema-graph\">{\"@context\":\"https:\\\/\\\/schema.org\",\"@graph\":[{\"@type\":\"WebPage\",\"@id\":\"https:\\\/\\\/mineraleslunallena.com\\\/producto\\\/vela-panal-de-miel-cono-11-y-22-de-cada-mes\\\/\",\"url\":\"https:\\\/\\\/mineraleslunallena.com\\\/producto\\\/vela-panal-de-miel-cono-11-y-22-de-cada-mes\\\/\",\"name\":\"Vela Panal de Miel Cono - 11 y 22 de cada Mes - MINERALES LUNA LLENA\",\"isPartOf\":{\"@id\":\"https:\\\/\\\/mineraleslunallena.com\\\/#website\"},\"primaryImageOfPage\":{\"@id\":\"https:\\\/\\\/mineraleslunallena.com\\\/producto\\\/vela-panal-de-miel-cono-11-y-22-de-cada-mes\\\/#primaryimage\"},\"image\":{\"@id\":\"https:\\\/\\\/mineraleslunallena.com\\\/producto\\\/vela-panal-de-miel-cono-11-y-22-de-cada-mes\\\/#primaryimage\"},\"thumbnailUrl\":\"https:\\\/\\\/mineraleslunallena.com\\\/wp-content\\\/uploads\\\/2024\\\/03\\\/velaconomiel14cm1-scaled.jpg\",\"datePublished\":\"2024-03-22T15:39:04+00:00\",\"dateModified\":\"2025-03-31T12:04:42+00:00\",\"breadcrumb\":{\"@id\":\"https:\\\/\\\/mineraleslunallena.com\\\/producto\\\/vela-panal-de-miel-cono-11-y-22-de-cada-mes\\\/#breadcrumb\"},\"inLanguage\":\"ca\",\"potentialAction\":[{\"@type\":\"ReadAction\",\"target\":[\"https:\\\/\\\/mineraleslunallena.com\\\/producto\\\/vela-panal-de-miel-cono-11-y-22-de-cada-mes\\\/\"]}]},{\"@type\":\"ImageObject\",\"inLanguage\":\"ca\",\"@id\":\"https:\\\/\\\/mineraleslunallena.com\\\/producto\\\/vela-panal-de-miel-cono-11-y-22-de-cada-mes\\\/#primaryimage\",\"url\":\"https:\\\/\\\/mineraleslunallena.com\\\/wp-content\\\/uploads\\\/2024\\\/03\\\/velaconomiel14cm1-scaled.jpg\",\"contentUrl\":\"https:\\\/\\\/mineraleslunallena.com\\\/wp-content\\\/uploads\\\/2024\\\/03\\\/velaconomiel14cm1-scaled.jpg\",\"width\":1920,\"height\":2560},{\"@type\":\"BreadcrumbList\",\"@id\":\"https:\\\/\\\/mineraleslunallena.com\\\/producto\\\/vela-panal-de-miel-cono-11-y-22-de-cada-mes\\\/#breadcrumb\",\"itemListElement\":[{\"@type\":\"ListItem\",\"position\":1,\"name\":\"Portada\",\"item\":\"https:\\\/\\\/mineraleslunallena.com\\\/\"},{\"@type\":\"ListItem\",\"position\":2,\"name\":\"Shop\",\"item\":\"https:\\\/\\\/mineraleslunallena.com\\\/ca\\\/shop\\\/\"},{\"@type\":\"ListItem\",\"position\":3,\"name\":\"Vela Panal de Miel Cono &#8211; 11 y 22 de cada Mes\"}]},{\"@type\":\"WebSite\",\"@id\":\"https:\\\/\\\/mineraleslunallena.com\\\/#website\",\"url\":\"https:\\\/\\\/mineraleslunallena.com\\\/\",\"name\":\"LUNA LLENA MINERALES\",\"description\":\"Es el momento de conectarte con tu propio poder y confiar en tus habilidades.\",\"publisher\":{\"@id\":\"https:\\\/\\\/mineraleslunallena.com\\\/#organization\"},\"potentialAction\":[{\"@type\":\"SearchAction\",\"target\":{\"@type\":\"EntryPoint\",\"urlTemplate\":\"https:\\\/\\\/mineraleslunallena.com\\\/?s={search_term_string}\"},\"query-input\":{\"@type\":\"PropertyValueSpecification\",\"valueRequired\":true,\"valueName\":\"search_term_string\"}}],\"inLanguage\":\"ca\"},{\"@type\":\"Organization\",\"@id\":\"https:\\\/\\\/mineraleslunallena.com\\\/#organization\",\"name\":\"LUNA LLENA MINERALES\",\"url\":\"https:\\\/\\\/mineraleslunallena.com\\\/\",\"logo\":{\"@type\":\"ImageObject\",\"inLanguage\":\"ca\",\"@id\":\"https:\\\/\\\/mineraleslunallena.com\\\/#\\\/schema\\\/logo\\\/image\\\/\",\"url\":\"https:\\\/\\\/mineraleslunallena.com\\\/wp-content\\\/uploads\\\/2023\\\/07\\\/LUNA-LLENA-LOGO-nuevo.png\",\"contentUrl\":\"https:\\\/\\\/mineraleslunallena.com\\\/wp-content\\\/uploads\\\/2023\\\/07\\\/LUNA-LLENA-LOGO-nuevo.png\",\"width\":229,\"height\":167,\"caption\":\"LUNA LLENA MINERALES\"},\"image\":{\"@id\":\"https:\\\/\\\/mineraleslunallena.com\\\/#\\\/schema\\\/logo\\\/image\\\/\"}}]}<\/script>\n<!-- \/ Yoast SEO plugin. -->","yoast_head_json":{"title":"Vela Panal de Miel Cono - 11 y 22 de cada Mes - MINERALES LUNA LLENA","robots":{"index":"index","follow":"follow","max-snippet":"max-snippet:-1","max-image-preview":"max-image-preview:large","max-video-preview":"max-video-preview:-1"},"canonical":"https:\/\/mineraleslunallena.com\/ca\/producte\/vela-panal-de-miel-cono-11-y-22-de-cada-mes\/","og_locale":"ca_ES","og_type":"article","og_title":"Vela Panal de Miel Cono - 11 y 22 de cada Mes - MINERALES LUNA LLENA","og_description":"La Vela de Panal de Miel, un elemento esot\u00e9rico esencial para potenciar tus rituales. Cargada con la dulzura y la energ\u00eda del n\u00e9ctar de las abejas, esta vela es perfecta para trabajos de amor, prosperidad y atracci\u00f3n. Su aroma embriagador y su llama brillante te guiar\u00e1n hacia tus deseos m\u00e1s profundos. Adem\u00e1s, su importancia en las fechas poderosas del 11 y 22 N\u00fameros Maestros de cada mes potencia su efectividad. \u00a1Hazte con la tuya ahora y despierta el poder de la magia en tu vida!  Cantidad: 1 Unidad. El precio es por una unidad.  Tama\u00f1o: 14 cent\u00edmetros aproximadamente.","og_url":"https:\/\/mineraleslunallena.com\/ca\/producte\/vela-panal-de-miel-cono-11-y-22-de-cada-mes\/","og_site_name":"MINERALES LUNA LLENA","article_modified_time":"2025-03-31T12:04:42+00:00","og_image":[{"width":1920,"height":2560,"url":"https:\/\/mineraleslunallena.com\/wp-content\/uploads\/2024\/03\/velaconomiel14cm1-scaled.jpg","type":"image\/jpeg"}],"twitter_card":"summary_large_image","twitter_misc":{"Temps estimat de lectura":"1 minut"},"schema":{"@context":"https:\/\/schema.org","@graph":[{"@type":"WebPage","@id":"https:\/\/mineraleslunallena.com\/producto\/vela-panal-de-miel-cono-11-y-22-de-cada-mes\/","url":"https:\/\/mineraleslunallena.com\/producto\/vela-panal-de-miel-cono-11-y-22-de-cada-mes\/","name":"Vela Panal de Miel Cono - 11 y 22 de cada Mes - MINERALES LUNA LLENA","isPartOf":{"@id":"https:\/\/mineraleslunallena.com\/#website"},"primaryImageOfPage":{"@id":"https:\/\/mineraleslunallena.com\/producto\/vela-panal-de-miel-cono-11-y-22-de-cada-mes\/#primaryimage"},"image":{"@id":"https:\/\/mineraleslunallena.com\/producto\/vela-panal-de-miel-cono-11-y-22-de-cada-mes\/#primaryimage"},"thumbnailUrl":"https:\/\/mineraleslunallena.com\/wp-content\/uploads\/2024\/03\/velaconomiel14cm1-scaled.jpg","datePublished":"2024-03-22T15:39:04+00:00","dateModified":"2025-03-31T12:04:42+00:00","breadcrumb":{"@id":"https:\/\/mineraleslunallena.com\/producto\/vela-panal-de-miel-cono-11-y-22-de-cada-mes\/#breadcrumb"},"inLanguage":"ca","potentialAction":[{"@type":"ReadAction","target":["https:\/\/mineraleslunallena.com\/producto\/vela-panal-de-miel-cono-11-y-22-de-cada-mes\/"]}]},{"@type":"ImageObject","inLanguage":"ca","@id":"https:\/\/mineraleslunallena.com\/producto\/vela-panal-de-miel-cono-11-y-22-de-cada-mes\/#primaryimage","url":"https:\/\/mineraleslunallena.com\/wp-content\/uploads\/2024\/03\/velaconomiel14cm1-scaled.jpg","contentUrl":"https:\/\/mineraleslunallena.com\/wp-content\/uploads\/2024\/03\/velaconomiel14cm1-scaled.jpg","width":1920,"height":2560},{"@type":"BreadcrumbList","@id":"https:\/\/mineraleslunallena.com\/producto\/vela-panal-de-miel-cono-11-y-22-de-cada-mes\/#breadcrumb","itemListElement":[{"@type":"ListItem","position":1,"name":"Portada","item":"https:\/\/mineraleslunallena.com\/"},{"@type":"ListItem","position":2,"name":"Shop","item":"https:\/\/mineraleslunallena.com\/ca\/shop\/"},{"@type":"ListItem","position":3,"name":"Vela Panal de Miel Cono &#8211; 11 y 22 de cada Mes"}]},{"@type":"WebSite","@id":"https:\/\/mineraleslunallena.com\/#website","url":"https:\/\/mineraleslunallena.com\/","name":"LLUNA PLENA MINERALS","description":"\u00c9s el moment de connectar-te amb el teu poder i confiar en les teves habilitats.","publisher":{"@id":"https:\/\/mineraleslunallena.com\/#organization"},"potentialAction":[{"@type":"SearchAction","target":{"@type":"EntryPoint","urlTemplate":"https:\/\/mineraleslunallena.com\/?s={search_term_string}"},"query-input":{"@type":"PropertyValueSpecification","valueRequired":true,"valueName":"search_term_string"}}],"inLanguage":"ca"},{"@type":"Organization","@id":"https:\/\/mineraleslunallena.com\/#organization","name":"LLUNA PLENA MINERALS","url":"https:\/\/mineraleslunallena.com\/","logo":{"@type":"ImageObject","inLanguage":"ca","@id":"https:\/\/mineraleslunallena.com\/#\/schema\/logo\/image\/","url":"https:\/\/mineraleslunallena.com\/wp-content\/uploads\/2023\/07\/LUNA-LLENA-LOGO-nuevo.png","contentUrl":"https:\/\/mineraleslunallena.com\/wp-content\/uploads\/2023\/07\/LUNA-LLENA-LOGO-nuevo.png","width":229,"height":167,"caption":"LUNA LLENA MINERALES"},"image":{"@id":"https:\/\/mineraleslunallena.com\/#\/schema\/logo\/image\/"}}]}},"_links":{"self":[{"href":"https:\/\/mineraleslunallena.com\/ca\/wp-json\/wp\/v2\/product\/3748","targetHints":{"allow":["GET"]}}],"collection":[{"href":"https:\/\/mineraleslunallena.com\/ca\/wp-json\/wp\/v2\/product"}],"about":[{"href":"https:\/\/mineraleslunallena.com\/ca\/wp-json\/wp\/v2\/types\/product"}],"version-history":[{"count":1,"href":"https:\/\/mineraleslunallena.com\/ca\/wp-json\/wp\/v2\/product\/3748\/revisions"}],"predecessor-version":[{"id":3751,"href":"https:\/\/mineraleslunallena.com\/ca\/wp-json\/wp\/v2\/product\/3748\/revisions\/3751"}],"wp:featuredmedia":[{"embeddable":true,"href":"https:\/\/mineraleslunallena.com\/ca\/wp-json\/wp\/v2\/media\/3749"}],"wp:attachment":[{"href":"https:\/\/mineraleslunallena.com\/ca\/wp-json\/wp\/v2\/media?parent=3748"}],"wp:term":[{"taxonomy":"product_cat","embeddable":true,"href":"https:\/\/mineraleslunallena.com\/ca\/wp-json\/wp\/v2\/product_cat?post=3748"},{"taxonomy":"product_tag","embeddable":true,"href":"https:\/\/mineraleslunallena.com\/ca\/wp-json\/wp\/v2\/product_tag?post=3748"}],"curies":[{"name":"wp","href":"https:\/\/api.w.org\/{rel}","templated":true}]}}