{"id":3908,"date":"2024-03-25T22:17:01","date_gmt":"2024-03-25T21:17:01","guid":{"rendered":"https:\/\/mineraleslunallena.com\/?post_type=product&#038;p=3908"},"modified":"2024-05-09T19:43:18","modified_gmt":"2024-05-09T17:43:18","slug":"punta-generadora-rubi-con-zoisita-transformacion-crecimiento","status":"publish","type":"product","link":"https:\/\/mineraleslunallena.com\/ca\/producte\/punta-generadora-rubi-con-zoisita-transformacion-crecimiento\/","title":{"rendered":"Punta Generadora Rub\u00ed con Zoisita | Transformaci\u00f3n &#8211; Crecimiento"},"content":{"rendered":"<p>D\u00e9jame presentarte esta incre\u00edble Punta Generadora Rub\u00ed con Zoisita.<\/p>\n<p>Imagina tener en tus manos una combinaci\u00f3n \u00fanica de minerales que te brindar\u00e1 una experiencia espiritual verdaderamente excepcional. Sentir\u00e1s una conexi\u00f3n profunda con el amor y la vitalidad que te impulsar\u00e1 hacia adelante con pasi\u00f3n y determinaci\u00f3n en tus metas y sue\u00f1os.<\/p>\n<p>La energ\u00eda estimulante del Rub\u00ed se une a la calma y el equilibrio emocional proporcionados por la Zoisita, creando un ambiente de armon\u00eda y bienestar a tu alrededor.<\/p>\n<p>Te invito a explorar c\u00f3mo esta poderosa herramienta puede ayudarte a liberar bloqueos emocionales, sanar traumas del pasado y abrirte a nuevas posibilidades de crecimiento personal y espiritual.<\/p>\n<p>Convierte esta punta generadora en tu compa\u00f1era de viaje mientras te embarcas en un emocionante viaje de autodescubrimiento y transformaci\u00f3n. Sum\u00e9rgete en la magia y la belleza de esta combinaci\u00f3n \u00fanica de minerales, y descubre el poder de la sanaci\u00f3n y la renovaci\u00f3n en tu vida.<\/p>\n<p>Quantitat: 1 Unitat. El preu \u00e9s per una unitat.<\/p>\n<p>Tama\u00f1o: 9 cm x 2,5 cm aproximadamente.<\/p>\n<p>Forma: Punta Generadora.<\/p>","protected":false},"excerpt":{"rendered":"<p>D\u00e9jame presentarte esta incre\u00edble Punta Generadora Rub\u00ed con Zoisita.<\/p>\n<p>Imagina tener en tus manos una combinaci\u00f3n \u00fanica de minerales que te brindar\u00e1 una experiencia espiritual verdaderamente excepcional. Sentir\u00e1s una conexi\u00f3n profunda con el amor y la vitalidad que te impulsar\u00e1 hacia adelante con pasi\u00f3n y determinaci\u00f3n en tus metas y sue\u00f1os.<\/p>\n<p>La energ\u00eda estimulante del Rub\u00ed se une a la calma y el equilibrio emocional proporcionados por la Zoisita, creando un ambiente de armon\u00eda y bienestar a tu alrededor.<\/p>\n<p>Te invito a explorar c\u00f3mo esta poderosa herramienta puede ayudarte a liberar bloqueos emocionales, sanar traumas del pasado y abrirte a nuevas posibilidades de crecimiento personal y espiritual.<\/p>\n<p>Convierte esta punta generadora en tu compa\u00f1era de viaje mientras te embarcas en un emocionante viaje de autodescubrimiento y transformaci\u00f3n. Sum\u00e9rgete en la magia y la belleza de esta combinaci\u00f3n \u00fanica de minerales, y descubre el poder de la sanaci\u00f3n y la renovaci\u00f3n en tu vida.<\/p>\n<p>Quantitat: 1 Unitat. El preu \u00e9s per una unitat.<\/p>\n<p>Tama\u00f1o: 9 cm x 2,5 cm aproximadamente.<\/p>\n<p>Forma: Punta Generadora.<\/p>","protected":false},"featured_media":4306,"template":"","meta":[],"product_cat":[74,69],"product_tag":[],"class_list":{"0":"post-3908","1":"product","2":"type-product","3":"status-publish","4":"has-post-thumbnail","6":"product_cat-generadores-y-puntas","7":"product_cat-minerales","9":"first","10":"instock","11":"sale","12":"taxable","13":"shipping-taxable","14":"purchasable","15":"product-type-simple"},"yoast_head":"<!-- This site is optimized with the Yoast SEO plugin v27.3 - https:\/\/yoast.com\/product\/yoast-seo-wordpress\/ -->\n<title>Punta Generadora Rub\u00ed con Zoisita | Transformaci\u00f3n - Crecimiento - MINERALES LUNA LLENA<\/title>\n<meta name=\"robots\" content=\"index, follow, max-snippet:-1, max-image-preview:large, max-video-preview:-1\" \/>\n<link rel=\"canonical\" href=\"https:\/\/mineraleslunallena.com\/ca\/producte\/punta-generadora-rubi-con-zoisita-transformacion-crecimiento\/\" \/>\n<meta property=\"og:locale\" content=\"ca_ES\" \/>\n<meta property=\"og:type\" content=\"article\" \/>\n<meta property=\"og:title\" content=\"Punta Generadora Rub\u00ed con Zoisita | Transformaci\u00f3n - Crecimiento - MINERALES LUNA LLENA\" \/>\n<meta property=\"og:description\" content=\"D\u00e9jame presentarte esta incre\u00edble Punta Generadora Rub\u00ed con Zoisita.  Imagina tener en tus manos una combinaci\u00f3n \u00fanica de minerales que te brindar\u00e1 una experiencia espiritual verdaderamente excepcional. Sentir\u00e1s una conexi\u00f3n profunda con el amor y la vitalidad que te impulsar\u00e1 hacia adelante con pasi\u00f3n y determinaci\u00f3n en tus metas y sue\u00f1os.  La energ\u00eda estimulante del Rub\u00ed se une a la calma y el equilibrio emocional proporcionados por la Zoisita, creando un ambiente de armon\u00eda y bienestar a tu alrededor.  Te invito a explorar c\u00f3mo esta poderosa herramienta puede ayudarte a liberar bloqueos emocionales, sanar traumas del pasado y abrirte a nuevas posibilidades de crecimiento personal y espiritual.  Convierte esta punta generadora en tu compa\u00f1era de viaje mientras te embarcas en un emocionante viaje de autodescubrimiento y transformaci\u00f3n. Sum\u00e9rgete en la magia y la belleza de esta combinaci\u00f3n \u00fanica de minerales, y descubre el poder de la sanaci\u00f3n y la renovaci\u00f3n en tu vida.  Cantidad: 1 Unidad. El precio es por una unidad.  Tama\u00f1o: 9 cm x 2,5 cm aproximadamente.  Forma: Punta Generadora.\" \/>\n<meta property=\"og:url\" content=\"https:\/\/mineraleslunallena.com\/ca\/producte\/punta-generadora-rubi-con-zoisita-transformacion-crecimiento\/\" \/>\n<meta property=\"og:site_name\" content=\"MINERALES LUNA LLENA\" \/>\n<meta property=\"article:modified_time\" content=\"2024-05-09T17:43:18+00:00\" \/>\n<meta property=\"og:image\" content=\"https:\/\/mineraleslunallena.com\/wp-content\/uploads\/2024\/03\/punta-rubi-con-zosita-scaled.jpg\" \/>\n\t<meta property=\"og:image:width\" content=\"1920\" \/>\n\t<meta property=\"og:image:height\" content=\"2560\" \/>\n\t<meta property=\"og:image:type\" content=\"image\/jpeg\" \/>\n<meta name=\"twitter:card\" content=\"summary_large_image\" \/>\n<meta name=\"twitter:label1\" content=\"Temps estimat de lectura\" \/>\n\t<meta name=\"twitter:data1\" content=\"1 minut\" \/>\n<script type=\"application\/ld+json\" class=\"yoast-schema-graph\">{\"@context\":\"https:\\\/\\\/schema.org\",\"@graph\":[{\"@type\":\"WebPage\",\"@id\":\"https:\\\/\\\/mineraleslunallena.com\\\/producto\\\/punta-generadora-rubi-con-zoisita-transformacion-crecimiento\\\/\",\"url\":\"https:\\\/\\\/mineraleslunallena.com\\\/producto\\\/punta-generadora-rubi-con-zoisita-transformacion-crecimiento\\\/\",\"name\":\"Punta Generadora Rub\u00ed con Zoisita | Transformaci\u00f3n - Crecimiento - MINERALES LUNA LLENA\",\"isPartOf\":{\"@id\":\"https:\\\/\\\/mineraleslunallena.com\\\/#website\"},\"primaryImageOfPage\":{\"@id\":\"https:\\\/\\\/mineraleslunallena.com\\\/producto\\\/punta-generadora-rubi-con-zoisita-transformacion-crecimiento\\\/#primaryimage\"},\"image\":{\"@id\":\"https:\\\/\\\/mineraleslunallena.com\\\/producto\\\/punta-generadora-rubi-con-zoisita-transformacion-crecimiento\\\/#primaryimage\"},\"thumbnailUrl\":\"https:\\\/\\\/mineraleslunallena.com\\\/wp-content\\\/uploads\\\/2024\\\/03\\\/punta-rubi-con-zosita-scaled.jpg\",\"datePublished\":\"2024-03-25T21:17:01+00:00\",\"dateModified\":\"2024-05-09T17:43:18+00:00\",\"breadcrumb\":{\"@id\":\"https:\\\/\\\/mineraleslunallena.com\\\/producto\\\/punta-generadora-rubi-con-zoisita-transformacion-crecimiento\\\/#breadcrumb\"},\"inLanguage\":\"ca\",\"potentialAction\":[{\"@type\":\"ReadAction\",\"target\":[\"https:\\\/\\\/mineraleslunallena.com\\\/producto\\\/punta-generadora-rubi-con-zoisita-transformacion-crecimiento\\\/\"]}]},{\"@type\":\"ImageObject\",\"inLanguage\":\"ca\",\"@id\":\"https:\\\/\\\/mineraleslunallena.com\\\/producto\\\/punta-generadora-rubi-con-zoisita-transformacion-crecimiento\\\/#primaryimage\",\"url\":\"https:\\\/\\\/mineraleslunallena.com\\\/wp-content\\\/uploads\\\/2024\\\/03\\\/punta-rubi-con-zosita-scaled.jpg\",\"contentUrl\":\"https:\\\/\\\/mineraleslunallena.com\\\/wp-content\\\/uploads\\\/2024\\\/03\\\/punta-rubi-con-zosita-scaled.jpg\",\"width\":1920,\"height\":2560},{\"@type\":\"BreadcrumbList\",\"@id\":\"https:\\\/\\\/mineraleslunallena.com\\\/producto\\\/punta-generadora-rubi-con-zoisita-transformacion-crecimiento\\\/#breadcrumb\",\"itemListElement\":[{\"@type\":\"ListItem\",\"position\":1,\"name\":\"Portada\",\"item\":\"https:\\\/\\\/mineraleslunallena.com\\\/\"},{\"@type\":\"ListItem\",\"position\":2,\"name\":\"Shop\",\"item\":\"https:\\\/\\\/mineraleslunallena.com\\\/ca\\\/shop\\\/\"},{\"@type\":\"ListItem\",\"position\":3,\"name\":\"Punta Generadora Rub\u00ed con Zoisita | Transformaci\u00f3n &#8211; Crecimiento\"}]},{\"@type\":\"WebSite\",\"@id\":\"https:\\\/\\\/mineraleslunallena.com\\\/#website\",\"url\":\"https:\\\/\\\/mineraleslunallena.com\\\/\",\"name\":\"LUNA LLENA MINERALES\",\"description\":\"Es el momento de conectarte con tu propio poder y confiar en tus habilidades.\",\"publisher\":{\"@id\":\"https:\\\/\\\/mineraleslunallena.com\\\/#organization\"},\"potentialAction\":[{\"@type\":\"SearchAction\",\"target\":{\"@type\":\"EntryPoint\",\"urlTemplate\":\"https:\\\/\\\/mineraleslunallena.com\\\/?s={search_term_string}\"},\"query-input\":{\"@type\":\"PropertyValueSpecification\",\"valueRequired\":true,\"valueName\":\"search_term_string\"}}],\"inLanguage\":\"ca\"},{\"@type\":\"Organization\",\"@id\":\"https:\\\/\\\/mineraleslunallena.com\\\/#organization\",\"name\":\"LUNA LLENA MINERALES\",\"url\":\"https:\\\/\\\/mineraleslunallena.com\\\/\",\"logo\":{\"@type\":\"ImageObject\",\"inLanguage\":\"ca\",\"@id\":\"https:\\\/\\\/mineraleslunallena.com\\\/#\\\/schema\\\/logo\\\/image\\\/\",\"url\":\"https:\\\/\\\/mineraleslunallena.com\\\/wp-content\\\/uploads\\\/2023\\\/07\\\/LUNA-LLENA-LOGO-nuevo.png\",\"contentUrl\":\"https:\\\/\\\/mineraleslunallena.com\\\/wp-content\\\/uploads\\\/2023\\\/07\\\/LUNA-LLENA-LOGO-nuevo.png\",\"width\":229,\"height\":167,\"caption\":\"LUNA LLENA MINERALES\"},\"image\":{\"@id\":\"https:\\\/\\\/mineraleslunallena.com\\\/#\\\/schema\\\/logo\\\/image\\\/\"}}]}<\/script>\n<!-- \/ Yoast SEO plugin. -->","yoast_head_json":{"title":"Punta Generadora Rub\u00ed con Zoisita | Transformaci\u00f3n - Crecimiento - MINERALES LUNA LLENA","robots":{"index":"index","follow":"follow","max-snippet":"max-snippet:-1","max-image-preview":"max-image-preview:large","max-video-preview":"max-video-preview:-1"},"canonical":"https:\/\/mineraleslunallena.com\/ca\/producte\/punta-generadora-rubi-con-zoisita-transformacion-crecimiento\/","og_locale":"ca_ES","og_type":"article","og_title":"Punta Generadora Rub\u00ed con Zoisita | Transformaci\u00f3n - Crecimiento - MINERALES LUNA LLENA","og_description":"D\u00e9jame presentarte esta incre\u00edble Punta Generadora Rub\u00ed con Zoisita.  Imagina tener en tus manos una combinaci\u00f3n \u00fanica de minerales que te brindar\u00e1 una experiencia espiritual verdaderamente excepcional. Sentir\u00e1s una conexi\u00f3n profunda con el amor y la vitalidad que te impulsar\u00e1 hacia adelante con pasi\u00f3n y determinaci\u00f3n en tus metas y sue\u00f1os.  La energ\u00eda estimulante del Rub\u00ed se une a la calma y el equilibrio emocional proporcionados por la Zoisita, creando un ambiente de armon\u00eda y bienestar a tu alrededor.  Te invito a explorar c\u00f3mo esta poderosa herramienta puede ayudarte a liberar bloqueos emocionales, sanar traumas del pasado y abrirte a nuevas posibilidades de crecimiento personal y espiritual.  Convierte esta punta generadora en tu compa\u00f1era de viaje mientras te embarcas en un emocionante viaje de autodescubrimiento y transformaci\u00f3n. Sum\u00e9rgete en la magia y la belleza de esta combinaci\u00f3n \u00fanica de minerales, y descubre el poder de la sanaci\u00f3n y la renovaci\u00f3n en tu vida.  Cantidad: 1 Unidad. El precio es por una unidad.  Tama\u00f1o: 9 cm x 2,5 cm aproximadamente.  Forma: Punta Generadora.","og_url":"https:\/\/mineraleslunallena.com\/ca\/producte\/punta-generadora-rubi-con-zoisita-transformacion-crecimiento\/","og_site_name":"MINERALES LUNA LLENA","article_modified_time":"2024-05-09T17:43:18+00:00","og_image":[{"width":1920,"height":2560,"url":"https:\/\/mineraleslunallena.com\/wp-content\/uploads\/2024\/03\/punta-rubi-con-zosita-scaled.jpg","type":"image\/jpeg"}],"twitter_card":"summary_large_image","twitter_misc":{"Temps estimat de lectura":"1 minut"},"schema":{"@context":"https:\/\/schema.org","@graph":[{"@type":"WebPage","@id":"https:\/\/mineraleslunallena.com\/producto\/punta-generadora-rubi-con-zoisita-transformacion-crecimiento\/","url":"https:\/\/mineraleslunallena.com\/producto\/punta-generadora-rubi-con-zoisita-transformacion-crecimiento\/","name":"Punta Generadora Rub\u00ed con Zoisita | Transformaci\u00f3n - Crecimiento - MINERALES LUNA LLENA","isPartOf":{"@id":"https:\/\/mineraleslunallena.com\/#website"},"primaryImageOfPage":{"@id":"https:\/\/mineraleslunallena.com\/producto\/punta-generadora-rubi-con-zoisita-transformacion-crecimiento\/#primaryimage"},"image":{"@id":"https:\/\/mineraleslunallena.com\/producto\/punta-generadora-rubi-con-zoisita-transformacion-crecimiento\/#primaryimage"},"thumbnailUrl":"https:\/\/mineraleslunallena.com\/wp-content\/uploads\/2024\/03\/punta-rubi-con-zosita-scaled.jpg","datePublished":"2024-03-25T21:17:01+00:00","dateModified":"2024-05-09T17:43:18+00:00","breadcrumb":{"@id":"https:\/\/mineraleslunallena.com\/producto\/punta-generadora-rubi-con-zoisita-transformacion-crecimiento\/#breadcrumb"},"inLanguage":"ca","potentialAction":[{"@type":"ReadAction","target":["https:\/\/mineraleslunallena.com\/producto\/punta-generadora-rubi-con-zoisita-transformacion-crecimiento\/"]}]},{"@type":"ImageObject","inLanguage":"ca","@id":"https:\/\/mineraleslunallena.com\/producto\/punta-generadora-rubi-con-zoisita-transformacion-crecimiento\/#primaryimage","url":"https:\/\/mineraleslunallena.com\/wp-content\/uploads\/2024\/03\/punta-rubi-con-zosita-scaled.jpg","contentUrl":"https:\/\/mineraleslunallena.com\/wp-content\/uploads\/2024\/03\/punta-rubi-con-zosita-scaled.jpg","width":1920,"height":2560},{"@type":"BreadcrumbList","@id":"https:\/\/mineraleslunallena.com\/producto\/punta-generadora-rubi-con-zoisita-transformacion-crecimiento\/#breadcrumb","itemListElement":[{"@type":"ListItem","position":1,"name":"Portada","item":"https:\/\/mineraleslunallena.com\/"},{"@type":"ListItem","position":2,"name":"Shop","item":"https:\/\/mineraleslunallena.com\/ca\/shop\/"},{"@type":"ListItem","position":3,"name":"Punta Generadora Rub\u00ed con Zoisita | Transformaci\u00f3n &#8211; Crecimiento"}]},{"@type":"WebSite","@id":"https:\/\/mineraleslunallena.com\/#website","url":"https:\/\/mineraleslunallena.com\/","name":"LLUNA PLENA MINERALS","description":"\u00c9s el moment de connectar-te amb el teu poder i confiar en les teves habilitats.","publisher":{"@id":"https:\/\/mineraleslunallena.com\/#organization"},"potentialAction":[{"@type":"SearchAction","target":{"@type":"EntryPoint","urlTemplate":"https:\/\/mineraleslunallena.com\/?s={search_term_string}"},"query-input":{"@type":"PropertyValueSpecification","valueRequired":true,"valueName":"search_term_string"}}],"inLanguage":"ca"},{"@type":"Organization","@id":"https:\/\/mineraleslunallena.com\/#organization","name":"LLUNA PLENA MINERALS","url":"https:\/\/mineraleslunallena.com\/","logo":{"@type":"ImageObject","inLanguage":"ca","@id":"https:\/\/mineraleslunallena.com\/#\/schema\/logo\/image\/","url":"https:\/\/mineraleslunallena.com\/wp-content\/uploads\/2023\/07\/LUNA-LLENA-LOGO-nuevo.png","contentUrl":"https:\/\/mineraleslunallena.com\/wp-content\/uploads\/2023\/07\/LUNA-LLENA-LOGO-nuevo.png","width":229,"height":167,"caption":"LUNA LLENA MINERALES"},"image":{"@id":"https:\/\/mineraleslunallena.com\/#\/schema\/logo\/image\/"}}]}},"_links":{"self":[{"href":"https:\/\/mineraleslunallena.com\/ca\/wp-json\/wp\/v2\/product\/3908","targetHints":{"allow":["GET"]}}],"collection":[{"href":"https:\/\/mineraleslunallena.com\/ca\/wp-json\/wp\/v2\/product"}],"about":[{"href":"https:\/\/mineraleslunallena.com\/ca\/wp-json\/wp\/v2\/types\/product"}],"version-history":[{"count":1,"href":"https:\/\/mineraleslunallena.com\/ca\/wp-json\/wp\/v2\/product\/3908\/revisions"}],"predecessor-version":[{"id":3909,"href":"https:\/\/mineraleslunallena.com\/ca\/wp-json\/wp\/v2\/product\/3908\/revisions\/3909"}],"wp:featuredmedia":[{"embeddable":true,"href":"https:\/\/mineraleslunallena.com\/ca\/wp-json\/wp\/v2\/media\/4306"}],"wp:attachment":[{"href":"https:\/\/mineraleslunallena.com\/ca\/wp-json\/wp\/v2\/media?parent=3908"}],"wp:term":[{"taxonomy":"product_cat","embeddable":true,"href":"https:\/\/mineraleslunallena.com\/ca\/wp-json\/wp\/v2\/product_cat?post=3908"},{"taxonomy":"product_tag","embeddable":true,"href":"https:\/\/mineraleslunallena.com\/ca\/wp-json\/wp\/v2\/product_tag?post=3908"}],"curies":[{"name":"wp","href":"https:\/\/api.w.org\/{rel}","templated":true}]}}