{"id":4194,"date":"2024-04-28T18:42:19","date_gmt":"2024-04-28T16:42:19","guid":{"rendered":"https:\/\/mineraleslunallena.com\/?post_type=product&#038;p=4194"},"modified":"2024-04-28T18:42:19","modified_gmt":"2024-04-28T16:42:19","slug":"arbol-de-cuarzo-rosa-i-pirita-amor-incondicional-sanacion-emocional","status":"publish","type":"product","link":"https:\/\/mineraleslunallena.com\/ca\/producte\/arbol-de-cuarzo-rosa-i-pirita-amor-incondicional-sanacion-emocional\/","title":{"rendered":"\u00c1rbol De Cuarzo Rosa i Pirita | Amor incondicional \u2013 Sanaci\u00f3n emocional"},"content":{"rendered":"<div class=\"flex-1 overflow-hidden\">\n<div class=\"react-scroll-to-bottom--css-hijls-79elbk h-full\">\n<div class=\"react-scroll-to-bottom--css-hijls-1n7m0yu\">\n<div>\n<div class=\"flex flex-col text-sm pb-9\">\n<div class=\"w-full text-token-text-primary\" dir=\"auto\" data-testid=\"conversation-turn-5\">\n<div class=\"px-4 py-2 justify-center text-base md:gap-6 m-auto\">\n<div class=\"flex flex-1 text-base mx-auto gap-3 juice:gap-4 juice:md:gap-6 md:px-5 lg:px-1 xl:px-5 md:max-w-3xl lg:max-w-[40rem] xl:max-w-[48rem]\">\n<div class=\"relative flex w-full min-w-0 flex-col agent-turn\">\n<div class=\"flex-col gap-1 md:gap-3\">\n<div class=\"flex flex-grow flex-col max-w-full\">\n<div class=\"min-h-[20px] text-message flex flex-col items-start gap-3 whitespace-pre-wrap break-words [.text-message+&amp;]:mt-5 overflow-x-auto\" dir=\"auto\" data-message-author-role=\"assistant\" data-message-id=\"889ad7c3-5348-48f1-9613-363059ca8a29\">\n<div class=\"markdown prose w-full break-words dark:prose-invert light\">\n<p>El cuarzo rosa es una variedad de cuarzo conocida por su color rosa suave y sus propiedades amorosas y calmantes. La pirita, por otro lado, es un mineral de hierro conocido por su brillo dorado y su asociaci\u00f3n con la prosperidad y la abundancia.<\/p>\n<p>Juntos, forman un \u00e1rbol de cuarzo rosa con base de pirita, que equilibra el amor y la prosperidad en tu vida. Puedes usarlo como elemento decorativo en tu hogar u oficina para fomentar la armon\u00eda y la paz interior. El cuarzo rosa es conocido por su capacidad para promover el amor propio, la compasi\u00f3n y la sanaci\u00f3n emocional. Mientras tanto, la pirita es considerada un s\u00edmbolo de \u00e9xito y buena fortuna en los negocios. Este \u00e1rbol de cuarzo rosa con base de pirita es ideal para usar durante la meditaci\u00f3n o la pr\u00e1ctica de autocuidado para fortalecer el amor propio y atraer la prosperidad. En resumen, esta combinaci\u00f3n \u00fanica de minerales no solo embellece tu espacio, sino que tambi\u00e9n te brinda beneficios tanto espirituales como materiales.<\/p>\n<\/div>\n<\/div>\n<\/div>\n<div class=\"mt-1 flex gap-3 empty:hidden\">\n<div class=\"text-gray-400 flex self-end lg:self-center items-center justify-center lg:justify-start mt-0 -ml-1 h-7 gap-[2px] visible\">\n<div class=\"flex\">Cantidad: 1 Unidad. El precio es por unidad.<br \/>\nTama\u00f1o: De\u00a0 cent\u00edmetros aproximadamente.<br \/>\nForma: \u00c1rbol Mineral<\/div>\n<\/div>\n<\/div>\n<div class=\"pr-2 lg:pr-0\"><\/div>\n<\/div>\n<div class=\"absolute\">\n<div class=\"flex w-full gap-2 items-center justify-center\"><\/div>\n<\/div>\n<\/div>\n<\/div>\n<\/div>\n<\/div>\n<\/div>\n<\/div>\n<\/div>\n<\/div>\n<\/div>\n<div class=\"w-full pt-2 md:pt-0 dark:border-white\/20 md:border-transparent md:dark:border-transparent md:w-[calc(100%-.5rem)]\">\n<div class=\"relative flex h-full max-w-full flex-1 flex-col\">\n<div class=\"absolute bottom-full left-0 right-0\"><\/div>\n<div class=\"flex w-full items-center\"><\/div>\n<\/div>\n<\/div>\n","protected":false},"excerpt":{"rendered":"<div class=\"flex flex-grow flex-col max-w-full\">\n<div class=\"min-h-[20px] text-message flex flex-col items-start gap-3 whitespace-pre-wrap break-words [.text-message+&amp;]:mt-5 overflow-x-auto\" dir=\"auto\" data-message-author-role=\"assistant\" data-message-id=\"889ad7c3-5348-48f1-9613-363059ca8a29\">\n<div class=\"markdown prose w-full break-words dark:prose-invert light\">\n<p>El cuarzo rosa es una variedad de cuarzo conocida por su color rosa suave y sus propiedades amorosas y calmantes. La pirita, por otro lado, es un mineral de hierro conocido por su brillo dorado y su asociaci\u00f3n con la prosperidad y la abundancia.<\/p>\n<p>Juntos, forman un \u00e1rbol de cuarzo rosa con base de pirita, que equilibra el amor y la prosperidad en tu vida. Puedes usarlo como elemento decorativo en tu hogar u oficina para fomentar la armon\u00eda y la paz interior. El cuarzo rosa es conocido por su capacidad para promover el amor propio, la compasi\u00f3n y la sanaci\u00f3n emocional. Mientras tanto, la pirita es considerada un s\u00edmbolo de \u00e9xito y buena fortuna en los negocios. Este \u00e1rbol de cuarzo rosa con base de pirita es ideal para usar durante la meditaci\u00f3n o la pr\u00e1ctica de autocuidado para fortalecer el amor propio y atraer la prosperidad. En resumen, esta combinaci\u00f3n \u00fanica de minerales no solo embellece tu espacio, sino que tambi\u00e9n te brinda beneficios tanto espirituales como materiales.<\/p>\n<\/div>\n<\/div>\n<\/div>\n<div class=\"mt-1 flex gap-3 empty:hidden\">\n<div class=\"text-gray-400 flex self-end lg:self-center items-center justify-center lg:justify-start mt-0 -ml-1 h-7 gap-[2px] visible\">\n<div class=\"flex\">Cantidad: 1 Unidad. El precio es por unidad.<br \/>\nTama\u00f1o: De\u00a0 cent\u00edmetros aproximadamente.<br \/>\nForma: \u00c1rbol Mineral<\/div>\n<\/div>\n<\/div>\n","protected":false},"featured_media":0,"template":"","meta":[],"product_cat":[15],"product_tag":[],"class_list":{"0":"post-4194","1":"product","2":"type-product","3":"status-publish","5":"product_cat-uncategorized","7":"first","8":"instock","9":"taxable","10":"shipping-taxable","11":"purchasable","12":"product-type-simple"},"yoast_head":"<!-- This site is optimized with the Yoast SEO plugin v27.3 - https:\/\/yoast.com\/product\/yoast-seo-wordpress\/ -->\n<title>\u00c1rbol De Cuarzo Rosa i Pirita | Amor incondicional \u2013 Sanaci\u00f3n emocional - MINERALES LUNA LLENA<\/title>\n<meta name=\"robots\" content=\"index, follow, max-snippet:-1, max-image-preview:large, max-video-preview:-1\" \/>\n<link rel=\"canonical\" href=\"https:\/\/mineraleslunallena.com\/ca\/producte\/arbol-de-cuarzo-rosa-i-pirita-amor-incondicional-sanacion-emocional\/\" \/>\n<meta property=\"og:locale\" content=\"ca_ES\" \/>\n<meta property=\"og:type\" content=\"article\" \/>\n<meta property=\"og:title\" content=\"\u00c1rbol De Cuarzo Rosa i Pirita | Amor incondicional \u2013 Sanaci\u00f3n emocional - MINERALES LUNA LLENA\" \/>\n<meta property=\"og:description\" content=\"El cuarzo rosa es una variedad de cuarzo conocida por su color rosa suave y sus propiedades amorosas y calmantes. La pirita, por otro lado, es un mineral de hierro conocido por su brillo dorado y su asociaci\u00f3n con la prosperidad y la abundancia.  Juntos, forman un \u00e1rbol de cuarzo rosa con base de pirita, que equilibra el amor y la prosperidad en tu vida. Puedes usarlo como elemento decorativo en tu hogar u oficina para fomentar la armon\u00eda y la paz interior. El cuarzo rosa es conocido por su capacidad para promover el amor propio, la compasi\u00f3n y la sanaci\u00f3n emocional. Mientras tanto, la pirita es considerada un s\u00edmbolo de \u00e9xito y buena fortuna en los negocios. Este \u00e1rbol de cuarzo rosa con base de pirita es ideal para usar durante la meditaci\u00f3n o la pr\u00e1ctica de autocuidado para fortalecer el amor propio y atraer la prosperidad. En resumen, esta combinaci\u00f3n \u00fanica de minerales no solo embellece tu espacio, sino que tambi\u00e9n te brinda beneficios tanto espirituales como materiales.       Cantidad: 1 Unidad. El precio es por unidad. Tama\u00f1o: De\u00a0 cent\u00edmetros aproximadamente. Forma: \u00c1rbol Mineral\" \/>\n<meta property=\"og:url\" content=\"https:\/\/mineraleslunallena.com\/ca\/producte\/arbol-de-cuarzo-rosa-i-pirita-amor-incondicional-sanacion-emocional\/\" \/>\n<meta property=\"og:site_name\" content=\"MINERALES LUNA LLENA\" \/>\n<meta name=\"twitter:card\" content=\"summary_large_image\" \/>\n<meta name=\"twitter:label1\" content=\"Temps estimat de lectura\" \/>\n\t<meta name=\"twitter:data1\" content=\"1 minut\" \/>\n<script type=\"application\/ld+json\" class=\"yoast-schema-graph\">{\"@context\":\"https:\\\/\\\/schema.org\",\"@graph\":[{\"@type\":\"WebPage\",\"@id\":\"https:\\\/\\\/mineraleslunallena.com\\\/producto\\\/arbol-de-cuarzo-rosa-i-pirita-amor-incondicional-sanacion-emocional\\\/\",\"url\":\"https:\\\/\\\/mineraleslunallena.com\\\/producto\\\/arbol-de-cuarzo-rosa-i-pirita-amor-incondicional-sanacion-emocional\\\/\",\"name\":\"\u00c1rbol De Cuarzo Rosa i Pirita | Amor incondicional \u2013 Sanaci\u00f3n emocional - MINERALES LUNA LLENA\",\"isPartOf\":{\"@id\":\"https:\\\/\\\/mineraleslunallena.com\\\/#website\"},\"datePublished\":\"2024-04-28T16:42:19+00:00\",\"breadcrumb\":{\"@id\":\"https:\\\/\\\/mineraleslunallena.com\\\/producto\\\/arbol-de-cuarzo-rosa-i-pirita-amor-incondicional-sanacion-emocional\\\/#breadcrumb\"},\"inLanguage\":\"ca\",\"potentialAction\":[{\"@type\":\"ReadAction\",\"target\":[\"https:\\\/\\\/mineraleslunallena.com\\\/producto\\\/arbol-de-cuarzo-rosa-i-pirita-amor-incondicional-sanacion-emocional\\\/\"]}]},{\"@type\":\"BreadcrumbList\",\"@id\":\"https:\\\/\\\/mineraleslunallena.com\\\/producto\\\/arbol-de-cuarzo-rosa-i-pirita-amor-incondicional-sanacion-emocional\\\/#breadcrumb\",\"itemListElement\":[{\"@type\":\"ListItem\",\"position\":1,\"name\":\"Portada\",\"item\":\"https:\\\/\\\/mineraleslunallena.com\\\/\"},{\"@type\":\"ListItem\",\"position\":2,\"name\":\"Shop\",\"item\":\"https:\\\/\\\/mineraleslunallena.com\\\/ca\\\/shop\\\/\"},{\"@type\":\"ListItem\",\"position\":3,\"name\":\"\u00c1rbol De Cuarzo Rosa i Pirita | Amor incondicional \u2013 Sanaci\u00f3n emocional\"}]},{\"@type\":\"WebSite\",\"@id\":\"https:\\\/\\\/mineraleslunallena.com\\\/#website\",\"url\":\"https:\\\/\\\/mineraleslunallena.com\\\/\",\"name\":\"LUNA LLENA MINERALES\",\"description\":\"Es el momento de conectarte con tu propio poder y confiar en tus habilidades.\",\"publisher\":{\"@id\":\"https:\\\/\\\/mineraleslunallena.com\\\/#organization\"},\"potentialAction\":[{\"@type\":\"SearchAction\",\"target\":{\"@type\":\"EntryPoint\",\"urlTemplate\":\"https:\\\/\\\/mineraleslunallena.com\\\/?s={search_term_string}\"},\"query-input\":{\"@type\":\"PropertyValueSpecification\",\"valueRequired\":true,\"valueName\":\"search_term_string\"}}],\"inLanguage\":\"ca\"},{\"@type\":\"Organization\",\"@id\":\"https:\\\/\\\/mineraleslunallena.com\\\/#organization\",\"name\":\"LUNA LLENA MINERALES\",\"url\":\"https:\\\/\\\/mineraleslunallena.com\\\/\",\"logo\":{\"@type\":\"ImageObject\",\"inLanguage\":\"ca\",\"@id\":\"https:\\\/\\\/mineraleslunallena.com\\\/#\\\/schema\\\/logo\\\/image\\\/\",\"url\":\"https:\\\/\\\/mineraleslunallena.com\\\/wp-content\\\/uploads\\\/2023\\\/07\\\/LUNA-LLENA-LOGO-nuevo.png\",\"contentUrl\":\"https:\\\/\\\/mineraleslunallena.com\\\/wp-content\\\/uploads\\\/2023\\\/07\\\/LUNA-LLENA-LOGO-nuevo.png\",\"width\":229,\"height\":167,\"caption\":\"LUNA LLENA MINERALES\"},\"image\":{\"@id\":\"https:\\\/\\\/mineraleslunallena.com\\\/#\\\/schema\\\/logo\\\/image\\\/\"}}]}<\/script>\n<!-- \/ Yoast SEO plugin. -->","yoast_head_json":{"title":"\u00c1rbol De Cuarzo Rosa i Pirita | Amor incondicional \u2013 Sanaci\u00f3n emocional - MINERALES LUNA LLENA","robots":{"index":"index","follow":"follow","max-snippet":"max-snippet:-1","max-image-preview":"max-image-preview:large","max-video-preview":"max-video-preview:-1"},"canonical":"https:\/\/mineraleslunallena.com\/ca\/producte\/arbol-de-cuarzo-rosa-i-pirita-amor-incondicional-sanacion-emocional\/","og_locale":"ca_ES","og_type":"article","og_title":"\u00c1rbol De Cuarzo Rosa i Pirita | Amor incondicional \u2013 Sanaci\u00f3n emocional - MINERALES LUNA LLENA","og_description":"El cuarzo rosa es una variedad de cuarzo conocida por su color rosa suave y sus propiedades amorosas y calmantes. La pirita, por otro lado, es un mineral de hierro conocido por su brillo dorado y su asociaci\u00f3n con la prosperidad y la abundancia.  Juntos, forman un \u00e1rbol de cuarzo rosa con base de pirita, que equilibra el amor y la prosperidad en tu vida. Puedes usarlo como elemento decorativo en tu hogar u oficina para fomentar la armon\u00eda y la paz interior. El cuarzo rosa es conocido por su capacidad para promover el amor propio, la compasi\u00f3n y la sanaci\u00f3n emocional. Mientras tanto, la pirita es considerada un s\u00edmbolo de \u00e9xito y buena fortuna en los negocios. Este \u00e1rbol de cuarzo rosa con base de pirita es ideal para usar durante la meditaci\u00f3n o la pr\u00e1ctica de autocuidado para fortalecer el amor propio y atraer la prosperidad. En resumen, esta combinaci\u00f3n \u00fanica de minerales no solo embellece tu espacio, sino que tambi\u00e9n te brinda beneficios tanto espirituales como materiales.       Cantidad: 1 Unidad. El precio es por unidad. Tama\u00f1o: De\u00a0 cent\u00edmetros aproximadamente. Forma: \u00c1rbol Mineral","og_url":"https:\/\/mineraleslunallena.com\/ca\/producte\/arbol-de-cuarzo-rosa-i-pirita-amor-incondicional-sanacion-emocional\/","og_site_name":"MINERALES LUNA LLENA","twitter_card":"summary_large_image","twitter_misc":{"Temps estimat de lectura":"1 minut"},"schema":{"@context":"https:\/\/schema.org","@graph":[{"@type":"WebPage","@id":"https:\/\/mineraleslunallena.com\/producto\/arbol-de-cuarzo-rosa-i-pirita-amor-incondicional-sanacion-emocional\/","url":"https:\/\/mineraleslunallena.com\/producto\/arbol-de-cuarzo-rosa-i-pirita-amor-incondicional-sanacion-emocional\/","name":"\u00c1rbol De Cuarzo Rosa i Pirita | Amor incondicional \u2013 Sanaci\u00f3n emocional - MINERALES LUNA LLENA","isPartOf":{"@id":"https:\/\/mineraleslunallena.com\/#website"},"datePublished":"2024-04-28T16:42:19+00:00","breadcrumb":{"@id":"https:\/\/mineraleslunallena.com\/producto\/arbol-de-cuarzo-rosa-i-pirita-amor-incondicional-sanacion-emocional\/#breadcrumb"},"inLanguage":"ca","potentialAction":[{"@type":"ReadAction","target":["https:\/\/mineraleslunallena.com\/producto\/arbol-de-cuarzo-rosa-i-pirita-amor-incondicional-sanacion-emocional\/"]}]},{"@type":"BreadcrumbList","@id":"https:\/\/mineraleslunallena.com\/producto\/arbol-de-cuarzo-rosa-i-pirita-amor-incondicional-sanacion-emocional\/#breadcrumb","itemListElement":[{"@type":"ListItem","position":1,"name":"Portada","item":"https:\/\/mineraleslunallena.com\/"},{"@type":"ListItem","position":2,"name":"Shop","item":"https:\/\/mineraleslunallena.com\/ca\/shop\/"},{"@type":"ListItem","position":3,"name":"\u00c1rbol De Cuarzo Rosa i Pirita | Amor incondicional \u2013 Sanaci\u00f3n emocional"}]},{"@type":"WebSite","@id":"https:\/\/mineraleslunallena.com\/#website","url":"https:\/\/mineraleslunallena.com\/","name":"LLUNA PLENA MINERALS","description":"\u00c9s el moment de connectar-te amb el teu poder i confiar en les teves habilitats.","publisher":{"@id":"https:\/\/mineraleslunallena.com\/#organization"},"potentialAction":[{"@type":"SearchAction","target":{"@type":"EntryPoint","urlTemplate":"https:\/\/mineraleslunallena.com\/?s={search_term_string}"},"query-input":{"@type":"PropertyValueSpecification","valueRequired":true,"valueName":"search_term_string"}}],"inLanguage":"ca"},{"@type":"Organization","@id":"https:\/\/mineraleslunallena.com\/#organization","name":"LLUNA PLENA MINERALS","url":"https:\/\/mineraleslunallena.com\/","logo":{"@type":"ImageObject","inLanguage":"ca","@id":"https:\/\/mineraleslunallena.com\/#\/schema\/logo\/image\/","url":"https:\/\/mineraleslunallena.com\/wp-content\/uploads\/2023\/07\/LUNA-LLENA-LOGO-nuevo.png","contentUrl":"https:\/\/mineraleslunallena.com\/wp-content\/uploads\/2023\/07\/LUNA-LLENA-LOGO-nuevo.png","width":229,"height":167,"caption":"LUNA LLENA MINERALES"},"image":{"@id":"https:\/\/mineraleslunallena.com\/#\/schema\/logo\/image\/"}}]}},"_links":{"self":[{"href":"https:\/\/mineraleslunallena.com\/ca\/wp-json\/wp\/v2\/product\/4194","targetHints":{"allow":["GET"]}}],"collection":[{"href":"https:\/\/mineraleslunallena.com\/ca\/wp-json\/wp\/v2\/product"}],"about":[{"href":"https:\/\/mineraleslunallena.com\/ca\/wp-json\/wp\/v2\/types\/product"}],"version-history":[{"count":1,"href":"https:\/\/mineraleslunallena.com\/ca\/wp-json\/wp\/v2\/product\/4194\/revisions"}],"predecessor-version":[{"id":4195,"href":"https:\/\/mineraleslunallena.com\/ca\/wp-json\/wp\/v2\/product\/4194\/revisions\/4195"}],"wp:attachment":[{"href":"https:\/\/mineraleslunallena.com\/ca\/wp-json\/wp\/v2\/media?parent=4194"}],"wp:term":[{"taxonomy":"product_cat","embeddable":true,"href":"https:\/\/mineraleslunallena.com\/ca\/wp-json\/wp\/v2\/product_cat?post=4194"},{"taxonomy":"product_tag","embeddable":true,"href":"https:\/\/mineraleslunallena.com\/ca\/wp-json\/wp\/v2\/product_tag?post=4194"}],"curies":[{"name":"wp","href":"https:\/\/api.w.org\/{rel}","templated":true}]}}