{"id":4339,"date":"2024-05-09T21:22:51","date_gmt":"2024-05-09T19:22:51","guid":{"rendered":"https:\/\/mineraleslunallena.com\/?post_type=product&#038;p=4339"},"modified":"2025-05-08T13:04:16","modified_gmt":"2025-05-08T11:04:16","slug":"bombita-sagrada-madre-abre-caminos","status":"publish","type":"product","link":"https:\/\/mineraleslunallena.com\/ca\/producte\/bombita-sagrada-madre-abre-caminos\/","title":{"rendered":"Bombita Sagrada Madre | Abre Caminos"},"content":{"rendered":"<div class=\"product__modal-content-2\">\n<div><\/div>\n<div>\n<p>\u00a1Te presentamos las Bombitas de Defumaci\u00f3n de Sagrada Madre,\u00a0 <strong>Abre Caminos. <\/strong>Artesanales, dise\u00f1adas para quemar y perfumar tu espacio con una fragancia celestial. Estas bombitas son la clave para abrir caminos hacia nuevas oportunidades y experiencias positivas. Con ingredientes cuidadosamente seleccionados, cada bombita te envolver\u00e1 en una atm\u00f3sfera de protecci\u00f3n y claridad mental. Eleva tus rituales de limpieza y meditaci\u00f3n con esta poderosa herramienta espiritual. Descubre la magia de purificar tu hogar y tu mente.<\/p>\n<p>Cantidad: Pack de 4 unidades. El precio es por pack.<\/p>\n<p>Duraci\u00f3n: 6 minutos aproximadamente.<\/p>\n<\/div>\n<\/div>\n<div class=\"product__modal-des mb-30\">\n<p>&nbsp;<\/p>\n<\/div>","protected":false},"excerpt":{"rendered":"<p>\u00a1Te presentamos las Bombitas de Defumaci\u00f3n de Sagrada Madre,\u00a0 <strong>Abre Caminos. <\/strong>Artesanales, dise\u00f1adas para quemar y perfumar tu espacio con una fragancia celestial. Estas bombitas son la clave para abrir caminos hacia nuevas oportunidades y experiencias positivas. Con ingredientes cuidadosamente seleccionados, cada bombita te envolver\u00e1 en una atm\u00f3sfera de protecci\u00f3n y claridad mental. Eleva tus rituales de limpieza y meditaci\u00f3n con esta poderosa herramienta espiritual. Descubre la magia de purificar tu hogar y tu mente.<\/p>\n<p>Cantidad: Pack de 4 unidades. El precio es por pack.<\/p>\n<p>Duraci\u00f3n: 6 minutos aproximadamente.<\/p>","protected":false},"featured_media":5308,"template":"","meta":[],"product_cat":[98,99],"product_tag":[],"class_list":{"0":"post-4339","1":"product","2":"type-product","3":"status-publish","4":"has-post-thumbnail","6":"product_cat-incienso","7":"product_cat-sahumerios","9":"first","10":"instock","11":"sale","12":"taxable","13":"shipping-taxable","14":"purchasable","15":"product-type-simple"},"yoast_head":"<!-- This site is optimized with the Yoast SEO plugin v27.3 - https:\/\/yoast.com\/product\/yoast-seo-wordpress\/ -->\n<title>Bombita Sagrada Madre | Abre Caminos - MINERALES LUNA LLENA<\/title>\n<meta name=\"robots\" content=\"index, follow, max-snippet:-1, max-image-preview:large, max-video-preview:-1\" \/>\n<link rel=\"canonical\" href=\"https:\/\/mineraleslunallena.com\/ca\/producte\/bombita-sagrada-madre-abre-caminos\/\" \/>\n<meta property=\"og:locale\" content=\"ca_ES\" \/>\n<meta property=\"og:type\" content=\"article\" \/>\n<meta property=\"og:title\" content=\"Bombita Sagrada Madre | Abre Caminos - MINERALES LUNA LLENA\" \/>\n<meta property=\"og:description\" content=\"\u00a1Te presentamos las Bombitas de Defumaci\u00f3n de Sagrada Madre,\u00a0 Abre Caminos. Artesanales, dise\u00f1adas para quemar y perfumar tu espacio con una fragancia celestial. Estas bombitas son la clave para abrir caminos hacia nuevas oportunidades y experiencias positivas. Con ingredientes cuidadosamente seleccionados, cada bombita te envolver\u00e1 en una atm\u00f3sfera de protecci\u00f3n y claridad mental. Eleva tus rituales de limpieza y meditaci\u00f3n con esta poderosa herramienta espiritual. Descubre la magia de purificar tu hogar y tu mente.  Cantidad: Pack de 4 unidades. El precio es por pack.  Duraci\u00f3n: 6 minutos aproximadamente.\" \/>\n<meta property=\"og:url\" content=\"https:\/\/mineraleslunallena.com\/ca\/producte\/bombita-sagrada-madre-abre-caminos\/\" \/>\n<meta property=\"og:site_name\" content=\"MINERALES LUNA LLENA\" \/>\n<meta property=\"article:modified_time\" content=\"2025-05-08T11:04:16+00:00\" \/>\n<meta property=\"og:image\" content=\"https:\/\/mineraleslunallena.com\/wp-content\/uploads\/2024\/05\/bombitaabrecaminos-scaled.jpg\" \/>\n\t<meta property=\"og:image:width\" content=\"1153\" \/>\n\t<meta property=\"og:image:height\" content=\"2560\" \/>\n\t<meta property=\"og:image:type\" content=\"image\/jpeg\" \/>\n<meta name=\"twitter:card\" content=\"summary_large_image\" \/>\n<meta name=\"twitter:label1\" content=\"Temps estimat de lectura\" \/>\n\t<meta name=\"twitter:data1\" content=\"1 minut\" \/>\n<script type=\"application\/ld+json\" class=\"yoast-schema-graph\">{\"@context\":\"https:\\\/\\\/schema.org\",\"@graph\":[{\"@type\":\"WebPage\",\"@id\":\"https:\\\/\\\/mineraleslunallena.com\\\/producto\\\/bombita-sagrada-madre-abre-caminos\\\/\",\"url\":\"https:\\\/\\\/mineraleslunallena.com\\\/producto\\\/bombita-sagrada-madre-abre-caminos\\\/\",\"name\":\"Bombita Sagrada Madre | Abre Caminos - MINERALES LUNA LLENA\",\"isPartOf\":{\"@id\":\"https:\\\/\\\/mineraleslunallena.com\\\/#website\"},\"primaryImageOfPage\":{\"@id\":\"https:\\\/\\\/mineraleslunallena.com\\\/producto\\\/bombita-sagrada-madre-abre-caminos\\\/#primaryimage\"},\"image\":{\"@id\":\"https:\\\/\\\/mineraleslunallena.com\\\/producto\\\/bombita-sagrada-madre-abre-caminos\\\/#primaryimage\"},\"thumbnailUrl\":\"https:\\\/\\\/mineraleslunallena.com\\\/wp-content\\\/uploads\\\/2024\\\/05\\\/bombitaabrecaminos-scaled.jpg\",\"datePublished\":\"2024-05-09T19:22:51+00:00\",\"dateModified\":\"2025-05-08T11:04:16+00:00\",\"breadcrumb\":{\"@id\":\"https:\\\/\\\/mineraleslunallena.com\\\/producto\\\/bombita-sagrada-madre-abre-caminos\\\/#breadcrumb\"},\"inLanguage\":\"ca\",\"potentialAction\":[{\"@type\":\"ReadAction\",\"target\":[\"https:\\\/\\\/mineraleslunallena.com\\\/producto\\\/bombita-sagrada-madre-abre-caminos\\\/\"]}]},{\"@type\":\"ImageObject\",\"inLanguage\":\"ca\",\"@id\":\"https:\\\/\\\/mineraleslunallena.com\\\/producto\\\/bombita-sagrada-madre-abre-caminos\\\/#primaryimage\",\"url\":\"https:\\\/\\\/mineraleslunallena.com\\\/wp-content\\\/uploads\\\/2024\\\/05\\\/bombitaabrecaminos-scaled.jpg\",\"contentUrl\":\"https:\\\/\\\/mineraleslunallena.com\\\/wp-content\\\/uploads\\\/2024\\\/05\\\/bombitaabrecaminos-scaled.jpg\",\"width\":1153,\"height\":2560},{\"@type\":\"BreadcrumbList\",\"@id\":\"https:\\\/\\\/mineraleslunallena.com\\\/producto\\\/bombita-sagrada-madre-abre-caminos\\\/#breadcrumb\",\"itemListElement\":[{\"@type\":\"ListItem\",\"position\":1,\"name\":\"Portada\",\"item\":\"https:\\\/\\\/mineraleslunallena.com\\\/\"},{\"@type\":\"ListItem\",\"position\":2,\"name\":\"Shop\",\"item\":\"https:\\\/\\\/mineraleslunallena.com\\\/ca\\\/shop\\\/\"},{\"@type\":\"ListItem\",\"position\":3,\"name\":\"Bombita Sagrada Madre | Abre Caminos\"}]},{\"@type\":\"WebSite\",\"@id\":\"https:\\\/\\\/mineraleslunallena.com\\\/#website\",\"url\":\"https:\\\/\\\/mineraleslunallena.com\\\/\",\"name\":\"LUNA LLENA MINERALES\",\"description\":\"Es el momento de conectarte con tu propio poder y confiar en tus habilidades.\",\"publisher\":{\"@id\":\"https:\\\/\\\/mineraleslunallena.com\\\/#organization\"},\"potentialAction\":[{\"@type\":\"SearchAction\",\"target\":{\"@type\":\"EntryPoint\",\"urlTemplate\":\"https:\\\/\\\/mineraleslunallena.com\\\/?s={search_term_string}\"},\"query-input\":{\"@type\":\"PropertyValueSpecification\",\"valueRequired\":true,\"valueName\":\"search_term_string\"}}],\"inLanguage\":\"ca\"},{\"@type\":\"Organization\",\"@id\":\"https:\\\/\\\/mineraleslunallena.com\\\/#organization\",\"name\":\"LUNA LLENA MINERALES\",\"url\":\"https:\\\/\\\/mineraleslunallena.com\\\/\",\"logo\":{\"@type\":\"ImageObject\",\"inLanguage\":\"ca\",\"@id\":\"https:\\\/\\\/mineraleslunallena.com\\\/#\\\/schema\\\/logo\\\/image\\\/\",\"url\":\"https:\\\/\\\/mineraleslunallena.com\\\/wp-content\\\/uploads\\\/2023\\\/07\\\/LUNA-LLENA-LOGO-nuevo.png\",\"contentUrl\":\"https:\\\/\\\/mineraleslunallena.com\\\/wp-content\\\/uploads\\\/2023\\\/07\\\/LUNA-LLENA-LOGO-nuevo.png\",\"width\":229,\"height\":167,\"caption\":\"LUNA LLENA MINERALES\"},\"image\":{\"@id\":\"https:\\\/\\\/mineraleslunallena.com\\\/#\\\/schema\\\/logo\\\/image\\\/\"}}]}<\/script>\n<!-- \/ Yoast SEO plugin. -->","yoast_head_json":{"title":"Bombita Sagrada Madre | Abre Caminos - MINERALES LUNA LLENA","robots":{"index":"index","follow":"follow","max-snippet":"max-snippet:-1","max-image-preview":"max-image-preview:large","max-video-preview":"max-video-preview:-1"},"canonical":"https:\/\/mineraleslunallena.com\/ca\/producte\/bombita-sagrada-madre-abre-caminos\/","og_locale":"ca_ES","og_type":"article","og_title":"Bombita Sagrada Madre | Abre Caminos - MINERALES LUNA LLENA","og_description":"\u00a1Te presentamos las Bombitas de Defumaci\u00f3n de Sagrada Madre,\u00a0 Abre Caminos. Artesanales, dise\u00f1adas para quemar y perfumar tu espacio con una fragancia celestial. Estas bombitas son la clave para abrir caminos hacia nuevas oportunidades y experiencias positivas. Con ingredientes cuidadosamente seleccionados, cada bombita te envolver\u00e1 en una atm\u00f3sfera de protecci\u00f3n y claridad mental. Eleva tus rituales de limpieza y meditaci\u00f3n con esta poderosa herramienta espiritual. Descubre la magia de purificar tu hogar y tu mente.  Cantidad: Pack de 4 unidades. El precio es por pack.  Duraci\u00f3n: 6 minutos aproximadamente.","og_url":"https:\/\/mineraleslunallena.com\/ca\/producte\/bombita-sagrada-madre-abre-caminos\/","og_site_name":"MINERALES LUNA LLENA","article_modified_time":"2025-05-08T11:04:16+00:00","og_image":[{"width":1153,"height":2560,"url":"https:\/\/mineraleslunallena.com\/wp-content\/uploads\/2024\/05\/bombitaabrecaminos-scaled.jpg","type":"image\/jpeg"}],"twitter_card":"summary_large_image","twitter_misc":{"Temps estimat de lectura":"1 minut"},"schema":{"@context":"https:\/\/schema.org","@graph":[{"@type":"WebPage","@id":"https:\/\/mineraleslunallena.com\/producto\/bombita-sagrada-madre-abre-caminos\/","url":"https:\/\/mineraleslunallena.com\/producto\/bombita-sagrada-madre-abre-caminos\/","name":"Bombita Sagrada Madre | Abre Caminos - MINERALES LUNA LLENA","isPartOf":{"@id":"https:\/\/mineraleslunallena.com\/#website"},"primaryImageOfPage":{"@id":"https:\/\/mineraleslunallena.com\/producto\/bombita-sagrada-madre-abre-caminos\/#primaryimage"},"image":{"@id":"https:\/\/mineraleslunallena.com\/producto\/bombita-sagrada-madre-abre-caminos\/#primaryimage"},"thumbnailUrl":"https:\/\/mineraleslunallena.com\/wp-content\/uploads\/2024\/05\/bombitaabrecaminos-scaled.jpg","datePublished":"2024-05-09T19:22:51+00:00","dateModified":"2025-05-08T11:04:16+00:00","breadcrumb":{"@id":"https:\/\/mineraleslunallena.com\/producto\/bombita-sagrada-madre-abre-caminos\/#breadcrumb"},"inLanguage":"ca","potentialAction":[{"@type":"ReadAction","target":["https:\/\/mineraleslunallena.com\/producto\/bombita-sagrada-madre-abre-caminos\/"]}]},{"@type":"ImageObject","inLanguage":"ca","@id":"https:\/\/mineraleslunallena.com\/producto\/bombita-sagrada-madre-abre-caminos\/#primaryimage","url":"https:\/\/mineraleslunallena.com\/wp-content\/uploads\/2024\/05\/bombitaabrecaminos-scaled.jpg","contentUrl":"https:\/\/mineraleslunallena.com\/wp-content\/uploads\/2024\/05\/bombitaabrecaminos-scaled.jpg","width":1153,"height":2560},{"@type":"BreadcrumbList","@id":"https:\/\/mineraleslunallena.com\/producto\/bombita-sagrada-madre-abre-caminos\/#breadcrumb","itemListElement":[{"@type":"ListItem","position":1,"name":"Portada","item":"https:\/\/mineraleslunallena.com\/"},{"@type":"ListItem","position":2,"name":"Shop","item":"https:\/\/mineraleslunallena.com\/ca\/shop\/"},{"@type":"ListItem","position":3,"name":"Bombita Sagrada Madre | Abre Caminos"}]},{"@type":"WebSite","@id":"https:\/\/mineraleslunallena.com\/#website","url":"https:\/\/mineraleslunallena.com\/","name":"LLUNA PLENA MINERALS","description":"\u00c9s el moment de connectar-te amb el teu poder i confiar en les teves habilitats.","publisher":{"@id":"https:\/\/mineraleslunallena.com\/#organization"},"potentialAction":[{"@type":"SearchAction","target":{"@type":"EntryPoint","urlTemplate":"https:\/\/mineraleslunallena.com\/?s={search_term_string}"},"query-input":{"@type":"PropertyValueSpecification","valueRequired":true,"valueName":"search_term_string"}}],"inLanguage":"ca"},{"@type":"Organization","@id":"https:\/\/mineraleslunallena.com\/#organization","name":"LLUNA PLENA MINERALS","url":"https:\/\/mineraleslunallena.com\/","logo":{"@type":"ImageObject","inLanguage":"ca","@id":"https:\/\/mineraleslunallena.com\/#\/schema\/logo\/image\/","url":"https:\/\/mineraleslunallena.com\/wp-content\/uploads\/2023\/07\/LUNA-LLENA-LOGO-nuevo.png","contentUrl":"https:\/\/mineraleslunallena.com\/wp-content\/uploads\/2023\/07\/LUNA-LLENA-LOGO-nuevo.png","width":229,"height":167,"caption":"LUNA LLENA MINERALES"},"image":{"@id":"https:\/\/mineraleslunallena.com\/#\/schema\/logo\/image\/"}}]}},"_links":{"self":[{"href":"https:\/\/mineraleslunallena.com\/ca\/wp-json\/wp\/v2\/product\/4339","targetHints":{"allow":["GET"]}}],"collection":[{"href":"https:\/\/mineraleslunallena.com\/ca\/wp-json\/wp\/v2\/product"}],"about":[{"href":"https:\/\/mineraleslunallena.com\/ca\/wp-json\/wp\/v2\/types\/product"}],"version-history":[{"count":1,"href":"https:\/\/mineraleslunallena.com\/ca\/wp-json\/wp\/v2\/product\/4339\/revisions"}],"predecessor-version":[{"id":4340,"href":"https:\/\/mineraleslunallena.com\/ca\/wp-json\/wp\/v2\/product\/4339\/revisions\/4340"}],"wp:featuredmedia":[{"embeddable":true,"href":"https:\/\/mineraleslunallena.com\/ca\/wp-json\/wp\/v2\/media\/5308"}],"wp:attachment":[{"href":"https:\/\/mineraleslunallena.com\/ca\/wp-json\/wp\/v2\/media?parent=4339"}],"wp:term":[{"taxonomy":"product_cat","embeddable":true,"href":"https:\/\/mineraleslunallena.com\/ca\/wp-json\/wp\/v2\/product_cat?post=4339"},{"taxonomy":"product_tag","embeddable":true,"href":"https:\/\/mineraleslunallena.com\/ca\/wp-json\/wp\/v2\/product_tag?post=4339"}],"curies":[{"name":"wp","href":"https:\/\/api.w.org\/{rel}","templated":true}]}}