{"id":4507,"date":"2024-06-13T16:03:09","date_gmt":"2024-06-13T14:03:09","guid":{"rendered":"https:\/\/mineraleslunallena.com\/?post_type=product&#038;p=4507"},"modified":"2025-03-10T14:38:38","modified_gmt":"2025-03-10T13:38:38","slug":"amatista-extra-calama-situaciones-de-estres-5","status":"publish","type":"product","link":"https:\/\/mineraleslunallena.com\/ca\/producte\/amatista-extra-calama-situaciones-de-estres-5\/","title":{"rendered":"Drusa Amatista Extra | Calma &#8211; Situaciones De Estr\u00e9s"},"content":{"rendered":"<p>La Amatista es un mineral que Se utiliza com\u00fanmente en la joyer\u00eda y como piedra decorativa en el hogar. Ideal para momentos de meditaci\u00f3n y relajaci\u00f3n, ayuda a equilibrar la mente y el esp\u00edritu. Se recomienda su uso durante sesiones de yoga o meditaci\u00f3n para potenciar la concentraci\u00f3n. Espiritualmente, la amatista promueve la claridad mental y la conexi\u00f3n con el yo interior. Alivia el estr\u00e9s y combate el insomnio. Es ideal para quienes buscan una vida m\u00e1s equilibrada y arm\u00f3nica. La amatista puede ser un poderoso aliado para mejorar tu bienestar general y espiritual.<\/p>\n<p>&nbsp;<\/p>\n<p><b>Cantidad<\/b><span style=\"font-weight: 400\">: 1 Unidad. El precio es por una unidad.<\/span><\/p>\n<p><span style=\"font-weight: 400\"><b>Peso<\/b><\/span><span style=\"font-weight: 400\">: 1,975kg<\/span><\/p>\n<p><b>Forma<\/b><span style=\"font-weight: 400\">: Drusa\/Geoda<\/span><\/p>","protected":false},"excerpt":{"rendered":"<p>La amatista es un mineral que Se utiliza com\u00fanmente en la joyer\u00eda y como piedra decorativa en el hogar. Ideal para momentos de meditaci\u00f3n y relajaci\u00f3n, ayuda a equilibrar la mente y el esp\u00edritu. Se recomienda su uso durante sesiones de yoga o meditaci\u00f3n para potenciar la concentraci\u00f3n. Espiritualmente, la amatista promueve la claridad mental y la conexi\u00f3n con el yo interior. Alivia el estr\u00e9s y combate el insomnio. Es ideal para quienes buscan una vida m\u00e1s equilibrada y arm\u00f3nica. La amatista puede ser un poderoso aliado para mejorar tu bienestar general y espiritual.<\/p>\n<p>&nbsp;<\/p>\n<p><b>Cantidad<\/b><span style=\"font-weight: 400\">: 1 Unidad. El precio es por una unidad.<\/span><\/p>\n<p><span style=\"font-weight: 400\"><b>Peso<\/b><\/span><span style=\"font-weight: 400\">: Disponible el 30 de junio<\/span><\/p>\n<p><b>Forma<\/b><span style=\"font-weight: 400\">: Drusa\/Geoda<\/span><\/p>\n<p>&nbsp;<\/p>","protected":false},"featured_media":4508,"template":"","meta":[],"product_cat":[69,106],"product_tag":[],"class_list":{"0":"post-4507","1":"product","2":"type-product","3":"status-publish","4":"has-post-thumbnail","6":"product_cat-minerales","7":"product_cat-piezas-unicas","9":"first","10":"instock","11":"sale","12":"taxable","13":"shipping-taxable","14":"purchasable","15":"product-type-simple"},"yoast_head":"<!-- This site is optimized with the Yoast SEO plugin v27.3 - https:\/\/yoast.com\/product\/yoast-seo-wordpress\/ -->\n<title>Drusa Amatista Extra | Calma - Situaciones De Estr\u00e9s - MINERALES LUNA LLENA<\/title>\n<meta name=\"robots\" content=\"index, follow, max-snippet:-1, max-image-preview:large, max-video-preview:-1\" \/>\n<link rel=\"canonical\" href=\"https:\/\/mineraleslunallena.com\/ca\/producte\/amatista-extra-calama-situaciones-de-estres-5\/\" \/>\n<meta property=\"og:locale\" content=\"ca_ES\" \/>\n<meta property=\"og:type\" content=\"article\" \/>\n<meta property=\"og:title\" content=\"Drusa Amatista Extra | Calma - Situaciones De Estr\u00e9s - MINERALES LUNA LLENA\" \/>\n<meta property=\"og:description\" content=\"La amatista es un mineral que Se utiliza com\u00fanmente en la joyer\u00eda y como piedra decorativa en el hogar. Ideal para momentos de meditaci\u00f3n y relajaci\u00f3n, ayuda a equilibrar la mente y el esp\u00edritu. Se recomienda su uso durante sesiones de yoga o meditaci\u00f3n para potenciar la concentraci\u00f3n. Espiritualmente, la amatista promueve la claridad mental y la conexi\u00f3n con el yo interior. Alivia el estr\u00e9s y combate el insomnio. Es ideal para quienes buscan una vida m\u00e1s equilibrada y arm\u00f3nica. La amatista puede ser un poderoso aliado para mejorar tu bienestar general y espiritual.  &nbsp;  Cantidad: 1 Unidad. El precio es por una unidad.  Peso: Disponible el 30 de junio  Forma: Drusa\/Geoda  &nbsp;\" \/>\n<meta property=\"og:url\" content=\"https:\/\/mineraleslunallena.com\/ca\/producte\/amatista-extra-calama-situaciones-de-estres-5\/\" \/>\n<meta property=\"og:site_name\" content=\"MINERALES LUNA LLENA\" \/>\n<meta property=\"article:modified_time\" content=\"2025-03-10T13:38:38+00:00\" \/>\n<meta property=\"og:image\" content=\"https:\/\/mineraleslunallena.com\/wp-content\/uploads\/2024\/06\/IMG_20240531_105005-scaled.jpg\" \/>\n\t<meta property=\"og:image:width\" content=\"1920\" \/>\n\t<meta property=\"og:image:height\" content=\"2560\" \/>\n\t<meta property=\"og:image:type\" content=\"image\/jpeg\" \/>\n<meta name=\"twitter:card\" content=\"summary_large_image\" \/>\n<meta name=\"twitter:label1\" content=\"Temps estimat de lectura\" \/>\n\t<meta name=\"twitter:data1\" content=\"1 minut\" \/>\n<script type=\"application\/ld+json\" class=\"yoast-schema-graph\">{\"@context\":\"https:\\\/\\\/schema.org\",\"@graph\":[{\"@type\":\"WebPage\",\"@id\":\"https:\\\/\\\/mineraleslunallena.com\\\/producto\\\/amatista-extra-calama-situaciones-de-estres-5\\\/\",\"url\":\"https:\\\/\\\/mineraleslunallena.com\\\/producto\\\/amatista-extra-calama-situaciones-de-estres-5\\\/\",\"name\":\"Drusa Amatista Extra | Calma - Situaciones De Estr\u00e9s - MINERALES LUNA LLENA\",\"isPartOf\":{\"@id\":\"https:\\\/\\\/mineraleslunallena.com\\\/#website\"},\"primaryImageOfPage\":{\"@id\":\"https:\\\/\\\/mineraleslunallena.com\\\/producto\\\/amatista-extra-calama-situaciones-de-estres-5\\\/#primaryimage\"},\"image\":{\"@id\":\"https:\\\/\\\/mineraleslunallena.com\\\/producto\\\/amatista-extra-calama-situaciones-de-estres-5\\\/#primaryimage\"},\"thumbnailUrl\":\"https:\\\/\\\/mineraleslunallena.com\\\/wp-content\\\/uploads\\\/2024\\\/06\\\/IMG_20240531_105005-scaled.jpg\",\"datePublished\":\"2024-06-13T14:03:09+00:00\",\"dateModified\":\"2025-03-10T13:38:38+00:00\",\"breadcrumb\":{\"@id\":\"https:\\\/\\\/mineraleslunallena.com\\\/producto\\\/amatista-extra-calama-situaciones-de-estres-5\\\/#breadcrumb\"},\"inLanguage\":\"ca\",\"potentialAction\":[{\"@type\":\"ReadAction\",\"target\":[\"https:\\\/\\\/mineraleslunallena.com\\\/producto\\\/amatista-extra-calama-situaciones-de-estres-5\\\/\"]}]},{\"@type\":\"ImageObject\",\"inLanguage\":\"ca\",\"@id\":\"https:\\\/\\\/mineraleslunallena.com\\\/producto\\\/amatista-extra-calama-situaciones-de-estres-5\\\/#primaryimage\",\"url\":\"https:\\\/\\\/mineraleslunallena.com\\\/wp-content\\\/uploads\\\/2024\\\/06\\\/IMG_20240531_105005-scaled.jpg\",\"contentUrl\":\"https:\\\/\\\/mineraleslunallena.com\\\/wp-content\\\/uploads\\\/2024\\\/06\\\/IMG_20240531_105005-scaled.jpg\",\"width\":1920,\"height\":2560},{\"@type\":\"BreadcrumbList\",\"@id\":\"https:\\\/\\\/mineraleslunallena.com\\\/producto\\\/amatista-extra-calama-situaciones-de-estres-5\\\/#breadcrumb\",\"itemListElement\":[{\"@type\":\"ListItem\",\"position\":1,\"name\":\"Portada\",\"item\":\"https:\\\/\\\/mineraleslunallena.com\\\/\"},{\"@type\":\"ListItem\",\"position\":2,\"name\":\"Shop\",\"item\":\"https:\\\/\\\/mineraleslunallena.com\\\/ca\\\/shop\\\/\"},{\"@type\":\"ListItem\",\"position\":3,\"name\":\"Drusa Amatista Extra | Calma &#8211; Situaciones De Estr\u00e9s\"}]},{\"@type\":\"WebSite\",\"@id\":\"https:\\\/\\\/mineraleslunallena.com\\\/#website\",\"url\":\"https:\\\/\\\/mineraleslunallena.com\\\/\",\"name\":\"LUNA LLENA MINERALES\",\"description\":\"Es el momento de conectarte con tu propio poder y confiar en tus habilidades.\",\"publisher\":{\"@id\":\"https:\\\/\\\/mineraleslunallena.com\\\/#organization\"},\"potentialAction\":[{\"@type\":\"SearchAction\",\"target\":{\"@type\":\"EntryPoint\",\"urlTemplate\":\"https:\\\/\\\/mineraleslunallena.com\\\/?s={search_term_string}\"},\"query-input\":{\"@type\":\"PropertyValueSpecification\",\"valueRequired\":true,\"valueName\":\"search_term_string\"}}],\"inLanguage\":\"ca\"},{\"@type\":\"Organization\",\"@id\":\"https:\\\/\\\/mineraleslunallena.com\\\/#organization\",\"name\":\"LUNA LLENA MINERALES\",\"url\":\"https:\\\/\\\/mineraleslunallena.com\\\/\",\"logo\":{\"@type\":\"ImageObject\",\"inLanguage\":\"ca\",\"@id\":\"https:\\\/\\\/mineraleslunallena.com\\\/#\\\/schema\\\/logo\\\/image\\\/\",\"url\":\"https:\\\/\\\/mineraleslunallena.com\\\/wp-content\\\/uploads\\\/2023\\\/07\\\/LUNA-LLENA-LOGO-nuevo.png\",\"contentUrl\":\"https:\\\/\\\/mineraleslunallena.com\\\/wp-content\\\/uploads\\\/2023\\\/07\\\/LUNA-LLENA-LOGO-nuevo.png\",\"width\":229,\"height\":167,\"caption\":\"LUNA LLENA MINERALES\"},\"image\":{\"@id\":\"https:\\\/\\\/mineraleslunallena.com\\\/#\\\/schema\\\/logo\\\/image\\\/\"}}]}<\/script>\n<!-- \/ Yoast SEO plugin. -->","yoast_head_json":{"title":"Drusa Amatista Extra | Calma - Situaciones De Estr\u00e9s - MINERALES LUNA LLENA","robots":{"index":"index","follow":"follow","max-snippet":"max-snippet:-1","max-image-preview":"max-image-preview:large","max-video-preview":"max-video-preview:-1"},"canonical":"https:\/\/mineraleslunallena.com\/ca\/producte\/amatista-extra-calama-situaciones-de-estres-5\/","og_locale":"ca_ES","og_type":"article","og_title":"Drusa Amatista Extra | Calma - Situaciones De Estr\u00e9s - MINERALES LUNA LLENA","og_description":"La amatista es un mineral que Se utiliza com\u00fanmente en la joyer\u00eda y como piedra decorativa en el hogar. Ideal para momentos de meditaci\u00f3n y relajaci\u00f3n, ayuda a equilibrar la mente y el esp\u00edritu. Se recomienda su uso durante sesiones de yoga o meditaci\u00f3n para potenciar la concentraci\u00f3n. Espiritualmente, la amatista promueve la claridad mental y la conexi\u00f3n con el yo interior. Alivia el estr\u00e9s y combate el insomnio. Es ideal para quienes buscan una vida m\u00e1s equilibrada y arm\u00f3nica. La amatista puede ser un poderoso aliado para mejorar tu bienestar general y espiritual.  &nbsp;  Cantidad: 1 Unidad. El precio es por una unidad.  Peso: Disponible el 30 de junio  Forma: Drusa\/Geoda  &nbsp;","og_url":"https:\/\/mineraleslunallena.com\/ca\/producte\/amatista-extra-calama-situaciones-de-estres-5\/","og_site_name":"MINERALES LUNA LLENA","article_modified_time":"2025-03-10T13:38:38+00:00","og_image":[{"width":1920,"height":2560,"url":"https:\/\/mineraleslunallena.com\/wp-content\/uploads\/2024\/06\/IMG_20240531_105005-scaled.jpg","type":"image\/jpeg"}],"twitter_card":"summary_large_image","twitter_misc":{"Temps estimat de lectura":"1 minut"},"schema":{"@context":"https:\/\/schema.org","@graph":[{"@type":"WebPage","@id":"https:\/\/mineraleslunallena.com\/producto\/amatista-extra-calama-situaciones-de-estres-5\/","url":"https:\/\/mineraleslunallena.com\/producto\/amatista-extra-calama-situaciones-de-estres-5\/","name":"Drusa Amatista Extra | Calma - Situaciones De Estr\u00e9s - MINERALES LUNA LLENA","isPartOf":{"@id":"https:\/\/mineraleslunallena.com\/#website"},"primaryImageOfPage":{"@id":"https:\/\/mineraleslunallena.com\/producto\/amatista-extra-calama-situaciones-de-estres-5\/#primaryimage"},"image":{"@id":"https:\/\/mineraleslunallena.com\/producto\/amatista-extra-calama-situaciones-de-estres-5\/#primaryimage"},"thumbnailUrl":"https:\/\/mineraleslunallena.com\/wp-content\/uploads\/2024\/06\/IMG_20240531_105005-scaled.jpg","datePublished":"2024-06-13T14:03:09+00:00","dateModified":"2025-03-10T13:38:38+00:00","breadcrumb":{"@id":"https:\/\/mineraleslunallena.com\/producto\/amatista-extra-calama-situaciones-de-estres-5\/#breadcrumb"},"inLanguage":"ca","potentialAction":[{"@type":"ReadAction","target":["https:\/\/mineraleslunallena.com\/producto\/amatista-extra-calama-situaciones-de-estres-5\/"]}]},{"@type":"ImageObject","inLanguage":"ca","@id":"https:\/\/mineraleslunallena.com\/producto\/amatista-extra-calama-situaciones-de-estres-5\/#primaryimage","url":"https:\/\/mineraleslunallena.com\/wp-content\/uploads\/2024\/06\/IMG_20240531_105005-scaled.jpg","contentUrl":"https:\/\/mineraleslunallena.com\/wp-content\/uploads\/2024\/06\/IMG_20240531_105005-scaled.jpg","width":1920,"height":2560},{"@type":"BreadcrumbList","@id":"https:\/\/mineraleslunallena.com\/producto\/amatista-extra-calama-situaciones-de-estres-5\/#breadcrumb","itemListElement":[{"@type":"ListItem","position":1,"name":"Portada","item":"https:\/\/mineraleslunallena.com\/"},{"@type":"ListItem","position":2,"name":"Shop","item":"https:\/\/mineraleslunallena.com\/ca\/shop\/"},{"@type":"ListItem","position":3,"name":"Drusa Amatista Extra | Calma &#8211; Situaciones De Estr\u00e9s"}]},{"@type":"WebSite","@id":"https:\/\/mineraleslunallena.com\/#website","url":"https:\/\/mineraleslunallena.com\/","name":"LLUNA PLENA MINERALS","description":"\u00c9s el moment de connectar-te amb el teu poder i confiar en les teves habilitats.","publisher":{"@id":"https:\/\/mineraleslunallena.com\/#organization"},"potentialAction":[{"@type":"SearchAction","target":{"@type":"EntryPoint","urlTemplate":"https:\/\/mineraleslunallena.com\/?s={search_term_string}"},"query-input":{"@type":"PropertyValueSpecification","valueRequired":true,"valueName":"search_term_string"}}],"inLanguage":"ca"},{"@type":"Organization","@id":"https:\/\/mineraleslunallena.com\/#organization","name":"LLUNA PLENA MINERALS","url":"https:\/\/mineraleslunallena.com\/","logo":{"@type":"ImageObject","inLanguage":"ca","@id":"https:\/\/mineraleslunallena.com\/#\/schema\/logo\/image\/","url":"https:\/\/mineraleslunallena.com\/wp-content\/uploads\/2023\/07\/LUNA-LLENA-LOGO-nuevo.png","contentUrl":"https:\/\/mineraleslunallena.com\/wp-content\/uploads\/2023\/07\/LUNA-LLENA-LOGO-nuevo.png","width":229,"height":167,"caption":"LUNA LLENA MINERALES"},"image":{"@id":"https:\/\/mineraleslunallena.com\/#\/schema\/logo\/image\/"}}]}},"_links":{"self":[{"href":"https:\/\/mineraleslunallena.com\/ca\/wp-json\/wp\/v2\/product\/4507","targetHints":{"allow":["GET"]}}],"collection":[{"href":"https:\/\/mineraleslunallena.com\/ca\/wp-json\/wp\/v2\/product"}],"about":[{"href":"https:\/\/mineraleslunallena.com\/ca\/wp-json\/wp\/v2\/types\/product"}],"version-history":[{"count":4,"href":"https:\/\/mineraleslunallena.com\/ca\/wp-json\/wp\/v2\/product\/4507\/revisions"}],"predecessor-version":[{"id":6293,"href":"https:\/\/mineraleslunallena.com\/ca\/wp-json\/wp\/v2\/product\/4507\/revisions\/6293"}],"wp:featuredmedia":[{"embeddable":true,"href":"https:\/\/mineraleslunallena.com\/ca\/wp-json\/wp\/v2\/media\/4508"}],"wp:attachment":[{"href":"https:\/\/mineraleslunallena.com\/ca\/wp-json\/wp\/v2\/media?parent=4507"}],"wp:term":[{"taxonomy":"product_cat","embeddable":true,"href":"https:\/\/mineraleslunallena.com\/ca\/wp-json\/wp\/v2\/product_cat?post=4507"},{"taxonomy":"product_tag","embeddable":true,"href":"https:\/\/mineraleslunallena.com\/ca\/wp-json\/wp\/v2\/product_tag?post=4507"}],"curies":[{"name":"wp","href":"https:\/\/api.w.org\/{rel}","templated":true}]}}