{"id":4542,"date":"2024-09-01T23:48:37","date_gmt":"2024-09-01T21:48:37","guid":{"rendered":"https:\/\/mineraleslunallena.com\/?post_type=product&#038;p=4542"},"modified":"2025-01-28T00:05:20","modified_gmt":"2025-01-27T23:05:20","slug":"pulsera-de-7-nudos-roja","status":"publish","type":"product","link":"https:\/\/mineraleslunallena.com\/ca\/producte\/pulsera-de-7-nudos-roja\/","title":{"rendered":"Pulsera de 7 Nudos Roja | Protecci\u00f3n &#8211; Buena Suerte"},"content":{"rendered":"<p>La pulsera de 7 nudos roja es un poderoso amuleto de protecci\u00f3n espiritual. Se cree que cada uno de sus nudos representa una barrera contra las energ\u00edas negativas, ayudando a desviar la mala suerte y el mal de ojo. El color rojo simboliza fuerza, vitalidad y protecci\u00f3n, y al llevarla en la mu\u00f1eca izquierda, que es el lado receptor del cuerpo seg\u00fan la tradici\u00f3n cabal\u00edstica, se dice que refuerza el escudo energ\u00e9tico personal, atrayendo buena fortuna y bienestar. Es popular en diversas culturas como un talism\u00e1n para mantener alejadas las influencias negativas y atraer energ\u00edas positivas.<\/p>\n<p>Quantitat: 1 Unitat. El preu \u00e9s per una unitat.<\/p>\n<p>Forma: Pulsera.<\/p>","protected":false},"excerpt":{"rendered":"<p>La pulsera de 7 nudos roja es un poderoso amuleto de protecci\u00f3n espiritual. Se cree que cada uno de sus nudos representa una barrera contra las energ\u00edas negativas, ayudando a desviar la mala suerte y el mal de ojo. El color rojo simboliza fuerza, vitalidad y protecci\u00f3n, y al llevarla en la mu\u00f1eca izquierda, que es el lado receptor del cuerpo seg\u00fan la tradici\u00f3n cabal\u00edstica, se dice que refuerza el escudo energ\u00e9tico personal, atrayendo buena fortuna y bienestar. Es popular en diversas culturas como un talism\u00e1n para mantener alejadas las influencias negativas y atraer energ\u00edas positivas.<\/p>\n<p>Quantitat: 1 Unitat. El preu \u00e9s per una unitat.<\/p>\n<p>Forma: Pulsera.<\/p>","protected":false},"featured_media":4543,"template":"","meta":[],"product_cat":[128,98,78,102,15,118],"product_tag":[],"class_list":{"0":"post-4542","1":"product","2":"type-product","3":"status-publish","4":"has-post-thumbnail","6":"product_cat-feng-shui","7":"product_cat-incienso","8":"product_cat-pulseras","9":"product_cat-pulseras-bola","10":"product_cat-uncategorized","11":"product_cat-varios","13":"first","14":"instock","15":"sale","16":"taxable","17":"shipping-taxable","18":"purchasable","19":"product-type-simple"},"yoast_head":"<!-- This site is optimized with the Yoast SEO plugin v27.3 - https:\/\/yoast.com\/product\/yoast-seo-wordpress\/ -->\n<title>Pulsera de 7 Nudos Roja | Protecci\u00f3n - Buena Suerte - MINERALES LUNA LLENA<\/title>\n<meta name=\"robots\" content=\"index, follow, max-snippet:-1, max-image-preview:large, max-video-preview:-1\" \/>\n<link rel=\"canonical\" href=\"https:\/\/mineraleslunallena.com\/ca\/producte\/pulsera-de-7-nudos-roja\/\" \/>\n<meta property=\"og:locale\" content=\"ca_ES\" \/>\n<meta property=\"og:type\" content=\"article\" \/>\n<meta property=\"og:title\" content=\"Pulsera de 7 Nudos Roja | Protecci\u00f3n - Buena Suerte - MINERALES LUNA LLENA\" \/>\n<meta property=\"og:description\" content=\"La pulsera de 7 nudos roja es un poderoso amuleto de protecci\u00f3n espiritual. Se cree que cada uno de sus nudos representa una barrera contra las energ\u00edas negativas, ayudando a desviar la mala suerte y el mal de ojo. El color rojo simboliza fuerza, vitalidad y protecci\u00f3n, y al llevarla en la mu\u00f1eca izquierda, que es el lado receptor del cuerpo seg\u00fan la tradici\u00f3n cabal\u00edstica, se dice que refuerza el escudo energ\u00e9tico personal, atrayendo buena fortuna y bienestar. Es popular en diversas culturas como un talism\u00e1n para mantener alejadas las influencias negativas y atraer energ\u00edas positivas.  Cantidad: 1 Unidad. El precio es por una unidad.  Forma: Pulsera.\" \/>\n<meta property=\"og:url\" content=\"https:\/\/mineraleslunallena.com\/ca\/producte\/pulsera-de-7-nudos-roja\/\" \/>\n<meta property=\"og:site_name\" content=\"MINERALES LUNA LLENA\" \/>\n<meta property=\"article:modified_time\" content=\"2025-01-27T23:05:20+00:00\" \/>\n<meta property=\"og:image\" content=\"https:\/\/mineraleslunallena.com\/wp-content\/uploads\/2024\/09\/IMG_20240901_232903-scaled.jpg\" \/>\n\t<meta property=\"og:image:width\" content=\"1153\" \/>\n\t<meta property=\"og:image:height\" content=\"2560\" \/>\n\t<meta property=\"og:image:type\" content=\"image\/jpeg\" \/>\n<meta name=\"twitter:card\" content=\"summary_large_image\" \/>\n<meta name=\"twitter:label1\" content=\"Temps estimat de lectura\" \/>\n\t<meta name=\"twitter:data1\" content=\"1 minut\" \/>\n<script type=\"application\/ld+json\" class=\"yoast-schema-graph\">{\"@context\":\"https:\\\/\\\/schema.org\",\"@graph\":[{\"@type\":\"WebPage\",\"@id\":\"https:\\\/\\\/mineraleslunallena.com\\\/producto\\\/pulsera-de-7-nudos-roja\\\/\",\"url\":\"https:\\\/\\\/mineraleslunallena.com\\\/producto\\\/pulsera-de-7-nudos-roja\\\/\",\"name\":\"Pulsera de 7 Nudos Roja | Protecci\u00f3n - Buena Suerte - MINERALES LUNA LLENA\",\"isPartOf\":{\"@id\":\"https:\\\/\\\/mineraleslunallena.com\\\/#website\"},\"primaryImageOfPage\":{\"@id\":\"https:\\\/\\\/mineraleslunallena.com\\\/producto\\\/pulsera-de-7-nudos-roja\\\/#primaryimage\"},\"image\":{\"@id\":\"https:\\\/\\\/mineraleslunallena.com\\\/producto\\\/pulsera-de-7-nudos-roja\\\/#primaryimage\"},\"thumbnailUrl\":\"https:\\\/\\\/mineraleslunallena.com\\\/wp-content\\\/uploads\\\/2024\\\/09\\\/IMG_20240901_232903-scaled.jpg\",\"datePublished\":\"2024-09-01T21:48:37+00:00\",\"dateModified\":\"2025-01-27T23:05:20+00:00\",\"breadcrumb\":{\"@id\":\"https:\\\/\\\/mineraleslunallena.com\\\/producto\\\/pulsera-de-7-nudos-roja\\\/#breadcrumb\"},\"inLanguage\":\"ca\",\"potentialAction\":[{\"@type\":\"ReadAction\",\"target\":[\"https:\\\/\\\/mineraleslunallena.com\\\/producto\\\/pulsera-de-7-nudos-roja\\\/\"]}]},{\"@type\":\"ImageObject\",\"inLanguage\":\"ca\",\"@id\":\"https:\\\/\\\/mineraleslunallena.com\\\/producto\\\/pulsera-de-7-nudos-roja\\\/#primaryimage\",\"url\":\"https:\\\/\\\/mineraleslunallena.com\\\/wp-content\\\/uploads\\\/2024\\\/09\\\/IMG_20240901_232903-scaled.jpg\",\"contentUrl\":\"https:\\\/\\\/mineraleslunallena.com\\\/wp-content\\\/uploads\\\/2024\\\/09\\\/IMG_20240901_232903-scaled.jpg\",\"width\":1153,\"height\":2560},{\"@type\":\"BreadcrumbList\",\"@id\":\"https:\\\/\\\/mineraleslunallena.com\\\/producto\\\/pulsera-de-7-nudos-roja\\\/#breadcrumb\",\"itemListElement\":[{\"@type\":\"ListItem\",\"position\":1,\"name\":\"Portada\",\"item\":\"https:\\\/\\\/mineraleslunallena.com\\\/\"},{\"@type\":\"ListItem\",\"position\":2,\"name\":\"Shop\",\"item\":\"https:\\\/\\\/mineraleslunallena.com\\\/ca\\\/shop\\\/\"},{\"@type\":\"ListItem\",\"position\":3,\"name\":\"Pulsera de 7 Nudos Roja | Protecci\u00f3n &#8211; Buena Suerte\"}]},{\"@type\":\"WebSite\",\"@id\":\"https:\\\/\\\/mineraleslunallena.com\\\/#website\",\"url\":\"https:\\\/\\\/mineraleslunallena.com\\\/\",\"name\":\"LUNA LLENA MINERALES\",\"description\":\"Es el momento de conectarte con tu propio poder y confiar en tus habilidades.\",\"publisher\":{\"@id\":\"https:\\\/\\\/mineraleslunallena.com\\\/#organization\"},\"potentialAction\":[{\"@type\":\"SearchAction\",\"target\":{\"@type\":\"EntryPoint\",\"urlTemplate\":\"https:\\\/\\\/mineraleslunallena.com\\\/?s={search_term_string}\"},\"query-input\":{\"@type\":\"PropertyValueSpecification\",\"valueRequired\":true,\"valueName\":\"search_term_string\"}}],\"inLanguage\":\"ca\"},{\"@type\":\"Organization\",\"@id\":\"https:\\\/\\\/mineraleslunallena.com\\\/#organization\",\"name\":\"LUNA LLENA MINERALES\",\"url\":\"https:\\\/\\\/mineraleslunallena.com\\\/\",\"logo\":{\"@type\":\"ImageObject\",\"inLanguage\":\"ca\",\"@id\":\"https:\\\/\\\/mineraleslunallena.com\\\/#\\\/schema\\\/logo\\\/image\\\/\",\"url\":\"https:\\\/\\\/mineraleslunallena.com\\\/wp-content\\\/uploads\\\/2023\\\/07\\\/LUNA-LLENA-LOGO-nuevo.png\",\"contentUrl\":\"https:\\\/\\\/mineraleslunallena.com\\\/wp-content\\\/uploads\\\/2023\\\/07\\\/LUNA-LLENA-LOGO-nuevo.png\",\"width\":229,\"height\":167,\"caption\":\"LUNA LLENA MINERALES\"},\"image\":{\"@id\":\"https:\\\/\\\/mineraleslunallena.com\\\/#\\\/schema\\\/logo\\\/image\\\/\"}}]}<\/script>\n<!-- \/ Yoast SEO plugin. -->","yoast_head_json":{"title":"Pulsera de 7 Nudos Roja | Protecci\u00f3n - Buena Suerte - MINERALES LUNA LLENA","robots":{"index":"index","follow":"follow","max-snippet":"max-snippet:-1","max-image-preview":"max-image-preview:large","max-video-preview":"max-video-preview:-1"},"canonical":"https:\/\/mineraleslunallena.com\/ca\/producte\/pulsera-de-7-nudos-roja\/","og_locale":"ca_ES","og_type":"article","og_title":"Pulsera de 7 Nudos Roja | Protecci\u00f3n - Buena Suerte - MINERALES LUNA LLENA","og_description":"La pulsera de 7 nudos roja es un poderoso amuleto de protecci\u00f3n espiritual. Se cree que cada uno de sus nudos representa una barrera contra las energ\u00edas negativas, ayudando a desviar la mala suerte y el mal de ojo. El color rojo simboliza fuerza, vitalidad y protecci\u00f3n, y al llevarla en la mu\u00f1eca izquierda, que es el lado receptor del cuerpo seg\u00fan la tradici\u00f3n cabal\u00edstica, se dice que refuerza el escudo energ\u00e9tico personal, atrayendo buena fortuna y bienestar. Es popular en diversas culturas como un talism\u00e1n para mantener alejadas las influencias negativas y atraer energ\u00edas positivas.  Cantidad: 1 Unidad. El precio es por una unidad.  Forma: Pulsera.","og_url":"https:\/\/mineraleslunallena.com\/ca\/producte\/pulsera-de-7-nudos-roja\/","og_site_name":"MINERALES LUNA LLENA","article_modified_time":"2025-01-27T23:05:20+00:00","og_image":[{"width":1153,"height":2560,"url":"https:\/\/mineraleslunallena.com\/wp-content\/uploads\/2024\/09\/IMG_20240901_232903-scaled.jpg","type":"image\/jpeg"}],"twitter_card":"summary_large_image","twitter_misc":{"Temps estimat de lectura":"1 minut"},"schema":{"@context":"https:\/\/schema.org","@graph":[{"@type":"WebPage","@id":"https:\/\/mineraleslunallena.com\/producto\/pulsera-de-7-nudos-roja\/","url":"https:\/\/mineraleslunallena.com\/producto\/pulsera-de-7-nudos-roja\/","name":"Pulsera de 7 Nudos Roja | Protecci\u00f3n - Buena Suerte - MINERALES LUNA LLENA","isPartOf":{"@id":"https:\/\/mineraleslunallena.com\/#website"},"primaryImageOfPage":{"@id":"https:\/\/mineraleslunallena.com\/producto\/pulsera-de-7-nudos-roja\/#primaryimage"},"image":{"@id":"https:\/\/mineraleslunallena.com\/producto\/pulsera-de-7-nudos-roja\/#primaryimage"},"thumbnailUrl":"https:\/\/mineraleslunallena.com\/wp-content\/uploads\/2024\/09\/IMG_20240901_232903-scaled.jpg","datePublished":"2024-09-01T21:48:37+00:00","dateModified":"2025-01-27T23:05:20+00:00","breadcrumb":{"@id":"https:\/\/mineraleslunallena.com\/producto\/pulsera-de-7-nudos-roja\/#breadcrumb"},"inLanguage":"ca","potentialAction":[{"@type":"ReadAction","target":["https:\/\/mineraleslunallena.com\/producto\/pulsera-de-7-nudos-roja\/"]}]},{"@type":"ImageObject","inLanguage":"ca","@id":"https:\/\/mineraleslunallena.com\/producto\/pulsera-de-7-nudos-roja\/#primaryimage","url":"https:\/\/mineraleslunallena.com\/wp-content\/uploads\/2024\/09\/IMG_20240901_232903-scaled.jpg","contentUrl":"https:\/\/mineraleslunallena.com\/wp-content\/uploads\/2024\/09\/IMG_20240901_232903-scaled.jpg","width":1153,"height":2560},{"@type":"BreadcrumbList","@id":"https:\/\/mineraleslunallena.com\/producto\/pulsera-de-7-nudos-roja\/#breadcrumb","itemListElement":[{"@type":"ListItem","position":1,"name":"Portada","item":"https:\/\/mineraleslunallena.com\/"},{"@type":"ListItem","position":2,"name":"Shop","item":"https:\/\/mineraleslunallena.com\/ca\/shop\/"},{"@type":"ListItem","position":3,"name":"Pulsera de 7 Nudos Roja | Protecci\u00f3n &#8211; Buena Suerte"}]},{"@type":"WebSite","@id":"https:\/\/mineraleslunallena.com\/#website","url":"https:\/\/mineraleslunallena.com\/","name":"LLUNA PLENA MINERALS","description":"\u00c9s el moment de connectar-te amb el teu poder i confiar en les teves habilitats.","publisher":{"@id":"https:\/\/mineraleslunallena.com\/#organization"},"potentialAction":[{"@type":"SearchAction","target":{"@type":"EntryPoint","urlTemplate":"https:\/\/mineraleslunallena.com\/?s={search_term_string}"},"query-input":{"@type":"PropertyValueSpecification","valueRequired":true,"valueName":"search_term_string"}}],"inLanguage":"ca"},{"@type":"Organization","@id":"https:\/\/mineraleslunallena.com\/#organization","name":"LLUNA PLENA MINERALS","url":"https:\/\/mineraleslunallena.com\/","logo":{"@type":"ImageObject","inLanguage":"ca","@id":"https:\/\/mineraleslunallena.com\/#\/schema\/logo\/image\/","url":"https:\/\/mineraleslunallena.com\/wp-content\/uploads\/2023\/07\/LUNA-LLENA-LOGO-nuevo.png","contentUrl":"https:\/\/mineraleslunallena.com\/wp-content\/uploads\/2023\/07\/LUNA-LLENA-LOGO-nuevo.png","width":229,"height":167,"caption":"LUNA LLENA MINERALES"},"image":{"@id":"https:\/\/mineraleslunallena.com\/#\/schema\/logo\/image\/"}}]}},"_links":{"self":[{"href":"https:\/\/mineraleslunallena.com\/ca\/wp-json\/wp\/v2\/product\/4542","targetHints":{"allow":["GET"]}}],"collection":[{"href":"https:\/\/mineraleslunallena.com\/ca\/wp-json\/wp\/v2\/product"}],"about":[{"href":"https:\/\/mineraleslunallena.com\/ca\/wp-json\/wp\/v2\/types\/product"}],"version-history":[{"count":2,"href":"https:\/\/mineraleslunallena.com\/ca\/wp-json\/wp\/v2\/product\/4542\/revisions"}],"predecessor-version":[{"id":4545,"href":"https:\/\/mineraleslunallena.com\/ca\/wp-json\/wp\/v2\/product\/4542\/revisions\/4545"}],"wp:featuredmedia":[{"embeddable":true,"href":"https:\/\/mineraleslunallena.com\/ca\/wp-json\/wp\/v2\/media\/4543"}],"wp:attachment":[{"href":"https:\/\/mineraleslunallena.com\/ca\/wp-json\/wp\/v2\/media?parent=4542"}],"wp:term":[{"taxonomy":"product_cat","embeddable":true,"href":"https:\/\/mineraleslunallena.com\/ca\/wp-json\/wp\/v2\/product_cat?post=4542"},{"taxonomy":"product_tag","embeddable":true,"href":"https:\/\/mineraleslunallena.com\/ca\/wp-json\/wp\/v2\/product_tag?post=4542"}],"curies":[{"name":"wp","href":"https:\/\/api.w.org\/{rel}","templated":true}]}}