{"id":4565,"date":"2024-09-08T17:35:39","date_gmt":"2024-09-08T15:35:39","guid":{"rendered":"https:\/\/mineraleslunallena.com\/?post_type=product&#038;p=4565"},"modified":"2025-10-08T10:54:23","modified_gmt":"2025-10-08T08:54:23","slug":"wollastonita-videncia-clariaudiencia-y-precognicion","status":"publish","type":"product","link":"https:\/\/mineraleslunallena.com\/ca\/producte\/wollastonita-videncia-clariaudiencia-y-precognicion\/","title":{"rendered":"Wollastonita | Videncia &#8211; Clariaudiencia &#8211; Precognici\u00f3n"},"content":{"rendered":"<p><span style=\"font-weight: 400\">Prep\u00e1rate para desarrollar m\u00e1s tus dones ps\u00edquicos:\u00a0 Clariaudiencia, videncia <\/span><span style=\"font-weight: 400\">y precognici\u00f3n es decir, tener el conocimiento de un acontecimiento futuro, vas a poder escuchar y vas a poder ver lo que otros no pueden<\/span><\/p>\n<p><span style=\"font-weight: 400\">Las brujas la utilizamos como la piedra del chakra para equilibrar el Chakra Corona , sanando todos los chakras.<\/span><\/p>\n<p><span style=\"font-weight: 400\">Te va a ayudar a alcanzar el \u00e9xito y las metas<\/span><\/p>\n<p><span style=\"font-weight: 400\">Te mantiene emocionalmente equilibrada, mejorando tu creatividad y fortaleciendo tu confianza.<\/span><\/p>\n<p>&nbsp;<\/p>\n<p>Quantitat: 1 Unitat. El preu \u00e9s per una unitat.<\/p>\n<p>Forma: Mineral Massiu.<\/p>\n<p>&nbsp;<\/p>\n<p>&nbsp;<\/p>","protected":false},"excerpt":{"rendered":"<p><span style=\"font-weight: 400\">Prep\u00e1rate para desarrollar m\u00e1s tus dones ps\u00edquicos:\u00a0 Clariaudiencia, videncia <\/span><span style=\"font-weight: 400\">y precognici\u00f3n es decir, tener el conocimiento de un acontecimiento futuro, vas a poder escuchar y vas a poder ver lo que otros no pueden<\/span><\/p>\n<p><span style=\"font-weight: 400\">Las brujas la utilizamos como la piedra del chakra para equilibrar el Chakra Corona , sanando todos los chakras.<\/span><\/p>\n<p><span style=\"font-weight: 400\">Te va a ayudar a alcanzar el \u00e9xito y las metas<\/span><\/p>\n<p><span style=\"font-weight: 400\">Te mantiene emocionalmente equilibrada, mejorando tu creatividad y fortaleciendo tu confianza.<\/span><\/p>\n<p>&nbsp;<\/p>\n<p>Quantitat: 1 Unitat. El preu \u00e9s per una unitat.<\/p>\n<p>Forma: Mineral Massiu.<\/p>","protected":false},"featured_media":4572,"template":"","meta":[],"product_cat":[72,69],"product_tag":[],"class_list":{"0":"post-4565","1":"product","2":"type-product","3":"status-publish","4":"has-post-thumbnail","6":"product_cat-masivos","7":"product_cat-minerales","9":"first","10":"outofstock","11":"sale","12":"taxable","13":"shipping-taxable","14":"purchasable","15":"product-type-simple"},"yoast_head":"<!-- This site is optimized with the Yoast SEO plugin v27.3 - https:\/\/yoast.com\/product\/yoast-seo-wordpress\/ -->\n<title>Wollastonita | Videncia - Clariaudiencia - Precognici\u00f3n - MINERALES LUNA LLENA<\/title>\n<meta name=\"robots\" content=\"index, follow, max-snippet:-1, max-image-preview:large, max-video-preview:-1\" \/>\n<link rel=\"canonical\" href=\"https:\/\/mineraleslunallena.com\/ca\/producte\/wollastonita-videncia-clariaudiencia-y-precognicion\/\" \/>\n<meta property=\"og:locale\" content=\"ca_ES\" \/>\n<meta property=\"og:type\" content=\"article\" \/>\n<meta property=\"og:title\" content=\"Wollastonita | Videncia - Clariaudiencia - Precognici\u00f3n - MINERALES LUNA LLENA\" \/>\n<meta property=\"og:description\" content=\"Prep\u00e1rate para desarrollar m\u00e1s tus dones ps\u00edquicos:\u00a0 Clariaudiencia, videncia y precognici\u00f3n es decir, tener el conocimiento de un acontecimiento futuro, vas a poder escuchar y vas a poder ver lo que otros no pueden  Las brujas la utilizamos como la piedra del chakra para equilibrar el Chakra Corona , sanando todos los chakras.  Te va a ayudar a alcanzar el \u00e9xito y las metas  Te mantiene emocionalmente equilibrada, mejorando tu creatividad y fortaleciendo tu confianza.  &nbsp;  Cantidad: 1 Unidad. El precio es por una unidad.  Forma: Mineral Masivo.\" \/>\n<meta property=\"og:url\" content=\"https:\/\/mineraleslunallena.com\/ca\/producte\/wollastonita-videncia-clariaudiencia-y-precognicion\/\" \/>\n<meta property=\"og:site_name\" content=\"MINERALES LUNA LLENA\" \/>\n<meta property=\"article:modified_time\" content=\"2025-10-08T08:54:23+00:00\" \/>\n<meta property=\"og:image\" content=\"https:\/\/mineraleslunallena.com\/wp-content\/uploads\/2024\/09\/IMG_20240908_134105-1-scaled.jpg\" \/>\n\t<meta property=\"og:image:width\" content=\"1153\" \/>\n\t<meta property=\"og:image:height\" content=\"2560\" \/>\n\t<meta property=\"og:image:type\" content=\"image\/jpeg\" \/>\n<meta name=\"twitter:card\" content=\"summary_large_image\" \/>\n<meta name=\"twitter:label1\" content=\"Temps estimat de lectura\" \/>\n\t<meta name=\"twitter:data1\" content=\"1 minut\" \/>\n<script type=\"application\/ld+json\" class=\"yoast-schema-graph\">{\"@context\":\"https:\\\/\\\/schema.org\",\"@graph\":[{\"@type\":\"WebPage\",\"@id\":\"https:\\\/\\\/mineraleslunallena.com\\\/producto\\\/wollastonita-videncia-clariaudiencia-y-precognicion\\\/\",\"url\":\"https:\\\/\\\/mineraleslunallena.com\\\/producto\\\/wollastonita-videncia-clariaudiencia-y-precognicion\\\/\",\"name\":\"Wollastonita | Videncia - Clariaudiencia - Precognici\u00f3n - MINERALES LUNA LLENA\",\"isPartOf\":{\"@id\":\"https:\\\/\\\/mineraleslunallena.com\\\/#website\"},\"primaryImageOfPage\":{\"@id\":\"https:\\\/\\\/mineraleslunallena.com\\\/producto\\\/wollastonita-videncia-clariaudiencia-y-precognicion\\\/#primaryimage\"},\"image\":{\"@id\":\"https:\\\/\\\/mineraleslunallena.com\\\/producto\\\/wollastonita-videncia-clariaudiencia-y-precognicion\\\/#primaryimage\"},\"thumbnailUrl\":\"https:\\\/\\\/mineraleslunallena.com\\\/wp-content\\\/uploads\\\/2024\\\/09\\\/IMG_20240908_134105-1-scaled.jpg\",\"datePublished\":\"2024-09-08T15:35:39+00:00\",\"dateModified\":\"2025-10-08T08:54:23+00:00\",\"breadcrumb\":{\"@id\":\"https:\\\/\\\/mineraleslunallena.com\\\/producto\\\/wollastonita-videncia-clariaudiencia-y-precognicion\\\/#breadcrumb\"},\"inLanguage\":\"ca\",\"potentialAction\":[{\"@type\":\"ReadAction\",\"target\":[\"https:\\\/\\\/mineraleslunallena.com\\\/producto\\\/wollastonita-videncia-clariaudiencia-y-precognicion\\\/\"]}]},{\"@type\":\"ImageObject\",\"inLanguage\":\"ca\",\"@id\":\"https:\\\/\\\/mineraleslunallena.com\\\/producto\\\/wollastonita-videncia-clariaudiencia-y-precognicion\\\/#primaryimage\",\"url\":\"https:\\\/\\\/mineraleslunallena.com\\\/wp-content\\\/uploads\\\/2024\\\/09\\\/IMG_20240908_134105-1-scaled.jpg\",\"contentUrl\":\"https:\\\/\\\/mineraleslunallena.com\\\/wp-content\\\/uploads\\\/2024\\\/09\\\/IMG_20240908_134105-1-scaled.jpg\",\"width\":1153,\"height\":2560},{\"@type\":\"BreadcrumbList\",\"@id\":\"https:\\\/\\\/mineraleslunallena.com\\\/producto\\\/wollastonita-videncia-clariaudiencia-y-precognicion\\\/#breadcrumb\",\"itemListElement\":[{\"@type\":\"ListItem\",\"position\":1,\"name\":\"Portada\",\"item\":\"https:\\\/\\\/mineraleslunallena.com\\\/\"},{\"@type\":\"ListItem\",\"position\":2,\"name\":\"Shop\",\"item\":\"https:\\\/\\\/mineraleslunallena.com\\\/ca\\\/shop\\\/\"},{\"@type\":\"ListItem\",\"position\":3,\"name\":\"Wollastonita | Videncia &#8211; Clariaudiencia &#8211; Precognici\u00f3n\"}]},{\"@type\":\"WebSite\",\"@id\":\"https:\\\/\\\/mineraleslunallena.com\\\/#website\",\"url\":\"https:\\\/\\\/mineraleslunallena.com\\\/\",\"name\":\"LUNA LLENA MINERALES\",\"description\":\"Es el momento de conectarte con tu propio poder y confiar en tus habilidades.\",\"publisher\":{\"@id\":\"https:\\\/\\\/mineraleslunallena.com\\\/#organization\"},\"potentialAction\":[{\"@type\":\"SearchAction\",\"target\":{\"@type\":\"EntryPoint\",\"urlTemplate\":\"https:\\\/\\\/mineraleslunallena.com\\\/?s={search_term_string}\"},\"query-input\":{\"@type\":\"PropertyValueSpecification\",\"valueRequired\":true,\"valueName\":\"search_term_string\"}}],\"inLanguage\":\"ca\"},{\"@type\":\"Organization\",\"@id\":\"https:\\\/\\\/mineraleslunallena.com\\\/#organization\",\"name\":\"LUNA LLENA MINERALES\",\"url\":\"https:\\\/\\\/mineraleslunallena.com\\\/\",\"logo\":{\"@type\":\"ImageObject\",\"inLanguage\":\"ca\",\"@id\":\"https:\\\/\\\/mineraleslunallena.com\\\/#\\\/schema\\\/logo\\\/image\\\/\",\"url\":\"https:\\\/\\\/mineraleslunallena.com\\\/wp-content\\\/uploads\\\/2023\\\/07\\\/LUNA-LLENA-LOGO-nuevo.png\",\"contentUrl\":\"https:\\\/\\\/mineraleslunallena.com\\\/wp-content\\\/uploads\\\/2023\\\/07\\\/LUNA-LLENA-LOGO-nuevo.png\",\"width\":229,\"height\":167,\"caption\":\"LUNA LLENA MINERALES\"},\"image\":{\"@id\":\"https:\\\/\\\/mineraleslunallena.com\\\/#\\\/schema\\\/logo\\\/image\\\/\"}}]}<\/script>\n<!-- \/ Yoast SEO plugin. -->","yoast_head_json":{"title":"Wollastonita | Videncia - Clariaudiencia - Precognici\u00f3n - MINERALES LUNA LLENA","robots":{"index":"index","follow":"follow","max-snippet":"max-snippet:-1","max-image-preview":"max-image-preview:large","max-video-preview":"max-video-preview:-1"},"canonical":"https:\/\/mineraleslunallena.com\/ca\/producte\/wollastonita-videncia-clariaudiencia-y-precognicion\/","og_locale":"ca_ES","og_type":"article","og_title":"Wollastonita | Videncia - Clariaudiencia - Precognici\u00f3n - MINERALES LUNA LLENA","og_description":"Prep\u00e1rate para desarrollar m\u00e1s tus dones ps\u00edquicos:\u00a0 Clariaudiencia, videncia y precognici\u00f3n es decir, tener el conocimiento de un acontecimiento futuro, vas a poder escuchar y vas a poder ver lo que otros no pueden  Las brujas la utilizamos como la piedra del chakra para equilibrar el Chakra Corona , sanando todos los chakras.  Te va a ayudar a alcanzar el \u00e9xito y las metas  Te mantiene emocionalmente equilibrada, mejorando tu creatividad y fortaleciendo tu confianza.  &nbsp;  Cantidad: 1 Unidad. El precio es por una unidad.  Forma: Mineral Masivo.","og_url":"https:\/\/mineraleslunallena.com\/ca\/producte\/wollastonita-videncia-clariaudiencia-y-precognicion\/","og_site_name":"MINERALES LUNA LLENA","article_modified_time":"2025-10-08T08:54:23+00:00","og_image":[{"width":1153,"height":2560,"url":"https:\/\/mineraleslunallena.com\/wp-content\/uploads\/2024\/09\/IMG_20240908_134105-1-scaled.jpg","type":"image\/jpeg"}],"twitter_card":"summary_large_image","twitter_misc":{"Temps estimat de lectura":"1 minut"},"schema":{"@context":"https:\/\/schema.org","@graph":[{"@type":"WebPage","@id":"https:\/\/mineraleslunallena.com\/producto\/wollastonita-videncia-clariaudiencia-y-precognicion\/","url":"https:\/\/mineraleslunallena.com\/producto\/wollastonita-videncia-clariaudiencia-y-precognicion\/","name":"Wollastonita | Videncia - Clariaudiencia - Precognici\u00f3n - MINERALES LUNA LLENA","isPartOf":{"@id":"https:\/\/mineraleslunallena.com\/#website"},"primaryImageOfPage":{"@id":"https:\/\/mineraleslunallena.com\/producto\/wollastonita-videncia-clariaudiencia-y-precognicion\/#primaryimage"},"image":{"@id":"https:\/\/mineraleslunallena.com\/producto\/wollastonita-videncia-clariaudiencia-y-precognicion\/#primaryimage"},"thumbnailUrl":"https:\/\/mineraleslunallena.com\/wp-content\/uploads\/2024\/09\/IMG_20240908_134105-1-scaled.jpg","datePublished":"2024-09-08T15:35:39+00:00","dateModified":"2025-10-08T08:54:23+00:00","breadcrumb":{"@id":"https:\/\/mineraleslunallena.com\/producto\/wollastonita-videncia-clariaudiencia-y-precognicion\/#breadcrumb"},"inLanguage":"ca","potentialAction":[{"@type":"ReadAction","target":["https:\/\/mineraleslunallena.com\/producto\/wollastonita-videncia-clariaudiencia-y-precognicion\/"]}]},{"@type":"ImageObject","inLanguage":"ca","@id":"https:\/\/mineraleslunallena.com\/producto\/wollastonita-videncia-clariaudiencia-y-precognicion\/#primaryimage","url":"https:\/\/mineraleslunallena.com\/wp-content\/uploads\/2024\/09\/IMG_20240908_134105-1-scaled.jpg","contentUrl":"https:\/\/mineraleslunallena.com\/wp-content\/uploads\/2024\/09\/IMG_20240908_134105-1-scaled.jpg","width":1153,"height":2560},{"@type":"BreadcrumbList","@id":"https:\/\/mineraleslunallena.com\/producto\/wollastonita-videncia-clariaudiencia-y-precognicion\/#breadcrumb","itemListElement":[{"@type":"ListItem","position":1,"name":"Portada","item":"https:\/\/mineraleslunallena.com\/"},{"@type":"ListItem","position":2,"name":"Shop","item":"https:\/\/mineraleslunallena.com\/ca\/shop\/"},{"@type":"ListItem","position":3,"name":"Wollastonita | Videncia &#8211; Clariaudiencia &#8211; Precognici\u00f3n"}]},{"@type":"WebSite","@id":"https:\/\/mineraleslunallena.com\/#website","url":"https:\/\/mineraleslunallena.com\/","name":"LLUNA PLENA MINERALS","description":"\u00c9s el moment de connectar-te amb el teu poder i confiar en les teves habilitats.","publisher":{"@id":"https:\/\/mineraleslunallena.com\/#organization"},"potentialAction":[{"@type":"SearchAction","target":{"@type":"EntryPoint","urlTemplate":"https:\/\/mineraleslunallena.com\/?s={search_term_string}"},"query-input":{"@type":"PropertyValueSpecification","valueRequired":true,"valueName":"search_term_string"}}],"inLanguage":"ca"},{"@type":"Organization","@id":"https:\/\/mineraleslunallena.com\/#organization","name":"LLUNA PLENA MINERALS","url":"https:\/\/mineraleslunallena.com\/","logo":{"@type":"ImageObject","inLanguage":"ca","@id":"https:\/\/mineraleslunallena.com\/#\/schema\/logo\/image\/","url":"https:\/\/mineraleslunallena.com\/wp-content\/uploads\/2023\/07\/LUNA-LLENA-LOGO-nuevo.png","contentUrl":"https:\/\/mineraleslunallena.com\/wp-content\/uploads\/2023\/07\/LUNA-LLENA-LOGO-nuevo.png","width":229,"height":167,"caption":"LUNA LLENA MINERALES"},"image":{"@id":"https:\/\/mineraleslunallena.com\/#\/schema\/logo\/image\/"}}]}},"_links":{"self":[{"href":"https:\/\/mineraleslunallena.com\/ca\/wp-json\/wp\/v2\/product\/4565","targetHints":{"allow":["GET"]}}],"collection":[{"href":"https:\/\/mineraleslunallena.com\/ca\/wp-json\/wp\/v2\/product"}],"about":[{"href":"https:\/\/mineraleslunallena.com\/ca\/wp-json\/wp\/v2\/types\/product"}],"version-history":[{"count":6,"href":"https:\/\/mineraleslunallena.com\/ca\/wp-json\/wp\/v2\/product\/4565\/revisions"}],"predecessor-version":[{"id":8255,"href":"https:\/\/mineraleslunallena.com\/ca\/wp-json\/wp\/v2\/product\/4565\/revisions\/8255"}],"wp:featuredmedia":[{"embeddable":true,"href":"https:\/\/mineraleslunallena.com\/ca\/wp-json\/wp\/v2\/media\/4572"}],"wp:attachment":[{"href":"https:\/\/mineraleslunallena.com\/ca\/wp-json\/wp\/v2\/media?parent=4565"}],"wp:term":[{"taxonomy":"product_cat","embeddable":true,"href":"https:\/\/mineraleslunallena.com\/ca\/wp-json\/wp\/v2\/product_cat?post=4565"},{"taxonomy":"product_tag","embeddable":true,"href":"https:\/\/mineraleslunallena.com\/ca\/wp-json\/wp\/v2\/product_tag?post=4565"}],"curies":[{"name":"wp","href":"https:\/\/api.w.org\/{rel}","templated":true}]}}