{"id":4606,"date":"2024-09-23T23:21:43","date_gmt":"2024-09-23T21:21:43","guid":{"rendered":"https:\/\/mineraleslunallena.com\/?post_type=product&#038;p=4606"},"modified":"2026-04-13T01:08:59","modified_gmt":"2026-04-12T23:08:59","slug":"colgante-plata-escoba-de-bruja-envidias-mal-de-ojo","status":"publish","type":"product","link":"https:\/\/mineraleslunallena.com\/ca\/producte\/colgante-plata-escoba-de-bruja-envidias-mal-de-ojo\/","title":{"rendered":"Colgante Platead Escoba de Bruja | Envidias &#8211; Mal de ojo"},"content":{"rendered":"<p>&nbsp;<\/p>\n<p><span style=\"font-weight: 400\">Este mineral Barre literalmente las energ\u00edas negativas, y<\/span><span style=\"font-weight: 400\">\u00a0digo literalmente, porque es as\u00ed se trata de la escoba de bruja\u00a0 o cianita<\/span><\/p>\n<p><span style=\"font-weight: 400\">Es un mineral muy potente y se encarga de barrer las envidias, las malas intenciones, malos pensamientos. <\/span><span style=\"font-weight: 400\">Es muy purificadora y es capaz de limpiar otros minerales.<\/span><\/p>\n<p>Escoba de bruja o cianita negra es una piedra misteriosa y poderosa de color intenso. Protege contra energ\u00edas negativas y conecta con planos espirituales.<br \/>\nIdeal para meditaci\u00f3n y claridad mental. Atrae protecci\u00f3n en nuevos proyectos y aventuras. Libera bloqueos energ\u00e9ticos y expande la conciencia.<br \/>\nAliada para la protecci\u00f3n ps\u00edquica y energ\u00e9tica. Escucha tu intuici\u00f3n para aprovechar sus propiedades.<\/p>\n<p>Quantitat: 1 Unitat. El preu \u00e9s per una unitat.<br \/>\nForma: Colgante Masivo.<\/p>","protected":false},"excerpt":{"rendered":"<p><span style=\"font-weight: 400\">Este mineral Barre literalmente las energ\u00edas negativas, y<\/span><span style=\"font-weight: 400\">\u00a0digo literalmente, porque es as\u00ed se trata de la escoba de bruja\u00a0 o cianita<\/span><\/p>\n<p><span style=\"font-weight: 400\">Es un mineral muy potente y se encarga de barrer las envidias, las malas intenciones, malos pensamientos. <\/span><span style=\"font-weight: 400\">Es muy purificadora y es capaz de limpiar otros minerales.<\/span><\/p>\n<p>Escoba de bruja o cianita negra es una piedra misteriosa y poderosa de color intenso. Protege contra energ\u00edas negativas y conecta con planos espirituales.<br \/>\nIdeal para meditaci\u00f3n y claridad mental. Atrae protecci\u00f3n en nuevos proyectos y aventuras. Libera bloqueos energ\u00e9ticos y expande la conciencia.<br \/>\nAliada para la protecci\u00f3n ps\u00edquica y energ\u00e9tica. Escucha tu intuici\u00f3n para aprovechar sus propiedades.<\/p>\n<p>Quantitat: 1 Unitat. El preu \u00e9s per una unitat.<br \/>\nForma: Colgante Masivo.<\/p>","protected":false},"featured_media":4607,"template":"","meta":[],"product_cat":[105,70],"product_tag":[],"class_list":{"0":"post-4606","1":"product","2":"type-product","3":"status-publish","4":"has-post-thumbnail","6":"product_cat-colgantes","7":"product_cat-joyas-y-accesorios","9":"first","10":"instock","11":"sale","12":"taxable","13":"shipping-taxable","14":"purchasable","15":"product-type-simple"},"yoast_head":"<!-- This site is optimized with the Yoast SEO plugin v27.3 - https:\/\/yoast.com\/product\/yoast-seo-wordpress\/ -->\n<title>Colgante Platead Escoba de Bruja | Envidias - Mal de ojo - MINERALES LUNA LLENA<\/title>\n<meta name=\"robots\" content=\"index, follow, max-snippet:-1, max-image-preview:large, max-video-preview:-1\" \/>\n<link rel=\"canonical\" href=\"https:\/\/mineraleslunallena.com\/ca\/producte\/colgante-plata-escoba-de-bruja-envidias-mal-de-ojo\/\" \/>\n<meta property=\"og:locale\" content=\"ca_ES\" \/>\n<meta property=\"og:type\" content=\"article\" \/>\n<meta property=\"og:title\" content=\"Colgante Platead Escoba de Bruja | Envidias - Mal de ojo - MINERALES LUNA LLENA\" \/>\n<meta property=\"og:description\" content=\"Este mineral Barre literalmente las energ\u00edas negativas, y\u00a0digo literalmente, porque es as\u00ed se trata de la escoba de bruja\u00a0 o cianita  Es un mineral muy potente y se encarga de barrer las envidias, las malas intenciones, malos pensamientos. Es muy purificadora y es capaz de limpiar otros minerales.  Escoba de bruja o cianita negra es una piedra misteriosa y poderosa de color intenso. Protege contra energ\u00edas negativas y conecta con planos espirituales. Ideal para meditaci\u00f3n y claridad mental. Atrae protecci\u00f3n en nuevos proyectos y aventuras. Libera bloqueos energ\u00e9ticos y expande la conciencia. Aliada para la protecci\u00f3n ps\u00edquica y energ\u00e9tica. Escucha tu intuici\u00f3n para aprovechar sus propiedades.  Cantidad: 1 Unidad. El precio es por una unidad. Forma: Colgante Masivo.\" \/>\n<meta property=\"og:url\" content=\"https:\/\/mineraleslunallena.com\/ca\/producte\/colgante-plata-escoba-de-bruja-envidias-mal-de-ojo\/\" \/>\n<meta property=\"og:site_name\" content=\"MINERALES LUNA LLENA\" \/>\n<meta property=\"article:modified_time\" content=\"2026-04-12T23:08:59+00:00\" \/>\n<meta property=\"og:image\" content=\"https:\/\/mineraleslunallena.com\/wp-content\/uploads\/2024\/09\/IMG_20240923_211011-scaled.jpg\" \/>\n\t<meta property=\"og:image:width\" content=\"1153\" \/>\n\t<meta property=\"og:image:height\" content=\"2560\" \/>\n\t<meta property=\"og:image:type\" content=\"image\/jpeg\" \/>\n<meta name=\"twitter:card\" content=\"summary_large_image\" \/>\n<meta name=\"twitter:label1\" content=\"Temps estimat de lectura\" \/>\n\t<meta name=\"twitter:data1\" content=\"1 minut\" \/>\n<script type=\"application\/ld+json\" class=\"yoast-schema-graph\">{\"@context\":\"https:\\\/\\\/schema.org\",\"@graph\":[{\"@type\":\"WebPage\",\"@id\":\"https:\\\/\\\/mineraleslunallena.com\\\/producto\\\/colgante-plata-escoba-de-bruja-envidias-mal-de-ojo\\\/\",\"url\":\"https:\\\/\\\/mineraleslunallena.com\\\/producto\\\/colgante-plata-escoba-de-bruja-envidias-mal-de-ojo\\\/\",\"name\":\"Colgante Platead Escoba de Bruja | Envidias - Mal de ojo - MINERALES LUNA LLENA\",\"isPartOf\":{\"@id\":\"https:\\\/\\\/mineraleslunallena.com\\\/#website\"},\"primaryImageOfPage\":{\"@id\":\"https:\\\/\\\/mineraleslunallena.com\\\/producto\\\/colgante-plata-escoba-de-bruja-envidias-mal-de-ojo\\\/#primaryimage\"},\"image\":{\"@id\":\"https:\\\/\\\/mineraleslunallena.com\\\/producto\\\/colgante-plata-escoba-de-bruja-envidias-mal-de-ojo\\\/#primaryimage\"},\"thumbnailUrl\":\"https:\\\/\\\/mineraleslunallena.com\\\/wp-content\\\/uploads\\\/2024\\\/09\\\/IMG_20240923_211011-scaled.jpg\",\"datePublished\":\"2024-09-23T21:21:43+00:00\",\"dateModified\":\"2026-04-12T23:08:59+00:00\",\"breadcrumb\":{\"@id\":\"https:\\\/\\\/mineraleslunallena.com\\\/producto\\\/colgante-plata-escoba-de-bruja-envidias-mal-de-ojo\\\/#breadcrumb\"},\"inLanguage\":\"ca\",\"potentialAction\":[{\"@type\":\"ReadAction\",\"target\":[\"https:\\\/\\\/mineraleslunallena.com\\\/producto\\\/colgante-plata-escoba-de-bruja-envidias-mal-de-ojo\\\/\"]}]},{\"@type\":\"ImageObject\",\"inLanguage\":\"ca\",\"@id\":\"https:\\\/\\\/mineraleslunallena.com\\\/producto\\\/colgante-plata-escoba-de-bruja-envidias-mal-de-ojo\\\/#primaryimage\",\"url\":\"https:\\\/\\\/mineraleslunallena.com\\\/wp-content\\\/uploads\\\/2024\\\/09\\\/IMG_20240923_211011-scaled.jpg\",\"contentUrl\":\"https:\\\/\\\/mineraleslunallena.com\\\/wp-content\\\/uploads\\\/2024\\\/09\\\/IMG_20240923_211011-scaled.jpg\",\"width\":1153,\"height\":2560},{\"@type\":\"BreadcrumbList\",\"@id\":\"https:\\\/\\\/mineraleslunallena.com\\\/producto\\\/colgante-plata-escoba-de-bruja-envidias-mal-de-ojo\\\/#breadcrumb\",\"itemListElement\":[{\"@type\":\"ListItem\",\"position\":1,\"name\":\"Portada\",\"item\":\"https:\\\/\\\/mineraleslunallena.com\\\/\"},{\"@type\":\"ListItem\",\"position\":2,\"name\":\"Shop\",\"item\":\"https:\\\/\\\/mineraleslunallena.com\\\/ca\\\/shop\\\/\"},{\"@type\":\"ListItem\",\"position\":3,\"name\":\"Colgante Platead Escoba de Bruja | Envidias &#8211; Mal de ojo\"}]},{\"@type\":\"WebSite\",\"@id\":\"https:\\\/\\\/mineraleslunallena.com\\\/#website\",\"url\":\"https:\\\/\\\/mineraleslunallena.com\\\/\",\"name\":\"LUNA LLENA MINERALES\",\"description\":\"Es el momento de conectarte con tu propio poder y confiar en tus habilidades.\",\"publisher\":{\"@id\":\"https:\\\/\\\/mineraleslunallena.com\\\/#organization\"},\"potentialAction\":[{\"@type\":\"SearchAction\",\"target\":{\"@type\":\"EntryPoint\",\"urlTemplate\":\"https:\\\/\\\/mineraleslunallena.com\\\/?s={search_term_string}\"},\"query-input\":{\"@type\":\"PropertyValueSpecification\",\"valueRequired\":true,\"valueName\":\"search_term_string\"}}],\"inLanguage\":\"ca\"},{\"@type\":\"Organization\",\"@id\":\"https:\\\/\\\/mineraleslunallena.com\\\/#organization\",\"name\":\"LUNA LLENA MINERALES\",\"url\":\"https:\\\/\\\/mineraleslunallena.com\\\/\",\"logo\":{\"@type\":\"ImageObject\",\"inLanguage\":\"ca\",\"@id\":\"https:\\\/\\\/mineraleslunallena.com\\\/#\\\/schema\\\/logo\\\/image\\\/\",\"url\":\"https:\\\/\\\/mineraleslunallena.com\\\/wp-content\\\/uploads\\\/2023\\\/07\\\/LUNA-LLENA-LOGO-nuevo.png\",\"contentUrl\":\"https:\\\/\\\/mineraleslunallena.com\\\/wp-content\\\/uploads\\\/2023\\\/07\\\/LUNA-LLENA-LOGO-nuevo.png\",\"width\":229,\"height\":167,\"caption\":\"LUNA LLENA MINERALES\"},\"image\":{\"@id\":\"https:\\\/\\\/mineraleslunallena.com\\\/#\\\/schema\\\/logo\\\/image\\\/\"}}]}<\/script>\n<!-- \/ Yoast SEO plugin. -->","yoast_head_json":{"title":"Colgante Platead Escoba de Bruja | Envidias - Mal de ojo - MINERALES LUNA LLENA","robots":{"index":"index","follow":"follow","max-snippet":"max-snippet:-1","max-image-preview":"max-image-preview:large","max-video-preview":"max-video-preview:-1"},"canonical":"https:\/\/mineraleslunallena.com\/ca\/producte\/colgante-plata-escoba-de-bruja-envidias-mal-de-ojo\/","og_locale":"ca_ES","og_type":"article","og_title":"Colgante Platead Escoba de Bruja | Envidias - Mal de ojo - MINERALES LUNA LLENA","og_description":"Este mineral Barre literalmente las energ\u00edas negativas, y\u00a0digo literalmente, porque es as\u00ed se trata de la escoba de bruja\u00a0 o cianita  Es un mineral muy potente y se encarga de barrer las envidias, las malas intenciones, malos pensamientos. Es muy purificadora y es capaz de limpiar otros minerales.  Escoba de bruja o cianita negra es una piedra misteriosa y poderosa de color intenso. Protege contra energ\u00edas negativas y conecta con planos espirituales. Ideal para meditaci\u00f3n y claridad mental. Atrae protecci\u00f3n en nuevos proyectos y aventuras. Libera bloqueos energ\u00e9ticos y expande la conciencia. Aliada para la protecci\u00f3n ps\u00edquica y energ\u00e9tica. Escucha tu intuici\u00f3n para aprovechar sus propiedades.  Cantidad: 1 Unidad. El precio es por una unidad. Forma: Colgante Masivo.","og_url":"https:\/\/mineraleslunallena.com\/ca\/producte\/colgante-plata-escoba-de-bruja-envidias-mal-de-ojo\/","og_site_name":"MINERALES LUNA LLENA","article_modified_time":"2026-04-12T23:08:59+00:00","og_image":[{"width":1153,"height":2560,"url":"https:\/\/mineraleslunallena.com\/wp-content\/uploads\/2024\/09\/IMG_20240923_211011-scaled.jpg","type":"image\/jpeg"}],"twitter_card":"summary_large_image","twitter_misc":{"Temps estimat de lectura":"1 minut"},"schema":{"@context":"https:\/\/schema.org","@graph":[{"@type":"WebPage","@id":"https:\/\/mineraleslunallena.com\/producto\/colgante-plata-escoba-de-bruja-envidias-mal-de-ojo\/","url":"https:\/\/mineraleslunallena.com\/producto\/colgante-plata-escoba-de-bruja-envidias-mal-de-ojo\/","name":"Colgante Platead Escoba de Bruja | Envidias - Mal de ojo - MINERALES LUNA LLENA","isPartOf":{"@id":"https:\/\/mineraleslunallena.com\/#website"},"primaryImageOfPage":{"@id":"https:\/\/mineraleslunallena.com\/producto\/colgante-plata-escoba-de-bruja-envidias-mal-de-ojo\/#primaryimage"},"image":{"@id":"https:\/\/mineraleslunallena.com\/producto\/colgante-plata-escoba-de-bruja-envidias-mal-de-ojo\/#primaryimage"},"thumbnailUrl":"https:\/\/mineraleslunallena.com\/wp-content\/uploads\/2024\/09\/IMG_20240923_211011-scaled.jpg","datePublished":"2024-09-23T21:21:43+00:00","dateModified":"2026-04-12T23:08:59+00:00","breadcrumb":{"@id":"https:\/\/mineraleslunallena.com\/producto\/colgante-plata-escoba-de-bruja-envidias-mal-de-ojo\/#breadcrumb"},"inLanguage":"ca","potentialAction":[{"@type":"ReadAction","target":["https:\/\/mineraleslunallena.com\/producto\/colgante-plata-escoba-de-bruja-envidias-mal-de-ojo\/"]}]},{"@type":"ImageObject","inLanguage":"ca","@id":"https:\/\/mineraleslunallena.com\/producto\/colgante-plata-escoba-de-bruja-envidias-mal-de-ojo\/#primaryimage","url":"https:\/\/mineraleslunallena.com\/wp-content\/uploads\/2024\/09\/IMG_20240923_211011-scaled.jpg","contentUrl":"https:\/\/mineraleslunallena.com\/wp-content\/uploads\/2024\/09\/IMG_20240923_211011-scaled.jpg","width":1153,"height":2560},{"@type":"BreadcrumbList","@id":"https:\/\/mineraleslunallena.com\/producto\/colgante-plata-escoba-de-bruja-envidias-mal-de-ojo\/#breadcrumb","itemListElement":[{"@type":"ListItem","position":1,"name":"Portada","item":"https:\/\/mineraleslunallena.com\/"},{"@type":"ListItem","position":2,"name":"Shop","item":"https:\/\/mineraleslunallena.com\/ca\/shop\/"},{"@type":"ListItem","position":3,"name":"Colgante Platead Escoba de Bruja | Envidias &#8211; Mal de ojo"}]},{"@type":"WebSite","@id":"https:\/\/mineraleslunallena.com\/#website","url":"https:\/\/mineraleslunallena.com\/","name":"LLUNA PLENA MINERALS","description":"\u00c9s el moment de connectar-te amb el teu poder i confiar en les teves habilitats.","publisher":{"@id":"https:\/\/mineraleslunallena.com\/#organization"},"potentialAction":[{"@type":"SearchAction","target":{"@type":"EntryPoint","urlTemplate":"https:\/\/mineraleslunallena.com\/?s={search_term_string}"},"query-input":{"@type":"PropertyValueSpecification","valueRequired":true,"valueName":"search_term_string"}}],"inLanguage":"ca"},{"@type":"Organization","@id":"https:\/\/mineraleslunallena.com\/#organization","name":"LLUNA PLENA MINERALS","url":"https:\/\/mineraleslunallena.com\/","logo":{"@type":"ImageObject","inLanguage":"ca","@id":"https:\/\/mineraleslunallena.com\/#\/schema\/logo\/image\/","url":"https:\/\/mineraleslunallena.com\/wp-content\/uploads\/2023\/07\/LUNA-LLENA-LOGO-nuevo.png","contentUrl":"https:\/\/mineraleslunallena.com\/wp-content\/uploads\/2023\/07\/LUNA-LLENA-LOGO-nuevo.png","width":229,"height":167,"caption":"LUNA LLENA MINERALES"},"image":{"@id":"https:\/\/mineraleslunallena.com\/#\/schema\/logo\/image\/"}}]}},"_links":{"self":[{"href":"https:\/\/mineraleslunallena.com\/ca\/wp-json\/wp\/v2\/product\/4606","targetHints":{"allow":["GET"]}}],"collection":[{"href":"https:\/\/mineraleslunallena.com\/ca\/wp-json\/wp\/v2\/product"}],"about":[{"href":"https:\/\/mineraleslunallena.com\/ca\/wp-json\/wp\/v2\/types\/product"}],"version-history":[{"count":2,"href":"https:\/\/mineraleslunallena.com\/ca\/wp-json\/wp\/v2\/product\/4606\/revisions"}],"predecessor-version":[{"id":6121,"href":"https:\/\/mineraleslunallena.com\/ca\/wp-json\/wp\/v2\/product\/4606\/revisions\/6121"}],"wp:featuredmedia":[{"embeddable":true,"href":"https:\/\/mineraleslunallena.com\/ca\/wp-json\/wp\/v2\/media\/4607"}],"wp:attachment":[{"href":"https:\/\/mineraleslunallena.com\/ca\/wp-json\/wp\/v2\/media?parent=4606"}],"wp:term":[{"taxonomy":"product_cat","embeddable":true,"href":"https:\/\/mineraleslunallena.com\/ca\/wp-json\/wp\/v2\/product_cat?post=4606"},{"taxonomy":"product_tag","embeddable":true,"href":"https:\/\/mineraleslunallena.com\/ca\/wp-json\/wp\/v2\/product_tag?post=4606"}],"curies":[{"name":"wp","href":"https:\/\/api.w.org\/{rel}","templated":true}]}}