{"id":4626,"date":"2024-10-02T17:36:57","date_gmt":"2024-10-02T15:36:57","guid":{"rendered":"https:\/\/mineraleslunallena.com\/?post_type=product&#038;p=4626"},"modified":"2025-03-23T18:58:11","modified_gmt":"2025-03-23T17:58:11","slug":"colgante-corazon-citrino-natural-extra-exito-abundancia","status":"publish","type":"product","link":"https:\/\/mineraleslunallena.com\/ca\/producte\/colgante-corazon-citrino-natural-extra-exito-abundancia\/","title":{"rendered":"Coraz\u00f3n Citrino Natural Extra Colgante Plata |  \u00c9xito &#8211; Abundancia"},"content":{"rendered":"<p>Es el mineral del \u00c9xito y la Abundancia por excelencia. Atrae la felicidad , prosperidad y alegr\u00eda,\u00a0 adem\u00e1s de ayudarte a tener una actitud m\u00e1s positiva y optimista ante la vida.<\/p>\n<p>Mejora tu autoestima, Da mayor vitalidad y estimula la creatividad.<\/p>\n<p>Elimina pensamientos negativos y ayuda a conciliar el sue\u00f1o.<\/p>\n<p>&nbsp;<\/p>\n<p>Material: Plata de Ley 925.<\/p>\n<p>Quantitat: 1 Unitat. El preu \u00e9s per una unitat.<\/p>\n<p>Tama\u00f1o: Entre 2 cm y 4 cm aproximadamente.<\/p>\n<p>Forma: Colgante Coraz\u00f3n.<\/p>","protected":false},"excerpt":{"rendered":"<p>Es el mineral del \u00c9xito y la Abundancia por excelencia. Atrae la felicidad , prosperidad y alegr\u00eda,\u00a0 adem\u00e1s de ayudarte a tener una actitud m\u00e1s positiva y optimista ante la vida.<\/p>\n<p>Mejora tu autoestima, Da mayor vitalidad y estimula la creatividad.<\/p>\n<p>Elimina pensamientos negativos y ayuda a conciliar el sue\u00f1o.<\/p>\n<p>&nbsp;<\/p>\n<p>Material: Plata de Ley 925.<\/p>\n<p>Quantitat: 1 Unitat. El preu \u00e9s per una unitat.<\/p>\n<p>Tama\u00f1o: Entre 2 cm y 4cm aproximadamente.<\/p>\n<p>Forma: Colgante Coraz\u00f3n.<\/p>","protected":false},"featured_media":4703,"template":"","meta":[],"product_cat":[105,70],"product_tag":[],"class_list":{"0":"post-4626","1":"product","2":"type-product","3":"status-publish","4":"has-post-thumbnail","6":"product_cat-colgantes","7":"product_cat-joyas-y-accesorios","9":"first","10":"instock","11":"sale","12":"taxable","13":"shipping-taxable","14":"purchasable","15":"product-type-variable"},"yoast_head":"<!-- This site is optimized with the Yoast SEO plugin v27.3 - https:\/\/yoast.com\/product\/yoast-seo-wordpress\/ -->\n<title>Coraz\u00f3n Citrino Natural Extra Colgante Plata | \u00c9xito - Abundancia - MINERALES LUNA LLENA<\/title>\n<meta name=\"robots\" content=\"index, follow, max-snippet:-1, max-image-preview:large, max-video-preview:-1\" \/>\n<link rel=\"canonical\" href=\"https:\/\/mineraleslunallena.com\/ca\/producte\/colgante-corazon-citrino-natural-extra-exito-abundancia\/\" \/>\n<meta property=\"og:locale\" content=\"ca_ES\" \/>\n<meta property=\"og:type\" content=\"article\" \/>\n<meta property=\"og:title\" content=\"Coraz\u00f3n Citrino Natural Extra Colgante Plata | \u00c9xito - Abundancia - MINERALES LUNA LLENA\" \/>\n<meta property=\"og:description\" content=\"Es el mineral del \u00c9xito y la Abundancia por excelencia. Atrae la felicidad , prosperidad y alegr\u00eda,\u00a0 adem\u00e1s de ayudarte a tener una actitud m\u00e1s positiva y optimista ante la vida.  Mejora tu autoestima, Da mayor vitalidad y estimula la creatividad.  Elimina pensamientos negativos y ayuda a conciliar el sue\u00f1o.  &nbsp;  Material: Plata de Ley 925.  Cantidad: 1 Unidad. El precio es por una unidad.  Tama\u00f1o: Entre 2 cm y 4cm aproximadamente.  Forma: Colgante Coraz\u00f3n.\" \/>\n<meta property=\"og:url\" content=\"https:\/\/mineraleslunallena.com\/ca\/producte\/colgante-corazon-citrino-natural-extra-exito-abundancia\/\" \/>\n<meta property=\"og:site_name\" content=\"MINERALES LUNA LLENA\" \/>\n<meta property=\"article:modified_time\" content=\"2025-03-23T17:58:11+00:00\" \/>\n<meta property=\"og:image\" content=\"https:\/\/mineraleslunallena.com\/wp-content\/uploads\/2024\/10\/IMG_20240923_205902-scaled.jpg\" \/>\n\t<meta property=\"og:image:width\" content=\"1153\" \/>\n\t<meta property=\"og:image:height\" content=\"2560\" \/>\n\t<meta property=\"og:image:type\" content=\"image\/jpeg\" \/>\n<meta name=\"twitter:card\" content=\"summary_large_image\" \/>\n<meta name=\"twitter:label1\" content=\"Temps estimat de lectura\" \/>\n\t<meta name=\"twitter:data1\" content=\"1 minut\" \/>\n<script type=\"application\/ld+json\" class=\"yoast-schema-graph\">{\"@context\":\"https:\\\/\\\/schema.org\",\"@graph\":[{\"@type\":\"WebPage\",\"@id\":\"https:\\\/\\\/mineraleslunallena.com\\\/producto\\\/colgante-corazon-citrino-natural-extra-exito-abundancia\\\/\",\"url\":\"https:\\\/\\\/mineraleslunallena.com\\\/producto\\\/colgante-corazon-citrino-natural-extra-exito-abundancia\\\/\",\"name\":\"Coraz\u00f3n Citrino Natural Extra Colgante Plata | \u00c9xito - Abundancia - MINERALES LUNA LLENA\",\"isPartOf\":{\"@id\":\"https:\\\/\\\/mineraleslunallena.com\\\/#website\"},\"primaryImageOfPage\":{\"@id\":\"https:\\\/\\\/mineraleslunallena.com\\\/producto\\\/colgante-corazon-citrino-natural-extra-exito-abundancia\\\/#primaryimage\"},\"image\":{\"@id\":\"https:\\\/\\\/mineraleslunallena.com\\\/producto\\\/colgante-corazon-citrino-natural-extra-exito-abundancia\\\/#primaryimage\"},\"thumbnailUrl\":\"https:\\\/\\\/mineraleslunallena.com\\\/wp-content\\\/uploads\\\/2024\\\/10\\\/IMG_20240923_205902-scaled.jpg\",\"datePublished\":\"2024-10-02T15:36:57+00:00\",\"dateModified\":\"2025-03-23T17:58:11+00:00\",\"breadcrumb\":{\"@id\":\"https:\\\/\\\/mineraleslunallena.com\\\/producto\\\/colgante-corazon-citrino-natural-extra-exito-abundancia\\\/#breadcrumb\"},\"inLanguage\":\"ca\",\"potentialAction\":[{\"@type\":\"ReadAction\",\"target\":[\"https:\\\/\\\/mineraleslunallena.com\\\/producto\\\/colgante-corazon-citrino-natural-extra-exito-abundancia\\\/\"]}]},{\"@type\":\"ImageObject\",\"inLanguage\":\"ca\",\"@id\":\"https:\\\/\\\/mineraleslunallena.com\\\/producto\\\/colgante-corazon-citrino-natural-extra-exito-abundancia\\\/#primaryimage\",\"url\":\"https:\\\/\\\/mineraleslunallena.com\\\/wp-content\\\/uploads\\\/2024\\\/10\\\/IMG_20240923_205902-scaled.jpg\",\"contentUrl\":\"https:\\\/\\\/mineraleslunallena.com\\\/wp-content\\\/uploads\\\/2024\\\/10\\\/IMG_20240923_205902-scaled.jpg\",\"width\":1153,\"height\":2560},{\"@type\":\"BreadcrumbList\",\"@id\":\"https:\\\/\\\/mineraleslunallena.com\\\/producto\\\/colgante-corazon-citrino-natural-extra-exito-abundancia\\\/#breadcrumb\",\"itemListElement\":[{\"@type\":\"ListItem\",\"position\":1,\"name\":\"Portada\",\"item\":\"https:\\\/\\\/mineraleslunallena.com\\\/\"},{\"@type\":\"ListItem\",\"position\":2,\"name\":\"Shop\",\"item\":\"https:\\\/\\\/mineraleslunallena.com\\\/ca\\\/shop\\\/\"},{\"@type\":\"ListItem\",\"position\":3,\"name\":\"Coraz\u00f3n Citrino Natural Extra Colgante Plata | \u00c9xito &#8211; Abundancia\"}]},{\"@type\":\"WebSite\",\"@id\":\"https:\\\/\\\/mineraleslunallena.com\\\/#website\",\"url\":\"https:\\\/\\\/mineraleslunallena.com\\\/\",\"name\":\"LUNA LLENA MINERALES\",\"description\":\"Es el momento de conectarte con tu propio poder y confiar en tus habilidades.\",\"publisher\":{\"@id\":\"https:\\\/\\\/mineraleslunallena.com\\\/#organization\"},\"potentialAction\":[{\"@type\":\"SearchAction\",\"target\":{\"@type\":\"EntryPoint\",\"urlTemplate\":\"https:\\\/\\\/mineraleslunallena.com\\\/?s={search_term_string}\"},\"query-input\":{\"@type\":\"PropertyValueSpecification\",\"valueRequired\":true,\"valueName\":\"search_term_string\"}}],\"inLanguage\":\"ca\"},{\"@type\":\"Organization\",\"@id\":\"https:\\\/\\\/mineraleslunallena.com\\\/#organization\",\"name\":\"LUNA LLENA MINERALES\",\"url\":\"https:\\\/\\\/mineraleslunallena.com\\\/\",\"logo\":{\"@type\":\"ImageObject\",\"inLanguage\":\"ca\",\"@id\":\"https:\\\/\\\/mineraleslunallena.com\\\/#\\\/schema\\\/logo\\\/image\\\/\",\"url\":\"https:\\\/\\\/mineraleslunallena.com\\\/wp-content\\\/uploads\\\/2023\\\/07\\\/LUNA-LLENA-LOGO-nuevo.png\",\"contentUrl\":\"https:\\\/\\\/mineraleslunallena.com\\\/wp-content\\\/uploads\\\/2023\\\/07\\\/LUNA-LLENA-LOGO-nuevo.png\",\"width\":229,\"height\":167,\"caption\":\"LUNA LLENA MINERALES\"},\"image\":{\"@id\":\"https:\\\/\\\/mineraleslunallena.com\\\/#\\\/schema\\\/logo\\\/image\\\/\"}}]}<\/script>\n<!-- \/ Yoast SEO plugin. -->","yoast_head_json":{"title":"Coraz\u00f3n Citrino Natural Extra Colgante Plata | \u00c9xito - Abundancia - MINERALES LUNA LLENA","robots":{"index":"index","follow":"follow","max-snippet":"max-snippet:-1","max-image-preview":"max-image-preview:large","max-video-preview":"max-video-preview:-1"},"canonical":"https:\/\/mineraleslunallena.com\/ca\/producte\/colgante-corazon-citrino-natural-extra-exito-abundancia\/","og_locale":"ca_ES","og_type":"article","og_title":"Coraz\u00f3n Citrino Natural Extra Colgante Plata | \u00c9xito - Abundancia - MINERALES LUNA LLENA","og_description":"Es el mineral del \u00c9xito y la Abundancia por excelencia. Atrae la felicidad , prosperidad y alegr\u00eda,\u00a0 adem\u00e1s de ayudarte a tener una actitud m\u00e1s positiva y optimista ante la vida.  Mejora tu autoestima, Da mayor vitalidad y estimula la creatividad.  Elimina pensamientos negativos y ayuda a conciliar el sue\u00f1o.  &nbsp;  Material: Plata de Ley 925.  Cantidad: 1 Unidad. El precio es por una unidad.  Tama\u00f1o: Entre 2 cm y 4cm aproximadamente.  Forma: Colgante Coraz\u00f3n.","og_url":"https:\/\/mineraleslunallena.com\/ca\/producte\/colgante-corazon-citrino-natural-extra-exito-abundancia\/","og_site_name":"MINERALES LUNA LLENA","article_modified_time":"2025-03-23T17:58:11+00:00","og_image":[{"width":1153,"height":2560,"url":"https:\/\/mineraleslunallena.com\/wp-content\/uploads\/2024\/10\/IMG_20240923_205902-scaled.jpg","type":"image\/jpeg"}],"twitter_card":"summary_large_image","twitter_misc":{"Temps estimat de lectura":"1 minut"},"schema":{"@context":"https:\/\/schema.org","@graph":[{"@type":"WebPage","@id":"https:\/\/mineraleslunallena.com\/producto\/colgante-corazon-citrino-natural-extra-exito-abundancia\/","url":"https:\/\/mineraleslunallena.com\/producto\/colgante-corazon-citrino-natural-extra-exito-abundancia\/","name":"Coraz\u00f3n Citrino Natural Extra Colgante Plata | \u00c9xito - Abundancia - MINERALES LUNA LLENA","isPartOf":{"@id":"https:\/\/mineraleslunallena.com\/#website"},"primaryImageOfPage":{"@id":"https:\/\/mineraleslunallena.com\/producto\/colgante-corazon-citrino-natural-extra-exito-abundancia\/#primaryimage"},"image":{"@id":"https:\/\/mineraleslunallena.com\/producto\/colgante-corazon-citrino-natural-extra-exito-abundancia\/#primaryimage"},"thumbnailUrl":"https:\/\/mineraleslunallena.com\/wp-content\/uploads\/2024\/10\/IMG_20240923_205902-scaled.jpg","datePublished":"2024-10-02T15:36:57+00:00","dateModified":"2025-03-23T17:58:11+00:00","breadcrumb":{"@id":"https:\/\/mineraleslunallena.com\/producto\/colgante-corazon-citrino-natural-extra-exito-abundancia\/#breadcrumb"},"inLanguage":"ca","potentialAction":[{"@type":"ReadAction","target":["https:\/\/mineraleslunallena.com\/producto\/colgante-corazon-citrino-natural-extra-exito-abundancia\/"]}]},{"@type":"ImageObject","inLanguage":"ca","@id":"https:\/\/mineraleslunallena.com\/producto\/colgante-corazon-citrino-natural-extra-exito-abundancia\/#primaryimage","url":"https:\/\/mineraleslunallena.com\/wp-content\/uploads\/2024\/10\/IMG_20240923_205902-scaled.jpg","contentUrl":"https:\/\/mineraleslunallena.com\/wp-content\/uploads\/2024\/10\/IMG_20240923_205902-scaled.jpg","width":1153,"height":2560},{"@type":"BreadcrumbList","@id":"https:\/\/mineraleslunallena.com\/producto\/colgante-corazon-citrino-natural-extra-exito-abundancia\/#breadcrumb","itemListElement":[{"@type":"ListItem","position":1,"name":"Portada","item":"https:\/\/mineraleslunallena.com\/"},{"@type":"ListItem","position":2,"name":"Shop","item":"https:\/\/mineraleslunallena.com\/ca\/shop\/"},{"@type":"ListItem","position":3,"name":"Coraz\u00f3n Citrino Natural Extra Colgante Plata | \u00c9xito &#8211; Abundancia"}]},{"@type":"WebSite","@id":"https:\/\/mineraleslunallena.com\/#website","url":"https:\/\/mineraleslunallena.com\/","name":"LLUNA PLENA MINERALS","description":"\u00c9s el moment de connectar-te amb el teu poder i confiar en les teves habilitats.","publisher":{"@id":"https:\/\/mineraleslunallena.com\/#organization"},"potentialAction":[{"@type":"SearchAction","target":{"@type":"EntryPoint","urlTemplate":"https:\/\/mineraleslunallena.com\/?s={search_term_string}"},"query-input":{"@type":"PropertyValueSpecification","valueRequired":true,"valueName":"search_term_string"}}],"inLanguage":"ca"},{"@type":"Organization","@id":"https:\/\/mineraleslunallena.com\/#organization","name":"LLUNA PLENA MINERALS","url":"https:\/\/mineraleslunallena.com\/","logo":{"@type":"ImageObject","inLanguage":"ca","@id":"https:\/\/mineraleslunallena.com\/#\/schema\/logo\/image\/","url":"https:\/\/mineraleslunallena.com\/wp-content\/uploads\/2023\/07\/LUNA-LLENA-LOGO-nuevo.png","contentUrl":"https:\/\/mineraleslunallena.com\/wp-content\/uploads\/2023\/07\/LUNA-LLENA-LOGO-nuevo.png","width":229,"height":167,"caption":"LUNA LLENA MINERALES"},"image":{"@id":"https:\/\/mineraleslunallena.com\/#\/schema\/logo\/image\/"}}]}},"_links":{"self":[{"href":"https:\/\/mineraleslunallena.com\/ca\/wp-json\/wp\/v2\/product\/4626","targetHints":{"allow":["GET"]}}],"collection":[{"href":"https:\/\/mineraleslunallena.com\/ca\/wp-json\/wp\/v2\/product"}],"about":[{"href":"https:\/\/mineraleslunallena.com\/ca\/wp-json\/wp\/v2\/types\/product"}],"version-history":[{"count":7,"href":"https:\/\/mineraleslunallena.com\/ca\/wp-json\/wp\/v2\/product\/4626\/revisions"}],"predecessor-version":[{"id":4954,"href":"https:\/\/mineraleslunallena.com\/ca\/wp-json\/wp\/v2\/product\/4626\/revisions\/4954"}],"wp:featuredmedia":[{"embeddable":true,"href":"https:\/\/mineraleslunallena.com\/ca\/wp-json\/wp\/v2\/media\/4703"}],"wp:attachment":[{"href":"https:\/\/mineraleslunallena.com\/ca\/wp-json\/wp\/v2\/media?parent=4626"}],"wp:term":[{"taxonomy":"product_cat","embeddable":true,"href":"https:\/\/mineraleslunallena.com\/ca\/wp-json\/wp\/v2\/product_cat?post=4626"},{"taxonomy":"product_tag","embeddable":true,"href":"https:\/\/mineraleslunallena.com\/ca\/wp-json\/wp\/v2\/product_tag?post=4626"}],"curies":[{"name":"wp","href":"https:\/\/api.w.org\/{rel}","templated":true}]}}