{"id":4672,"date":"2024-10-02T20:11:34","date_gmt":"2024-10-02T18:11:34","guid":{"rendered":"https:\/\/mineraleslunallena.com\/?post_type=product&#038;p=4672"},"modified":"2025-11-18T18:58:34","modified_gmt":"2025-11-18T17:58:34","slug":"esfera-mini-de-selenita-i","status":"publish","type":"product","link":"https:\/\/mineraleslunallena.com\/ca\/producte\/esfera-mini-de-selenita-i\/","title":{"rendered":"Esfera Mini de Selenita I Limpieza &#8211; Bienestar Emocional"},"content":{"rendered":"<p>La Esfera Mini de Selenita es una aliada poderosa en tu camino espiritual y bienestar emocional. Libera bloqueos y negatividad, purificando tu energ\u00eda y creando un espacio claro y positivo a tu alrededor. Eleva tus pr\u00e1cticas meditativas, induciendo una calma profunda y permiti\u00e9ndote conectar con tu interior m\u00e1s profundo. Fomenta un flujo energ\u00e9tico equilibrado en tu entorno, promoviendo la armon\u00eda y el equilibrio en tu vida diaria. Facilita la conexi\u00f3n con dimensiones superiores de conciencia, gui\u00e1ndote hacia una comprensi\u00f3n m\u00e1s profunda de ti mismo y del universo. Despeja la mente y promueve la claridad en pensamientos, ayud\u00e1ndote a tomar decisiones con sabidur\u00eda y discernimiento. Equilibra y restaura en todos los niveles de tu ser, promoviendo una sanaci\u00f3n integral y profunda. Gui\u00e1ndote hacia la elevaci\u00f3n y evoluci\u00f3n espiritual, te acompa\u00f1a en tu viaje de transformaci\u00f3n y crecimiento personal. En momentos de b\u00fasqueda de paz y armon\u00eda, la esfera de selenita es tu compa\u00f1era ideal, brind\u00e1ndote paz interior y equilibrio en tu camino.<\/p>\n<p>Quantitat: 1 Unitat. El preu \u00e9s per una unitat.<br \/>\nTama\u00f1o: Entre 3.5 y 4 cent\u00edmetros aproximadamente.<br \/>\nForma: Esfera.<\/p>","protected":false},"excerpt":{"rendered":"<p>La Esfera Mini de Selenita es una aliada poderosa en tu camino espiritual y bienestar emocional. Libera bloqueos y negatividad, purificando tu energ\u00eda y creando un espacio claro y positivo a tu alrededor. Eleva tus pr\u00e1cticas meditativas, induciendo una calma profunda y permiti\u00e9ndote conectar con tu interior m\u00e1s profundo. Fomenta un flujo energ\u00e9tico equilibrado en tu entorno, promoviendo la armon\u00eda y el equilibrio en tu vida diaria. Facilita la conexi\u00f3n con dimensiones superiores de conciencia, gui\u00e1ndote hacia una comprensi\u00f3n m\u00e1s profunda de ti mismo y del universo. Despeja la mente y promueve la claridad en pensamientos, ayud\u00e1ndote a tomar decisiones con sabidur\u00eda y discernimiento. Equilibra y restaura en todos los niveles de tu ser, promoviendo una sanaci\u00f3n integral y profunda. Gui\u00e1ndote hacia la elevaci\u00f3n y evoluci\u00f3n espiritual, te acompa\u00f1a en tu viaje de transformaci\u00f3n y crecimiento personal. En momentos de b\u00fasqueda de paz y armon\u00eda, la esfera de selenita es tu compa\u00f1era ideal, brind\u00e1ndote paz interior y equilibrio en tu camino.<\/p>\n<p>Quantitat: 1 Unitat. El preu \u00e9s per una unitat.<br \/>\nTama\u00f1o: Entre 3.5 y 4 cent\u00edmetros aproximadamente.<br \/>\nForma: Esfera.<\/p>","protected":false},"featured_media":5321,"template":"","meta":[],"product_cat":[73,69,75],"product_tag":[],"class_list":{"0":"post-4672","1":"product","2":"type-product","3":"status-publish","4":"has-post-thumbnail","6":"product_cat-esferas","7":"product_cat-minerales","8":"product_cat-https-mineraleslunallena-com-categoria-minerales-selenita","10":"first","11":"instock","12":"sale","13":"taxable","14":"shipping-taxable","15":"purchasable","16":"product-type-simple"},"yoast_head":"<!-- This site is optimized with the Yoast SEO plugin v27.3 - https:\/\/yoast.com\/product\/yoast-seo-wordpress\/ -->\n<title>Esfera Mini de Selenita I Limpieza - Bienestar Emocional - MINERALES LUNA LLENA<\/title>\n<meta name=\"robots\" content=\"index, follow, max-snippet:-1, max-image-preview:large, max-video-preview:-1\" \/>\n<link rel=\"canonical\" href=\"https:\/\/mineraleslunallena.com\/ca\/producte\/esfera-mini-de-selenita-i\/\" \/>\n<meta property=\"og:locale\" content=\"ca_ES\" \/>\n<meta property=\"og:type\" content=\"article\" \/>\n<meta property=\"og:title\" content=\"Esfera Mini de Selenita I Limpieza - Bienestar Emocional - MINERALES LUNA LLENA\" \/>\n<meta property=\"og:description\" content=\"La Esfera Mini de Selenita es una aliada poderosa en tu camino espiritual y bienestar emocional. Libera bloqueos y negatividad, purificando tu energ\u00eda y creando un espacio claro y positivo a tu alrededor. Eleva tus pr\u00e1cticas meditativas, induciendo una calma profunda y permiti\u00e9ndote conectar con tu interior m\u00e1s profundo. Fomenta un flujo energ\u00e9tico equilibrado en tu entorno, promoviendo la armon\u00eda y el equilibrio en tu vida diaria. Facilita la conexi\u00f3n con dimensiones superiores de conciencia, gui\u00e1ndote hacia una comprensi\u00f3n m\u00e1s profunda de ti mismo y del universo. Despeja la mente y promueve la claridad en pensamientos, ayud\u00e1ndote a tomar decisiones con sabidur\u00eda y discernimiento. Equilibra y restaura en todos los niveles de tu ser, promoviendo una sanaci\u00f3n integral y profunda. Gui\u00e1ndote hacia la elevaci\u00f3n y evoluci\u00f3n espiritual, te acompa\u00f1a en tu viaje de transformaci\u00f3n y crecimiento personal. En momentos de b\u00fasqueda de paz y armon\u00eda, la esfera de selenita es tu compa\u00f1era ideal, brind\u00e1ndote paz interior y equilibrio en tu camino.  Cantidad: 1 Unidad. El precio es por una unidad. Tama\u00f1o: Entre 3.5 y 4 cent\u00edmetros aproximadamente. Forma: Esfera.\" \/>\n<meta property=\"og:url\" content=\"https:\/\/mineraleslunallena.com\/ca\/producte\/esfera-mini-de-selenita-i\/\" \/>\n<meta property=\"og:site_name\" content=\"MINERALES LUNA LLENA\" \/>\n<meta property=\"article:modified_time\" content=\"2025-11-18T17:58:34+00:00\" \/>\n<meta property=\"og:image\" content=\"https:\/\/mineraleslunallena.com\/wp-content\/uploads\/2024\/10\/minibolitaselenpot-scaled.jpg\" \/>\n\t<meta property=\"og:image:width\" content=\"1153\" \/>\n\t<meta property=\"og:image:height\" content=\"2560\" \/>\n\t<meta property=\"og:image:type\" content=\"image\/jpeg\" \/>\n<meta name=\"twitter:card\" content=\"summary_large_image\" \/>\n<meta name=\"twitter:label1\" content=\"Temps estimat de lectura\" \/>\n\t<meta name=\"twitter:data1\" content=\"2 minuts\" \/>\n<script type=\"application\/ld+json\" class=\"yoast-schema-graph\">{\"@context\":\"https:\\\/\\\/schema.org\",\"@graph\":[{\"@type\":\"WebPage\",\"@id\":\"https:\\\/\\\/mineraleslunallena.com\\\/producto\\\/esfera-mini-de-selenita-i\\\/\",\"url\":\"https:\\\/\\\/mineraleslunallena.com\\\/producto\\\/esfera-mini-de-selenita-i\\\/\",\"name\":\"Esfera Mini de Selenita I Limpieza - Bienestar Emocional - MINERALES LUNA LLENA\",\"isPartOf\":{\"@id\":\"https:\\\/\\\/mineraleslunallena.com\\\/#website\"},\"primaryImageOfPage\":{\"@id\":\"https:\\\/\\\/mineraleslunallena.com\\\/producto\\\/esfera-mini-de-selenita-i\\\/#primaryimage\"},\"image\":{\"@id\":\"https:\\\/\\\/mineraleslunallena.com\\\/producto\\\/esfera-mini-de-selenita-i\\\/#primaryimage\"},\"thumbnailUrl\":\"https:\\\/\\\/mineraleslunallena.com\\\/wp-content\\\/uploads\\\/2024\\\/10\\\/minibolitaselenpot-scaled.jpg\",\"datePublished\":\"2024-10-02T18:11:34+00:00\",\"dateModified\":\"2025-11-18T17:58:34+00:00\",\"breadcrumb\":{\"@id\":\"https:\\\/\\\/mineraleslunallena.com\\\/producto\\\/esfera-mini-de-selenita-i\\\/#breadcrumb\"},\"inLanguage\":\"ca\",\"potentialAction\":[{\"@type\":\"ReadAction\",\"target\":[\"https:\\\/\\\/mineraleslunallena.com\\\/producto\\\/esfera-mini-de-selenita-i\\\/\"]}]},{\"@type\":\"ImageObject\",\"inLanguage\":\"ca\",\"@id\":\"https:\\\/\\\/mineraleslunallena.com\\\/producto\\\/esfera-mini-de-selenita-i\\\/#primaryimage\",\"url\":\"https:\\\/\\\/mineraleslunallena.com\\\/wp-content\\\/uploads\\\/2024\\\/10\\\/minibolitaselenpot-scaled.jpg\",\"contentUrl\":\"https:\\\/\\\/mineraleslunallena.com\\\/wp-content\\\/uploads\\\/2024\\\/10\\\/minibolitaselenpot-scaled.jpg\",\"width\":1153,\"height\":2560},{\"@type\":\"BreadcrumbList\",\"@id\":\"https:\\\/\\\/mineraleslunallena.com\\\/producto\\\/esfera-mini-de-selenita-i\\\/#breadcrumb\",\"itemListElement\":[{\"@type\":\"ListItem\",\"position\":1,\"name\":\"Portada\",\"item\":\"https:\\\/\\\/mineraleslunallena.com\\\/\"},{\"@type\":\"ListItem\",\"position\":2,\"name\":\"Shop\",\"item\":\"https:\\\/\\\/mineraleslunallena.com\\\/ca\\\/shop\\\/\"},{\"@type\":\"ListItem\",\"position\":3,\"name\":\"Esfera Mini de Selenita I Limpieza &#8211; Bienestar Emocional\"}]},{\"@type\":\"WebSite\",\"@id\":\"https:\\\/\\\/mineraleslunallena.com\\\/#website\",\"url\":\"https:\\\/\\\/mineraleslunallena.com\\\/\",\"name\":\"LUNA LLENA MINERALES\",\"description\":\"Es el momento de conectarte con tu propio poder y confiar en tus habilidades.\",\"publisher\":{\"@id\":\"https:\\\/\\\/mineraleslunallena.com\\\/#organization\"},\"potentialAction\":[{\"@type\":\"SearchAction\",\"target\":{\"@type\":\"EntryPoint\",\"urlTemplate\":\"https:\\\/\\\/mineraleslunallena.com\\\/?s={search_term_string}\"},\"query-input\":{\"@type\":\"PropertyValueSpecification\",\"valueRequired\":true,\"valueName\":\"search_term_string\"}}],\"inLanguage\":\"ca\"},{\"@type\":\"Organization\",\"@id\":\"https:\\\/\\\/mineraleslunallena.com\\\/#organization\",\"name\":\"LUNA LLENA MINERALES\",\"url\":\"https:\\\/\\\/mineraleslunallena.com\\\/\",\"logo\":{\"@type\":\"ImageObject\",\"inLanguage\":\"ca\",\"@id\":\"https:\\\/\\\/mineraleslunallena.com\\\/#\\\/schema\\\/logo\\\/image\\\/\",\"url\":\"https:\\\/\\\/mineraleslunallena.com\\\/wp-content\\\/uploads\\\/2023\\\/07\\\/LUNA-LLENA-LOGO-nuevo.png\",\"contentUrl\":\"https:\\\/\\\/mineraleslunallena.com\\\/wp-content\\\/uploads\\\/2023\\\/07\\\/LUNA-LLENA-LOGO-nuevo.png\",\"width\":229,\"height\":167,\"caption\":\"LUNA LLENA MINERALES\"},\"image\":{\"@id\":\"https:\\\/\\\/mineraleslunallena.com\\\/#\\\/schema\\\/logo\\\/image\\\/\"}}]}<\/script>\n<!-- \/ Yoast SEO plugin. -->","yoast_head_json":{"title":"Esfera Mini de Selenita I Limpieza - Bienestar Emocional - MINERALES LUNA LLENA","robots":{"index":"index","follow":"follow","max-snippet":"max-snippet:-1","max-image-preview":"max-image-preview:large","max-video-preview":"max-video-preview:-1"},"canonical":"https:\/\/mineraleslunallena.com\/ca\/producte\/esfera-mini-de-selenita-i\/","og_locale":"ca_ES","og_type":"article","og_title":"Esfera Mini de Selenita I Limpieza - Bienestar Emocional - MINERALES LUNA LLENA","og_description":"La Esfera Mini de Selenita es una aliada poderosa en tu camino espiritual y bienestar emocional. Libera bloqueos y negatividad, purificando tu energ\u00eda y creando un espacio claro y positivo a tu alrededor. Eleva tus pr\u00e1cticas meditativas, induciendo una calma profunda y permiti\u00e9ndote conectar con tu interior m\u00e1s profundo. Fomenta un flujo energ\u00e9tico equilibrado en tu entorno, promoviendo la armon\u00eda y el equilibrio en tu vida diaria. Facilita la conexi\u00f3n con dimensiones superiores de conciencia, gui\u00e1ndote hacia una comprensi\u00f3n m\u00e1s profunda de ti mismo y del universo. Despeja la mente y promueve la claridad en pensamientos, ayud\u00e1ndote a tomar decisiones con sabidur\u00eda y discernimiento. Equilibra y restaura en todos los niveles de tu ser, promoviendo una sanaci\u00f3n integral y profunda. Gui\u00e1ndote hacia la elevaci\u00f3n y evoluci\u00f3n espiritual, te acompa\u00f1a en tu viaje de transformaci\u00f3n y crecimiento personal. En momentos de b\u00fasqueda de paz y armon\u00eda, la esfera de selenita es tu compa\u00f1era ideal, brind\u00e1ndote paz interior y equilibrio en tu camino.  Cantidad: 1 Unidad. El precio es por una unidad. Tama\u00f1o: Entre 3.5 y 4 cent\u00edmetros aproximadamente. Forma: Esfera.","og_url":"https:\/\/mineraleslunallena.com\/ca\/producte\/esfera-mini-de-selenita-i\/","og_site_name":"MINERALES LUNA LLENA","article_modified_time":"2025-11-18T17:58:34+00:00","og_image":[{"width":1153,"height":2560,"url":"https:\/\/mineraleslunallena.com\/wp-content\/uploads\/2024\/10\/minibolitaselenpot-scaled.jpg","type":"image\/jpeg"}],"twitter_card":"summary_large_image","twitter_misc":{"Temps estimat de lectura":"2 minuts"},"schema":{"@context":"https:\/\/schema.org","@graph":[{"@type":"WebPage","@id":"https:\/\/mineraleslunallena.com\/producto\/esfera-mini-de-selenita-i\/","url":"https:\/\/mineraleslunallena.com\/producto\/esfera-mini-de-selenita-i\/","name":"Esfera Mini de Selenita I Limpieza - Bienestar Emocional - MINERALES LUNA LLENA","isPartOf":{"@id":"https:\/\/mineraleslunallena.com\/#website"},"primaryImageOfPage":{"@id":"https:\/\/mineraleslunallena.com\/producto\/esfera-mini-de-selenita-i\/#primaryimage"},"image":{"@id":"https:\/\/mineraleslunallena.com\/producto\/esfera-mini-de-selenita-i\/#primaryimage"},"thumbnailUrl":"https:\/\/mineraleslunallena.com\/wp-content\/uploads\/2024\/10\/minibolitaselenpot-scaled.jpg","datePublished":"2024-10-02T18:11:34+00:00","dateModified":"2025-11-18T17:58:34+00:00","breadcrumb":{"@id":"https:\/\/mineraleslunallena.com\/producto\/esfera-mini-de-selenita-i\/#breadcrumb"},"inLanguage":"ca","potentialAction":[{"@type":"ReadAction","target":["https:\/\/mineraleslunallena.com\/producto\/esfera-mini-de-selenita-i\/"]}]},{"@type":"ImageObject","inLanguage":"ca","@id":"https:\/\/mineraleslunallena.com\/producto\/esfera-mini-de-selenita-i\/#primaryimage","url":"https:\/\/mineraleslunallena.com\/wp-content\/uploads\/2024\/10\/minibolitaselenpot-scaled.jpg","contentUrl":"https:\/\/mineraleslunallena.com\/wp-content\/uploads\/2024\/10\/minibolitaselenpot-scaled.jpg","width":1153,"height":2560},{"@type":"BreadcrumbList","@id":"https:\/\/mineraleslunallena.com\/producto\/esfera-mini-de-selenita-i\/#breadcrumb","itemListElement":[{"@type":"ListItem","position":1,"name":"Portada","item":"https:\/\/mineraleslunallena.com\/"},{"@type":"ListItem","position":2,"name":"Shop","item":"https:\/\/mineraleslunallena.com\/ca\/shop\/"},{"@type":"ListItem","position":3,"name":"Esfera Mini de Selenita I Limpieza &#8211; Bienestar Emocional"}]},{"@type":"WebSite","@id":"https:\/\/mineraleslunallena.com\/#website","url":"https:\/\/mineraleslunallena.com\/","name":"LLUNA PLENA MINERALS","description":"\u00c9s el moment de connectar-te amb el teu poder i confiar en les teves habilitats.","publisher":{"@id":"https:\/\/mineraleslunallena.com\/#organization"},"potentialAction":[{"@type":"SearchAction","target":{"@type":"EntryPoint","urlTemplate":"https:\/\/mineraleslunallena.com\/?s={search_term_string}"},"query-input":{"@type":"PropertyValueSpecification","valueRequired":true,"valueName":"search_term_string"}}],"inLanguage":"ca"},{"@type":"Organization","@id":"https:\/\/mineraleslunallena.com\/#organization","name":"LLUNA PLENA MINERALS","url":"https:\/\/mineraleslunallena.com\/","logo":{"@type":"ImageObject","inLanguage":"ca","@id":"https:\/\/mineraleslunallena.com\/#\/schema\/logo\/image\/","url":"https:\/\/mineraleslunallena.com\/wp-content\/uploads\/2023\/07\/LUNA-LLENA-LOGO-nuevo.png","contentUrl":"https:\/\/mineraleslunallena.com\/wp-content\/uploads\/2023\/07\/LUNA-LLENA-LOGO-nuevo.png","width":229,"height":167,"caption":"LUNA LLENA MINERALES"},"image":{"@id":"https:\/\/mineraleslunallena.com\/#\/schema\/logo\/image\/"}}]}},"_links":{"self":[{"href":"https:\/\/mineraleslunallena.com\/ca\/wp-json\/wp\/v2\/product\/4672","targetHints":{"allow":["GET"]}}],"collection":[{"href":"https:\/\/mineraleslunallena.com\/ca\/wp-json\/wp\/v2\/product"}],"about":[{"href":"https:\/\/mineraleslunallena.com\/ca\/wp-json\/wp\/v2\/types\/product"}],"version-history":[{"count":3,"href":"https:\/\/mineraleslunallena.com\/ca\/wp-json\/wp\/v2\/product\/4672\/revisions"}],"predecessor-version":[{"id":4678,"href":"https:\/\/mineraleslunallena.com\/ca\/wp-json\/wp\/v2\/product\/4672\/revisions\/4678"}],"wp:featuredmedia":[{"embeddable":true,"href":"https:\/\/mineraleslunallena.com\/ca\/wp-json\/wp\/v2\/media\/5321"}],"wp:attachment":[{"href":"https:\/\/mineraleslunallena.com\/ca\/wp-json\/wp\/v2\/media?parent=4672"}],"wp:term":[{"taxonomy":"product_cat","embeddable":true,"href":"https:\/\/mineraleslunallena.com\/ca\/wp-json\/wp\/v2\/product_cat?post=4672"},{"taxonomy":"product_tag","embeddable":true,"href":"https:\/\/mineraleslunallena.com\/ca\/wp-json\/wp\/v2\/product_tag?post=4672"}],"curies":[{"name":"wp","href":"https:\/\/api.w.org\/{rel}","templated":true}]}}