{"id":4728,"date":"2024-10-11T20:30:40","date_gmt":"2024-10-11T18:30:40","guid":{"rendered":"https:\/\/mineraleslunallena.com\/?post_type=product&#038;p=4728"},"modified":"2025-07-19T18:34:07","modified_gmt":"2025-07-19T16:34:07","slug":"pulsera-de-larvikita-labradorita-negra-i-enfrentar-desafios-confianza","status":"publish","type":"product","link":"https:\/\/mineraleslunallena.com\/ca\/producte\/pulsera-de-larvikita-labradorita-negra-i-enfrentar-desafios-confianza\/","title":{"rendered":"Pulsera de Larvikita &#8211; Labradorita Negra I Enfrentar Desaf\u00edos &#8211; Confianza"},"content":{"rendered":"<div class=\"flex-shrink-0 flex flex-col relative items-end\">\n<div>\n<div class=\"pt-0\">\n<div class=\"gizmo-bot-avatar flex h-8 w-8 items-center justify-center overflow-hidden rounded-full\">\n<div class=\"relative p-1 rounded-sm flex items-center justify-center bg-token-main-surface-primary text-token-text-primary h-8 w-8\"><\/div>\n<\/div>\n<\/div>\n<\/div>\n<\/div>\n<div class=\"group\/conversation-turn relative flex w-full min-w-0 flex-col agent-turn\">\n<div class=\"flex-col gap-1 md:gap-3\">\n<div class=\"flex max-w-full flex-col flex-grow\">\n<div class=\"min-h-8 text-message flex w-full flex-col items-end gap-2 whitespace-normal break-words [.text-message+&amp;]:mt-5\" dir=\"auto\" data-message-author-role=\"assistant\" data-message-id=\"eaeca842-0ee5-42e0-9417-7d732deec0f2\">\n<div class=\"flex w-full flex-col gap-1 empty:hidden first:pt-[3px]\">\n<div class=\"markdown prose w-full break-words dark:prose-invert light\">\n<p>Las pulseras de Larvikita o Labradorita Negra son reconocidas por su capacidad para promover la protecci\u00f3n y el equilibrio energ\u00e9tico. Este mineral ayuda a crear un escudo contra las energ\u00edas negativas y las influencias externas, favoreciendo un ambiente de paz y serenidad.<\/p>\n<p>Su vibraci\u00f3n oscura y misteriosa estimula la intuici\u00f3n y la conexi\u00f3n con el mundo espiritual, facilitando la meditaci\u00f3n y la introspecci\u00f3n. Fomenta el crecimiento personal y la transformaci\u00f3n, ayud\u00e1ndote a enfrentar desaf\u00edos con confianza.<\/p>\n<p>Son un poderoso talism\u00e1n de protecci\u00f3n y autoconocimiento. Su uso regular puede contribuir a la claridad mental y al equilibrio emocional en la vida cotidiana.<\/p>\n<p>&nbsp;<\/p>\n<p>Cantidad: 1 Unidad. El precio es por una unidad.<\/p>\n<p>Tama\u00f1o: 8mm.<\/p>\n<\/div>\n<p>Forma: Pulsera Bola.<\/p>\n<\/div>\n<\/div>\n<\/div>\n<\/div>\n<\/div>\n","protected":false},"excerpt":{"rendered":"<div class=\"markdown prose w-full break-words dark:prose-invert light\">\n<p>Las pulseras de Larvikita o Labradorita Negra son reconocidas por su capacidad para promover la protecci\u00f3n y el equilibrio energ\u00e9tico. Este mineral ayuda a crear un escudo contra las energ\u00edas negativas y las influencias externas, favoreciendo un ambiente de paz y serenidad.<\/p>\n<p>Su vibraci\u00f3n oscura y misteriosa estimula la intuici\u00f3n y la conexi\u00f3n con el mundo espiritual, facilitando la meditaci\u00f3n y la introspecci\u00f3n. Fomenta el crecimiento personal y la transformaci\u00f3n, ayud\u00e1ndote a enfrentar desaf\u00edos con confianza.<\/p>\n<p>Son un poderoso talism\u00e1n de protecci\u00f3n y autoconocimiento. Su uso regular puede contribuir a la claridad mental y al equilibrio emocional en la vida cotidiana.<\/p>\n<p>&nbsp;<\/p>\n<p>Quantitat: 1 Unitat. El preu \u00e9s per una unitat.<\/p>\n<p>Tama\u00f1o: 8mm.<\/p>\n<\/div>\n<p>Forma: Pulsera Bola.<\/p>","protected":false},"featured_media":4986,"template":"","meta":[],"product_cat":[70,78,102],"product_tag":[],"class_list":{"0":"post-4728","1":"product","2":"type-product","3":"status-publish","4":"has-post-thumbnail","6":"product_cat-joyas-y-accesorios","7":"product_cat-pulseras","8":"product_cat-pulseras-bola","10":"first","11":"instock","12":"sale","13":"taxable","14":"shipping-taxable","15":"purchasable","16":"product-type-simple"},"yoast_head":"<!-- This site is optimized with the Yoast SEO plugin v27.3 - https:\/\/yoast.com\/product\/yoast-seo-wordpress\/ -->\n<title>Pulsera de Larvikita - Labradorita Negra I Enfrentar Desaf\u00edos - Confianza - MINERALES LUNA LLENA<\/title>\n<meta name=\"robots\" content=\"index, follow, max-snippet:-1, max-image-preview:large, max-video-preview:-1\" \/>\n<link rel=\"canonical\" href=\"https:\/\/mineraleslunallena.com\/ca\/producte\/pulsera-de-larvikita-labradorita-negra-i-enfrentar-desafios-confianza\/\" \/>\n<meta property=\"og:locale\" content=\"ca_ES\" \/>\n<meta property=\"og:type\" content=\"article\" \/>\n<meta property=\"og:title\" content=\"Pulsera de Larvikita - Labradorita Negra I Enfrentar Desaf\u00edos - Confianza - MINERALES LUNA LLENA\" \/>\n<meta property=\"og:description\" content=\"Las pulseras de Larvikita o Labradorita Negra son reconocidas por su capacidad para promover la protecci\u00f3n y el equilibrio energ\u00e9tico. Este mineral ayuda a crear un escudo contra las energ\u00edas negativas y las influencias externas, favoreciendo un ambiente de paz y serenidad.  Su vibraci\u00f3n oscura y misteriosa estimula la intuici\u00f3n y la conexi\u00f3n con el mundo espiritual, facilitando la meditaci\u00f3n y la introspecci\u00f3n. Fomenta el crecimiento personal y la transformaci\u00f3n, ayud\u00e1ndote a enfrentar desaf\u00edos con confianza.  Son un poderoso talism\u00e1n de protecci\u00f3n y autoconocimiento. Su uso regular puede contribuir a la claridad mental y al equilibrio emocional en la vida cotidiana.  &nbsp;  Cantidad: 1 Unidad. El precio es por una unidad.  Tama\u00f1o: 8mm.   Forma: Pulsera Bola.\" \/>\n<meta property=\"og:url\" content=\"https:\/\/mineraleslunallena.com\/ca\/producte\/pulsera-de-larvikita-labradorita-negra-i-enfrentar-desafios-confianza\/\" \/>\n<meta property=\"og:site_name\" content=\"MINERALES LUNA LLENA\" \/>\n<meta property=\"article:modified_time\" content=\"2025-07-19T16:34:07+00:00\" \/>\n<meta property=\"og:image\" content=\"https:\/\/mineraleslunallena.com\/wp-content\/uploads\/2024\/10\/pulslarvikitaport-scaled.jpg\" \/>\n\t<meta property=\"og:image:width\" content=\"1153\" \/>\n\t<meta property=\"og:image:height\" content=\"2560\" \/>\n\t<meta property=\"og:image:type\" content=\"image\/jpeg\" \/>\n<meta name=\"twitter:card\" content=\"summary_large_image\" \/>\n<meta name=\"twitter:label1\" content=\"Temps estimat de lectura\" \/>\n\t<meta name=\"twitter:data1\" content=\"1 minut\" \/>\n<script type=\"application\/ld+json\" class=\"yoast-schema-graph\">{\"@context\":\"https:\\\/\\\/schema.org\",\"@graph\":[{\"@type\":\"WebPage\",\"@id\":\"https:\\\/\\\/mineraleslunallena.com\\\/producto\\\/pulsera-de-larvikita-labradorita-negra-i-enfrentar-desafios-confianza\\\/\",\"url\":\"https:\\\/\\\/mineraleslunallena.com\\\/producto\\\/pulsera-de-larvikita-labradorita-negra-i-enfrentar-desafios-confianza\\\/\",\"name\":\"Pulsera de Larvikita - Labradorita Negra I Enfrentar Desaf\u00edos - Confianza - MINERALES LUNA LLENA\",\"isPartOf\":{\"@id\":\"https:\\\/\\\/mineraleslunallena.com\\\/#website\"},\"primaryImageOfPage\":{\"@id\":\"https:\\\/\\\/mineraleslunallena.com\\\/producto\\\/pulsera-de-larvikita-labradorita-negra-i-enfrentar-desafios-confianza\\\/#primaryimage\"},\"image\":{\"@id\":\"https:\\\/\\\/mineraleslunallena.com\\\/producto\\\/pulsera-de-larvikita-labradorita-negra-i-enfrentar-desafios-confianza\\\/#primaryimage\"},\"thumbnailUrl\":\"https:\\\/\\\/mineraleslunallena.com\\\/wp-content\\\/uploads\\\/2024\\\/10\\\/pulslarvikitaport-scaled.jpg\",\"datePublished\":\"2024-10-11T18:30:40+00:00\",\"dateModified\":\"2025-07-19T16:34:07+00:00\",\"breadcrumb\":{\"@id\":\"https:\\\/\\\/mineraleslunallena.com\\\/producto\\\/pulsera-de-larvikita-labradorita-negra-i-enfrentar-desafios-confianza\\\/#breadcrumb\"},\"inLanguage\":\"ca\",\"potentialAction\":[{\"@type\":\"ReadAction\",\"target\":[\"https:\\\/\\\/mineraleslunallena.com\\\/producto\\\/pulsera-de-larvikita-labradorita-negra-i-enfrentar-desafios-confianza\\\/\"]}]},{\"@type\":\"ImageObject\",\"inLanguage\":\"ca\",\"@id\":\"https:\\\/\\\/mineraleslunallena.com\\\/producto\\\/pulsera-de-larvikita-labradorita-negra-i-enfrentar-desafios-confianza\\\/#primaryimage\",\"url\":\"https:\\\/\\\/mineraleslunallena.com\\\/wp-content\\\/uploads\\\/2024\\\/10\\\/pulslarvikitaport-scaled.jpg\",\"contentUrl\":\"https:\\\/\\\/mineraleslunallena.com\\\/wp-content\\\/uploads\\\/2024\\\/10\\\/pulslarvikitaport-scaled.jpg\",\"width\":1153,\"height\":2560},{\"@type\":\"BreadcrumbList\",\"@id\":\"https:\\\/\\\/mineraleslunallena.com\\\/producto\\\/pulsera-de-larvikita-labradorita-negra-i-enfrentar-desafios-confianza\\\/#breadcrumb\",\"itemListElement\":[{\"@type\":\"ListItem\",\"position\":1,\"name\":\"Portada\",\"item\":\"https:\\\/\\\/mineraleslunallena.com\\\/\"},{\"@type\":\"ListItem\",\"position\":2,\"name\":\"Shop\",\"item\":\"https:\\\/\\\/mineraleslunallena.com\\\/ca\\\/shop\\\/\"},{\"@type\":\"ListItem\",\"position\":3,\"name\":\"Pulsera de Larvikita &#8211; Labradorita Negra I Enfrentar Desaf\u00edos &#8211; Confianza\"}]},{\"@type\":\"WebSite\",\"@id\":\"https:\\\/\\\/mineraleslunallena.com\\\/#website\",\"url\":\"https:\\\/\\\/mineraleslunallena.com\\\/\",\"name\":\"LUNA LLENA MINERALES\",\"description\":\"Es el momento de conectarte con tu propio poder y confiar en tus habilidades.\",\"publisher\":{\"@id\":\"https:\\\/\\\/mineraleslunallena.com\\\/#organization\"},\"potentialAction\":[{\"@type\":\"SearchAction\",\"target\":{\"@type\":\"EntryPoint\",\"urlTemplate\":\"https:\\\/\\\/mineraleslunallena.com\\\/?s={search_term_string}\"},\"query-input\":{\"@type\":\"PropertyValueSpecification\",\"valueRequired\":true,\"valueName\":\"search_term_string\"}}],\"inLanguage\":\"ca\"},{\"@type\":\"Organization\",\"@id\":\"https:\\\/\\\/mineraleslunallena.com\\\/#organization\",\"name\":\"LUNA LLENA MINERALES\",\"url\":\"https:\\\/\\\/mineraleslunallena.com\\\/\",\"logo\":{\"@type\":\"ImageObject\",\"inLanguage\":\"ca\",\"@id\":\"https:\\\/\\\/mineraleslunallena.com\\\/#\\\/schema\\\/logo\\\/image\\\/\",\"url\":\"https:\\\/\\\/mineraleslunallena.com\\\/wp-content\\\/uploads\\\/2023\\\/07\\\/LUNA-LLENA-LOGO-nuevo.png\",\"contentUrl\":\"https:\\\/\\\/mineraleslunallena.com\\\/wp-content\\\/uploads\\\/2023\\\/07\\\/LUNA-LLENA-LOGO-nuevo.png\",\"width\":229,\"height\":167,\"caption\":\"LUNA LLENA MINERALES\"},\"image\":{\"@id\":\"https:\\\/\\\/mineraleslunallena.com\\\/#\\\/schema\\\/logo\\\/image\\\/\"}}]}<\/script>\n<!-- \/ Yoast SEO plugin. -->","yoast_head_json":{"title":"Pulsera de Larvikita - Labradorita Negra I Enfrentar Desaf\u00edos - Confianza - MINERALES LUNA LLENA","robots":{"index":"index","follow":"follow","max-snippet":"max-snippet:-1","max-image-preview":"max-image-preview:large","max-video-preview":"max-video-preview:-1"},"canonical":"https:\/\/mineraleslunallena.com\/ca\/producte\/pulsera-de-larvikita-labradorita-negra-i-enfrentar-desafios-confianza\/","og_locale":"ca_ES","og_type":"article","og_title":"Pulsera de Larvikita - Labradorita Negra I Enfrentar Desaf\u00edos - Confianza - MINERALES LUNA LLENA","og_description":"Las pulseras de Larvikita o Labradorita Negra son reconocidas por su capacidad para promover la protecci\u00f3n y el equilibrio energ\u00e9tico. Este mineral ayuda a crear un escudo contra las energ\u00edas negativas y las influencias externas, favoreciendo un ambiente de paz y serenidad.  Su vibraci\u00f3n oscura y misteriosa estimula la intuici\u00f3n y la conexi\u00f3n con el mundo espiritual, facilitando la meditaci\u00f3n y la introspecci\u00f3n. Fomenta el crecimiento personal y la transformaci\u00f3n, ayud\u00e1ndote a enfrentar desaf\u00edos con confianza.  Son un poderoso talism\u00e1n de protecci\u00f3n y autoconocimiento. Su uso regular puede contribuir a la claridad mental y al equilibrio emocional en la vida cotidiana.  &nbsp;  Cantidad: 1 Unidad. El precio es por una unidad.  Tama\u00f1o: 8mm.   Forma: Pulsera Bola.","og_url":"https:\/\/mineraleslunallena.com\/ca\/producte\/pulsera-de-larvikita-labradorita-negra-i-enfrentar-desafios-confianza\/","og_site_name":"MINERALES LUNA LLENA","article_modified_time":"2025-07-19T16:34:07+00:00","og_image":[{"width":1153,"height":2560,"url":"https:\/\/mineraleslunallena.com\/wp-content\/uploads\/2024\/10\/pulslarvikitaport-scaled.jpg","type":"image\/jpeg"}],"twitter_card":"summary_large_image","twitter_misc":{"Temps estimat de lectura":"1 minut"},"schema":{"@context":"https:\/\/schema.org","@graph":[{"@type":"WebPage","@id":"https:\/\/mineraleslunallena.com\/producto\/pulsera-de-larvikita-labradorita-negra-i-enfrentar-desafios-confianza\/","url":"https:\/\/mineraleslunallena.com\/producto\/pulsera-de-larvikita-labradorita-negra-i-enfrentar-desafios-confianza\/","name":"Pulsera de Larvikita - Labradorita Negra I Enfrentar Desaf\u00edos - Confianza - MINERALES LUNA LLENA","isPartOf":{"@id":"https:\/\/mineraleslunallena.com\/#website"},"primaryImageOfPage":{"@id":"https:\/\/mineraleslunallena.com\/producto\/pulsera-de-larvikita-labradorita-negra-i-enfrentar-desafios-confianza\/#primaryimage"},"image":{"@id":"https:\/\/mineraleslunallena.com\/producto\/pulsera-de-larvikita-labradorita-negra-i-enfrentar-desafios-confianza\/#primaryimage"},"thumbnailUrl":"https:\/\/mineraleslunallena.com\/wp-content\/uploads\/2024\/10\/pulslarvikitaport-scaled.jpg","datePublished":"2024-10-11T18:30:40+00:00","dateModified":"2025-07-19T16:34:07+00:00","breadcrumb":{"@id":"https:\/\/mineraleslunallena.com\/producto\/pulsera-de-larvikita-labradorita-negra-i-enfrentar-desafios-confianza\/#breadcrumb"},"inLanguage":"ca","potentialAction":[{"@type":"ReadAction","target":["https:\/\/mineraleslunallena.com\/producto\/pulsera-de-larvikita-labradorita-negra-i-enfrentar-desafios-confianza\/"]}]},{"@type":"ImageObject","inLanguage":"ca","@id":"https:\/\/mineraleslunallena.com\/producto\/pulsera-de-larvikita-labradorita-negra-i-enfrentar-desafios-confianza\/#primaryimage","url":"https:\/\/mineraleslunallena.com\/wp-content\/uploads\/2024\/10\/pulslarvikitaport-scaled.jpg","contentUrl":"https:\/\/mineraleslunallena.com\/wp-content\/uploads\/2024\/10\/pulslarvikitaport-scaled.jpg","width":1153,"height":2560},{"@type":"BreadcrumbList","@id":"https:\/\/mineraleslunallena.com\/producto\/pulsera-de-larvikita-labradorita-negra-i-enfrentar-desafios-confianza\/#breadcrumb","itemListElement":[{"@type":"ListItem","position":1,"name":"Portada","item":"https:\/\/mineraleslunallena.com\/"},{"@type":"ListItem","position":2,"name":"Shop","item":"https:\/\/mineraleslunallena.com\/ca\/shop\/"},{"@type":"ListItem","position":3,"name":"Pulsera de Larvikita &#8211; Labradorita Negra I Enfrentar Desaf\u00edos &#8211; Confianza"}]},{"@type":"WebSite","@id":"https:\/\/mineraleslunallena.com\/#website","url":"https:\/\/mineraleslunallena.com\/","name":"LLUNA PLENA MINERALS","description":"\u00c9s el moment de connectar-te amb el teu poder i confiar en les teves habilitats.","publisher":{"@id":"https:\/\/mineraleslunallena.com\/#organization"},"potentialAction":[{"@type":"SearchAction","target":{"@type":"EntryPoint","urlTemplate":"https:\/\/mineraleslunallena.com\/?s={search_term_string}"},"query-input":{"@type":"PropertyValueSpecification","valueRequired":true,"valueName":"search_term_string"}}],"inLanguage":"ca"},{"@type":"Organization","@id":"https:\/\/mineraleslunallena.com\/#organization","name":"LLUNA PLENA MINERALS","url":"https:\/\/mineraleslunallena.com\/","logo":{"@type":"ImageObject","inLanguage":"ca","@id":"https:\/\/mineraleslunallena.com\/#\/schema\/logo\/image\/","url":"https:\/\/mineraleslunallena.com\/wp-content\/uploads\/2023\/07\/LUNA-LLENA-LOGO-nuevo.png","contentUrl":"https:\/\/mineraleslunallena.com\/wp-content\/uploads\/2023\/07\/LUNA-LLENA-LOGO-nuevo.png","width":229,"height":167,"caption":"LUNA LLENA MINERALES"},"image":{"@id":"https:\/\/mineraleslunallena.com\/#\/schema\/logo\/image\/"}}]}},"_links":{"self":[{"href":"https:\/\/mineraleslunallena.com\/ca\/wp-json\/wp\/v2\/product\/4728","targetHints":{"allow":["GET"]}}],"collection":[{"href":"https:\/\/mineraleslunallena.com\/ca\/wp-json\/wp\/v2\/product"}],"about":[{"href":"https:\/\/mineraleslunallena.com\/ca\/wp-json\/wp\/v2\/types\/product"}],"version-history":[{"count":1,"href":"https:\/\/mineraleslunallena.com\/ca\/wp-json\/wp\/v2\/product\/4728\/revisions"}],"predecessor-version":[{"id":4729,"href":"https:\/\/mineraleslunallena.com\/ca\/wp-json\/wp\/v2\/product\/4728\/revisions\/4729"}],"wp:featuredmedia":[{"embeddable":true,"href":"https:\/\/mineraleslunallena.com\/ca\/wp-json\/wp\/v2\/media\/4986"}],"wp:attachment":[{"href":"https:\/\/mineraleslunallena.com\/ca\/wp-json\/wp\/v2\/media?parent=4728"}],"wp:term":[{"taxonomy":"product_cat","embeddable":true,"href":"https:\/\/mineraleslunallena.com\/ca\/wp-json\/wp\/v2\/product_cat?post=4728"},{"taxonomy":"product_tag","embeddable":true,"href":"https:\/\/mineraleslunallena.com\/ca\/wp-json\/wp\/v2\/product_tag?post=4728"}],"curies":[{"name":"wp","href":"https:\/\/api.w.org\/{rel}","templated":true}]}}