{"id":4732,"date":"2024-10-11T20:42:53","date_gmt":"2024-10-11T18:42:53","guid":{"rendered":"https:\/\/mineraleslunallena.com\/?post_type=product&#038;p=4732"},"modified":"2025-05-08T13:02:01","modified_gmt":"2025-05-08T11:02:01","slug":"bombita-sagrada-madre-i-limpieza-aurica","status":"publish","type":"product","link":"https:\/\/mineraleslunallena.com\/ca\/producte\/bombita-sagrada-madre-i-limpieza-aurica\/","title":{"rendered":"Bombita Sagrada Madre I Limpieza \u00c1urica"},"content":{"rendered":"<div class=\"flex-shrink-0 flex flex-col relative items-end\">\n<div>\n<div class=\"pt-0\">\n<div class=\"gizmo-bot-avatar flex h-8 w-8 items-center justify-center overflow-hidden rounded-full\">\n<div class=\"relative p-1 rounded-sm flex items-center justify-center bg-token-main-surface-primary text-token-text-primary h-8 w-8\"><\/div>\n<\/div>\n<\/div>\n<\/div>\n<\/div>\n<div class=\"group\/conversation-turn relative flex w-full min-w-0 flex-col agent-turn\">\n<div class=\"flex-col gap-1 md:gap-3\">\n<div class=\"flex max-w-full flex-col flex-grow\">\n<div class=\"min-h-8 text-message flex w-full flex-col items-end gap-2 whitespace-normal break-words [.text-message+&amp;]:mt-5\" dir=\"auto\" data-message-author-role=\"assistant\" data-message-id=\"d15b48a0-3d32-4d44-a200-e1ce8d4755df\">\n<div class=\"flex w-full flex-col gap-1 empty:hidden first:pt-[3px]\">\n<div class=\"markdown prose w-full break-words dark:prose-invert light\">\n<p>La Bombita Defumaci\u00f3n Activada Limpieza \u00c1urica de Sagrada Madre es una herramienta esencial para quienes desean purificar su campo energ\u00e9tico y restaurar el equilibrio espiritual.<\/p>\n<p>Con una mezcla especial de resinas y hierbas sagradas, este incienso emana un aroma suave y envolvente que ayuda a liberar bloqueos y tensiones. Al encenderla, se activa un proceso de limpieza que favorece la conexi\u00f3n con tu ser interior, facilitando la meditaci\u00f3n y la introspecci\u00f3n.<\/p>\n<p>Su uso regular potencia la claridad mental y promueve un ambiente de paz y serenidad. Ideal para rituales de sanaci\u00f3n y autocuidado, esta bombita transforma cualquier espacio en un santuario de energ\u00eda positiva. Experimenta el poder de la limpieza aurica y renueva tu vitalidad espiritual con cada uso.<\/p>\n<p>&nbsp;<\/p>\n<p>Cantidad: Pack de 4 unidades. El precio es por pack.<\/p>\n<p>Duraci\u00f3n: 6 minutos aproximadamente.<\/p>\n<\/div>\n<\/div>\n<\/div>\n<\/div>\n<\/div>\n<\/div>\n","protected":false},"excerpt":{"rendered":"<p>La Bombita Defumaci\u00f3n Activada Limpieza \u00c1urica de Sagrada Madre es una herramienta esencial para quienes desean purificar su campo energ\u00e9tico y restaurar el equilibrio espiritual.<\/p>\n<p>Con una mezcla especial de resinas y hierbas sagradas, este incienso emana un aroma suave y envolvente que ayuda a liberar bloqueos y tensiones. Al encenderla, se activa un proceso de limpieza que favorece la conexi\u00f3n con tu ser interior, facilitando la meditaci\u00f3n y la introspecci\u00f3n.<\/p>\n<p>Su uso regular potencia la claridad mental y promueve un ambiente de paz y serenidad. Ideal para rituales de sanaci\u00f3n y autocuidado, esta bombita transforma cualquier espacio en un santuario de energ\u00eda positiva. Experimenta el poder de la limpieza aurica y renueva tu vitalidad espiritual con cada uso.<\/p>\n<p>&nbsp;<\/p>\n<p>Cantidad: Pack de 4 unidades. El precio es por pack.<\/p>\n<p>Duraci\u00f3n: 6 minutos aproximadamente.<\/p>","protected":false},"featured_media":5306,"template":"","meta":[],"product_cat":[98,99],"product_tag":[],"class_list":{"0":"post-4732","1":"product","2":"type-product","3":"status-publish","4":"has-post-thumbnail","6":"product_cat-incienso","7":"product_cat-sahumerios","9":"first","10":"instock","11":"sale","12":"taxable","13":"shipping-taxable","14":"purchasable","15":"product-type-simple"},"yoast_head":"<!-- This site is optimized with the Yoast SEO plugin v27.3 - https:\/\/yoast.com\/product\/yoast-seo-wordpress\/ -->\n<title>Bombita Sagrada Madre I Limpieza \u00c1urica - MINERALES LUNA LLENA<\/title>\n<meta name=\"robots\" content=\"index, follow, max-snippet:-1, max-image-preview:large, max-video-preview:-1\" \/>\n<link rel=\"canonical\" href=\"https:\/\/mineraleslunallena.com\/ca\/producte\/bombita-sagrada-madre-i-limpieza-aurica\/\" \/>\n<meta property=\"og:locale\" content=\"ca_ES\" \/>\n<meta property=\"og:type\" content=\"article\" \/>\n<meta property=\"og:title\" content=\"Bombita Sagrada Madre I Limpieza \u00c1urica - MINERALES LUNA LLENA\" \/>\n<meta property=\"og:description\" content=\"La Bombita Defumaci\u00f3n Activada Limpieza \u00c1urica de Sagrada Madre es una herramienta esencial para quienes desean purificar su campo energ\u00e9tico y restaurar el equilibrio espiritual.  Con una mezcla especial de resinas y hierbas sagradas, este incienso emana un aroma suave y envolvente que ayuda a liberar bloqueos y tensiones. Al encenderla, se activa un proceso de limpieza que favorece la conexi\u00f3n con tu ser interior, facilitando la meditaci\u00f3n y la introspecci\u00f3n.  Su uso regular potencia la claridad mental y promueve un ambiente de paz y serenidad. Ideal para rituales de sanaci\u00f3n y autocuidado, esta bombita transforma cualquier espacio en un santuario de energ\u00eda positiva. Experimenta el poder de la limpieza aurica y renueva tu vitalidad espiritual con cada uso.  &nbsp;  Cantidad: Pack de 4 unidades. El precio es por pack.  Duraci\u00f3n: 6 minutos aproximadamente.\" \/>\n<meta property=\"og:url\" content=\"https:\/\/mineraleslunallena.com\/ca\/producte\/bombita-sagrada-madre-i-limpieza-aurica\/\" \/>\n<meta property=\"og:site_name\" content=\"MINERALES LUNA LLENA\" \/>\n<meta property=\"article:modified_time\" content=\"2025-05-08T11:02:01+00:00\" \/>\n<meta property=\"og:image\" content=\"https:\/\/mineraleslunallena.com\/wp-content\/uploads\/2024\/10\/bombalimpiezaaurica-scaled.jpg\" \/>\n\t<meta property=\"og:image:width\" content=\"1153\" \/>\n\t<meta property=\"og:image:height\" content=\"2560\" \/>\n\t<meta property=\"og:image:type\" content=\"image\/jpeg\" \/>\n<meta name=\"twitter:card\" content=\"summary_large_image\" \/>\n<meta name=\"twitter:label1\" content=\"Temps estimat de lectura\" \/>\n\t<meta name=\"twitter:data1\" content=\"1 minut\" \/>\n<script type=\"application\/ld+json\" class=\"yoast-schema-graph\">{\"@context\":\"https:\\\/\\\/schema.org\",\"@graph\":[{\"@type\":\"WebPage\",\"@id\":\"https:\\\/\\\/mineraleslunallena.com\\\/producto\\\/bombita-sagrada-madre-i-limpieza-aurica\\\/\",\"url\":\"https:\\\/\\\/mineraleslunallena.com\\\/producto\\\/bombita-sagrada-madre-i-limpieza-aurica\\\/\",\"name\":\"Bombita Sagrada Madre I Limpieza \u00c1urica - MINERALES LUNA LLENA\",\"isPartOf\":{\"@id\":\"https:\\\/\\\/mineraleslunallena.com\\\/#website\"},\"primaryImageOfPage\":{\"@id\":\"https:\\\/\\\/mineraleslunallena.com\\\/producto\\\/bombita-sagrada-madre-i-limpieza-aurica\\\/#primaryimage\"},\"image\":{\"@id\":\"https:\\\/\\\/mineraleslunallena.com\\\/producto\\\/bombita-sagrada-madre-i-limpieza-aurica\\\/#primaryimage\"},\"thumbnailUrl\":\"https:\\\/\\\/mineraleslunallena.com\\\/wp-content\\\/uploads\\\/2024\\\/10\\\/bombalimpiezaaurica-scaled.jpg\",\"datePublished\":\"2024-10-11T18:42:53+00:00\",\"dateModified\":\"2025-05-08T11:02:01+00:00\",\"breadcrumb\":{\"@id\":\"https:\\\/\\\/mineraleslunallena.com\\\/producto\\\/bombita-sagrada-madre-i-limpieza-aurica\\\/#breadcrumb\"},\"inLanguage\":\"ca\",\"potentialAction\":[{\"@type\":\"ReadAction\",\"target\":[\"https:\\\/\\\/mineraleslunallena.com\\\/producto\\\/bombita-sagrada-madre-i-limpieza-aurica\\\/\"]}]},{\"@type\":\"ImageObject\",\"inLanguage\":\"ca\",\"@id\":\"https:\\\/\\\/mineraleslunallena.com\\\/producto\\\/bombita-sagrada-madre-i-limpieza-aurica\\\/#primaryimage\",\"url\":\"https:\\\/\\\/mineraleslunallena.com\\\/wp-content\\\/uploads\\\/2024\\\/10\\\/bombalimpiezaaurica-scaled.jpg\",\"contentUrl\":\"https:\\\/\\\/mineraleslunallena.com\\\/wp-content\\\/uploads\\\/2024\\\/10\\\/bombalimpiezaaurica-scaled.jpg\",\"width\":1153,\"height\":2560},{\"@type\":\"BreadcrumbList\",\"@id\":\"https:\\\/\\\/mineraleslunallena.com\\\/producto\\\/bombita-sagrada-madre-i-limpieza-aurica\\\/#breadcrumb\",\"itemListElement\":[{\"@type\":\"ListItem\",\"position\":1,\"name\":\"Portada\",\"item\":\"https:\\\/\\\/mineraleslunallena.com\\\/\"},{\"@type\":\"ListItem\",\"position\":2,\"name\":\"Shop\",\"item\":\"https:\\\/\\\/mineraleslunallena.com\\\/ca\\\/shop\\\/\"},{\"@type\":\"ListItem\",\"position\":3,\"name\":\"Bombita Sagrada Madre I Limpieza \u00c1urica\"}]},{\"@type\":\"WebSite\",\"@id\":\"https:\\\/\\\/mineraleslunallena.com\\\/#website\",\"url\":\"https:\\\/\\\/mineraleslunallena.com\\\/\",\"name\":\"LUNA LLENA MINERALES\",\"description\":\"Es el momento de conectarte con tu propio poder y confiar en tus habilidades.\",\"publisher\":{\"@id\":\"https:\\\/\\\/mineraleslunallena.com\\\/#organization\"},\"potentialAction\":[{\"@type\":\"SearchAction\",\"target\":{\"@type\":\"EntryPoint\",\"urlTemplate\":\"https:\\\/\\\/mineraleslunallena.com\\\/?s={search_term_string}\"},\"query-input\":{\"@type\":\"PropertyValueSpecification\",\"valueRequired\":true,\"valueName\":\"search_term_string\"}}],\"inLanguage\":\"ca\"},{\"@type\":\"Organization\",\"@id\":\"https:\\\/\\\/mineraleslunallena.com\\\/#organization\",\"name\":\"LUNA LLENA MINERALES\",\"url\":\"https:\\\/\\\/mineraleslunallena.com\\\/\",\"logo\":{\"@type\":\"ImageObject\",\"inLanguage\":\"ca\",\"@id\":\"https:\\\/\\\/mineraleslunallena.com\\\/#\\\/schema\\\/logo\\\/image\\\/\",\"url\":\"https:\\\/\\\/mineraleslunallena.com\\\/wp-content\\\/uploads\\\/2023\\\/07\\\/LUNA-LLENA-LOGO-nuevo.png\",\"contentUrl\":\"https:\\\/\\\/mineraleslunallena.com\\\/wp-content\\\/uploads\\\/2023\\\/07\\\/LUNA-LLENA-LOGO-nuevo.png\",\"width\":229,\"height\":167,\"caption\":\"LUNA LLENA MINERALES\"},\"image\":{\"@id\":\"https:\\\/\\\/mineraleslunallena.com\\\/#\\\/schema\\\/logo\\\/image\\\/\"}}]}<\/script>\n<!-- \/ Yoast SEO plugin. -->","yoast_head_json":{"title":"Bombita Sagrada Madre I Limpieza \u00c1urica - MINERALES LUNA LLENA","robots":{"index":"index","follow":"follow","max-snippet":"max-snippet:-1","max-image-preview":"max-image-preview:large","max-video-preview":"max-video-preview:-1"},"canonical":"https:\/\/mineraleslunallena.com\/ca\/producte\/bombita-sagrada-madre-i-limpieza-aurica\/","og_locale":"ca_ES","og_type":"article","og_title":"Bombita Sagrada Madre I Limpieza \u00c1urica - MINERALES LUNA LLENA","og_description":"La Bombita Defumaci\u00f3n Activada Limpieza \u00c1urica de Sagrada Madre es una herramienta esencial para quienes desean purificar su campo energ\u00e9tico y restaurar el equilibrio espiritual.  Con una mezcla especial de resinas y hierbas sagradas, este incienso emana un aroma suave y envolvente que ayuda a liberar bloqueos y tensiones. Al encenderla, se activa un proceso de limpieza que favorece la conexi\u00f3n con tu ser interior, facilitando la meditaci\u00f3n y la introspecci\u00f3n.  Su uso regular potencia la claridad mental y promueve un ambiente de paz y serenidad. Ideal para rituales de sanaci\u00f3n y autocuidado, esta bombita transforma cualquier espacio en un santuario de energ\u00eda positiva. Experimenta el poder de la limpieza aurica y renueva tu vitalidad espiritual con cada uso.  &nbsp;  Cantidad: Pack de 4 unidades. El precio es por pack.  Duraci\u00f3n: 6 minutos aproximadamente.","og_url":"https:\/\/mineraleslunallena.com\/ca\/producte\/bombita-sagrada-madre-i-limpieza-aurica\/","og_site_name":"MINERALES LUNA LLENA","article_modified_time":"2025-05-08T11:02:01+00:00","og_image":[{"width":1153,"height":2560,"url":"https:\/\/mineraleslunallena.com\/wp-content\/uploads\/2024\/10\/bombalimpiezaaurica-scaled.jpg","type":"image\/jpeg"}],"twitter_card":"summary_large_image","twitter_misc":{"Temps estimat de lectura":"1 minut"},"schema":{"@context":"https:\/\/schema.org","@graph":[{"@type":"WebPage","@id":"https:\/\/mineraleslunallena.com\/producto\/bombita-sagrada-madre-i-limpieza-aurica\/","url":"https:\/\/mineraleslunallena.com\/producto\/bombita-sagrada-madre-i-limpieza-aurica\/","name":"Bombita Sagrada Madre I Limpieza \u00c1urica - MINERALES LUNA LLENA","isPartOf":{"@id":"https:\/\/mineraleslunallena.com\/#website"},"primaryImageOfPage":{"@id":"https:\/\/mineraleslunallena.com\/producto\/bombita-sagrada-madre-i-limpieza-aurica\/#primaryimage"},"image":{"@id":"https:\/\/mineraleslunallena.com\/producto\/bombita-sagrada-madre-i-limpieza-aurica\/#primaryimage"},"thumbnailUrl":"https:\/\/mineraleslunallena.com\/wp-content\/uploads\/2024\/10\/bombalimpiezaaurica-scaled.jpg","datePublished":"2024-10-11T18:42:53+00:00","dateModified":"2025-05-08T11:02:01+00:00","breadcrumb":{"@id":"https:\/\/mineraleslunallena.com\/producto\/bombita-sagrada-madre-i-limpieza-aurica\/#breadcrumb"},"inLanguage":"ca","potentialAction":[{"@type":"ReadAction","target":["https:\/\/mineraleslunallena.com\/producto\/bombita-sagrada-madre-i-limpieza-aurica\/"]}]},{"@type":"ImageObject","inLanguage":"ca","@id":"https:\/\/mineraleslunallena.com\/producto\/bombita-sagrada-madre-i-limpieza-aurica\/#primaryimage","url":"https:\/\/mineraleslunallena.com\/wp-content\/uploads\/2024\/10\/bombalimpiezaaurica-scaled.jpg","contentUrl":"https:\/\/mineraleslunallena.com\/wp-content\/uploads\/2024\/10\/bombalimpiezaaurica-scaled.jpg","width":1153,"height":2560},{"@type":"BreadcrumbList","@id":"https:\/\/mineraleslunallena.com\/producto\/bombita-sagrada-madre-i-limpieza-aurica\/#breadcrumb","itemListElement":[{"@type":"ListItem","position":1,"name":"Portada","item":"https:\/\/mineraleslunallena.com\/"},{"@type":"ListItem","position":2,"name":"Shop","item":"https:\/\/mineraleslunallena.com\/ca\/shop\/"},{"@type":"ListItem","position":3,"name":"Bombita Sagrada Madre I Limpieza \u00c1urica"}]},{"@type":"WebSite","@id":"https:\/\/mineraleslunallena.com\/#website","url":"https:\/\/mineraleslunallena.com\/","name":"LLUNA PLENA MINERALS","description":"\u00c9s el moment de connectar-te amb el teu poder i confiar en les teves habilitats.","publisher":{"@id":"https:\/\/mineraleslunallena.com\/#organization"},"potentialAction":[{"@type":"SearchAction","target":{"@type":"EntryPoint","urlTemplate":"https:\/\/mineraleslunallena.com\/?s={search_term_string}"},"query-input":{"@type":"PropertyValueSpecification","valueRequired":true,"valueName":"search_term_string"}}],"inLanguage":"ca"},{"@type":"Organization","@id":"https:\/\/mineraleslunallena.com\/#organization","name":"LLUNA PLENA MINERALS","url":"https:\/\/mineraleslunallena.com\/","logo":{"@type":"ImageObject","inLanguage":"ca","@id":"https:\/\/mineraleslunallena.com\/#\/schema\/logo\/image\/","url":"https:\/\/mineraleslunallena.com\/wp-content\/uploads\/2023\/07\/LUNA-LLENA-LOGO-nuevo.png","contentUrl":"https:\/\/mineraleslunallena.com\/wp-content\/uploads\/2023\/07\/LUNA-LLENA-LOGO-nuevo.png","width":229,"height":167,"caption":"LUNA LLENA MINERALES"},"image":{"@id":"https:\/\/mineraleslunallena.com\/#\/schema\/logo\/image\/"}}]}},"_links":{"self":[{"href":"https:\/\/mineraleslunallena.com\/ca\/wp-json\/wp\/v2\/product\/4732","targetHints":{"allow":["GET"]}}],"collection":[{"href":"https:\/\/mineraleslunallena.com\/ca\/wp-json\/wp\/v2\/product"}],"about":[{"href":"https:\/\/mineraleslunallena.com\/ca\/wp-json\/wp\/v2\/types\/product"}],"version-history":[{"count":1,"href":"https:\/\/mineraleslunallena.com\/ca\/wp-json\/wp\/v2\/product\/4732\/revisions"}],"predecessor-version":[{"id":4733,"href":"https:\/\/mineraleslunallena.com\/ca\/wp-json\/wp\/v2\/product\/4732\/revisions\/4733"}],"wp:featuredmedia":[{"embeddable":true,"href":"https:\/\/mineraleslunallena.com\/ca\/wp-json\/wp\/v2\/media\/5306"}],"wp:attachment":[{"href":"https:\/\/mineraleslunallena.com\/ca\/wp-json\/wp\/v2\/media?parent=4732"}],"wp:term":[{"taxonomy":"product_cat","embeddable":true,"href":"https:\/\/mineraleslunallena.com\/ca\/wp-json\/wp\/v2\/product_cat?post=4732"},{"taxonomy":"product_tag","embeddable":true,"href":"https:\/\/mineraleslunallena.com\/ca\/wp-json\/wp\/v2\/product_tag?post=4732"}],"curies":[{"name":"wp","href":"https:\/\/api.w.org\/{rel}","templated":true}]}}