{"id":4746,"date":"2024-10-12T19:00:05","date_gmt":"2024-10-12T17:00:05","guid":{"rendered":"https:\/\/mineraleslunallena.com\/?post_type=product&#038;p=4746"},"modified":"2025-04-12T16:26:08","modified_gmt":"2025-04-12T14:26:08","slug":"4746","status":"publish","type":"product","link":"https:\/\/mineraleslunallena.com\/ca\/producte\/4746\/","title":{"rendered":"Vela Sana Mi Cuerpo + Potenciador"},"content":{"rendered":"<p>Esta vela Esot\u00e9rica\u00a0 Sana tu Cuerpo es ideal para rituales de salud. Puedes usarla para pedir por ti o por alguien m\u00e1s que est\u00e9 enfrentando una situaci\u00f3n m\u00e9dica complicada, como una cirug\u00eda, un diagn\u00f3stico incierto. O\u00a0 cuando se est\u00e1 atravesando un per\u00edodo de bajas defensas.<\/p>\n<p><strong>Aunque brinda apoyo energ\u00e9tico, no reemplaces la atenci\u00f3n o el consejo de un m\u00e9dico.<\/strong><\/p>\n<article class=\"w-full text-token-text-primary focus-visible:outline-2 focus-visible:outline-offset-[-4px]\" dir=\"auto\" data-testid=\"conversation-turn-3\" data-scroll-anchor=\"false\">\n<div class=\"m-auto text-base py-[18px] px-3 md:px-4 w-full md:px-5 lg:px-4 xl:px-5\">\n<div class=\"mx-auto flex flex-1 gap-4 text-base md:gap-5 lg:gap-6 md:max-w-3xl lg:max-w-[40rem] xl:max-w-[48rem]\">\n<div class=\"group\/conversation-turn relative flex w-full min-w-0 flex-col agent-turn\">\n<div class=\"flex-col gap-1 md:gap-3\">\n<div class=\"pr-2 lg:pr-0\">\n<p>&nbsp;<\/p>\n<p><strong>Importante:<\/strong><\/p>\n<p>Nunca dejes esta vela encendida sin supervisi\u00f3n, ya que podr\u00eda causar un accidente o incendio grave. Aseg\u00farese de colocarla en un \u00e1rea bien ventilada. Este tipo de velas contiene muchas hierbas, lo que hace que se queme r\u00e1pidamente puede durar unas horas o tan s\u00f3lo\u00a0 unos minutos. Debido a su llama intensa, te recomendamos ponerla sobre un plato met\u00e1lico, ya que alcanza temperaturas muy altas.<\/p>\n<p>&nbsp;<\/p>\n<p>Incluye Elementos Esot\u00e9ricos para potencial el Ritual.<\/p>\n<\/div>\n<p>Cantidad: 1 Unidad.:\u00a0 1 Vela + Potenciador.\u00a0 El precio es por una unidad.<\/p>\n<p>Tama\u00f1o: 19 cent\u00edmetros aproximadamente.<\/p>\n<\/div>\n<\/div>\n<\/div>\n<\/div>\n<\/article>\n","protected":false},"excerpt":{"rendered":"<p>Esta vela Esot\u00e9rica Sana tu Cuerpo es ideal para rituales de salud. Puedes usarla para pedir por ti o por alguien m\u00e1s que est\u00e9 enfrentando una situaci\u00f3n m\u00e9dica complicada, como una cirug\u00eda, un diagn\u00f3stico incierto. O\u00a0 cuando se est\u00e1 atravesando un per\u00edodo de bajas defensas.<\/p>\n<p><strong>Aunque brinda apoyo energ\u00e9tico, no reemplaces la atenci\u00f3n o el consejo de un m\u00e9dico.<\/strong><\/p>\n<article class=\"w-full text-token-text-primary focus-visible:outline-2 focus-visible:outline-offset-[-4px]\" dir=\"auto\" data-testid=\"conversation-turn-3\" data-scroll-anchor=\"false\">\n<div class=\"m-auto text-base py-[18px] px-3 md:px-4 w-full md:px-5 lg:px-4 xl:px-5\">\n<div class=\"mx-auto flex flex-1 gap-4 text-base md:gap-5 lg:gap-6 md:max-w-3xl lg:max-w-[40rem] xl:max-w-[48rem]\">\n<div class=\"group\/conversation-turn relative flex w-full min-w-0 flex-col agent-turn\">\n<div class=\"flex-col gap-1 md:gap-3\">\n<div class=\"pr-2 lg:pr-0\">\n<p>&nbsp;<\/p>\n<p><strong>Importante:<\/strong><\/p>\n<p>Nunca dejes esta vela encendida sin supervisi\u00f3n, ya que podr\u00eda causar un accidente o incendio grave. Aseg\u00farese de colocarla en un \u00e1rea bien ventilada. Este tipo de velas contiene muchas hierbas, lo que hace que se queme r\u00e1pidamente puede durar unas horas o tan s\u00f3lo\u00a0 unos minutos. Debido a su llama intensa, te recomendamos ponerla sobre un plato met\u00e1lico, ya que alcanza temperaturas muy altas.<\/p>\n<p>&nbsp;<\/p>\n<p>Incluye Elementos Esot\u00e9ricos para potencial el Ritual.<\/p>\n<\/div>\n<p>Cantidad: 1 Unidad.:\u00a0 1 Vela + Potenciador.\u00a0 El precio es por una unidad.<\/p>\n<p>Tama\u00f1o: 19 cent\u00edmetros aproximadamente.<\/p>\n<\/div>\n<\/div>\n<\/div>\n<\/div>\n<\/article>\n","protected":false},"featured_media":4848,"template":"","meta":[],"product_cat":[98,113],"product_tag":[],"class_list":{"0":"post-4746","1":"product","2":"type-product","3":"status-publish","4":"has-post-thumbnail","6":"product_cat-incienso","7":"product_cat-rituales-velas-y-velones","9":"first","10":"instock","11":"sale","12":"taxable","13":"shipping-taxable","14":"purchasable","15":"product-type-simple"},"yoast_head":"<!-- This site is optimized with the Yoast SEO plugin v27.3 - https:\/\/yoast.com\/product\/yoast-seo-wordpress\/ -->\n<title>Vela Sana Mi Cuerpo + Potenciador - MINERALES LUNA LLENA<\/title>\n<meta name=\"robots\" content=\"index, follow, max-snippet:-1, max-image-preview:large, max-video-preview:-1\" \/>\n<link rel=\"canonical\" href=\"https:\/\/mineraleslunallena.com\/ca\/producte\/4746\/\" \/>\n<meta property=\"og:locale\" content=\"ca_ES\" \/>\n<meta property=\"og:type\" content=\"article\" \/>\n<meta property=\"og:title\" content=\"Vela Sana Mi Cuerpo + Potenciador - MINERALES LUNA LLENA\" \/>\n<meta property=\"og:description\" content=\"Esta vela Esot\u00e9rica Sana tu Cuerpo es ideal para rituales de salud. Puedes usarla para pedir por ti o por alguien m\u00e1s que est\u00e9 enfrentando una situaci\u00f3n m\u00e9dica complicada, como una cirug\u00eda, un diagn\u00f3stico incierto. O\u00a0 cuando se est\u00e1 atravesando un per\u00edodo de bajas defensas.  Aunque brinda apoyo energ\u00e9tico, no reemplaces la atenci\u00f3n o el consejo de un m\u00e9dico.         &nbsp;  Importante:  Nunca dejes esta vela encendida sin supervisi\u00f3n, ya que podr\u00eda causar un accidente o incendio grave. Aseg\u00farese de colocarla en un \u00e1rea bien ventilada. Este tipo de velas contiene muchas hierbas, lo que hace que se queme r\u00e1pidamente puede durar unas horas o tan s\u00f3lo\u00a0 unos minutos. Debido a su llama intensa, te recomendamos ponerla sobre un plato met\u00e1lico, ya que alcanza temperaturas muy altas.  &nbsp;  Incluye Elementos Esot\u00e9ricos para potencial el Ritual.   Cantidad: 1 Unidad.:\u00a0 1 Vela + Potenciador.\u00a0 El precio es por una unidad.  Tama\u00f1o: 19 cent\u00edmetros aproximadamente.\" \/>\n<meta property=\"og:url\" content=\"https:\/\/mineraleslunallena.com\/ca\/producte\/4746\/\" \/>\n<meta property=\"og:site_name\" content=\"MINERALES LUNA LLENA\" \/>\n<meta property=\"article:modified_time\" content=\"2025-04-12T14:26:08+00:00\" \/>\n<meta property=\"og:image\" content=\"https:\/\/mineraleslunallena.com\/wp-content\/uploads\/2024\/10\/IMG_20241017_224655-scaled.jpg\" \/>\n\t<meta property=\"og:image:width\" content=\"1153\" \/>\n\t<meta property=\"og:image:height\" content=\"2560\" \/>\n\t<meta property=\"og:image:type\" content=\"image\/jpeg\" \/>\n<meta name=\"twitter:card\" content=\"summary_large_image\" \/>\n<meta name=\"twitter:label1\" content=\"Temps estimat de lectura\" \/>\n\t<meta name=\"twitter:data1\" content=\"1 minut\" \/>\n<script type=\"application\/ld+json\" class=\"yoast-schema-graph\">{\"@context\":\"https:\\\/\\\/schema.org\",\"@graph\":[{\"@type\":\"WebPage\",\"@id\":\"https:\\\/\\\/mineraleslunallena.com\\\/producto\\\/4746\\\/\",\"url\":\"https:\\\/\\\/mineraleslunallena.com\\\/producto\\\/4746\\\/\",\"name\":\"Vela Sana Mi Cuerpo + Potenciador - MINERALES LUNA LLENA\",\"isPartOf\":{\"@id\":\"https:\\\/\\\/mineraleslunallena.com\\\/#website\"},\"primaryImageOfPage\":{\"@id\":\"https:\\\/\\\/mineraleslunallena.com\\\/producto\\\/4746\\\/#primaryimage\"},\"image\":{\"@id\":\"https:\\\/\\\/mineraleslunallena.com\\\/producto\\\/4746\\\/#primaryimage\"},\"thumbnailUrl\":\"https:\\\/\\\/mineraleslunallena.com\\\/wp-content\\\/uploads\\\/2024\\\/10\\\/IMG_20241017_224655-scaled.jpg\",\"datePublished\":\"2024-10-12T17:00:05+00:00\",\"dateModified\":\"2025-04-12T14:26:08+00:00\",\"breadcrumb\":{\"@id\":\"https:\\\/\\\/mineraleslunallena.com\\\/producto\\\/4746\\\/#breadcrumb\"},\"inLanguage\":\"ca\",\"potentialAction\":[{\"@type\":\"ReadAction\",\"target\":[\"https:\\\/\\\/mineraleslunallena.com\\\/producto\\\/4746\\\/\"]}]},{\"@type\":\"ImageObject\",\"inLanguage\":\"ca\",\"@id\":\"https:\\\/\\\/mineraleslunallena.com\\\/producto\\\/4746\\\/#primaryimage\",\"url\":\"https:\\\/\\\/mineraleslunallena.com\\\/wp-content\\\/uploads\\\/2024\\\/10\\\/IMG_20241017_224655-scaled.jpg\",\"contentUrl\":\"https:\\\/\\\/mineraleslunallena.com\\\/wp-content\\\/uploads\\\/2024\\\/10\\\/IMG_20241017_224655-scaled.jpg\",\"width\":1153,\"height\":2560},{\"@type\":\"BreadcrumbList\",\"@id\":\"https:\\\/\\\/mineraleslunallena.com\\\/producto\\\/4746\\\/#breadcrumb\",\"itemListElement\":[{\"@type\":\"ListItem\",\"position\":1,\"name\":\"Portada\",\"item\":\"https:\\\/\\\/mineraleslunallena.com\\\/\"},{\"@type\":\"ListItem\",\"position\":2,\"name\":\"Shop\",\"item\":\"https:\\\/\\\/mineraleslunallena.com\\\/ca\\\/shop\\\/\"},{\"@type\":\"ListItem\",\"position\":3,\"name\":\"Vela Sana Mi Cuerpo + Potenciador\"}]},{\"@type\":\"WebSite\",\"@id\":\"https:\\\/\\\/mineraleslunallena.com\\\/#website\",\"url\":\"https:\\\/\\\/mineraleslunallena.com\\\/\",\"name\":\"LUNA LLENA MINERALES\",\"description\":\"Es el momento de conectarte con tu propio poder y confiar en tus habilidades.\",\"publisher\":{\"@id\":\"https:\\\/\\\/mineraleslunallena.com\\\/#organization\"},\"potentialAction\":[{\"@type\":\"SearchAction\",\"target\":{\"@type\":\"EntryPoint\",\"urlTemplate\":\"https:\\\/\\\/mineraleslunallena.com\\\/?s={search_term_string}\"},\"query-input\":{\"@type\":\"PropertyValueSpecification\",\"valueRequired\":true,\"valueName\":\"search_term_string\"}}],\"inLanguage\":\"ca\"},{\"@type\":\"Organization\",\"@id\":\"https:\\\/\\\/mineraleslunallena.com\\\/#organization\",\"name\":\"LUNA LLENA MINERALES\",\"url\":\"https:\\\/\\\/mineraleslunallena.com\\\/\",\"logo\":{\"@type\":\"ImageObject\",\"inLanguage\":\"ca\",\"@id\":\"https:\\\/\\\/mineraleslunallena.com\\\/#\\\/schema\\\/logo\\\/image\\\/\",\"url\":\"https:\\\/\\\/mineraleslunallena.com\\\/wp-content\\\/uploads\\\/2023\\\/07\\\/LUNA-LLENA-LOGO-nuevo.png\",\"contentUrl\":\"https:\\\/\\\/mineraleslunallena.com\\\/wp-content\\\/uploads\\\/2023\\\/07\\\/LUNA-LLENA-LOGO-nuevo.png\",\"width\":229,\"height\":167,\"caption\":\"LUNA LLENA MINERALES\"},\"image\":{\"@id\":\"https:\\\/\\\/mineraleslunallena.com\\\/#\\\/schema\\\/logo\\\/image\\\/\"}}]}<\/script>\n<!-- \/ Yoast SEO plugin. -->","yoast_head_json":{"title":"Vela Sana Mi Cuerpo + Potenciador - MINERALES LUNA LLENA","robots":{"index":"index","follow":"follow","max-snippet":"max-snippet:-1","max-image-preview":"max-image-preview:large","max-video-preview":"max-video-preview:-1"},"canonical":"https:\/\/mineraleslunallena.com\/ca\/producte\/4746\/","og_locale":"ca_ES","og_type":"article","og_title":"Vela Sana Mi Cuerpo + Potenciador - MINERALES LUNA LLENA","og_description":"Esta vela Esot\u00e9rica Sana tu Cuerpo es ideal para rituales de salud. Puedes usarla para pedir por ti o por alguien m\u00e1s que est\u00e9 enfrentando una situaci\u00f3n m\u00e9dica complicada, como una cirug\u00eda, un diagn\u00f3stico incierto. O\u00a0 cuando se est\u00e1 atravesando un per\u00edodo de bajas defensas.  Aunque brinda apoyo energ\u00e9tico, no reemplaces la atenci\u00f3n o el consejo de un m\u00e9dico.         &nbsp;  Importante:  Nunca dejes esta vela encendida sin supervisi\u00f3n, ya que podr\u00eda causar un accidente o incendio grave. Aseg\u00farese de colocarla en un \u00e1rea bien ventilada. Este tipo de velas contiene muchas hierbas, lo que hace que se queme r\u00e1pidamente puede durar unas horas o tan s\u00f3lo\u00a0 unos minutos. Debido a su llama intensa, te recomendamos ponerla sobre un plato met\u00e1lico, ya que alcanza temperaturas muy altas.  &nbsp;  Incluye Elementos Esot\u00e9ricos para potencial el Ritual.   Cantidad: 1 Unidad.:\u00a0 1 Vela + Potenciador.\u00a0 El precio es por una unidad.  Tama\u00f1o: 19 cent\u00edmetros aproximadamente.","og_url":"https:\/\/mineraleslunallena.com\/ca\/producte\/4746\/","og_site_name":"MINERALES LUNA LLENA","article_modified_time":"2025-04-12T14:26:08+00:00","og_image":[{"width":1153,"height":2560,"url":"https:\/\/mineraleslunallena.com\/wp-content\/uploads\/2024\/10\/IMG_20241017_224655-scaled.jpg","type":"image\/jpeg"}],"twitter_card":"summary_large_image","twitter_misc":{"Temps estimat de lectura":"1 minut"},"schema":{"@context":"https:\/\/schema.org","@graph":[{"@type":"WebPage","@id":"https:\/\/mineraleslunallena.com\/producto\/4746\/","url":"https:\/\/mineraleslunallena.com\/producto\/4746\/","name":"Vela Sana Mi Cuerpo + Potenciador - MINERALES LUNA LLENA","isPartOf":{"@id":"https:\/\/mineraleslunallena.com\/#website"},"primaryImageOfPage":{"@id":"https:\/\/mineraleslunallena.com\/producto\/4746\/#primaryimage"},"image":{"@id":"https:\/\/mineraleslunallena.com\/producto\/4746\/#primaryimage"},"thumbnailUrl":"https:\/\/mineraleslunallena.com\/wp-content\/uploads\/2024\/10\/IMG_20241017_224655-scaled.jpg","datePublished":"2024-10-12T17:00:05+00:00","dateModified":"2025-04-12T14:26:08+00:00","breadcrumb":{"@id":"https:\/\/mineraleslunallena.com\/producto\/4746\/#breadcrumb"},"inLanguage":"ca","potentialAction":[{"@type":"ReadAction","target":["https:\/\/mineraleslunallena.com\/producto\/4746\/"]}]},{"@type":"ImageObject","inLanguage":"ca","@id":"https:\/\/mineraleslunallena.com\/producto\/4746\/#primaryimage","url":"https:\/\/mineraleslunallena.com\/wp-content\/uploads\/2024\/10\/IMG_20241017_224655-scaled.jpg","contentUrl":"https:\/\/mineraleslunallena.com\/wp-content\/uploads\/2024\/10\/IMG_20241017_224655-scaled.jpg","width":1153,"height":2560},{"@type":"BreadcrumbList","@id":"https:\/\/mineraleslunallena.com\/producto\/4746\/#breadcrumb","itemListElement":[{"@type":"ListItem","position":1,"name":"Portada","item":"https:\/\/mineraleslunallena.com\/"},{"@type":"ListItem","position":2,"name":"Shop","item":"https:\/\/mineraleslunallena.com\/ca\/shop\/"},{"@type":"ListItem","position":3,"name":"Vela Sana Mi Cuerpo + Potenciador"}]},{"@type":"WebSite","@id":"https:\/\/mineraleslunallena.com\/#website","url":"https:\/\/mineraleslunallena.com\/","name":"LLUNA PLENA MINERALS","description":"\u00c9s el moment de connectar-te amb el teu poder i confiar en les teves habilitats.","publisher":{"@id":"https:\/\/mineraleslunallena.com\/#organization"},"potentialAction":[{"@type":"SearchAction","target":{"@type":"EntryPoint","urlTemplate":"https:\/\/mineraleslunallena.com\/?s={search_term_string}"},"query-input":{"@type":"PropertyValueSpecification","valueRequired":true,"valueName":"search_term_string"}}],"inLanguage":"ca"},{"@type":"Organization","@id":"https:\/\/mineraleslunallena.com\/#organization","name":"LLUNA PLENA MINERALS","url":"https:\/\/mineraleslunallena.com\/","logo":{"@type":"ImageObject","inLanguage":"ca","@id":"https:\/\/mineraleslunallena.com\/#\/schema\/logo\/image\/","url":"https:\/\/mineraleslunallena.com\/wp-content\/uploads\/2023\/07\/LUNA-LLENA-LOGO-nuevo.png","contentUrl":"https:\/\/mineraleslunallena.com\/wp-content\/uploads\/2023\/07\/LUNA-LLENA-LOGO-nuevo.png","width":229,"height":167,"caption":"LUNA LLENA MINERALES"},"image":{"@id":"https:\/\/mineraleslunallena.com\/#\/schema\/logo\/image\/"}}]}},"jetpack_sharing_enabled":true,"_links":{"self":[{"href":"https:\/\/mineraleslunallena.com\/ca\/wp-json\/wp\/v2\/product\/4746","targetHints":{"allow":["GET"]}}],"collection":[{"href":"https:\/\/mineraleslunallena.com\/ca\/wp-json\/wp\/v2\/product"}],"about":[{"href":"https:\/\/mineraleslunallena.com\/ca\/wp-json\/wp\/v2\/types\/product"}],"version-history":[{"count":2,"href":"https:\/\/mineraleslunallena.com\/ca\/wp-json\/wp\/v2\/product\/4746\/revisions"}],"predecessor-version":[{"id":4748,"href":"https:\/\/mineraleslunallena.com\/ca\/wp-json\/wp\/v2\/product\/4746\/revisions\/4748"}],"wp:featuredmedia":[{"embeddable":true,"href":"https:\/\/mineraleslunallena.com\/ca\/wp-json\/wp\/v2\/media\/4848"}],"wp:attachment":[{"href":"https:\/\/mineraleslunallena.com\/ca\/wp-json\/wp\/v2\/media?parent=4746"}],"wp:term":[{"taxonomy":"product_cat","embeddable":true,"href":"https:\/\/mineraleslunallena.com\/ca\/wp-json\/wp\/v2\/product_cat?post=4746"},{"taxonomy":"product_tag","embeddable":true,"href":"https:\/\/mineraleslunallena.com\/ca\/wp-json\/wp\/v2\/product_tag?post=4746"}],"curies":[{"name":"wp","href":"https:\/\/api.w.org\/{rel}","templated":true}]}}