{"id":4935,"date":"2024-11-13T16:04:02","date_gmt":"2024-11-13T15:04:02","guid":{"rendered":"https:\/\/mineraleslunallena.com\/?post_type=product&#038;p=4935"},"modified":"2024-12-15T15:34:13","modified_gmt":"2024-12-15T14:34:13","slug":"larvikita-labradorita-negra-rodado-i-enfrentar-desafios-confianza","status":"publish","type":"product","link":"https:\/\/mineraleslunallena.com\/ca\/producte\/larvikita-labradorita-negra-rodado-i-enfrentar-desafios-confianza\/","title":{"rendered":"Larvikita &#8211; Labradorita Negra Rodado I Enfrentar Desaf\u00edos &#8211; Confianza"},"content":{"rendered":"<p class=\"price\">La Larvikita o Labradorita Negra es reconocida por su capacidad para promover la protecci\u00f3n y el equilibrio energ\u00e9tico.<\/p>\n<p class=\"price\">Este mineral ayuda a crear un escudo contra las energ\u00edas negativas y las influencias externas, favoreciendo un ambiente de paz y serenidad.<\/p>\n<div class=\"woocommerce-product-details__short-description\">\n<div class=\"markdown prose w-full break-words dark:prose-invert light\">\n<p>Su vibraci\u00f3n oscura y misteriosa estimula la intuici\u00f3n y la conexi\u00f3n con el mundo espiritual, facilitando la meditaci\u00f3n y la introspecci\u00f3n. Fomenta el crecimiento personal y la transformaci\u00f3n, ayud\u00e1ndote a enfrentar desaf\u00edos con confianza.<\/p>\n<p>Son un poderoso talism\u00e1n de protecci\u00f3n y autoconocimiento. Su uso regular puede contribuir a la claridad mental y al equilibrio emocional en la vida cotidiana.<\/p>\n<\/div>\n<p>&nbsp;<\/p>\n<p>Quantitat: 1 Unitat. El preu \u00e9s per una unitat.<\/p>\n<p>Tama\u00f1o: Entre 3 y 4.5 cent\u00edmetros aproximadamente.<\/p>\n<p>Forma: Mineral Rodat.<\/p>\n<div class=\"markdown prose w-full break-words dark:prose-invert light\">\n<p>&nbsp;<\/p>\n<\/div>\n<\/div>","protected":false},"excerpt":{"rendered":"<p class=\"price\">La Larvikita o Labradorita Negra es reconocida por su capacidad para promover la protecci\u00f3n y el equilibrio energ\u00e9tico.<\/p>\n<p class=\"price\">Este mineral ayuda a crear un escudo contra las energ\u00edas negativas y las influencias externas, favoreciendo un ambiente de paz y serenidad.<\/p>\n<div class=\"woocommerce-product-details__short-description\">\n<div class=\"markdown prose w-full break-words dark:prose-invert light\">\n<p>Su vibraci\u00f3n oscura y misteriosa estimula la intuici\u00f3n y la conexi\u00f3n con el mundo espiritual, facilitando la meditaci\u00f3n y la introspecci\u00f3n. Fomenta el crecimiento personal y la transformaci\u00f3n, ayud\u00e1ndote a enfrentar desaf\u00edos con confianza.<\/p>\n<p>Son un poderoso talism\u00e1n de protecci\u00f3n y autoconocimiento. Su uso regular puede contribuir a la claridad mental y al equilibrio emocional en la vida cotidiana.<\/p>\n<\/div>\n<p>&nbsp;<\/p>\n<p>Quantitat: 1 Unitat. El preu \u00e9s per una unitat.<\/p>\n<p>Tama\u00f1o: Entre 3 y 4.5 cent\u00edmetros aproximadamente.<\/p>\n<p>Forma: Mineral Rodat.<\/p>\n<\/div>","protected":false},"featured_media":5317,"template":"","meta":[],"product_cat":[69,71],"product_tag":[],"class_list":{"0":"post-4935","1":"product","2":"type-product","3":"status-publish","4":"has-post-thumbnail","6":"product_cat-minerales","7":"product_cat-rodados","9":"first","10":"instock","11":"sale","12":"taxable","13":"shipping-taxable","14":"purchasable","15":"product-type-simple"},"yoast_head":"<!-- This site is optimized with the Yoast SEO plugin v27.3 - https:\/\/yoast.com\/product\/yoast-seo-wordpress\/ -->\n<title>Larvikita - Labradorita Negra Rodado I Enfrentar Desaf\u00edos - Confianza - MINERALES LUNA LLENA<\/title>\n<meta name=\"robots\" content=\"index, follow, max-snippet:-1, max-image-preview:large, max-video-preview:-1\" \/>\n<link rel=\"canonical\" href=\"https:\/\/mineraleslunallena.com\/ca\/producte\/larvikita-labradorita-negra-rodado-i-enfrentar-desafios-confianza\/\" \/>\n<meta property=\"og:locale\" content=\"ca_ES\" \/>\n<meta property=\"og:type\" content=\"article\" \/>\n<meta property=\"og:title\" content=\"Larvikita - Labradorita Negra Rodado I Enfrentar Desaf\u00edos - Confianza - MINERALES LUNA LLENA\" \/>\n<meta property=\"og:description\" content=\"La Larvikita o Labradorita Negra es reconocida por su capacidad para promover la protecci\u00f3n y el equilibrio energ\u00e9tico. Este mineral ayuda a crear un escudo contra las energ\u00edas negativas y las influencias externas, favoreciendo un ambiente de paz y serenidad.     Su vibraci\u00f3n oscura y misteriosa estimula la intuici\u00f3n y la conexi\u00f3n con el mundo espiritual, facilitando la meditaci\u00f3n y la introspecci\u00f3n. Fomenta el crecimiento personal y la transformaci\u00f3n, ayud\u00e1ndote a enfrentar desaf\u00edos con confianza.  Son un poderoso talism\u00e1n de protecci\u00f3n y autoconocimiento. Su uso regular puede contribuir a la claridad mental y al equilibrio emocional en la vida cotidiana.   &nbsp;  Cantidad: 1 Unidad. El precio es por una unidad.  Tama\u00f1o: Entre 3 y 4.5 cent\u00edmetros aproximadamente.  Forma: Mineral Rodado.\" \/>\n<meta property=\"og:url\" content=\"https:\/\/mineraleslunallena.com\/ca\/producte\/larvikita-labradorita-negra-rodado-i-enfrentar-desafios-confianza\/\" \/>\n<meta property=\"og:site_name\" content=\"MINERALES LUNA LLENA\" \/>\n<meta property=\"article:modified_time\" content=\"2024-12-15T14:34:13+00:00\" \/>\n<meta property=\"og:image\" content=\"https:\/\/mineraleslunallena.com\/wp-content\/uploads\/2024\/11\/IMG_20241113_232355-scaled.jpg\" \/>\n\t<meta property=\"og:image:width\" content=\"1153\" \/>\n\t<meta property=\"og:image:height\" content=\"2560\" \/>\n\t<meta property=\"og:image:type\" content=\"image\/jpeg\" \/>\n<meta name=\"twitter:card\" content=\"summary_large_image\" \/>\n<meta name=\"twitter:label1\" content=\"Temps estimat de lectura\" \/>\n\t<meta name=\"twitter:data1\" content=\"1 minut\" \/>\n<script type=\"application\/ld+json\" class=\"yoast-schema-graph\">{\"@context\":\"https:\\\/\\\/schema.org\",\"@graph\":[{\"@type\":\"WebPage\",\"@id\":\"https:\\\/\\\/mineraleslunallena.com\\\/producto\\\/larvikita-labradorita-negra-rodado-i-enfrentar-desafios-confianza\\\/\",\"url\":\"https:\\\/\\\/mineraleslunallena.com\\\/producto\\\/larvikita-labradorita-negra-rodado-i-enfrentar-desafios-confianza\\\/\",\"name\":\"Larvikita - Labradorita Negra Rodado I Enfrentar Desaf\u00edos - Confianza - MINERALES LUNA LLENA\",\"isPartOf\":{\"@id\":\"https:\\\/\\\/mineraleslunallena.com\\\/#website\"},\"primaryImageOfPage\":{\"@id\":\"https:\\\/\\\/mineraleslunallena.com\\\/producto\\\/larvikita-labradorita-negra-rodado-i-enfrentar-desafios-confianza\\\/#primaryimage\"},\"image\":{\"@id\":\"https:\\\/\\\/mineraleslunallena.com\\\/producto\\\/larvikita-labradorita-negra-rodado-i-enfrentar-desafios-confianza\\\/#primaryimage\"},\"thumbnailUrl\":\"https:\\\/\\\/mineraleslunallena.com\\\/wp-content\\\/uploads\\\/2024\\\/11\\\/IMG_20241113_232355-scaled.jpg\",\"datePublished\":\"2024-11-13T15:04:02+00:00\",\"dateModified\":\"2024-12-15T14:34:13+00:00\",\"breadcrumb\":{\"@id\":\"https:\\\/\\\/mineraleslunallena.com\\\/producto\\\/larvikita-labradorita-negra-rodado-i-enfrentar-desafios-confianza\\\/#breadcrumb\"},\"inLanguage\":\"ca\",\"potentialAction\":[{\"@type\":\"ReadAction\",\"target\":[\"https:\\\/\\\/mineraleslunallena.com\\\/producto\\\/larvikita-labradorita-negra-rodado-i-enfrentar-desafios-confianza\\\/\"]}]},{\"@type\":\"ImageObject\",\"inLanguage\":\"ca\",\"@id\":\"https:\\\/\\\/mineraleslunallena.com\\\/producto\\\/larvikita-labradorita-negra-rodado-i-enfrentar-desafios-confianza\\\/#primaryimage\",\"url\":\"https:\\\/\\\/mineraleslunallena.com\\\/wp-content\\\/uploads\\\/2024\\\/11\\\/IMG_20241113_232355-scaled.jpg\",\"contentUrl\":\"https:\\\/\\\/mineraleslunallena.com\\\/wp-content\\\/uploads\\\/2024\\\/11\\\/IMG_20241113_232355-scaled.jpg\",\"width\":1153,\"height\":2560},{\"@type\":\"BreadcrumbList\",\"@id\":\"https:\\\/\\\/mineraleslunallena.com\\\/producto\\\/larvikita-labradorita-negra-rodado-i-enfrentar-desafios-confianza\\\/#breadcrumb\",\"itemListElement\":[{\"@type\":\"ListItem\",\"position\":1,\"name\":\"Portada\",\"item\":\"https:\\\/\\\/mineraleslunallena.com\\\/\"},{\"@type\":\"ListItem\",\"position\":2,\"name\":\"Shop\",\"item\":\"https:\\\/\\\/mineraleslunallena.com\\\/ca\\\/shop\\\/\"},{\"@type\":\"ListItem\",\"position\":3,\"name\":\"Larvikita &#8211; Labradorita Negra Rodado I Enfrentar Desaf\u00edos &#8211; Confianza\"}]},{\"@type\":\"WebSite\",\"@id\":\"https:\\\/\\\/mineraleslunallena.com\\\/#website\",\"url\":\"https:\\\/\\\/mineraleslunallena.com\\\/\",\"name\":\"LUNA LLENA MINERALES\",\"description\":\"Es el momento de conectarte con tu propio poder y confiar en tus habilidades.\",\"publisher\":{\"@id\":\"https:\\\/\\\/mineraleslunallena.com\\\/#organization\"},\"potentialAction\":[{\"@type\":\"SearchAction\",\"target\":{\"@type\":\"EntryPoint\",\"urlTemplate\":\"https:\\\/\\\/mineraleslunallena.com\\\/?s={search_term_string}\"},\"query-input\":{\"@type\":\"PropertyValueSpecification\",\"valueRequired\":true,\"valueName\":\"search_term_string\"}}],\"inLanguage\":\"ca\"},{\"@type\":\"Organization\",\"@id\":\"https:\\\/\\\/mineraleslunallena.com\\\/#organization\",\"name\":\"LUNA LLENA MINERALES\",\"url\":\"https:\\\/\\\/mineraleslunallena.com\\\/\",\"logo\":{\"@type\":\"ImageObject\",\"inLanguage\":\"ca\",\"@id\":\"https:\\\/\\\/mineraleslunallena.com\\\/#\\\/schema\\\/logo\\\/image\\\/\",\"url\":\"https:\\\/\\\/mineraleslunallena.com\\\/wp-content\\\/uploads\\\/2023\\\/07\\\/LUNA-LLENA-LOGO-nuevo.png\",\"contentUrl\":\"https:\\\/\\\/mineraleslunallena.com\\\/wp-content\\\/uploads\\\/2023\\\/07\\\/LUNA-LLENA-LOGO-nuevo.png\",\"width\":229,\"height\":167,\"caption\":\"LUNA LLENA MINERALES\"},\"image\":{\"@id\":\"https:\\\/\\\/mineraleslunallena.com\\\/#\\\/schema\\\/logo\\\/image\\\/\"}}]}<\/script>\n<!-- \/ Yoast SEO plugin. -->","yoast_head_json":{"title":"Larvikita - Labradorita Negra Rodado I Enfrentar Desaf\u00edos - Confianza - MINERALES LUNA LLENA","robots":{"index":"index","follow":"follow","max-snippet":"max-snippet:-1","max-image-preview":"max-image-preview:large","max-video-preview":"max-video-preview:-1"},"canonical":"https:\/\/mineraleslunallena.com\/ca\/producte\/larvikita-labradorita-negra-rodado-i-enfrentar-desafios-confianza\/","og_locale":"ca_ES","og_type":"article","og_title":"Larvikita - Labradorita Negra Rodado I Enfrentar Desaf\u00edos - Confianza - MINERALES LUNA LLENA","og_description":"La Larvikita o Labradorita Negra es reconocida por su capacidad para promover la protecci\u00f3n y el equilibrio energ\u00e9tico. Este mineral ayuda a crear un escudo contra las energ\u00edas negativas y las influencias externas, favoreciendo un ambiente de paz y serenidad.     Su vibraci\u00f3n oscura y misteriosa estimula la intuici\u00f3n y la conexi\u00f3n con el mundo espiritual, facilitando la meditaci\u00f3n y la introspecci\u00f3n. Fomenta el crecimiento personal y la transformaci\u00f3n, ayud\u00e1ndote a enfrentar desaf\u00edos con confianza.  Son un poderoso talism\u00e1n de protecci\u00f3n y autoconocimiento. Su uso regular puede contribuir a la claridad mental y al equilibrio emocional en la vida cotidiana.   &nbsp;  Cantidad: 1 Unidad. El precio es por una unidad.  Tama\u00f1o: Entre 3 y 4.5 cent\u00edmetros aproximadamente.  Forma: Mineral Rodado.","og_url":"https:\/\/mineraleslunallena.com\/ca\/producte\/larvikita-labradorita-negra-rodado-i-enfrentar-desafios-confianza\/","og_site_name":"MINERALES LUNA LLENA","article_modified_time":"2024-12-15T14:34:13+00:00","og_image":[{"width":1153,"height":2560,"url":"https:\/\/mineraleslunallena.com\/wp-content\/uploads\/2024\/11\/IMG_20241113_232355-scaled.jpg","type":"image\/jpeg"}],"twitter_card":"summary_large_image","twitter_misc":{"Temps estimat de lectura":"1 minut"},"schema":{"@context":"https:\/\/schema.org","@graph":[{"@type":"WebPage","@id":"https:\/\/mineraleslunallena.com\/producto\/larvikita-labradorita-negra-rodado-i-enfrentar-desafios-confianza\/","url":"https:\/\/mineraleslunallena.com\/producto\/larvikita-labradorita-negra-rodado-i-enfrentar-desafios-confianza\/","name":"Larvikita - Labradorita Negra Rodado I Enfrentar Desaf\u00edos - Confianza - MINERALES LUNA LLENA","isPartOf":{"@id":"https:\/\/mineraleslunallena.com\/#website"},"primaryImageOfPage":{"@id":"https:\/\/mineraleslunallena.com\/producto\/larvikita-labradorita-negra-rodado-i-enfrentar-desafios-confianza\/#primaryimage"},"image":{"@id":"https:\/\/mineraleslunallena.com\/producto\/larvikita-labradorita-negra-rodado-i-enfrentar-desafios-confianza\/#primaryimage"},"thumbnailUrl":"https:\/\/mineraleslunallena.com\/wp-content\/uploads\/2024\/11\/IMG_20241113_232355-scaled.jpg","datePublished":"2024-11-13T15:04:02+00:00","dateModified":"2024-12-15T14:34:13+00:00","breadcrumb":{"@id":"https:\/\/mineraleslunallena.com\/producto\/larvikita-labradorita-negra-rodado-i-enfrentar-desafios-confianza\/#breadcrumb"},"inLanguage":"ca","potentialAction":[{"@type":"ReadAction","target":["https:\/\/mineraleslunallena.com\/producto\/larvikita-labradorita-negra-rodado-i-enfrentar-desafios-confianza\/"]}]},{"@type":"ImageObject","inLanguage":"ca","@id":"https:\/\/mineraleslunallena.com\/producto\/larvikita-labradorita-negra-rodado-i-enfrentar-desafios-confianza\/#primaryimage","url":"https:\/\/mineraleslunallena.com\/wp-content\/uploads\/2024\/11\/IMG_20241113_232355-scaled.jpg","contentUrl":"https:\/\/mineraleslunallena.com\/wp-content\/uploads\/2024\/11\/IMG_20241113_232355-scaled.jpg","width":1153,"height":2560},{"@type":"BreadcrumbList","@id":"https:\/\/mineraleslunallena.com\/producto\/larvikita-labradorita-negra-rodado-i-enfrentar-desafios-confianza\/#breadcrumb","itemListElement":[{"@type":"ListItem","position":1,"name":"Portada","item":"https:\/\/mineraleslunallena.com\/"},{"@type":"ListItem","position":2,"name":"Shop","item":"https:\/\/mineraleslunallena.com\/ca\/shop\/"},{"@type":"ListItem","position":3,"name":"Larvikita &#8211; Labradorita Negra Rodado I Enfrentar Desaf\u00edos &#8211; Confianza"}]},{"@type":"WebSite","@id":"https:\/\/mineraleslunallena.com\/#website","url":"https:\/\/mineraleslunallena.com\/","name":"LLUNA PLENA MINERALS","description":"\u00c9s el moment de connectar-te amb el teu poder i confiar en les teves habilitats.","publisher":{"@id":"https:\/\/mineraleslunallena.com\/#organization"},"potentialAction":[{"@type":"SearchAction","target":{"@type":"EntryPoint","urlTemplate":"https:\/\/mineraleslunallena.com\/?s={search_term_string}"},"query-input":{"@type":"PropertyValueSpecification","valueRequired":true,"valueName":"search_term_string"}}],"inLanguage":"ca"},{"@type":"Organization","@id":"https:\/\/mineraleslunallena.com\/#organization","name":"LLUNA PLENA MINERALS","url":"https:\/\/mineraleslunallena.com\/","logo":{"@type":"ImageObject","inLanguage":"ca","@id":"https:\/\/mineraleslunallena.com\/#\/schema\/logo\/image\/","url":"https:\/\/mineraleslunallena.com\/wp-content\/uploads\/2023\/07\/LUNA-LLENA-LOGO-nuevo.png","contentUrl":"https:\/\/mineraleslunallena.com\/wp-content\/uploads\/2023\/07\/LUNA-LLENA-LOGO-nuevo.png","width":229,"height":167,"caption":"LUNA LLENA MINERALES"},"image":{"@id":"https:\/\/mineraleslunallena.com\/#\/schema\/logo\/image\/"}}]}},"_links":{"self":[{"href":"https:\/\/mineraleslunallena.com\/ca\/wp-json\/wp\/v2\/product\/4935","targetHints":{"allow":["GET"]}}],"collection":[{"href":"https:\/\/mineraleslunallena.com\/ca\/wp-json\/wp\/v2\/product"}],"about":[{"href":"https:\/\/mineraleslunallena.com\/ca\/wp-json\/wp\/v2\/types\/product"}],"version-history":[{"count":1,"href":"https:\/\/mineraleslunallena.com\/ca\/wp-json\/wp\/v2\/product\/4935\/revisions"}],"predecessor-version":[{"id":4936,"href":"https:\/\/mineraleslunallena.com\/ca\/wp-json\/wp\/v2\/product\/4935\/revisions\/4936"}],"wp:featuredmedia":[{"embeddable":true,"href":"https:\/\/mineraleslunallena.com\/ca\/wp-json\/wp\/v2\/media\/5317"}],"wp:attachment":[{"href":"https:\/\/mineraleslunallena.com\/ca\/wp-json\/wp\/v2\/media?parent=4935"}],"wp:term":[{"taxonomy":"product_cat","embeddable":true,"href":"https:\/\/mineraleslunallena.com\/ca\/wp-json\/wp\/v2\/product_cat?post=4935"},{"taxonomy":"product_tag","embeddable":true,"href":"https:\/\/mineraleslunallena.com\/ca\/wp-json\/wp\/v2\/product_tag?post=4935"}],"curies":[{"name":"wp","href":"https:\/\/api.w.org\/{rel}","templated":true}]}}