{"id":4937,"date":"2024-11-13T16:43:01","date_gmt":"2024-11-13T15:43:01","guid":{"rendered":"https:\/\/mineraleslunallena.com\/?post_type=product&#038;p=4937"},"modified":"2024-11-14T17:14:45","modified_gmt":"2024-11-14T16:14:45","slug":"turquenita-rodado-i-armonia-conyugal-sinceridad","status":"publish","type":"product","link":"https:\/\/mineraleslunallena.com\/ca\/producte\/turquenita-rodado-i-armonia-conyugal-sinceridad\/","title":{"rendered":"Turquenita Rodado I Armon\u00eda Conyugal &#8211; Sinceridad"},"content":{"rendered":"<div class=\"flex max-w-full flex-col flex-grow\">\n<div class=\"min-h-8 text-message flex w-full flex-col items-end gap-2 whitespace-normal break-words [.text-message+&amp;]:mt-5\" dir=\"auto\" data-message-author-role=\"assistant\" data-message-id=\"3764c10e-f882-4fbe-b33e-87e25be99b46\" data-message-model-slug=\"gpt-4o\">\n<div class=\"flex w-full flex-col gap-1 empty:hidden first:pt-[3px]\">\n<div class=\"markdown prose w-full break-words dark:prose-invert light\">\n<p>La Turquenita es Magnesita te\u00f1ida, que en su estado natural es de color blanco y tiene una apariencia redondeada. Al te\u00f1irse, adquiere un tono turquesa.<\/p>\n<p><b>T<\/b>iene un efecto refrescante y calmante, promoviendo la relajaci\u00f3n, la sinceridad y la apertura. Armon\u00eda Conyugal.\u00a0 Ayudan a superar miedos y a recuperar el \u00e1nimo, fomentando la colaboraci\u00f3n y la cooperaci\u00f3n. Adem\u00e1s, facilita la liberaci\u00f3n de preocupaciones y la superaci\u00f3n de influencias externas, desarrollando fuerza y equilibrio interior, y estimulando el deseo de conocimiento.<\/p>\n<p>&nbsp;<\/p>\n<\/div>\n<\/div>\n<\/div>\n<\/div>\n<div class=\"mb-2 flex gap-3 empty:hidden -ml-2\">\n<div class=\"items-center justify-start rounded-xl p-1 flex\">\n<div class=\"flex items-center\">\n<div class=\"flex items-center pb-0\">\n<p>Cantidad: 1 Unidad. El precio es por una unidad.<\/p>\n<p>Tama\u00f1o: Entre 3 y 3.5 cent\u00edmetros aproximadamente.<\/p>\n<p>Forma: Mineral Rodado.<\/p>\n<\/div>\n<\/div>\n<\/div>\n<\/div>\n","protected":false},"excerpt":{"rendered":"<div class=\"flex max-w-full flex-col flex-grow\">\n<div class=\"min-h-8 text-message flex w-full flex-col items-end gap-2 whitespace-normal break-words [.text-message+&amp;]:mt-5\" dir=\"auto\" data-message-author-role=\"assistant\" data-message-id=\"3764c10e-f882-4fbe-b33e-87e25be99b46\" data-message-model-slug=\"gpt-4o\">\n<div class=\"flex w-full flex-col gap-1 empty:hidden first:pt-[3px]\">\n<div class=\"markdown prose w-full break-words dark:prose-invert light\">\n<p>La Turquenita es Magnesita te\u00f1ida, que en su estado natural es de color blanco y tiene una apariencia redondeada. Al te\u00f1irse, adquiere un tono turquesa.<\/p>\n<p><b>T<\/b>iene un efecto refrescante y calmante, promoviendo la relajaci\u00f3n, la sinceridad y la apertura. Armon\u00eda Conyugal.\u00a0 Ayudan a superar miedos y a recuperar el \u00e1nimo, fomentando la colaboraci\u00f3n y la cooperaci\u00f3n. Adem\u00e1s, facilita la liberaci\u00f3n de preocupaciones y la superaci\u00f3n de influencias externas, desarrollando fuerza y equilibrio interior, y estimulando el deseo de conocimiento.<\/p>\n<p>&nbsp;<\/p>\n<\/div>\n<\/div>\n<\/div>\n<\/div>\n<div class=\"mb-2 flex gap-3 empty:hidden -ml-2\">\n<div class=\"items-center justify-start rounded-xl p-1 flex\">\n<div class=\"flex items-center\">\n<div class=\"flex items-center pb-0\">\n<p>Cantidad: 1 Unidad. El precio es por una unidad.<\/p>\n<p>Tama\u00f1o: Entre 3 y 3.5 cent\u00edmetros aproximadamente.<\/p>\n<p>Forma: Mineral Rodado.<\/p>\n<\/div>\n<\/div>\n<\/div>\n<\/div>\n","protected":false},"featured_media":4984,"template":"","meta":[],"product_cat":[69,71],"product_tag":[],"class_list":{"0":"post-4937","1":"product","2":"type-product","3":"status-publish","4":"has-post-thumbnail","6":"product_cat-minerales","7":"product_cat-rodados","9":"first","10":"instock","11":"sale","12":"taxable","13":"shipping-taxable","14":"purchasable","15":"product-type-simple"},"yoast_head":"<!-- This site is optimized with the Yoast SEO plugin v27.3 - https:\/\/yoast.com\/product\/yoast-seo-wordpress\/ -->\n<title>Turquenita Rodado I Armon\u00eda Conyugal - Sinceridad - MINERALES LUNA LLENA<\/title>\n<meta name=\"robots\" content=\"index, follow, max-snippet:-1, max-image-preview:large, max-video-preview:-1\" \/>\n<link rel=\"canonical\" href=\"https:\/\/mineraleslunallena.com\/ca\/producte\/turquenita-rodado-i-armonia-conyugal-sinceridad\/\" \/>\n<meta property=\"og:locale\" content=\"ca_ES\" \/>\n<meta property=\"og:type\" content=\"article\" \/>\n<meta property=\"og:title\" content=\"Turquenita Rodado I Armon\u00eda Conyugal - Sinceridad - MINERALES LUNA LLENA\" \/>\n<meta property=\"og:description\" content=\"La Turquenita es Magnesita te\u00f1ida, que en su estado natural es de color blanco y tiene una apariencia redondeada. Al te\u00f1irse, adquiere un tono turquesa.  Tiene un efecto refrescante y calmante, promoviendo la relajaci\u00f3n, la sinceridad y la apertura. Armon\u00eda Conyugal.\u00a0 Ayudan a superar miedos y a recuperar el \u00e1nimo, fomentando la colaboraci\u00f3n y la cooperaci\u00f3n. Adem\u00e1s, facilita la liberaci\u00f3n de preocupaciones y la superaci\u00f3n de influencias externas, desarrollando fuerza y equilibrio interior, y estimulando el deseo de conocimiento.  &nbsp;           Cantidad: 1 Unidad. El precio es por una unidad.  Tama\u00f1o: Entre 3 y 3.5 cent\u00edmetros aproximadamente.  Forma: Mineral Rodado.\" \/>\n<meta property=\"og:url\" content=\"https:\/\/mineraleslunallena.com\/ca\/producte\/turquenita-rodado-i-armonia-conyugal-sinceridad\/\" \/>\n<meta property=\"og:site_name\" content=\"MINERALES LUNA LLENA\" \/>\n<meta property=\"article:modified_time\" content=\"2024-11-14T16:14:45+00:00\" \/>\n<meta property=\"og:image\" content=\"https:\/\/mineraleslunallena.com\/wp-content\/uploads\/2024\/11\/turquenitaportada-scaled.jpg\" \/>\n\t<meta property=\"og:image:width\" content=\"1153\" \/>\n\t<meta property=\"og:image:height\" content=\"2560\" \/>\n\t<meta property=\"og:image:type\" content=\"image\/jpeg\" \/>\n<meta name=\"twitter:card\" content=\"summary_large_image\" \/>\n<meta name=\"twitter:label1\" content=\"Temps estimat de lectura\" \/>\n\t<meta name=\"twitter:data1\" content=\"1 minut\" \/>\n<script type=\"application\/ld+json\" class=\"yoast-schema-graph\">{\"@context\":\"https:\\\/\\\/schema.org\",\"@graph\":[{\"@type\":\"WebPage\",\"@id\":\"https:\\\/\\\/mineraleslunallena.com\\\/producto\\\/turquenita-rodado-i-armonia-conyugal-sinceridad\\\/\",\"url\":\"https:\\\/\\\/mineraleslunallena.com\\\/producto\\\/turquenita-rodado-i-armonia-conyugal-sinceridad\\\/\",\"name\":\"Turquenita Rodado I Armon\u00eda Conyugal - Sinceridad - MINERALES LUNA LLENA\",\"isPartOf\":{\"@id\":\"https:\\\/\\\/mineraleslunallena.com\\\/#website\"},\"primaryImageOfPage\":{\"@id\":\"https:\\\/\\\/mineraleslunallena.com\\\/producto\\\/turquenita-rodado-i-armonia-conyugal-sinceridad\\\/#primaryimage\"},\"image\":{\"@id\":\"https:\\\/\\\/mineraleslunallena.com\\\/producto\\\/turquenita-rodado-i-armonia-conyugal-sinceridad\\\/#primaryimage\"},\"thumbnailUrl\":\"https:\\\/\\\/mineraleslunallena.com\\\/wp-content\\\/uploads\\\/2024\\\/11\\\/turquenitaportada-scaled.jpg\",\"datePublished\":\"2024-11-13T15:43:01+00:00\",\"dateModified\":\"2024-11-14T16:14:45+00:00\",\"breadcrumb\":{\"@id\":\"https:\\\/\\\/mineraleslunallena.com\\\/producto\\\/turquenita-rodado-i-armonia-conyugal-sinceridad\\\/#breadcrumb\"},\"inLanguage\":\"ca\",\"potentialAction\":[{\"@type\":\"ReadAction\",\"target\":[\"https:\\\/\\\/mineraleslunallena.com\\\/producto\\\/turquenita-rodado-i-armonia-conyugal-sinceridad\\\/\"]}]},{\"@type\":\"ImageObject\",\"inLanguage\":\"ca\",\"@id\":\"https:\\\/\\\/mineraleslunallena.com\\\/producto\\\/turquenita-rodado-i-armonia-conyugal-sinceridad\\\/#primaryimage\",\"url\":\"https:\\\/\\\/mineraleslunallena.com\\\/wp-content\\\/uploads\\\/2024\\\/11\\\/turquenitaportada-scaled.jpg\",\"contentUrl\":\"https:\\\/\\\/mineraleslunallena.com\\\/wp-content\\\/uploads\\\/2024\\\/11\\\/turquenitaportada-scaled.jpg\",\"width\":1153,\"height\":2560},{\"@type\":\"BreadcrumbList\",\"@id\":\"https:\\\/\\\/mineraleslunallena.com\\\/producto\\\/turquenita-rodado-i-armonia-conyugal-sinceridad\\\/#breadcrumb\",\"itemListElement\":[{\"@type\":\"ListItem\",\"position\":1,\"name\":\"Portada\",\"item\":\"https:\\\/\\\/mineraleslunallena.com\\\/\"},{\"@type\":\"ListItem\",\"position\":2,\"name\":\"Shop\",\"item\":\"https:\\\/\\\/mineraleslunallena.com\\\/ca\\\/shop\\\/\"},{\"@type\":\"ListItem\",\"position\":3,\"name\":\"Turquenita Rodado I Armon\u00eda Conyugal &#8211; Sinceridad\"}]},{\"@type\":\"WebSite\",\"@id\":\"https:\\\/\\\/mineraleslunallena.com\\\/#website\",\"url\":\"https:\\\/\\\/mineraleslunallena.com\\\/\",\"name\":\"LUNA LLENA MINERALES\",\"description\":\"Es el momento de conectarte con tu propio poder y confiar en tus habilidades.\",\"publisher\":{\"@id\":\"https:\\\/\\\/mineraleslunallena.com\\\/#organization\"},\"potentialAction\":[{\"@type\":\"SearchAction\",\"target\":{\"@type\":\"EntryPoint\",\"urlTemplate\":\"https:\\\/\\\/mineraleslunallena.com\\\/?s={search_term_string}\"},\"query-input\":{\"@type\":\"PropertyValueSpecification\",\"valueRequired\":true,\"valueName\":\"search_term_string\"}}],\"inLanguage\":\"ca\"},{\"@type\":\"Organization\",\"@id\":\"https:\\\/\\\/mineraleslunallena.com\\\/#organization\",\"name\":\"LUNA LLENA MINERALES\",\"url\":\"https:\\\/\\\/mineraleslunallena.com\\\/\",\"logo\":{\"@type\":\"ImageObject\",\"inLanguage\":\"ca\",\"@id\":\"https:\\\/\\\/mineraleslunallena.com\\\/#\\\/schema\\\/logo\\\/image\\\/\",\"url\":\"https:\\\/\\\/mineraleslunallena.com\\\/wp-content\\\/uploads\\\/2023\\\/07\\\/LUNA-LLENA-LOGO-nuevo.png\",\"contentUrl\":\"https:\\\/\\\/mineraleslunallena.com\\\/wp-content\\\/uploads\\\/2023\\\/07\\\/LUNA-LLENA-LOGO-nuevo.png\",\"width\":229,\"height\":167,\"caption\":\"LUNA LLENA MINERALES\"},\"image\":{\"@id\":\"https:\\\/\\\/mineraleslunallena.com\\\/#\\\/schema\\\/logo\\\/image\\\/\"}}]}<\/script>\n<!-- \/ Yoast SEO plugin. -->","yoast_head_json":{"title":"Turquenita Rodado I Armon\u00eda Conyugal - Sinceridad - MINERALES LUNA LLENA","robots":{"index":"index","follow":"follow","max-snippet":"max-snippet:-1","max-image-preview":"max-image-preview:large","max-video-preview":"max-video-preview:-1"},"canonical":"https:\/\/mineraleslunallena.com\/ca\/producte\/turquenita-rodado-i-armonia-conyugal-sinceridad\/","og_locale":"ca_ES","og_type":"article","og_title":"Turquenita Rodado I Armon\u00eda Conyugal - Sinceridad - MINERALES LUNA LLENA","og_description":"La Turquenita es Magnesita te\u00f1ida, que en su estado natural es de color blanco y tiene una apariencia redondeada. Al te\u00f1irse, adquiere un tono turquesa.  Tiene un efecto refrescante y calmante, promoviendo la relajaci\u00f3n, la sinceridad y la apertura. Armon\u00eda Conyugal.\u00a0 Ayudan a superar miedos y a recuperar el \u00e1nimo, fomentando la colaboraci\u00f3n y la cooperaci\u00f3n. Adem\u00e1s, facilita la liberaci\u00f3n de preocupaciones y la superaci\u00f3n de influencias externas, desarrollando fuerza y equilibrio interior, y estimulando el deseo de conocimiento.  &nbsp;           Cantidad: 1 Unidad. El precio es por una unidad.  Tama\u00f1o: Entre 3 y 3.5 cent\u00edmetros aproximadamente.  Forma: Mineral Rodado.","og_url":"https:\/\/mineraleslunallena.com\/ca\/producte\/turquenita-rodado-i-armonia-conyugal-sinceridad\/","og_site_name":"MINERALES LUNA LLENA","article_modified_time":"2024-11-14T16:14:45+00:00","og_image":[{"width":1153,"height":2560,"url":"https:\/\/mineraleslunallena.com\/wp-content\/uploads\/2024\/11\/turquenitaportada-scaled.jpg","type":"image\/jpeg"}],"twitter_card":"summary_large_image","twitter_misc":{"Temps estimat de lectura":"1 minut"},"schema":{"@context":"https:\/\/schema.org","@graph":[{"@type":"WebPage","@id":"https:\/\/mineraleslunallena.com\/producto\/turquenita-rodado-i-armonia-conyugal-sinceridad\/","url":"https:\/\/mineraleslunallena.com\/producto\/turquenita-rodado-i-armonia-conyugal-sinceridad\/","name":"Turquenita Rodado I Armon\u00eda Conyugal - Sinceridad - MINERALES LUNA LLENA","isPartOf":{"@id":"https:\/\/mineraleslunallena.com\/#website"},"primaryImageOfPage":{"@id":"https:\/\/mineraleslunallena.com\/producto\/turquenita-rodado-i-armonia-conyugal-sinceridad\/#primaryimage"},"image":{"@id":"https:\/\/mineraleslunallena.com\/producto\/turquenita-rodado-i-armonia-conyugal-sinceridad\/#primaryimage"},"thumbnailUrl":"https:\/\/mineraleslunallena.com\/wp-content\/uploads\/2024\/11\/turquenitaportada-scaled.jpg","datePublished":"2024-11-13T15:43:01+00:00","dateModified":"2024-11-14T16:14:45+00:00","breadcrumb":{"@id":"https:\/\/mineraleslunallena.com\/producto\/turquenita-rodado-i-armonia-conyugal-sinceridad\/#breadcrumb"},"inLanguage":"ca","potentialAction":[{"@type":"ReadAction","target":["https:\/\/mineraleslunallena.com\/producto\/turquenita-rodado-i-armonia-conyugal-sinceridad\/"]}]},{"@type":"ImageObject","inLanguage":"ca","@id":"https:\/\/mineraleslunallena.com\/producto\/turquenita-rodado-i-armonia-conyugal-sinceridad\/#primaryimage","url":"https:\/\/mineraleslunallena.com\/wp-content\/uploads\/2024\/11\/turquenitaportada-scaled.jpg","contentUrl":"https:\/\/mineraleslunallena.com\/wp-content\/uploads\/2024\/11\/turquenitaportada-scaled.jpg","width":1153,"height":2560},{"@type":"BreadcrumbList","@id":"https:\/\/mineraleslunallena.com\/producto\/turquenita-rodado-i-armonia-conyugal-sinceridad\/#breadcrumb","itemListElement":[{"@type":"ListItem","position":1,"name":"Portada","item":"https:\/\/mineraleslunallena.com\/"},{"@type":"ListItem","position":2,"name":"Shop","item":"https:\/\/mineraleslunallena.com\/ca\/shop\/"},{"@type":"ListItem","position":3,"name":"Turquenita Rodado I Armon\u00eda Conyugal &#8211; Sinceridad"}]},{"@type":"WebSite","@id":"https:\/\/mineraleslunallena.com\/#website","url":"https:\/\/mineraleslunallena.com\/","name":"LLUNA PLENA MINERALS","description":"\u00c9s el moment de connectar-te amb el teu poder i confiar en les teves habilitats.","publisher":{"@id":"https:\/\/mineraleslunallena.com\/#organization"},"potentialAction":[{"@type":"SearchAction","target":{"@type":"EntryPoint","urlTemplate":"https:\/\/mineraleslunallena.com\/?s={search_term_string}"},"query-input":{"@type":"PropertyValueSpecification","valueRequired":true,"valueName":"search_term_string"}}],"inLanguage":"ca"},{"@type":"Organization","@id":"https:\/\/mineraleslunallena.com\/#organization","name":"LLUNA PLENA MINERALS","url":"https:\/\/mineraleslunallena.com\/","logo":{"@type":"ImageObject","inLanguage":"ca","@id":"https:\/\/mineraleslunallena.com\/#\/schema\/logo\/image\/","url":"https:\/\/mineraleslunallena.com\/wp-content\/uploads\/2023\/07\/LUNA-LLENA-LOGO-nuevo.png","contentUrl":"https:\/\/mineraleslunallena.com\/wp-content\/uploads\/2023\/07\/LUNA-LLENA-LOGO-nuevo.png","width":229,"height":167,"caption":"LUNA LLENA MINERALES"},"image":{"@id":"https:\/\/mineraleslunallena.com\/#\/schema\/logo\/image\/"}}]}},"_links":{"self":[{"href":"https:\/\/mineraleslunallena.com\/ca\/wp-json\/wp\/v2\/product\/4937","targetHints":{"allow":["GET"]}}],"collection":[{"href":"https:\/\/mineraleslunallena.com\/ca\/wp-json\/wp\/v2\/product"}],"about":[{"href":"https:\/\/mineraleslunallena.com\/ca\/wp-json\/wp\/v2\/types\/product"}],"version-history":[{"count":1,"href":"https:\/\/mineraleslunallena.com\/ca\/wp-json\/wp\/v2\/product\/4937\/revisions"}],"predecessor-version":[{"id":4938,"href":"https:\/\/mineraleslunallena.com\/ca\/wp-json\/wp\/v2\/product\/4937\/revisions\/4938"}],"wp:featuredmedia":[{"embeddable":true,"href":"https:\/\/mineraleslunallena.com\/ca\/wp-json\/wp\/v2\/media\/4984"}],"wp:attachment":[{"href":"https:\/\/mineraleslunallena.com\/ca\/wp-json\/wp\/v2\/media?parent=4937"}],"wp:term":[{"taxonomy":"product_cat","embeddable":true,"href":"https:\/\/mineraleslunallena.com\/ca\/wp-json\/wp\/v2\/product_cat?post=4937"},{"taxonomy":"product_tag","embeddable":true,"href":"https:\/\/mineraleslunallena.com\/ca\/wp-json\/wp\/v2\/product_tag?post=4937"}],"curies":[{"name":"wp","href":"https:\/\/api.w.org\/{rel}","templated":true}]}}