{"id":4941,"date":"2024-11-13T17:03:56","date_gmt":"2024-11-13T16:03:56","guid":{"rendered":"https:\/\/mineraleslunallena.com\/?post_type=product&#038;p=4941"},"modified":"2026-02-28T03:12:54","modified_gmt":"2026-02-28T02:12:54","slug":"cuarzo-aqua-aura-rodado-i-libera-bloqueos-emocionales-limpia-aura","status":"publish","type":"product","link":"https:\/\/mineraleslunallena.com\/ca\/producte\/cuarzo-aqua-aura-rodado-i-libera-bloqueos-emocionales-limpia-aura\/","title":{"rendered":"Cuarzo Aqua Aura Rodado I Libera Bloqueos Emocionales &#8211; Limpia Aura"},"content":{"rendered":"<p>Descubre el Cuarzo Aqua Aura en formato rodado, un mineral de alta vibraci\u00f3n para elevar la energ\u00eda y atraer claridad mental. Este cuarzo, con sus tono\u00a0 iridiscentes, potencia la comunicaci\u00f3n y libera bloqueos emocionales, ayudando a expresar la verdadera esencia.<\/p>\n<p>Conocido por su capacidad de limpieza energ\u00e9tica, armoniza el aura y protege de energ\u00edas negativas, ideal para meditaciones y sanaci\u00f3n espiritual. Ll\u00e9valo contigo para reforzar la autoconfianza y conectar con la paz interior. El Cuarzo Aqua Aura es un amuleto perfecto para quienes buscan equilibrio y crecimiento espiritual. \u00a1Hazlo tuyo y siente la diferencia!<\/p>\n<p>&nbsp;<\/p>\n<p>Quantitat: 1 Unitat. El preu \u00e9s per una unitat.<\/p>\n<p>Tama\u00f1o: Entre 3 y 4.5 cent\u00edmetros aproximadamente.<\/p>\n<p>Forma: Mineral Rodat.<\/p>\n<p>&nbsp;<\/p>\n<p>&nbsp;<\/p>","protected":false},"excerpt":{"rendered":"<p>Descubre el Cuarzo Aqua Aura en formato rodado, un mineral de alta vibraci\u00f3n para elevar la energ\u00eda y atraer claridad mental. Este cuarzo, con sus tono\u00a0 iridiscentes, potencia la comunicaci\u00f3n y libera bloqueos emocionales, ayudando a expresar la verdadera esencia.<\/p>\n<p>Conocido por su capacidad de limpieza energ\u00e9tica, armoniza el aura y protege de energ\u00edas negativas, ideal para meditaciones y sanaci\u00f3n espiritual. Ll\u00e9valo contigo para reforzar la autoconfianza y conectar con la paz interior. El Cuarzo Aqua Aura es un amuleto perfecto para quienes buscan equilibrio y crecimiento espiritual. \u00a1Hazlo tuyo y siente la diferencia!<\/p>\n<p>&nbsp;<\/p>\n<p>Quantitat: 1 Unitat. El preu \u00e9s per una unitat.<\/p>\n<p>Tama\u00f1o: Entre 3 y 4.5 cent\u00edmetros aproximadamente.<\/p>\n<p>Forma: Mineral Rodat.<\/p>","protected":false},"featured_media":4980,"template":"","meta":[],"product_cat":[69,71],"product_tag":[],"class_list":{"0":"post-4941","1":"product","2":"type-product","3":"status-publish","4":"has-post-thumbnail","6":"product_cat-minerales","7":"product_cat-rodados","9":"first","10":"instock","11":"sale","12":"taxable","13":"shipping-taxable","14":"purchasable","15":"product-type-simple"},"yoast_head":"<!-- This site is optimized with the Yoast SEO plugin v27.3 - https:\/\/yoast.com\/product\/yoast-seo-wordpress\/ -->\n<title>Cuarzo Aqua Aura Rodado I Libera Bloqueos Emocionales - Limpia Aura - MINERALES LUNA LLENA<\/title>\n<meta name=\"robots\" content=\"index, follow, max-snippet:-1, max-image-preview:large, max-video-preview:-1\" \/>\n<link rel=\"canonical\" href=\"https:\/\/mineraleslunallena.com\/ca\/producte\/cuarzo-aqua-aura-rodado-i-libera-bloqueos-emocionales-limpia-aura\/\" \/>\n<meta property=\"og:locale\" content=\"ca_ES\" \/>\n<meta property=\"og:type\" content=\"article\" \/>\n<meta property=\"og:title\" content=\"Cuarzo Aqua Aura Rodado I Libera Bloqueos Emocionales - Limpia Aura - MINERALES LUNA LLENA\" \/>\n<meta property=\"og:description\" content=\"Descubre el Cuarzo Aqua Aura en formato rodado, un mineral de alta vibraci\u00f3n para elevar la energ\u00eda y atraer claridad mental. Este cuarzo, con sus tono\u00a0 iridiscentes, potencia la comunicaci\u00f3n y libera bloqueos emocionales, ayudando a expresar la verdadera esencia.  Conocido por su capacidad de limpieza energ\u00e9tica, armoniza el aura y protege de energ\u00edas negativas, ideal para meditaciones y sanaci\u00f3n espiritual. Ll\u00e9valo contigo para reforzar la autoconfianza y conectar con la paz interior. El Cuarzo Aqua Aura es un amuleto perfecto para quienes buscan equilibrio y crecimiento espiritual. \u00a1Hazlo tuyo y siente la diferencia!  &nbsp;  Cantidad: 1 Unidad. El precio es por una unidad.  Tama\u00f1o: Entre 3 y 4.5 cent\u00edmetros aproximadamente.  Forma: Mineral Rodado.\" \/>\n<meta property=\"og:url\" content=\"https:\/\/mineraleslunallena.com\/ca\/producte\/cuarzo-aqua-aura-rodado-i-libera-bloqueos-emocionales-limpia-aura\/\" \/>\n<meta property=\"og:site_name\" content=\"MINERALES LUNA LLENA\" \/>\n<meta property=\"article:modified_time\" content=\"2026-02-28T02:12:54+00:00\" \/>\n<meta property=\"og:image\" content=\"https:\/\/mineraleslunallena.com\/wp-content\/uploads\/2024\/11\/aquaaurarodadoport-scaled.jpg\" \/>\n\t<meta property=\"og:image:width\" content=\"1153\" \/>\n\t<meta property=\"og:image:height\" content=\"2560\" \/>\n\t<meta property=\"og:image:type\" content=\"image\/jpeg\" \/>\n<meta name=\"twitter:card\" content=\"summary_large_image\" \/>\n<meta name=\"twitter:label1\" content=\"Temps estimat de lectura\" \/>\n\t<meta name=\"twitter:data1\" content=\"1 minut\" \/>\n<script type=\"application\/ld+json\" class=\"yoast-schema-graph\">{\"@context\":\"https:\\\/\\\/schema.org\",\"@graph\":[{\"@type\":\"WebPage\",\"@id\":\"https:\\\/\\\/mineraleslunallena.com\\\/producto\\\/cuarzo-aqua-aura-rodado-i-libera-bloqueos-emocionales-limpia-aura\\\/\",\"url\":\"https:\\\/\\\/mineraleslunallena.com\\\/producto\\\/cuarzo-aqua-aura-rodado-i-libera-bloqueos-emocionales-limpia-aura\\\/\",\"name\":\"Cuarzo Aqua Aura Rodado I Libera Bloqueos Emocionales - Limpia Aura - MINERALES LUNA LLENA\",\"isPartOf\":{\"@id\":\"https:\\\/\\\/mineraleslunallena.com\\\/#website\"},\"primaryImageOfPage\":{\"@id\":\"https:\\\/\\\/mineraleslunallena.com\\\/producto\\\/cuarzo-aqua-aura-rodado-i-libera-bloqueos-emocionales-limpia-aura\\\/#primaryimage\"},\"image\":{\"@id\":\"https:\\\/\\\/mineraleslunallena.com\\\/producto\\\/cuarzo-aqua-aura-rodado-i-libera-bloqueos-emocionales-limpia-aura\\\/#primaryimage\"},\"thumbnailUrl\":\"https:\\\/\\\/mineraleslunallena.com\\\/wp-content\\\/uploads\\\/2024\\\/11\\\/aquaaurarodadoport-scaled.jpg\",\"datePublished\":\"2024-11-13T16:03:56+00:00\",\"dateModified\":\"2026-02-28T02:12:54+00:00\",\"breadcrumb\":{\"@id\":\"https:\\\/\\\/mineraleslunallena.com\\\/producto\\\/cuarzo-aqua-aura-rodado-i-libera-bloqueos-emocionales-limpia-aura\\\/#breadcrumb\"},\"inLanguage\":\"ca\",\"potentialAction\":[{\"@type\":\"ReadAction\",\"target\":[\"https:\\\/\\\/mineraleslunallena.com\\\/producto\\\/cuarzo-aqua-aura-rodado-i-libera-bloqueos-emocionales-limpia-aura\\\/\"]}]},{\"@type\":\"ImageObject\",\"inLanguage\":\"ca\",\"@id\":\"https:\\\/\\\/mineraleslunallena.com\\\/producto\\\/cuarzo-aqua-aura-rodado-i-libera-bloqueos-emocionales-limpia-aura\\\/#primaryimage\",\"url\":\"https:\\\/\\\/mineraleslunallena.com\\\/wp-content\\\/uploads\\\/2024\\\/11\\\/aquaaurarodadoport-scaled.jpg\",\"contentUrl\":\"https:\\\/\\\/mineraleslunallena.com\\\/wp-content\\\/uploads\\\/2024\\\/11\\\/aquaaurarodadoport-scaled.jpg\",\"width\":1153,\"height\":2560},{\"@type\":\"BreadcrumbList\",\"@id\":\"https:\\\/\\\/mineraleslunallena.com\\\/producto\\\/cuarzo-aqua-aura-rodado-i-libera-bloqueos-emocionales-limpia-aura\\\/#breadcrumb\",\"itemListElement\":[{\"@type\":\"ListItem\",\"position\":1,\"name\":\"Portada\",\"item\":\"https:\\\/\\\/mineraleslunallena.com\\\/\"},{\"@type\":\"ListItem\",\"position\":2,\"name\":\"Shop\",\"item\":\"https:\\\/\\\/mineraleslunallena.com\\\/ca\\\/shop\\\/\"},{\"@type\":\"ListItem\",\"position\":3,\"name\":\"Cuarzo Aqua Aura Rodado I Libera Bloqueos Emocionales &#8211; Limpia Aura\"}]},{\"@type\":\"WebSite\",\"@id\":\"https:\\\/\\\/mineraleslunallena.com\\\/#website\",\"url\":\"https:\\\/\\\/mineraleslunallena.com\\\/\",\"name\":\"LUNA LLENA MINERALES\",\"description\":\"Es el momento de conectarte con tu propio poder y confiar en tus habilidades.\",\"publisher\":{\"@id\":\"https:\\\/\\\/mineraleslunallena.com\\\/#organization\"},\"potentialAction\":[{\"@type\":\"SearchAction\",\"target\":{\"@type\":\"EntryPoint\",\"urlTemplate\":\"https:\\\/\\\/mineraleslunallena.com\\\/?s={search_term_string}\"},\"query-input\":{\"@type\":\"PropertyValueSpecification\",\"valueRequired\":true,\"valueName\":\"search_term_string\"}}],\"inLanguage\":\"ca\"},{\"@type\":\"Organization\",\"@id\":\"https:\\\/\\\/mineraleslunallena.com\\\/#organization\",\"name\":\"LUNA LLENA MINERALES\",\"url\":\"https:\\\/\\\/mineraleslunallena.com\\\/\",\"logo\":{\"@type\":\"ImageObject\",\"inLanguage\":\"ca\",\"@id\":\"https:\\\/\\\/mineraleslunallena.com\\\/#\\\/schema\\\/logo\\\/image\\\/\",\"url\":\"https:\\\/\\\/mineraleslunallena.com\\\/wp-content\\\/uploads\\\/2023\\\/07\\\/LUNA-LLENA-LOGO-nuevo.png\",\"contentUrl\":\"https:\\\/\\\/mineraleslunallena.com\\\/wp-content\\\/uploads\\\/2023\\\/07\\\/LUNA-LLENA-LOGO-nuevo.png\",\"width\":229,\"height\":167,\"caption\":\"LUNA LLENA MINERALES\"},\"image\":{\"@id\":\"https:\\\/\\\/mineraleslunallena.com\\\/#\\\/schema\\\/logo\\\/image\\\/\"}}]}<\/script>\n<!-- \/ Yoast SEO plugin. -->","yoast_head_json":{"title":"Cuarzo Aqua Aura Rodado I Libera Bloqueos Emocionales - Limpia Aura - MINERALES LUNA LLENA","robots":{"index":"index","follow":"follow","max-snippet":"max-snippet:-1","max-image-preview":"max-image-preview:large","max-video-preview":"max-video-preview:-1"},"canonical":"https:\/\/mineraleslunallena.com\/ca\/producte\/cuarzo-aqua-aura-rodado-i-libera-bloqueos-emocionales-limpia-aura\/","og_locale":"ca_ES","og_type":"article","og_title":"Cuarzo Aqua Aura Rodado I Libera Bloqueos Emocionales - Limpia Aura - MINERALES LUNA LLENA","og_description":"Descubre el Cuarzo Aqua Aura en formato rodado, un mineral de alta vibraci\u00f3n para elevar la energ\u00eda y atraer claridad mental. Este cuarzo, con sus tono\u00a0 iridiscentes, potencia la comunicaci\u00f3n y libera bloqueos emocionales, ayudando a expresar la verdadera esencia.  Conocido por su capacidad de limpieza energ\u00e9tica, armoniza el aura y protege de energ\u00edas negativas, ideal para meditaciones y sanaci\u00f3n espiritual. Ll\u00e9valo contigo para reforzar la autoconfianza y conectar con la paz interior. El Cuarzo Aqua Aura es un amuleto perfecto para quienes buscan equilibrio y crecimiento espiritual. \u00a1Hazlo tuyo y siente la diferencia!  &nbsp;  Cantidad: 1 Unidad. El precio es por una unidad.  Tama\u00f1o: Entre 3 y 4.5 cent\u00edmetros aproximadamente.  Forma: Mineral Rodado.","og_url":"https:\/\/mineraleslunallena.com\/ca\/producte\/cuarzo-aqua-aura-rodado-i-libera-bloqueos-emocionales-limpia-aura\/","og_site_name":"MINERALES LUNA LLENA","article_modified_time":"2026-02-28T02:12:54+00:00","og_image":[{"width":1153,"height":2560,"url":"https:\/\/mineraleslunallena.com\/wp-content\/uploads\/2024\/11\/aquaaurarodadoport-scaled.jpg","type":"image\/jpeg"}],"twitter_card":"summary_large_image","twitter_misc":{"Temps estimat de lectura":"1 minut"},"schema":{"@context":"https:\/\/schema.org","@graph":[{"@type":"WebPage","@id":"https:\/\/mineraleslunallena.com\/producto\/cuarzo-aqua-aura-rodado-i-libera-bloqueos-emocionales-limpia-aura\/","url":"https:\/\/mineraleslunallena.com\/producto\/cuarzo-aqua-aura-rodado-i-libera-bloqueos-emocionales-limpia-aura\/","name":"Cuarzo Aqua Aura Rodado I Libera Bloqueos Emocionales - Limpia Aura - MINERALES LUNA LLENA","isPartOf":{"@id":"https:\/\/mineraleslunallena.com\/#website"},"primaryImageOfPage":{"@id":"https:\/\/mineraleslunallena.com\/producto\/cuarzo-aqua-aura-rodado-i-libera-bloqueos-emocionales-limpia-aura\/#primaryimage"},"image":{"@id":"https:\/\/mineraleslunallena.com\/producto\/cuarzo-aqua-aura-rodado-i-libera-bloqueos-emocionales-limpia-aura\/#primaryimage"},"thumbnailUrl":"https:\/\/mineraleslunallena.com\/wp-content\/uploads\/2024\/11\/aquaaurarodadoport-scaled.jpg","datePublished":"2024-11-13T16:03:56+00:00","dateModified":"2026-02-28T02:12:54+00:00","breadcrumb":{"@id":"https:\/\/mineraleslunallena.com\/producto\/cuarzo-aqua-aura-rodado-i-libera-bloqueos-emocionales-limpia-aura\/#breadcrumb"},"inLanguage":"ca","potentialAction":[{"@type":"ReadAction","target":["https:\/\/mineraleslunallena.com\/producto\/cuarzo-aqua-aura-rodado-i-libera-bloqueos-emocionales-limpia-aura\/"]}]},{"@type":"ImageObject","inLanguage":"ca","@id":"https:\/\/mineraleslunallena.com\/producto\/cuarzo-aqua-aura-rodado-i-libera-bloqueos-emocionales-limpia-aura\/#primaryimage","url":"https:\/\/mineraleslunallena.com\/wp-content\/uploads\/2024\/11\/aquaaurarodadoport-scaled.jpg","contentUrl":"https:\/\/mineraleslunallena.com\/wp-content\/uploads\/2024\/11\/aquaaurarodadoport-scaled.jpg","width":1153,"height":2560},{"@type":"BreadcrumbList","@id":"https:\/\/mineraleslunallena.com\/producto\/cuarzo-aqua-aura-rodado-i-libera-bloqueos-emocionales-limpia-aura\/#breadcrumb","itemListElement":[{"@type":"ListItem","position":1,"name":"Portada","item":"https:\/\/mineraleslunallena.com\/"},{"@type":"ListItem","position":2,"name":"Shop","item":"https:\/\/mineraleslunallena.com\/ca\/shop\/"},{"@type":"ListItem","position":3,"name":"Cuarzo Aqua Aura Rodado I Libera Bloqueos Emocionales &#8211; Limpia Aura"}]},{"@type":"WebSite","@id":"https:\/\/mineraleslunallena.com\/#website","url":"https:\/\/mineraleslunallena.com\/","name":"LLUNA PLENA MINERALS","description":"\u00c9s el moment de connectar-te amb el teu poder i confiar en les teves habilitats.","publisher":{"@id":"https:\/\/mineraleslunallena.com\/#organization"},"potentialAction":[{"@type":"SearchAction","target":{"@type":"EntryPoint","urlTemplate":"https:\/\/mineraleslunallena.com\/?s={search_term_string}"},"query-input":{"@type":"PropertyValueSpecification","valueRequired":true,"valueName":"search_term_string"}}],"inLanguage":"ca"},{"@type":"Organization","@id":"https:\/\/mineraleslunallena.com\/#organization","name":"LLUNA PLENA MINERALS","url":"https:\/\/mineraleslunallena.com\/","logo":{"@type":"ImageObject","inLanguage":"ca","@id":"https:\/\/mineraleslunallena.com\/#\/schema\/logo\/image\/","url":"https:\/\/mineraleslunallena.com\/wp-content\/uploads\/2023\/07\/LUNA-LLENA-LOGO-nuevo.png","contentUrl":"https:\/\/mineraleslunallena.com\/wp-content\/uploads\/2023\/07\/LUNA-LLENA-LOGO-nuevo.png","width":229,"height":167,"caption":"LUNA LLENA MINERALES"},"image":{"@id":"https:\/\/mineraleslunallena.com\/#\/schema\/logo\/image\/"}}]}},"_links":{"self":[{"href":"https:\/\/mineraleslunallena.com\/ca\/wp-json\/wp\/v2\/product\/4941","targetHints":{"allow":["GET"]}}],"collection":[{"href":"https:\/\/mineraleslunallena.com\/ca\/wp-json\/wp\/v2\/product"}],"about":[{"href":"https:\/\/mineraleslunallena.com\/ca\/wp-json\/wp\/v2\/types\/product"}],"version-history":[{"count":1,"href":"https:\/\/mineraleslunallena.com\/ca\/wp-json\/wp\/v2\/product\/4941\/revisions"}],"predecessor-version":[{"id":4942,"href":"https:\/\/mineraleslunallena.com\/ca\/wp-json\/wp\/v2\/product\/4941\/revisions\/4942"}],"wp:featuredmedia":[{"embeddable":true,"href":"https:\/\/mineraleslunallena.com\/ca\/wp-json\/wp\/v2\/media\/4980"}],"wp:attachment":[{"href":"https:\/\/mineraleslunallena.com\/ca\/wp-json\/wp\/v2\/media?parent=4941"}],"wp:term":[{"taxonomy":"product_cat","embeddable":true,"href":"https:\/\/mineraleslunallena.com\/ca\/wp-json\/wp\/v2\/product_cat?post=4941"},{"taxonomy":"product_tag","embeddable":true,"href":"https:\/\/mineraleslunallena.com\/ca\/wp-json\/wp\/v2\/product_tag?post=4941"}],"curies":[{"name":"wp","href":"https:\/\/api.w.org\/{rel}","templated":true}]}}