{"id":4949,"date":"2024-11-13T18:23:03","date_gmt":"2024-11-13T17:23:03","guid":{"rendered":"https:\/\/mineraleslunallena.com\/?post_type=product&#038;p=4949"},"modified":"2025-05-06T00:43:21","modified_gmt":"2025-05-05T22:43:21","slug":"piramide-de-pirita-pulida-i-proteccion-abundancia-prosperidad","status":"publish","type":"product","link":"https:\/\/mineraleslunallena.com\/ca\/producte\/piramide-de-pirita-pulida-i-proteccion-abundancia-prosperidad\/","title":{"rendered":"Pir\u00e1mide de Pirita Pulida I Protecci\u00f3n &#8211; Abundancia &#8211; Prosperidad"},"content":{"rendered":"<p class=\"price\">Descubre la Pir\u00e1mide de Pirita Pulida, una piedra que brilla con energ\u00eda y vitalidad. Atrae prosperidad y abundancia, gui\u00e1ndote hacia tus objetivos financieros.<\/p>\n<div class=\"woocommerce-product-details__short-description\">\n<p>Esta piedra de protecci\u00f3n bloquea energ\u00edas negativas y fomenta la claridad mental. Eleva la confianza en uno mismo y la autoestima, impulsando tu empoderamiento.<\/p>\n<p>Ll\u00e9vala para revitalizarte, atraer riqueza y fortalecer tu conexi\u00f3n espiritual. Agrega un toque de brillo y prop\u00f3sito a cada d\u00eda con la Pirita.<\/p>\n<p>&nbsp;<\/p>\n<p>Quantitat: 1 Unitat. El preu \u00e9s per una unitat.<br \/>\nForma: Pir\u00e0mide.<\/p>\n<\/div>","protected":false},"excerpt":{"rendered":"<p class=\"price\">Descubre la Pir\u00e1mide de Pirita Pulida, una piedra que brilla con energ\u00eda y vitalidad. Atrae prosperidad y abundancia, gui\u00e1ndote hacia tus objetivos financieros.<\/p>\n<div class=\"woocommerce-product-details__short-description\">\n<p>Esta piedra de protecci\u00f3n bloquea energ\u00edas negativas y fomenta la claridad mental. Eleva la confianza en uno mismo y la autoestima, impulsando tu empoderamiento.<\/p>\n<p>Ll\u00e9vala para revitalizarte, atraer riqueza y fortalecer tu conexi\u00f3n espiritual. Agrega un toque de brillo y prop\u00f3sito a cada d\u00eda con la Pirita.<\/p>\n<p>&nbsp;<\/p>\n<p>Quantitat: 1 Unitat. El preu \u00e9s per una unitat.<br \/>\nForma: Pir\u00e0mide.<\/p>\n<\/div>","protected":false},"featured_media":4976,"template":"","meta":[],"product_cat":[73,69],"product_tag":[],"class_list":{"0":"post-4949","1":"product","2":"type-product","3":"status-publish","4":"has-post-thumbnail","6":"product_cat-esferas","7":"product_cat-minerales","9":"first","10":"instock","11":"sale","12":"taxable","13":"shipping-taxable","14":"purchasable","15":"product-type-simple"},"yoast_head":"<!-- This site is optimized with the Yoast SEO plugin v27.3 - https:\/\/yoast.com\/product\/yoast-seo-wordpress\/ -->\n<title>Pir\u00e1mide de Pirita Pulida I Protecci\u00f3n - Abundancia - Prosperidad - MINERALES LUNA LLENA<\/title>\n<meta name=\"robots\" content=\"index, follow, max-snippet:-1, max-image-preview:large, max-video-preview:-1\" \/>\n<link rel=\"canonical\" href=\"https:\/\/mineraleslunallena.com\/ca\/producte\/piramide-de-pirita-pulida-i-proteccion-abundancia-prosperidad\/\" \/>\n<meta property=\"og:locale\" content=\"ca_ES\" \/>\n<meta property=\"og:type\" content=\"article\" \/>\n<meta property=\"og:title\" content=\"Pir\u00e1mide de Pirita Pulida I Protecci\u00f3n - Abundancia - Prosperidad - MINERALES LUNA LLENA\" \/>\n<meta property=\"og:description\" content=\"Descubre la Pir\u00e1mide de Pirita Pulida, una piedra que brilla con energ\u00eda y vitalidad. Atrae prosperidad y abundancia, gui\u00e1ndote hacia tus objetivos financieros.    Esta piedra de protecci\u00f3n bloquea energ\u00edas negativas y fomenta la claridad mental. Eleva la confianza en uno mismo y la autoestima, impulsando tu empoderamiento.  Ll\u00e9vala para revitalizarte, atraer riqueza y fortalecer tu conexi\u00f3n espiritual. Agrega un toque de brillo y prop\u00f3sito a cada d\u00eda con la Pirita.  &nbsp;  Cantidad: 1 Unidad. El precio es por una unidad. Forma: Pir\u00e1mide.\" \/>\n<meta property=\"og:url\" content=\"https:\/\/mineraleslunallena.com\/ca\/producte\/piramide-de-pirita-pulida-i-proteccion-abundancia-prosperidad\/\" \/>\n<meta property=\"og:site_name\" content=\"MINERALES LUNA LLENA\" \/>\n<meta property=\"article:modified_time\" content=\"2025-05-05T22:43:21+00:00\" \/>\n<meta property=\"og:image\" content=\"https:\/\/mineraleslunallena.com\/wp-content\/uploads\/2024\/11\/piritapirmideport-scaled.jpg\" \/>\n\t<meta property=\"og:image:width\" content=\"1153\" \/>\n\t<meta property=\"og:image:height\" content=\"2560\" \/>\n\t<meta property=\"og:image:type\" content=\"image\/jpeg\" \/>\n<meta name=\"twitter:card\" content=\"summary_large_image\" \/>\n<meta name=\"twitter:label1\" content=\"Temps estimat de lectura\" \/>\n\t<meta name=\"twitter:data1\" content=\"1 minut\" \/>\n<script type=\"application\/ld+json\" class=\"yoast-schema-graph\">{\"@context\":\"https:\\\/\\\/schema.org\",\"@graph\":[{\"@type\":\"WebPage\",\"@id\":\"https:\\\/\\\/mineraleslunallena.com\\\/producto\\\/piramide-de-pirita-pulida-i-proteccion-abundancia-prosperidad\\\/\",\"url\":\"https:\\\/\\\/mineraleslunallena.com\\\/producto\\\/piramide-de-pirita-pulida-i-proteccion-abundancia-prosperidad\\\/\",\"name\":\"Pir\u00e1mide de Pirita Pulida I Protecci\u00f3n - Abundancia - Prosperidad - MINERALES LUNA LLENA\",\"isPartOf\":{\"@id\":\"https:\\\/\\\/mineraleslunallena.com\\\/#website\"},\"primaryImageOfPage\":{\"@id\":\"https:\\\/\\\/mineraleslunallena.com\\\/producto\\\/piramide-de-pirita-pulida-i-proteccion-abundancia-prosperidad\\\/#primaryimage\"},\"image\":{\"@id\":\"https:\\\/\\\/mineraleslunallena.com\\\/producto\\\/piramide-de-pirita-pulida-i-proteccion-abundancia-prosperidad\\\/#primaryimage\"},\"thumbnailUrl\":\"https:\\\/\\\/mineraleslunallena.com\\\/wp-content\\\/uploads\\\/2024\\\/11\\\/piritapirmideport-scaled.jpg\",\"datePublished\":\"2024-11-13T17:23:03+00:00\",\"dateModified\":\"2025-05-05T22:43:21+00:00\",\"breadcrumb\":{\"@id\":\"https:\\\/\\\/mineraleslunallena.com\\\/producto\\\/piramide-de-pirita-pulida-i-proteccion-abundancia-prosperidad\\\/#breadcrumb\"},\"inLanguage\":\"ca\",\"potentialAction\":[{\"@type\":\"ReadAction\",\"target\":[\"https:\\\/\\\/mineraleslunallena.com\\\/producto\\\/piramide-de-pirita-pulida-i-proteccion-abundancia-prosperidad\\\/\"]}]},{\"@type\":\"ImageObject\",\"inLanguage\":\"ca\",\"@id\":\"https:\\\/\\\/mineraleslunallena.com\\\/producto\\\/piramide-de-pirita-pulida-i-proteccion-abundancia-prosperidad\\\/#primaryimage\",\"url\":\"https:\\\/\\\/mineraleslunallena.com\\\/wp-content\\\/uploads\\\/2024\\\/11\\\/piritapirmideport-scaled.jpg\",\"contentUrl\":\"https:\\\/\\\/mineraleslunallena.com\\\/wp-content\\\/uploads\\\/2024\\\/11\\\/piritapirmideport-scaled.jpg\",\"width\":1153,\"height\":2560},{\"@type\":\"BreadcrumbList\",\"@id\":\"https:\\\/\\\/mineraleslunallena.com\\\/producto\\\/piramide-de-pirita-pulida-i-proteccion-abundancia-prosperidad\\\/#breadcrumb\",\"itemListElement\":[{\"@type\":\"ListItem\",\"position\":1,\"name\":\"Portada\",\"item\":\"https:\\\/\\\/mineraleslunallena.com\\\/\"},{\"@type\":\"ListItem\",\"position\":2,\"name\":\"Shop\",\"item\":\"https:\\\/\\\/mineraleslunallena.com\\\/ca\\\/shop\\\/\"},{\"@type\":\"ListItem\",\"position\":3,\"name\":\"Pir\u00e1mide de Pirita Pulida I Protecci\u00f3n &#8211; Abundancia &#8211; Prosperidad\"}]},{\"@type\":\"WebSite\",\"@id\":\"https:\\\/\\\/mineraleslunallena.com\\\/#website\",\"url\":\"https:\\\/\\\/mineraleslunallena.com\\\/\",\"name\":\"LUNA LLENA MINERALES\",\"description\":\"Es el momento de conectarte con tu propio poder y confiar en tus habilidades.\",\"publisher\":{\"@id\":\"https:\\\/\\\/mineraleslunallena.com\\\/#organization\"},\"potentialAction\":[{\"@type\":\"SearchAction\",\"target\":{\"@type\":\"EntryPoint\",\"urlTemplate\":\"https:\\\/\\\/mineraleslunallena.com\\\/?s={search_term_string}\"},\"query-input\":{\"@type\":\"PropertyValueSpecification\",\"valueRequired\":true,\"valueName\":\"search_term_string\"}}],\"inLanguage\":\"ca\"},{\"@type\":\"Organization\",\"@id\":\"https:\\\/\\\/mineraleslunallena.com\\\/#organization\",\"name\":\"LUNA LLENA MINERALES\",\"url\":\"https:\\\/\\\/mineraleslunallena.com\\\/\",\"logo\":{\"@type\":\"ImageObject\",\"inLanguage\":\"ca\",\"@id\":\"https:\\\/\\\/mineraleslunallena.com\\\/#\\\/schema\\\/logo\\\/image\\\/\",\"url\":\"https:\\\/\\\/mineraleslunallena.com\\\/wp-content\\\/uploads\\\/2023\\\/07\\\/LUNA-LLENA-LOGO-nuevo.png\",\"contentUrl\":\"https:\\\/\\\/mineraleslunallena.com\\\/wp-content\\\/uploads\\\/2023\\\/07\\\/LUNA-LLENA-LOGO-nuevo.png\",\"width\":229,\"height\":167,\"caption\":\"LUNA LLENA MINERALES\"},\"image\":{\"@id\":\"https:\\\/\\\/mineraleslunallena.com\\\/#\\\/schema\\\/logo\\\/image\\\/\"}}]}<\/script>\n<!-- \/ Yoast SEO plugin. -->","yoast_head_json":{"title":"Pir\u00e1mide de Pirita Pulida I Protecci\u00f3n - Abundancia - Prosperidad - MINERALES LUNA LLENA","robots":{"index":"index","follow":"follow","max-snippet":"max-snippet:-1","max-image-preview":"max-image-preview:large","max-video-preview":"max-video-preview:-1"},"canonical":"https:\/\/mineraleslunallena.com\/ca\/producte\/piramide-de-pirita-pulida-i-proteccion-abundancia-prosperidad\/","og_locale":"ca_ES","og_type":"article","og_title":"Pir\u00e1mide de Pirita Pulida I Protecci\u00f3n - Abundancia - Prosperidad - MINERALES LUNA LLENA","og_description":"Descubre la Pir\u00e1mide de Pirita Pulida, una piedra que brilla con energ\u00eda y vitalidad. Atrae prosperidad y abundancia, gui\u00e1ndote hacia tus objetivos financieros.    Esta piedra de protecci\u00f3n bloquea energ\u00edas negativas y fomenta la claridad mental. Eleva la confianza en uno mismo y la autoestima, impulsando tu empoderamiento.  Ll\u00e9vala para revitalizarte, atraer riqueza y fortalecer tu conexi\u00f3n espiritual. Agrega un toque de brillo y prop\u00f3sito a cada d\u00eda con la Pirita.  &nbsp;  Cantidad: 1 Unidad. El precio es por una unidad. Forma: Pir\u00e1mide.","og_url":"https:\/\/mineraleslunallena.com\/ca\/producte\/piramide-de-pirita-pulida-i-proteccion-abundancia-prosperidad\/","og_site_name":"MINERALES LUNA LLENA","article_modified_time":"2025-05-05T22:43:21+00:00","og_image":[{"width":1153,"height":2560,"url":"https:\/\/mineraleslunallena.com\/wp-content\/uploads\/2024\/11\/piritapirmideport-scaled.jpg","type":"image\/jpeg"}],"twitter_card":"summary_large_image","twitter_misc":{"Temps estimat de lectura":"1 minut"},"schema":{"@context":"https:\/\/schema.org","@graph":[{"@type":"WebPage","@id":"https:\/\/mineraleslunallena.com\/producto\/piramide-de-pirita-pulida-i-proteccion-abundancia-prosperidad\/","url":"https:\/\/mineraleslunallena.com\/producto\/piramide-de-pirita-pulida-i-proteccion-abundancia-prosperidad\/","name":"Pir\u00e1mide de Pirita Pulida I Protecci\u00f3n - Abundancia - Prosperidad - MINERALES LUNA LLENA","isPartOf":{"@id":"https:\/\/mineraleslunallena.com\/#website"},"primaryImageOfPage":{"@id":"https:\/\/mineraleslunallena.com\/producto\/piramide-de-pirita-pulida-i-proteccion-abundancia-prosperidad\/#primaryimage"},"image":{"@id":"https:\/\/mineraleslunallena.com\/producto\/piramide-de-pirita-pulida-i-proteccion-abundancia-prosperidad\/#primaryimage"},"thumbnailUrl":"https:\/\/mineraleslunallena.com\/wp-content\/uploads\/2024\/11\/piritapirmideport-scaled.jpg","datePublished":"2024-11-13T17:23:03+00:00","dateModified":"2025-05-05T22:43:21+00:00","breadcrumb":{"@id":"https:\/\/mineraleslunallena.com\/producto\/piramide-de-pirita-pulida-i-proteccion-abundancia-prosperidad\/#breadcrumb"},"inLanguage":"ca","potentialAction":[{"@type":"ReadAction","target":["https:\/\/mineraleslunallena.com\/producto\/piramide-de-pirita-pulida-i-proteccion-abundancia-prosperidad\/"]}]},{"@type":"ImageObject","inLanguage":"ca","@id":"https:\/\/mineraleslunallena.com\/producto\/piramide-de-pirita-pulida-i-proteccion-abundancia-prosperidad\/#primaryimage","url":"https:\/\/mineraleslunallena.com\/wp-content\/uploads\/2024\/11\/piritapirmideport-scaled.jpg","contentUrl":"https:\/\/mineraleslunallena.com\/wp-content\/uploads\/2024\/11\/piritapirmideport-scaled.jpg","width":1153,"height":2560},{"@type":"BreadcrumbList","@id":"https:\/\/mineraleslunallena.com\/producto\/piramide-de-pirita-pulida-i-proteccion-abundancia-prosperidad\/#breadcrumb","itemListElement":[{"@type":"ListItem","position":1,"name":"Portada","item":"https:\/\/mineraleslunallena.com\/"},{"@type":"ListItem","position":2,"name":"Shop","item":"https:\/\/mineraleslunallena.com\/ca\/shop\/"},{"@type":"ListItem","position":3,"name":"Pir\u00e1mide de Pirita Pulida I Protecci\u00f3n &#8211; Abundancia &#8211; Prosperidad"}]},{"@type":"WebSite","@id":"https:\/\/mineraleslunallena.com\/#website","url":"https:\/\/mineraleslunallena.com\/","name":"LLUNA PLENA MINERALS","description":"\u00c9s el moment de connectar-te amb el teu poder i confiar en les teves habilitats.","publisher":{"@id":"https:\/\/mineraleslunallena.com\/#organization"},"potentialAction":[{"@type":"SearchAction","target":{"@type":"EntryPoint","urlTemplate":"https:\/\/mineraleslunallena.com\/?s={search_term_string}"},"query-input":{"@type":"PropertyValueSpecification","valueRequired":true,"valueName":"search_term_string"}}],"inLanguage":"ca"},{"@type":"Organization","@id":"https:\/\/mineraleslunallena.com\/#organization","name":"LLUNA PLENA MINERALS","url":"https:\/\/mineraleslunallena.com\/","logo":{"@type":"ImageObject","inLanguage":"ca","@id":"https:\/\/mineraleslunallena.com\/#\/schema\/logo\/image\/","url":"https:\/\/mineraleslunallena.com\/wp-content\/uploads\/2023\/07\/LUNA-LLENA-LOGO-nuevo.png","contentUrl":"https:\/\/mineraleslunallena.com\/wp-content\/uploads\/2023\/07\/LUNA-LLENA-LOGO-nuevo.png","width":229,"height":167,"caption":"LUNA LLENA MINERALES"},"image":{"@id":"https:\/\/mineraleslunallena.com\/#\/schema\/logo\/image\/"}}]}},"_links":{"self":[{"href":"https:\/\/mineraleslunallena.com\/ca\/wp-json\/wp\/v2\/product\/4949","targetHints":{"allow":["GET"]}}],"collection":[{"href":"https:\/\/mineraleslunallena.com\/ca\/wp-json\/wp\/v2\/product"}],"about":[{"href":"https:\/\/mineraleslunallena.com\/ca\/wp-json\/wp\/v2\/types\/product"}],"version-history":[{"count":1,"href":"https:\/\/mineraleslunallena.com\/ca\/wp-json\/wp\/v2\/product\/4949\/revisions"}],"predecessor-version":[{"id":4950,"href":"https:\/\/mineraleslunallena.com\/ca\/wp-json\/wp\/v2\/product\/4949\/revisions\/4950"}],"wp:featuredmedia":[{"embeddable":true,"href":"https:\/\/mineraleslunallena.com\/ca\/wp-json\/wp\/v2\/media\/4976"}],"wp:attachment":[{"href":"https:\/\/mineraleslunallena.com\/ca\/wp-json\/wp\/v2\/media?parent=4949"}],"wp:term":[{"taxonomy":"product_cat","embeddable":true,"href":"https:\/\/mineraleslunallena.com\/ca\/wp-json\/wp\/v2\/product_cat?post=4949"},{"taxonomy":"product_tag","embeddable":true,"href":"https:\/\/mineraleslunallena.com\/ca\/wp-json\/wp\/v2\/product_tag?post=4949"}],"curies":[{"name":"wp","href":"https:\/\/api.w.org\/{rel}","templated":true}]}}