{"id":4962,"date":"2024-11-13T19:49:08","date_gmt":"2024-11-13T18:49:08","guid":{"rendered":"https:\/\/mineraleslunallena.com\/?post_type=product&#038;p=4962"},"modified":"2025-10-24T14:45:34","modified_gmt":"2025-10-24T12:45:34","slug":"serafinita-colgante-plata-i-conectar-con-tus-guias","status":"publish","type":"product","link":"https:\/\/mineraleslunallena.com\/ca\/producte\/serafinita-colgante-plata-i-conectar-con-tus-guias\/","title":{"rendered":"Serafinita Colgante Plata I Conectar con tus Gu\u00edas"},"content":{"rendered":"<div class=\"flex-shrink-0 flex flex-col relative items-end\">\n<div>\n<div class=\"pt-0\">\n<div class=\"gizmo-bot-avatar flex h-8 w-8 items-center justify-center overflow-hidden rounded-full\">\n<div class=\"relative p-1 rounded-sm flex items-center justify-center bg-token-main-surface-primary text-token-text-primary h-8 w-8\"><\/div>\n<\/div>\n<\/div>\n<\/div>\n<\/div>\n<div class=\"group\/conversation-turn relative flex w-full min-w-0 flex-col agent-turn\">\n<div class=\"flex-col gap-1 md:gap-3\">\n<div class=\"flex max-w-full flex-col flex-grow\">\n<div class=\"min-h-8 text-message flex w-full flex-col items-end gap-2 whitespace-normal break-words [.text-message+&amp;]:mt-5\" dir=\"auto\" data-message-author-role=\"assistant\" data-message-id=\"329bb16a-8450-45b8-881a-3046db3a68f7\" data-message-model-slug=\"gpt-4o\">\n<div class=\"flex w-full flex-col gap-1 empty:hidden first:pt-[3px]\">\n<div class=\"markdown prose w-full break-words dark:prose-invert light\">\n<p>Os presentamos el colgante de Serafinita en plata, una piedra celestial conocida como <strong>\u00abla piedra de la iluminaci\u00f3n espiritual\u00bb. <\/strong><\/p>\n<p>La Serafinita es ideal para quienes buscan una conexi\u00f3n profunda con su verdad y sabidur\u00eda interior. Su energ\u00eda suave y elevada ayuda a abrir el coraz\u00f3n y a recibir paz y sanaci\u00f3n, apoyando el crecimiento espiritual y la claridad mental.<\/p>\n<p>Es un excelente aliado para<strong> conectar con tus gu\u00edas espirituales<\/strong> y fortalecer el equilibrio emocional.<\/p>\n<p><b>Brinda esperanza y positividad a quienes enfrentan la tristeza debido a un evento que les cambi\u00f3 la vida<\/b>\u00a0. Su conexi\u00f3n con el mundo espiritual la convierte en un cristal para los nuevos comienzos.<\/p>\n<p>Ll\u00e9valo contigo para elevar tu energ\u00eda y acceder a niveles superiores de autoconocimiento. \u00a1Un amuleto indispensable para el despertar y la transformaci\u00f3n espiritual!<\/p>\n<\/div>\n<\/div>\n<\/div>\n<\/div>\n<\/div>\n<\/div>\n<p>&nbsp;<\/p>\n<p>Material: Plata de Ley 925.<\/p>\n<p>Cantidad: 1 Unidad. El precio es por una unidad.<\/p>\n<p>Tama\u00f1o:\u00a0 2,5 cm\u00a0 aproximadamente.<\/p>\n<p>&nbsp;<\/p>\n","protected":false},"excerpt":{"rendered":"<div class=\"group\/conversation-turn relative flex w-full min-w-0 flex-col agent-turn\">\n<div class=\"flex-col gap-1 md:gap-3\">\n<div class=\"flex max-w-full flex-col flex-grow\">\n<div class=\"min-h-8 text-message flex w-full flex-col items-end gap-2 whitespace-normal break-words [.text-message+&amp;]:mt-5\" dir=\"auto\" data-message-author-role=\"assistant\" data-message-id=\"329bb16a-8450-45b8-881a-3046db3a68f7\" data-message-model-slug=\"gpt-4o\">\n<div class=\"flex w-full flex-col gap-1 empty:hidden first:pt-[3px]\">\n<div class=\"markdown prose w-full break-words dark:prose-invert light\">\n<p>Os presentamos el colgante de Serafinita en plata, una piedra celestial conocida como \u00abla piedra de la iluminaci\u00f3n espiritual\u00bb.<\/p>\n<p>La Serafinita es ideal para quienes buscan una conexi\u00f3n profunda con su verdad y sabidur\u00eda interior. Su energ\u00eda suave y elevada ayuda a abrir el coraz\u00f3n y a recibir paz y sanaci\u00f3n, apoyando el crecimiento espiritual y la claridad mental.<\/p>\n<p>Es un excelente aliado para<strong> conectar con tus gu\u00edas espirituales<\/strong> y fortalecer el equilibrio emocional.<\/p>\n<p><b>Brinda esperanza y positividad a quienes enfrentan la tristeza debido a un evento que les cambi\u00f3 la vida<\/b>\u00a0. Su conexi\u00f3n con el mundo espiritual la convierte en un cristal para los nuevos comienzos.<\/p>\n<p>Ll\u00e9valo contigo para elevar tu energ\u00eda y acceder a niveles superiores de autoconocimiento. \u00a1Un amuleto indispensable para el despertar y la transformaci\u00f3n espiritual!<\/p>\n<\/div>\n<\/div>\n<\/div>\n<\/div>\n<\/div>\n<\/div>\n<p>&nbsp;<\/p>\n<p>Material: Plata de Ley 925.<\/p>\n<p>Cantidad: 1 Unidad. El precio es por una unidad.<\/p>\n<p>Tama\u00f1o:\u00a0 2,5 cm\u00a0 aproximadamente.<\/p>\n","protected":false},"featured_media":9160,"template":"","meta":[],"product_cat":[105,70],"product_tag":[],"class_list":{"0":"post-4962","1":"product","2":"type-product","3":"status-publish","4":"has-post-thumbnail","6":"product_cat-colgantes","7":"product_cat-joyas-y-accesorios","9":"first","10":"instock","11":"sale","12":"taxable","13":"shipping-taxable","14":"purchasable","15":"product-type-simple"},"yoast_head":"<!-- This site is optimized with the Yoast SEO plugin v27.3 - https:\/\/yoast.com\/product\/yoast-seo-wordpress\/ -->\n<title>Serafinita Colgante Plata I Conectar con tus Gu\u00edas - MINERALES LUNA LLENA<\/title>\n<meta name=\"robots\" content=\"index, follow, max-snippet:-1, max-image-preview:large, max-video-preview:-1\" \/>\n<link rel=\"canonical\" href=\"https:\/\/mineraleslunallena.com\/ca\/producte\/serafinita-colgante-plata-i-conectar-con-tus-guias\/\" \/>\n<meta property=\"og:locale\" content=\"ca_ES\" \/>\n<meta property=\"og:type\" content=\"article\" \/>\n<meta property=\"og:title\" content=\"Serafinita Colgante Plata I Conectar con tus Gu\u00edas - MINERALES LUNA LLENA\" \/>\n<meta property=\"og:description\" content=\"Os presentamos el colgante de Serafinita en plata, una piedra celestial conocida como &quot;la piedra de la iluminaci\u00f3n espiritual&quot;.  La Serafinita es ideal para quienes buscan una conexi\u00f3n profunda con su verdad y sabidur\u00eda interior. Su energ\u00eda suave y elevada ayuda a abrir el coraz\u00f3n y a recibir paz y sanaci\u00f3n, apoyando el crecimiento espiritual y la claridad mental.  Es un excelente aliado para conectar con tus gu\u00edas espirituales y fortalecer el equilibrio emocional.  Brinda esperanza y positividad a quienes enfrentan la tristeza debido a un evento que les cambi\u00f3 la vida\u00a0. Su conexi\u00f3n con el mundo espiritual la convierte en un cristal para los nuevos comienzos.  Ll\u00e9valo contigo para elevar tu energ\u00eda y acceder a niveles superiores de autoconocimiento. \u00a1Un amuleto indispensable para el despertar y la transformaci\u00f3n espiritual!        &nbsp;  Material: Plata de Ley 925.  Cantidad: 1 Unidad. El precio es por una unidad.  Tama\u00f1o:\u00a0 2,5 cm\u00a0 aproximadamente.\" \/>\n<meta property=\"og:url\" content=\"https:\/\/mineraleslunallena.com\/ca\/producte\/serafinita-colgante-plata-i-conectar-con-tus-guias\/\" \/>\n<meta property=\"og:site_name\" content=\"MINERALES LUNA LLENA\" \/>\n<meta property=\"article:modified_time\" content=\"2025-10-24T12:45:34+00:00\" \/>\n<meta property=\"og:image\" content=\"https:\/\/mineraleslunallena.com\/wp-content\/uploads\/2024\/11\/IMG_20251024_112624-scaled.jpg\" \/>\n\t<meta property=\"og:image:width\" content=\"1153\" \/>\n\t<meta property=\"og:image:height\" content=\"2560\" \/>\n\t<meta property=\"og:image:type\" content=\"image\/jpeg\" \/>\n<meta name=\"twitter:card\" content=\"summary_large_image\" \/>\n<meta name=\"twitter:label1\" content=\"Temps estimat de lectura\" \/>\n\t<meta name=\"twitter:data1\" content=\"1 minut\" \/>\n<script type=\"application\/ld+json\" class=\"yoast-schema-graph\">{\"@context\":\"https:\\\/\\\/schema.org\",\"@graph\":[{\"@type\":\"WebPage\",\"@id\":\"https:\\\/\\\/mineraleslunallena.com\\\/producto\\\/serafinita-colgante-plata-i-conectar-con-tus-guias\\\/\",\"url\":\"https:\\\/\\\/mineraleslunallena.com\\\/producto\\\/serafinita-colgante-plata-i-conectar-con-tus-guias\\\/\",\"name\":\"Serafinita Colgante Plata I Conectar con tus Gu\u00edas - MINERALES LUNA LLENA\",\"isPartOf\":{\"@id\":\"https:\\\/\\\/mineraleslunallena.com\\\/#website\"},\"primaryImageOfPage\":{\"@id\":\"https:\\\/\\\/mineraleslunallena.com\\\/producto\\\/serafinita-colgante-plata-i-conectar-con-tus-guias\\\/#primaryimage\"},\"image\":{\"@id\":\"https:\\\/\\\/mineraleslunallena.com\\\/producto\\\/serafinita-colgante-plata-i-conectar-con-tus-guias\\\/#primaryimage\"},\"thumbnailUrl\":\"https:\\\/\\\/mineraleslunallena.com\\\/wp-content\\\/uploads\\\/2024\\\/11\\\/IMG_20251024_112624-scaled.jpg\",\"datePublished\":\"2024-11-13T18:49:08+00:00\",\"dateModified\":\"2025-10-24T12:45:34+00:00\",\"breadcrumb\":{\"@id\":\"https:\\\/\\\/mineraleslunallena.com\\\/producto\\\/serafinita-colgante-plata-i-conectar-con-tus-guias\\\/#breadcrumb\"},\"inLanguage\":\"ca\",\"potentialAction\":[{\"@type\":\"ReadAction\",\"target\":[\"https:\\\/\\\/mineraleslunallena.com\\\/producto\\\/serafinita-colgante-plata-i-conectar-con-tus-guias\\\/\"]}]},{\"@type\":\"ImageObject\",\"inLanguage\":\"ca\",\"@id\":\"https:\\\/\\\/mineraleslunallena.com\\\/producto\\\/serafinita-colgante-plata-i-conectar-con-tus-guias\\\/#primaryimage\",\"url\":\"https:\\\/\\\/mineraleslunallena.com\\\/wp-content\\\/uploads\\\/2024\\\/11\\\/IMG_20251024_112624-scaled.jpg\",\"contentUrl\":\"https:\\\/\\\/mineraleslunallena.com\\\/wp-content\\\/uploads\\\/2024\\\/11\\\/IMG_20251024_112624-scaled.jpg\",\"width\":1153,\"height\":2560},{\"@type\":\"BreadcrumbList\",\"@id\":\"https:\\\/\\\/mineraleslunallena.com\\\/producto\\\/serafinita-colgante-plata-i-conectar-con-tus-guias\\\/#breadcrumb\",\"itemListElement\":[{\"@type\":\"ListItem\",\"position\":1,\"name\":\"Portada\",\"item\":\"https:\\\/\\\/mineraleslunallena.com\\\/\"},{\"@type\":\"ListItem\",\"position\":2,\"name\":\"Shop\",\"item\":\"https:\\\/\\\/mineraleslunallena.com\\\/ca\\\/shop\\\/\"},{\"@type\":\"ListItem\",\"position\":3,\"name\":\"Serafinita Colgante Plata I Conectar con tus Gu\u00edas\"}]},{\"@type\":\"WebSite\",\"@id\":\"https:\\\/\\\/mineraleslunallena.com\\\/#website\",\"url\":\"https:\\\/\\\/mineraleslunallena.com\\\/\",\"name\":\"LUNA LLENA MINERALES\",\"description\":\"Es el momento de conectarte con tu propio poder y confiar en tus habilidades.\",\"publisher\":{\"@id\":\"https:\\\/\\\/mineraleslunallena.com\\\/#organization\"},\"potentialAction\":[{\"@type\":\"SearchAction\",\"target\":{\"@type\":\"EntryPoint\",\"urlTemplate\":\"https:\\\/\\\/mineraleslunallena.com\\\/?s={search_term_string}\"},\"query-input\":{\"@type\":\"PropertyValueSpecification\",\"valueRequired\":true,\"valueName\":\"search_term_string\"}}],\"inLanguage\":\"ca\"},{\"@type\":\"Organization\",\"@id\":\"https:\\\/\\\/mineraleslunallena.com\\\/#organization\",\"name\":\"LUNA LLENA MINERALES\",\"url\":\"https:\\\/\\\/mineraleslunallena.com\\\/\",\"logo\":{\"@type\":\"ImageObject\",\"inLanguage\":\"ca\",\"@id\":\"https:\\\/\\\/mineraleslunallena.com\\\/#\\\/schema\\\/logo\\\/image\\\/\",\"url\":\"https:\\\/\\\/mineraleslunallena.com\\\/wp-content\\\/uploads\\\/2023\\\/07\\\/LUNA-LLENA-LOGO-nuevo.png\",\"contentUrl\":\"https:\\\/\\\/mineraleslunallena.com\\\/wp-content\\\/uploads\\\/2023\\\/07\\\/LUNA-LLENA-LOGO-nuevo.png\",\"width\":229,\"height\":167,\"caption\":\"LUNA LLENA MINERALES\"},\"image\":{\"@id\":\"https:\\\/\\\/mineraleslunallena.com\\\/#\\\/schema\\\/logo\\\/image\\\/\"}}]}<\/script>\n<!-- \/ Yoast SEO plugin. -->","yoast_head_json":{"title":"Serafinita Colgante Plata I Conectar con tus Gu\u00edas - MINERALES LUNA LLENA","robots":{"index":"index","follow":"follow","max-snippet":"max-snippet:-1","max-image-preview":"max-image-preview:large","max-video-preview":"max-video-preview:-1"},"canonical":"https:\/\/mineraleslunallena.com\/ca\/producte\/serafinita-colgante-plata-i-conectar-con-tus-guias\/","og_locale":"ca_ES","og_type":"article","og_title":"Serafinita Colgante Plata I Conectar con tus Gu\u00edas - MINERALES LUNA LLENA","og_description":"Os presentamos el colgante de Serafinita en plata, una piedra celestial conocida como \"la piedra de la iluminaci\u00f3n espiritual\".  La Serafinita es ideal para quienes buscan una conexi\u00f3n profunda con su verdad y sabidur\u00eda interior. Su energ\u00eda suave y elevada ayuda a abrir el coraz\u00f3n y a recibir paz y sanaci\u00f3n, apoyando el crecimiento espiritual y la claridad mental.  Es un excelente aliado para conectar con tus gu\u00edas espirituales y fortalecer el equilibrio emocional.  Brinda esperanza y positividad a quienes enfrentan la tristeza debido a un evento que les cambi\u00f3 la vida\u00a0. Su conexi\u00f3n con el mundo espiritual la convierte en un cristal para los nuevos comienzos.  Ll\u00e9valo contigo para elevar tu energ\u00eda y acceder a niveles superiores de autoconocimiento. \u00a1Un amuleto indispensable para el despertar y la transformaci\u00f3n espiritual!        &nbsp;  Material: Plata de Ley 925.  Cantidad: 1 Unidad. El precio es por una unidad.  Tama\u00f1o:\u00a0 2,5 cm\u00a0 aproximadamente.","og_url":"https:\/\/mineraleslunallena.com\/ca\/producte\/serafinita-colgante-plata-i-conectar-con-tus-guias\/","og_site_name":"MINERALES LUNA LLENA","article_modified_time":"2025-10-24T12:45:34+00:00","og_image":[{"width":1153,"height":2560,"url":"https:\/\/mineraleslunallena.com\/wp-content\/uploads\/2024\/11\/IMG_20251024_112624-scaled.jpg","type":"image\/jpeg"}],"twitter_card":"summary_large_image","twitter_misc":{"Temps estimat de lectura":"1 minut"},"schema":{"@context":"https:\/\/schema.org","@graph":[{"@type":"WebPage","@id":"https:\/\/mineraleslunallena.com\/producto\/serafinita-colgante-plata-i-conectar-con-tus-guias\/","url":"https:\/\/mineraleslunallena.com\/producto\/serafinita-colgante-plata-i-conectar-con-tus-guias\/","name":"Serafinita Colgante Plata I Conectar con tus Gu\u00edas - MINERALES LUNA LLENA","isPartOf":{"@id":"https:\/\/mineraleslunallena.com\/#website"},"primaryImageOfPage":{"@id":"https:\/\/mineraleslunallena.com\/producto\/serafinita-colgante-plata-i-conectar-con-tus-guias\/#primaryimage"},"image":{"@id":"https:\/\/mineraleslunallena.com\/producto\/serafinita-colgante-plata-i-conectar-con-tus-guias\/#primaryimage"},"thumbnailUrl":"https:\/\/mineraleslunallena.com\/wp-content\/uploads\/2024\/11\/IMG_20251024_112624-scaled.jpg","datePublished":"2024-11-13T18:49:08+00:00","dateModified":"2025-10-24T12:45:34+00:00","breadcrumb":{"@id":"https:\/\/mineraleslunallena.com\/producto\/serafinita-colgante-plata-i-conectar-con-tus-guias\/#breadcrumb"},"inLanguage":"ca","potentialAction":[{"@type":"ReadAction","target":["https:\/\/mineraleslunallena.com\/producto\/serafinita-colgante-plata-i-conectar-con-tus-guias\/"]}]},{"@type":"ImageObject","inLanguage":"ca","@id":"https:\/\/mineraleslunallena.com\/producto\/serafinita-colgante-plata-i-conectar-con-tus-guias\/#primaryimage","url":"https:\/\/mineraleslunallena.com\/wp-content\/uploads\/2024\/11\/IMG_20251024_112624-scaled.jpg","contentUrl":"https:\/\/mineraleslunallena.com\/wp-content\/uploads\/2024\/11\/IMG_20251024_112624-scaled.jpg","width":1153,"height":2560},{"@type":"BreadcrumbList","@id":"https:\/\/mineraleslunallena.com\/producto\/serafinita-colgante-plata-i-conectar-con-tus-guias\/#breadcrumb","itemListElement":[{"@type":"ListItem","position":1,"name":"Portada","item":"https:\/\/mineraleslunallena.com\/"},{"@type":"ListItem","position":2,"name":"Shop","item":"https:\/\/mineraleslunallena.com\/ca\/shop\/"},{"@type":"ListItem","position":3,"name":"Serafinita Colgante Plata I Conectar con tus Gu\u00edas"}]},{"@type":"WebSite","@id":"https:\/\/mineraleslunallena.com\/#website","url":"https:\/\/mineraleslunallena.com\/","name":"LLUNA PLENA MINERALS","description":"\u00c9s el moment de connectar-te amb el teu poder i confiar en les teves habilitats.","publisher":{"@id":"https:\/\/mineraleslunallena.com\/#organization"},"potentialAction":[{"@type":"SearchAction","target":{"@type":"EntryPoint","urlTemplate":"https:\/\/mineraleslunallena.com\/?s={search_term_string}"},"query-input":{"@type":"PropertyValueSpecification","valueRequired":true,"valueName":"search_term_string"}}],"inLanguage":"ca"},{"@type":"Organization","@id":"https:\/\/mineraleslunallena.com\/#organization","name":"LLUNA PLENA MINERALS","url":"https:\/\/mineraleslunallena.com\/","logo":{"@type":"ImageObject","inLanguage":"ca","@id":"https:\/\/mineraleslunallena.com\/#\/schema\/logo\/image\/","url":"https:\/\/mineraleslunallena.com\/wp-content\/uploads\/2023\/07\/LUNA-LLENA-LOGO-nuevo.png","contentUrl":"https:\/\/mineraleslunallena.com\/wp-content\/uploads\/2023\/07\/LUNA-LLENA-LOGO-nuevo.png","width":229,"height":167,"caption":"LUNA LLENA MINERALES"},"image":{"@id":"https:\/\/mineraleslunallena.com\/#\/schema\/logo\/image\/"}}]}},"jetpack_sharing_enabled":true,"_links":{"self":[{"href":"https:\/\/mineraleslunallena.com\/ca\/wp-json\/wp\/v2\/product\/4962","targetHints":{"allow":["GET"]}}],"collection":[{"href":"https:\/\/mineraleslunallena.com\/ca\/wp-json\/wp\/v2\/product"}],"about":[{"href":"https:\/\/mineraleslunallena.com\/ca\/wp-json\/wp\/v2\/types\/product"}],"version-history":[{"count":1,"href":"https:\/\/mineraleslunallena.com\/ca\/wp-json\/wp\/v2\/product\/4962\/revisions"}],"predecessor-version":[{"id":4963,"href":"https:\/\/mineraleslunallena.com\/ca\/wp-json\/wp\/v2\/product\/4962\/revisions\/4963"}],"wp:featuredmedia":[{"embeddable":true,"href":"https:\/\/mineraleslunallena.com\/ca\/wp-json\/wp\/v2\/media\/9160"}],"wp:attachment":[{"href":"https:\/\/mineraleslunallena.com\/ca\/wp-json\/wp\/v2\/media?parent=4962"}],"wp:term":[{"taxonomy":"product_cat","embeddable":true,"href":"https:\/\/mineraleslunallena.com\/ca\/wp-json\/wp\/v2\/product_cat?post=4962"},{"taxonomy":"product_tag","embeddable":true,"href":"https:\/\/mineraleslunallena.com\/ca\/wp-json\/wp\/v2\/product_tag?post=4962"}],"curies":[{"name":"wp","href":"https:\/\/api.w.org\/{rel}","templated":true}]}}