{"id":5000,"date":"2024-11-14T18:47:37","date_gmt":"2024-11-14T17:47:37","guid":{"rendered":"https:\/\/mineraleslunallena.com\/?post_type=product&#038;p=5000"},"modified":"2024-11-15T17:54:00","modified_gmt":"2024-11-15T16:54:00","slug":"basalto-pulido-i-enraizar-superacion-personal","status":"publish","type":"product","link":"https:\/\/mineraleslunallena.com\/ca\/producte\/basalto-pulido-i-enraizar-superacion-personal\/","title":{"rendered":"Basalto Pulido I Enraizar &#8211; Superaci\u00f3n Personal"},"content":{"rendered":"<p>Te presentamos el Basalto, una piedra de poder volc\u00e1nico que aporta estabilidad y protecci\u00f3n energ\u00e9tica.<\/p>\n<p>Este mineral, formado a partir de lava solidificada, es ideal para quienes buscan una conexi\u00f3n profunda con la tierra y equilibrio emocional. El Basalto ayuda a disipar la negatividad y fomenta la resiliencia, proporcionando una base s\u00f3lida para enfrentar desaf\u00edos personales.<\/p>\n<p>Su energ\u00eda enraizante es perfecta para reducir el estr\u00e9s, aumentar la claridad y potenciar la fortaleza interior. Ll\u00e9valo contigo o col\u00f3calo en tu espacio para atraer calma y seguridad.<\/p>\n<p>\u00a1Una piedra esencial para mantenerte centrado y en paz en cualquier situaci\u00f3n!<\/p>\n<p>&nbsp;<\/p>\n<p>Quantitat: 1 Unitat. El preu \u00e9s per una unitat.<\/p>\n<p>Tama\u00f1o: Entre 2 y 3 cent\u00edmetros aproximadamente.<\/p>\n<p>Forma: Mineral Rodat.<\/p>","protected":false},"excerpt":{"rendered":"<p>Te presentamos el Basalto, una piedra de poder volc\u00e1nico que aporta estabilidad y protecci\u00f3n energ\u00e9tica.<\/p>\n<p>Este mineral, formado a partir de lava solidificada, es ideal para quienes buscan una conexi\u00f3n profunda con la tierra y equilibrio emocional. El Basalto ayuda a disipar la negatividad y fomenta la resiliencia, proporcionando una base s\u00f3lida para enfrentar desaf\u00edos personales.<\/p>\n<p>Su energ\u00eda enraizante es perfecta para reducir el estr\u00e9s, aumentar la claridad y potenciar la fortaleza interior. Ll\u00e9valo contigo o col\u00f3calo en tu espacio para atraer calma y seguridad.<\/p>\n<p>\u00a1Una piedra esencial para mantenerte centrado y en paz en cualquier situaci\u00f3n!<\/p>\n<p>&nbsp;<\/p>\n<p>Quantitat: 1 Unitat. El preu \u00e9s per una unitat.<\/p>\n<p>Tama\u00f1o: Entre 2 y 3 cent\u00edmetros aproximadamente.<\/p>\n<p>Forma: Mineral Rodat.<\/p>","protected":false},"featured_media":5031,"template":"","meta":[],"product_cat":[69,71,104],"product_tag":[],"class_list":{"0":"post-5000","1":"product","2":"type-product","3":"status-publish","4":"has-post-thumbnail","6":"product_cat-minerales","7":"product_cat-rodados","8":"product_cat-rodados-planos","10":"first","11":"instock","12":"sale","13":"taxable","14":"shipping-taxable","15":"purchasable","16":"product-type-simple"},"yoast_head":"<!-- This site is optimized with the Yoast SEO plugin v27.3 - https:\/\/yoast.com\/product\/yoast-seo-wordpress\/ -->\n<title>Basalto Pulido I Enraizar - Superaci\u00f3n Personal - MINERALES LUNA LLENA<\/title>\n<meta name=\"robots\" content=\"index, follow, max-snippet:-1, max-image-preview:large, max-video-preview:-1\" \/>\n<link rel=\"canonical\" href=\"https:\/\/mineraleslunallena.com\/ca\/producte\/basalto-pulido-i-enraizar-superacion-personal\/\" \/>\n<meta property=\"og:locale\" content=\"ca_ES\" \/>\n<meta property=\"og:type\" content=\"article\" \/>\n<meta property=\"og:title\" content=\"Basalto Pulido I Enraizar - Superaci\u00f3n Personal - MINERALES LUNA LLENA\" \/>\n<meta property=\"og:description\" content=\"Te presentamos el Basalto, una piedra de poder volc\u00e1nico que aporta estabilidad y protecci\u00f3n energ\u00e9tica.  Este mineral, formado a partir de lava solidificada, es ideal para quienes buscan una conexi\u00f3n profunda con la tierra y equilibrio emocional. El Basalto ayuda a disipar la negatividad y fomenta la resiliencia, proporcionando una base s\u00f3lida para enfrentar desaf\u00edos personales.  Su energ\u00eda enraizante es perfecta para reducir el estr\u00e9s, aumentar la claridad y potenciar la fortaleza interior. Ll\u00e9valo contigo o col\u00f3calo en tu espacio para atraer calma y seguridad.  \u00a1Una piedra esencial para mantenerte centrado y en paz en cualquier situaci\u00f3n!  &nbsp;  Cantidad: 1 Unidad. El precio es por una unidad.  Tama\u00f1o: Entre 2 y 3 cent\u00edmetros aproximadamente.  Forma: Mineral Rodado.\" \/>\n<meta property=\"og:url\" content=\"https:\/\/mineraleslunallena.com\/ca\/producte\/basalto-pulido-i-enraizar-superacion-personal\/\" \/>\n<meta property=\"og:site_name\" content=\"MINERALES LUNA LLENA\" \/>\n<meta property=\"article:modified_time\" content=\"2024-11-15T16:54:00+00:00\" \/>\n<meta property=\"og:image\" content=\"https:\/\/mineraleslunallena.com\/wp-content\/uploads\/2024\/11\/basaltoportada-scaled.jpg\" \/>\n\t<meta property=\"og:image:width\" content=\"1153\" \/>\n\t<meta property=\"og:image:height\" content=\"2560\" \/>\n\t<meta property=\"og:image:type\" content=\"image\/jpeg\" \/>\n<meta name=\"twitter:card\" content=\"summary_large_image\" \/>\n<meta name=\"twitter:label1\" content=\"Temps estimat de lectura\" \/>\n\t<meta name=\"twitter:data1\" content=\"1 minut\" \/>\n<script type=\"application\/ld+json\" class=\"yoast-schema-graph\">{\"@context\":\"https:\\\/\\\/schema.org\",\"@graph\":[{\"@type\":\"WebPage\",\"@id\":\"https:\\\/\\\/mineraleslunallena.com\\\/producto\\\/basalto-pulido-i-enraizar-superacion-personal\\\/\",\"url\":\"https:\\\/\\\/mineraleslunallena.com\\\/producto\\\/basalto-pulido-i-enraizar-superacion-personal\\\/\",\"name\":\"Basalto Pulido I Enraizar - Superaci\u00f3n Personal - MINERALES LUNA LLENA\",\"isPartOf\":{\"@id\":\"https:\\\/\\\/mineraleslunallena.com\\\/#website\"},\"primaryImageOfPage\":{\"@id\":\"https:\\\/\\\/mineraleslunallena.com\\\/producto\\\/basalto-pulido-i-enraizar-superacion-personal\\\/#primaryimage\"},\"image\":{\"@id\":\"https:\\\/\\\/mineraleslunallena.com\\\/producto\\\/basalto-pulido-i-enraizar-superacion-personal\\\/#primaryimage\"},\"thumbnailUrl\":\"https:\\\/\\\/mineraleslunallena.com\\\/wp-content\\\/uploads\\\/2024\\\/11\\\/basaltoportada-scaled.jpg\",\"datePublished\":\"2024-11-14T17:47:37+00:00\",\"dateModified\":\"2024-11-15T16:54:00+00:00\",\"breadcrumb\":{\"@id\":\"https:\\\/\\\/mineraleslunallena.com\\\/producto\\\/basalto-pulido-i-enraizar-superacion-personal\\\/#breadcrumb\"},\"inLanguage\":\"ca\",\"potentialAction\":[{\"@type\":\"ReadAction\",\"target\":[\"https:\\\/\\\/mineraleslunallena.com\\\/producto\\\/basalto-pulido-i-enraizar-superacion-personal\\\/\"]}]},{\"@type\":\"ImageObject\",\"inLanguage\":\"ca\",\"@id\":\"https:\\\/\\\/mineraleslunallena.com\\\/producto\\\/basalto-pulido-i-enraizar-superacion-personal\\\/#primaryimage\",\"url\":\"https:\\\/\\\/mineraleslunallena.com\\\/wp-content\\\/uploads\\\/2024\\\/11\\\/basaltoportada-scaled.jpg\",\"contentUrl\":\"https:\\\/\\\/mineraleslunallena.com\\\/wp-content\\\/uploads\\\/2024\\\/11\\\/basaltoportada-scaled.jpg\",\"width\":1153,\"height\":2560},{\"@type\":\"BreadcrumbList\",\"@id\":\"https:\\\/\\\/mineraleslunallena.com\\\/producto\\\/basalto-pulido-i-enraizar-superacion-personal\\\/#breadcrumb\",\"itemListElement\":[{\"@type\":\"ListItem\",\"position\":1,\"name\":\"Portada\",\"item\":\"https:\\\/\\\/mineraleslunallena.com\\\/\"},{\"@type\":\"ListItem\",\"position\":2,\"name\":\"Shop\",\"item\":\"https:\\\/\\\/mineraleslunallena.com\\\/ca\\\/shop\\\/\"},{\"@type\":\"ListItem\",\"position\":3,\"name\":\"Basalto Pulido I Enraizar &#8211; Superaci\u00f3n Personal\"}]},{\"@type\":\"WebSite\",\"@id\":\"https:\\\/\\\/mineraleslunallena.com\\\/#website\",\"url\":\"https:\\\/\\\/mineraleslunallena.com\\\/\",\"name\":\"LUNA LLENA MINERALES\",\"description\":\"Es el momento de conectarte con tu propio poder y confiar en tus habilidades.\",\"publisher\":{\"@id\":\"https:\\\/\\\/mineraleslunallena.com\\\/#organization\"},\"potentialAction\":[{\"@type\":\"SearchAction\",\"target\":{\"@type\":\"EntryPoint\",\"urlTemplate\":\"https:\\\/\\\/mineraleslunallena.com\\\/?s={search_term_string}\"},\"query-input\":{\"@type\":\"PropertyValueSpecification\",\"valueRequired\":true,\"valueName\":\"search_term_string\"}}],\"inLanguage\":\"ca\"},{\"@type\":\"Organization\",\"@id\":\"https:\\\/\\\/mineraleslunallena.com\\\/#organization\",\"name\":\"LUNA LLENA MINERALES\",\"url\":\"https:\\\/\\\/mineraleslunallena.com\\\/\",\"logo\":{\"@type\":\"ImageObject\",\"inLanguage\":\"ca\",\"@id\":\"https:\\\/\\\/mineraleslunallena.com\\\/#\\\/schema\\\/logo\\\/image\\\/\",\"url\":\"https:\\\/\\\/mineraleslunallena.com\\\/wp-content\\\/uploads\\\/2023\\\/07\\\/LUNA-LLENA-LOGO-nuevo.png\",\"contentUrl\":\"https:\\\/\\\/mineraleslunallena.com\\\/wp-content\\\/uploads\\\/2023\\\/07\\\/LUNA-LLENA-LOGO-nuevo.png\",\"width\":229,\"height\":167,\"caption\":\"LUNA LLENA MINERALES\"},\"image\":{\"@id\":\"https:\\\/\\\/mineraleslunallena.com\\\/#\\\/schema\\\/logo\\\/image\\\/\"}}]}<\/script>\n<!-- \/ Yoast SEO plugin. -->","yoast_head_json":{"title":"Basalto Pulido I Enraizar - Superaci\u00f3n Personal - MINERALES LUNA LLENA","robots":{"index":"index","follow":"follow","max-snippet":"max-snippet:-1","max-image-preview":"max-image-preview:large","max-video-preview":"max-video-preview:-1"},"canonical":"https:\/\/mineraleslunallena.com\/ca\/producte\/basalto-pulido-i-enraizar-superacion-personal\/","og_locale":"ca_ES","og_type":"article","og_title":"Basalto Pulido I Enraizar - Superaci\u00f3n Personal - MINERALES LUNA LLENA","og_description":"Te presentamos el Basalto, una piedra de poder volc\u00e1nico que aporta estabilidad y protecci\u00f3n energ\u00e9tica.  Este mineral, formado a partir de lava solidificada, es ideal para quienes buscan una conexi\u00f3n profunda con la tierra y equilibrio emocional. El Basalto ayuda a disipar la negatividad y fomenta la resiliencia, proporcionando una base s\u00f3lida para enfrentar desaf\u00edos personales.  Su energ\u00eda enraizante es perfecta para reducir el estr\u00e9s, aumentar la claridad y potenciar la fortaleza interior. Ll\u00e9valo contigo o col\u00f3calo en tu espacio para atraer calma y seguridad.  \u00a1Una piedra esencial para mantenerte centrado y en paz en cualquier situaci\u00f3n!  &nbsp;  Cantidad: 1 Unidad. El precio es por una unidad.  Tama\u00f1o: Entre 2 y 3 cent\u00edmetros aproximadamente.  Forma: Mineral Rodado.","og_url":"https:\/\/mineraleslunallena.com\/ca\/producte\/basalto-pulido-i-enraizar-superacion-personal\/","og_site_name":"MINERALES LUNA LLENA","article_modified_time":"2024-11-15T16:54:00+00:00","og_image":[{"width":1153,"height":2560,"url":"https:\/\/mineraleslunallena.com\/wp-content\/uploads\/2024\/11\/basaltoportada-scaled.jpg","type":"image\/jpeg"}],"twitter_card":"summary_large_image","twitter_misc":{"Temps estimat de lectura":"1 minut"},"schema":{"@context":"https:\/\/schema.org","@graph":[{"@type":"WebPage","@id":"https:\/\/mineraleslunallena.com\/producto\/basalto-pulido-i-enraizar-superacion-personal\/","url":"https:\/\/mineraleslunallena.com\/producto\/basalto-pulido-i-enraizar-superacion-personal\/","name":"Basalto Pulido I Enraizar - Superaci\u00f3n Personal - MINERALES LUNA LLENA","isPartOf":{"@id":"https:\/\/mineraleslunallena.com\/#website"},"primaryImageOfPage":{"@id":"https:\/\/mineraleslunallena.com\/producto\/basalto-pulido-i-enraizar-superacion-personal\/#primaryimage"},"image":{"@id":"https:\/\/mineraleslunallena.com\/producto\/basalto-pulido-i-enraizar-superacion-personal\/#primaryimage"},"thumbnailUrl":"https:\/\/mineraleslunallena.com\/wp-content\/uploads\/2024\/11\/basaltoportada-scaled.jpg","datePublished":"2024-11-14T17:47:37+00:00","dateModified":"2024-11-15T16:54:00+00:00","breadcrumb":{"@id":"https:\/\/mineraleslunallena.com\/producto\/basalto-pulido-i-enraizar-superacion-personal\/#breadcrumb"},"inLanguage":"ca","potentialAction":[{"@type":"ReadAction","target":["https:\/\/mineraleslunallena.com\/producto\/basalto-pulido-i-enraizar-superacion-personal\/"]}]},{"@type":"ImageObject","inLanguage":"ca","@id":"https:\/\/mineraleslunallena.com\/producto\/basalto-pulido-i-enraizar-superacion-personal\/#primaryimage","url":"https:\/\/mineraleslunallena.com\/wp-content\/uploads\/2024\/11\/basaltoportada-scaled.jpg","contentUrl":"https:\/\/mineraleslunallena.com\/wp-content\/uploads\/2024\/11\/basaltoportada-scaled.jpg","width":1153,"height":2560},{"@type":"BreadcrumbList","@id":"https:\/\/mineraleslunallena.com\/producto\/basalto-pulido-i-enraizar-superacion-personal\/#breadcrumb","itemListElement":[{"@type":"ListItem","position":1,"name":"Portada","item":"https:\/\/mineraleslunallena.com\/"},{"@type":"ListItem","position":2,"name":"Shop","item":"https:\/\/mineraleslunallena.com\/ca\/shop\/"},{"@type":"ListItem","position":3,"name":"Basalto Pulido I Enraizar &#8211; Superaci\u00f3n Personal"}]},{"@type":"WebSite","@id":"https:\/\/mineraleslunallena.com\/#website","url":"https:\/\/mineraleslunallena.com\/","name":"LLUNA PLENA MINERALS","description":"\u00c9s el moment de connectar-te amb el teu poder i confiar en les teves habilitats.","publisher":{"@id":"https:\/\/mineraleslunallena.com\/#organization"},"potentialAction":[{"@type":"SearchAction","target":{"@type":"EntryPoint","urlTemplate":"https:\/\/mineraleslunallena.com\/?s={search_term_string}"},"query-input":{"@type":"PropertyValueSpecification","valueRequired":true,"valueName":"search_term_string"}}],"inLanguage":"ca"},{"@type":"Organization","@id":"https:\/\/mineraleslunallena.com\/#organization","name":"LLUNA PLENA MINERALS","url":"https:\/\/mineraleslunallena.com\/","logo":{"@type":"ImageObject","inLanguage":"ca","@id":"https:\/\/mineraleslunallena.com\/#\/schema\/logo\/image\/","url":"https:\/\/mineraleslunallena.com\/wp-content\/uploads\/2023\/07\/LUNA-LLENA-LOGO-nuevo.png","contentUrl":"https:\/\/mineraleslunallena.com\/wp-content\/uploads\/2023\/07\/LUNA-LLENA-LOGO-nuevo.png","width":229,"height":167,"caption":"LUNA LLENA MINERALES"},"image":{"@id":"https:\/\/mineraleslunallena.com\/#\/schema\/logo\/image\/"}}]}},"_links":{"self":[{"href":"https:\/\/mineraleslunallena.com\/ca\/wp-json\/wp\/v2\/product\/5000","targetHints":{"allow":["GET"]}}],"collection":[{"href":"https:\/\/mineraleslunallena.com\/ca\/wp-json\/wp\/v2\/product"}],"about":[{"href":"https:\/\/mineraleslunallena.com\/ca\/wp-json\/wp\/v2\/types\/product"}],"version-history":[{"count":1,"href":"https:\/\/mineraleslunallena.com\/ca\/wp-json\/wp\/v2\/product\/5000\/revisions"}],"predecessor-version":[{"id":5001,"href":"https:\/\/mineraleslunallena.com\/ca\/wp-json\/wp\/v2\/product\/5000\/revisions\/5001"}],"wp:featuredmedia":[{"embeddable":true,"href":"https:\/\/mineraleslunallena.com\/ca\/wp-json\/wp\/v2\/media\/5031"}],"wp:attachment":[{"href":"https:\/\/mineraleslunallena.com\/ca\/wp-json\/wp\/v2\/media?parent=5000"}],"wp:term":[{"taxonomy":"product_cat","embeddable":true,"href":"https:\/\/mineraleslunallena.com\/ca\/wp-json\/wp\/v2\/product_cat?post=5000"},{"taxonomy":"product_tag","embeddable":true,"href":"https:\/\/mineraleslunallena.com\/ca\/wp-json\/wp\/v2\/product_tag?post=5000"}],"curies":[{"name":"wp","href":"https:\/\/api.w.org\/{rel}","templated":true}]}}