{"id":5011,"date":"2024-11-14T19:52:59","date_gmt":"2024-11-14T18:52:59","guid":{"rendered":"https:\/\/mineraleslunallena.com\/?post_type=product&#038;p=5011"},"modified":"2024-11-15T17:51:35","modified_gmt":"2024-11-15T16:51:35","slug":"piramide-cuarzo-sanador-i-sanar-fisico-emocional-espiritual","status":"publish","type":"product","link":"https:\/\/mineraleslunallena.com\/ca\/producte\/piramide-cuarzo-sanador-i-sanar-fisico-emocional-espiritual\/","title":{"rendered":"Pir\u00e1mide Cuarzo Sanador I Sanar F\u00edsico &#8211; Emocional &#8211; Espiritual"},"content":{"rendered":"<p>El Cuarzo Sanador en forma de Pir\u00e1mide, es una poderosa herramienta energ\u00e9tica ideal para equilibrar cuerpo, mente y esp\u00edritu.<\/p>\n<p>La forma piramidal potencia las propiedades del cuarzo, enfocando y amplificando su energ\u00eda curativa, creando un campo de energ\u00eda que purifica y revitaliza el entorno.<\/p>\n<p>Este cuarzo, conocido por su capacidad de sanar a nivel f\u00edsico, emocional y espiritual, ayuda a liberar bloqueos y restaurar el flujo energ\u00e9tico.<\/p>\n<p>Su geometr\u00eda sagrada fomenta la claridad mental y el bienestar, alineando los chakras y promoviendo un estado de equilibrio. Ll\u00e9valo contigo o col\u00f3calo en tu espacio para atraer armon\u00eda y revitalizar tu energ\u00eda. \u00a1Un aliado imprescindible para la sanaci\u00f3n y protecci\u00f3n diaria!<\/p>\n<p>&nbsp;<\/p>\n<p>Cantidad: 1 Unidad. El precio es por una unidad. Ejemplar \u00danico.<br \/>\nTama\u00f1o: Entre 5 x 5 cent\u00edmetros aproximadamente.<br \/>\nForma: Pir\u00e0mide.<\/p>","protected":false},"excerpt":{"rendered":"<p>El Cuarzo Sanador en forma de Pir\u00e1mide, es una poderosa herramienta energ\u00e9tica ideal para equilibrar cuerpo, mente y esp\u00edritu.<\/p>\n<p>La forma piramidal potencia las propiedades del cuarzo, enfocando y amplificando su energ\u00eda curativa, creando un campo de energ\u00eda que purifica y revitaliza el entorno.<\/p>\n<p>Este cuarzo, conocido por su capacidad de sanar a nivel f\u00edsico, emocional y espiritual, ayuda a liberar bloqueos y restaurar el flujo energ\u00e9tico.<\/p>\n<p>Su geometr\u00eda sagrada fomenta la claridad mental y el bienestar, alineando los chakras y promoviendo un estado de equilibrio. Ll\u00e9valo contigo o col\u00f3calo en tu espacio para atraer armon\u00eda y revitalizar tu energ\u00eda. \u00a1Un aliado imprescindible para la sanaci\u00f3n y protecci\u00f3n diaria!<\/p>\n<p>&nbsp;<\/p>\n<p>Cantidad: 1 Unidad. El precio es por una unidad. Ejemplar \u00danico.<br \/>\nTama\u00f1o: Entre 5 x 5 cent\u00edmetros aproximadamente.<br \/>\nForma: Pir\u00e0mide.<\/p>","protected":false},"featured_media":5030,"template":"","meta":[],"product_cat":[73,69],"product_tag":[],"class_list":{"0":"post-5011","1":"product","2":"type-product","3":"status-publish","4":"has-post-thumbnail","6":"product_cat-esferas","7":"product_cat-minerales","9":"first","10":"instock","11":"sale","12":"taxable","13":"shipping-taxable","14":"purchasable","15":"product-type-simple"},"yoast_head":"<!-- This site is optimized with the Yoast SEO plugin v27.3 - https:\/\/yoast.com\/product\/yoast-seo-wordpress\/ -->\n<title>Pir\u00e1mide Cuarzo Sanador I Sanar F\u00edsico - Emocional - Espiritual - MINERALES LUNA LLENA<\/title>\n<meta name=\"robots\" content=\"index, follow, max-snippet:-1, max-image-preview:large, max-video-preview:-1\" \/>\n<link rel=\"canonical\" href=\"https:\/\/mineraleslunallena.com\/ca\/producte\/piramide-cuarzo-sanador-i-sanar-fisico-emocional-espiritual\/\" \/>\n<meta property=\"og:locale\" content=\"ca_ES\" \/>\n<meta property=\"og:type\" content=\"article\" \/>\n<meta property=\"og:title\" content=\"Pir\u00e1mide Cuarzo Sanador I Sanar F\u00edsico - Emocional - Espiritual - MINERALES LUNA LLENA\" \/>\n<meta property=\"og:description\" content=\"El Cuarzo Sanador en forma de Pir\u00e1mide, es una poderosa herramienta energ\u00e9tica ideal para equilibrar cuerpo, mente y esp\u00edritu.  La forma piramidal potencia las propiedades del cuarzo, enfocando y amplificando su energ\u00eda curativa, creando un campo de energ\u00eda que purifica y revitaliza el entorno.  Este cuarzo, conocido por su capacidad de sanar a nivel f\u00edsico, emocional y espiritual, ayuda a liberar bloqueos y restaurar el flujo energ\u00e9tico.  Su geometr\u00eda sagrada fomenta la claridad mental y el bienestar, alineando los chakras y promoviendo un estado de equilibrio. Ll\u00e9valo contigo o col\u00f3calo en tu espacio para atraer armon\u00eda y revitalizar tu energ\u00eda. \u00a1Un aliado imprescindible para la sanaci\u00f3n y protecci\u00f3n diaria!  &nbsp;  Cantidad: 1 Unidad. El precio es por una unidad. Ejemplar \u00danico. Tama\u00f1o: Entre 5 x 5 cent\u00edmetros aproximadamente. Forma: Pir\u00e1mide.\" \/>\n<meta property=\"og:url\" content=\"https:\/\/mineraleslunallena.com\/ca\/producte\/piramide-cuarzo-sanador-i-sanar-fisico-emocional-espiritual\/\" \/>\n<meta property=\"og:site_name\" content=\"MINERALES LUNA LLENA\" \/>\n<meta property=\"article:modified_time\" content=\"2024-11-15T16:51:35+00:00\" \/>\n<meta property=\"og:image\" content=\"https:\/\/mineraleslunallena.com\/wp-content\/uploads\/2024\/11\/piramidecuarzosanador1-scaled.jpg\" \/>\n\t<meta property=\"og:image:width\" content=\"1153\" \/>\n\t<meta property=\"og:image:height\" content=\"2560\" \/>\n\t<meta property=\"og:image:type\" content=\"image\/jpeg\" \/>\n<meta name=\"twitter:card\" content=\"summary_large_image\" \/>\n<meta name=\"twitter:label1\" content=\"Temps estimat de lectura\" \/>\n\t<meta name=\"twitter:data1\" content=\"1 minut\" \/>\n<script type=\"application\/ld+json\" class=\"yoast-schema-graph\">{\"@context\":\"https:\\\/\\\/schema.org\",\"@graph\":[{\"@type\":\"WebPage\",\"@id\":\"https:\\\/\\\/mineraleslunallena.com\\\/producto\\\/piramide-cuarzo-sanador-i-sanar-fisico-emocional-espiritual\\\/\",\"url\":\"https:\\\/\\\/mineraleslunallena.com\\\/producto\\\/piramide-cuarzo-sanador-i-sanar-fisico-emocional-espiritual\\\/\",\"name\":\"Pir\u00e1mide Cuarzo Sanador I Sanar F\u00edsico - Emocional - Espiritual - MINERALES LUNA LLENA\",\"isPartOf\":{\"@id\":\"https:\\\/\\\/mineraleslunallena.com\\\/#website\"},\"primaryImageOfPage\":{\"@id\":\"https:\\\/\\\/mineraleslunallena.com\\\/producto\\\/piramide-cuarzo-sanador-i-sanar-fisico-emocional-espiritual\\\/#primaryimage\"},\"image\":{\"@id\":\"https:\\\/\\\/mineraleslunallena.com\\\/producto\\\/piramide-cuarzo-sanador-i-sanar-fisico-emocional-espiritual\\\/#primaryimage\"},\"thumbnailUrl\":\"https:\\\/\\\/mineraleslunallena.com\\\/wp-content\\\/uploads\\\/2024\\\/11\\\/piramidecuarzosanador1-scaled.jpg\",\"datePublished\":\"2024-11-14T18:52:59+00:00\",\"dateModified\":\"2024-11-15T16:51:35+00:00\",\"breadcrumb\":{\"@id\":\"https:\\\/\\\/mineraleslunallena.com\\\/producto\\\/piramide-cuarzo-sanador-i-sanar-fisico-emocional-espiritual\\\/#breadcrumb\"},\"inLanguage\":\"ca\",\"potentialAction\":[{\"@type\":\"ReadAction\",\"target\":[\"https:\\\/\\\/mineraleslunallena.com\\\/producto\\\/piramide-cuarzo-sanador-i-sanar-fisico-emocional-espiritual\\\/\"]}]},{\"@type\":\"ImageObject\",\"inLanguage\":\"ca\",\"@id\":\"https:\\\/\\\/mineraleslunallena.com\\\/producto\\\/piramide-cuarzo-sanador-i-sanar-fisico-emocional-espiritual\\\/#primaryimage\",\"url\":\"https:\\\/\\\/mineraleslunallena.com\\\/wp-content\\\/uploads\\\/2024\\\/11\\\/piramidecuarzosanador1-scaled.jpg\",\"contentUrl\":\"https:\\\/\\\/mineraleslunallena.com\\\/wp-content\\\/uploads\\\/2024\\\/11\\\/piramidecuarzosanador1-scaled.jpg\",\"width\":1153,\"height\":2560},{\"@type\":\"BreadcrumbList\",\"@id\":\"https:\\\/\\\/mineraleslunallena.com\\\/producto\\\/piramide-cuarzo-sanador-i-sanar-fisico-emocional-espiritual\\\/#breadcrumb\",\"itemListElement\":[{\"@type\":\"ListItem\",\"position\":1,\"name\":\"Portada\",\"item\":\"https:\\\/\\\/mineraleslunallena.com\\\/\"},{\"@type\":\"ListItem\",\"position\":2,\"name\":\"Shop\",\"item\":\"https:\\\/\\\/mineraleslunallena.com\\\/ca\\\/shop\\\/\"},{\"@type\":\"ListItem\",\"position\":3,\"name\":\"Pir\u00e1mide Cuarzo Sanador I Sanar F\u00edsico &#8211; Emocional &#8211; Espiritual\"}]},{\"@type\":\"WebSite\",\"@id\":\"https:\\\/\\\/mineraleslunallena.com\\\/#website\",\"url\":\"https:\\\/\\\/mineraleslunallena.com\\\/\",\"name\":\"LUNA LLENA MINERALES\",\"description\":\"Es el momento de conectarte con tu propio poder y confiar en tus habilidades.\",\"publisher\":{\"@id\":\"https:\\\/\\\/mineraleslunallena.com\\\/#organization\"},\"potentialAction\":[{\"@type\":\"SearchAction\",\"target\":{\"@type\":\"EntryPoint\",\"urlTemplate\":\"https:\\\/\\\/mineraleslunallena.com\\\/?s={search_term_string}\"},\"query-input\":{\"@type\":\"PropertyValueSpecification\",\"valueRequired\":true,\"valueName\":\"search_term_string\"}}],\"inLanguage\":\"ca\"},{\"@type\":\"Organization\",\"@id\":\"https:\\\/\\\/mineraleslunallena.com\\\/#organization\",\"name\":\"LUNA LLENA MINERALES\",\"url\":\"https:\\\/\\\/mineraleslunallena.com\\\/\",\"logo\":{\"@type\":\"ImageObject\",\"inLanguage\":\"ca\",\"@id\":\"https:\\\/\\\/mineraleslunallena.com\\\/#\\\/schema\\\/logo\\\/image\\\/\",\"url\":\"https:\\\/\\\/mineraleslunallena.com\\\/wp-content\\\/uploads\\\/2023\\\/07\\\/LUNA-LLENA-LOGO-nuevo.png\",\"contentUrl\":\"https:\\\/\\\/mineraleslunallena.com\\\/wp-content\\\/uploads\\\/2023\\\/07\\\/LUNA-LLENA-LOGO-nuevo.png\",\"width\":229,\"height\":167,\"caption\":\"LUNA LLENA MINERALES\"},\"image\":{\"@id\":\"https:\\\/\\\/mineraleslunallena.com\\\/#\\\/schema\\\/logo\\\/image\\\/\"}}]}<\/script>\n<!-- \/ Yoast SEO plugin. -->","yoast_head_json":{"title":"Pir\u00e1mide Cuarzo Sanador I Sanar F\u00edsico - Emocional - Espiritual - MINERALES LUNA LLENA","robots":{"index":"index","follow":"follow","max-snippet":"max-snippet:-1","max-image-preview":"max-image-preview:large","max-video-preview":"max-video-preview:-1"},"canonical":"https:\/\/mineraleslunallena.com\/ca\/producte\/piramide-cuarzo-sanador-i-sanar-fisico-emocional-espiritual\/","og_locale":"ca_ES","og_type":"article","og_title":"Pir\u00e1mide Cuarzo Sanador I Sanar F\u00edsico - Emocional - Espiritual - MINERALES LUNA LLENA","og_description":"El Cuarzo Sanador en forma de Pir\u00e1mide, es una poderosa herramienta energ\u00e9tica ideal para equilibrar cuerpo, mente y esp\u00edritu.  La forma piramidal potencia las propiedades del cuarzo, enfocando y amplificando su energ\u00eda curativa, creando un campo de energ\u00eda que purifica y revitaliza el entorno.  Este cuarzo, conocido por su capacidad de sanar a nivel f\u00edsico, emocional y espiritual, ayuda a liberar bloqueos y restaurar el flujo energ\u00e9tico.  Su geometr\u00eda sagrada fomenta la claridad mental y el bienestar, alineando los chakras y promoviendo un estado de equilibrio. Ll\u00e9valo contigo o col\u00f3calo en tu espacio para atraer armon\u00eda y revitalizar tu energ\u00eda. \u00a1Un aliado imprescindible para la sanaci\u00f3n y protecci\u00f3n diaria!  &nbsp;  Cantidad: 1 Unidad. El precio es por una unidad. Ejemplar \u00danico. Tama\u00f1o: Entre 5 x 5 cent\u00edmetros aproximadamente. Forma: Pir\u00e1mide.","og_url":"https:\/\/mineraleslunallena.com\/ca\/producte\/piramide-cuarzo-sanador-i-sanar-fisico-emocional-espiritual\/","og_site_name":"MINERALES LUNA LLENA","article_modified_time":"2024-11-15T16:51:35+00:00","og_image":[{"width":1153,"height":2560,"url":"https:\/\/mineraleslunallena.com\/wp-content\/uploads\/2024\/11\/piramidecuarzosanador1-scaled.jpg","type":"image\/jpeg"}],"twitter_card":"summary_large_image","twitter_misc":{"Temps estimat de lectura":"1 minut"},"schema":{"@context":"https:\/\/schema.org","@graph":[{"@type":"WebPage","@id":"https:\/\/mineraleslunallena.com\/producto\/piramide-cuarzo-sanador-i-sanar-fisico-emocional-espiritual\/","url":"https:\/\/mineraleslunallena.com\/producto\/piramide-cuarzo-sanador-i-sanar-fisico-emocional-espiritual\/","name":"Pir\u00e1mide Cuarzo Sanador I Sanar F\u00edsico - Emocional - Espiritual - MINERALES LUNA LLENA","isPartOf":{"@id":"https:\/\/mineraleslunallena.com\/#website"},"primaryImageOfPage":{"@id":"https:\/\/mineraleslunallena.com\/producto\/piramide-cuarzo-sanador-i-sanar-fisico-emocional-espiritual\/#primaryimage"},"image":{"@id":"https:\/\/mineraleslunallena.com\/producto\/piramide-cuarzo-sanador-i-sanar-fisico-emocional-espiritual\/#primaryimage"},"thumbnailUrl":"https:\/\/mineraleslunallena.com\/wp-content\/uploads\/2024\/11\/piramidecuarzosanador1-scaled.jpg","datePublished":"2024-11-14T18:52:59+00:00","dateModified":"2024-11-15T16:51:35+00:00","breadcrumb":{"@id":"https:\/\/mineraleslunallena.com\/producto\/piramide-cuarzo-sanador-i-sanar-fisico-emocional-espiritual\/#breadcrumb"},"inLanguage":"ca","potentialAction":[{"@type":"ReadAction","target":["https:\/\/mineraleslunallena.com\/producto\/piramide-cuarzo-sanador-i-sanar-fisico-emocional-espiritual\/"]}]},{"@type":"ImageObject","inLanguage":"ca","@id":"https:\/\/mineraleslunallena.com\/producto\/piramide-cuarzo-sanador-i-sanar-fisico-emocional-espiritual\/#primaryimage","url":"https:\/\/mineraleslunallena.com\/wp-content\/uploads\/2024\/11\/piramidecuarzosanador1-scaled.jpg","contentUrl":"https:\/\/mineraleslunallena.com\/wp-content\/uploads\/2024\/11\/piramidecuarzosanador1-scaled.jpg","width":1153,"height":2560},{"@type":"BreadcrumbList","@id":"https:\/\/mineraleslunallena.com\/producto\/piramide-cuarzo-sanador-i-sanar-fisico-emocional-espiritual\/#breadcrumb","itemListElement":[{"@type":"ListItem","position":1,"name":"Portada","item":"https:\/\/mineraleslunallena.com\/"},{"@type":"ListItem","position":2,"name":"Shop","item":"https:\/\/mineraleslunallena.com\/ca\/shop\/"},{"@type":"ListItem","position":3,"name":"Pir\u00e1mide Cuarzo Sanador I Sanar F\u00edsico &#8211; Emocional &#8211; Espiritual"}]},{"@type":"WebSite","@id":"https:\/\/mineraleslunallena.com\/#website","url":"https:\/\/mineraleslunallena.com\/","name":"LLUNA PLENA MINERALS","description":"\u00c9s el moment de connectar-te amb el teu poder i confiar en les teves habilitats.","publisher":{"@id":"https:\/\/mineraleslunallena.com\/#organization"},"potentialAction":[{"@type":"SearchAction","target":{"@type":"EntryPoint","urlTemplate":"https:\/\/mineraleslunallena.com\/?s={search_term_string}"},"query-input":{"@type":"PropertyValueSpecification","valueRequired":true,"valueName":"search_term_string"}}],"inLanguage":"ca"},{"@type":"Organization","@id":"https:\/\/mineraleslunallena.com\/#organization","name":"LLUNA PLENA MINERALS","url":"https:\/\/mineraleslunallena.com\/","logo":{"@type":"ImageObject","inLanguage":"ca","@id":"https:\/\/mineraleslunallena.com\/#\/schema\/logo\/image\/","url":"https:\/\/mineraleslunallena.com\/wp-content\/uploads\/2023\/07\/LUNA-LLENA-LOGO-nuevo.png","contentUrl":"https:\/\/mineraleslunallena.com\/wp-content\/uploads\/2023\/07\/LUNA-LLENA-LOGO-nuevo.png","width":229,"height":167,"caption":"LUNA LLENA MINERALES"},"image":{"@id":"https:\/\/mineraleslunallena.com\/#\/schema\/logo\/image\/"}}]}},"_links":{"self":[{"href":"https:\/\/mineraleslunallena.com\/ca\/wp-json\/wp\/v2\/product\/5011","targetHints":{"allow":["GET"]}}],"collection":[{"href":"https:\/\/mineraleslunallena.com\/ca\/wp-json\/wp\/v2\/product"}],"about":[{"href":"https:\/\/mineraleslunallena.com\/ca\/wp-json\/wp\/v2\/types\/product"}],"version-history":[{"count":1,"href":"https:\/\/mineraleslunallena.com\/ca\/wp-json\/wp\/v2\/product\/5011\/revisions"}],"predecessor-version":[{"id":5012,"href":"https:\/\/mineraleslunallena.com\/ca\/wp-json\/wp\/v2\/product\/5011\/revisions\/5012"}],"wp:featuredmedia":[{"embeddable":true,"href":"https:\/\/mineraleslunallena.com\/ca\/wp-json\/wp\/v2\/media\/5030"}],"wp:attachment":[{"href":"https:\/\/mineraleslunallena.com\/ca\/wp-json\/wp\/v2\/media?parent=5011"}],"wp:term":[{"taxonomy":"product_cat","embeddable":true,"href":"https:\/\/mineraleslunallena.com\/ca\/wp-json\/wp\/v2\/product_cat?post=5011"},{"taxonomy":"product_tag","embeddable":true,"href":"https:\/\/mineraleslunallena.com\/ca\/wp-json\/wp\/v2\/product_tag?post=5011"}],"curies":[{"name":"wp","href":"https:\/\/api.w.org\/{rel}","templated":true}]}}