{"id":5013,"date":"2024-11-14T20:04:17","date_gmt":"2024-11-14T19:04:17","guid":{"rendered":"https:\/\/mineraleslunallena.com\/?post_type=product&#038;p=5013"},"modified":"2024-11-15T17:49:00","modified_gmt":"2024-11-15T16:49:00","slug":"piramide-de-rodonita-i-libera-bloqueos-emocionales","status":"publish","type":"product","link":"https:\/\/mineraleslunallena.com\/ca\/producte\/piramide-de-rodonita-i-libera-bloqueos-emocionales\/","title":{"rendered":"Pir\u00e1mide de Rodonita I Libera Bloqueos Emocionales"},"content":{"rendered":"<p>La Rodonita en forma de Pir\u00e1mide, un mineral excepcional para el equilibrio emocional y la sanaci\u00f3n del coraz\u00f3n.<\/p>\n<p>La pir\u00e1mide amplifica las propiedades de la Rodonita, potenciando su capacidad para liberar bloqueos emocionales y sanar heridas del pasado.<\/p>\n<p>Esta piedra fomenta el amor propio, la compasi\u00f3n y la reconciliaci\u00f3n, ayudando a superar conflictos internos y mejorar las relaciones.<\/p>\n<p>Su energ\u00eda tambi\u00e9n equilibra las emociones, aportando calma y serenidad.<\/p>\n<p>Ideal para quienes buscan restaurar su bienestar emocional, la Rodonita en pir\u00e1mide act\u00faa como un poderoso amuleto protector y sanador. \u00a1Hazla tuya y transforma tu energ\u00eda hacia la armon\u00eda y el amor!<\/p>\n<p>&nbsp;<\/p>\n<p>Cantidad: 1 Unidad. El precio es por una unidad. Pieza \u00danica.<br \/>\nTama\u00f1o: Entre 5 x\u00a0 5 cent\u00edmetros aproximadamente.<br \/>\nForma: Pir\u00e0mide.<\/p>","protected":false},"excerpt":{"rendered":"<p>La Rodonita en forma de Pir\u00e1mide, un mineral excepcional para el equilibrio emocional y la sanaci\u00f3n del coraz\u00f3n.<\/p>\n<p>La pir\u00e1mide amplifica las propiedades de la Rodonita, potenciando su capacidad para liberar bloqueos emocionales y sanar heridas del pasado.<\/p>\n<p>Esta piedra fomenta el amor propio, la compasi\u00f3n y la reconciliaci\u00f3n, ayudando a superar conflictos internos y mejorar las relaciones.<\/p>\n<p>Su energ\u00eda tambi\u00e9n equilibra las emociones, aportando calma y serenidad.<\/p>\n<p>Ideal para quienes buscan restaurar su bienestar emocional, la Rodonita en pir\u00e1mide act\u00faa como un poderoso amuleto protector y sanador. \u00a1Hazla tuya y transforma tu energ\u00eda hacia la armon\u00eda y el amor!<\/p>\n<p>&nbsp;<\/p>\n<p>Cantidad: 1 Unidad. El precio es por una unidad. Pieza \u00danica.<br \/>\nTama\u00f1o: Entre 5 x\u00a0 5 cent\u00edmetros aproximadamente.<br \/>\nForma: Pir\u00e0mide.<\/p>","protected":false},"featured_media":5026,"template":"","meta":[],"product_cat":[73,69,106],"product_tag":[],"class_list":{"0":"post-5013","1":"product","2":"type-product","3":"status-publish","4":"has-post-thumbnail","6":"product_cat-esferas","7":"product_cat-minerales","8":"product_cat-piezas-unicas","10":"first","11":"instock","12":"sale","13":"taxable","14":"shipping-taxable","15":"purchasable","16":"product-type-simple"},"yoast_head":"<!-- This site is optimized with the Yoast SEO plugin v27.3 - https:\/\/yoast.com\/product\/yoast-seo-wordpress\/ -->\n<title>Pir\u00e1mide de Rodonita I Libera Bloqueos Emocionales - MINERALES LUNA LLENA<\/title>\n<meta name=\"robots\" content=\"index, follow, max-snippet:-1, max-image-preview:large, max-video-preview:-1\" \/>\n<link rel=\"canonical\" href=\"https:\/\/mineraleslunallena.com\/ca\/producte\/piramide-de-rodonita-i-libera-bloqueos-emocionales\/\" \/>\n<meta property=\"og:locale\" content=\"ca_ES\" \/>\n<meta property=\"og:type\" content=\"article\" \/>\n<meta property=\"og:title\" content=\"Pir\u00e1mide de Rodonita I Libera Bloqueos Emocionales - MINERALES LUNA LLENA\" \/>\n<meta property=\"og:description\" content=\"La Rodonita en forma de Pir\u00e1mide, un mineral excepcional para el equilibrio emocional y la sanaci\u00f3n del coraz\u00f3n.  La pir\u00e1mide amplifica las propiedades de la Rodonita, potenciando su capacidad para liberar bloqueos emocionales y sanar heridas del pasado.  Esta piedra fomenta el amor propio, la compasi\u00f3n y la reconciliaci\u00f3n, ayudando a superar conflictos internos y mejorar las relaciones.  Su energ\u00eda tambi\u00e9n equilibra las emociones, aportando calma y serenidad.  Ideal para quienes buscan restaurar su bienestar emocional, la Rodonita en pir\u00e1mide act\u00faa como un poderoso amuleto protector y sanador. \u00a1Hazla tuya y transforma tu energ\u00eda hacia la armon\u00eda y el amor!  &nbsp;  Cantidad: 1 Unidad. El precio es por una unidad. Pieza \u00danica. Tama\u00f1o: Entre 5 x\u00a0 5 cent\u00edmetros aproximadamente. Forma: Pir\u00e1mide.\" \/>\n<meta property=\"og:url\" content=\"https:\/\/mineraleslunallena.com\/ca\/producte\/piramide-de-rodonita-i-libera-bloqueos-emocionales\/\" \/>\n<meta property=\"og:site_name\" content=\"MINERALES LUNA LLENA\" \/>\n<meta property=\"article:modified_time\" content=\"2024-11-15T16:49:00+00:00\" \/>\n<meta property=\"og:image\" content=\"https:\/\/mineraleslunallena.com\/wp-content\/uploads\/2024\/11\/rodonita-portadapirma-scaled.jpg\" \/>\n\t<meta property=\"og:image:width\" content=\"1153\" \/>\n\t<meta property=\"og:image:height\" content=\"2560\" \/>\n\t<meta property=\"og:image:type\" content=\"image\/jpeg\" \/>\n<meta name=\"twitter:card\" content=\"summary_large_image\" \/>\n<meta name=\"twitter:label1\" content=\"Temps estimat de lectura\" \/>\n\t<meta name=\"twitter:data1\" content=\"1 minut\" \/>\n<script type=\"application\/ld+json\" class=\"yoast-schema-graph\">{\"@context\":\"https:\\\/\\\/schema.org\",\"@graph\":[{\"@type\":\"WebPage\",\"@id\":\"https:\\\/\\\/mineraleslunallena.com\\\/producto\\\/piramide-de-rodonita-i-libera-bloqueos-emocionales\\\/\",\"url\":\"https:\\\/\\\/mineraleslunallena.com\\\/producto\\\/piramide-de-rodonita-i-libera-bloqueos-emocionales\\\/\",\"name\":\"Pir\u00e1mide de Rodonita I Libera Bloqueos Emocionales - MINERALES LUNA LLENA\",\"isPartOf\":{\"@id\":\"https:\\\/\\\/mineraleslunallena.com\\\/#website\"},\"primaryImageOfPage\":{\"@id\":\"https:\\\/\\\/mineraleslunallena.com\\\/producto\\\/piramide-de-rodonita-i-libera-bloqueos-emocionales\\\/#primaryimage\"},\"image\":{\"@id\":\"https:\\\/\\\/mineraleslunallena.com\\\/producto\\\/piramide-de-rodonita-i-libera-bloqueos-emocionales\\\/#primaryimage\"},\"thumbnailUrl\":\"https:\\\/\\\/mineraleslunallena.com\\\/wp-content\\\/uploads\\\/2024\\\/11\\\/rodonita-portadapirma-scaled.jpg\",\"datePublished\":\"2024-11-14T19:04:17+00:00\",\"dateModified\":\"2024-11-15T16:49:00+00:00\",\"breadcrumb\":{\"@id\":\"https:\\\/\\\/mineraleslunallena.com\\\/producto\\\/piramide-de-rodonita-i-libera-bloqueos-emocionales\\\/#breadcrumb\"},\"inLanguage\":\"ca\",\"potentialAction\":[{\"@type\":\"ReadAction\",\"target\":[\"https:\\\/\\\/mineraleslunallena.com\\\/producto\\\/piramide-de-rodonita-i-libera-bloqueos-emocionales\\\/\"]}]},{\"@type\":\"ImageObject\",\"inLanguage\":\"ca\",\"@id\":\"https:\\\/\\\/mineraleslunallena.com\\\/producto\\\/piramide-de-rodonita-i-libera-bloqueos-emocionales\\\/#primaryimage\",\"url\":\"https:\\\/\\\/mineraleslunallena.com\\\/wp-content\\\/uploads\\\/2024\\\/11\\\/rodonita-portadapirma-scaled.jpg\",\"contentUrl\":\"https:\\\/\\\/mineraleslunallena.com\\\/wp-content\\\/uploads\\\/2024\\\/11\\\/rodonita-portadapirma-scaled.jpg\",\"width\":1153,\"height\":2560},{\"@type\":\"BreadcrumbList\",\"@id\":\"https:\\\/\\\/mineraleslunallena.com\\\/producto\\\/piramide-de-rodonita-i-libera-bloqueos-emocionales\\\/#breadcrumb\",\"itemListElement\":[{\"@type\":\"ListItem\",\"position\":1,\"name\":\"Portada\",\"item\":\"https:\\\/\\\/mineraleslunallena.com\\\/\"},{\"@type\":\"ListItem\",\"position\":2,\"name\":\"Shop\",\"item\":\"https:\\\/\\\/mineraleslunallena.com\\\/ca\\\/shop\\\/\"},{\"@type\":\"ListItem\",\"position\":3,\"name\":\"Pir\u00e1mide de Rodonita I Libera Bloqueos Emocionales\"}]},{\"@type\":\"WebSite\",\"@id\":\"https:\\\/\\\/mineraleslunallena.com\\\/#website\",\"url\":\"https:\\\/\\\/mineraleslunallena.com\\\/\",\"name\":\"LUNA LLENA MINERALES\",\"description\":\"Es el momento de conectarte con tu propio poder y confiar en tus habilidades.\",\"publisher\":{\"@id\":\"https:\\\/\\\/mineraleslunallena.com\\\/#organization\"},\"potentialAction\":[{\"@type\":\"SearchAction\",\"target\":{\"@type\":\"EntryPoint\",\"urlTemplate\":\"https:\\\/\\\/mineraleslunallena.com\\\/?s={search_term_string}\"},\"query-input\":{\"@type\":\"PropertyValueSpecification\",\"valueRequired\":true,\"valueName\":\"search_term_string\"}}],\"inLanguage\":\"ca\"},{\"@type\":\"Organization\",\"@id\":\"https:\\\/\\\/mineraleslunallena.com\\\/#organization\",\"name\":\"LUNA LLENA MINERALES\",\"url\":\"https:\\\/\\\/mineraleslunallena.com\\\/\",\"logo\":{\"@type\":\"ImageObject\",\"inLanguage\":\"ca\",\"@id\":\"https:\\\/\\\/mineraleslunallena.com\\\/#\\\/schema\\\/logo\\\/image\\\/\",\"url\":\"https:\\\/\\\/mineraleslunallena.com\\\/wp-content\\\/uploads\\\/2023\\\/07\\\/LUNA-LLENA-LOGO-nuevo.png\",\"contentUrl\":\"https:\\\/\\\/mineraleslunallena.com\\\/wp-content\\\/uploads\\\/2023\\\/07\\\/LUNA-LLENA-LOGO-nuevo.png\",\"width\":229,\"height\":167,\"caption\":\"LUNA LLENA MINERALES\"},\"image\":{\"@id\":\"https:\\\/\\\/mineraleslunallena.com\\\/#\\\/schema\\\/logo\\\/image\\\/\"}}]}<\/script>\n<!-- \/ Yoast SEO plugin. -->","yoast_head_json":{"title":"Pir\u00e1mide de Rodonita I Libera Bloqueos Emocionales - MINERALES LUNA LLENA","robots":{"index":"index","follow":"follow","max-snippet":"max-snippet:-1","max-image-preview":"max-image-preview:large","max-video-preview":"max-video-preview:-1"},"canonical":"https:\/\/mineraleslunallena.com\/ca\/producte\/piramide-de-rodonita-i-libera-bloqueos-emocionales\/","og_locale":"ca_ES","og_type":"article","og_title":"Pir\u00e1mide de Rodonita I Libera Bloqueos Emocionales - MINERALES LUNA LLENA","og_description":"La Rodonita en forma de Pir\u00e1mide, un mineral excepcional para el equilibrio emocional y la sanaci\u00f3n del coraz\u00f3n.  La pir\u00e1mide amplifica las propiedades de la Rodonita, potenciando su capacidad para liberar bloqueos emocionales y sanar heridas del pasado.  Esta piedra fomenta el amor propio, la compasi\u00f3n y la reconciliaci\u00f3n, ayudando a superar conflictos internos y mejorar las relaciones.  Su energ\u00eda tambi\u00e9n equilibra las emociones, aportando calma y serenidad.  Ideal para quienes buscan restaurar su bienestar emocional, la Rodonita en pir\u00e1mide act\u00faa como un poderoso amuleto protector y sanador. \u00a1Hazla tuya y transforma tu energ\u00eda hacia la armon\u00eda y el amor!  &nbsp;  Cantidad: 1 Unidad. El precio es por una unidad. Pieza \u00danica. Tama\u00f1o: Entre 5 x\u00a0 5 cent\u00edmetros aproximadamente. Forma: Pir\u00e1mide.","og_url":"https:\/\/mineraleslunallena.com\/ca\/producte\/piramide-de-rodonita-i-libera-bloqueos-emocionales\/","og_site_name":"MINERALES LUNA LLENA","article_modified_time":"2024-11-15T16:49:00+00:00","og_image":[{"width":1153,"height":2560,"url":"https:\/\/mineraleslunallena.com\/wp-content\/uploads\/2024\/11\/rodonita-portadapirma-scaled.jpg","type":"image\/jpeg"}],"twitter_card":"summary_large_image","twitter_misc":{"Temps estimat de lectura":"1 minut"},"schema":{"@context":"https:\/\/schema.org","@graph":[{"@type":"WebPage","@id":"https:\/\/mineraleslunallena.com\/producto\/piramide-de-rodonita-i-libera-bloqueos-emocionales\/","url":"https:\/\/mineraleslunallena.com\/producto\/piramide-de-rodonita-i-libera-bloqueos-emocionales\/","name":"Pir\u00e1mide de Rodonita I Libera Bloqueos Emocionales - MINERALES LUNA LLENA","isPartOf":{"@id":"https:\/\/mineraleslunallena.com\/#website"},"primaryImageOfPage":{"@id":"https:\/\/mineraleslunallena.com\/producto\/piramide-de-rodonita-i-libera-bloqueos-emocionales\/#primaryimage"},"image":{"@id":"https:\/\/mineraleslunallena.com\/producto\/piramide-de-rodonita-i-libera-bloqueos-emocionales\/#primaryimage"},"thumbnailUrl":"https:\/\/mineraleslunallena.com\/wp-content\/uploads\/2024\/11\/rodonita-portadapirma-scaled.jpg","datePublished":"2024-11-14T19:04:17+00:00","dateModified":"2024-11-15T16:49:00+00:00","breadcrumb":{"@id":"https:\/\/mineraleslunallena.com\/producto\/piramide-de-rodonita-i-libera-bloqueos-emocionales\/#breadcrumb"},"inLanguage":"ca","potentialAction":[{"@type":"ReadAction","target":["https:\/\/mineraleslunallena.com\/producto\/piramide-de-rodonita-i-libera-bloqueos-emocionales\/"]}]},{"@type":"ImageObject","inLanguage":"ca","@id":"https:\/\/mineraleslunallena.com\/producto\/piramide-de-rodonita-i-libera-bloqueos-emocionales\/#primaryimage","url":"https:\/\/mineraleslunallena.com\/wp-content\/uploads\/2024\/11\/rodonita-portadapirma-scaled.jpg","contentUrl":"https:\/\/mineraleslunallena.com\/wp-content\/uploads\/2024\/11\/rodonita-portadapirma-scaled.jpg","width":1153,"height":2560},{"@type":"BreadcrumbList","@id":"https:\/\/mineraleslunallena.com\/producto\/piramide-de-rodonita-i-libera-bloqueos-emocionales\/#breadcrumb","itemListElement":[{"@type":"ListItem","position":1,"name":"Portada","item":"https:\/\/mineraleslunallena.com\/"},{"@type":"ListItem","position":2,"name":"Shop","item":"https:\/\/mineraleslunallena.com\/ca\/shop\/"},{"@type":"ListItem","position":3,"name":"Pir\u00e1mide de Rodonita I Libera Bloqueos Emocionales"}]},{"@type":"WebSite","@id":"https:\/\/mineraleslunallena.com\/#website","url":"https:\/\/mineraleslunallena.com\/","name":"LLUNA PLENA MINERALS","description":"\u00c9s el moment de connectar-te amb el teu poder i confiar en les teves habilitats.","publisher":{"@id":"https:\/\/mineraleslunallena.com\/#organization"},"potentialAction":[{"@type":"SearchAction","target":{"@type":"EntryPoint","urlTemplate":"https:\/\/mineraleslunallena.com\/?s={search_term_string}"},"query-input":{"@type":"PropertyValueSpecification","valueRequired":true,"valueName":"search_term_string"}}],"inLanguage":"ca"},{"@type":"Organization","@id":"https:\/\/mineraleslunallena.com\/#organization","name":"LLUNA PLENA MINERALS","url":"https:\/\/mineraleslunallena.com\/","logo":{"@type":"ImageObject","inLanguage":"ca","@id":"https:\/\/mineraleslunallena.com\/#\/schema\/logo\/image\/","url":"https:\/\/mineraleslunallena.com\/wp-content\/uploads\/2023\/07\/LUNA-LLENA-LOGO-nuevo.png","contentUrl":"https:\/\/mineraleslunallena.com\/wp-content\/uploads\/2023\/07\/LUNA-LLENA-LOGO-nuevo.png","width":229,"height":167,"caption":"LUNA LLENA MINERALES"},"image":{"@id":"https:\/\/mineraleslunallena.com\/#\/schema\/logo\/image\/"}}]}},"_links":{"self":[{"href":"https:\/\/mineraleslunallena.com\/ca\/wp-json\/wp\/v2\/product\/5013","targetHints":{"allow":["GET"]}}],"collection":[{"href":"https:\/\/mineraleslunallena.com\/ca\/wp-json\/wp\/v2\/product"}],"about":[{"href":"https:\/\/mineraleslunallena.com\/ca\/wp-json\/wp\/v2\/types\/product"}],"version-history":[{"count":1,"href":"https:\/\/mineraleslunallena.com\/ca\/wp-json\/wp\/v2\/product\/5013\/revisions"}],"predecessor-version":[{"id":5014,"href":"https:\/\/mineraleslunallena.com\/ca\/wp-json\/wp\/v2\/product\/5013\/revisions\/5014"}],"wp:featuredmedia":[{"embeddable":true,"href":"https:\/\/mineraleslunallena.com\/ca\/wp-json\/wp\/v2\/media\/5026"}],"wp:attachment":[{"href":"https:\/\/mineraleslunallena.com\/ca\/wp-json\/wp\/v2\/media?parent=5013"}],"wp:term":[{"taxonomy":"product_cat","embeddable":true,"href":"https:\/\/mineraleslunallena.com\/ca\/wp-json\/wp\/v2\/product_cat?post=5013"},{"taxonomy":"product_tag","embeddable":true,"href":"https:\/\/mineraleslunallena.com\/ca\/wp-json\/wp\/v2\/product_tag?post=5013"}],"curies":[{"name":"wp","href":"https:\/\/api.w.org\/{rel}","templated":true}]}}