{"id":5049,"date":"2024-11-17T20:37:20","date_gmt":"2024-11-17T19:37:20","guid":{"rendered":"https:\/\/mineraleslunallena.com\/?post_type=product&#038;p=5049"},"modified":"2025-11-04T11:38:07","modified_gmt":"2025-11-04T10:38:07","slug":"colgante-6-monedas-feng","status":"publish","type":"product","link":"https:\/\/mineraleslunallena.com\/ca\/producte\/colgante-6-monedas-feng\/","title":{"rendered":"Colgante 1 \/ 3 \/ 6 Monedas Feng Shui | Estabilidad Financiera &#8211; Negocio &#8211; Hogar"},"content":{"rendered":"<p><strong>Colgante de 1 moneda Feng Shui<\/strong>: Fomenta la protecci\u00f3n personal y la estabilidad financiera en un nivel m\u00e1s individual. Act\u00faa como un escudo contra energ\u00edas negativas, atrayendo seguridad y peque\u00f1as mejoras en la fortuna personal. Col\u00f3calo en carteras, bolsos, llaves o cerca de tu escritorio para una protecci\u00f3n discreta y efectiva.<\/p>\n<p><strong>Colgante de 3 monedas Feng Shui<\/strong>: Simboliza la conexi\u00f3n entre el cielo, la tierra y la humanidad, promoviendo armon\u00eda, prosperidad y buenas relaciones. Este amuleto es ideal para equilibrar el flujo del Chi en espacios compartidos, como salas de estar o negocios. Col\u00f3calo en el pomo de una puerta, en el \u00e1rea de riqueza o cerca de tu lugar de trabajo para generar crecimiento econ\u00f3mico y mejorar la colaboraci\u00f3n.<\/p>\n<p><strong>Colgante de 6 monedas Feng Shui<\/strong>: Representa la energ\u00eda celestial, atrayendo bendiciones divinas, protecci\u00f3n y estabilidad econ\u00f3mica. Las seis monedas armonizan el flujo de energ\u00edas, bloquean las influencias negativas y potencian la abundancia financiera. Col\u00f3calo en la entrada principal, el \u00e1rea de riqueza del Bagua o cerca de una caja registradora para proteger el espacio y atraer \u00e9xito y equilibrio.<\/p>\n<p>\u00a1Cada uno tiene un prop\u00f3sito espec\u00edfico para equilibrar y mejorar tu energ\u00eda y tu entorno!<\/p>\n<p>&nbsp;<\/p>\n<p>Quantitat: 1 Unitat. El preu \u00e9s per una unitat.<\/p>\n<p>Tama\u00f1o: 15 A 30 cm aprox.<\/p>\n<p>Forma: Colgante.<\/p>","protected":false},"excerpt":{"rendered":"<p><strong>Colgante de 1 moneda Feng Shui<\/strong>: Fomenta la protecci\u00f3n personal y la estabilidad financiera en un nivel m\u00e1s individual. Act\u00faa como un escudo contra energ\u00edas negativas, atrayendo seguridad y peque\u00f1as mejoras en la fortuna personal. Col\u00f3calo en carteras, bolsos, llaves o cerca de tu escritorio para una protecci\u00f3n discreta y efectiva.<\/p>\n<p><strong>Colgante de 3 monedas Feng Shui<\/strong>: Simboliza la conexi\u00f3n entre el cielo, la tierra y la humanidad, promoviendo armon\u00eda, prosperidad y buenas relaciones. Este amuleto es ideal para equilibrar el flujo del Chi en espacios compartidos, como salas de estar o negocios. Col\u00f3calo en el pomo de una puerta, en el \u00e1rea de riqueza o cerca de tu lugar de trabajo para generar crecimiento econ\u00f3mico y mejorar la colaboraci\u00f3n.<\/p>\n<p><strong>Colgante de 6 monedas Feng Shui<\/strong>: Representa la energ\u00eda celestial, atrayendo bendiciones divinas, protecci\u00f3n y estabilidad econ\u00f3mica. Las seis monedas armonizan el flujo de energ\u00edas, bloquean las influencias negativas y potencian la abundancia financiera. Col\u00f3calo en la entrada principal, el \u00e1rea de riqueza del Bagua o cerca de una caja registradora para proteger el espacio y atraer \u00e9xito y equilibrio.<\/p>\n<p>\u00a1Cada uno tiene un prop\u00f3sito espec\u00edfico para equilibrar y mejorar tu energ\u00eda y tu entorno!<\/p>\n<p>&nbsp;<\/p>\n<p>Quantitat: 1 Unitat. El preu \u00e9s per una unitat.<\/p>\n<p>Tama\u00f1o: 15 a 30 cm aprox.<\/p>\n<p>Forma: Colgante.<\/p>","protected":false},"featured_media":5288,"template":"","meta":[],"product_cat":[105,128,15],"product_tag":[],"class_list":{"0":"post-5049","1":"product","2":"type-product","3":"status-publish","4":"has-post-thumbnail","6":"product_cat-colgantes","7":"product_cat-feng-shui","8":"product_cat-uncategorized","10":"first","11":"instock","12":"sale","13":"taxable","14":"shipping-taxable","15":"purchasable","16":"product-type-variable"},"yoast_head":"<!-- This site is optimized with the Yoast SEO plugin v27.3 - https:\/\/yoast.com\/product\/yoast-seo-wordpress\/ -->\n<title>Colgante 1 \/ 3 \/ 6 Monedas Feng Shui | Estabilidad Financiera - Negocio - Hogar - MINERALES LUNA LLENA<\/title>\n<meta name=\"robots\" content=\"index, follow, max-snippet:-1, max-image-preview:large, max-video-preview:-1\" \/>\n<link rel=\"canonical\" href=\"https:\/\/mineraleslunallena.com\/ca\/producte\/colgante-6-monedas-feng\/\" \/>\n<meta property=\"og:locale\" content=\"ca_ES\" \/>\n<meta property=\"og:type\" content=\"article\" \/>\n<meta property=\"og:title\" content=\"Colgante 1 \/ 3 \/ 6 Monedas Feng Shui | Estabilidad Financiera - Negocio - Hogar - MINERALES LUNA LLENA\" \/>\n<meta property=\"og:description\" content=\"Colgante de 1 moneda Feng Shui: Fomenta la protecci\u00f3n personal y la estabilidad financiera en un nivel m\u00e1s individual. Act\u00faa como un escudo contra energ\u00edas negativas, atrayendo seguridad y peque\u00f1as mejoras en la fortuna personal. Col\u00f3calo en carteras, bolsos, llaves o cerca de tu escritorio para una protecci\u00f3n discreta y efectiva.  Colgante de 3 monedas Feng Shui: Simboliza la conexi\u00f3n entre el cielo, la tierra y la humanidad, promoviendo armon\u00eda, prosperidad y buenas relaciones. Este amuleto es ideal para equilibrar el flujo del Chi en espacios compartidos, como salas de estar o negocios. Col\u00f3calo en el pomo de una puerta, en el \u00e1rea de riqueza o cerca de tu lugar de trabajo para generar crecimiento econ\u00f3mico y mejorar la colaboraci\u00f3n.  Colgante de 6 monedas Feng Shui: Representa la energ\u00eda celestial, atrayendo bendiciones divinas, protecci\u00f3n y estabilidad econ\u00f3mica. Las seis monedas armonizan el flujo de energ\u00edas, bloquean las influencias negativas y potencian la abundancia financiera. Col\u00f3calo en la entrada principal, el \u00e1rea de riqueza del Bagua o cerca de una caja registradora para proteger el espacio y atraer \u00e9xito y equilibrio.  \u00a1Cada uno tiene un prop\u00f3sito espec\u00edfico para equilibrar y mejorar tu energ\u00eda y tu entorno!  &nbsp;  Cantidad: 1 Unidad. El precio es por una unidad.  Tama\u00f1o: 15 a 30 cm aprox.  Forma: Colgante.\" \/>\n<meta property=\"og:url\" content=\"https:\/\/mineraleslunallena.com\/ca\/producte\/colgante-6-monedas-feng\/\" \/>\n<meta property=\"og:site_name\" content=\"MINERALES LUNA LLENA\" \/>\n<meta property=\"article:modified_time\" content=\"2025-11-04T10:38:07+00:00\" \/>\n<meta property=\"og:image\" content=\"https:\/\/mineraleslunallena.com\/wp-content\/uploads\/2024\/11\/monedasportada-scaled.jpg\" \/>\n\t<meta property=\"og:image:width\" content=\"1153\" \/>\n\t<meta property=\"og:image:height\" content=\"2560\" \/>\n\t<meta property=\"og:image:type\" content=\"image\/jpeg\" \/>\n<meta name=\"twitter:card\" content=\"summary_large_image\" \/>\n<meta name=\"twitter:label1\" content=\"Temps estimat de lectura\" \/>\n\t<meta name=\"twitter:data1\" content=\"2 minuts\" \/>\n<script type=\"application\/ld+json\" class=\"yoast-schema-graph\">{\"@context\":\"https:\\\/\\\/schema.org\",\"@graph\":[{\"@type\":\"WebPage\",\"@id\":\"https:\\\/\\\/mineraleslunallena.com\\\/producto\\\/colgante-6-monedas-feng\\\/\",\"url\":\"https:\\\/\\\/mineraleslunallena.com\\\/producto\\\/colgante-6-monedas-feng\\\/\",\"name\":\"Colgante 1 \\\/ 3 \\\/ 6 Monedas Feng Shui | Estabilidad Financiera - Negocio - Hogar - MINERALES LUNA LLENA\",\"isPartOf\":{\"@id\":\"https:\\\/\\\/mineraleslunallena.com\\\/#website\"},\"primaryImageOfPage\":{\"@id\":\"https:\\\/\\\/mineraleslunallena.com\\\/producto\\\/colgante-6-monedas-feng\\\/#primaryimage\"},\"image\":{\"@id\":\"https:\\\/\\\/mineraleslunallena.com\\\/producto\\\/colgante-6-monedas-feng\\\/#primaryimage\"},\"thumbnailUrl\":\"https:\\\/\\\/mineraleslunallena.com\\\/wp-content\\\/uploads\\\/2024\\\/11\\\/monedasportada-scaled.jpg\",\"datePublished\":\"2024-11-17T19:37:20+00:00\",\"dateModified\":\"2025-11-04T10:38:07+00:00\",\"breadcrumb\":{\"@id\":\"https:\\\/\\\/mineraleslunallena.com\\\/producto\\\/colgante-6-monedas-feng\\\/#breadcrumb\"},\"inLanguage\":\"ca\",\"potentialAction\":[{\"@type\":\"ReadAction\",\"target\":[\"https:\\\/\\\/mineraleslunallena.com\\\/producto\\\/colgante-6-monedas-feng\\\/\"]}]},{\"@type\":\"ImageObject\",\"inLanguage\":\"ca\",\"@id\":\"https:\\\/\\\/mineraleslunallena.com\\\/producto\\\/colgante-6-monedas-feng\\\/#primaryimage\",\"url\":\"https:\\\/\\\/mineraleslunallena.com\\\/wp-content\\\/uploads\\\/2024\\\/11\\\/monedasportada-scaled.jpg\",\"contentUrl\":\"https:\\\/\\\/mineraleslunallena.com\\\/wp-content\\\/uploads\\\/2024\\\/11\\\/monedasportada-scaled.jpg\",\"width\":1153,\"height\":2560},{\"@type\":\"BreadcrumbList\",\"@id\":\"https:\\\/\\\/mineraleslunallena.com\\\/producto\\\/colgante-6-monedas-feng\\\/#breadcrumb\",\"itemListElement\":[{\"@type\":\"ListItem\",\"position\":1,\"name\":\"Portada\",\"item\":\"https:\\\/\\\/mineraleslunallena.com\\\/\"},{\"@type\":\"ListItem\",\"position\":2,\"name\":\"Shop\",\"item\":\"https:\\\/\\\/mineraleslunallena.com\\\/ca\\\/shop\\\/\"},{\"@type\":\"ListItem\",\"position\":3,\"name\":\"Colgante 1 \\\/ 3 \\\/ 6 Monedas Feng Shui | Estabilidad Financiera &#8211; Negocio &#8211; Hogar\"}]},{\"@type\":\"WebSite\",\"@id\":\"https:\\\/\\\/mineraleslunallena.com\\\/#website\",\"url\":\"https:\\\/\\\/mineraleslunallena.com\\\/\",\"name\":\"LUNA LLENA MINERALES\",\"description\":\"Es el momento de conectarte con tu propio poder y confiar en tus habilidades.\",\"publisher\":{\"@id\":\"https:\\\/\\\/mineraleslunallena.com\\\/#organization\"},\"potentialAction\":[{\"@type\":\"SearchAction\",\"target\":{\"@type\":\"EntryPoint\",\"urlTemplate\":\"https:\\\/\\\/mineraleslunallena.com\\\/?s={search_term_string}\"},\"query-input\":{\"@type\":\"PropertyValueSpecification\",\"valueRequired\":true,\"valueName\":\"search_term_string\"}}],\"inLanguage\":\"ca\"},{\"@type\":\"Organization\",\"@id\":\"https:\\\/\\\/mineraleslunallena.com\\\/#organization\",\"name\":\"LUNA LLENA MINERALES\",\"url\":\"https:\\\/\\\/mineraleslunallena.com\\\/\",\"logo\":{\"@type\":\"ImageObject\",\"inLanguage\":\"ca\",\"@id\":\"https:\\\/\\\/mineraleslunallena.com\\\/#\\\/schema\\\/logo\\\/image\\\/\",\"url\":\"https:\\\/\\\/mineraleslunallena.com\\\/wp-content\\\/uploads\\\/2023\\\/07\\\/LUNA-LLENA-LOGO-nuevo.png\",\"contentUrl\":\"https:\\\/\\\/mineraleslunallena.com\\\/wp-content\\\/uploads\\\/2023\\\/07\\\/LUNA-LLENA-LOGO-nuevo.png\",\"width\":229,\"height\":167,\"caption\":\"LUNA LLENA MINERALES\"},\"image\":{\"@id\":\"https:\\\/\\\/mineraleslunallena.com\\\/#\\\/schema\\\/logo\\\/image\\\/\"}}]}<\/script>\n<!-- \/ Yoast SEO plugin. -->","yoast_head_json":{"title":"Colgante 1 \/ 3 \/ 6 Monedas Feng Shui | Estabilidad Financiera - Negocio - Hogar - MINERALES LUNA LLENA","robots":{"index":"index","follow":"follow","max-snippet":"max-snippet:-1","max-image-preview":"max-image-preview:large","max-video-preview":"max-video-preview:-1"},"canonical":"https:\/\/mineraleslunallena.com\/ca\/producte\/colgante-6-monedas-feng\/","og_locale":"ca_ES","og_type":"article","og_title":"Colgante 1 \/ 3 \/ 6 Monedas Feng Shui | Estabilidad Financiera - Negocio - Hogar - MINERALES LUNA LLENA","og_description":"Colgante de 1 moneda Feng Shui: Fomenta la protecci\u00f3n personal y la estabilidad financiera en un nivel m\u00e1s individual. Act\u00faa como un escudo contra energ\u00edas negativas, atrayendo seguridad y peque\u00f1as mejoras en la fortuna personal. Col\u00f3calo en carteras, bolsos, llaves o cerca de tu escritorio para una protecci\u00f3n discreta y efectiva.  Colgante de 3 monedas Feng Shui: Simboliza la conexi\u00f3n entre el cielo, la tierra y la humanidad, promoviendo armon\u00eda, prosperidad y buenas relaciones. Este amuleto es ideal para equilibrar el flujo del Chi en espacios compartidos, como salas de estar o negocios. Col\u00f3calo en el pomo de una puerta, en el \u00e1rea de riqueza o cerca de tu lugar de trabajo para generar crecimiento econ\u00f3mico y mejorar la colaboraci\u00f3n.  Colgante de 6 monedas Feng Shui: Representa la energ\u00eda celestial, atrayendo bendiciones divinas, protecci\u00f3n y estabilidad econ\u00f3mica. Las seis monedas armonizan el flujo de energ\u00edas, bloquean las influencias negativas y potencian la abundancia financiera. Col\u00f3calo en la entrada principal, el \u00e1rea de riqueza del Bagua o cerca de una caja registradora para proteger el espacio y atraer \u00e9xito y equilibrio.  \u00a1Cada uno tiene un prop\u00f3sito espec\u00edfico para equilibrar y mejorar tu energ\u00eda y tu entorno!  &nbsp;  Cantidad: 1 Unidad. El precio es por una unidad.  Tama\u00f1o: 15 a 30 cm aprox.  Forma: Colgante.","og_url":"https:\/\/mineraleslunallena.com\/ca\/producte\/colgante-6-monedas-feng\/","og_site_name":"MINERALES LUNA LLENA","article_modified_time":"2025-11-04T10:38:07+00:00","og_image":[{"width":1153,"height":2560,"url":"https:\/\/mineraleslunallena.com\/wp-content\/uploads\/2024\/11\/monedasportada-scaled.jpg","type":"image\/jpeg"}],"twitter_card":"summary_large_image","twitter_misc":{"Temps estimat de lectura":"2 minuts"},"schema":{"@context":"https:\/\/schema.org","@graph":[{"@type":"WebPage","@id":"https:\/\/mineraleslunallena.com\/producto\/colgante-6-monedas-feng\/","url":"https:\/\/mineraleslunallena.com\/producto\/colgante-6-monedas-feng\/","name":"Colgante 1 \/ 3 \/ 6 Monedas Feng Shui | Estabilidad Financiera - Negocio - Hogar - MINERALES LUNA LLENA","isPartOf":{"@id":"https:\/\/mineraleslunallena.com\/#website"},"primaryImageOfPage":{"@id":"https:\/\/mineraleslunallena.com\/producto\/colgante-6-monedas-feng\/#primaryimage"},"image":{"@id":"https:\/\/mineraleslunallena.com\/producto\/colgante-6-monedas-feng\/#primaryimage"},"thumbnailUrl":"https:\/\/mineraleslunallena.com\/wp-content\/uploads\/2024\/11\/monedasportada-scaled.jpg","datePublished":"2024-11-17T19:37:20+00:00","dateModified":"2025-11-04T10:38:07+00:00","breadcrumb":{"@id":"https:\/\/mineraleslunallena.com\/producto\/colgante-6-monedas-feng\/#breadcrumb"},"inLanguage":"ca","potentialAction":[{"@type":"ReadAction","target":["https:\/\/mineraleslunallena.com\/producto\/colgante-6-monedas-feng\/"]}]},{"@type":"ImageObject","inLanguage":"ca","@id":"https:\/\/mineraleslunallena.com\/producto\/colgante-6-monedas-feng\/#primaryimage","url":"https:\/\/mineraleslunallena.com\/wp-content\/uploads\/2024\/11\/monedasportada-scaled.jpg","contentUrl":"https:\/\/mineraleslunallena.com\/wp-content\/uploads\/2024\/11\/monedasportada-scaled.jpg","width":1153,"height":2560},{"@type":"BreadcrumbList","@id":"https:\/\/mineraleslunallena.com\/producto\/colgante-6-monedas-feng\/#breadcrumb","itemListElement":[{"@type":"ListItem","position":1,"name":"Portada","item":"https:\/\/mineraleslunallena.com\/"},{"@type":"ListItem","position":2,"name":"Shop","item":"https:\/\/mineraleslunallena.com\/ca\/shop\/"},{"@type":"ListItem","position":3,"name":"Colgante 1 \/ 3 \/ 6 Monedas Feng Shui | Estabilidad Financiera &#8211; Negocio &#8211; Hogar"}]},{"@type":"WebSite","@id":"https:\/\/mineraleslunallena.com\/#website","url":"https:\/\/mineraleslunallena.com\/","name":"LLUNA PLENA MINERALS","description":"\u00c9s el moment de connectar-te amb el teu poder i confiar en les teves habilitats.","publisher":{"@id":"https:\/\/mineraleslunallena.com\/#organization"},"potentialAction":[{"@type":"SearchAction","target":{"@type":"EntryPoint","urlTemplate":"https:\/\/mineraleslunallena.com\/?s={search_term_string}"},"query-input":{"@type":"PropertyValueSpecification","valueRequired":true,"valueName":"search_term_string"}}],"inLanguage":"ca"},{"@type":"Organization","@id":"https:\/\/mineraleslunallena.com\/#organization","name":"LLUNA PLENA MINERALS","url":"https:\/\/mineraleslunallena.com\/","logo":{"@type":"ImageObject","inLanguage":"ca","@id":"https:\/\/mineraleslunallena.com\/#\/schema\/logo\/image\/","url":"https:\/\/mineraleslunallena.com\/wp-content\/uploads\/2023\/07\/LUNA-LLENA-LOGO-nuevo.png","contentUrl":"https:\/\/mineraleslunallena.com\/wp-content\/uploads\/2023\/07\/LUNA-LLENA-LOGO-nuevo.png","width":229,"height":167,"caption":"LUNA LLENA MINERALES"},"image":{"@id":"https:\/\/mineraleslunallena.com\/#\/schema\/logo\/image\/"}}]}},"_links":{"self":[{"href":"https:\/\/mineraleslunallena.com\/ca\/wp-json\/wp\/v2\/product\/5049","targetHints":{"allow":["GET"]}}],"collection":[{"href":"https:\/\/mineraleslunallena.com\/ca\/wp-json\/wp\/v2\/product"}],"about":[{"href":"https:\/\/mineraleslunallena.com\/ca\/wp-json\/wp\/v2\/types\/product"}],"version-history":[{"count":4,"href":"https:\/\/mineraleslunallena.com\/ca\/wp-json\/wp\/v2\/product\/5049\/revisions"}],"predecessor-version":[{"id":5293,"href":"https:\/\/mineraleslunallena.com\/ca\/wp-json\/wp\/v2\/product\/5049\/revisions\/5293"}],"wp:featuredmedia":[{"embeddable":true,"href":"https:\/\/mineraleslunallena.com\/ca\/wp-json\/wp\/v2\/media\/5288"}],"wp:attachment":[{"href":"https:\/\/mineraleslunallena.com\/ca\/wp-json\/wp\/v2\/media?parent=5049"}],"wp:term":[{"taxonomy":"product_cat","embeddable":true,"href":"https:\/\/mineraleslunallena.com\/ca\/wp-json\/wp\/v2\/product_cat?post=5049"},{"taxonomy":"product_tag","embeddable":true,"href":"https:\/\/mineraleslunallena.com\/ca\/wp-json\/wp\/v2\/product_tag?post=5049"}],"curies":[{"name":"wp","href":"https:\/\/api.w.org\/{rel}","templated":true}]}}