{"id":5070,"date":"2024-11-20T18:40:36","date_gmt":"2024-11-20T17:40:36","guid":{"rendered":"https:\/\/mineraleslunallena.com\/?post_type=product&#038;p=5070"},"modified":"2024-12-05T12:54:41","modified_gmt":"2024-12-05T11:54:41","slug":"obsidiana-plateada-corazon-i-ver-la-verdad-liberar-bloqueos-emocionales","status":"publish","type":"product","link":"https:\/\/mineraleslunallena.com\/ca\/producte\/obsidiana-plateada-corazon-i-ver-la-verdad-liberar-bloqueos-emocionales\/","title":{"rendered":"Obsidiana Plateada Coraz\u00f3n I Ver la Verdad &#8211; Liberar Bloqueos Emocionales"},"content":{"rendered":"<div class=\"flex-shrink-0 flex flex-col relative items-end\">\n<div>\n<div class=\"pt-0\">\n<div class=\"gizmo-bot-avatar flex h-8 w-8 items-center justify-center overflow-hidden rounded-full\">\n<div class=\"relative p-1 rounded-sm flex items-center justify-center bg-token-main-surface-primary text-token-text-primary h-8 w-8\"><\/div>\n<\/div>\n<\/div>\n<\/div>\n<\/div>\n<div class=\"group\/conversation-turn relative flex w-full min-w-0 flex-col agent-turn\">\n<div class=\"flex-col gap-1 md:gap-3\">\n<div class=\"flex max-w-full flex-col flex-grow\">\n<div class=\"min-h-8 text-message flex w-full flex-col items-end gap-2 whitespace-normal break-words [.text-message+&amp;]:mt-5\" dir=\"auto\" data-message-author-role=\"assistant\" data-message-id=\"bb89b00b-8c4b-44b4-a9de-4ee9d828ed07\" data-message-model-slug=\"gpt-4o\">\n<div class=\"flex w-full flex-col gap-1 empty:hidden first:pt-[3px]\">\n<div class=\"markdown prose w-full break-words dark:prose-invert light\">\n<p>Descubre la poderosa energ\u00eda del <strong>Coraz\u00f3n de Obsidiana Plateada<\/strong>, una pieza m\u00e1gica que combina protecci\u00f3n y claridad espiritual. Este mineral es conocido por su capacidad para reflejar la verdad, ayud\u00e1ndote a descubrir y liberar bloqueos emocionales ocultos.<\/p>\n<p>Su brillo plateado simboliza la conexi\u00f3n con el plano espiritual, guiando tus intenciones hacia la claridad y la paz interior.<\/p>\n<p>Ideal para proteger tu energ\u00eda, atraer armon\u00eda y fomentar la introspecci\u00f3n, este coraz\u00f3n es un amuleto perfecto para quienes buscan equilibrio y transformaci\u00f3n.<\/p>\n<p>Adem\u00e1s, su forma en coraz\u00f3n lo convierte en un s\u00edmbolo de amor propio y sanaci\u00f3n profunda. Hazlo parte de tu vida y transforma tu energ\u00eda con su fuerza \u00fanica.<\/p>\n<p>&nbsp;<\/p>\n<p>Cantidad: 1 Unidad. El precio es por una unidad.<\/p>\n<p>Tama\u00f1o: S, M y L.<\/p>\n<p>Forma: Coraz\u00f3n.<\/p>\n<\/div>\n<\/div>\n<\/div>\n<\/div>\n<\/div>\n<\/div>\n","protected":false},"excerpt":{"rendered":"<p>El <strong>Coraz\u00f3n de Obsidiana Plateada<\/strong>, una pieza m\u00e1gica que combina protecci\u00f3n y claridad espiritual. Este mineral es conocido por su capacidad para reflejar la verdad, ayud\u00e1ndote a descubrir y liberar bloqueos emocionales ocultos.<\/p>\n<p>Su brillo plateado simboliza la conexi\u00f3n con el plano espiritual, guiando tus intenciones hacia la claridad y la paz interior.<\/p>\n<p>Ideal para proteger tu energ\u00eda, atraer armon\u00eda y fomentar la introspecci\u00f3n, este coraz\u00f3n es un amuleto perfecto para quienes buscan equilibrio y transformaci\u00f3n.<\/p>\n<p>Adem\u00e1s, su forma en coraz\u00f3n lo convierte en un s\u00edmbolo de amor propio y sanaci\u00f3n profunda. Hazlo parte de tu vida y transforma tu energ\u00eda con su fuerza \u00fanica.<\/p>\n<p>&nbsp;<\/p>\n<p>Quantitat: 1 Unitat. El preu \u00e9s per una unitat.<\/p>\n<p>Tama\u00f1o: S, M y L.<\/p>\n<p>Forma: Coraz\u00f3n.<\/p>","protected":false},"featured_media":5106,"template":"","meta":[],"product_cat":[73,69,106],"product_tag":[],"class_list":{"0":"post-5070","1":"product","2":"type-product","3":"status-publish","4":"has-post-thumbnail","6":"product_cat-esferas","7":"product_cat-minerales","8":"product_cat-piezas-unicas","10":"first","11":"instock","12":"sale","13":"taxable","14":"shipping-taxable","15":"purchasable","16":"product-type-variable"},"yoast_head":"<!-- This site is optimized with the Yoast SEO plugin v27.3 - https:\/\/yoast.com\/product\/yoast-seo-wordpress\/ -->\n<title>Obsidiana Plateada Coraz\u00f3n I Ver la Verdad - Liberar Bloqueos Emocionales - MINERALES LUNA LLENA<\/title>\n<meta name=\"robots\" content=\"index, follow, max-snippet:-1, max-image-preview:large, max-video-preview:-1\" \/>\n<link rel=\"canonical\" href=\"https:\/\/mineraleslunallena.com\/ca\/producte\/obsidiana-plateada-corazon-i-ver-la-verdad-liberar-bloqueos-emocionales\/\" \/>\n<meta property=\"og:locale\" content=\"ca_ES\" \/>\n<meta property=\"og:type\" content=\"article\" \/>\n<meta property=\"og:title\" content=\"Obsidiana Plateada Coraz\u00f3n I Ver la Verdad - Liberar Bloqueos Emocionales - MINERALES LUNA LLENA\" \/>\n<meta property=\"og:description\" content=\"El Coraz\u00f3n de Obsidiana Plateada, una pieza m\u00e1gica que combina protecci\u00f3n y claridad espiritual. Este mineral es conocido por su capacidad para reflejar la verdad, ayud\u00e1ndote a descubrir y liberar bloqueos emocionales ocultos.  Su brillo plateado simboliza la conexi\u00f3n con el plano espiritual, guiando tus intenciones hacia la claridad y la paz interior.  Ideal para proteger tu energ\u00eda, atraer armon\u00eda y fomentar la introspecci\u00f3n, este coraz\u00f3n es un amuleto perfecto para quienes buscan equilibrio y transformaci\u00f3n.  Adem\u00e1s, su forma en coraz\u00f3n lo convierte en un s\u00edmbolo de amor propio y sanaci\u00f3n profunda. Hazlo parte de tu vida y transforma tu energ\u00eda con su fuerza \u00fanica.  &nbsp;  Cantidad: 1 Unidad. El precio es por una unidad.  Tama\u00f1o: S, M y L.  Forma: Coraz\u00f3n.\" \/>\n<meta property=\"og:url\" content=\"https:\/\/mineraleslunallena.com\/ca\/producte\/obsidiana-plateada-corazon-i-ver-la-verdad-liberar-bloqueos-emocionales\/\" \/>\n<meta property=\"og:site_name\" content=\"MINERALES LUNA LLENA\" \/>\n<meta property=\"article:modified_time\" content=\"2024-12-05T11:54:41+00:00\" \/>\n<meta property=\"og:image\" content=\"https:\/\/mineraleslunallena.com\/wp-content\/uploads\/2024\/11\/corazonobsidianapalte-scaled.jpg\" \/>\n\t<meta property=\"og:image:width\" content=\"2560\" \/>\n\t<meta property=\"og:image:height\" content=\"1153\" \/>\n\t<meta property=\"og:image:type\" content=\"image\/jpeg\" \/>\n<meta name=\"twitter:card\" content=\"summary_large_image\" \/>\n<meta name=\"twitter:label1\" content=\"Temps estimat de lectura\" \/>\n\t<meta name=\"twitter:data1\" content=\"1 minut\" \/>\n<script type=\"application\/ld+json\" class=\"yoast-schema-graph\">{\"@context\":\"https:\\\/\\\/schema.org\",\"@graph\":[{\"@type\":\"WebPage\",\"@id\":\"https:\\\/\\\/mineraleslunallena.com\\\/producto\\\/obsidiana-plateada-corazon-i-ver-la-verdad-liberar-bloqueos-emocionales\\\/\",\"url\":\"https:\\\/\\\/mineraleslunallena.com\\\/producto\\\/obsidiana-plateada-corazon-i-ver-la-verdad-liberar-bloqueos-emocionales\\\/\",\"name\":\"Obsidiana Plateada Coraz\u00f3n I Ver la Verdad - Liberar Bloqueos Emocionales - MINERALES LUNA LLENA\",\"isPartOf\":{\"@id\":\"https:\\\/\\\/mineraleslunallena.com\\\/#website\"},\"primaryImageOfPage\":{\"@id\":\"https:\\\/\\\/mineraleslunallena.com\\\/producto\\\/obsidiana-plateada-corazon-i-ver-la-verdad-liberar-bloqueos-emocionales\\\/#primaryimage\"},\"image\":{\"@id\":\"https:\\\/\\\/mineraleslunallena.com\\\/producto\\\/obsidiana-plateada-corazon-i-ver-la-verdad-liberar-bloqueos-emocionales\\\/#primaryimage\"},\"thumbnailUrl\":\"https:\\\/\\\/mineraleslunallena.com\\\/wp-content\\\/uploads\\\/2024\\\/11\\\/corazonobsidianapalte-scaled.jpg\",\"datePublished\":\"2024-11-20T17:40:36+00:00\",\"dateModified\":\"2024-12-05T11:54:41+00:00\",\"breadcrumb\":{\"@id\":\"https:\\\/\\\/mineraleslunallena.com\\\/producto\\\/obsidiana-plateada-corazon-i-ver-la-verdad-liberar-bloqueos-emocionales\\\/#breadcrumb\"},\"inLanguage\":\"ca\",\"potentialAction\":[{\"@type\":\"ReadAction\",\"target\":[\"https:\\\/\\\/mineraleslunallena.com\\\/producto\\\/obsidiana-plateada-corazon-i-ver-la-verdad-liberar-bloqueos-emocionales\\\/\"]}]},{\"@type\":\"ImageObject\",\"inLanguage\":\"ca\",\"@id\":\"https:\\\/\\\/mineraleslunallena.com\\\/producto\\\/obsidiana-plateada-corazon-i-ver-la-verdad-liberar-bloqueos-emocionales\\\/#primaryimage\",\"url\":\"https:\\\/\\\/mineraleslunallena.com\\\/wp-content\\\/uploads\\\/2024\\\/11\\\/corazonobsidianapalte-scaled.jpg\",\"contentUrl\":\"https:\\\/\\\/mineraleslunallena.com\\\/wp-content\\\/uploads\\\/2024\\\/11\\\/corazonobsidianapalte-scaled.jpg\",\"width\":2560,\"height\":1153},{\"@type\":\"BreadcrumbList\",\"@id\":\"https:\\\/\\\/mineraleslunallena.com\\\/producto\\\/obsidiana-plateada-corazon-i-ver-la-verdad-liberar-bloqueos-emocionales\\\/#breadcrumb\",\"itemListElement\":[{\"@type\":\"ListItem\",\"position\":1,\"name\":\"Portada\",\"item\":\"https:\\\/\\\/mineraleslunallena.com\\\/\"},{\"@type\":\"ListItem\",\"position\":2,\"name\":\"Shop\",\"item\":\"https:\\\/\\\/mineraleslunallena.com\\\/ca\\\/shop\\\/\"},{\"@type\":\"ListItem\",\"position\":3,\"name\":\"Obsidiana Plateada Coraz\u00f3n I Ver la Verdad &#8211; Liberar Bloqueos Emocionales\"}]},{\"@type\":\"WebSite\",\"@id\":\"https:\\\/\\\/mineraleslunallena.com\\\/#website\",\"url\":\"https:\\\/\\\/mineraleslunallena.com\\\/\",\"name\":\"LUNA LLENA MINERALES\",\"description\":\"Es el momento de conectarte con tu propio poder y confiar en tus habilidades.\",\"publisher\":{\"@id\":\"https:\\\/\\\/mineraleslunallena.com\\\/#organization\"},\"potentialAction\":[{\"@type\":\"SearchAction\",\"target\":{\"@type\":\"EntryPoint\",\"urlTemplate\":\"https:\\\/\\\/mineraleslunallena.com\\\/?s={search_term_string}\"},\"query-input\":{\"@type\":\"PropertyValueSpecification\",\"valueRequired\":true,\"valueName\":\"search_term_string\"}}],\"inLanguage\":\"ca\"},{\"@type\":\"Organization\",\"@id\":\"https:\\\/\\\/mineraleslunallena.com\\\/#organization\",\"name\":\"LUNA LLENA MINERALES\",\"url\":\"https:\\\/\\\/mineraleslunallena.com\\\/\",\"logo\":{\"@type\":\"ImageObject\",\"inLanguage\":\"ca\",\"@id\":\"https:\\\/\\\/mineraleslunallena.com\\\/#\\\/schema\\\/logo\\\/image\\\/\",\"url\":\"https:\\\/\\\/mineraleslunallena.com\\\/wp-content\\\/uploads\\\/2023\\\/07\\\/LUNA-LLENA-LOGO-nuevo.png\",\"contentUrl\":\"https:\\\/\\\/mineraleslunallena.com\\\/wp-content\\\/uploads\\\/2023\\\/07\\\/LUNA-LLENA-LOGO-nuevo.png\",\"width\":229,\"height\":167,\"caption\":\"LUNA LLENA MINERALES\"},\"image\":{\"@id\":\"https:\\\/\\\/mineraleslunallena.com\\\/#\\\/schema\\\/logo\\\/image\\\/\"}}]}<\/script>\n<!-- \/ Yoast SEO plugin. -->","yoast_head_json":{"title":"Obsidiana Plateada Coraz\u00f3n I Ver la Verdad - Liberar Bloqueos Emocionales - MINERALES LUNA LLENA","robots":{"index":"index","follow":"follow","max-snippet":"max-snippet:-1","max-image-preview":"max-image-preview:large","max-video-preview":"max-video-preview:-1"},"canonical":"https:\/\/mineraleslunallena.com\/ca\/producte\/obsidiana-plateada-corazon-i-ver-la-verdad-liberar-bloqueos-emocionales\/","og_locale":"ca_ES","og_type":"article","og_title":"Obsidiana Plateada Coraz\u00f3n I Ver la Verdad - Liberar Bloqueos Emocionales - MINERALES LUNA LLENA","og_description":"El Coraz\u00f3n de Obsidiana Plateada, una pieza m\u00e1gica que combina protecci\u00f3n y claridad espiritual. Este mineral es conocido por su capacidad para reflejar la verdad, ayud\u00e1ndote a descubrir y liberar bloqueos emocionales ocultos.  Su brillo plateado simboliza la conexi\u00f3n con el plano espiritual, guiando tus intenciones hacia la claridad y la paz interior.  Ideal para proteger tu energ\u00eda, atraer armon\u00eda y fomentar la introspecci\u00f3n, este coraz\u00f3n es un amuleto perfecto para quienes buscan equilibrio y transformaci\u00f3n.  Adem\u00e1s, su forma en coraz\u00f3n lo convierte en un s\u00edmbolo de amor propio y sanaci\u00f3n profunda. Hazlo parte de tu vida y transforma tu energ\u00eda con su fuerza \u00fanica.  &nbsp;  Cantidad: 1 Unidad. El precio es por una unidad.  Tama\u00f1o: S, M y L.  Forma: Coraz\u00f3n.","og_url":"https:\/\/mineraleslunallena.com\/ca\/producte\/obsidiana-plateada-corazon-i-ver-la-verdad-liberar-bloqueos-emocionales\/","og_site_name":"MINERALES LUNA LLENA","article_modified_time":"2024-12-05T11:54:41+00:00","og_image":[{"width":2560,"height":1153,"url":"https:\/\/mineraleslunallena.com\/wp-content\/uploads\/2024\/11\/corazonobsidianapalte-scaled.jpg","type":"image\/jpeg"}],"twitter_card":"summary_large_image","twitter_misc":{"Temps estimat de lectura":"1 minut"},"schema":{"@context":"https:\/\/schema.org","@graph":[{"@type":"WebPage","@id":"https:\/\/mineraleslunallena.com\/producto\/obsidiana-plateada-corazon-i-ver-la-verdad-liberar-bloqueos-emocionales\/","url":"https:\/\/mineraleslunallena.com\/producto\/obsidiana-plateada-corazon-i-ver-la-verdad-liberar-bloqueos-emocionales\/","name":"Obsidiana Plateada Coraz\u00f3n I Ver la Verdad - Liberar Bloqueos Emocionales - MINERALES LUNA LLENA","isPartOf":{"@id":"https:\/\/mineraleslunallena.com\/#website"},"primaryImageOfPage":{"@id":"https:\/\/mineraleslunallena.com\/producto\/obsidiana-plateada-corazon-i-ver-la-verdad-liberar-bloqueos-emocionales\/#primaryimage"},"image":{"@id":"https:\/\/mineraleslunallena.com\/producto\/obsidiana-plateada-corazon-i-ver-la-verdad-liberar-bloqueos-emocionales\/#primaryimage"},"thumbnailUrl":"https:\/\/mineraleslunallena.com\/wp-content\/uploads\/2024\/11\/corazonobsidianapalte-scaled.jpg","datePublished":"2024-11-20T17:40:36+00:00","dateModified":"2024-12-05T11:54:41+00:00","breadcrumb":{"@id":"https:\/\/mineraleslunallena.com\/producto\/obsidiana-plateada-corazon-i-ver-la-verdad-liberar-bloqueos-emocionales\/#breadcrumb"},"inLanguage":"ca","potentialAction":[{"@type":"ReadAction","target":["https:\/\/mineraleslunallena.com\/producto\/obsidiana-plateada-corazon-i-ver-la-verdad-liberar-bloqueos-emocionales\/"]}]},{"@type":"ImageObject","inLanguage":"ca","@id":"https:\/\/mineraleslunallena.com\/producto\/obsidiana-plateada-corazon-i-ver-la-verdad-liberar-bloqueos-emocionales\/#primaryimage","url":"https:\/\/mineraleslunallena.com\/wp-content\/uploads\/2024\/11\/corazonobsidianapalte-scaled.jpg","contentUrl":"https:\/\/mineraleslunallena.com\/wp-content\/uploads\/2024\/11\/corazonobsidianapalte-scaled.jpg","width":2560,"height":1153},{"@type":"BreadcrumbList","@id":"https:\/\/mineraleslunallena.com\/producto\/obsidiana-plateada-corazon-i-ver-la-verdad-liberar-bloqueos-emocionales\/#breadcrumb","itemListElement":[{"@type":"ListItem","position":1,"name":"Portada","item":"https:\/\/mineraleslunallena.com\/"},{"@type":"ListItem","position":2,"name":"Shop","item":"https:\/\/mineraleslunallena.com\/ca\/shop\/"},{"@type":"ListItem","position":3,"name":"Obsidiana Plateada Coraz\u00f3n I Ver la Verdad &#8211; Liberar Bloqueos Emocionales"}]},{"@type":"WebSite","@id":"https:\/\/mineraleslunallena.com\/#website","url":"https:\/\/mineraleslunallena.com\/","name":"LLUNA PLENA MINERALS","description":"\u00c9s el moment de connectar-te amb el teu poder i confiar en les teves habilitats.","publisher":{"@id":"https:\/\/mineraleslunallena.com\/#organization"},"potentialAction":[{"@type":"SearchAction","target":{"@type":"EntryPoint","urlTemplate":"https:\/\/mineraleslunallena.com\/?s={search_term_string}"},"query-input":{"@type":"PropertyValueSpecification","valueRequired":true,"valueName":"search_term_string"}}],"inLanguage":"ca"},{"@type":"Organization","@id":"https:\/\/mineraleslunallena.com\/#organization","name":"LLUNA PLENA MINERALS","url":"https:\/\/mineraleslunallena.com\/","logo":{"@type":"ImageObject","inLanguage":"ca","@id":"https:\/\/mineraleslunallena.com\/#\/schema\/logo\/image\/","url":"https:\/\/mineraleslunallena.com\/wp-content\/uploads\/2023\/07\/LUNA-LLENA-LOGO-nuevo.png","contentUrl":"https:\/\/mineraleslunallena.com\/wp-content\/uploads\/2023\/07\/LUNA-LLENA-LOGO-nuevo.png","width":229,"height":167,"caption":"LUNA LLENA MINERALES"},"image":{"@id":"https:\/\/mineraleslunallena.com\/#\/schema\/logo\/image\/"}}]}},"jetpack_sharing_enabled":true,"_links":{"self":[{"href":"https:\/\/mineraleslunallena.com\/ca\/wp-json\/wp\/v2\/product\/5070","targetHints":{"allow":["GET"]}}],"collection":[{"href":"https:\/\/mineraleslunallena.com\/ca\/wp-json\/wp\/v2\/product"}],"about":[{"href":"https:\/\/mineraleslunallena.com\/ca\/wp-json\/wp\/v2\/types\/product"}],"version-history":[{"count":4,"href":"https:\/\/mineraleslunallena.com\/ca\/wp-json\/wp\/v2\/product\/5070\/revisions"}],"predecessor-version":[{"id":5105,"href":"https:\/\/mineraleslunallena.com\/ca\/wp-json\/wp\/v2\/product\/5070\/revisions\/5105"}],"wp:featuredmedia":[{"embeddable":true,"href":"https:\/\/mineraleslunallena.com\/ca\/wp-json\/wp\/v2\/media\/5106"}],"wp:attachment":[{"href":"https:\/\/mineraleslunallena.com\/ca\/wp-json\/wp\/v2\/media?parent=5070"}],"wp:term":[{"taxonomy":"product_cat","embeddable":true,"href":"https:\/\/mineraleslunallena.com\/ca\/wp-json\/wp\/v2\/product_cat?post=5070"},{"taxonomy":"product_tag","embeddable":true,"href":"https:\/\/mineraleslunallena.com\/ca\/wp-json\/wp\/v2\/product_tag?post=5070"}],"curies":[{"name":"wp","href":"https:\/\/api.w.org\/{rel}","templated":true}]}}