{"id":5180,"date":"2024-12-06T21:17:19","date_gmt":"2024-12-06T20:17:19","guid":{"rendered":"https:\/\/mineraleslunallena.com\/?post_type=product&#038;p=5180"},"modified":"2024-12-06T21:17:19","modified_gmt":"2024-12-06T20:17:19","slug":"obsidiana-negra-forma-proteccion-transmutacion","status":"publish","type":"product","link":"https:\/\/mineraleslunallena.com\/ca\/producte\/obsidiana-negra-forma-proteccion-transmutacion\/","title":{"rendered":"Obsidiana Negra Forma | Protecci\u00f3n &#8211; Transmutaci\u00f3n"},"content":{"rendered":"<p>Este gran ejemplar de Obsidiana Negra en masivo, es una poderosa herramienta de protecci\u00f3n energ\u00e9tica, capaz de absorber y transmutar las vibraciones negativas del entorno.<\/p>\n<p>Su energ\u00eda profundamente conectada a la tierra ayuda a estabilizar las emociones, fomentando la claridad mental y la seguridad personal. En el plano espiritual, act\u00faa como un escudo que fortalece el aura, ayudando a liberar bloqueos emocionales y facilitando la introspecci\u00f3n.<\/p>\n<p>En cromoterapia, su tonalidad negra simboliza absorci\u00f3n y transformaci\u00f3n, ideal para espacios donde se necesita equilibrio y concentraci\u00f3n. Esta pieza puede convertirse en un ancla energ\u00e9tica, conectando al usuario con su fuerza interior.<\/p>\n<p>Perfecta para meditaci\u00f3n y espacios de trabajo, crea un ambiente de protecci\u00f3n y enfoque.<\/p>\n<p>&nbsp;<\/p>\n<p>Quantitat: 1 Unitat. El preu \u00e9s per una unitat.<\/p>\n<p>Tama\u00f1o: 21 cm alto x 9 cm ancho<\/p>\n<p>Peso: 2.250g<br \/>\nForma: Mineral Massiu.<\/p>","protected":false},"excerpt":{"rendered":"<p>Este gran ejemplar de Obsidiana Negra en masivo, es una poderosa herramienta de protecci\u00f3n energ\u00e9tica, capaz de absorber y transmutar las vibraciones negativas del entorno.<\/p>\n<p>Su energ\u00eda profundamente conectada a la tierra ayuda a estabilizar las emociones, fomentando la claridad mental y la seguridad personal. En el plano espiritual, act\u00faa como un escudo que fortalece el aura, ayudando a liberar bloqueos emocionales y facilitando la introspecci\u00f3n.<\/p>\n<p>En cromoterapia, su tonalidad negra simboliza absorci\u00f3n y transformaci\u00f3n, ideal para espacios donde se necesita equilibrio y concentraci\u00f3n. Esta pieza puede convertirse en un ancla energ\u00e9tica, conectando al usuario con su fuerza interior.<\/p>\n<p>Perfecta para meditaci\u00f3n y espacios de trabajo, crea un ambiente de protecci\u00f3n y enfoque.<\/p>\n<p>&nbsp;<\/p>\n<p>Quantitat: 1 Unitat. El preu \u00e9s per una unitat.<\/p>\n<p>Tama\u00f1o: 21 cm alto x 9 cm ancho<\/p>\n<p>Peso: 2.250g<br \/>\nForma: Mineral Massiu.<\/p>","protected":false},"featured_media":5183,"template":"","meta":[],"product_cat":[73,69],"product_tag":[],"class_list":{"0":"post-5180","1":"product","2":"type-product","3":"status-publish","4":"has-post-thumbnail","6":"product_cat-esferas","7":"product_cat-minerales","9":"first","10":"instock","11":"sale","12":"taxable","13":"shipping-taxable","14":"purchasable","15":"product-type-simple"},"yoast_head":"<!-- This site is optimized with the Yoast SEO plugin v27.3 - https:\/\/yoast.com\/product\/yoast-seo-wordpress\/ -->\n<title>Obsidiana Negra Forma | Protecci\u00f3n - Transmutaci\u00f3n - MINERALES LUNA LLENA<\/title>\n<meta name=\"robots\" content=\"index, follow, max-snippet:-1, max-image-preview:large, max-video-preview:-1\" \/>\n<link rel=\"canonical\" href=\"https:\/\/mineraleslunallena.com\/ca\/producte\/obsidiana-negra-forma-proteccion-transmutacion\/\" \/>\n<meta property=\"og:locale\" content=\"ca_ES\" \/>\n<meta property=\"og:type\" content=\"article\" \/>\n<meta property=\"og:title\" content=\"Obsidiana Negra Forma | Protecci\u00f3n - Transmutaci\u00f3n - MINERALES LUNA LLENA\" \/>\n<meta property=\"og:description\" content=\"Este gran ejemplar de Obsidiana Negra en masivo, es una poderosa herramienta de protecci\u00f3n energ\u00e9tica, capaz de absorber y transmutar las vibraciones negativas del entorno.  Su energ\u00eda profundamente conectada a la tierra ayuda a estabilizar las emociones, fomentando la claridad mental y la seguridad personal. En el plano espiritual, act\u00faa como un escudo que fortalece el aura, ayudando a liberar bloqueos emocionales y facilitando la introspecci\u00f3n.  En cromoterapia, su tonalidad negra simboliza absorci\u00f3n y transformaci\u00f3n, ideal para espacios donde se necesita equilibrio y concentraci\u00f3n. Esta pieza puede convertirse en un ancla energ\u00e9tica, conectando al usuario con su fuerza interior.  Perfecta para meditaci\u00f3n y espacios de trabajo, crea un ambiente de protecci\u00f3n y enfoque.  &nbsp;  Cantidad: 1 Unidad. El precio es por una unidad.  Tama\u00f1o: 21 cm alto x 9 cm ancho  Peso: 2.250g Forma: Mineral Masivo.\" \/>\n<meta property=\"og:url\" content=\"https:\/\/mineraleslunallena.com\/ca\/producte\/obsidiana-negra-forma-proteccion-transmutacion\/\" \/>\n<meta property=\"og:site_name\" content=\"MINERALES LUNA LLENA\" \/>\n<meta property=\"og:image\" content=\"https:\/\/mineraleslunallena.com\/wp-content\/uploads\/2024\/12\/obsidianasoola-scaled.jpg\" \/>\n\t<meta property=\"og:image:width\" content=\"1153\" \/>\n\t<meta property=\"og:image:height\" content=\"2560\" \/>\n\t<meta property=\"og:image:type\" content=\"image\/jpeg\" \/>\n<meta name=\"twitter:card\" content=\"summary_large_image\" \/>\n<meta name=\"twitter:label1\" content=\"Temps estimat de lectura\" \/>\n\t<meta name=\"twitter:data1\" content=\"1 minut\" \/>\n<script type=\"application\/ld+json\" class=\"yoast-schema-graph\">{\"@context\":\"https:\\\/\\\/schema.org\",\"@graph\":[{\"@type\":\"WebPage\",\"@id\":\"https:\\\/\\\/mineraleslunallena.com\\\/producto\\\/obsidiana-negra-forma-proteccion-transmutacion\\\/\",\"url\":\"https:\\\/\\\/mineraleslunallena.com\\\/producto\\\/obsidiana-negra-forma-proteccion-transmutacion\\\/\",\"name\":\"Obsidiana Negra Forma | Protecci\u00f3n - Transmutaci\u00f3n - MINERALES LUNA LLENA\",\"isPartOf\":{\"@id\":\"https:\\\/\\\/mineraleslunallena.com\\\/#website\"},\"primaryImageOfPage\":{\"@id\":\"https:\\\/\\\/mineraleslunallena.com\\\/producto\\\/obsidiana-negra-forma-proteccion-transmutacion\\\/#primaryimage\"},\"image\":{\"@id\":\"https:\\\/\\\/mineraleslunallena.com\\\/producto\\\/obsidiana-negra-forma-proteccion-transmutacion\\\/#primaryimage\"},\"thumbnailUrl\":\"https:\\\/\\\/mineraleslunallena.com\\\/wp-content\\\/uploads\\\/2024\\\/12\\\/obsidianasoola-scaled.jpg\",\"datePublished\":\"2024-12-06T20:17:19+00:00\",\"breadcrumb\":{\"@id\":\"https:\\\/\\\/mineraleslunallena.com\\\/producto\\\/obsidiana-negra-forma-proteccion-transmutacion\\\/#breadcrumb\"},\"inLanguage\":\"ca\",\"potentialAction\":[{\"@type\":\"ReadAction\",\"target\":[\"https:\\\/\\\/mineraleslunallena.com\\\/producto\\\/obsidiana-negra-forma-proteccion-transmutacion\\\/\"]}]},{\"@type\":\"ImageObject\",\"inLanguage\":\"ca\",\"@id\":\"https:\\\/\\\/mineraleslunallena.com\\\/producto\\\/obsidiana-negra-forma-proteccion-transmutacion\\\/#primaryimage\",\"url\":\"https:\\\/\\\/mineraleslunallena.com\\\/wp-content\\\/uploads\\\/2024\\\/12\\\/obsidianasoola-scaled.jpg\",\"contentUrl\":\"https:\\\/\\\/mineraleslunallena.com\\\/wp-content\\\/uploads\\\/2024\\\/12\\\/obsidianasoola-scaled.jpg\",\"width\":1153,\"height\":2560},{\"@type\":\"BreadcrumbList\",\"@id\":\"https:\\\/\\\/mineraleslunallena.com\\\/producto\\\/obsidiana-negra-forma-proteccion-transmutacion\\\/#breadcrumb\",\"itemListElement\":[{\"@type\":\"ListItem\",\"position\":1,\"name\":\"Portada\",\"item\":\"https:\\\/\\\/mineraleslunallena.com\\\/\"},{\"@type\":\"ListItem\",\"position\":2,\"name\":\"Shop\",\"item\":\"https:\\\/\\\/mineraleslunallena.com\\\/ca\\\/shop\\\/\"},{\"@type\":\"ListItem\",\"position\":3,\"name\":\"Obsidiana Negra Forma | Protecci\u00f3n &#8211; Transmutaci\u00f3n\"}]},{\"@type\":\"WebSite\",\"@id\":\"https:\\\/\\\/mineraleslunallena.com\\\/#website\",\"url\":\"https:\\\/\\\/mineraleslunallena.com\\\/\",\"name\":\"LUNA LLENA MINERALES\",\"description\":\"Es el momento de conectarte con tu propio poder y confiar en tus habilidades.\",\"publisher\":{\"@id\":\"https:\\\/\\\/mineraleslunallena.com\\\/#organization\"},\"potentialAction\":[{\"@type\":\"SearchAction\",\"target\":{\"@type\":\"EntryPoint\",\"urlTemplate\":\"https:\\\/\\\/mineraleslunallena.com\\\/?s={search_term_string}\"},\"query-input\":{\"@type\":\"PropertyValueSpecification\",\"valueRequired\":true,\"valueName\":\"search_term_string\"}}],\"inLanguage\":\"ca\"},{\"@type\":\"Organization\",\"@id\":\"https:\\\/\\\/mineraleslunallena.com\\\/#organization\",\"name\":\"LUNA LLENA MINERALES\",\"url\":\"https:\\\/\\\/mineraleslunallena.com\\\/\",\"logo\":{\"@type\":\"ImageObject\",\"inLanguage\":\"ca\",\"@id\":\"https:\\\/\\\/mineraleslunallena.com\\\/#\\\/schema\\\/logo\\\/image\\\/\",\"url\":\"https:\\\/\\\/mineraleslunallena.com\\\/wp-content\\\/uploads\\\/2023\\\/07\\\/LUNA-LLENA-LOGO-nuevo.png\",\"contentUrl\":\"https:\\\/\\\/mineraleslunallena.com\\\/wp-content\\\/uploads\\\/2023\\\/07\\\/LUNA-LLENA-LOGO-nuevo.png\",\"width\":229,\"height\":167,\"caption\":\"LUNA LLENA MINERALES\"},\"image\":{\"@id\":\"https:\\\/\\\/mineraleslunallena.com\\\/#\\\/schema\\\/logo\\\/image\\\/\"}}]}<\/script>\n<!-- \/ Yoast SEO plugin. -->","yoast_head_json":{"title":"Obsidiana Negra Forma | Protecci\u00f3n - Transmutaci\u00f3n - MINERALES LUNA LLENA","robots":{"index":"index","follow":"follow","max-snippet":"max-snippet:-1","max-image-preview":"max-image-preview:large","max-video-preview":"max-video-preview:-1"},"canonical":"https:\/\/mineraleslunallena.com\/ca\/producte\/obsidiana-negra-forma-proteccion-transmutacion\/","og_locale":"ca_ES","og_type":"article","og_title":"Obsidiana Negra Forma | Protecci\u00f3n - Transmutaci\u00f3n - MINERALES LUNA LLENA","og_description":"Este gran ejemplar de Obsidiana Negra en masivo, es una poderosa herramienta de protecci\u00f3n energ\u00e9tica, capaz de absorber y transmutar las vibraciones negativas del entorno.  Su energ\u00eda profundamente conectada a la tierra ayuda a estabilizar las emociones, fomentando la claridad mental y la seguridad personal. En el plano espiritual, act\u00faa como un escudo que fortalece el aura, ayudando a liberar bloqueos emocionales y facilitando la introspecci\u00f3n.  En cromoterapia, su tonalidad negra simboliza absorci\u00f3n y transformaci\u00f3n, ideal para espacios donde se necesita equilibrio y concentraci\u00f3n. Esta pieza puede convertirse en un ancla energ\u00e9tica, conectando al usuario con su fuerza interior.  Perfecta para meditaci\u00f3n y espacios de trabajo, crea un ambiente de protecci\u00f3n y enfoque.  &nbsp;  Cantidad: 1 Unidad. El precio es por una unidad.  Tama\u00f1o: 21 cm alto x 9 cm ancho  Peso: 2.250g Forma: Mineral Masivo.","og_url":"https:\/\/mineraleslunallena.com\/ca\/producte\/obsidiana-negra-forma-proteccion-transmutacion\/","og_site_name":"MINERALES LUNA LLENA","og_image":[{"width":1153,"height":2560,"url":"https:\/\/mineraleslunallena.com\/wp-content\/uploads\/2024\/12\/obsidianasoola-scaled.jpg","type":"image\/jpeg"}],"twitter_card":"summary_large_image","twitter_misc":{"Temps estimat de lectura":"1 minut"},"schema":{"@context":"https:\/\/schema.org","@graph":[{"@type":"WebPage","@id":"https:\/\/mineraleslunallena.com\/producto\/obsidiana-negra-forma-proteccion-transmutacion\/","url":"https:\/\/mineraleslunallena.com\/producto\/obsidiana-negra-forma-proteccion-transmutacion\/","name":"Obsidiana Negra Forma | Protecci\u00f3n - Transmutaci\u00f3n - MINERALES LUNA LLENA","isPartOf":{"@id":"https:\/\/mineraleslunallena.com\/#website"},"primaryImageOfPage":{"@id":"https:\/\/mineraleslunallena.com\/producto\/obsidiana-negra-forma-proteccion-transmutacion\/#primaryimage"},"image":{"@id":"https:\/\/mineraleslunallena.com\/producto\/obsidiana-negra-forma-proteccion-transmutacion\/#primaryimage"},"thumbnailUrl":"https:\/\/mineraleslunallena.com\/wp-content\/uploads\/2024\/12\/obsidianasoola-scaled.jpg","datePublished":"2024-12-06T20:17:19+00:00","breadcrumb":{"@id":"https:\/\/mineraleslunallena.com\/producto\/obsidiana-negra-forma-proteccion-transmutacion\/#breadcrumb"},"inLanguage":"ca","potentialAction":[{"@type":"ReadAction","target":["https:\/\/mineraleslunallena.com\/producto\/obsidiana-negra-forma-proteccion-transmutacion\/"]}]},{"@type":"ImageObject","inLanguage":"ca","@id":"https:\/\/mineraleslunallena.com\/producto\/obsidiana-negra-forma-proteccion-transmutacion\/#primaryimage","url":"https:\/\/mineraleslunallena.com\/wp-content\/uploads\/2024\/12\/obsidianasoola-scaled.jpg","contentUrl":"https:\/\/mineraleslunallena.com\/wp-content\/uploads\/2024\/12\/obsidianasoola-scaled.jpg","width":1153,"height":2560},{"@type":"BreadcrumbList","@id":"https:\/\/mineraleslunallena.com\/producto\/obsidiana-negra-forma-proteccion-transmutacion\/#breadcrumb","itemListElement":[{"@type":"ListItem","position":1,"name":"Portada","item":"https:\/\/mineraleslunallena.com\/"},{"@type":"ListItem","position":2,"name":"Shop","item":"https:\/\/mineraleslunallena.com\/ca\/shop\/"},{"@type":"ListItem","position":3,"name":"Obsidiana Negra Forma | Protecci\u00f3n &#8211; Transmutaci\u00f3n"}]},{"@type":"WebSite","@id":"https:\/\/mineraleslunallena.com\/#website","url":"https:\/\/mineraleslunallena.com\/","name":"LLUNA PLENA MINERALS","description":"\u00c9s el moment de connectar-te amb el teu poder i confiar en les teves habilitats.","publisher":{"@id":"https:\/\/mineraleslunallena.com\/#organization"},"potentialAction":[{"@type":"SearchAction","target":{"@type":"EntryPoint","urlTemplate":"https:\/\/mineraleslunallena.com\/?s={search_term_string}"},"query-input":{"@type":"PropertyValueSpecification","valueRequired":true,"valueName":"search_term_string"}}],"inLanguage":"ca"},{"@type":"Organization","@id":"https:\/\/mineraleslunallena.com\/#organization","name":"LLUNA PLENA MINERALS","url":"https:\/\/mineraleslunallena.com\/","logo":{"@type":"ImageObject","inLanguage":"ca","@id":"https:\/\/mineraleslunallena.com\/#\/schema\/logo\/image\/","url":"https:\/\/mineraleslunallena.com\/wp-content\/uploads\/2023\/07\/LUNA-LLENA-LOGO-nuevo.png","contentUrl":"https:\/\/mineraleslunallena.com\/wp-content\/uploads\/2023\/07\/LUNA-LLENA-LOGO-nuevo.png","width":229,"height":167,"caption":"LUNA LLENA MINERALES"},"image":{"@id":"https:\/\/mineraleslunallena.com\/#\/schema\/logo\/image\/"}}]}},"_links":{"self":[{"href":"https:\/\/mineraleslunallena.com\/ca\/wp-json\/wp\/v2\/product\/5180","targetHints":{"allow":["GET"]}}],"collection":[{"href":"https:\/\/mineraleslunallena.com\/ca\/wp-json\/wp\/v2\/product"}],"about":[{"href":"https:\/\/mineraleslunallena.com\/ca\/wp-json\/wp\/v2\/types\/product"}],"version-history":[{"count":1,"href":"https:\/\/mineraleslunallena.com\/ca\/wp-json\/wp\/v2\/product\/5180\/revisions"}],"predecessor-version":[{"id":5185,"href":"https:\/\/mineraleslunallena.com\/ca\/wp-json\/wp\/v2\/product\/5180\/revisions\/5185"}],"wp:featuredmedia":[{"embeddable":true,"href":"https:\/\/mineraleslunallena.com\/ca\/wp-json\/wp\/v2\/media\/5183"}],"wp:attachment":[{"href":"https:\/\/mineraleslunallena.com\/ca\/wp-json\/wp\/v2\/media?parent=5180"}],"wp:term":[{"taxonomy":"product_cat","embeddable":true,"href":"https:\/\/mineraleslunallena.com\/ca\/wp-json\/wp\/v2\/product_cat?post=5180"},{"taxonomy":"product_tag","embeddable":true,"href":"https:\/\/mineraleslunallena.com\/ca\/wp-json\/wp\/v2\/product_tag?post=5180"}],"curies":[{"name":"wp","href":"https:\/\/api.w.org\/{rel}","templated":true}]}}