{"id":5210,"date":"2024-12-06T22:50:02","date_gmt":"2024-12-06T21:50:02","guid":{"rendered":"https:\/\/mineraleslunallena.com\/?post_type=product&#038;p=5210"},"modified":"2024-12-06T22:50:02","modified_gmt":"2024-12-06T21:50:02","slug":"opalo-verde-monolito-sanacion-emocional-energia-renovadora","status":"publish","type":"product","link":"https:\/\/mineraleslunallena.com\/ca\/producte\/opalo-verde-monolito-sanacion-emocional-energia-renovadora\/","title":{"rendered":"\u00d2pal Verd Mon\u00f2lit | Sanaci\u00f3 Emocional \u2013 Energia Renovadora"},"content":{"rendered":"<p>El \u00d3palo Verde en forma de monolito, es un cristal cargado de <strong>energ\u00eda renovadora<\/strong> y de <strong>sanaci\u00f3n emocional<\/strong>, ideal para quienes buscan equilibrio y crecimiento personal.<\/p>\n<p>Espiritualmente, fomenta la conexi\u00f3n con la naturaleza, promoviendo armon\u00eda interior y ayudando a liberar tensiones emocionales.<\/p>\n<p>Es una piedra que estimula la creatividad y la esperanza, aportando frescura y una sensaci\u00f3n de renovaci\u00f3n.<\/p>\n<p>En cromoterapia, su tono verde vibrante est\u00e1 asociado con el chakra del coraz\u00f3n, favoreciendo el amor propio, la compasi\u00f3n y la paz emocional. Su presencia en el espacio irradia energ\u00eda de equilibrio y regeneraci\u00f3n, creando un ambiente sereno y revitalizante.<\/p>\n<p>Perfecta para lugares de meditaci\u00f3n o como pieza decorativa, inspira tranquilidad y un v\u00ednculo profundo con las energ\u00edas de la Tierra.<\/p>\n<p>&nbsp;<\/p>\n<p>Quantitat: 1 Unitat. El preu \u00e9s per una unitat.<br \/>\nTama\u00f1o: Entre 7 x 7 cent\u00edmetros aproximadamente.<br \/>\nForma: Monolito.<\/p>\n<p>&nbsp;<\/p>","protected":false},"excerpt":{"rendered":"<p>El \u00d3palo Verde en forma de monolito, es un cristal cargado de <strong>energ\u00eda renovadora<\/strong> y de <strong>sanaci\u00f3n emocional<\/strong>, ideal para quienes buscan equilibrio y crecimiento personal.<\/p>\n<p>Espiritualmente, fomenta la conexi\u00f3n con la naturaleza, promoviendo armon\u00eda interior y ayudando a liberar tensiones emocionales.<\/p>\n<p>Es una piedra que estimula la creatividad y la esperanza, aportando frescura y una sensaci\u00f3n de renovaci\u00f3n.<\/p>\n<p>En cromoterapia, su tono verde vibrante est\u00e1 asociado con el chakra del coraz\u00f3n, favoreciendo el amor propio, la compasi\u00f3n y la paz emocional. Su presencia en el espacio irradia energ\u00eda de equilibrio y regeneraci\u00f3n, creando un ambiente sereno y revitalizante.<\/p>\n<p>Perfecta para lugares de meditaci\u00f3n o como pieza decorativa, inspira tranquilidad y un v\u00ednculo profundo con las energ\u00edas de la Tierra.<\/p>\n<p>&nbsp;<\/p>\n<p>Quantitat: 1 Unitat. El preu \u00e9s per una unitat.<br \/>\nTama\u00f1o: Entre 7 x 7 cent\u00edmetros aproximadamente.<br \/>\nForma: Monolito.<\/p>","protected":false},"featured_media":5213,"template":"","meta":[],"product_cat":[73,69,106,15],"product_tag":[],"class_list":{"0":"post-5210","1":"product","2":"type-product","3":"status-publish","4":"has-post-thumbnail","6":"product_cat-esferas","7":"product_cat-minerales","8":"product_cat-piezas-unicas","9":"product_cat-uncategorized","11":"first","12":"instock","13":"sale","14":"taxable","15":"shipping-taxable","16":"purchasable","17":"product-type-simple"},"yoast_head":"<!-- This site is optimized with the Yoast SEO plugin v27.3 - https:\/\/yoast.com\/product\/yoast-seo-wordpress\/ -->\n<title>\u00d3palo Verde Monolito | Sanaci\u00f3n Emocional - Energ\u00eda Renovadora - MINERALES LUNA LLENA<\/title>\n<meta name=\"robots\" content=\"index, follow, max-snippet:-1, max-image-preview:large, max-video-preview:-1\" \/>\n<link rel=\"canonical\" href=\"https:\/\/mineraleslunallena.com\/ca\/producte\/opalo-verde-monolito-sanacion-emocional-energia-renovadora\/\" \/>\n<meta property=\"og:locale\" content=\"ca_ES\" \/>\n<meta property=\"og:type\" content=\"article\" \/>\n<meta property=\"og:title\" content=\"\u00d3palo Verde Monolito | Sanaci\u00f3n Emocional - Energ\u00eda Renovadora - MINERALES LUNA LLENA\" \/>\n<meta property=\"og:description\" content=\"El \u00d3palo Verde en forma de monolito, es un cristal cargado de energ\u00eda renovadora y de sanaci\u00f3n emocional, ideal para quienes buscan equilibrio y crecimiento personal.  Espiritualmente, fomenta la conexi\u00f3n con la naturaleza, promoviendo armon\u00eda interior y ayudando a liberar tensiones emocionales.  Es una piedra que estimula la creatividad y la esperanza, aportando frescura y una sensaci\u00f3n de renovaci\u00f3n.  En cromoterapia, su tono verde vibrante est\u00e1 asociado con el chakra del coraz\u00f3n, favoreciendo el amor propio, la compasi\u00f3n y la paz emocional. Su presencia en el espacio irradia energ\u00eda de equilibrio y regeneraci\u00f3n, creando un ambiente sereno y revitalizante.  Perfecta para lugares de meditaci\u00f3n o como pieza decorativa, inspira tranquilidad y un v\u00ednculo profundo con las energ\u00edas de la Tierra.  &nbsp;  Cantidad: 1 Unidad. El precio es por una unidad. Tama\u00f1o: Entre 7 x 7 cent\u00edmetros aproximadamente. Forma: Monolito.\" \/>\n<meta property=\"og:url\" content=\"https:\/\/mineraleslunallena.com\/ca\/producte\/opalo-verde-monolito-sanacion-emocional-energia-renovadora\/\" \/>\n<meta property=\"og:site_name\" content=\"MINERALES LUNA LLENA\" \/>\n<meta property=\"og:image\" content=\"https:\/\/mineraleslunallena.com\/wp-content\/uploads\/2024\/12\/opaloverdeportada-scaled.jpg\" \/>\n\t<meta property=\"og:image:width\" content=\"1153\" \/>\n\t<meta property=\"og:image:height\" content=\"2560\" \/>\n\t<meta property=\"og:image:type\" content=\"image\/jpeg\" \/>\n<meta name=\"twitter:card\" content=\"summary_large_image\" \/>\n<meta name=\"twitter:label1\" content=\"Temps estimat de lectura\" \/>\n\t<meta name=\"twitter:data1\" content=\"1 minut\" \/>\n<script type=\"application\/ld+json\" class=\"yoast-schema-graph\">{\"@context\":\"https:\\\/\\\/schema.org\",\"@graph\":[{\"@type\":\"WebPage\",\"@id\":\"https:\\\/\\\/mineraleslunallena.com\\\/producto\\\/opalo-verde-monolito-sanacion-emocional-energia-renovadora\\\/\",\"url\":\"https:\\\/\\\/mineraleslunallena.com\\\/producto\\\/opalo-verde-monolito-sanacion-emocional-energia-renovadora\\\/\",\"name\":\"\u00d3palo Verde Monolito | Sanaci\u00f3n Emocional - Energ\u00eda Renovadora - MINERALES LUNA LLENA\",\"isPartOf\":{\"@id\":\"https:\\\/\\\/mineraleslunallena.com\\\/#website\"},\"primaryImageOfPage\":{\"@id\":\"https:\\\/\\\/mineraleslunallena.com\\\/producto\\\/opalo-verde-monolito-sanacion-emocional-energia-renovadora\\\/#primaryimage\"},\"image\":{\"@id\":\"https:\\\/\\\/mineraleslunallena.com\\\/producto\\\/opalo-verde-monolito-sanacion-emocional-energia-renovadora\\\/#primaryimage\"},\"thumbnailUrl\":\"https:\\\/\\\/mineraleslunallena.com\\\/wp-content\\\/uploads\\\/2024\\\/12\\\/opaloverdeportada-scaled.jpg\",\"datePublished\":\"2024-12-06T21:50:02+00:00\",\"breadcrumb\":{\"@id\":\"https:\\\/\\\/mineraleslunallena.com\\\/producto\\\/opalo-verde-monolito-sanacion-emocional-energia-renovadora\\\/#breadcrumb\"},\"inLanguage\":\"ca\",\"potentialAction\":[{\"@type\":\"ReadAction\",\"target\":[\"https:\\\/\\\/mineraleslunallena.com\\\/producto\\\/opalo-verde-monolito-sanacion-emocional-energia-renovadora\\\/\"]}]},{\"@type\":\"ImageObject\",\"inLanguage\":\"ca\",\"@id\":\"https:\\\/\\\/mineraleslunallena.com\\\/producto\\\/opalo-verde-monolito-sanacion-emocional-energia-renovadora\\\/#primaryimage\",\"url\":\"https:\\\/\\\/mineraleslunallena.com\\\/wp-content\\\/uploads\\\/2024\\\/12\\\/opaloverdeportada-scaled.jpg\",\"contentUrl\":\"https:\\\/\\\/mineraleslunallena.com\\\/wp-content\\\/uploads\\\/2024\\\/12\\\/opaloverdeportada-scaled.jpg\",\"width\":1153,\"height\":2560},{\"@type\":\"BreadcrumbList\",\"@id\":\"https:\\\/\\\/mineraleslunallena.com\\\/producto\\\/opalo-verde-monolito-sanacion-emocional-energia-renovadora\\\/#breadcrumb\",\"itemListElement\":[{\"@type\":\"ListItem\",\"position\":1,\"name\":\"Portada\",\"item\":\"https:\\\/\\\/mineraleslunallena.com\\\/\"},{\"@type\":\"ListItem\",\"position\":2,\"name\":\"Shop\",\"item\":\"https:\\\/\\\/mineraleslunallena.com\\\/ca\\\/shop\\\/\"},{\"@type\":\"ListItem\",\"position\":3,\"name\":\"\u00d3palo Verde Monolito | Sanaci\u00f3n Emocional &#8211; Energ\u00eda Renovadora\"}]},{\"@type\":\"WebSite\",\"@id\":\"https:\\\/\\\/mineraleslunallena.com\\\/#website\",\"url\":\"https:\\\/\\\/mineraleslunallena.com\\\/\",\"name\":\"LUNA LLENA MINERALES\",\"description\":\"Es el momento de conectarte con tu propio poder y confiar en tus habilidades.\",\"publisher\":{\"@id\":\"https:\\\/\\\/mineraleslunallena.com\\\/#organization\"},\"potentialAction\":[{\"@type\":\"SearchAction\",\"target\":{\"@type\":\"EntryPoint\",\"urlTemplate\":\"https:\\\/\\\/mineraleslunallena.com\\\/?s={search_term_string}\"},\"query-input\":{\"@type\":\"PropertyValueSpecification\",\"valueRequired\":true,\"valueName\":\"search_term_string\"}}],\"inLanguage\":\"ca\"},{\"@type\":\"Organization\",\"@id\":\"https:\\\/\\\/mineraleslunallena.com\\\/#organization\",\"name\":\"LUNA LLENA MINERALES\",\"url\":\"https:\\\/\\\/mineraleslunallena.com\\\/\",\"logo\":{\"@type\":\"ImageObject\",\"inLanguage\":\"ca\",\"@id\":\"https:\\\/\\\/mineraleslunallena.com\\\/#\\\/schema\\\/logo\\\/image\\\/\",\"url\":\"https:\\\/\\\/mineraleslunallena.com\\\/wp-content\\\/uploads\\\/2023\\\/07\\\/LUNA-LLENA-LOGO-nuevo.png\",\"contentUrl\":\"https:\\\/\\\/mineraleslunallena.com\\\/wp-content\\\/uploads\\\/2023\\\/07\\\/LUNA-LLENA-LOGO-nuevo.png\",\"width\":229,\"height\":167,\"caption\":\"LUNA LLENA MINERALES\"},\"image\":{\"@id\":\"https:\\\/\\\/mineraleslunallena.com\\\/#\\\/schema\\\/logo\\\/image\\\/\"}}]}<\/script>\n<!-- \/ Yoast SEO plugin. -->","yoast_head_json":{"title":"\u00d3palo Verde Monolito | Sanaci\u00f3n Emocional - Energ\u00eda Renovadora - MINERALES LUNA LLENA","robots":{"index":"index","follow":"follow","max-snippet":"max-snippet:-1","max-image-preview":"max-image-preview:large","max-video-preview":"max-video-preview:-1"},"canonical":"https:\/\/mineraleslunallena.com\/ca\/producte\/opalo-verde-monolito-sanacion-emocional-energia-renovadora\/","og_locale":"ca_ES","og_type":"article","og_title":"\u00d3palo Verde Monolito | Sanaci\u00f3n Emocional - Energ\u00eda Renovadora - MINERALES LUNA LLENA","og_description":"El \u00d3palo Verde en forma de monolito, es un cristal cargado de energ\u00eda renovadora y de sanaci\u00f3n emocional, ideal para quienes buscan equilibrio y crecimiento personal.  Espiritualmente, fomenta la conexi\u00f3n con la naturaleza, promoviendo armon\u00eda interior y ayudando a liberar tensiones emocionales.  Es una piedra que estimula la creatividad y la esperanza, aportando frescura y una sensaci\u00f3n de renovaci\u00f3n.  En cromoterapia, su tono verde vibrante est\u00e1 asociado con el chakra del coraz\u00f3n, favoreciendo el amor propio, la compasi\u00f3n y la paz emocional. Su presencia en el espacio irradia energ\u00eda de equilibrio y regeneraci\u00f3n, creando un ambiente sereno y revitalizante.  Perfecta para lugares de meditaci\u00f3n o como pieza decorativa, inspira tranquilidad y un v\u00ednculo profundo con las energ\u00edas de la Tierra.  &nbsp;  Cantidad: 1 Unidad. El precio es por una unidad. Tama\u00f1o: Entre 7 x 7 cent\u00edmetros aproximadamente. Forma: Monolito.","og_url":"https:\/\/mineraleslunallena.com\/ca\/producte\/opalo-verde-monolito-sanacion-emocional-energia-renovadora\/","og_site_name":"MINERALES LUNA LLENA","og_image":[{"width":1153,"height":2560,"url":"https:\/\/mineraleslunallena.com\/wp-content\/uploads\/2024\/12\/opaloverdeportada-scaled.jpg","type":"image\/jpeg"}],"twitter_card":"summary_large_image","twitter_misc":{"Temps estimat de lectura":"1 minut"},"schema":{"@context":"https:\/\/schema.org","@graph":[{"@type":"WebPage","@id":"https:\/\/mineraleslunallena.com\/producto\/opalo-verde-monolito-sanacion-emocional-energia-renovadora\/","url":"https:\/\/mineraleslunallena.com\/producto\/opalo-verde-monolito-sanacion-emocional-energia-renovadora\/","name":"\u00d3palo Verde Monolito | Sanaci\u00f3n Emocional - Energ\u00eda Renovadora - MINERALES LUNA LLENA","isPartOf":{"@id":"https:\/\/mineraleslunallena.com\/#website"},"primaryImageOfPage":{"@id":"https:\/\/mineraleslunallena.com\/producto\/opalo-verde-monolito-sanacion-emocional-energia-renovadora\/#primaryimage"},"image":{"@id":"https:\/\/mineraleslunallena.com\/producto\/opalo-verde-monolito-sanacion-emocional-energia-renovadora\/#primaryimage"},"thumbnailUrl":"https:\/\/mineraleslunallena.com\/wp-content\/uploads\/2024\/12\/opaloverdeportada-scaled.jpg","datePublished":"2024-12-06T21:50:02+00:00","breadcrumb":{"@id":"https:\/\/mineraleslunallena.com\/producto\/opalo-verde-monolito-sanacion-emocional-energia-renovadora\/#breadcrumb"},"inLanguage":"ca","potentialAction":[{"@type":"ReadAction","target":["https:\/\/mineraleslunallena.com\/producto\/opalo-verde-monolito-sanacion-emocional-energia-renovadora\/"]}]},{"@type":"ImageObject","inLanguage":"ca","@id":"https:\/\/mineraleslunallena.com\/producto\/opalo-verde-monolito-sanacion-emocional-energia-renovadora\/#primaryimage","url":"https:\/\/mineraleslunallena.com\/wp-content\/uploads\/2024\/12\/opaloverdeportada-scaled.jpg","contentUrl":"https:\/\/mineraleslunallena.com\/wp-content\/uploads\/2024\/12\/opaloverdeportada-scaled.jpg","width":1153,"height":2560},{"@type":"BreadcrumbList","@id":"https:\/\/mineraleslunallena.com\/producto\/opalo-verde-monolito-sanacion-emocional-energia-renovadora\/#breadcrumb","itemListElement":[{"@type":"ListItem","position":1,"name":"Portada","item":"https:\/\/mineraleslunallena.com\/"},{"@type":"ListItem","position":2,"name":"Shop","item":"https:\/\/mineraleslunallena.com\/ca\/shop\/"},{"@type":"ListItem","position":3,"name":"\u00d3palo Verde Monolito | Sanaci\u00f3n Emocional &#8211; Energ\u00eda Renovadora"}]},{"@type":"WebSite","@id":"https:\/\/mineraleslunallena.com\/#website","url":"https:\/\/mineraleslunallena.com\/","name":"LLUNA PLENA MINERALS","description":"\u00c9s el moment de connectar-te amb el teu poder i confiar en les teves habilitats.","publisher":{"@id":"https:\/\/mineraleslunallena.com\/#organization"},"potentialAction":[{"@type":"SearchAction","target":{"@type":"EntryPoint","urlTemplate":"https:\/\/mineraleslunallena.com\/?s={search_term_string}"},"query-input":{"@type":"PropertyValueSpecification","valueRequired":true,"valueName":"search_term_string"}}],"inLanguage":"ca"},{"@type":"Organization","@id":"https:\/\/mineraleslunallena.com\/#organization","name":"LLUNA PLENA MINERALS","url":"https:\/\/mineraleslunallena.com\/","logo":{"@type":"ImageObject","inLanguage":"ca","@id":"https:\/\/mineraleslunallena.com\/#\/schema\/logo\/image\/","url":"https:\/\/mineraleslunallena.com\/wp-content\/uploads\/2023\/07\/LUNA-LLENA-LOGO-nuevo.png","contentUrl":"https:\/\/mineraleslunallena.com\/wp-content\/uploads\/2023\/07\/LUNA-LLENA-LOGO-nuevo.png","width":229,"height":167,"caption":"LUNA LLENA MINERALES"},"image":{"@id":"https:\/\/mineraleslunallena.com\/#\/schema\/logo\/image\/"}}]}},"_links":{"self":[{"href":"https:\/\/mineraleslunallena.com\/ca\/wp-json\/wp\/v2\/product\/5210","targetHints":{"allow":["GET"]}}],"collection":[{"href":"https:\/\/mineraleslunallena.com\/ca\/wp-json\/wp\/v2\/product"}],"about":[{"href":"https:\/\/mineraleslunallena.com\/ca\/wp-json\/wp\/v2\/types\/product"}],"version-history":[{"count":2,"href":"https:\/\/mineraleslunallena.com\/ca\/wp-json\/wp\/v2\/product\/5210\/revisions"}],"predecessor-version":[{"id":5216,"href":"https:\/\/mineraleslunallena.com\/ca\/wp-json\/wp\/v2\/product\/5210\/revisions\/5216"}],"wp:featuredmedia":[{"embeddable":true,"href":"https:\/\/mineraleslunallena.com\/ca\/wp-json\/wp\/v2\/media\/5213"}],"wp:attachment":[{"href":"https:\/\/mineraleslunallena.com\/ca\/wp-json\/wp\/v2\/media?parent=5210"}],"wp:term":[{"taxonomy":"product_cat","embeddable":true,"href":"https:\/\/mineraleslunallena.com\/ca\/wp-json\/wp\/v2\/product_cat?post=5210"},{"taxonomy":"product_tag","embeddable":true,"href":"https:\/\/mineraleslunallena.com\/ca\/wp-json\/wp\/v2\/product_tag?post=5210"}],"curies":[{"name":"wp","href":"https:\/\/api.w.org\/{rel}","templated":true}]}}