{"id":5239,"date":"2024-12-10T15:49:41","date_gmt":"2024-12-10T14:49:41","guid":{"rendered":"https:\/\/mineraleslunallena.com\/?post_type=product&#038;p=5239"},"modified":"2025-04-06T11:01:21","modified_gmt":"2025-04-06T09:01:21","slug":"atrapasol-ganesha-abre-caminos-proteccion","status":"publish","type":"product","link":"https:\/\/mineraleslunallena.com\/ca\/producte\/atrapasol-ganesha-abre-caminos-proteccion\/","title":{"rendered":"AtrapaSol Ganesha | Obre camins \u2013 Protecci\u00f3"},"content":{"rendered":"<p>El Atrapasol de Ganesha canaliza la energ\u00eda del sol, iluminando espacios con claridad y abundancia espiritual.<\/p>\n<p>Como s\u00edmbolo de sabidur\u00eda y superaci\u00f3n de obst\u00e1culos, invita a la introspecci\u00f3n y la fuerza interior.<\/p>\n<p>Colgado en un lugar estrat\u00e9gico, armoniza el entorno, atrayendo prosperidad y equilibrio. Sus reflejos activan la energ\u00eda positiva, disolviendo bloqueos emocionales y promoviendo la creatividad.<\/p>\n<p>La figura de Ganesha fortalece la conexi\u00f3n con lo divino, abriendo caminos para nuevos comienzos. Es ideal para meditar, reforzar intenciones y llenar el hogar de paz y protecci\u00f3n.<\/p>\n<p>El dise\u00f1o en c\u00edrculo plano del atrapasol de Ganesha potencia su simbolismo espiritual, ya que el c\u00edrculo representa la perfecci\u00f3n, la unidad y el ciclo eterno de la vida.<\/p>\n<p>Este formato favorece la distribuci\u00f3n uniforme de la luz, irradiando energ\u00eda positiva en todas direcciones. Su estructura plana permite una mayor interacci\u00f3n con los rayos del sol, maximizando los reflejos y creando un ambiente lleno de armon\u00eda y serenidad. Adem\u00e1s, el c\u00edrculo conecta con la idea de protecci\u00f3n infinita, creando un escudo energ\u00e9tico que equilibra las vibraciones del espacio.<\/p>\n<p>&nbsp;<\/p>\n<p>Quantitat: 1 Unitat. El preu \u00e9s per una unitat.<\/p>\n<p>Tama\u00f1o: 20 cent\u00edmetros aproximadamente.<\/p>\n<p>Forma: C\u00edrculo.<\/p>","protected":false},"excerpt":{"rendered":"<p>El Atrapasol de Ganesha canaliza la energ\u00eda del sol, iluminando espacios con claridad y abundancia espiritual.<\/p>\n<p>Como s\u00edmbolo de sabidur\u00eda y superaci\u00f3n de obst\u00e1culos, invita a la introspecci\u00f3n y la fuerza interior.<\/p>\n<p>Colgado en un lugar estrat\u00e9gico, armoniza el entorno, atrayendo prosperidad y equilibrio. Sus reflejos activan la energ\u00eda positiva, disolviendo bloqueos emocionales y promoviendo la creatividad.<\/p>\n<p>La figura de Ganesha fortalece la conexi\u00f3n con lo divino, abriendo caminos para nuevos comienzos. Es ideal para meditar, reforzar intenciones y llenar el hogar de paz y protecci\u00f3n.<\/p>\n<p>El dise\u00f1o en c\u00edrculo plano del atrapasol de Ganesha potencia su simbolismo espiritual, ya que el c\u00edrculo representa la perfecci\u00f3n, la unidad y el ciclo eterno de la vida.<\/p>\n<p>Este formato favorece la distribuci\u00f3n uniforme de la luz, irradiando energ\u00eda positiva en todas direcciones. Su estructura plana permite una mayor interacci\u00f3n con los rayos del sol, maximizando los reflejos y creando un ambiente lleno de armon\u00eda y serenidad. Adem\u00e1s, el c\u00edrculo conecta con la idea de protecci\u00f3n infinita, creando un escudo energ\u00e9tico que equilibra las vibraciones del espacio.<\/p>\n<p>&nbsp;<\/p>\n<p>Quantitat: 1 Unitat. El preu \u00e9s per una unitat.<\/p>\n<p>Tama\u00f1o: 20 cent\u00edmetros aproximadamente.<\/p>\n<p>Forma: C\u00edrculo.<\/p>","protected":false},"featured_media":5284,"template":"","meta":[],"product_cat":[128,15],"product_tag":[],"class_list":{"0":"post-5239","1":"product","2":"type-product","3":"status-publish","4":"has-post-thumbnail","6":"product_cat-feng-shui","7":"product_cat-uncategorized","9":"first","10":"instock","11":"sale","12":"taxable","13":"shipping-taxable","14":"purchasable","15":"product-type-simple"},"yoast_head":"<!-- This site is optimized with the Yoast SEO plugin v27.3 - https:\/\/yoast.com\/product\/yoast-seo-wordpress\/ -->\n<title>AtrapaSol Ganesha | Abre caminos - Protecci\u00f3n - MINERALES LUNA LLENA<\/title>\n<meta name=\"robots\" content=\"index, follow, max-snippet:-1, max-image-preview:large, max-video-preview:-1\" \/>\n<link rel=\"canonical\" href=\"https:\/\/mineraleslunallena.com\/ca\/producte\/atrapasol-ganesha-abre-caminos-proteccion\/\" \/>\n<meta property=\"og:locale\" content=\"ca_ES\" \/>\n<meta property=\"og:type\" content=\"article\" \/>\n<meta property=\"og:title\" content=\"AtrapaSol Ganesha | Abre caminos - Protecci\u00f3n - MINERALES LUNA LLENA\" \/>\n<meta property=\"og:description\" content=\"El Atrapasol de Ganesha canaliza la energ\u00eda del sol, iluminando espacios con claridad y abundancia espiritual.  Como s\u00edmbolo de sabidur\u00eda y superaci\u00f3n de obst\u00e1culos, invita a la introspecci\u00f3n y la fuerza interior.  Colgado en un lugar estrat\u00e9gico, armoniza el entorno, atrayendo prosperidad y equilibrio. Sus reflejos activan la energ\u00eda positiva, disolviendo bloqueos emocionales y promoviendo la creatividad.  La figura de Ganesha fortalece la conexi\u00f3n con lo divino, abriendo caminos para nuevos comienzos. Es ideal para meditar, reforzar intenciones y llenar el hogar de paz y protecci\u00f3n.  El dise\u00f1o en c\u00edrculo plano del atrapasol de Ganesha potencia su simbolismo espiritual, ya que el c\u00edrculo representa la perfecci\u00f3n, la unidad y el ciclo eterno de la vida.  Este formato favorece la distribuci\u00f3n uniforme de la luz, irradiando energ\u00eda positiva en todas direcciones. Su estructura plana permite una mayor interacci\u00f3n con los rayos del sol, maximizando los reflejos y creando un ambiente lleno de armon\u00eda y serenidad. Adem\u00e1s, el c\u00edrculo conecta con la idea de protecci\u00f3n infinita, creando un escudo energ\u00e9tico que equilibra las vibraciones del espacio.  &nbsp;  Cantidad: 1 Unidad. El precio es por una unidad.  Tama\u00f1o: 20 cent\u00edmetros aproximadamente.  Forma: C\u00edrculo.\" \/>\n<meta property=\"og:url\" content=\"https:\/\/mineraleslunallena.com\/ca\/producte\/atrapasol-ganesha-abre-caminos-proteccion\/\" \/>\n<meta property=\"og:site_name\" content=\"MINERALES LUNA LLENA\" \/>\n<meta property=\"article:modified_time\" content=\"2025-04-06T09:01:21+00:00\" \/>\n<meta property=\"og:image\" content=\"https:\/\/mineraleslunallena.com\/wp-content\/uploads\/2024\/12\/GASHASOL-scaled.jpg\" \/>\n\t<meta property=\"og:image:width\" content=\"1153\" \/>\n\t<meta property=\"og:image:height\" content=\"2560\" \/>\n\t<meta property=\"og:image:type\" content=\"image\/jpeg\" \/>\n<meta name=\"twitter:card\" content=\"summary_large_image\" \/>\n<meta name=\"twitter:label1\" content=\"Temps estimat de lectura\" \/>\n\t<meta name=\"twitter:data1\" content=\"2 minuts\" \/>\n<script type=\"application\/ld+json\" class=\"yoast-schema-graph\">{\"@context\":\"https:\\\/\\\/schema.org\",\"@graph\":[{\"@type\":\"WebPage\",\"@id\":\"https:\\\/\\\/mineraleslunallena.com\\\/producto\\\/atrapasol-ganesha-abre-caminos-proteccion\\\/\",\"url\":\"https:\\\/\\\/mineraleslunallena.com\\\/producto\\\/atrapasol-ganesha-abre-caminos-proteccion\\\/\",\"name\":\"AtrapaSol Ganesha | Abre caminos - Protecci\u00f3n - MINERALES LUNA LLENA\",\"isPartOf\":{\"@id\":\"https:\\\/\\\/mineraleslunallena.com\\\/#website\"},\"primaryImageOfPage\":{\"@id\":\"https:\\\/\\\/mineraleslunallena.com\\\/producto\\\/atrapasol-ganesha-abre-caminos-proteccion\\\/#primaryimage\"},\"image\":{\"@id\":\"https:\\\/\\\/mineraleslunallena.com\\\/producto\\\/atrapasol-ganesha-abre-caminos-proteccion\\\/#primaryimage\"},\"thumbnailUrl\":\"https:\\\/\\\/mineraleslunallena.com\\\/wp-content\\\/uploads\\\/2024\\\/12\\\/GASHASOL-scaled.jpg\",\"datePublished\":\"2024-12-10T14:49:41+00:00\",\"dateModified\":\"2025-04-06T09:01:21+00:00\",\"breadcrumb\":{\"@id\":\"https:\\\/\\\/mineraleslunallena.com\\\/producto\\\/atrapasol-ganesha-abre-caminos-proteccion\\\/#breadcrumb\"},\"inLanguage\":\"ca\",\"potentialAction\":[{\"@type\":\"ReadAction\",\"target\":[\"https:\\\/\\\/mineraleslunallena.com\\\/producto\\\/atrapasol-ganesha-abre-caminos-proteccion\\\/\"]}]},{\"@type\":\"ImageObject\",\"inLanguage\":\"ca\",\"@id\":\"https:\\\/\\\/mineraleslunallena.com\\\/producto\\\/atrapasol-ganesha-abre-caminos-proteccion\\\/#primaryimage\",\"url\":\"https:\\\/\\\/mineraleslunallena.com\\\/wp-content\\\/uploads\\\/2024\\\/12\\\/GASHASOL-scaled.jpg\",\"contentUrl\":\"https:\\\/\\\/mineraleslunallena.com\\\/wp-content\\\/uploads\\\/2024\\\/12\\\/GASHASOL-scaled.jpg\",\"width\":1153,\"height\":2560},{\"@type\":\"BreadcrumbList\",\"@id\":\"https:\\\/\\\/mineraleslunallena.com\\\/producto\\\/atrapasol-ganesha-abre-caminos-proteccion\\\/#breadcrumb\",\"itemListElement\":[{\"@type\":\"ListItem\",\"position\":1,\"name\":\"Portada\",\"item\":\"https:\\\/\\\/mineraleslunallena.com\\\/\"},{\"@type\":\"ListItem\",\"position\":2,\"name\":\"Shop\",\"item\":\"https:\\\/\\\/mineraleslunallena.com\\\/ca\\\/shop\\\/\"},{\"@type\":\"ListItem\",\"position\":3,\"name\":\"AtrapaSol Ganesha | Abre caminos &#8211; Protecci\u00f3n\"}]},{\"@type\":\"WebSite\",\"@id\":\"https:\\\/\\\/mineraleslunallena.com\\\/#website\",\"url\":\"https:\\\/\\\/mineraleslunallena.com\\\/\",\"name\":\"LUNA LLENA MINERALES\",\"description\":\"Es el momento de conectarte con tu propio poder y confiar en tus habilidades.\",\"publisher\":{\"@id\":\"https:\\\/\\\/mineraleslunallena.com\\\/#organization\"},\"potentialAction\":[{\"@type\":\"SearchAction\",\"target\":{\"@type\":\"EntryPoint\",\"urlTemplate\":\"https:\\\/\\\/mineraleslunallena.com\\\/?s={search_term_string}\"},\"query-input\":{\"@type\":\"PropertyValueSpecification\",\"valueRequired\":true,\"valueName\":\"search_term_string\"}}],\"inLanguage\":\"ca\"},{\"@type\":\"Organization\",\"@id\":\"https:\\\/\\\/mineraleslunallena.com\\\/#organization\",\"name\":\"LUNA LLENA MINERALES\",\"url\":\"https:\\\/\\\/mineraleslunallena.com\\\/\",\"logo\":{\"@type\":\"ImageObject\",\"inLanguage\":\"ca\",\"@id\":\"https:\\\/\\\/mineraleslunallena.com\\\/#\\\/schema\\\/logo\\\/image\\\/\",\"url\":\"https:\\\/\\\/mineraleslunallena.com\\\/wp-content\\\/uploads\\\/2023\\\/07\\\/LUNA-LLENA-LOGO-nuevo.png\",\"contentUrl\":\"https:\\\/\\\/mineraleslunallena.com\\\/wp-content\\\/uploads\\\/2023\\\/07\\\/LUNA-LLENA-LOGO-nuevo.png\",\"width\":229,\"height\":167,\"caption\":\"LUNA LLENA MINERALES\"},\"image\":{\"@id\":\"https:\\\/\\\/mineraleslunallena.com\\\/#\\\/schema\\\/logo\\\/image\\\/\"}}]}<\/script>\n<!-- \/ Yoast SEO plugin. -->","yoast_head_json":{"title":"AtrapaSol Ganesha | Abre caminos - Protecci\u00f3n - MINERALES LUNA LLENA","robots":{"index":"index","follow":"follow","max-snippet":"max-snippet:-1","max-image-preview":"max-image-preview:large","max-video-preview":"max-video-preview:-1"},"canonical":"https:\/\/mineraleslunallena.com\/ca\/producte\/atrapasol-ganesha-abre-caminos-proteccion\/","og_locale":"ca_ES","og_type":"article","og_title":"AtrapaSol Ganesha | Abre caminos - Protecci\u00f3n - MINERALES LUNA LLENA","og_description":"El Atrapasol de Ganesha canaliza la energ\u00eda del sol, iluminando espacios con claridad y abundancia espiritual.  Como s\u00edmbolo de sabidur\u00eda y superaci\u00f3n de obst\u00e1culos, invita a la introspecci\u00f3n y la fuerza interior.  Colgado en un lugar estrat\u00e9gico, armoniza el entorno, atrayendo prosperidad y equilibrio. Sus reflejos activan la energ\u00eda positiva, disolviendo bloqueos emocionales y promoviendo la creatividad.  La figura de Ganesha fortalece la conexi\u00f3n con lo divino, abriendo caminos para nuevos comienzos. Es ideal para meditar, reforzar intenciones y llenar el hogar de paz y protecci\u00f3n.  El dise\u00f1o en c\u00edrculo plano del atrapasol de Ganesha potencia su simbolismo espiritual, ya que el c\u00edrculo representa la perfecci\u00f3n, la unidad y el ciclo eterno de la vida.  Este formato favorece la distribuci\u00f3n uniforme de la luz, irradiando energ\u00eda positiva en todas direcciones. Su estructura plana permite una mayor interacci\u00f3n con los rayos del sol, maximizando los reflejos y creando un ambiente lleno de armon\u00eda y serenidad. Adem\u00e1s, el c\u00edrculo conecta con la idea de protecci\u00f3n infinita, creando un escudo energ\u00e9tico que equilibra las vibraciones del espacio.  &nbsp;  Cantidad: 1 Unidad. El precio es por una unidad.  Tama\u00f1o: 20 cent\u00edmetros aproximadamente.  Forma: C\u00edrculo.","og_url":"https:\/\/mineraleslunallena.com\/ca\/producte\/atrapasol-ganesha-abre-caminos-proteccion\/","og_site_name":"MINERALES LUNA LLENA","article_modified_time":"2025-04-06T09:01:21+00:00","og_image":[{"width":1153,"height":2560,"url":"https:\/\/mineraleslunallena.com\/wp-content\/uploads\/2024\/12\/GASHASOL-scaled.jpg","type":"image\/jpeg"}],"twitter_card":"summary_large_image","twitter_misc":{"Temps estimat de lectura":"2 minuts"},"schema":{"@context":"https:\/\/schema.org","@graph":[{"@type":"WebPage","@id":"https:\/\/mineraleslunallena.com\/producto\/atrapasol-ganesha-abre-caminos-proteccion\/","url":"https:\/\/mineraleslunallena.com\/producto\/atrapasol-ganesha-abre-caminos-proteccion\/","name":"AtrapaSol Ganesha | Abre caminos - Protecci\u00f3n - MINERALES LUNA LLENA","isPartOf":{"@id":"https:\/\/mineraleslunallena.com\/#website"},"primaryImageOfPage":{"@id":"https:\/\/mineraleslunallena.com\/producto\/atrapasol-ganesha-abre-caminos-proteccion\/#primaryimage"},"image":{"@id":"https:\/\/mineraleslunallena.com\/producto\/atrapasol-ganesha-abre-caminos-proteccion\/#primaryimage"},"thumbnailUrl":"https:\/\/mineraleslunallena.com\/wp-content\/uploads\/2024\/12\/GASHASOL-scaled.jpg","datePublished":"2024-12-10T14:49:41+00:00","dateModified":"2025-04-06T09:01:21+00:00","breadcrumb":{"@id":"https:\/\/mineraleslunallena.com\/producto\/atrapasol-ganesha-abre-caminos-proteccion\/#breadcrumb"},"inLanguage":"ca","potentialAction":[{"@type":"ReadAction","target":["https:\/\/mineraleslunallena.com\/producto\/atrapasol-ganesha-abre-caminos-proteccion\/"]}]},{"@type":"ImageObject","inLanguage":"ca","@id":"https:\/\/mineraleslunallena.com\/producto\/atrapasol-ganesha-abre-caminos-proteccion\/#primaryimage","url":"https:\/\/mineraleslunallena.com\/wp-content\/uploads\/2024\/12\/GASHASOL-scaled.jpg","contentUrl":"https:\/\/mineraleslunallena.com\/wp-content\/uploads\/2024\/12\/GASHASOL-scaled.jpg","width":1153,"height":2560},{"@type":"BreadcrumbList","@id":"https:\/\/mineraleslunallena.com\/producto\/atrapasol-ganesha-abre-caminos-proteccion\/#breadcrumb","itemListElement":[{"@type":"ListItem","position":1,"name":"Portada","item":"https:\/\/mineraleslunallena.com\/"},{"@type":"ListItem","position":2,"name":"Shop","item":"https:\/\/mineraleslunallena.com\/ca\/shop\/"},{"@type":"ListItem","position":3,"name":"AtrapaSol Ganesha | Abre caminos &#8211; Protecci\u00f3n"}]},{"@type":"WebSite","@id":"https:\/\/mineraleslunallena.com\/#website","url":"https:\/\/mineraleslunallena.com\/","name":"LLUNA PLENA MINERALS","description":"\u00c9s el moment de connectar-te amb el teu poder i confiar en les teves habilitats.","publisher":{"@id":"https:\/\/mineraleslunallena.com\/#organization"},"potentialAction":[{"@type":"SearchAction","target":{"@type":"EntryPoint","urlTemplate":"https:\/\/mineraleslunallena.com\/?s={search_term_string}"},"query-input":{"@type":"PropertyValueSpecification","valueRequired":true,"valueName":"search_term_string"}}],"inLanguage":"ca"},{"@type":"Organization","@id":"https:\/\/mineraleslunallena.com\/#organization","name":"LLUNA PLENA MINERALS","url":"https:\/\/mineraleslunallena.com\/","logo":{"@type":"ImageObject","inLanguage":"ca","@id":"https:\/\/mineraleslunallena.com\/#\/schema\/logo\/image\/","url":"https:\/\/mineraleslunallena.com\/wp-content\/uploads\/2023\/07\/LUNA-LLENA-LOGO-nuevo.png","contentUrl":"https:\/\/mineraleslunallena.com\/wp-content\/uploads\/2023\/07\/LUNA-LLENA-LOGO-nuevo.png","width":229,"height":167,"caption":"LUNA LLENA MINERALES"},"image":{"@id":"https:\/\/mineraleslunallena.com\/#\/schema\/logo\/image\/"}}]}},"_links":{"self":[{"href":"https:\/\/mineraleslunallena.com\/ca\/wp-json\/wp\/v2\/product\/5239","targetHints":{"allow":["GET"]}}],"collection":[{"href":"https:\/\/mineraleslunallena.com\/ca\/wp-json\/wp\/v2\/product"}],"about":[{"href":"https:\/\/mineraleslunallena.com\/ca\/wp-json\/wp\/v2\/types\/product"}],"version-history":[{"count":2,"href":"https:\/\/mineraleslunallena.com\/ca\/wp-json\/wp\/v2\/product\/5239\/revisions"}],"predecessor-version":[{"id":5285,"href":"https:\/\/mineraleslunallena.com\/ca\/wp-json\/wp\/v2\/product\/5239\/revisions\/5285"}],"wp:featuredmedia":[{"embeddable":true,"href":"https:\/\/mineraleslunallena.com\/ca\/wp-json\/wp\/v2\/media\/5284"}],"wp:attachment":[{"href":"https:\/\/mineraleslunallena.com\/ca\/wp-json\/wp\/v2\/media?parent=5239"}],"wp:term":[{"taxonomy":"product_cat","embeddable":true,"href":"https:\/\/mineraleslunallena.com\/ca\/wp-json\/wp\/v2\/product_cat?post=5239"},{"taxonomy":"product_tag","embeddable":true,"href":"https:\/\/mineraleslunallena.com\/ca\/wp-json\/wp\/v2\/product_tag?post=5239"}],"curies":[{"name":"wp","href":"https:\/\/api.w.org\/{rel}","templated":true}]}}