{"id":5246,"date":"2024-12-10T16:14:51","date_gmt":"2024-12-10T15:14:51","guid":{"rendered":"https:\/\/mineraleslunallena.com\/?post_type=product&#038;p=5246"},"modified":"2025-01-21T19:19:44","modified_gmt":"2025-01-21T18:19:44","slug":"panel-ganesha-baby-abre-caminos-welcome","status":"publish","type":"product","link":"https:\/\/mineraleslunallena.com\/ca\/producte\/panel-ganesha-baby-abre-caminos-welcome\/","title":{"rendered":"Panel Ganesha Baby | Abre Caminos &#8211; Welcome"},"content":{"rendered":"<p>El panel redondo de Ganesha Baby con las letras <em>Welcome<\/em> combina la energ\u00eda acogedora de Ganesha con la calidez de la bienvenida.<\/p>\n<p>Este dise\u00f1o simboliza el inicio de nuevos ciclos llenos de prosperidad, eliminando obst\u00e1culos y atrayendo buena fortuna para quienes ingresan al espacio. El aluminio, por su ligereza y reflejo, amplifica la energ\u00eda positiva y fluye con facilidad, aportando equilibrio y claridad al entorno.<\/p>\n<p>La figura de Ganesha Baby resalta la pureza, la protecci\u00f3n y la alegr\u00eda, convirtiendo cualquier espacio en un lugar de armon\u00eda y serenidad. La palabra <em>Welcome<\/em> refuerza la invitaci\u00f3n a la abundancia y la paz espiritual, mientras el c\u00edrculo a\u00f1ade un sentido de unidad y protecci\u00f3n.<\/p>\n<p>&nbsp;<\/p>\n<p>Quantitat: 1 Unitat. El preu \u00e9s per una unitat.<\/p>\n<p>Tama\u00f1o: 20 cent\u00edmetros aproximandamente.<\/p>\n<p>Forma: C\u00edrculo. Aluminio.<\/p>","protected":false},"excerpt":{"rendered":"<p>El panel redondo de Ganesha Baby con las letras <em>Welcome<\/em> combina la energ\u00eda acogedora de Ganesha con la calidez de la bienvenida.<\/p>\n<p>Este dise\u00f1o simboliza el inicio de nuevos ciclos llenos de prosperidad, eliminando obst\u00e1culos y atrayendo buena fortuna para quienes ingresan al espacio. El aluminio, por su ligereza y reflejo, amplifica la energ\u00eda positiva y fluye con facilidad, aportando equilibrio y claridad al entorno.<\/p>\n<p>La figura de Ganesha Baby resalta la pureza, la protecci\u00f3n y la alegr\u00eda, convirtiendo cualquier espacio en un lugar de armon\u00eda y serenidad. La palabra <em>Welcome<\/em> refuerza la invitaci\u00f3n a la abundancia y la paz espiritual, mientras el c\u00edrculo a\u00f1ade un sentido de unidad y protecci\u00f3n.<\/p>\n<p>&nbsp;<\/p>\n<p>Quantitat: 1 Unitat. El preu \u00e9s per una unitat.<\/p>\n<p>Tama\u00f1o: 20 cent\u00edmetros aproximandamente.<\/p>\n<p>Forma: C\u00edrculo. Aluminio.<\/p>","protected":false},"featured_media":5283,"template":"","meta":[],"product_cat":[128,15],"product_tag":[],"class_list":{"0":"post-5246","1":"product","2":"type-product","3":"status-publish","4":"has-post-thumbnail","6":"product_cat-feng-shui","7":"product_cat-uncategorized","9":"first","10":"instock","11":"sale","12":"taxable","13":"shipping-taxable","14":"purchasable","15":"product-type-simple"},"yoast_head":"<!-- This site is optimized with the Yoast SEO plugin v27.3 - https:\/\/yoast.com\/product\/yoast-seo-wordpress\/ -->\n<title>Panel Ganesha Baby | Abre Caminos - Welcome - MINERALES LUNA LLENA<\/title>\n<meta name=\"robots\" content=\"index, follow, max-snippet:-1, max-image-preview:large, max-video-preview:-1\" \/>\n<link rel=\"canonical\" href=\"https:\/\/mineraleslunallena.com\/ca\/producte\/panel-ganesha-baby-abre-caminos-welcome\/\" \/>\n<meta property=\"og:locale\" content=\"ca_ES\" \/>\n<meta property=\"og:type\" content=\"article\" \/>\n<meta property=\"og:title\" content=\"Panel Ganesha Baby | Abre Caminos - Welcome - MINERALES LUNA LLENA\" \/>\n<meta property=\"og:description\" content=\"El panel redondo de Ganesha Baby con las letras Welcome combina la energ\u00eda acogedora de Ganesha con la calidez de la bienvenida.  Este dise\u00f1o simboliza el inicio de nuevos ciclos llenos de prosperidad, eliminando obst\u00e1culos y atrayendo buena fortuna para quienes ingresan al espacio. El aluminio, por su ligereza y reflejo, amplifica la energ\u00eda positiva y fluye con facilidad, aportando equilibrio y claridad al entorno.  La figura de Ganesha Baby resalta la pureza, la protecci\u00f3n y la alegr\u00eda, convirtiendo cualquier espacio en un lugar de armon\u00eda y serenidad. La palabra Welcome refuerza la invitaci\u00f3n a la abundancia y la paz espiritual, mientras el c\u00edrculo a\u00f1ade un sentido de unidad y protecci\u00f3n.  &nbsp;  Cantidad: 1 Unidad. El precio es por una unidad.  Tama\u00f1o: 20 cent\u00edmetros aproximandamente.  Forma: C\u00edrculo. Aluminio.\" \/>\n<meta property=\"og:url\" content=\"https:\/\/mineraleslunallena.com\/ca\/producte\/panel-ganesha-baby-abre-caminos-welcome\/\" \/>\n<meta property=\"og:site_name\" content=\"MINERALES LUNA LLENA\" \/>\n<meta property=\"article:modified_time\" content=\"2025-01-21T18:19:44+00:00\" \/>\n<meta property=\"og:image\" content=\"https:\/\/mineraleslunallena.com\/wp-content\/uploads\/2024\/12\/GANESHAWELCOME-scaled.jpg\" \/>\n\t<meta property=\"og:image:width\" content=\"1153\" \/>\n\t<meta property=\"og:image:height\" content=\"2560\" \/>\n\t<meta property=\"og:image:type\" content=\"image\/jpeg\" \/>\n<meta name=\"twitter:card\" content=\"summary_large_image\" \/>\n<meta name=\"twitter:label1\" content=\"Temps estimat de lectura\" \/>\n\t<meta name=\"twitter:data1\" content=\"1 minut\" \/>\n<script type=\"application\/ld+json\" class=\"yoast-schema-graph\">{\"@context\":\"https:\\\/\\\/schema.org\",\"@graph\":[{\"@type\":\"WebPage\",\"@id\":\"https:\\\/\\\/mineraleslunallena.com\\\/producto\\\/panel-ganesha-baby-abre-caminos-welcome\\\/\",\"url\":\"https:\\\/\\\/mineraleslunallena.com\\\/producto\\\/panel-ganesha-baby-abre-caminos-welcome\\\/\",\"name\":\"Panel Ganesha Baby | Abre Caminos - Welcome - MINERALES LUNA LLENA\",\"isPartOf\":{\"@id\":\"https:\\\/\\\/mineraleslunallena.com\\\/#website\"},\"primaryImageOfPage\":{\"@id\":\"https:\\\/\\\/mineraleslunallena.com\\\/producto\\\/panel-ganesha-baby-abre-caminos-welcome\\\/#primaryimage\"},\"image\":{\"@id\":\"https:\\\/\\\/mineraleslunallena.com\\\/producto\\\/panel-ganesha-baby-abre-caminos-welcome\\\/#primaryimage\"},\"thumbnailUrl\":\"https:\\\/\\\/mineraleslunallena.com\\\/wp-content\\\/uploads\\\/2024\\\/12\\\/GANESHAWELCOME-scaled.jpg\",\"datePublished\":\"2024-12-10T15:14:51+00:00\",\"dateModified\":\"2025-01-21T18:19:44+00:00\",\"breadcrumb\":{\"@id\":\"https:\\\/\\\/mineraleslunallena.com\\\/producto\\\/panel-ganesha-baby-abre-caminos-welcome\\\/#breadcrumb\"},\"inLanguage\":\"ca\",\"potentialAction\":[{\"@type\":\"ReadAction\",\"target\":[\"https:\\\/\\\/mineraleslunallena.com\\\/producto\\\/panel-ganesha-baby-abre-caminos-welcome\\\/\"]}]},{\"@type\":\"ImageObject\",\"inLanguage\":\"ca\",\"@id\":\"https:\\\/\\\/mineraleslunallena.com\\\/producto\\\/panel-ganesha-baby-abre-caminos-welcome\\\/#primaryimage\",\"url\":\"https:\\\/\\\/mineraleslunallena.com\\\/wp-content\\\/uploads\\\/2024\\\/12\\\/GANESHAWELCOME-scaled.jpg\",\"contentUrl\":\"https:\\\/\\\/mineraleslunallena.com\\\/wp-content\\\/uploads\\\/2024\\\/12\\\/GANESHAWELCOME-scaled.jpg\",\"width\":1153,\"height\":2560},{\"@type\":\"BreadcrumbList\",\"@id\":\"https:\\\/\\\/mineraleslunallena.com\\\/producto\\\/panel-ganesha-baby-abre-caminos-welcome\\\/#breadcrumb\",\"itemListElement\":[{\"@type\":\"ListItem\",\"position\":1,\"name\":\"Portada\",\"item\":\"https:\\\/\\\/mineraleslunallena.com\\\/\"},{\"@type\":\"ListItem\",\"position\":2,\"name\":\"Shop\",\"item\":\"https:\\\/\\\/mineraleslunallena.com\\\/ca\\\/shop\\\/\"},{\"@type\":\"ListItem\",\"position\":3,\"name\":\"Panel Ganesha Baby | Abre Caminos &#8211; Welcome\"}]},{\"@type\":\"WebSite\",\"@id\":\"https:\\\/\\\/mineraleslunallena.com\\\/#website\",\"url\":\"https:\\\/\\\/mineraleslunallena.com\\\/\",\"name\":\"LUNA LLENA MINERALES\",\"description\":\"Es el momento de conectarte con tu propio poder y confiar en tus habilidades.\",\"publisher\":{\"@id\":\"https:\\\/\\\/mineraleslunallena.com\\\/#organization\"},\"potentialAction\":[{\"@type\":\"SearchAction\",\"target\":{\"@type\":\"EntryPoint\",\"urlTemplate\":\"https:\\\/\\\/mineraleslunallena.com\\\/?s={search_term_string}\"},\"query-input\":{\"@type\":\"PropertyValueSpecification\",\"valueRequired\":true,\"valueName\":\"search_term_string\"}}],\"inLanguage\":\"ca\"},{\"@type\":\"Organization\",\"@id\":\"https:\\\/\\\/mineraleslunallena.com\\\/#organization\",\"name\":\"LUNA LLENA MINERALES\",\"url\":\"https:\\\/\\\/mineraleslunallena.com\\\/\",\"logo\":{\"@type\":\"ImageObject\",\"inLanguage\":\"ca\",\"@id\":\"https:\\\/\\\/mineraleslunallena.com\\\/#\\\/schema\\\/logo\\\/image\\\/\",\"url\":\"https:\\\/\\\/mineraleslunallena.com\\\/wp-content\\\/uploads\\\/2023\\\/07\\\/LUNA-LLENA-LOGO-nuevo.png\",\"contentUrl\":\"https:\\\/\\\/mineraleslunallena.com\\\/wp-content\\\/uploads\\\/2023\\\/07\\\/LUNA-LLENA-LOGO-nuevo.png\",\"width\":229,\"height\":167,\"caption\":\"LUNA LLENA MINERALES\"},\"image\":{\"@id\":\"https:\\\/\\\/mineraleslunallena.com\\\/#\\\/schema\\\/logo\\\/image\\\/\"}}]}<\/script>\n<!-- \/ Yoast SEO plugin. -->","yoast_head_json":{"title":"Panel Ganesha Baby | Abre Caminos - Welcome - MINERALES LUNA LLENA","robots":{"index":"index","follow":"follow","max-snippet":"max-snippet:-1","max-image-preview":"max-image-preview:large","max-video-preview":"max-video-preview:-1"},"canonical":"https:\/\/mineraleslunallena.com\/ca\/producte\/panel-ganesha-baby-abre-caminos-welcome\/","og_locale":"ca_ES","og_type":"article","og_title":"Panel Ganesha Baby | Abre Caminos - Welcome - MINERALES LUNA LLENA","og_description":"El panel redondo de Ganesha Baby con las letras Welcome combina la energ\u00eda acogedora de Ganesha con la calidez de la bienvenida.  Este dise\u00f1o simboliza el inicio de nuevos ciclos llenos de prosperidad, eliminando obst\u00e1culos y atrayendo buena fortuna para quienes ingresan al espacio. El aluminio, por su ligereza y reflejo, amplifica la energ\u00eda positiva y fluye con facilidad, aportando equilibrio y claridad al entorno.  La figura de Ganesha Baby resalta la pureza, la protecci\u00f3n y la alegr\u00eda, convirtiendo cualquier espacio en un lugar de armon\u00eda y serenidad. La palabra Welcome refuerza la invitaci\u00f3n a la abundancia y la paz espiritual, mientras el c\u00edrculo a\u00f1ade un sentido de unidad y protecci\u00f3n.  &nbsp;  Cantidad: 1 Unidad. El precio es por una unidad.  Tama\u00f1o: 20 cent\u00edmetros aproximandamente.  Forma: C\u00edrculo. Aluminio.","og_url":"https:\/\/mineraleslunallena.com\/ca\/producte\/panel-ganesha-baby-abre-caminos-welcome\/","og_site_name":"MINERALES LUNA LLENA","article_modified_time":"2025-01-21T18:19:44+00:00","og_image":[{"width":1153,"height":2560,"url":"https:\/\/mineraleslunallena.com\/wp-content\/uploads\/2024\/12\/GANESHAWELCOME-scaled.jpg","type":"image\/jpeg"}],"twitter_card":"summary_large_image","twitter_misc":{"Temps estimat de lectura":"1 minut"},"schema":{"@context":"https:\/\/schema.org","@graph":[{"@type":"WebPage","@id":"https:\/\/mineraleslunallena.com\/producto\/panel-ganesha-baby-abre-caminos-welcome\/","url":"https:\/\/mineraleslunallena.com\/producto\/panel-ganesha-baby-abre-caminos-welcome\/","name":"Panel Ganesha Baby | Abre Caminos - Welcome - MINERALES LUNA LLENA","isPartOf":{"@id":"https:\/\/mineraleslunallena.com\/#website"},"primaryImageOfPage":{"@id":"https:\/\/mineraleslunallena.com\/producto\/panel-ganesha-baby-abre-caminos-welcome\/#primaryimage"},"image":{"@id":"https:\/\/mineraleslunallena.com\/producto\/panel-ganesha-baby-abre-caminos-welcome\/#primaryimage"},"thumbnailUrl":"https:\/\/mineraleslunallena.com\/wp-content\/uploads\/2024\/12\/GANESHAWELCOME-scaled.jpg","datePublished":"2024-12-10T15:14:51+00:00","dateModified":"2025-01-21T18:19:44+00:00","breadcrumb":{"@id":"https:\/\/mineraleslunallena.com\/producto\/panel-ganesha-baby-abre-caminos-welcome\/#breadcrumb"},"inLanguage":"ca","potentialAction":[{"@type":"ReadAction","target":["https:\/\/mineraleslunallena.com\/producto\/panel-ganesha-baby-abre-caminos-welcome\/"]}]},{"@type":"ImageObject","inLanguage":"ca","@id":"https:\/\/mineraleslunallena.com\/producto\/panel-ganesha-baby-abre-caminos-welcome\/#primaryimage","url":"https:\/\/mineraleslunallena.com\/wp-content\/uploads\/2024\/12\/GANESHAWELCOME-scaled.jpg","contentUrl":"https:\/\/mineraleslunallena.com\/wp-content\/uploads\/2024\/12\/GANESHAWELCOME-scaled.jpg","width":1153,"height":2560},{"@type":"BreadcrumbList","@id":"https:\/\/mineraleslunallena.com\/producto\/panel-ganesha-baby-abre-caminos-welcome\/#breadcrumb","itemListElement":[{"@type":"ListItem","position":1,"name":"Portada","item":"https:\/\/mineraleslunallena.com\/"},{"@type":"ListItem","position":2,"name":"Shop","item":"https:\/\/mineraleslunallena.com\/ca\/shop\/"},{"@type":"ListItem","position":3,"name":"Panel Ganesha Baby | Abre Caminos &#8211; Welcome"}]},{"@type":"WebSite","@id":"https:\/\/mineraleslunallena.com\/#website","url":"https:\/\/mineraleslunallena.com\/","name":"LLUNA PLENA MINERALS","description":"\u00c9s el moment de connectar-te amb el teu poder i confiar en les teves habilitats.","publisher":{"@id":"https:\/\/mineraleslunallena.com\/#organization"},"potentialAction":[{"@type":"SearchAction","target":{"@type":"EntryPoint","urlTemplate":"https:\/\/mineraleslunallena.com\/?s={search_term_string}"},"query-input":{"@type":"PropertyValueSpecification","valueRequired":true,"valueName":"search_term_string"}}],"inLanguage":"ca"},{"@type":"Organization","@id":"https:\/\/mineraleslunallena.com\/#organization","name":"LLUNA PLENA MINERALS","url":"https:\/\/mineraleslunallena.com\/","logo":{"@type":"ImageObject","inLanguage":"ca","@id":"https:\/\/mineraleslunallena.com\/#\/schema\/logo\/image\/","url":"https:\/\/mineraleslunallena.com\/wp-content\/uploads\/2023\/07\/LUNA-LLENA-LOGO-nuevo.png","contentUrl":"https:\/\/mineraleslunallena.com\/wp-content\/uploads\/2023\/07\/LUNA-LLENA-LOGO-nuevo.png","width":229,"height":167,"caption":"LUNA LLENA MINERALES"},"image":{"@id":"https:\/\/mineraleslunallena.com\/#\/schema\/logo\/image\/"}}]}},"_links":{"self":[{"href":"https:\/\/mineraleslunallena.com\/ca\/wp-json\/wp\/v2\/product\/5246","targetHints":{"allow":["GET"]}}],"collection":[{"href":"https:\/\/mineraleslunallena.com\/ca\/wp-json\/wp\/v2\/product"}],"about":[{"href":"https:\/\/mineraleslunallena.com\/ca\/wp-json\/wp\/v2\/types\/product"}],"version-history":[{"count":2,"href":"https:\/\/mineraleslunallena.com\/ca\/wp-json\/wp\/v2\/product\/5246\/revisions"}],"predecessor-version":[{"id":5249,"href":"https:\/\/mineraleslunallena.com\/ca\/wp-json\/wp\/v2\/product\/5246\/revisions\/5249"}],"wp:featuredmedia":[{"embeddable":true,"href":"https:\/\/mineraleslunallena.com\/ca\/wp-json\/wp\/v2\/media\/5283"}],"wp:attachment":[{"href":"https:\/\/mineraleslunallena.com\/ca\/wp-json\/wp\/v2\/media?parent=5246"}],"wp:term":[{"taxonomy":"product_cat","embeddable":true,"href":"https:\/\/mineraleslunallena.com\/ca\/wp-json\/wp\/v2\/product_cat?post=5246"},{"taxonomy":"product_tag","embeddable":true,"href":"https:\/\/mineraleslunallena.com\/ca\/wp-json\/wp\/v2\/product_tag?post=5246"}],"curies":[{"name":"wp","href":"https:\/\/api.w.org\/{rel}","templated":true}]}}