{"id":5325,"date":"2024-12-11T15:28:44","date_gmt":"2024-12-11T14:28:44","guid":{"rendered":"https:\/\/mineraleslunallena.com\/?post_type=product&#038;p=5325"},"modified":"2025-02-24T02:31:37","modified_gmt":"2025-02-24T01:31:37","slug":"agua-de-pusanga-union-amor","status":"publish","type":"product","link":"https:\/\/mineraleslunallena.com\/ca\/producte\/agua-de-pusanga-union-amor\/","title":{"rendered":"Agua de Pusanga | Uni\u00f3n &#8211; Amor"},"content":{"rendered":"<p>El Agua de Pusanga es un poderoso elixir utilizado tradicionalmente para atraer el amor, fortalecer relaciones y abrir caminos en temas afectivos.<\/p>\n<p>Su energ\u00eda vibrante act\u00faa como un im\u00e1n que potencia el encanto personal y refuerza la conexi\u00f3n emocional entre las personas.<\/p>\n<p>Ayuda a disolver bloqueos emocionales, permitiendo que la energ\u00eda fluya de manera armoniosa en la b\u00fasqueda de afectos sinceros.<\/p>\n<p>Es conocida por alinear las vibraciones del usuario con la frecuencia del amor y el deseo, incrementando la confianza y el magnetismo personal.<\/p>\n<p>Utilizada como herramienta ritual, intensifica la intenci\u00f3n y potencia los resultados en trabajos relacionados con la pasi\u00f3n y el afecto. Adem\u00e1s, su esencia natural purifica y equilibra las energ\u00edas del coraz\u00f3n.<\/p>\n<p>&nbsp;<\/p>\n<p>Quantitat: 1 Unitat. El preu \u00e9s per una unitat.<\/p>\n<p>Tama\u00f1o: 221 ml.<\/p>","protected":false},"excerpt":{"rendered":"<p>El Agua de Pusanga es un poderoso elixir utilizado tradicionalmente para atraer el amor, fortalecer relaciones y abrir caminos en temas afectivos.<\/p>\n<p>Su energ\u00eda vibrante act\u00faa como un im\u00e1n que potencia el encanto personal y refuerza la conexi\u00f3n emocional entre las personas.<\/p>\n<p>Ayuda a disolver bloqueos emocionales, permitiendo que la energ\u00eda fluya de manera armoniosa en la b\u00fasqueda de afectos sinceros.<\/p>\n<p>Es conocida por alinear las vibraciones del usuario con la frecuencia del amor y el deseo, incrementando la confianza y el magnetismo personal.<\/p>\n<p>Utilizada como herramienta ritual, intensifica la intenci\u00f3n y potencia los resultados en trabajos relacionados con la pasi\u00f3n y el afecto. Adem\u00e1s, su esencia natural purifica y equilibra las energ\u00edas del coraz\u00f3n.<\/p>\n<p>&nbsp;<\/p>\n<p>Quantitat: 1 Unitat. El preu \u00e9s per una unitat.<\/p>\n<p>Tama\u00f1o: 221 ml.<\/p>","protected":false},"featured_media":5331,"template":"","meta":[],"product_cat":[115,98],"product_tag":[],"class_list":{"0":"post-5325","1":"product","2":"type-product","3":"status-publish","4":"has-post-thumbnail","6":"product_cat-aguas-y-colonias","7":"product_cat-incienso","9":"first","10":"instock","11":"sale","12":"taxable","13":"shipping-taxable","14":"purchasable","15":"product-type-simple"},"yoast_head":"<!-- This site is optimized with the Yoast SEO plugin v27.3 - https:\/\/yoast.com\/product\/yoast-seo-wordpress\/ -->\n<title>Agua de Pusanga | Uni\u00f3n - Amor - MINERALES LUNA LLENA<\/title>\n<meta name=\"robots\" content=\"index, follow, max-snippet:-1, max-image-preview:large, max-video-preview:-1\" \/>\n<link rel=\"canonical\" href=\"https:\/\/mineraleslunallena.com\/ca\/producte\/agua-de-pusanga-union-amor\/\" \/>\n<meta property=\"og:locale\" content=\"ca_ES\" \/>\n<meta property=\"og:type\" content=\"article\" \/>\n<meta property=\"og:title\" content=\"Agua de Pusanga | Uni\u00f3n - Amor - MINERALES LUNA LLENA\" \/>\n<meta property=\"og:description\" content=\"El Agua de Pusanga es un poderoso elixir utilizado tradicionalmente para atraer el amor, fortalecer relaciones y abrir caminos en temas afectivos.  Su energ\u00eda vibrante act\u00faa como un im\u00e1n que potencia el encanto personal y refuerza la conexi\u00f3n emocional entre las personas.  Ayuda a disolver bloqueos emocionales, permitiendo que la energ\u00eda fluya de manera armoniosa en la b\u00fasqueda de afectos sinceros.  Es conocida por alinear las vibraciones del usuario con la frecuencia del amor y el deseo, incrementando la confianza y el magnetismo personal.  Utilizada como herramienta ritual, intensifica la intenci\u00f3n y potencia los resultados en trabajos relacionados con la pasi\u00f3n y el afecto. Adem\u00e1s, su esencia natural purifica y equilibra las energ\u00edas del coraz\u00f3n.  &nbsp;  Cantidad: 1 Unidad. El precio es por una unidad.  Tama\u00f1o: 221 ml.\" \/>\n<meta property=\"og:url\" content=\"https:\/\/mineraleslunallena.com\/ca\/producte\/agua-de-pusanga-union-amor\/\" \/>\n<meta property=\"og:site_name\" content=\"MINERALES LUNA LLENA\" \/>\n<meta property=\"article:modified_time\" content=\"2025-02-24T01:31:37+00:00\" \/>\n<meta property=\"og:image\" content=\"https:\/\/mineraleslunallena.com\/wp-content\/uploads\/2024\/12\/aguasunanga-scaled.jpg\" \/>\n\t<meta property=\"og:image:width\" content=\"1153\" \/>\n\t<meta property=\"og:image:height\" content=\"2560\" \/>\n\t<meta property=\"og:image:type\" content=\"image\/jpeg\" \/>\n<meta name=\"twitter:card\" content=\"summary_large_image\" \/>\n<meta name=\"twitter:label1\" content=\"Temps estimat de lectura\" \/>\n\t<meta name=\"twitter:data1\" content=\"1 minut\" \/>\n<script type=\"application\/ld+json\" class=\"yoast-schema-graph\">{\"@context\":\"https:\\\/\\\/schema.org\",\"@graph\":[{\"@type\":\"WebPage\",\"@id\":\"https:\\\/\\\/mineraleslunallena.com\\\/producto\\\/agua-de-pusanga-union-amor\\\/\",\"url\":\"https:\\\/\\\/mineraleslunallena.com\\\/producto\\\/agua-de-pusanga-union-amor\\\/\",\"name\":\"Agua de Pusanga | Uni\u00f3n - Amor - MINERALES LUNA LLENA\",\"isPartOf\":{\"@id\":\"https:\\\/\\\/mineraleslunallena.com\\\/#website\"},\"primaryImageOfPage\":{\"@id\":\"https:\\\/\\\/mineraleslunallena.com\\\/producto\\\/agua-de-pusanga-union-amor\\\/#primaryimage\"},\"image\":{\"@id\":\"https:\\\/\\\/mineraleslunallena.com\\\/producto\\\/agua-de-pusanga-union-amor\\\/#primaryimage\"},\"thumbnailUrl\":\"https:\\\/\\\/mineraleslunallena.com\\\/wp-content\\\/uploads\\\/2024\\\/12\\\/aguasunanga-scaled.jpg\",\"datePublished\":\"2024-12-11T14:28:44+00:00\",\"dateModified\":\"2025-02-24T01:31:37+00:00\",\"breadcrumb\":{\"@id\":\"https:\\\/\\\/mineraleslunallena.com\\\/producto\\\/agua-de-pusanga-union-amor\\\/#breadcrumb\"},\"inLanguage\":\"ca\",\"potentialAction\":[{\"@type\":\"ReadAction\",\"target\":[\"https:\\\/\\\/mineraleslunallena.com\\\/producto\\\/agua-de-pusanga-union-amor\\\/\"]}]},{\"@type\":\"ImageObject\",\"inLanguage\":\"ca\",\"@id\":\"https:\\\/\\\/mineraleslunallena.com\\\/producto\\\/agua-de-pusanga-union-amor\\\/#primaryimage\",\"url\":\"https:\\\/\\\/mineraleslunallena.com\\\/wp-content\\\/uploads\\\/2024\\\/12\\\/aguasunanga-scaled.jpg\",\"contentUrl\":\"https:\\\/\\\/mineraleslunallena.com\\\/wp-content\\\/uploads\\\/2024\\\/12\\\/aguasunanga-scaled.jpg\",\"width\":1153,\"height\":2560},{\"@type\":\"BreadcrumbList\",\"@id\":\"https:\\\/\\\/mineraleslunallena.com\\\/producto\\\/agua-de-pusanga-union-amor\\\/#breadcrumb\",\"itemListElement\":[{\"@type\":\"ListItem\",\"position\":1,\"name\":\"Portada\",\"item\":\"https:\\\/\\\/mineraleslunallena.com\\\/\"},{\"@type\":\"ListItem\",\"position\":2,\"name\":\"Shop\",\"item\":\"https:\\\/\\\/mineraleslunallena.com\\\/ca\\\/shop\\\/\"},{\"@type\":\"ListItem\",\"position\":3,\"name\":\"Agua de Pusanga | Uni\u00f3n &#8211; Amor\"}]},{\"@type\":\"WebSite\",\"@id\":\"https:\\\/\\\/mineraleslunallena.com\\\/#website\",\"url\":\"https:\\\/\\\/mineraleslunallena.com\\\/\",\"name\":\"LUNA LLENA MINERALES\",\"description\":\"Es el momento de conectarte con tu propio poder y confiar en tus habilidades.\",\"publisher\":{\"@id\":\"https:\\\/\\\/mineraleslunallena.com\\\/#organization\"},\"potentialAction\":[{\"@type\":\"SearchAction\",\"target\":{\"@type\":\"EntryPoint\",\"urlTemplate\":\"https:\\\/\\\/mineraleslunallena.com\\\/?s={search_term_string}\"},\"query-input\":{\"@type\":\"PropertyValueSpecification\",\"valueRequired\":true,\"valueName\":\"search_term_string\"}}],\"inLanguage\":\"ca\"},{\"@type\":\"Organization\",\"@id\":\"https:\\\/\\\/mineraleslunallena.com\\\/#organization\",\"name\":\"LUNA LLENA MINERALES\",\"url\":\"https:\\\/\\\/mineraleslunallena.com\\\/\",\"logo\":{\"@type\":\"ImageObject\",\"inLanguage\":\"ca\",\"@id\":\"https:\\\/\\\/mineraleslunallena.com\\\/#\\\/schema\\\/logo\\\/image\\\/\",\"url\":\"https:\\\/\\\/mineraleslunallena.com\\\/wp-content\\\/uploads\\\/2023\\\/07\\\/LUNA-LLENA-LOGO-nuevo.png\",\"contentUrl\":\"https:\\\/\\\/mineraleslunallena.com\\\/wp-content\\\/uploads\\\/2023\\\/07\\\/LUNA-LLENA-LOGO-nuevo.png\",\"width\":229,\"height\":167,\"caption\":\"LUNA LLENA MINERALES\"},\"image\":{\"@id\":\"https:\\\/\\\/mineraleslunallena.com\\\/#\\\/schema\\\/logo\\\/image\\\/\"}}]}<\/script>\n<!-- \/ Yoast SEO plugin. -->","yoast_head_json":{"title":"Agua de Pusanga | Uni\u00f3n - Amor - MINERALES LUNA LLENA","robots":{"index":"index","follow":"follow","max-snippet":"max-snippet:-1","max-image-preview":"max-image-preview:large","max-video-preview":"max-video-preview:-1"},"canonical":"https:\/\/mineraleslunallena.com\/ca\/producte\/agua-de-pusanga-union-amor\/","og_locale":"ca_ES","og_type":"article","og_title":"Agua de Pusanga | Uni\u00f3n - Amor - MINERALES LUNA LLENA","og_description":"El Agua de Pusanga es un poderoso elixir utilizado tradicionalmente para atraer el amor, fortalecer relaciones y abrir caminos en temas afectivos.  Su energ\u00eda vibrante act\u00faa como un im\u00e1n que potencia el encanto personal y refuerza la conexi\u00f3n emocional entre las personas.  Ayuda a disolver bloqueos emocionales, permitiendo que la energ\u00eda fluya de manera armoniosa en la b\u00fasqueda de afectos sinceros.  Es conocida por alinear las vibraciones del usuario con la frecuencia del amor y el deseo, incrementando la confianza y el magnetismo personal.  Utilizada como herramienta ritual, intensifica la intenci\u00f3n y potencia los resultados en trabajos relacionados con la pasi\u00f3n y el afecto. Adem\u00e1s, su esencia natural purifica y equilibra las energ\u00edas del coraz\u00f3n.  &nbsp;  Cantidad: 1 Unidad. El precio es por una unidad.  Tama\u00f1o: 221 ml.","og_url":"https:\/\/mineraleslunallena.com\/ca\/producte\/agua-de-pusanga-union-amor\/","og_site_name":"MINERALES LUNA LLENA","article_modified_time":"2025-02-24T01:31:37+00:00","og_image":[{"width":1153,"height":2560,"url":"https:\/\/mineraleslunallena.com\/wp-content\/uploads\/2024\/12\/aguasunanga-scaled.jpg","type":"image\/jpeg"}],"twitter_card":"summary_large_image","twitter_misc":{"Temps estimat de lectura":"1 minut"},"schema":{"@context":"https:\/\/schema.org","@graph":[{"@type":"WebPage","@id":"https:\/\/mineraleslunallena.com\/producto\/agua-de-pusanga-union-amor\/","url":"https:\/\/mineraleslunallena.com\/producto\/agua-de-pusanga-union-amor\/","name":"Agua de Pusanga | Uni\u00f3n - Amor - MINERALES LUNA LLENA","isPartOf":{"@id":"https:\/\/mineraleslunallena.com\/#website"},"primaryImageOfPage":{"@id":"https:\/\/mineraleslunallena.com\/producto\/agua-de-pusanga-union-amor\/#primaryimage"},"image":{"@id":"https:\/\/mineraleslunallena.com\/producto\/agua-de-pusanga-union-amor\/#primaryimage"},"thumbnailUrl":"https:\/\/mineraleslunallena.com\/wp-content\/uploads\/2024\/12\/aguasunanga-scaled.jpg","datePublished":"2024-12-11T14:28:44+00:00","dateModified":"2025-02-24T01:31:37+00:00","breadcrumb":{"@id":"https:\/\/mineraleslunallena.com\/producto\/agua-de-pusanga-union-amor\/#breadcrumb"},"inLanguage":"ca","potentialAction":[{"@type":"ReadAction","target":["https:\/\/mineraleslunallena.com\/producto\/agua-de-pusanga-union-amor\/"]}]},{"@type":"ImageObject","inLanguage":"ca","@id":"https:\/\/mineraleslunallena.com\/producto\/agua-de-pusanga-union-amor\/#primaryimage","url":"https:\/\/mineraleslunallena.com\/wp-content\/uploads\/2024\/12\/aguasunanga-scaled.jpg","contentUrl":"https:\/\/mineraleslunallena.com\/wp-content\/uploads\/2024\/12\/aguasunanga-scaled.jpg","width":1153,"height":2560},{"@type":"BreadcrumbList","@id":"https:\/\/mineraleslunallena.com\/producto\/agua-de-pusanga-union-amor\/#breadcrumb","itemListElement":[{"@type":"ListItem","position":1,"name":"Portada","item":"https:\/\/mineraleslunallena.com\/"},{"@type":"ListItem","position":2,"name":"Shop","item":"https:\/\/mineraleslunallena.com\/ca\/shop\/"},{"@type":"ListItem","position":3,"name":"Agua de Pusanga | Uni\u00f3n &#8211; Amor"}]},{"@type":"WebSite","@id":"https:\/\/mineraleslunallena.com\/#website","url":"https:\/\/mineraleslunallena.com\/","name":"LLUNA PLENA MINERALS","description":"\u00c9s el moment de connectar-te amb el teu poder i confiar en les teves habilitats.","publisher":{"@id":"https:\/\/mineraleslunallena.com\/#organization"},"potentialAction":[{"@type":"SearchAction","target":{"@type":"EntryPoint","urlTemplate":"https:\/\/mineraleslunallena.com\/?s={search_term_string}"},"query-input":{"@type":"PropertyValueSpecification","valueRequired":true,"valueName":"search_term_string"}}],"inLanguage":"ca"},{"@type":"Organization","@id":"https:\/\/mineraleslunallena.com\/#organization","name":"LLUNA PLENA MINERALS","url":"https:\/\/mineraleslunallena.com\/","logo":{"@type":"ImageObject","inLanguage":"ca","@id":"https:\/\/mineraleslunallena.com\/#\/schema\/logo\/image\/","url":"https:\/\/mineraleslunallena.com\/wp-content\/uploads\/2023\/07\/LUNA-LLENA-LOGO-nuevo.png","contentUrl":"https:\/\/mineraleslunallena.com\/wp-content\/uploads\/2023\/07\/LUNA-LLENA-LOGO-nuevo.png","width":229,"height":167,"caption":"LUNA LLENA MINERALES"},"image":{"@id":"https:\/\/mineraleslunallena.com\/#\/schema\/logo\/image\/"}}]}},"_links":{"self":[{"href":"https:\/\/mineraleslunallena.com\/ca\/wp-json\/wp\/v2\/product\/5325","targetHints":{"allow":["GET"]}}],"collection":[{"href":"https:\/\/mineraleslunallena.com\/ca\/wp-json\/wp\/v2\/product"}],"about":[{"href":"https:\/\/mineraleslunallena.com\/ca\/wp-json\/wp\/v2\/types\/product"}],"version-history":[{"count":2,"href":"https:\/\/mineraleslunallena.com\/ca\/wp-json\/wp\/v2\/product\/5325\/revisions"}],"predecessor-version":[{"id":5622,"href":"https:\/\/mineraleslunallena.com\/ca\/wp-json\/wp\/v2\/product\/5325\/revisions\/5622"}],"wp:featuredmedia":[{"embeddable":true,"href":"https:\/\/mineraleslunallena.com\/ca\/wp-json\/wp\/v2\/media\/5331"}],"wp:attachment":[{"href":"https:\/\/mineraleslunallena.com\/ca\/wp-json\/wp\/v2\/media?parent=5325"}],"wp:term":[{"taxonomy":"product_cat","embeddable":true,"href":"https:\/\/mineraleslunallena.com\/ca\/wp-json\/wp\/v2\/product_cat?post=5325"},{"taxonomy":"product_tag","embeddable":true,"href":"https:\/\/mineraleslunallena.com\/ca\/wp-json\/wp\/v2\/product_tag?post=5325"}],"curies":[{"name":"wp","href":"https:\/\/api.w.org\/{rel}","templated":true}]}}