{"id":5327,"date":"2024-12-11T15:54:53","date_gmt":"2024-12-11T14:54:53","guid":{"rendered":"https:\/\/mineraleslunallena.com\/?post_type=product&#038;p=5327"},"modified":"2025-02-16T16:21:20","modified_gmt":"2025-02-16T15:21:20","slug":"kit-limpieza-miniescoba-barresuegras-barre-energias-negativas","status":"publish","type":"product","link":"https:\/\/mineraleslunallena.com\/ca\/producte\/kit-limpieza-miniescoba-barresuegras-barre-energias-negativas\/","title":{"rendered":"Kit Limpieza Miniescoba Barresuegras | Barre Energ\u00edas Negativas"},"content":{"rendered":"<p>Este kit espiritual es una poderosa herramienta para purificar tu hogar y renovar su energ\u00eda, combinando tradici\u00f3n y simbolismo.<\/p>\n<p>Simboliza la expulsi\u00f3n de vibraciones negativas y es ideal para limpiar la influencia de personas t\u00f3xicas, como suegras, cu\u00f1adas, o cualquier energ\u00eda invasiva.<\/p>\n<p>La mini escoba representa la expulsi\u00f3n de energ\u00edas negativas, mientras el palo santo limpia y armoniza el espacio con su fragancia sagrada.<\/p>\n<p>La oraci\u00f3n incluida potencia tu intenci\u00f3n, guiando un ritual de protecci\u00f3n y equilibrio energ\u00e9tico.<\/p>\n<p>El s\u00edmbolo Om, presente en el kit, a\u00f1ade una conexi\u00f3n espiritual profunda, simbolizando la unidad y la paz universal. Este emblema ayuda a alinear las vibraciones del entorno, promoviendo la serenidad y la protecci\u00f3n.<\/p>\n<p>Perfecto para liberar tensiones, establecer l\u00edmites y crear un ambiente de armon\u00eda en tu hogar, transform\u00e1ndolo en un santuario de bienestar.<\/p>\n<p>&nbsp;<\/p>\n<p>Cantidad: 1 Unidad. 1 KIT. Incluye Escoba Artesanal, Palo Santo y Amuleto OM. El precio es por kit.<\/p>\n<p>&nbsp;<\/p>","protected":false},"excerpt":{"rendered":"<p>Este kit espiritual es una poderosa herramienta para purificar tu hogar y renovar su energ\u00eda, combinando tradici\u00f3n y simbolismo.<\/p>\n<p>Simboliza la expulsi\u00f3n de vibraciones negativas y es ideal para limpiar la influencia de personas t\u00f3xicas, como suegras, cu\u00f1adas, o cualquier energ\u00eda invasiva.<\/p>\n<p>La mini escoba representa la expulsi\u00f3n de energ\u00edas negativas, mientras el palo santo limpia y armoniza el espacio con su fragancia sagrada.<\/p>\n<p>La oraci\u00f3n incluida potencia tu intenci\u00f3n, guiando un ritual de protecci\u00f3n y equilibrio energ\u00e9tico.<\/p>\n<p>El s\u00edmbolo Om, presente en el kit, a\u00f1ade una conexi\u00f3n espiritual profunda, simbolizando la unidad y la paz universal. Este emblema ayuda a alinear las vibraciones del entorno, promoviendo la serenidad y la protecci\u00f3n.<\/p>\n<p>Perfecto para liberar tensiones, establecer l\u00edmites y crear un ambiente de armon\u00eda en tu hogar, transform\u00e1ndolo en un santuario de bienestar.<\/p>\n<p>&nbsp;<\/p>\n<p>Cantidad: 1 Unidad. 1 KIT. Incluye Escoba Artesanal, Palo Santo y Amuleto OM. El precio es por kit.<\/p>","protected":false},"featured_media":5330,"template":"","meta":[],"product_cat":[128,98,113,118],"product_tag":[],"class_list":{"0":"post-5327","1":"product","2":"type-product","3":"status-publish","4":"has-post-thumbnail","6":"product_cat-feng-shui","7":"product_cat-incienso","8":"product_cat-rituales-velas-y-velones","9":"product_cat-varios","11":"first","12":"instock","13":"sale","14":"taxable","15":"shipping-taxable","16":"purchasable","17":"product-type-simple"},"yoast_head":"<!-- This site is optimized with the Yoast SEO plugin v27.3 - https:\/\/yoast.com\/product\/yoast-seo-wordpress\/ -->\n<title>Kit Limpieza Miniescoba Barresuegras | Barre Energ\u00edas Negativas - MINERALES LUNA LLENA<\/title>\n<meta name=\"robots\" content=\"index, follow, max-snippet:-1, max-image-preview:large, max-video-preview:-1\" \/>\n<link rel=\"canonical\" href=\"https:\/\/mineraleslunallena.com\/ca\/producte\/kit-limpieza-miniescoba-barresuegras-barre-energias-negativas\/\" \/>\n<meta property=\"og:locale\" content=\"ca_ES\" \/>\n<meta property=\"og:type\" content=\"article\" \/>\n<meta property=\"og:title\" content=\"Kit Limpieza Miniescoba Barresuegras | Barre Energ\u00edas Negativas - MINERALES LUNA LLENA\" \/>\n<meta property=\"og:description\" content=\"Este kit espiritual es una poderosa herramienta para purificar tu hogar y renovar su energ\u00eda, combinando tradici\u00f3n y simbolismo.  Simboliza la expulsi\u00f3n de vibraciones negativas y es ideal para limpiar la influencia de personas t\u00f3xicas, como suegras, cu\u00f1adas, o cualquier energ\u00eda invasiva.  La mini escoba representa la expulsi\u00f3n de energ\u00edas negativas, mientras el palo santo limpia y armoniza el espacio con su fragancia sagrada.  La oraci\u00f3n incluida potencia tu intenci\u00f3n, guiando un ritual de protecci\u00f3n y equilibrio energ\u00e9tico.  El s\u00edmbolo Om, presente en el kit, a\u00f1ade una conexi\u00f3n espiritual profunda, simbolizando la unidad y la paz universal. Este emblema ayuda a alinear las vibraciones del entorno, promoviendo la serenidad y la protecci\u00f3n.  Perfecto para liberar tensiones, establecer l\u00edmites y crear un ambiente de armon\u00eda en tu hogar, transform\u00e1ndolo en un santuario de bienestar.  &nbsp;  Cantidad: 1 Unidad. 1 KIT. Incluye Escoba Artesanal, Palo Santo y Amuleto OM. El precio es por kit.\" \/>\n<meta property=\"og:url\" content=\"https:\/\/mineraleslunallena.com\/ca\/producte\/kit-limpieza-miniescoba-barresuegras-barre-energias-negativas\/\" \/>\n<meta property=\"og:site_name\" content=\"MINERALES LUNA LLENA\" \/>\n<meta property=\"article:modified_time\" content=\"2025-02-16T15:21:20+00:00\" \/>\n<meta property=\"og:image\" content=\"https:\/\/mineraleslunallena.com\/wp-content\/uploads\/2024\/12\/barresuegras-scaled.jpg\" \/>\n\t<meta property=\"og:image:width\" content=\"1153\" \/>\n\t<meta property=\"og:image:height\" content=\"2560\" \/>\n\t<meta property=\"og:image:type\" content=\"image\/jpeg\" \/>\n<meta name=\"twitter:card\" content=\"summary_large_image\" \/>\n<meta name=\"twitter:label1\" content=\"Temps estimat de lectura\" \/>\n\t<meta name=\"twitter:data1\" content=\"1 minut\" \/>\n<script type=\"application\/ld+json\" class=\"yoast-schema-graph\">{\"@context\":\"https:\\\/\\\/schema.org\",\"@graph\":[{\"@type\":\"WebPage\",\"@id\":\"https:\\\/\\\/mineraleslunallena.com\\\/producto\\\/kit-limpieza-miniescoba-barresuegras-barre-energias-negativas\\\/\",\"url\":\"https:\\\/\\\/mineraleslunallena.com\\\/producto\\\/kit-limpieza-miniescoba-barresuegras-barre-energias-negativas\\\/\",\"name\":\"Kit Limpieza Miniescoba Barresuegras | Barre Energ\u00edas Negativas - MINERALES LUNA LLENA\",\"isPartOf\":{\"@id\":\"https:\\\/\\\/mineraleslunallena.com\\\/#website\"},\"primaryImageOfPage\":{\"@id\":\"https:\\\/\\\/mineraleslunallena.com\\\/producto\\\/kit-limpieza-miniescoba-barresuegras-barre-energias-negativas\\\/#primaryimage\"},\"image\":{\"@id\":\"https:\\\/\\\/mineraleslunallena.com\\\/producto\\\/kit-limpieza-miniescoba-barresuegras-barre-energias-negativas\\\/#primaryimage\"},\"thumbnailUrl\":\"https:\\\/\\\/mineraleslunallena.com\\\/wp-content\\\/uploads\\\/2024\\\/12\\\/barresuegras-scaled.jpg\",\"datePublished\":\"2024-12-11T14:54:53+00:00\",\"dateModified\":\"2025-02-16T15:21:20+00:00\",\"breadcrumb\":{\"@id\":\"https:\\\/\\\/mineraleslunallena.com\\\/producto\\\/kit-limpieza-miniescoba-barresuegras-barre-energias-negativas\\\/#breadcrumb\"},\"inLanguage\":\"ca\",\"potentialAction\":[{\"@type\":\"ReadAction\",\"target\":[\"https:\\\/\\\/mineraleslunallena.com\\\/producto\\\/kit-limpieza-miniescoba-barresuegras-barre-energias-negativas\\\/\"]}]},{\"@type\":\"ImageObject\",\"inLanguage\":\"ca\",\"@id\":\"https:\\\/\\\/mineraleslunallena.com\\\/producto\\\/kit-limpieza-miniescoba-barresuegras-barre-energias-negativas\\\/#primaryimage\",\"url\":\"https:\\\/\\\/mineraleslunallena.com\\\/wp-content\\\/uploads\\\/2024\\\/12\\\/barresuegras-scaled.jpg\",\"contentUrl\":\"https:\\\/\\\/mineraleslunallena.com\\\/wp-content\\\/uploads\\\/2024\\\/12\\\/barresuegras-scaled.jpg\",\"width\":1153,\"height\":2560},{\"@type\":\"BreadcrumbList\",\"@id\":\"https:\\\/\\\/mineraleslunallena.com\\\/producto\\\/kit-limpieza-miniescoba-barresuegras-barre-energias-negativas\\\/#breadcrumb\",\"itemListElement\":[{\"@type\":\"ListItem\",\"position\":1,\"name\":\"Portada\",\"item\":\"https:\\\/\\\/mineraleslunallena.com\\\/\"},{\"@type\":\"ListItem\",\"position\":2,\"name\":\"Shop\",\"item\":\"https:\\\/\\\/mineraleslunallena.com\\\/ca\\\/shop\\\/\"},{\"@type\":\"ListItem\",\"position\":3,\"name\":\"Kit Limpieza Miniescoba Barresuegras | Barre Energ\u00edas Negativas\"}]},{\"@type\":\"WebSite\",\"@id\":\"https:\\\/\\\/mineraleslunallena.com\\\/#website\",\"url\":\"https:\\\/\\\/mineraleslunallena.com\\\/\",\"name\":\"LUNA LLENA MINERALES\",\"description\":\"Es el momento de conectarte con tu propio poder y confiar en tus habilidades.\",\"publisher\":{\"@id\":\"https:\\\/\\\/mineraleslunallena.com\\\/#organization\"},\"potentialAction\":[{\"@type\":\"SearchAction\",\"target\":{\"@type\":\"EntryPoint\",\"urlTemplate\":\"https:\\\/\\\/mineraleslunallena.com\\\/?s={search_term_string}\"},\"query-input\":{\"@type\":\"PropertyValueSpecification\",\"valueRequired\":true,\"valueName\":\"search_term_string\"}}],\"inLanguage\":\"ca\"},{\"@type\":\"Organization\",\"@id\":\"https:\\\/\\\/mineraleslunallena.com\\\/#organization\",\"name\":\"LUNA LLENA MINERALES\",\"url\":\"https:\\\/\\\/mineraleslunallena.com\\\/\",\"logo\":{\"@type\":\"ImageObject\",\"inLanguage\":\"ca\",\"@id\":\"https:\\\/\\\/mineraleslunallena.com\\\/#\\\/schema\\\/logo\\\/image\\\/\",\"url\":\"https:\\\/\\\/mineraleslunallena.com\\\/wp-content\\\/uploads\\\/2023\\\/07\\\/LUNA-LLENA-LOGO-nuevo.png\",\"contentUrl\":\"https:\\\/\\\/mineraleslunallena.com\\\/wp-content\\\/uploads\\\/2023\\\/07\\\/LUNA-LLENA-LOGO-nuevo.png\",\"width\":229,\"height\":167,\"caption\":\"LUNA LLENA MINERALES\"},\"image\":{\"@id\":\"https:\\\/\\\/mineraleslunallena.com\\\/#\\\/schema\\\/logo\\\/image\\\/\"}}]}<\/script>\n<!-- \/ Yoast SEO plugin. -->","yoast_head_json":{"title":"Kit Limpieza Miniescoba Barresuegras | Barre Energ\u00edas Negativas - MINERALES LUNA LLENA","robots":{"index":"index","follow":"follow","max-snippet":"max-snippet:-1","max-image-preview":"max-image-preview:large","max-video-preview":"max-video-preview:-1"},"canonical":"https:\/\/mineraleslunallena.com\/ca\/producte\/kit-limpieza-miniescoba-barresuegras-barre-energias-negativas\/","og_locale":"ca_ES","og_type":"article","og_title":"Kit Limpieza Miniescoba Barresuegras | Barre Energ\u00edas Negativas - MINERALES LUNA LLENA","og_description":"Este kit espiritual es una poderosa herramienta para purificar tu hogar y renovar su energ\u00eda, combinando tradici\u00f3n y simbolismo.  Simboliza la expulsi\u00f3n de vibraciones negativas y es ideal para limpiar la influencia de personas t\u00f3xicas, como suegras, cu\u00f1adas, o cualquier energ\u00eda invasiva.  La mini escoba representa la expulsi\u00f3n de energ\u00edas negativas, mientras el palo santo limpia y armoniza el espacio con su fragancia sagrada.  La oraci\u00f3n incluida potencia tu intenci\u00f3n, guiando un ritual de protecci\u00f3n y equilibrio energ\u00e9tico.  El s\u00edmbolo Om, presente en el kit, a\u00f1ade una conexi\u00f3n espiritual profunda, simbolizando la unidad y la paz universal. Este emblema ayuda a alinear las vibraciones del entorno, promoviendo la serenidad y la protecci\u00f3n.  Perfecto para liberar tensiones, establecer l\u00edmites y crear un ambiente de armon\u00eda en tu hogar, transform\u00e1ndolo en un santuario de bienestar.  &nbsp;  Cantidad: 1 Unidad. 1 KIT. Incluye Escoba Artesanal, Palo Santo y Amuleto OM. El precio es por kit.","og_url":"https:\/\/mineraleslunallena.com\/ca\/producte\/kit-limpieza-miniescoba-barresuegras-barre-energias-negativas\/","og_site_name":"MINERALES LUNA LLENA","article_modified_time":"2025-02-16T15:21:20+00:00","og_image":[{"width":1153,"height":2560,"url":"https:\/\/mineraleslunallena.com\/wp-content\/uploads\/2024\/12\/barresuegras-scaled.jpg","type":"image\/jpeg"}],"twitter_card":"summary_large_image","twitter_misc":{"Temps estimat de lectura":"1 minut"},"schema":{"@context":"https:\/\/schema.org","@graph":[{"@type":"WebPage","@id":"https:\/\/mineraleslunallena.com\/producto\/kit-limpieza-miniescoba-barresuegras-barre-energias-negativas\/","url":"https:\/\/mineraleslunallena.com\/producto\/kit-limpieza-miniescoba-barresuegras-barre-energias-negativas\/","name":"Kit Limpieza Miniescoba Barresuegras | Barre Energ\u00edas Negativas - MINERALES LUNA LLENA","isPartOf":{"@id":"https:\/\/mineraleslunallena.com\/#website"},"primaryImageOfPage":{"@id":"https:\/\/mineraleslunallena.com\/producto\/kit-limpieza-miniescoba-barresuegras-barre-energias-negativas\/#primaryimage"},"image":{"@id":"https:\/\/mineraleslunallena.com\/producto\/kit-limpieza-miniescoba-barresuegras-barre-energias-negativas\/#primaryimage"},"thumbnailUrl":"https:\/\/mineraleslunallena.com\/wp-content\/uploads\/2024\/12\/barresuegras-scaled.jpg","datePublished":"2024-12-11T14:54:53+00:00","dateModified":"2025-02-16T15:21:20+00:00","breadcrumb":{"@id":"https:\/\/mineraleslunallena.com\/producto\/kit-limpieza-miniescoba-barresuegras-barre-energias-negativas\/#breadcrumb"},"inLanguage":"ca","potentialAction":[{"@type":"ReadAction","target":["https:\/\/mineraleslunallena.com\/producto\/kit-limpieza-miniescoba-barresuegras-barre-energias-negativas\/"]}]},{"@type":"ImageObject","inLanguage":"ca","@id":"https:\/\/mineraleslunallena.com\/producto\/kit-limpieza-miniescoba-barresuegras-barre-energias-negativas\/#primaryimage","url":"https:\/\/mineraleslunallena.com\/wp-content\/uploads\/2024\/12\/barresuegras-scaled.jpg","contentUrl":"https:\/\/mineraleslunallena.com\/wp-content\/uploads\/2024\/12\/barresuegras-scaled.jpg","width":1153,"height":2560},{"@type":"BreadcrumbList","@id":"https:\/\/mineraleslunallena.com\/producto\/kit-limpieza-miniescoba-barresuegras-barre-energias-negativas\/#breadcrumb","itemListElement":[{"@type":"ListItem","position":1,"name":"Portada","item":"https:\/\/mineraleslunallena.com\/"},{"@type":"ListItem","position":2,"name":"Shop","item":"https:\/\/mineraleslunallena.com\/ca\/shop\/"},{"@type":"ListItem","position":3,"name":"Kit Limpieza Miniescoba Barresuegras | Barre Energ\u00edas Negativas"}]},{"@type":"WebSite","@id":"https:\/\/mineraleslunallena.com\/#website","url":"https:\/\/mineraleslunallena.com\/","name":"LLUNA PLENA MINERALS","description":"\u00c9s el moment de connectar-te amb el teu poder i confiar en les teves habilitats.","publisher":{"@id":"https:\/\/mineraleslunallena.com\/#organization"},"potentialAction":[{"@type":"SearchAction","target":{"@type":"EntryPoint","urlTemplate":"https:\/\/mineraleslunallena.com\/?s={search_term_string}"},"query-input":{"@type":"PropertyValueSpecification","valueRequired":true,"valueName":"search_term_string"}}],"inLanguage":"ca"},{"@type":"Organization","@id":"https:\/\/mineraleslunallena.com\/#organization","name":"LLUNA PLENA MINERALS","url":"https:\/\/mineraleslunallena.com\/","logo":{"@type":"ImageObject","inLanguage":"ca","@id":"https:\/\/mineraleslunallena.com\/#\/schema\/logo\/image\/","url":"https:\/\/mineraleslunallena.com\/wp-content\/uploads\/2023\/07\/LUNA-LLENA-LOGO-nuevo.png","contentUrl":"https:\/\/mineraleslunallena.com\/wp-content\/uploads\/2023\/07\/LUNA-LLENA-LOGO-nuevo.png","width":229,"height":167,"caption":"LUNA LLENA MINERALES"},"image":{"@id":"https:\/\/mineraleslunallena.com\/#\/schema\/logo\/image\/"}}]}},"_links":{"self":[{"href":"https:\/\/mineraleslunallena.com\/ca\/wp-json\/wp\/v2\/product\/5327","targetHints":{"allow":["GET"]}}],"collection":[{"href":"https:\/\/mineraleslunallena.com\/ca\/wp-json\/wp\/v2\/product"}],"about":[{"href":"https:\/\/mineraleslunallena.com\/ca\/wp-json\/wp\/v2\/types\/product"}],"version-history":[{"count":1,"href":"https:\/\/mineraleslunallena.com\/ca\/wp-json\/wp\/v2\/product\/5327\/revisions"}],"predecessor-version":[{"id":5328,"href":"https:\/\/mineraleslunallena.com\/ca\/wp-json\/wp\/v2\/product\/5327\/revisions\/5328"}],"wp:featuredmedia":[{"embeddable":true,"href":"https:\/\/mineraleslunallena.com\/ca\/wp-json\/wp\/v2\/media\/5330"}],"wp:attachment":[{"href":"https:\/\/mineraleslunallena.com\/ca\/wp-json\/wp\/v2\/media?parent=5327"}],"wp:term":[{"taxonomy":"product_cat","embeddable":true,"href":"https:\/\/mineraleslunallena.com\/ca\/wp-json\/wp\/v2\/product_cat?post=5327"},{"taxonomy":"product_tag","embeddable":true,"href":"https:\/\/mineraleslunallena.com\/ca\/wp-json\/wp\/v2\/product_tag?post=5327"}],"curies":[{"name":"wp","href":"https:\/\/api.w.org\/{rel}","templated":true}]}}