{"id":5333,"date":"2024-12-12T13:37:59","date_gmt":"2024-12-12T12:37:59","guid":{"rendered":"https:\/\/mineraleslunallena.com\/?post_type=product&#038;p=5333"},"modified":"2026-02-10T18:04:34","modified_gmt":"2026-02-10T17:04:34","slug":"colgante-doble-proteccion-plata-nudo-de-bruja-tetragramaton","status":"publish","type":"product","link":"https:\/\/mineraleslunallena.com\/ca\/producte\/colgante-doble-proteccion-plata-nudo-de-bruja-tetragramaton\/","title":{"rendered":"Colgante Doble Protecci\u00f3n Plata | Nudo de Bruja &#8211; Tetragramat\u00f3n"},"content":{"rendered":"<p>Este maravilloso colgante <strong>combina dos s\u00edmbolos ancestrales<\/strong> para ofrecer una protecci\u00f3n energ\u00e9tica poderosa y completa.<\/p>\n<p>El <strong>Nudo de Bruja<\/strong> act\u00faa como un escudo m\u00e1gico, bloqueando las energ\u00edas negativas y brindando equilibrio y seguridad personal.<\/p>\n<p>El <strong>Tetragramat\u00f3n<\/strong>, cargado de simbolismo esot\u00e9rico, amplifica la fuerza espiritual, protege contra influencias oscuras y favorece la conexi\u00f3n con lo divino.<\/p>\n<p>Al estar hecho de <strong>plata<\/strong>, potencia la canalizaci\u00f3n de energ\u00edas puras y la claridad emocional. Este amuleto es ideal para quienes buscan fortalecer su aura, proteger su espacio y atraer vibraciones positivas.<\/p>\n<p>Es un accesorio cargado de intenci\u00f3n y espiritualidad, dise\u00f1ado para equilibrar y proteger a su portador en todo momento.<\/p>\n<p>&nbsp;<\/p>\n<p>Material: Plata de Ley 925.<\/p>\n<p>Quantitat: 1 Unitat. El preu \u00e9s per una unitat.<\/p>\n<p>Tama\u00f1o:\u00a0 4cm aproximadamente.<\/p>\n<p>Forma: Colgante.<\/p>","protected":false},"excerpt":{"rendered":"<p>Este maravilloso colgante combina dos s\u00edmbolos ancestrales para ofrecer una protecci\u00f3n energ\u00e9tica poderosa y completa. El Nudo de Bruja act\u00faa como un escudo m\u00e1gico, bloqueando las energ\u00edas negativas y brindando<\/p>","protected":false},"featured_media":5386,"template":"","meta":[],"product_cat":[105,70,15],"product_tag":[],"class_list":{"0":"post-5333","1":"product","2":"type-product","3":"status-publish","4":"has-post-thumbnail","6":"product_cat-colgantes","7":"product_cat-joyas-y-accesorios","8":"product_cat-uncategorized","10":"first","11":"instock","12":"sale","13":"taxable","14":"shipping-taxable","15":"purchasable","16":"product-type-simple"},"yoast_head":"<!-- This site is optimized with the Yoast SEO plugin v27.3 - https:\/\/yoast.com\/product\/yoast-seo-wordpress\/ -->\n<title>Colgante Doble Protecci\u00f3n Plata | Nudo de Bruja - Tetragramat\u00f3n - MINERALES LUNA LLENA<\/title>\n<meta name=\"robots\" content=\"index, follow, max-snippet:-1, max-image-preview:large, max-video-preview:-1\" \/>\n<link rel=\"canonical\" href=\"https:\/\/mineraleslunallena.com\/ca\/producte\/colgante-doble-proteccion-plata-nudo-de-bruja-tetragramaton\/\" \/>\n<meta property=\"og:locale\" content=\"ca_ES\" \/>\n<meta property=\"og:type\" content=\"article\" \/>\n<meta property=\"og:title\" content=\"Colgante Doble Protecci\u00f3n Plata | Nudo de Bruja - Tetragramat\u00f3n - MINERALES LUNA LLENA\" \/>\n<meta property=\"og:description\" content=\"Este maravilloso colgante combina dos s\u00edmbolos ancestrales para ofrecer una protecci\u00f3n energ\u00e9tica poderosa y completa. El Nudo de Bruja act\u00faa como un escudo m\u00e1gico, bloqueando las energ\u00edas negativas y brindando\" \/>\n<meta property=\"og:url\" content=\"https:\/\/mineraleslunallena.com\/ca\/producte\/colgante-doble-proteccion-plata-nudo-de-bruja-tetragramaton\/\" \/>\n<meta property=\"og:site_name\" content=\"MINERALES LUNA LLENA\" \/>\n<meta property=\"article:modified_time\" content=\"2026-02-10T17:04:34+00:00\" \/>\n<meta property=\"og:image\" content=\"https:\/\/mineraleslunallena.com\/wp-content\/uploads\/2024\/12\/dobleproteplata-scaled.jpg\" \/>\n\t<meta property=\"og:image:width\" content=\"1153\" \/>\n\t<meta property=\"og:image:height\" content=\"2560\" \/>\n\t<meta property=\"og:image:type\" content=\"image\/jpeg\" \/>\n<meta name=\"twitter:card\" content=\"summary_large_image\" \/>\n<meta name=\"twitter:label1\" content=\"Temps estimat de lectura\" \/>\n\t<meta name=\"twitter:data1\" content=\"1 minut\" \/>\n<script type=\"application\/ld+json\" class=\"yoast-schema-graph\">{\"@context\":\"https:\\\/\\\/schema.org\",\"@graph\":[{\"@type\":\"WebPage\",\"@id\":\"https:\\\/\\\/mineraleslunallena.com\\\/producto\\\/colgante-doble-proteccion-plata-nudo-de-bruja-tetragramaton\\\/\",\"url\":\"https:\\\/\\\/mineraleslunallena.com\\\/producto\\\/colgante-doble-proteccion-plata-nudo-de-bruja-tetragramaton\\\/\",\"name\":\"Colgante Doble Protecci\u00f3n Plata | Nudo de Bruja - Tetragramat\u00f3n - MINERALES LUNA LLENA\",\"isPartOf\":{\"@id\":\"https:\\\/\\\/mineraleslunallena.com\\\/#website\"},\"primaryImageOfPage\":{\"@id\":\"https:\\\/\\\/mineraleslunallena.com\\\/producto\\\/colgante-doble-proteccion-plata-nudo-de-bruja-tetragramaton\\\/#primaryimage\"},\"image\":{\"@id\":\"https:\\\/\\\/mineraleslunallena.com\\\/producto\\\/colgante-doble-proteccion-plata-nudo-de-bruja-tetragramaton\\\/#primaryimage\"},\"thumbnailUrl\":\"https:\\\/\\\/mineraleslunallena.com\\\/wp-content\\\/uploads\\\/2024\\\/12\\\/dobleproteplata-scaled.jpg\",\"datePublished\":\"2024-12-12T12:37:59+00:00\",\"dateModified\":\"2026-02-10T17:04:34+00:00\",\"breadcrumb\":{\"@id\":\"https:\\\/\\\/mineraleslunallena.com\\\/producto\\\/colgante-doble-proteccion-plata-nudo-de-bruja-tetragramaton\\\/#breadcrumb\"},\"inLanguage\":\"ca\",\"potentialAction\":[{\"@type\":\"ReadAction\",\"target\":[\"https:\\\/\\\/mineraleslunallena.com\\\/producto\\\/colgante-doble-proteccion-plata-nudo-de-bruja-tetragramaton\\\/\"]}]},{\"@type\":\"ImageObject\",\"inLanguage\":\"ca\",\"@id\":\"https:\\\/\\\/mineraleslunallena.com\\\/producto\\\/colgante-doble-proteccion-plata-nudo-de-bruja-tetragramaton\\\/#primaryimage\",\"url\":\"https:\\\/\\\/mineraleslunallena.com\\\/wp-content\\\/uploads\\\/2024\\\/12\\\/dobleproteplata-scaled.jpg\",\"contentUrl\":\"https:\\\/\\\/mineraleslunallena.com\\\/wp-content\\\/uploads\\\/2024\\\/12\\\/dobleproteplata-scaled.jpg\",\"width\":1153,\"height\":2560},{\"@type\":\"BreadcrumbList\",\"@id\":\"https:\\\/\\\/mineraleslunallena.com\\\/producto\\\/colgante-doble-proteccion-plata-nudo-de-bruja-tetragramaton\\\/#breadcrumb\",\"itemListElement\":[{\"@type\":\"ListItem\",\"position\":1,\"name\":\"Portada\",\"item\":\"https:\\\/\\\/mineraleslunallena.com\\\/\"},{\"@type\":\"ListItem\",\"position\":2,\"name\":\"Shop\",\"item\":\"https:\\\/\\\/mineraleslunallena.com\\\/ca\\\/shop\\\/\"},{\"@type\":\"ListItem\",\"position\":3,\"name\":\"Colgante Doble Protecci\u00f3n Plata | Nudo de Bruja &#8211; Tetragramat\u00f3n\"}]},{\"@type\":\"WebSite\",\"@id\":\"https:\\\/\\\/mineraleslunallena.com\\\/#website\",\"url\":\"https:\\\/\\\/mineraleslunallena.com\\\/\",\"name\":\"LUNA LLENA MINERALES\",\"description\":\"Es el momento de conectarte con tu propio poder y confiar en tus habilidades.\",\"publisher\":{\"@id\":\"https:\\\/\\\/mineraleslunallena.com\\\/#organization\"},\"potentialAction\":[{\"@type\":\"SearchAction\",\"target\":{\"@type\":\"EntryPoint\",\"urlTemplate\":\"https:\\\/\\\/mineraleslunallena.com\\\/?s={search_term_string}\"},\"query-input\":{\"@type\":\"PropertyValueSpecification\",\"valueRequired\":true,\"valueName\":\"search_term_string\"}}],\"inLanguage\":\"ca\"},{\"@type\":\"Organization\",\"@id\":\"https:\\\/\\\/mineraleslunallena.com\\\/#organization\",\"name\":\"LUNA LLENA MINERALES\",\"url\":\"https:\\\/\\\/mineraleslunallena.com\\\/\",\"logo\":{\"@type\":\"ImageObject\",\"inLanguage\":\"ca\",\"@id\":\"https:\\\/\\\/mineraleslunallena.com\\\/#\\\/schema\\\/logo\\\/image\\\/\",\"url\":\"https:\\\/\\\/mineraleslunallena.com\\\/wp-content\\\/uploads\\\/2023\\\/07\\\/LUNA-LLENA-LOGO-nuevo.png\",\"contentUrl\":\"https:\\\/\\\/mineraleslunallena.com\\\/wp-content\\\/uploads\\\/2023\\\/07\\\/LUNA-LLENA-LOGO-nuevo.png\",\"width\":229,\"height\":167,\"caption\":\"LUNA LLENA MINERALES\"},\"image\":{\"@id\":\"https:\\\/\\\/mineraleslunallena.com\\\/#\\\/schema\\\/logo\\\/image\\\/\"}}]}<\/script>\n<!-- \/ Yoast SEO plugin. -->","yoast_head_json":{"title":"Colgante Doble Protecci\u00f3n Plata | Nudo de Bruja - Tetragramat\u00f3n - MINERALES LUNA LLENA","robots":{"index":"index","follow":"follow","max-snippet":"max-snippet:-1","max-image-preview":"max-image-preview:large","max-video-preview":"max-video-preview:-1"},"canonical":"https:\/\/mineraleslunallena.com\/ca\/producte\/colgante-doble-proteccion-plata-nudo-de-bruja-tetragramaton\/","og_locale":"ca_ES","og_type":"article","og_title":"Colgante Doble Protecci\u00f3n Plata | Nudo de Bruja - Tetragramat\u00f3n - MINERALES LUNA LLENA","og_description":"Este maravilloso colgante combina dos s\u00edmbolos ancestrales para ofrecer una protecci\u00f3n energ\u00e9tica poderosa y completa. El Nudo de Bruja act\u00faa como un escudo m\u00e1gico, bloqueando las energ\u00edas negativas y brindando","og_url":"https:\/\/mineraleslunallena.com\/ca\/producte\/colgante-doble-proteccion-plata-nudo-de-bruja-tetragramaton\/","og_site_name":"MINERALES LUNA LLENA","article_modified_time":"2026-02-10T17:04:34+00:00","og_image":[{"width":1153,"height":2560,"url":"https:\/\/mineraleslunallena.com\/wp-content\/uploads\/2024\/12\/dobleproteplata-scaled.jpg","type":"image\/jpeg"}],"twitter_card":"summary_large_image","twitter_misc":{"Temps estimat de lectura":"1 minut"},"schema":{"@context":"https:\/\/schema.org","@graph":[{"@type":"WebPage","@id":"https:\/\/mineraleslunallena.com\/producto\/colgante-doble-proteccion-plata-nudo-de-bruja-tetragramaton\/","url":"https:\/\/mineraleslunallena.com\/producto\/colgante-doble-proteccion-plata-nudo-de-bruja-tetragramaton\/","name":"Colgante Doble Protecci\u00f3n Plata | Nudo de Bruja - Tetragramat\u00f3n - MINERALES LUNA LLENA","isPartOf":{"@id":"https:\/\/mineraleslunallena.com\/#website"},"primaryImageOfPage":{"@id":"https:\/\/mineraleslunallena.com\/producto\/colgante-doble-proteccion-plata-nudo-de-bruja-tetragramaton\/#primaryimage"},"image":{"@id":"https:\/\/mineraleslunallena.com\/producto\/colgante-doble-proteccion-plata-nudo-de-bruja-tetragramaton\/#primaryimage"},"thumbnailUrl":"https:\/\/mineraleslunallena.com\/wp-content\/uploads\/2024\/12\/dobleproteplata-scaled.jpg","datePublished":"2024-12-12T12:37:59+00:00","dateModified":"2026-02-10T17:04:34+00:00","breadcrumb":{"@id":"https:\/\/mineraleslunallena.com\/producto\/colgante-doble-proteccion-plata-nudo-de-bruja-tetragramaton\/#breadcrumb"},"inLanguage":"ca","potentialAction":[{"@type":"ReadAction","target":["https:\/\/mineraleslunallena.com\/producto\/colgante-doble-proteccion-plata-nudo-de-bruja-tetragramaton\/"]}]},{"@type":"ImageObject","inLanguage":"ca","@id":"https:\/\/mineraleslunallena.com\/producto\/colgante-doble-proteccion-plata-nudo-de-bruja-tetragramaton\/#primaryimage","url":"https:\/\/mineraleslunallena.com\/wp-content\/uploads\/2024\/12\/dobleproteplata-scaled.jpg","contentUrl":"https:\/\/mineraleslunallena.com\/wp-content\/uploads\/2024\/12\/dobleproteplata-scaled.jpg","width":1153,"height":2560},{"@type":"BreadcrumbList","@id":"https:\/\/mineraleslunallena.com\/producto\/colgante-doble-proteccion-plata-nudo-de-bruja-tetragramaton\/#breadcrumb","itemListElement":[{"@type":"ListItem","position":1,"name":"Portada","item":"https:\/\/mineraleslunallena.com\/"},{"@type":"ListItem","position":2,"name":"Shop","item":"https:\/\/mineraleslunallena.com\/ca\/shop\/"},{"@type":"ListItem","position":3,"name":"Colgante Doble Protecci\u00f3n Plata | Nudo de Bruja &#8211; Tetragramat\u00f3n"}]},{"@type":"WebSite","@id":"https:\/\/mineraleslunallena.com\/#website","url":"https:\/\/mineraleslunallena.com\/","name":"LLUNA PLENA MINERALS","description":"\u00c9s el moment de connectar-te amb el teu poder i confiar en les teves habilitats.","publisher":{"@id":"https:\/\/mineraleslunallena.com\/#organization"},"potentialAction":[{"@type":"SearchAction","target":{"@type":"EntryPoint","urlTemplate":"https:\/\/mineraleslunallena.com\/?s={search_term_string}"},"query-input":{"@type":"PropertyValueSpecification","valueRequired":true,"valueName":"search_term_string"}}],"inLanguage":"ca"},{"@type":"Organization","@id":"https:\/\/mineraleslunallena.com\/#organization","name":"LLUNA PLENA MINERALS","url":"https:\/\/mineraleslunallena.com\/","logo":{"@type":"ImageObject","inLanguage":"ca","@id":"https:\/\/mineraleslunallena.com\/#\/schema\/logo\/image\/","url":"https:\/\/mineraleslunallena.com\/wp-content\/uploads\/2023\/07\/LUNA-LLENA-LOGO-nuevo.png","contentUrl":"https:\/\/mineraleslunallena.com\/wp-content\/uploads\/2023\/07\/LUNA-LLENA-LOGO-nuevo.png","width":229,"height":167,"caption":"LUNA LLENA MINERALES"},"image":{"@id":"https:\/\/mineraleslunallena.com\/#\/schema\/logo\/image\/"}}]}},"_links":{"self":[{"href":"https:\/\/mineraleslunallena.com\/ca\/wp-json\/wp\/v2\/product\/5333","targetHints":{"allow":["GET"]}}],"collection":[{"href":"https:\/\/mineraleslunallena.com\/ca\/wp-json\/wp\/v2\/product"}],"about":[{"href":"https:\/\/mineraleslunallena.com\/ca\/wp-json\/wp\/v2\/types\/product"}],"version-history":[{"count":3,"href":"https:\/\/mineraleslunallena.com\/ca\/wp-json\/wp\/v2\/product\/5333\/revisions"}],"predecessor-version":[{"id":9578,"href":"https:\/\/mineraleslunallena.com\/ca\/wp-json\/wp\/v2\/product\/5333\/revisions\/9578"}],"wp:featuredmedia":[{"embeddable":true,"href":"https:\/\/mineraleslunallena.com\/ca\/wp-json\/wp\/v2\/media\/5386"}],"wp:attachment":[{"href":"https:\/\/mineraleslunallena.com\/ca\/wp-json\/wp\/v2\/media?parent=5333"}],"wp:term":[{"taxonomy":"product_cat","embeddable":true,"href":"https:\/\/mineraleslunallena.com\/ca\/wp-json\/wp\/v2\/product_cat?post=5333"},{"taxonomy":"product_tag","embeddable":true,"href":"https:\/\/mineraleslunallena.com\/ca\/wp-json\/wp\/v2\/product_tag?post=5333"}],"curies":[{"name":"wp","href":"https:\/\/api.w.org\/{rel}","templated":true}]}}