{"id":5363,"date":"2024-12-12T19:03:23","date_gmt":"2024-12-12T18:03:23","guid":{"rendered":"https:\/\/mineraleslunallena.com\/?post_type=product&#038;p=5363"},"modified":"2025-01-21T19:15:32","modified_gmt":"2025-01-21T18:15:32","slug":"figura-ganesha-blanca-y-rosa","status":"publish","type":"product","link":"https:\/\/mineraleslunallena.com\/ca\/producte\/figura-ganesha-blanca-y-rosa\/","title":{"rendered":"Figura Ganesha Blanca y Rosa | Pureza &#8211; Amor"},"content":{"rendered":"<div class=\"flex-shrink-0 flex flex-col relative items-end\">\n<div>\n<div class=\"pt-0\">\n<div class=\"gizmo-bot-avatar flex h-8 w-8 items-center justify-center overflow-hidden rounded-full\">\n<div class=\"relative p-1 rounded-sm flex items-center justify-center bg-token-main-surface-primary text-token-text-primary h-8 w-8\"><\/div>\n<\/div>\n<\/div>\n<\/div>\n<\/div>\n<div class=\"group\/conversation-turn relative flex w-full min-w-0 flex-col agent-turn\">\n<div class=\"flex-col gap-1 md:gap-3\">\n<div class=\"flex max-w-full flex-col flex-grow\">\n<div class=\"min-h-8 text-message flex w-full flex-col items-end gap-2 whitespace-normal break-words [.text-message+&amp;]:mt-5\" dir=\"auto\" data-message-author-role=\"assistant\" data-message-id=\"052c27b1-d7aa-4481-8f2e-0f2db800b8e9\" data-message-model-slug=\"gpt-4o\">\n<div class=\"flex w-full flex-col gap-1 empty:hidden first:pt-[3px]\">\n<div class=\"markdown prose w-full break-words dark:prose-invert light\">\n<p>La figura de Ganesha Blanca y Rosa combina la pureza y la paz con la energ\u00eda del amor y la compasi\u00f3n.<\/p>\n<p>El color blanco simboliza claridad mental, serenidad y conexi\u00f3n espiritual, mientras que el rosa fomenta la armon\u00eda, las relaciones afectivas y la apertura emocional.<\/p>\n<p>Esta figura es ideal para espacios dedicados a la meditaci\u00f3n, ya que invita a la calma y al equilibrio interior.<\/p>\n<p>Col\u00f3cala en el norte para favorecer el crecimiento personal o en el suroeste para mejorar las relaciones familiares y de pareja. Tambi\u00e9n es perfecta para dormitorios, creando un ambiente relajante y lleno de ternura. Su energ\u00eda aporta dulzura y protecci\u00f3n, ayudando a superar momentos de estr\u00e9s o tensiones emocionales.<\/p>\n<\/div>\n<\/div>\n<\/div>\n<\/div>\n<\/div>\n<\/div>\n<p>&nbsp;<\/p>\n<p>Cantidad: 1 Unidad. El precio es por una unidad.<\/p>\n<div class=\"group\/conversation-turn relative flex w-full min-w-0 flex-col agent-turn\">\n<div class=\"flex-col gap-1 md:gap-3\">\n<div class=\"flex max-w-full flex-col flex-grow\">\n<div class=\"min-h-8 text-message flex w-full flex-col items-end gap-2 whitespace-normal break-words [.text-message+&amp;]:mt-5\" dir=\"auto\" data-message-author-role=\"assistant\" data-message-id=\"6a99968d-b70b-40a2-b1dc-cfe844f78cad\" data-message-model-slug=\"gpt-4o\">\n<div class=\"flex w-full flex-col gap-1 empty:hidden first:pt-[3px]\">\n<div class=\"markdown prose w-full break-words dark:prose-invert light\">\n<p>Tama\u00f1o: 11 cm. x 9 cm. aproximadamente.<\/p>\n<p>Forma: Figura Ghanesa Resina.<\/p>\n<\/div>\n<\/div>\n<\/div>\n<\/div>\n<\/div>\n<\/div>\n","protected":false},"excerpt":{"rendered":"<div class=\"group\/conversation-turn relative flex w-full min-w-0 flex-col agent-turn\">\n<div class=\"flex-col gap-1 md:gap-3\">\n<div class=\"flex max-w-full flex-col flex-grow\">\n<div class=\"min-h-8 text-message flex w-full flex-col items-end gap-2 whitespace-normal break-words [.text-message+&amp;]:mt-5\" dir=\"auto\" data-message-author-role=\"assistant\" data-message-id=\"052c27b1-d7aa-4481-8f2e-0f2db800b8e9\" data-message-model-slug=\"gpt-4o\">\n<div class=\"flex w-full flex-col gap-1 empty:hidden first:pt-[3px]\">\n<div class=\"markdown prose w-full break-words dark:prose-invert light\">\n<p>La figura de Ganesha Blanca y Rosa combina la pureza y la paz con la energ\u00eda del amor y la compasi\u00f3n.<\/p>\n<p>El color blanco simboliza claridad mental, serenidad y conexi\u00f3n espiritual, mientras que el rosa fomenta la armon\u00eda, las relaciones afectivas y la apertura emocional.<\/p>\n<p>Esta figura es ideal para espacios dedicados a la meditaci\u00f3n, ya que invita a la calma y al equilibrio interior.<\/p>\n<p>Col\u00f3cala en el norte para favorecer el crecimiento personal o en el suroeste para mejorar las relaciones familiares y de pareja. Tambi\u00e9n es perfecta para dormitorios, creando un ambiente relajante y lleno de ternura. Su energ\u00eda aporta dulzura y protecci\u00f3n, ayudando a superar momentos de estr\u00e9s o tensiones emocionales.<\/p>\n<\/div>\n<\/div>\n<\/div>\n<\/div>\n<\/div>\n<\/div>\n<p>&nbsp;<\/p>\n<p>Cantidad: 1 Unidad. El precio es por una unidad.<\/p>\n<div class=\"group\/conversation-turn relative flex w-full min-w-0 flex-col agent-turn\">\n<div class=\"flex-col gap-1 md:gap-3\">\n<div class=\"flex max-w-full flex-col flex-grow\">\n<div class=\"min-h-8 text-message flex w-full flex-col items-end gap-2 whitespace-normal break-words [.text-message+&amp;]:mt-5\" dir=\"auto\" data-message-author-role=\"assistant\" data-message-id=\"6a99968d-b70b-40a2-b1dc-cfe844f78cad\" data-message-model-slug=\"gpt-4o\">\n<div class=\"flex w-full flex-col gap-1 empty:hidden first:pt-[3px]\">\n<div class=\"markdown prose w-full break-words dark:prose-invert light\">\n<p>Tama\u00f1o: 11 cm. x 9 cm. aproximadamente.<\/p>\n<p>Forma: Figura Ghanesa Resina.<\/p>\n<\/div>\n<\/div>\n<\/div>\n<\/div>\n<\/div>\n<\/div>\n","protected":false},"featured_media":5366,"template":"","meta":[],"product_cat":[128,15],"product_tag":[],"class_list":{"0":"post-5363","1":"product","2":"type-product","3":"status-publish","4":"has-post-thumbnail","6":"product_cat-feng-shui","7":"product_cat-uncategorized","9":"first","10":"instock","11":"sale","12":"taxable","13":"shipping-taxable","14":"purchasable","15":"product-type-simple"},"yoast_head":"<!-- This site is optimized with the Yoast SEO plugin v27.3 - https:\/\/yoast.com\/product\/yoast-seo-wordpress\/ -->\n<title>Figura Ganesha Blanca y Rosa | Pureza - Amor - MINERALES LUNA LLENA<\/title>\n<meta name=\"robots\" content=\"index, follow, max-snippet:-1, max-image-preview:large, max-video-preview:-1\" \/>\n<link rel=\"canonical\" href=\"https:\/\/mineraleslunallena.com\/ca\/producte\/figura-ganesha-blanca-y-rosa\/\" \/>\n<meta property=\"og:locale\" content=\"ca_ES\" \/>\n<meta property=\"og:type\" content=\"article\" \/>\n<meta property=\"og:title\" content=\"Figura Ganesha Blanca y Rosa | Pureza - Amor - MINERALES LUNA LLENA\" \/>\n<meta property=\"og:description\" content=\"La figura de Ganesha Blanca y Rosa combina la pureza y la paz con la energ\u00eda del amor y la compasi\u00f3n.  El color blanco simboliza claridad mental, serenidad y conexi\u00f3n espiritual, mientras que el rosa fomenta la armon\u00eda, las relaciones afectivas y la apertura emocional.  Esta figura es ideal para espacios dedicados a la meditaci\u00f3n, ya que invita a la calma y al equilibrio interior.  Col\u00f3cala en el norte para favorecer el crecimiento personal o en el suroeste para mejorar las relaciones familiares y de pareja. Tambi\u00e9n es perfecta para dormitorios, creando un ambiente relajante y lleno de ternura. Su energ\u00eda aporta dulzura y protecci\u00f3n, ayudando a superar momentos de estr\u00e9s o tensiones emocionales.        &nbsp;  Cantidad: 1 Unidad. El precio es por una unidad.        Tama\u00f1o: 11 cm. x 9 cm. aproximadamente.  Forma: Figura Ghanesa Resina.\" \/>\n<meta property=\"og:url\" content=\"https:\/\/mineraleslunallena.com\/ca\/producte\/figura-ganesha-blanca-y-rosa\/\" \/>\n<meta property=\"og:site_name\" content=\"MINERALES LUNA LLENA\" \/>\n<meta property=\"article:modified_time\" content=\"2025-01-21T18:15:32+00:00\" \/>\n<meta property=\"og:image\" content=\"https:\/\/mineraleslunallena.com\/wp-content\/uploads\/2024\/12\/ganesharosa-scaled.jpg\" \/>\n\t<meta property=\"og:image:width\" content=\"1153\" \/>\n\t<meta property=\"og:image:height\" content=\"2560\" \/>\n\t<meta property=\"og:image:type\" content=\"image\/jpeg\" \/>\n<meta name=\"twitter:card\" content=\"summary_large_image\" \/>\n<meta name=\"twitter:label1\" content=\"Temps estimat de lectura\" \/>\n\t<meta name=\"twitter:data1\" content=\"1 minut\" \/>\n<script type=\"application\/ld+json\" class=\"yoast-schema-graph\">{\"@context\":\"https:\\\/\\\/schema.org\",\"@graph\":[{\"@type\":\"WebPage\",\"@id\":\"https:\\\/\\\/mineraleslunallena.com\\\/producto\\\/figura-ganesha-blanca-y-rosa\\\/\",\"url\":\"https:\\\/\\\/mineraleslunallena.com\\\/producto\\\/figura-ganesha-blanca-y-rosa\\\/\",\"name\":\"Figura Ganesha Blanca y Rosa | Pureza - Amor - MINERALES LUNA LLENA\",\"isPartOf\":{\"@id\":\"https:\\\/\\\/mineraleslunallena.com\\\/#website\"},\"primaryImageOfPage\":{\"@id\":\"https:\\\/\\\/mineraleslunallena.com\\\/producto\\\/figura-ganesha-blanca-y-rosa\\\/#primaryimage\"},\"image\":{\"@id\":\"https:\\\/\\\/mineraleslunallena.com\\\/producto\\\/figura-ganesha-blanca-y-rosa\\\/#primaryimage\"},\"thumbnailUrl\":\"https:\\\/\\\/mineraleslunallena.com\\\/wp-content\\\/uploads\\\/2024\\\/12\\\/ganesharosa-scaled.jpg\",\"datePublished\":\"2024-12-12T18:03:23+00:00\",\"dateModified\":\"2025-01-21T18:15:32+00:00\",\"breadcrumb\":{\"@id\":\"https:\\\/\\\/mineraleslunallena.com\\\/producto\\\/figura-ganesha-blanca-y-rosa\\\/#breadcrumb\"},\"inLanguage\":\"ca\",\"potentialAction\":[{\"@type\":\"ReadAction\",\"target\":[\"https:\\\/\\\/mineraleslunallena.com\\\/producto\\\/figura-ganesha-blanca-y-rosa\\\/\"]}]},{\"@type\":\"ImageObject\",\"inLanguage\":\"ca\",\"@id\":\"https:\\\/\\\/mineraleslunallena.com\\\/producto\\\/figura-ganesha-blanca-y-rosa\\\/#primaryimage\",\"url\":\"https:\\\/\\\/mineraleslunallena.com\\\/wp-content\\\/uploads\\\/2024\\\/12\\\/ganesharosa-scaled.jpg\",\"contentUrl\":\"https:\\\/\\\/mineraleslunallena.com\\\/wp-content\\\/uploads\\\/2024\\\/12\\\/ganesharosa-scaled.jpg\",\"width\":1153,\"height\":2560},{\"@type\":\"BreadcrumbList\",\"@id\":\"https:\\\/\\\/mineraleslunallena.com\\\/producto\\\/figura-ganesha-blanca-y-rosa\\\/#breadcrumb\",\"itemListElement\":[{\"@type\":\"ListItem\",\"position\":1,\"name\":\"Portada\",\"item\":\"https:\\\/\\\/mineraleslunallena.com\\\/\"},{\"@type\":\"ListItem\",\"position\":2,\"name\":\"Shop\",\"item\":\"https:\\\/\\\/mineraleslunallena.com\\\/ca\\\/shop\\\/\"},{\"@type\":\"ListItem\",\"position\":3,\"name\":\"Figura Ganesha Blanca y Rosa | Pureza &#8211; Amor\"}]},{\"@type\":\"WebSite\",\"@id\":\"https:\\\/\\\/mineraleslunallena.com\\\/#website\",\"url\":\"https:\\\/\\\/mineraleslunallena.com\\\/\",\"name\":\"LUNA LLENA MINERALES\",\"description\":\"Es el momento de conectarte con tu propio poder y confiar en tus habilidades.\",\"publisher\":{\"@id\":\"https:\\\/\\\/mineraleslunallena.com\\\/#organization\"},\"potentialAction\":[{\"@type\":\"SearchAction\",\"target\":{\"@type\":\"EntryPoint\",\"urlTemplate\":\"https:\\\/\\\/mineraleslunallena.com\\\/?s={search_term_string}\"},\"query-input\":{\"@type\":\"PropertyValueSpecification\",\"valueRequired\":true,\"valueName\":\"search_term_string\"}}],\"inLanguage\":\"ca\"},{\"@type\":\"Organization\",\"@id\":\"https:\\\/\\\/mineraleslunallena.com\\\/#organization\",\"name\":\"LUNA LLENA MINERALES\",\"url\":\"https:\\\/\\\/mineraleslunallena.com\\\/\",\"logo\":{\"@type\":\"ImageObject\",\"inLanguage\":\"ca\",\"@id\":\"https:\\\/\\\/mineraleslunallena.com\\\/#\\\/schema\\\/logo\\\/image\\\/\",\"url\":\"https:\\\/\\\/mineraleslunallena.com\\\/wp-content\\\/uploads\\\/2023\\\/07\\\/LUNA-LLENA-LOGO-nuevo.png\",\"contentUrl\":\"https:\\\/\\\/mineraleslunallena.com\\\/wp-content\\\/uploads\\\/2023\\\/07\\\/LUNA-LLENA-LOGO-nuevo.png\",\"width\":229,\"height\":167,\"caption\":\"LUNA LLENA MINERALES\"},\"image\":{\"@id\":\"https:\\\/\\\/mineraleslunallena.com\\\/#\\\/schema\\\/logo\\\/image\\\/\"}}]}<\/script>\n<!-- \/ Yoast SEO plugin. -->","yoast_head_json":{"title":"Figura Ganesha Blanca y Rosa | Pureza - Amor - MINERALES LUNA LLENA","robots":{"index":"index","follow":"follow","max-snippet":"max-snippet:-1","max-image-preview":"max-image-preview:large","max-video-preview":"max-video-preview:-1"},"canonical":"https:\/\/mineraleslunallena.com\/ca\/producte\/figura-ganesha-blanca-y-rosa\/","og_locale":"ca_ES","og_type":"article","og_title":"Figura Ganesha Blanca y Rosa | Pureza - Amor - MINERALES LUNA LLENA","og_description":"La figura de Ganesha Blanca y Rosa combina la pureza y la paz con la energ\u00eda del amor y la compasi\u00f3n.  El color blanco simboliza claridad mental, serenidad y conexi\u00f3n espiritual, mientras que el rosa fomenta la armon\u00eda, las relaciones afectivas y la apertura emocional.  Esta figura es ideal para espacios dedicados a la meditaci\u00f3n, ya que invita a la calma y al equilibrio interior.  Col\u00f3cala en el norte para favorecer el crecimiento personal o en el suroeste para mejorar las relaciones familiares y de pareja. Tambi\u00e9n es perfecta para dormitorios, creando un ambiente relajante y lleno de ternura. Su energ\u00eda aporta dulzura y protecci\u00f3n, ayudando a superar momentos de estr\u00e9s o tensiones emocionales.        &nbsp;  Cantidad: 1 Unidad. El precio es por una unidad.        Tama\u00f1o: 11 cm. x 9 cm. aproximadamente.  Forma: Figura Ghanesa Resina.","og_url":"https:\/\/mineraleslunallena.com\/ca\/producte\/figura-ganesha-blanca-y-rosa\/","og_site_name":"MINERALES LUNA LLENA","article_modified_time":"2025-01-21T18:15:32+00:00","og_image":[{"width":1153,"height":2560,"url":"https:\/\/mineraleslunallena.com\/wp-content\/uploads\/2024\/12\/ganesharosa-scaled.jpg","type":"image\/jpeg"}],"twitter_card":"summary_large_image","twitter_misc":{"Temps estimat de lectura":"1 minut"},"schema":{"@context":"https:\/\/schema.org","@graph":[{"@type":"WebPage","@id":"https:\/\/mineraleslunallena.com\/producto\/figura-ganesha-blanca-y-rosa\/","url":"https:\/\/mineraleslunallena.com\/producto\/figura-ganesha-blanca-y-rosa\/","name":"Figura Ganesha Blanca y Rosa | Pureza - Amor - MINERALES LUNA LLENA","isPartOf":{"@id":"https:\/\/mineraleslunallena.com\/#website"},"primaryImageOfPage":{"@id":"https:\/\/mineraleslunallena.com\/producto\/figura-ganesha-blanca-y-rosa\/#primaryimage"},"image":{"@id":"https:\/\/mineraleslunallena.com\/producto\/figura-ganesha-blanca-y-rosa\/#primaryimage"},"thumbnailUrl":"https:\/\/mineraleslunallena.com\/wp-content\/uploads\/2024\/12\/ganesharosa-scaled.jpg","datePublished":"2024-12-12T18:03:23+00:00","dateModified":"2025-01-21T18:15:32+00:00","breadcrumb":{"@id":"https:\/\/mineraleslunallena.com\/producto\/figura-ganesha-blanca-y-rosa\/#breadcrumb"},"inLanguage":"ca","potentialAction":[{"@type":"ReadAction","target":["https:\/\/mineraleslunallena.com\/producto\/figura-ganesha-blanca-y-rosa\/"]}]},{"@type":"ImageObject","inLanguage":"ca","@id":"https:\/\/mineraleslunallena.com\/producto\/figura-ganesha-blanca-y-rosa\/#primaryimage","url":"https:\/\/mineraleslunallena.com\/wp-content\/uploads\/2024\/12\/ganesharosa-scaled.jpg","contentUrl":"https:\/\/mineraleslunallena.com\/wp-content\/uploads\/2024\/12\/ganesharosa-scaled.jpg","width":1153,"height":2560},{"@type":"BreadcrumbList","@id":"https:\/\/mineraleslunallena.com\/producto\/figura-ganesha-blanca-y-rosa\/#breadcrumb","itemListElement":[{"@type":"ListItem","position":1,"name":"Portada","item":"https:\/\/mineraleslunallena.com\/"},{"@type":"ListItem","position":2,"name":"Shop","item":"https:\/\/mineraleslunallena.com\/ca\/shop\/"},{"@type":"ListItem","position":3,"name":"Figura Ganesha Blanca y Rosa | Pureza &#8211; Amor"}]},{"@type":"WebSite","@id":"https:\/\/mineraleslunallena.com\/#website","url":"https:\/\/mineraleslunallena.com\/","name":"LLUNA PLENA MINERALS","description":"\u00c9s el moment de connectar-te amb el teu poder i confiar en les teves habilitats.","publisher":{"@id":"https:\/\/mineraleslunallena.com\/#organization"},"potentialAction":[{"@type":"SearchAction","target":{"@type":"EntryPoint","urlTemplate":"https:\/\/mineraleslunallena.com\/?s={search_term_string}"},"query-input":{"@type":"PropertyValueSpecification","valueRequired":true,"valueName":"search_term_string"}}],"inLanguage":"ca"},{"@type":"Organization","@id":"https:\/\/mineraleslunallena.com\/#organization","name":"LLUNA PLENA MINERALS","url":"https:\/\/mineraleslunallena.com\/","logo":{"@type":"ImageObject","inLanguage":"ca","@id":"https:\/\/mineraleslunallena.com\/#\/schema\/logo\/image\/","url":"https:\/\/mineraleslunallena.com\/wp-content\/uploads\/2023\/07\/LUNA-LLENA-LOGO-nuevo.png","contentUrl":"https:\/\/mineraleslunallena.com\/wp-content\/uploads\/2023\/07\/LUNA-LLENA-LOGO-nuevo.png","width":229,"height":167,"caption":"LUNA LLENA MINERALES"},"image":{"@id":"https:\/\/mineraleslunallena.com\/#\/schema\/logo\/image\/"}}]}},"_links":{"self":[{"href":"https:\/\/mineraleslunallena.com\/ca\/wp-json\/wp\/v2\/product\/5363","targetHints":{"allow":["GET"]}}],"collection":[{"href":"https:\/\/mineraleslunallena.com\/ca\/wp-json\/wp\/v2\/product"}],"about":[{"href":"https:\/\/mineraleslunallena.com\/ca\/wp-json\/wp\/v2\/types\/product"}],"version-history":[{"count":3,"href":"https:\/\/mineraleslunallena.com\/ca\/wp-json\/wp\/v2\/product\/5363\/revisions"}],"predecessor-version":[{"id":5368,"href":"https:\/\/mineraleslunallena.com\/ca\/wp-json\/wp\/v2\/product\/5363\/revisions\/5368"}],"wp:featuredmedia":[{"embeddable":true,"href":"https:\/\/mineraleslunallena.com\/ca\/wp-json\/wp\/v2\/media\/5366"}],"wp:attachment":[{"href":"https:\/\/mineraleslunallena.com\/ca\/wp-json\/wp\/v2\/media?parent=5363"}],"wp:term":[{"taxonomy":"product_cat","embeddable":true,"href":"https:\/\/mineraleslunallena.com\/ca\/wp-json\/wp\/v2\/product_cat?post=5363"},{"taxonomy":"product_tag","embeddable":true,"href":"https:\/\/mineraleslunallena.com\/ca\/wp-json\/wp\/v2\/product_tag?post=5363"}],"curies":[{"name":"wp","href":"https:\/\/api.w.org\/{rel}","templated":true}]}}