{"id":5500,"date":"2025-01-02T21:47:48","date_gmt":"2025-01-02T20:47:48","guid":{"rendered":"https:\/\/mineraleslunallena.com\/?post_type=product&#038;p=5500"},"modified":"2025-01-03T18:13:10","modified_gmt":"2025-01-03T17:13:10","slug":"jabon-esoterico-garrapata-atraccion-endulzar","status":"publish","type":"product","link":"https:\/\/mineraleslunallena.com\/ca\/producte\/jabon-esoterico-garrapata-atraccion-endulzar\/","title":{"rendered":"Jab\u00f3n Esot\u00e9rico Garrapata | Atracci\u00f3n &#8211; Endulzar"},"content":{"rendered":"<p>Disfruta de una experiencia \u00fanica con nuestra pastilla de<strong> jab\u00f3n Esot\u00e9rico de Garrapata<\/strong>, presentada con una delicada bolsa de organza, ideal para colgar y mantener la fragancia durante m\u00e1s tiempo. Esta combinaci\u00f3n perfecta de jab\u00f3n y bolsa no solo cuida tu piel, sino que tambi\u00e9n le da un toque de magia a tu ritual de autocuidado.<\/p>\n<p>El <strong>Jab\u00f3n Esot\u00e9rico de Garrapata<\/strong> es el aliado perfecto para fortalecer y mantener un v\u00ednculo especial con esa persona importante en tu vida.<\/p>\n<p>Este jab\u00f3n est\u00e1 cargado de energ\u00edas que fomentan la atracci\u00f3n, la cercan\u00eda y la conexi\u00f3n emocional profunda, ayudando a que esa persona no quiera separarse de ti.<\/p>\n<p>Con cada uso, refuerzas lazos de amor, pasi\u00f3n o amistad, creando una sensaci\u00f3n de uni\u00f3n inquebrantable.<\/p>\n<p>Ideal para quienes desean mantener viva la chispa en una relaci\u00f3n o asegurar la presencia constante de alguien especial. Con el Jab\u00f3n Garrapata, tendr\u00e1s a esa persona m\u00e1s cerca que nunca.<\/p>\n<p>\u00a1Atrae amor y fidelidad en cada uso!<\/p>\n<p>&nbsp;<\/p>\n<p>Cantidad: 1 unidad. El precio es por una unidad.<\/p>","protected":false},"excerpt":{"rendered":"<p>Disfruta de una experiencia \u00fanica con nuestra pastilla de jab\u00f3n esot\u00e9rico, presentada con una delicada bolsa de organza, ideal para colgar y mantener la fragancia durante m\u00e1s tiempo. Esta combinaci\u00f3n perfecta de jab\u00f3n y bolsa no solo cuida tu piel, sino que tambi\u00e9n le da un toque de magia a tu ritual de autocuidado.<\/p>\n<p>El <strong>Jab\u00f3n Garrapata<\/strong> es el aliado perfecto para fortalecer y mantener un v\u00ednculo especial con esa persona importante en tu vida.<\/p>\n<p>Este jab\u00f3n est\u00e1 cargado de energ\u00edas que fomentan la atracci\u00f3n, la cercan\u00eda y la conexi\u00f3n emocional profunda, ayudando a que esa persona no quiera separarse de ti.<\/p>\n<p>Con cada uso, refuerzas lazos de amor, pasi\u00f3n o amistad, creando una sensaci\u00f3n de uni\u00f3n inquebrantable.<\/p>\n<p>Ideal para quienes desean mantener viva la chispa en una relaci\u00f3n o asegurar la presencia constante de alguien especial. Con el Jab\u00f3n Garrapata, tendr\u00e1s a esa persona m\u00e1s cerca que nunca.<\/p>\n<p>\u00a1Atrae amor y fidelidad en cada uso!<\/p>\n<p>&nbsp;<\/p>\n<p>Cantidad: 1 unidad. El precio es por una unidad.<\/p>\n<p>&nbsp;<\/p>\n<p>&nbsp;<\/p>","protected":false},"featured_media":5587,"template":"","meta":[],"product_cat":[116,98],"product_tag":[],"class_list":{"0":"post-5500","1":"product","2":"type-product","3":"status-publish","4":"has-post-thumbnail","6":"product_cat-jabones-y-geles","7":"product_cat-incienso","9":"first","10":"instock","11":"taxable","12":"shipping-taxable","13":"purchasable","14":"product-type-simple"},"yoast_head":"<!-- This site is optimized with the Yoast SEO plugin v27.3 - https:\/\/yoast.com\/product\/yoast-seo-wordpress\/ -->\n<title>Jab\u00f3n Esot\u00e9rico Garrapata | Atracci\u00f3n - Endulzar - MINERALES LUNA LLENA<\/title>\n<meta name=\"robots\" content=\"index, follow, max-snippet:-1, max-image-preview:large, max-video-preview:-1\" \/>\n<link rel=\"canonical\" href=\"https:\/\/mineraleslunallena.com\/ca\/producte\/jabon-esoterico-garrapata-atraccion-endulzar\/\" \/>\n<meta property=\"og:locale\" content=\"ca_ES\" \/>\n<meta property=\"og:type\" content=\"article\" \/>\n<meta property=\"og:title\" content=\"Jab\u00f3n Esot\u00e9rico Garrapata | Atracci\u00f3n - Endulzar - MINERALES LUNA LLENA\" \/>\n<meta property=\"og:description\" content=\"Disfruta de una experiencia \u00fanica con nuestra pastilla de jab\u00f3n esot\u00e9rico, presentada con una delicada bolsa de organza, ideal para colgar y mantener la fragancia durante m\u00e1s tiempo. Esta combinaci\u00f3n perfecta de jab\u00f3n y bolsa no solo cuida tu piel, sino que tambi\u00e9n le da un toque de magia a tu ritual de autocuidado.  El Jab\u00f3n Garrapata es el aliado perfecto para fortalecer y mantener un v\u00ednculo especial con esa persona importante en tu vida.  Este jab\u00f3n est\u00e1 cargado de energ\u00edas que fomentan la atracci\u00f3n, la cercan\u00eda y la conexi\u00f3n emocional profunda, ayudando a que esa persona no quiera separarse de ti.  Con cada uso, refuerzas lazos de amor, pasi\u00f3n o amistad, creando una sensaci\u00f3n de uni\u00f3n inquebrantable.  Ideal para quienes desean mantener viva la chispa en una relaci\u00f3n o asegurar la presencia constante de alguien especial. Con el Jab\u00f3n Garrapata, tendr\u00e1s a esa persona m\u00e1s cerca que nunca.  \u00a1Atrae amor y fidelidad en cada uso!  &nbsp;  Cantidad: 1 unidad. El precio es por una unidad.  &nbsp;  &nbsp;\" \/>\n<meta property=\"og:url\" content=\"https:\/\/mineraleslunallena.com\/ca\/producte\/jabon-esoterico-garrapata-atraccion-endulzar\/\" \/>\n<meta property=\"og:site_name\" content=\"MINERALES LUNA LLENA\" \/>\n<meta property=\"article:modified_time\" content=\"2025-01-03T17:13:10+00:00\" \/>\n<meta property=\"og:image\" content=\"https:\/\/mineraleslunallena.com\/wp-content\/uploads\/2025\/01\/IMG_20250103_164603-scaled.jpg\" \/>\n\t<meta property=\"og:image:width\" content=\"1153\" \/>\n\t<meta property=\"og:image:height\" content=\"2560\" \/>\n\t<meta property=\"og:image:type\" content=\"image\/jpeg\" \/>\n<meta name=\"twitter:card\" content=\"summary_large_image\" \/>\n<meta name=\"twitter:label1\" content=\"Temps estimat de lectura\" \/>\n\t<meta name=\"twitter:data1\" content=\"1 minut\" \/>\n<script type=\"application\/ld+json\" class=\"yoast-schema-graph\">{\"@context\":\"https:\\\/\\\/schema.org\",\"@graph\":[{\"@type\":\"WebPage\",\"@id\":\"https:\\\/\\\/mineraleslunallena.com\\\/producto\\\/jabon-esoterico-garrapata-atraccion-endulzar\\\/\",\"url\":\"https:\\\/\\\/mineraleslunallena.com\\\/producto\\\/jabon-esoterico-garrapata-atraccion-endulzar\\\/\",\"name\":\"Jab\u00f3n Esot\u00e9rico Garrapata | Atracci\u00f3n - Endulzar - MINERALES LUNA LLENA\",\"isPartOf\":{\"@id\":\"https:\\\/\\\/mineraleslunallena.com\\\/#website\"},\"primaryImageOfPage\":{\"@id\":\"https:\\\/\\\/mineraleslunallena.com\\\/producto\\\/jabon-esoterico-garrapata-atraccion-endulzar\\\/#primaryimage\"},\"image\":{\"@id\":\"https:\\\/\\\/mineraleslunallena.com\\\/producto\\\/jabon-esoterico-garrapata-atraccion-endulzar\\\/#primaryimage\"},\"thumbnailUrl\":\"https:\\\/\\\/mineraleslunallena.com\\\/wp-content\\\/uploads\\\/2025\\\/01\\\/IMG_20250103_164603-scaled.jpg\",\"datePublished\":\"2025-01-02T20:47:48+00:00\",\"dateModified\":\"2025-01-03T17:13:10+00:00\",\"breadcrumb\":{\"@id\":\"https:\\\/\\\/mineraleslunallena.com\\\/producto\\\/jabon-esoterico-garrapata-atraccion-endulzar\\\/#breadcrumb\"},\"inLanguage\":\"ca\",\"potentialAction\":[{\"@type\":\"ReadAction\",\"target\":[\"https:\\\/\\\/mineraleslunallena.com\\\/producto\\\/jabon-esoterico-garrapata-atraccion-endulzar\\\/\"]}]},{\"@type\":\"ImageObject\",\"inLanguage\":\"ca\",\"@id\":\"https:\\\/\\\/mineraleslunallena.com\\\/producto\\\/jabon-esoterico-garrapata-atraccion-endulzar\\\/#primaryimage\",\"url\":\"https:\\\/\\\/mineraleslunallena.com\\\/wp-content\\\/uploads\\\/2025\\\/01\\\/IMG_20250103_164603-scaled.jpg\",\"contentUrl\":\"https:\\\/\\\/mineraleslunallena.com\\\/wp-content\\\/uploads\\\/2025\\\/01\\\/IMG_20250103_164603-scaled.jpg\",\"width\":1153,\"height\":2560},{\"@type\":\"BreadcrumbList\",\"@id\":\"https:\\\/\\\/mineraleslunallena.com\\\/producto\\\/jabon-esoterico-garrapata-atraccion-endulzar\\\/#breadcrumb\",\"itemListElement\":[{\"@type\":\"ListItem\",\"position\":1,\"name\":\"Portada\",\"item\":\"https:\\\/\\\/mineraleslunallena.com\\\/\"},{\"@type\":\"ListItem\",\"position\":2,\"name\":\"Shop\",\"item\":\"https:\\\/\\\/mineraleslunallena.com\\\/ca\\\/shop\\\/\"},{\"@type\":\"ListItem\",\"position\":3,\"name\":\"Jab\u00f3n Esot\u00e9rico Garrapata | Atracci\u00f3n &#8211; Endulzar\"}]},{\"@type\":\"WebSite\",\"@id\":\"https:\\\/\\\/mineraleslunallena.com\\\/#website\",\"url\":\"https:\\\/\\\/mineraleslunallena.com\\\/\",\"name\":\"LUNA LLENA MINERALES\",\"description\":\"Es el momento de conectarte con tu propio poder y confiar en tus habilidades.\",\"publisher\":{\"@id\":\"https:\\\/\\\/mineraleslunallena.com\\\/#organization\"},\"potentialAction\":[{\"@type\":\"SearchAction\",\"target\":{\"@type\":\"EntryPoint\",\"urlTemplate\":\"https:\\\/\\\/mineraleslunallena.com\\\/?s={search_term_string}\"},\"query-input\":{\"@type\":\"PropertyValueSpecification\",\"valueRequired\":true,\"valueName\":\"search_term_string\"}}],\"inLanguage\":\"ca\"},{\"@type\":\"Organization\",\"@id\":\"https:\\\/\\\/mineraleslunallena.com\\\/#organization\",\"name\":\"LUNA LLENA MINERALES\",\"url\":\"https:\\\/\\\/mineraleslunallena.com\\\/\",\"logo\":{\"@type\":\"ImageObject\",\"inLanguage\":\"ca\",\"@id\":\"https:\\\/\\\/mineraleslunallena.com\\\/#\\\/schema\\\/logo\\\/image\\\/\",\"url\":\"https:\\\/\\\/mineraleslunallena.com\\\/wp-content\\\/uploads\\\/2023\\\/07\\\/LUNA-LLENA-LOGO-nuevo.png\",\"contentUrl\":\"https:\\\/\\\/mineraleslunallena.com\\\/wp-content\\\/uploads\\\/2023\\\/07\\\/LUNA-LLENA-LOGO-nuevo.png\",\"width\":229,\"height\":167,\"caption\":\"LUNA LLENA MINERALES\"},\"image\":{\"@id\":\"https:\\\/\\\/mineraleslunallena.com\\\/#\\\/schema\\\/logo\\\/image\\\/\"}}]}<\/script>\n<!-- \/ Yoast SEO plugin. -->","yoast_head_json":{"title":"Jab\u00f3n Esot\u00e9rico Garrapata | Atracci\u00f3n - Endulzar - MINERALES LUNA LLENA","robots":{"index":"index","follow":"follow","max-snippet":"max-snippet:-1","max-image-preview":"max-image-preview:large","max-video-preview":"max-video-preview:-1"},"canonical":"https:\/\/mineraleslunallena.com\/ca\/producte\/jabon-esoterico-garrapata-atraccion-endulzar\/","og_locale":"ca_ES","og_type":"article","og_title":"Jab\u00f3n Esot\u00e9rico Garrapata | Atracci\u00f3n - Endulzar - MINERALES LUNA LLENA","og_description":"Disfruta de una experiencia \u00fanica con nuestra pastilla de jab\u00f3n esot\u00e9rico, presentada con una delicada bolsa de organza, ideal para colgar y mantener la fragancia durante m\u00e1s tiempo. Esta combinaci\u00f3n perfecta de jab\u00f3n y bolsa no solo cuida tu piel, sino que tambi\u00e9n le da un toque de magia a tu ritual de autocuidado.  El Jab\u00f3n Garrapata es el aliado perfecto para fortalecer y mantener un v\u00ednculo especial con esa persona importante en tu vida.  Este jab\u00f3n est\u00e1 cargado de energ\u00edas que fomentan la atracci\u00f3n, la cercan\u00eda y la conexi\u00f3n emocional profunda, ayudando a que esa persona no quiera separarse de ti.  Con cada uso, refuerzas lazos de amor, pasi\u00f3n o amistad, creando una sensaci\u00f3n de uni\u00f3n inquebrantable.  Ideal para quienes desean mantener viva la chispa en una relaci\u00f3n o asegurar la presencia constante de alguien especial. Con el Jab\u00f3n Garrapata, tendr\u00e1s a esa persona m\u00e1s cerca que nunca.  \u00a1Atrae amor y fidelidad en cada uso!  &nbsp;  Cantidad: 1 unidad. El precio es por una unidad.  &nbsp;  &nbsp;","og_url":"https:\/\/mineraleslunallena.com\/ca\/producte\/jabon-esoterico-garrapata-atraccion-endulzar\/","og_site_name":"MINERALES LUNA LLENA","article_modified_time":"2025-01-03T17:13:10+00:00","og_image":[{"width":1153,"height":2560,"url":"https:\/\/mineraleslunallena.com\/wp-content\/uploads\/2025\/01\/IMG_20250103_164603-scaled.jpg","type":"image\/jpeg"}],"twitter_card":"summary_large_image","twitter_misc":{"Temps estimat de lectura":"1 minut"},"schema":{"@context":"https:\/\/schema.org","@graph":[{"@type":"WebPage","@id":"https:\/\/mineraleslunallena.com\/producto\/jabon-esoterico-garrapata-atraccion-endulzar\/","url":"https:\/\/mineraleslunallena.com\/producto\/jabon-esoterico-garrapata-atraccion-endulzar\/","name":"Jab\u00f3n Esot\u00e9rico Garrapata | Atracci\u00f3n - Endulzar - MINERALES LUNA LLENA","isPartOf":{"@id":"https:\/\/mineraleslunallena.com\/#website"},"primaryImageOfPage":{"@id":"https:\/\/mineraleslunallena.com\/producto\/jabon-esoterico-garrapata-atraccion-endulzar\/#primaryimage"},"image":{"@id":"https:\/\/mineraleslunallena.com\/producto\/jabon-esoterico-garrapata-atraccion-endulzar\/#primaryimage"},"thumbnailUrl":"https:\/\/mineraleslunallena.com\/wp-content\/uploads\/2025\/01\/IMG_20250103_164603-scaled.jpg","datePublished":"2025-01-02T20:47:48+00:00","dateModified":"2025-01-03T17:13:10+00:00","breadcrumb":{"@id":"https:\/\/mineraleslunallena.com\/producto\/jabon-esoterico-garrapata-atraccion-endulzar\/#breadcrumb"},"inLanguage":"ca","potentialAction":[{"@type":"ReadAction","target":["https:\/\/mineraleslunallena.com\/producto\/jabon-esoterico-garrapata-atraccion-endulzar\/"]}]},{"@type":"ImageObject","inLanguage":"ca","@id":"https:\/\/mineraleslunallena.com\/producto\/jabon-esoterico-garrapata-atraccion-endulzar\/#primaryimage","url":"https:\/\/mineraleslunallena.com\/wp-content\/uploads\/2025\/01\/IMG_20250103_164603-scaled.jpg","contentUrl":"https:\/\/mineraleslunallena.com\/wp-content\/uploads\/2025\/01\/IMG_20250103_164603-scaled.jpg","width":1153,"height":2560},{"@type":"BreadcrumbList","@id":"https:\/\/mineraleslunallena.com\/producto\/jabon-esoterico-garrapata-atraccion-endulzar\/#breadcrumb","itemListElement":[{"@type":"ListItem","position":1,"name":"Portada","item":"https:\/\/mineraleslunallena.com\/"},{"@type":"ListItem","position":2,"name":"Shop","item":"https:\/\/mineraleslunallena.com\/ca\/shop\/"},{"@type":"ListItem","position":3,"name":"Jab\u00f3n Esot\u00e9rico Garrapata | Atracci\u00f3n &#8211; Endulzar"}]},{"@type":"WebSite","@id":"https:\/\/mineraleslunallena.com\/#website","url":"https:\/\/mineraleslunallena.com\/","name":"LLUNA PLENA MINERALS","description":"\u00c9s el moment de connectar-te amb el teu poder i confiar en les teves habilitats.","publisher":{"@id":"https:\/\/mineraleslunallena.com\/#organization"},"potentialAction":[{"@type":"SearchAction","target":{"@type":"EntryPoint","urlTemplate":"https:\/\/mineraleslunallena.com\/?s={search_term_string}"},"query-input":{"@type":"PropertyValueSpecification","valueRequired":true,"valueName":"search_term_string"}}],"inLanguage":"ca"},{"@type":"Organization","@id":"https:\/\/mineraleslunallena.com\/#organization","name":"LLUNA PLENA MINERALS","url":"https:\/\/mineraleslunallena.com\/","logo":{"@type":"ImageObject","inLanguage":"ca","@id":"https:\/\/mineraleslunallena.com\/#\/schema\/logo\/image\/","url":"https:\/\/mineraleslunallena.com\/wp-content\/uploads\/2023\/07\/LUNA-LLENA-LOGO-nuevo.png","contentUrl":"https:\/\/mineraleslunallena.com\/wp-content\/uploads\/2023\/07\/LUNA-LLENA-LOGO-nuevo.png","width":229,"height":167,"caption":"LUNA LLENA MINERALES"},"image":{"@id":"https:\/\/mineraleslunallena.com\/#\/schema\/logo\/image\/"}}]}},"jetpack_sharing_enabled":true,"_links":{"self":[{"href":"https:\/\/mineraleslunallena.com\/ca\/wp-json\/wp\/v2\/product\/5500","targetHints":{"allow":["GET"]}}],"collection":[{"href":"https:\/\/mineraleslunallena.com\/ca\/wp-json\/wp\/v2\/product"}],"about":[{"href":"https:\/\/mineraleslunallena.com\/ca\/wp-json\/wp\/v2\/types\/product"}],"version-history":[{"count":3,"href":"https:\/\/mineraleslunallena.com\/ca\/wp-json\/wp\/v2\/product\/5500\/revisions"}],"predecessor-version":[{"id":5620,"href":"https:\/\/mineraleslunallena.com\/ca\/wp-json\/wp\/v2\/product\/5500\/revisions\/5620"}],"wp:featuredmedia":[{"embeddable":true,"href":"https:\/\/mineraleslunallena.com\/ca\/wp-json\/wp\/v2\/media\/5587"}],"wp:attachment":[{"href":"https:\/\/mineraleslunallena.com\/ca\/wp-json\/wp\/v2\/media?parent=5500"}],"wp:term":[{"taxonomy":"product_cat","embeddable":true,"href":"https:\/\/mineraleslunallena.com\/ca\/wp-json\/wp\/v2\/product_cat?post=5500"},{"taxonomy":"product_tag","embeddable":true,"href":"https:\/\/mineraleslunallena.com\/ca\/wp-json\/wp\/v2\/product_tag?post=5500"}],"curies":[{"name":"wp","href":"https:\/\/api.w.org\/{rel}","templated":true}]}}