{"id":5503,"date":"2025-01-02T22:04:37","date_gmt":"2025-01-02T21:04:37","guid":{"rendered":"https:\/\/mineraleslunallena.com\/?post_type=product&#038;p=5503"},"modified":"2025-01-03T18:09:20","modified_gmt":"2025-01-03T17:09:20","slug":"jabon-esoterico-retorno-recupera-lo-que-te-pertenece","status":"publish","type":"product","link":"https:\/\/mineraleslunallena.com\/ca\/producte\/jabon-esoterico-retorno-recupera-lo-que-te-pertenece\/","title":{"rendered":"Jab\u00f3n Esot\u00e9rico Retorno | Recupera lo que te Pertenece"},"content":{"rendered":"<p>Conecta con tu esencia y permite que el universo te devuelva lo que has perdido.<\/p>\n<p>El <strong>Jab\u00f3n Esot\u00e9rico de Retorno<\/strong> est\u00e1 elaborado para ayudarte a recuperar aquello que cre\u00edas perdido.<\/p>\n<p>Ya sea un amor, una amistad o una oportunidad que deseas traer de vuelta a tu vida, este jab\u00f3n trabaja en el plano energ\u00e9tico para abrir los caminos y reconectar los lazos rotos.<\/p>\n<p>Us\u00e1ndolo, estar\u00e1s enviando un mensaje al universo de que est\u00e1s lista para recibir de nuevo aquello que tiene un lugar en tu vida.<\/p>\n<p>Es ideal si sientes que necesitas cerrar ciclos o reactivar relaciones y situaciones importantes.<\/p>\n<p>Con cada uso, atraer\u00e1s energ\u00edas de reconciliaci\u00f3n, entendimiento y segundas oportunidades. Haz de este jab\u00f3n tu aliado para reencontrarte con lo que amas.<\/p>\n<p>&nbsp;<\/p>\n<p>Cantidad: 1 unidad. El precio es por una unidad.<\/p>","protected":false},"excerpt":{"rendered":"<p>Conecta con tu esencia y permite que el universo te devuelva lo que has perdido.<\/p>\n<p>Conecta con tu esencia y permite que el universo te devuelva lo que has perdido.<\/p>\n<p>El <strong>Jab\u00f3n Esot\u00e9rico de Retorno<\/strong> est\u00e1 elaborado para ayudarte a recuperar aquello que cre\u00edas perdido.<\/p>\n<p>Ya sea un amor, una amistad o una oportunidad que deseas traer de vuelta a tu vida, este jab\u00f3n trabaja en el plano energ\u00e9tico para abrir los caminos y reconectar los lazos rotos.<\/p>\n<p>Us\u00e1ndolo, estar\u00e1s enviando un mensaje al universo de que est\u00e1s listo para recibir de nuevo aquello que tiene un lugar en tu vida.<\/p>\n<p>Es ideal si sientes que necesitas cerrar ciclos o reactivar relaciones y situaciones importantes.<\/p>\n<p>Con cada uso, atraer\u00e1s energ\u00edas de reconciliaci\u00f3n, entendimiento y segundas oportunidades. Haz de este jab\u00f3n tu aliado para reencontrarte con lo que amas.<\/p>\n<p>&nbsp;<\/p>\n<p>Cantidad: 1 unidad. El precio es por una unidad.<\/p>\n<p>&nbsp;<\/p>","protected":false},"featured_media":5587,"template":"","meta":[],"product_cat":[116,98],"product_tag":[],"class_list":{"0":"post-5503","1":"product","2":"type-product","3":"status-publish","4":"has-post-thumbnail","6":"product_cat-jabones-y-geles","7":"product_cat-incienso","9":"first","10":"instock","11":"taxable","12":"shipping-taxable","13":"purchasable","14":"product-type-simple"},"yoast_head":"<!-- This site is optimized with the Yoast SEO plugin v27.3 - https:\/\/yoast.com\/product\/yoast-seo-wordpress\/ -->\n<title>Jab\u00f3n Esot\u00e9rico Retorno | Recupera lo que te Pertenece - MINERALES LUNA LLENA<\/title>\n<meta name=\"robots\" content=\"index, follow, max-snippet:-1, max-image-preview:large, max-video-preview:-1\" \/>\n<link rel=\"canonical\" href=\"https:\/\/mineraleslunallena.com\/ca\/producte\/jabon-esoterico-retorno-recupera-lo-que-te-pertenece\/\" \/>\n<meta property=\"og:locale\" content=\"ca_ES\" \/>\n<meta property=\"og:type\" content=\"article\" \/>\n<meta property=\"og:title\" content=\"Jab\u00f3n Esot\u00e9rico Retorno | Recupera lo que te Pertenece - MINERALES LUNA LLENA\" \/>\n<meta property=\"og:description\" content=\"Conecta con tu esencia y permite que el universo te devuelva lo que has perdido.  Conecta con tu esencia y permite que el universo te devuelva lo que has perdido.  El Jab\u00f3n Esot\u00e9rico de Retorno est\u00e1 elaborado para ayudarte a recuperar aquello que cre\u00edas perdido.  Ya sea un amor, una amistad o una oportunidad que deseas traer de vuelta a tu vida, este jab\u00f3n trabaja en el plano energ\u00e9tico para abrir los caminos y reconectar los lazos rotos.  Us\u00e1ndolo, estar\u00e1s enviando un mensaje al universo de que est\u00e1s listo para recibir de nuevo aquello que tiene un lugar en tu vida.  Es ideal si sientes que necesitas cerrar ciclos o reactivar relaciones y situaciones importantes.  Con cada uso, atraer\u00e1s energ\u00edas de reconciliaci\u00f3n, entendimiento y segundas oportunidades. Haz de este jab\u00f3n tu aliado para reencontrarte con lo que amas.  &nbsp;  Cantidad: 1 unidad. El precio es por una unidad.  &nbsp;\" \/>\n<meta property=\"og:url\" content=\"https:\/\/mineraleslunallena.com\/ca\/producte\/jabon-esoterico-retorno-recupera-lo-que-te-pertenece\/\" \/>\n<meta property=\"og:site_name\" content=\"MINERALES LUNA LLENA\" \/>\n<meta property=\"article:modified_time\" content=\"2025-01-03T17:09:20+00:00\" \/>\n<meta property=\"og:image\" content=\"https:\/\/mineraleslunallena.com\/wp-content\/uploads\/2025\/01\/IMG_20250103_164603-scaled.jpg\" \/>\n\t<meta property=\"og:image:width\" content=\"1153\" \/>\n\t<meta property=\"og:image:height\" content=\"2560\" \/>\n\t<meta property=\"og:image:type\" content=\"image\/jpeg\" \/>\n<meta name=\"twitter:card\" content=\"summary_large_image\" \/>\n<meta name=\"twitter:label1\" content=\"Temps estimat de lectura\" \/>\n\t<meta name=\"twitter:data1\" content=\"1 minut\" \/>\n<script type=\"application\/ld+json\" class=\"yoast-schema-graph\">{\"@context\":\"https:\\\/\\\/schema.org\",\"@graph\":[{\"@type\":\"WebPage\",\"@id\":\"https:\\\/\\\/mineraleslunallena.com\\\/producto\\\/jabon-esoterico-retorno-recupera-lo-que-te-pertenece\\\/\",\"url\":\"https:\\\/\\\/mineraleslunallena.com\\\/producto\\\/jabon-esoterico-retorno-recupera-lo-que-te-pertenece\\\/\",\"name\":\"Jab\u00f3n Esot\u00e9rico Retorno | Recupera lo que te Pertenece - MINERALES LUNA LLENA\",\"isPartOf\":{\"@id\":\"https:\\\/\\\/mineraleslunallena.com\\\/#website\"},\"primaryImageOfPage\":{\"@id\":\"https:\\\/\\\/mineraleslunallena.com\\\/producto\\\/jabon-esoterico-retorno-recupera-lo-que-te-pertenece\\\/#primaryimage\"},\"image\":{\"@id\":\"https:\\\/\\\/mineraleslunallena.com\\\/producto\\\/jabon-esoterico-retorno-recupera-lo-que-te-pertenece\\\/#primaryimage\"},\"thumbnailUrl\":\"https:\\\/\\\/mineraleslunallena.com\\\/wp-content\\\/uploads\\\/2025\\\/01\\\/IMG_20250103_164603-scaled.jpg\",\"datePublished\":\"2025-01-02T21:04:37+00:00\",\"dateModified\":\"2025-01-03T17:09:20+00:00\",\"breadcrumb\":{\"@id\":\"https:\\\/\\\/mineraleslunallena.com\\\/producto\\\/jabon-esoterico-retorno-recupera-lo-que-te-pertenece\\\/#breadcrumb\"},\"inLanguage\":\"ca\",\"potentialAction\":[{\"@type\":\"ReadAction\",\"target\":[\"https:\\\/\\\/mineraleslunallena.com\\\/producto\\\/jabon-esoterico-retorno-recupera-lo-que-te-pertenece\\\/\"]}]},{\"@type\":\"ImageObject\",\"inLanguage\":\"ca\",\"@id\":\"https:\\\/\\\/mineraleslunallena.com\\\/producto\\\/jabon-esoterico-retorno-recupera-lo-que-te-pertenece\\\/#primaryimage\",\"url\":\"https:\\\/\\\/mineraleslunallena.com\\\/wp-content\\\/uploads\\\/2025\\\/01\\\/IMG_20250103_164603-scaled.jpg\",\"contentUrl\":\"https:\\\/\\\/mineraleslunallena.com\\\/wp-content\\\/uploads\\\/2025\\\/01\\\/IMG_20250103_164603-scaled.jpg\",\"width\":1153,\"height\":2560},{\"@type\":\"BreadcrumbList\",\"@id\":\"https:\\\/\\\/mineraleslunallena.com\\\/producto\\\/jabon-esoterico-retorno-recupera-lo-que-te-pertenece\\\/#breadcrumb\",\"itemListElement\":[{\"@type\":\"ListItem\",\"position\":1,\"name\":\"Portada\",\"item\":\"https:\\\/\\\/mineraleslunallena.com\\\/\"},{\"@type\":\"ListItem\",\"position\":2,\"name\":\"Shop\",\"item\":\"https:\\\/\\\/mineraleslunallena.com\\\/ca\\\/shop\\\/\"},{\"@type\":\"ListItem\",\"position\":3,\"name\":\"Jab\u00f3n Esot\u00e9rico Retorno | Recupera lo que te Pertenece\"}]},{\"@type\":\"WebSite\",\"@id\":\"https:\\\/\\\/mineraleslunallena.com\\\/#website\",\"url\":\"https:\\\/\\\/mineraleslunallena.com\\\/\",\"name\":\"LUNA LLENA MINERALES\",\"description\":\"Es el momento de conectarte con tu propio poder y confiar en tus habilidades.\",\"publisher\":{\"@id\":\"https:\\\/\\\/mineraleslunallena.com\\\/#organization\"},\"potentialAction\":[{\"@type\":\"SearchAction\",\"target\":{\"@type\":\"EntryPoint\",\"urlTemplate\":\"https:\\\/\\\/mineraleslunallena.com\\\/?s={search_term_string}\"},\"query-input\":{\"@type\":\"PropertyValueSpecification\",\"valueRequired\":true,\"valueName\":\"search_term_string\"}}],\"inLanguage\":\"ca\"},{\"@type\":\"Organization\",\"@id\":\"https:\\\/\\\/mineraleslunallena.com\\\/#organization\",\"name\":\"LUNA LLENA MINERALES\",\"url\":\"https:\\\/\\\/mineraleslunallena.com\\\/\",\"logo\":{\"@type\":\"ImageObject\",\"inLanguage\":\"ca\",\"@id\":\"https:\\\/\\\/mineraleslunallena.com\\\/#\\\/schema\\\/logo\\\/image\\\/\",\"url\":\"https:\\\/\\\/mineraleslunallena.com\\\/wp-content\\\/uploads\\\/2023\\\/07\\\/LUNA-LLENA-LOGO-nuevo.png\",\"contentUrl\":\"https:\\\/\\\/mineraleslunallena.com\\\/wp-content\\\/uploads\\\/2023\\\/07\\\/LUNA-LLENA-LOGO-nuevo.png\",\"width\":229,\"height\":167,\"caption\":\"LUNA LLENA MINERALES\"},\"image\":{\"@id\":\"https:\\\/\\\/mineraleslunallena.com\\\/#\\\/schema\\\/logo\\\/image\\\/\"}}]}<\/script>\n<!-- \/ Yoast SEO plugin. -->","yoast_head_json":{"title":"Jab\u00f3n Esot\u00e9rico Retorno | Recupera lo que te Pertenece - MINERALES LUNA LLENA","robots":{"index":"index","follow":"follow","max-snippet":"max-snippet:-1","max-image-preview":"max-image-preview:large","max-video-preview":"max-video-preview:-1"},"canonical":"https:\/\/mineraleslunallena.com\/ca\/producte\/jabon-esoterico-retorno-recupera-lo-que-te-pertenece\/","og_locale":"ca_ES","og_type":"article","og_title":"Jab\u00f3n Esot\u00e9rico Retorno | Recupera lo que te Pertenece - MINERALES LUNA LLENA","og_description":"Conecta con tu esencia y permite que el universo te devuelva lo que has perdido.  Conecta con tu esencia y permite que el universo te devuelva lo que has perdido.  El Jab\u00f3n Esot\u00e9rico de Retorno est\u00e1 elaborado para ayudarte a recuperar aquello que cre\u00edas perdido.  Ya sea un amor, una amistad o una oportunidad que deseas traer de vuelta a tu vida, este jab\u00f3n trabaja en el plano energ\u00e9tico para abrir los caminos y reconectar los lazos rotos.  Us\u00e1ndolo, estar\u00e1s enviando un mensaje al universo de que est\u00e1s listo para recibir de nuevo aquello que tiene un lugar en tu vida.  Es ideal si sientes que necesitas cerrar ciclos o reactivar relaciones y situaciones importantes.  Con cada uso, atraer\u00e1s energ\u00edas de reconciliaci\u00f3n, entendimiento y segundas oportunidades. Haz de este jab\u00f3n tu aliado para reencontrarte con lo que amas.  &nbsp;  Cantidad: 1 unidad. El precio es por una unidad.  &nbsp;","og_url":"https:\/\/mineraleslunallena.com\/ca\/producte\/jabon-esoterico-retorno-recupera-lo-que-te-pertenece\/","og_site_name":"MINERALES LUNA LLENA","article_modified_time":"2025-01-03T17:09:20+00:00","og_image":[{"width":1153,"height":2560,"url":"https:\/\/mineraleslunallena.com\/wp-content\/uploads\/2025\/01\/IMG_20250103_164603-scaled.jpg","type":"image\/jpeg"}],"twitter_card":"summary_large_image","twitter_misc":{"Temps estimat de lectura":"1 minut"},"schema":{"@context":"https:\/\/schema.org","@graph":[{"@type":"WebPage","@id":"https:\/\/mineraleslunallena.com\/producto\/jabon-esoterico-retorno-recupera-lo-que-te-pertenece\/","url":"https:\/\/mineraleslunallena.com\/producto\/jabon-esoterico-retorno-recupera-lo-que-te-pertenece\/","name":"Jab\u00f3n Esot\u00e9rico Retorno | Recupera lo que te Pertenece - MINERALES LUNA LLENA","isPartOf":{"@id":"https:\/\/mineraleslunallena.com\/#website"},"primaryImageOfPage":{"@id":"https:\/\/mineraleslunallena.com\/producto\/jabon-esoterico-retorno-recupera-lo-que-te-pertenece\/#primaryimage"},"image":{"@id":"https:\/\/mineraleslunallena.com\/producto\/jabon-esoterico-retorno-recupera-lo-que-te-pertenece\/#primaryimage"},"thumbnailUrl":"https:\/\/mineraleslunallena.com\/wp-content\/uploads\/2025\/01\/IMG_20250103_164603-scaled.jpg","datePublished":"2025-01-02T21:04:37+00:00","dateModified":"2025-01-03T17:09:20+00:00","breadcrumb":{"@id":"https:\/\/mineraleslunallena.com\/producto\/jabon-esoterico-retorno-recupera-lo-que-te-pertenece\/#breadcrumb"},"inLanguage":"ca","potentialAction":[{"@type":"ReadAction","target":["https:\/\/mineraleslunallena.com\/producto\/jabon-esoterico-retorno-recupera-lo-que-te-pertenece\/"]}]},{"@type":"ImageObject","inLanguage":"ca","@id":"https:\/\/mineraleslunallena.com\/producto\/jabon-esoterico-retorno-recupera-lo-que-te-pertenece\/#primaryimage","url":"https:\/\/mineraleslunallena.com\/wp-content\/uploads\/2025\/01\/IMG_20250103_164603-scaled.jpg","contentUrl":"https:\/\/mineraleslunallena.com\/wp-content\/uploads\/2025\/01\/IMG_20250103_164603-scaled.jpg","width":1153,"height":2560},{"@type":"BreadcrumbList","@id":"https:\/\/mineraleslunallena.com\/producto\/jabon-esoterico-retorno-recupera-lo-que-te-pertenece\/#breadcrumb","itemListElement":[{"@type":"ListItem","position":1,"name":"Portada","item":"https:\/\/mineraleslunallena.com\/"},{"@type":"ListItem","position":2,"name":"Shop","item":"https:\/\/mineraleslunallena.com\/ca\/shop\/"},{"@type":"ListItem","position":3,"name":"Jab\u00f3n Esot\u00e9rico Retorno | Recupera lo que te Pertenece"}]},{"@type":"WebSite","@id":"https:\/\/mineraleslunallena.com\/#website","url":"https:\/\/mineraleslunallena.com\/","name":"LLUNA PLENA MINERALS","description":"\u00c9s el moment de connectar-te amb el teu poder i confiar en les teves habilitats.","publisher":{"@id":"https:\/\/mineraleslunallena.com\/#organization"},"potentialAction":[{"@type":"SearchAction","target":{"@type":"EntryPoint","urlTemplate":"https:\/\/mineraleslunallena.com\/?s={search_term_string}"},"query-input":{"@type":"PropertyValueSpecification","valueRequired":true,"valueName":"search_term_string"}}],"inLanguage":"ca"},{"@type":"Organization","@id":"https:\/\/mineraleslunallena.com\/#organization","name":"LLUNA PLENA MINERALS","url":"https:\/\/mineraleslunallena.com\/","logo":{"@type":"ImageObject","inLanguage":"ca","@id":"https:\/\/mineraleslunallena.com\/#\/schema\/logo\/image\/","url":"https:\/\/mineraleslunallena.com\/wp-content\/uploads\/2023\/07\/LUNA-LLENA-LOGO-nuevo.png","contentUrl":"https:\/\/mineraleslunallena.com\/wp-content\/uploads\/2023\/07\/LUNA-LLENA-LOGO-nuevo.png","width":229,"height":167,"caption":"LUNA LLENA MINERALES"},"image":{"@id":"https:\/\/mineraleslunallena.com\/#\/schema\/logo\/image\/"}}]}},"jetpack_sharing_enabled":true,"_links":{"self":[{"href":"https:\/\/mineraleslunallena.com\/ca\/wp-json\/wp\/v2\/product\/5503","targetHints":{"allow":["GET"]}}],"collection":[{"href":"https:\/\/mineraleslunallena.com\/ca\/wp-json\/wp\/v2\/product"}],"about":[{"href":"https:\/\/mineraleslunallena.com\/ca\/wp-json\/wp\/v2\/types\/product"}],"version-history":[{"count":3,"href":"https:\/\/mineraleslunallena.com\/ca\/wp-json\/wp\/v2\/product\/5503\/revisions"}],"predecessor-version":[{"id":5619,"href":"https:\/\/mineraleslunallena.com\/ca\/wp-json\/wp\/v2\/product\/5503\/revisions\/5619"}],"wp:featuredmedia":[{"embeddable":true,"href":"https:\/\/mineraleslunallena.com\/ca\/wp-json\/wp\/v2\/media\/5587"}],"wp:attachment":[{"href":"https:\/\/mineraleslunallena.com\/ca\/wp-json\/wp\/v2\/media?parent=5503"}],"wp:term":[{"taxonomy":"product_cat","embeddable":true,"href":"https:\/\/mineraleslunallena.com\/ca\/wp-json\/wp\/v2\/product_cat?post=5503"},{"taxonomy":"product_tag","embeddable":true,"href":"https:\/\/mineraleslunallena.com\/ca\/wp-json\/wp\/v2\/product_tag?post=5503"}],"curies":[{"name":"wp","href":"https:\/\/api.w.org\/{rel}","templated":true}]}}