{"id":5508,"date":"2025-01-02T22:16:20","date_gmt":"2025-01-02T21:16:20","guid":{"rendered":"https:\/\/mineraleslunallena.com\/?post_type=product&#038;p=5508"},"modified":"2025-01-03T18:02:20","modified_gmt":"2025-01-03T17:02:20","slug":"jabon-esoterico-abre-caminos-nuevas-oportunidades","status":"publish","type":"product","link":"https:\/\/mineraleslunallena.com\/ca\/producte\/jabon-esoterico-abre-caminos-nuevas-oportunidades\/","title":{"rendered":"Jab\u00f3n Esot\u00e9rico Abre Caminos | Nuevas Oportunidades"},"content":{"rendered":"<p>Disfruta de una experiencia \u00fanica con nuestra pastilla de jab\u00f3n <strong>esot\u00e9rico Abre Caminos<\/strong>. Presentada con una delicada bolsa de organza, ideal para colgar y mantener la fragancia durante m\u00e1s tiempo. Esta combinaci\u00f3n perfecta de jab\u00f3n y bolsa no solo cuida tu piel, sino que tambi\u00e9n le da un toque de magia a tu ritual de autocuidado.<\/p>\n<p>El jab\u00f3n <strong>Abre Caminos<\/strong> es una herramienta esot\u00e9rica dise\u00f1ada para ayudar a despejar obst\u00e1culos y abrir nuevas oportunidades en la vida. Al utilizar este jab\u00f3n, se busca crear un ambiente propicio para el crecimiento personal y profesional, facilitando el flujo de energ\u00eda positiva.<\/p>\n<p>Este jab\u00f3n est\u00e1 formulado con ingredientes que simbolizan la apertura de caminos y la eliminaci\u00f3n de barreras. Su uso regular ayuda a aumentar la confianza y la motivaci\u00f3n, permitiendo que te sientas m\u00e1s preparado para enfrentar desaf\u00edos y aprovechar las oportunidades que se presenten.<\/p>\n<p>Al aplicarlo, puedes visualizar tus metas y deseos, sintiendo c\u00f3mo se disipan las limitaciones que te han estado frenando. Es ideal para momentos de cambio, nuevos comienzos o cuando sientes que necesitas un empuj\u00f3n extra para avanzar en tu vida. Con el jab\u00f3n \u00abAbre Caminos\u00bb, estar\u00e1s un paso m\u00e1s cerca de alcanzar tus sue\u00f1os y objetivos. \u00a1Es un aliado perfecto para quienes buscan transformar su realidad!<\/p>\n<p>&nbsp;<\/p>\n<p>Cantidad: 1 unidad. El precio es por una unidad.<\/p>","protected":false},"excerpt":{"rendered":"<p>Disfruta de una experiencia \u00fanica con nuestra pastilla de jab\u00f3n esot\u00e9rico Abre Caminos. Presentada con una delicada bolsa de organza, ideal para colgar y mantener la fragancia durante m\u00e1s tiempo. Esta combinaci\u00f3n perfecta de jab\u00f3n y bolsa no solo cuida tu piel, sino que tambi\u00e9n le da un toque de magia a tu ritual de autocuidado.<\/p>\n<p>El jab\u00f3n <strong>Abre Caminos<\/strong> es una herramienta esot\u00e9rica dise\u00f1ada para ayudar a despejar obst\u00e1culos y abrir nuevas oportunidades en la vida. Al utilizar este jab\u00f3n, se busca crear un ambiente propicio para el crecimiento personal y profesional, facilitando el flujo de energ\u00eda positiva.<\/p>\n<p>Este jab\u00f3n est\u00e1 formulado con ingredientes que simbolizan la apertura de caminos y la eliminaci\u00f3n de barreras. Su uso regular ayuda a aumentar la confianza y la motivaci\u00f3n, permitiendo que te sientas m\u00e1s preparado para enfrentar desaf\u00edos y aprovechar las oportunidades que se presenten.<\/p>\n<p>Al aplicarlo, puedes visualizar tus metas y deseos, sintiendo c\u00f3mo se disipan las limitaciones que te han estado frenando. Es ideal para momentos de cambio, nuevos comienzos o cuando sientes que necesitas un empuj\u00f3n extra para avanzar en tu vida. Con el jab\u00f3n \u00abAbre Caminos\u00bb, estar\u00e1s un paso m\u00e1s cerca de alcanzar tus sue\u00f1os y objetivos. \u00a1Es un aliado perfecto para quienes buscan transformar su realidad!<\/p>\n<p>&nbsp;<\/p>\n<p>Cantidad: 1 unidad. El precio es por una unidad.<\/p>","protected":false},"featured_media":5587,"template":"","meta":[],"product_cat":[116,98],"product_tag":[],"class_list":{"0":"post-5508","1":"product","2":"type-product","3":"status-publish","4":"has-post-thumbnail","6":"product_cat-jabones-y-geles","7":"product_cat-incienso","9":"first","10":"instock","11":"taxable","12":"shipping-taxable","13":"purchasable","14":"product-type-simple"},"yoast_head":"<!-- This site is optimized with the Yoast SEO plugin v27.3 - https:\/\/yoast.com\/product\/yoast-seo-wordpress\/ -->\n<title>Jab\u00f3n Esot\u00e9rico Abre Caminos | Nuevas Oportunidades - MINERALES LUNA LLENA<\/title>\n<meta name=\"robots\" content=\"index, follow, max-snippet:-1, max-image-preview:large, max-video-preview:-1\" \/>\n<link rel=\"canonical\" href=\"https:\/\/mineraleslunallena.com\/ca\/producte\/jabon-esoterico-abre-caminos-nuevas-oportunidades\/\" \/>\n<meta property=\"og:locale\" content=\"ca_ES\" \/>\n<meta property=\"og:type\" content=\"article\" \/>\n<meta property=\"og:title\" content=\"Jab\u00f3n Esot\u00e9rico Abre Caminos | Nuevas Oportunidades - MINERALES LUNA LLENA\" \/>\n<meta property=\"og:description\" content=\"Disfruta de una experiencia \u00fanica con nuestra pastilla de jab\u00f3n esot\u00e9rico Abre Caminos. Presentada con una delicada bolsa de organza, ideal para colgar y mantener la fragancia durante m\u00e1s tiempo. Esta combinaci\u00f3n perfecta de jab\u00f3n y bolsa no solo cuida tu piel, sino que tambi\u00e9n le da un toque de magia a tu ritual de autocuidado.  El jab\u00f3n Abre Caminos es una herramienta esot\u00e9rica dise\u00f1ada para ayudar a despejar obst\u00e1culos y abrir nuevas oportunidades en la vida. Al utilizar este jab\u00f3n, se busca crear un ambiente propicio para el crecimiento personal y profesional, facilitando el flujo de energ\u00eda positiva.  Este jab\u00f3n est\u00e1 formulado con ingredientes que simbolizan la apertura de caminos y la eliminaci\u00f3n de barreras. Su uso regular ayuda a aumentar la confianza y la motivaci\u00f3n, permitiendo que te sientas m\u00e1s preparado para enfrentar desaf\u00edos y aprovechar las oportunidades que se presenten.  Al aplicarlo, puedes visualizar tus metas y deseos, sintiendo c\u00f3mo se disipan las limitaciones que te han estado frenando. Es ideal para momentos de cambio, nuevos comienzos o cuando sientes que necesitas un empuj\u00f3n extra para avanzar en tu vida. Con el jab\u00f3n &quot;Abre Caminos&quot;, estar\u00e1s un paso m\u00e1s cerca de alcanzar tus sue\u00f1os y objetivos. \u00a1Es un aliado perfecto para quienes buscan transformar su realidad!  &nbsp;  Cantidad: 1 unidad. El precio es por una unidad.\" \/>\n<meta property=\"og:url\" content=\"https:\/\/mineraleslunallena.com\/ca\/producte\/jabon-esoterico-abre-caminos-nuevas-oportunidades\/\" \/>\n<meta property=\"og:site_name\" content=\"MINERALES LUNA LLENA\" \/>\n<meta property=\"article:modified_time\" content=\"2025-01-03T17:02:20+00:00\" \/>\n<meta property=\"og:image\" content=\"https:\/\/mineraleslunallena.com\/wp-content\/uploads\/2025\/01\/IMG_20250103_164603-scaled.jpg\" \/>\n\t<meta property=\"og:image:width\" content=\"1153\" \/>\n\t<meta property=\"og:image:height\" content=\"2560\" \/>\n\t<meta property=\"og:image:type\" content=\"image\/jpeg\" \/>\n<meta name=\"twitter:card\" content=\"summary_large_image\" \/>\n<meta name=\"twitter:label1\" content=\"Temps estimat de lectura\" \/>\n\t<meta name=\"twitter:data1\" content=\"2 minuts\" \/>\n<script type=\"application\/ld+json\" class=\"yoast-schema-graph\">{\"@context\":\"https:\\\/\\\/schema.org\",\"@graph\":[{\"@type\":\"WebPage\",\"@id\":\"https:\\\/\\\/mineraleslunallena.com\\\/producto\\\/jabon-esoterico-abre-caminos-nuevas-oportunidades\\\/\",\"url\":\"https:\\\/\\\/mineraleslunallena.com\\\/producto\\\/jabon-esoterico-abre-caminos-nuevas-oportunidades\\\/\",\"name\":\"Jab\u00f3n Esot\u00e9rico Abre Caminos | Nuevas Oportunidades - MINERALES LUNA LLENA\",\"isPartOf\":{\"@id\":\"https:\\\/\\\/mineraleslunallena.com\\\/#website\"},\"primaryImageOfPage\":{\"@id\":\"https:\\\/\\\/mineraleslunallena.com\\\/producto\\\/jabon-esoterico-abre-caminos-nuevas-oportunidades\\\/#primaryimage\"},\"image\":{\"@id\":\"https:\\\/\\\/mineraleslunallena.com\\\/producto\\\/jabon-esoterico-abre-caminos-nuevas-oportunidades\\\/#primaryimage\"},\"thumbnailUrl\":\"https:\\\/\\\/mineraleslunallena.com\\\/wp-content\\\/uploads\\\/2025\\\/01\\\/IMG_20250103_164603-scaled.jpg\",\"datePublished\":\"2025-01-02T21:16:20+00:00\",\"dateModified\":\"2025-01-03T17:02:20+00:00\",\"breadcrumb\":{\"@id\":\"https:\\\/\\\/mineraleslunallena.com\\\/producto\\\/jabon-esoterico-abre-caminos-nuevas-oportunidades\\\/#breadcrumb\"},\"inLanguage\":\"ca\",\"potentialAction\":[{\"@type\":\"ReadAction\",\"target\":[\"https:\\\/\\\/mineraleslunallena.com\\\/producto\\\/jabon-esoterico-abre-caminos-nuevas-oportunidades\\\/\"]}]},{\"@type\":\"ImageObject\",\"inLanguage\":\"ca\",\"@id\":\"https:\\\/\\\/mineraleslunallena.com\\\/producto\\\/jabon-esoterico-abre-caminos-nuevas-oportunidades\\\/#primaryimage\",\"url\":\"https:\\\/\\\/mineraleslunallena.com\\\/wp-content\\\/uploads\\\/2025\\\/01\\\/IMG_20250103_164603-scaled.jpg\",\"contentUrl\":\"https:\\\/\\\/mineraleslunallena.com\\\/wp-content\\\/uploads\\\/2025\\\/01\\\/IMG_20250103_164603-scaled.jpg\",\"width\":1153,\"height\":2560},{\"@type\":\"BreadcrumbList\",\"@id\":\"https:\\\/\\\/mineraleslunallena.com\\\/producto\\\/jabon-esoterico-abre-caminos-nuevas-oportunidades\\\/#breadcrumb\",\"itemListElement\":[{\"@type\":\"ListItem\",\"position\":1,\"name\":\"Portada\",\"item\":\"https:\\\/\\\/mineraleslunallena.com\\\/\"},{\"@type\":\"ListItem\",\"position\":2,\"name\":\"Shop\",\"item\":\"https:\\\/\\\/mineraleslunallena.com\\\/ca\\\/shop\\\/\"},{\"@type\":\"ListItem\",\"position\":3,\"name\":\"Jab\u00f3n Esot\u00e9rico Abre Caminos | Nuevas Oportunidades\"}]},{\"@type\":\"WebSite\",\"@id\":\"https:\\\/\\\/mineraleslunallena.com\\\/#website\",\"url\":\"https:\\\/\\\/mineraleslunallena.com\\\/\",\"name\":\"LUNA LLENA MINERALES\",\"description\":\"Es el momento de conectarte con tu propio poder y confiar en tus habilidades.\",\"publisher\":{\"@id\":\"https:\\\/\\\/mineraleslunallena.com\\\/#organization\"},\"potentialAction\":[{\"@type\":\"SearchAction\",\"target\":{\"@type\":\"EntryPoint\",\"urlTemplate\":\"https:\\\/\\\/mineraleslunallena.com\\\/?s={search_term_string}\"},\"query-input\":{\"@type\":\"PropertyValueSpecification\",\"valueRequired\":true,\"valueName\":\"search_term_string\"}}],\"inLanguage\":\"ca\"},{\"@type\":\"Organization\",\"@id\":\"https:\\\/\\\/mineraleslunallena.com\\\/#organization\",\"name\":\"LUNA LLENA MINERALES\",\"url\":\"https:\\\/\\\/mineraleslunallena.com\\\/\",\"logo\":{\"@type\":\"ImageObject\",\"inLanguage\":\"ca\",\"@id\":\"https:\\\/\\\/mineraleslunallena.com\\\/#\\\/schema\\\/logo\\\/image\\\/\",\"url\":\"https:\\\/\\\/mineraleslunallena.com\\\/wp-content\\\/uploads\\\/2023\\\/07\\\/LUNA-LLENA-LOGO-nuevo.png\",\"contentUrl\":\"https:\\\/\\\/mineraleslunallena.com\\\/wp-content\\\/uploads\\\/2023\\\/07\\\/LUNA-LLENA-LOGO-nuevo.png\",\"width\":229,\"height\":167,\"caption\":\"LUNA LLENA MINERALES\"},\"image\":{\"@id\":\"https:\\\/\\\/mineraleslunallena.com\\\/#\\\/schema\\\/logo\\\/image\\\/\"}}]}<\/script>\n<!-- \/ Yoast SEO plugin. -->","yoast_head_json":{"title":"Jab\u00f3n Esot\u00e9rico Abre Caminos | Nuevas Oportunidades - MINERALES LUNA LLENA","robots":{"index":"index","follow":"follow","max-snippet":"max-snippet:-1","max-image-preview":"max-image-preview:large","max-video-preview":"max-video-preview:-1"},"canonical":"https:\/\/mineraleslunallena.com\/ca\/producte\/jabon-esoterico-abre-caminos-nuevas-oportunidades\/","og_locale":"ca_ES","og_type":"article","og_title":"Jab\u00f3n Esot\u00e9rico Abre Caminos | Nuevas Oportunidades - MINERALES LUNA LLENA","og_description":"Disfruta de una experiencia \u00fanica con nuestra pastilla de jab\u00f3n esot\u00e9rico Abre Caminos. Presentada con una delicada bolsa de organza, ideal para colgar y mantener la fragancia durante m\u00e1s tiempo. Esta combinaci\u00f3n perfecta de jab\u00f3n y bolsa no solo cuida tu piel, sino que tambi\u00e9n le da un toque de magia a tu ritual de autocuidado.  El jab\u00f3n Abre Caminos es una herramienta esot\u00e9rica dise\u00f1ada para ayudar a despejar obst\u00e1culos y abrir nuevas oportunidades en la vida. Al utilizar este jab\u00f3n, se busca crear un ambiente propicio para el crecimiento personal y profesional, facilitando el flujo de energ\u00eda positiva.  Este jab\u00f3n est\u00e1 formulado con ingredientes que simbolizan la apertura de caminos y la eliminaci\u00f3n de barreras. Su uso regular ayuda a aumentar la confianza y la motivaci\u00f3n, permitiendo que te sientas m\u00e1s preparado para enfrentar desaf\u00edos y aprovechar las oportunidades que se presenten.  Al aplicarlo, puedes visualizar tus metas y deseos, sintiendo c\u00f3mo se disipan las limitaciones que te han estado frenando. Es ideal para momentos de cambio, nuevos comienzos o cuando sientes que necesitas un empuj\u00f3n extra para avanzar en tu vida. Con el jab\u00f3n \"Abre Caminos\", estar\u00e1s un paso m\u00e1s cerca de alcanzar tus sue\u00f1os y objetivos. \u00a1Es un aliado perfecto para quienes buscan transformar su realidad!  &nbsp;  Cantidad: 1 unidad. El precio es por una unidad.","og_url":"https:\/\/mineraleslunallena.com\/ca\/producte\/jabon-esoterico-abre-caminos-nuevas-oportunidades\/","og_site_name":"MINERALES LUNA LLENA","article_modified_time":"2025-01-03T17:02:20+00:00","og_image":[{"width":1153,"height":2560,"url":"https:\/\/mineraleslunallena.com\/wp-content\/uploads\/2025\/01\/IMG_20250103_164603-scaled.jpg","type":"image\/jpeg"}],"twitter_card":"summary_large_image","twitter_misc":{"Temps estimat de lectura":"2 minuts"},"schema":{"@context":"https:\/\/schema.org","@graph":[{"@type":"WebPage","@id":"https:\/\/mineraleslunallena.com\/producto\/jabon-esoterico-abre-caminos-nuevas-oportunidades\/","url":"https:\/\/mineraleslunallena.com\/producto\/jabon-esoterico-abre-caminos-nuevas-oportunidades\/","name":"Jab\u00f3n Esot\u00e9rico Abre Caminos | Nuevas Oportunidades - MINERALES LUNA LLENA","isPartOf":{"@id":"https:\/\/mineraleslunallena.com\/#website"},"primaryImageOfPage":{"@id":"https:\/\/mineraleslunallena.com\/producto\/jabon-esoterico-abre-caminos-nuevas-oportunidades\/#primaryimage"},"image":{"@id":"https:\/\/mineraleslunallena.com\/producto\/jabon-esoterico-abre-caminos-nuevas-oportunidades\/#primaryimage"},"thumbnailUrl":"https:\/\/mineraleslunallena.com\/wp-content\/uploads\/2025\/01\/IMG_20250103_164603-scaled.jpg","datePublished":"2025-01-02T21:16:20+00:00","dateModified":"2025-01-03T17:02:20+00:00","breadcrumb":{"@id":"https:\/\/mineraleslunallena.com\/producto\/jabon-esoterico-abre-caminos-nuevas-oportunidades\/#breadcrumb"},"inLanguage":"ca","potentialAction":[{"@type":"ReadAction","target":["https:\/\/mineraleslunallena.com\/producto\/jabon-esoterico-abre-caminos-nuevas-oportunidades\/"]}]},{"@type":"ImageObject","inLanguage":"ca","@id":"https:\/\/mineraleslunallena.com\/producto\/jabon-esoterico-abre-caminos-nuevas-oportunidades\/#primaryimage","url":"https:\/\/mineraleslunallena.com\/wp-content\/uploads\/2025\/01\/IMG_20250103_164603-scaled.jpg","contentUrl":"https:\/\/mineraleslunallena.com\/wp-content\/uploads\/2025\/01\/IMG_20250103_164603-scaled.jpg","width":1153,"height":2560},{"@type":"BreadcrumbList","@id":"https:\/\/mineraleslunallena.com\/producto\/jabon-esoterico-abre-caminos-nuevas-oportunidades\/#breadcrumb","itemListElement":[{"@type":"ListItem","position":1,"name":"Portada","item":"https:\/\/mineraleslunallena.com\/"},{"@type":"ListItem","position":2,"name":"Shop","item":"https:\/\/mineraleslunallena.com\/ca\/shop\/"},{"@type":"ListItem","position":3,"name":"Jab\u00f3n Esot\u00e9rico Abre Caminos | Nuevas Oportunidades"}]},{"@type":"WebSite","@id":"https:\/\/mineraleslunallena.com\/#website","url":"https:\/\/mineraleslunallena.com\/","name":"LLUNA PLENA MINERALS","description":"\u00c9s el moment de connectar-te amb el teu poder i confiar en les teves habilitats.","publisher":{"@id":"https:\/\/mineraleslunallena.com\/#organization"},"potentialAction":[{"@type":"SearchAction","target":{"@type":"EntryPoint","urlTemplate":"https:\/\/mineraleslunallena.com\/?s={search_term_string}"},"query-input":{"@type":"PropertyValueSpecification","valueRequired":true,"valueName":"search_term_string"}}],"inLanguage":"ca"},{"@type":"Organization","@id":"https:\/\/mineraleslunallena.com\/#organization","name":"LLUNA PLENA MINERALS","url":"https:\/\/mineraleslunallena.com\/","logo":{"@type":"ImageObject","inLanguage":"ca","@id":"https:\/\/mineraleslunallena.com\/#\/schema\/logo\/image\/","url":"https:\/\/mineraleslunallena.com\/wp-content\/uploads\/2023\/07\/LUNA-LLENA-LOGO-nuevo.png","contentUrl":"https:\/\/mineraleslunallena.com\/wp-content\/uploads\/2023\/07\/LUNA-LLENA-LOGO-nuevo.png","width":229,"height":167,"caption":"LUNA LLENA MINERALES"},"image":{"@id":"https:\/\/mineraleslunallena.com\/#\/schema\/logo\/image\/"}}]}},"jetpack_sharing_enabled":true,"_links":{"self":[{"href":"https:\/\/mineraleslunallena.com\/ca\/wp-json\/wp\/v2\/product\/5508","targetHints":{"allow":["GET"]}}],"collection":[{"href":"https:\/\/mineraleslunallena.com\/ca\/wp-json\/wp\/v2\/product"}],"about":[{"href":"https:\/\/mineraleslunallena.com\/ca\/wp-json\/wp\/v2\/types\/product"}],"version-history":[{"count":2,"href":"https:\/\/mineraleslunallena.com\/ca\/wp-json\/wp\/v2\/product\/5508\/revisions"}],"predecessor-version":[{"id":5616,"href":"https:\/\/mineraleslunallena.com\/ca\/wp-json\/wp\/v2\/product\/5508\/revisions\/5616"}],"wp:featuredmedia":[{"embeddable":true,"href":"https:\/\/mineraleslunallena.com\/ca\/wp-json\/wp\/v2\/media\/5587"}],"wp:attachment":[{"href":"https:\/\/mineraleslunallena.com\/ca\/wp-json\/wp\/v2\/media?parent=5508"}],"wp:term":[{"taxonomy":"product_cat","embeddable":true,"href":"https:\/\/mineraleslunallena.com\/ca\/wp-json\/wp\/v2\/product_cat?post=5508"},{"taxonomy":"product_tag","embeddable":true,"href":"https:\/\/mineraleslunallena.com\/ca\/wp-json\/wp\/v2\/product_tag?post=5508"}],"curies":[{"name":"wp","href":"https:\/\/api.w.org\/{rel}","templated":true}]}}