{"id":5558,"date":"2025-01-03T12:32:49","date_gmt":"2025-01-03T11:32:49","guid":{"rendered":"https:\/\/mineraleslunallena.com\/?post_type=product&#038;p=5558"},"modified":"2025-04-12T16:26:08","modified_gmt":"2025-04-12T14:26:08","slug":"jabon-esoterico-de-canela-abre-caminos-pasion","status":"publish","type":"product","link":"https:\/\/mineraleslunallena.com\/ca\/producte\/jabon-esoterico-de-canela-abre-caminos-pasion\/","title":{"rendered":"Jab\u00f3n Esot\u00e9rico de Canela | Abre Caminos &#8211; Pasi\u00f3n &#8211; \u00c9xito"},"content":{"rendered":"<p>Disfruta de una experiencia \u00fanica con nuestra pastilla de jab\u00f3n esot\u00e9rico de <strong>Canela<\/strong>. Presentada con una delicada bolsa de organza, ideal para colgar y mantener la fragancia durante m\u00e1s tiempo. Esta combinaci\u00f3n perfecta de jab\u00f3n y bolsa no solo cuida tu piel, sino que tambi\u00e9n le da un toque de magia a tu ritual de autocuidado.<\/p>\n<div class=\"flex-shrink-0 flex flex-col relative items-end\">\n<div>\n<div class=\"pt-0\">\n<div class=\"gizmo-bot-avatar flex h-8 w-8 items-center justify-center overflow-hidden rounded-full\">\n<div class=\"relative p-1 rounded-sm flex items-center justify-center bg-token-main-surface-primary text-token-text-primary h-8 w-8\"><\/div>\n<\/div>\n<\/div>\n<\/div>\n<\/div>\n<div class=\"group\/conversation-turn relative flex w-full min-w-0 flex-col agent-turn\">\n<div class=\"flex-col gap-1 md:gap-3\">\n<div class=\"flex max-w-full flex-col flex-grow\">\n<div class=\"min-h-8 text-message flex w-full flex-col items-end gap-2 whitespace-normal break-words text-start [.text-message+&amp;]:mt-5\" dir=\"auto\" data-message-author-role=\"assistant\" data-message-id=\"ce1e174c-e7c7-4c40-9a1f-4a7ca2c35db1\" data-message-model-slug=\"gpt-4o-mini\">\n<div class=\"flex w-full flex-col gap-1 empty:hidden first:pt-[3px]\">\n<div class=\"markdown prose w-full break-words dark:prose-invert light\">\n<p>Nuestro <strong>jab\u00f3n Esot\u00e9rico de Canela<\/strong> est\u00e1 cargado de energ\u00eda vibrante y poderosa, ideal para atraer prosperidad, pasi\u00f3n y \u00e9xito en todos los aspectos de tu vida.<\/p>\n<p>La canela, conocida por su capacidad para activar la energ\u00eda y abrir caminos, potencia tu poder personal y atrae abundancia a tu alrededor. Este jab\u00f3n es perfecto para quienes buscan activar su magnetismo, aumentar su confianza y atraer buenas oportunidades.<\/p>\n<p>Su c\u00e1lido y especiado aroma te envuelve, elevando tu vibraci\u00f3n y llen\u00e1ndote de energ\u00eda positiva. Con cada uso, sentir\u00e1s c\u00f3mo las puertas del \u00e9xito se abren y la energ\u00eda de la abundancia fluye hacia ti. Haz del jab\u00f3n de canela tu aliado para transformar tu vida y potenciar tus deseos.<\/p>\n<\/div>\n<p>&nbsp;<\/p>\n<p>Cantidad: 1 unidad. El precio es por una unidad.<\/p>\n<\/div>\n<\/div>\n<\/div>\n<\/div>\n<\/div>\n","protected":false},"excerpt":{"rendered":"<p>Disfruta de una experiencia \u00fanica con nuestra pastilla de jab\u00f3n esot\u00e9rico Canela. Presentada con una delicada bolsa de organza, ideal para colgar y mantener la fragancia durante m\u00e1s tiempo. Esta combinaci\u00f3n perfecta de jab\u00f3n y bolsa no solo cuida tu piel, sino que tambi\u00e9n le da un toque de magia a tu ritual de autocuidado.<\/p>\n<div class=\"flex-shrink-0 flex flex-col relative items-end\">\n<div>\n<div class=\"pt-0\">\n<div class=\"gizmo-bot-avatar flex h-8 w-8 items-center justify-center overflow-hidden rounded-full\">\n<div class=\"relative p-1 rounded-sm flex items-center justify-center bg-token-main-surface-primary text-token-text-primary h-8 w-8\"><\/div>\n<\/div>\n<\/div>\n<\/div>\n<\/div>\n<div class=\"group\/conversation-turn relative flex w-full min-w-0 flex-col agent-turn\">\n<div class=\"flex-col gap-1 md:gap-3\">\n<div class=\"flex max-w-full flex-col flex-grow\">\n<div class=\"min-h-8 text-message flex w-full flex-col items-end gap-2 whitespace-normal break-words text-start [.text-message+&amp;]:mt-5\" dir=\"auto\" data-message-author-role=\"assistant\" data-message-id=\"ce1e174c-e7c7-4c40-9a1f-4a7ca2c35db1\" data-message-model-slug=\"gpt-4o-mini\">\n<div class=\"flex w-full flex-col gap-1 empty:hidden first:pt-[3px]\">\n<div class=\"markdown prose w-full break-words dark:prose-invert light\">\n<p>Nuestro <strong>jab\u00f3n Esot\u00e9rico de Canela<\/strong> est\u00e1 cargado de energ\u00eda vibrante y poderosa, ideal para atraer prosperidad, pasi\u00f3n y \u00e9xito en todos los aspectos de tu vida.<\/p>\n<p>La canela, conocida por su capacidad para activar la energ\u00eda y abrir caminos, potencia tu poder personal y atrae abundancia a tu alrededor. Este jab\u00f3n es perfecto para quienes buscan activar su magnetismo, aumentar su confianza y atraer buenas oportunidades.<\/p>\n<p>Su c\u00e1lido y especiado aroma te envuelve, elevando tu vibraci\u00f3n y llen\u00e1ndote de energ\u00eda positiva. Con cada uso, sentir\u00e1s c\u00f3mo las puertas del \u00e9xito se abren y la energ\u00eda de la abundancia fluye hacia ti. Haz del jab\u00f3n de canela tu aliado para transformar tu vida y potenciar tus deseos.<\/p>\n<\/div>\n<p>&nbsp;<\/p>\n<p>Cantidad: 1 unidad. El precio es por una unidad.<\/p>\n<\/div>\n<\/div>\n<\/div>\n<\/div>\n<\/div>\n","protected":false},"featured_media":5587,"template":"","meta":[],"product_cat":[116,98],"product_tag":[],"class_list":{"0":"post-5558","1":"product","2":"type-product","3":"status-publish","4":"has-post-thumbnail","6":"product_cat-jabones-y-geles","7":"product_cat-incienso","9":"first","10":"instock","11":"taxable","12":"shipping-taxable","13":"purchasable","14":"product-type-simple"},"yoast_head":"<!-- This site is optimized with the Yoast SEO plugin v27.3 - https:\/\/yoast.com\/product\/yoast-seo-wordpress\/ -->\n<title>Jab\u00f3n Esot\u00e9rico de Canela | Abre Caminos - Pasi\u00f3n - \u00c9xito - MINERALES LUNA LLENA<\/title>\n<meta name=\"robots\" content=\"index, follow, max-snippet:-1, max-image-preview:large, max-video-preview:-1\" \/>\n<link rel=\"canonical\" href=\"https:\/\/mineraleslunallena.com\/ca\/producte\/jabon-esoterico-de-canela-abre-caminos-pasion\/\" \/>\n<meta property=\"og:locale\" content=\"ca_ES\" \/>\n<meta property=\"og:type\" content=\"article\" \/>\n<meta property=\"og:title\" content=\"Jab\u00f3n Esot\u00e9rico de Canela | Abre Caminos - Pasi\u00f3n - \u00c9xito - MINERALES LUNA LLENA\" \/>\n<meta property=\"og:description\" content=\"Disfruta de una experiencia \u00fanica con nuestra pastilla de jab\u00f3n esot\u00e9rico Canela. Presentada con una delicada bolsa de organza, ideal para colgar y mantener la fragancia durante m\u00e1s tiempo. Esta combinaci\u00f3n perfecta de jab\u00f3n y bolsa no solo cuida tu piel, sino que tambi\u00e9n le da un toque de magia a tu ritual de autocuidado.                 Nuestro jab\u00f3n Esot\u00e9rico de Canela est\u00e1 cargado de energ\u00eda vibrante y poderosa, ideal para atraer prosperidad, pasi\u00f3n y \u00e9xito en todos los aspectos de tu vida.  La canela, conocida por su capacidad para activar la energ\u00eda y abrir caminos, potencia tu poder personal y atrae abundancia a tu alrededor. Este jab\u00f3n es perfecto para quienes buscan activar su magnetismo, aumentar su confianza y atraer buenas oportunidades.  Su c\u00e1lido y especiado aroma te envuelve, elevando tu vibraci\u00f3n y llen\u00e1ndote de energ\u00eda positiva. Con cada uso, sentir\u00e1s c\u00f3mo las puertas del \u00e9xito se abren y la energ\u00eda de la abundancia fluye hacia ti. Haz del jab\u00f3n de canela tu aliado para transformar tu vida y potenciar tus deseos.   &nbsp;  Cantidad: 1 unidad. El precio es por una unidad.\" \/>\n<meta property=\"og:url\" content=\"https:\/\/mineraleslunallena.com\/ca\/producte\/jabon-esoterico-de-canela-abre-caminos-pasion\/\" \/>\n<meta property=\"og:site_name\" content=\"MINERALES LUNA LLENA\" \/>\n<meta property=\"article:modified_time\" content=\"2025-04-12T14:26:08+00:00\" \/>\n<meta property=\"og:image\" content=\"https:\/\/mineraleslunallena.com\/wp-content\/uploads\/2025\/01\/IMG_20250103_164603-scaled.jpg\" \/>\n\t<meta property=\"og:image:width\" content=\"1153\" \/>\n\t<meta property=\"og:image:height\" content=\"2560\" \/>\n\t<meta property=\"og:image:type\" content=\"image\/jpeg\" \/>\n<meta name=\"twitter:card\" content=\"summary_large_image\" \/>\n<meta name=\"twitter:label1\" content=\"Temps estimat de lectura\" \/>\n\t<meta name=\"twitter:data1\" content=\"2 minuts\" \/>\n<script type=\"application\/ld+json\" class=\"yoast-schema-graph\">{\"@context\":\"https:\\\/\\\/schema.org\",\"@graph\":[{\"@type\":\"WebPage\",\"@id\":\"https:\\\/\\\/mineraleslunallena.com\\\/producto\\\/jabon-esoterico-de-canela-abre-caminos-pasion\\\/\",\"url\":\"https:\\\/\\\/mineraleslunallena.com\\\/producto\\\/jabon-esoterico-de-canela-abre-caminos-pasion\\\/\",\"name\":\"Jab\u00f3n Esot\u00e9rico de Canela | Abre Caminos - Pasi\u00f3n - \u00c9xito - MINERALES LUNA LLENA\",\"isPartOf\":{\"@id\":\"https:\\\/\\\/mineraleslunallena.com\\\/#website\"},\"primaryImageOfPage\":{\"@id\":\"https:\\\/\\\/mineraleslunallena.com\\\/producto\\\/jabon-esoterico-de-canela-abre-caminos-pasion\\\/#primaryimage\"},\"image\":{\"@id\":\"https:\\\/\\\/mineraleslunallena.com\\\/producto\\\/jabon-esoterico-de-canela-abre-caminos-pasion\\\/#primaryimage\"},\"thumbnailUrl\":\"https:\\\/\\\/mineraleslunallena.com\\\/wp-content\\\/uploads\\\/2025\\\/01\\\/IMG_20250103_164603-scaled.jpg\",\"datePublished\":\"2025-01-03T11:32:49+00:00\",\"dateModified\":\"2025-04-12T14:26:08+00:00\",\"breadcrumb\":{\"@id\":\"https:\\\/\\\/mineraleslunallena.com\\\/producto\\\/jabon-esoterico-de-canela-abre-caminos-pasion\\\/#breadcrumb\"},\"inLanguage\":\"ca\",\"potentialAction\":[{\"@type\":\"ReadAction\",\"target\":[\"https:\\\/\\\/mineraleslunallena.com\\\/producto\\\/jabon-esoterico-de-canela-abre-caminos-pasion\\\/\"]}]},{\"@type\":\"ImageObject\",\"inLanguage\":\"ca\",\"@id\":\"https:\\\/\\\/mineraleslunallena.com\\\/producto\\\/jabon-esoterico-de-canela-abre-caminos-pasion\\\/#primaryimage\",\"url\":\"https:\\\/\\\/mineraleslunallena.com\\\/wp-content\\\/uploads\\\/2025\\\/01\\\/IMG_20250103_164603-scaled.jpg\",\"contentUrl\":\"https:\\\/\\\/mineraleslunallena.com\\\/wp-content\\\/uploads\\\/2025\\\/01\\\/IMG_20250103_164603-scaled.jpg\",\"width\":1153,\"height\":2560},{\"@type\":\"BreadcrumbList\",\"@id\":\"https:\\\/\\\/mineraleslunallena.com\\\/producto\\\/jabon-esoterico-de-canela-abre-caminos-pasion\\\/#breadcrumb\",\"itemListElement\":[{\"@type\":\"ListItem\",\"position\":1,\"name\":\"Portada\",\"item\":\"https:\\\/\\\/mineraleslunallena.com\\\/\"},{\"@type\":\"ListItem\",\"position\":2,\"name\":\"Shop\",\"item\":\"https:\\\/\\\/mineraleslunallena.com\\\/ca\\\/shop\\\/\"},{\"@type\":\"ListItem\",\"position\":3,\"name\":\"Jab\u00f3n Esot\u00e9rico de Canela | Abre Caminos &#8211; Pasi\u00f3n &#8211; \u00c9xito\"}]},{\"@type\":\"WebSite\",\"@id\":\"https:\\\/\\\/mineraleslunallena.com\\\/#website\",\"url\":\"https:\\\/\\\/mineraleslunallena.com\\\/\",\"name\":\"LUNA LLENA MINERALES\",\"description\":\"Es el momento de conectarte con tu propio poder y confiar en tus habilidades.\",\"publisher\":{\"@id\":\"https:\\\/\\\/mineraleslunallena.com\\\/#organization\"},\"potentialAction\":[{\"@type\":\"SearchAction\",\"target\":{\"@type\":\"EntryPoint\",\"urlTemplate\":\"https:\\\/\\\/mineraleslunallena.com\\\/?s={search_term_string}\"},\"query-input\":{\"@type\":\"PropertyValueSpecification\",\"valueRequired\":true,\"valueName\":\"search_term_string\"}}],\"inLanguage\":\"ca\"},{\"@type\":\"Organization\",\"@id\":\"https:\\\/\\\/mineraleslunallena.com\\\/#organization\",\"name\":\"LUNA LLENA MINERALES\",\"url\":\"https:\\\/\\\/mineraleslunallena.com\\\/\",\"logo\":{\"@type\":\"ImageObject\",\"inLanguage\":\"ca\",\"@id\":\"https:\\\/\\\/mineraleslunallena.com\\\/#\\\/schema\\\/logo\\\/image\\\/\",\"url\":\"https:\\\/\\\/mineraleslunallena.com\\\/wp-content\\\/uploads\\\/2023\\\/07\\\/LUNA-LLENA-LOGO-nuevo.png\",\"contentUrl\":\"https:\\\/\\\/mineraleslunallena.com\\\/wp-content\\\/uploads\\\/2023\\\/07\\\/LUNA-LLENA-LOGO-nuevo.png\",\"width\":229,\"height\":167,\"caption\":\"LUNA LLENA MINERALES\"},\"image\":{\"@id\":\"https:\\\/\\\/mineraleslunallena.com\\\/#\\\/schema\\\/logo\\\/image\\\/\"}}]}<\/script>\n<!-- \/ Yoast SEO plugin. -->","yoast_head_json":{"title":"Jab\u00f3n Esot\u00e9rico de Canela | Abre Caminos - Pasi\u00f3n - \u00c9xito - MINERALES LUNA LLENA","robots":{"index":"index","follow":"follow","max-snippet":"max-snippet:-1","max-image-preview":"max-image-preview:large","max-video-preview":"max-video-preview:-1"},"canonical":"https:\/\/mineraleslunallena.com\/ca\/producte\/jabon-esoterico-de-canela-abre-caminos-pasion\/","og_locale":"ca_ES","og_type":"article","og_title":"Jab\u00f3n Esot\u00e9rico de Canela | Abre Caminos - Pasi\u00f3n - \u00c9xito - MINERALES LUNA LLENA","og_description":"Disfruta de una experiencia \u00fanica con nuestra pastilla de jab\u00f3n esot\u00e9rico Canela. Presentada con una delicada bolsa de organza, ideal para colgar y mantener la fragancia durante m\u00e1s tiempo. Esta combinaci\u00f3n perfecta de jab\u00f3n y bolsa no solo cuida tu piel, sino que tambi\u00e9n le da un toque de magia a tu ritual de autocuidado.                 Nuestro jab\u00f3n Esot\u00e9rico de Canela est\u00e1 cargado de energ\u00eda vibrante y poderosa, ideal para atraer prosperidad, pasi\u00f3n y \u00e9xito en todos los aspectos de tu vida.  La canela, conocida por su capacidad para activar la energ\u00eda y abrir caminos, potencia tu poder personal y atrae abundancia a tu alrededor. Este jab\u00f3n es perfecto para quienes buscan activar su magnetismo, aumentar su confianza y atraer buenas oportunidades.  Su c\u00e1lido y especiado aroma te envuelve, elevando tu vibraci\u00f3n y llen\u00e1ndote de energ\u00eda positiva. Con cada uso, sentir\u00e1s c\u00f3mo las puertas del \u00e9xito se abren y la energ\u00eda de la abundancia fluye hacia ti. Haz del jab\u00f3n de canela tu aliado para transformar tu vida y potenciar tus deseos.   &nbsp;  Cantidad: 1 unidad. El precio es por una unidad.","og_url":"https:\/\/mineraleslunallena.com\/ca\/producte\/jabon-esoterico-de-canela-abre-caminos-pasion\/","og_site_name":"MINERALES LUNA LLENA","article_modified_time":"2025-04-12T14:26:08+00:00","og_image":[{"width":1153,"height":2560,"url":"https:\/\/mineraleslunallena.com\/wp-content\/uploads\/2025\/01\/IMG_20250103_164603-scaled.jpg","type":"image\/jpeg"}],"twitter_card":"summary_large_image","twitter_misc":{"Temps estimat de lectura":"2 minuts"},"schema":{"@context":"https:\/\/schema.org","@graph":[{"@type":"WebPage","@id":"https:\/\/mineraleslunallena.com\/producto\/jabon-esoterico-de-canela-abre-caminos-pasion\/","url":"https:\/\/mineraleslunallena.com\/producto\/jabon-esoterico-de-canela-abre-caminos-pasion\/","name":"Jab\u00f3n Esot\u00e9rico de Canela | Abre Caminos - Pasi\u00f3n - \u00c9xito - MINERALES LUNA LLENA","isPartOf":{"@id":"https:\/\/mineraleslunallena.com\/#website"},"primaryImageOfPage":{"@id":"https:\/\/mineraleslunallena.com\/producto\/jabon-esoterico-de-canela-abre-caminos-pasion\/#primaryimage"},"image":{"@id":"https:\/\/mineraleslunallena.com\/producto\/jabon-esoterico-de-canela-abre-caminos-pasion\/#primaryimage"},"thumbnailUrl":"https:\/\/mineraleslunallena.com\/wp-content\/uploads\/2025\/01\/IMG_20250103_164603-scaled.jpg","datePublished":"2025-01-03T11:32:49+00:00","dateModified":"2025-04-12T14:26:08+00:00","breadcrumb":{"@id":"https:\/\/mineraleslunallena.com\/producto\/jabon-esoterico-de-canela-abre-caminos-pasion\/#breadcrumb"},"inLanguage":"ca","potentialAction":[{"@type":"ReadAction","target":["https:\/\/mineraleslunallena.com\/producto\/jabon-esoterico-de-canela-abre-caminos-pasion\/"]}]},{"@type":"ImageObject","inLanguage":"ca","@id":"https:\/\/mineraleslunallena.com\/producto\/jabon-esoterico-de-canela-abre-caminos-pasion\/#primaryimage","url":"https:\/\/mineraleslunallena.com\/wp-content\/uploads\/2025\/01\/IMG_20250103_164603-scaled.jpg","contentUrl":"https:\/\/mineraleslunallena.com\/wp-content\/uploads\/2025\/01\/IMG_20250103_164603-scaled.jpg","width":1153,"height":2560},{"@type":"BreadcrumbList","@id":"https:\/\/mineraleslunallena.com\/producto\/jabon-esoterico-de-canela-abre-caminos-pasion\/#breadcrumb","itemListElement":[{"@type":"ListItem","position":1,"name":"Portada","item":"https:\/\/mineraleslunallena.com\/"},{"@type":"ListItem","position":2,"name":"Shop","item":"https:\/\/mineraleslunallena.com\/ca\/shop\/"},{"@type":"ListItem","position":3,"name":"Jab\u00f3n Esot\u00e9rico de Canela | Abre Caminos &#8211; Pasi\u00f3n &#8211; \u00c9xito"}]},{"@type":"WebSite","@id":"https:\/\/mineraleslunallena.com\/#website","url":"https:\/\/mineraleslunallena.com\/","name":"LLUNA PLENA MINERALS","description":"\u00c9s el moment de connectar-te amb el teu poder i confiar en les teves habilitats.","publisher":{"@id":"https:\/\/mineraleslunallena.com\/#organization"},"potentialAction":[{"@type":"SearchAction","target":{"@type":"EntryPoint","urlTemplate":"https:\/\/mineraleslunallena.com\/?s={search_term_string}"},"query-input":{"@type":"PropertyValueSpecification","valueRequired":true,"valueName":"search_term_string"}}],"inLanguage":"ca"},{"@type":"Organization","@id":"https:\/\/mineraleslunallena.com\/#organization","name":"LLUNA PLENA MINERALS","url":"https:\/\/mineraleslunallena.com\/","logo":{"@type":"ImageObject","inLanguage":"ca","@id":"https:\/\/mineraleslunallena.com\/#\/schema\/logo\/image\/","url":"https:\/\/mineraleslunallena.com\/wp-content\/uploads\/2023\/07\/LUNA-LLENA-LOGO-nuevo.png","contentUrl":"https:\/\/mineraleslunallena.com\/wp-content\/uploads\/2023\/07\/LUNA-LLENA-LOGO-nuevo.png","width":229,"height":167,"caption":"LUNA LLENA MINERALES"},"image":{"@id":"https:\/\/mineraleslunallena.com\/#\/schema\/logo\/image\/"}}]}},"jetpack_sharing_enabled":true,"_links":{"self":[{"href":"https:\/\/mineraleslunallena.com\/ca\/wp-json\/wp\/v2\/product\/5558","targetHints":{"allow":["GET"]}}],"collection":[{"href":"https:\/\/mineraleslunallena.com\/ca\/wp-json\/wp\/v2\/product"}],"about":[{"href":"https:\/\/mineraleslunallena.com\/ca\/wp-json\/wp\/v2\/types\/product"}],"version-history":[{"count":4,"href":"https:\/\/mineraleslunallena.com\/ca\/wp-json\/wp\/v2\/product\/5558\/revisions"}],"predecessor-version":[{"id":5596,"href":"https:\/\/mineraleslunallena.com\/ca\/wp-json\/wp\/v2\/product\/5558\/revisions\/5596"}],"wp:featuredmedia":[{"embeddable":true,"href":"https:\/\/mineraleslunallena.com\/ca\/wp-json\/wp\/v2\/media\/5587"}],"wp:attachment":[{"href":"https:\/\/mineraleslunallena.com\/ca\/wp-json\/wp\/v2\/media?parent=5558"}],"wp:term":[{"taxonomy":"product_cat","embeddable":true,"href":"https:\/\/mineraleslunallena.com\/ca\/wp-json\/wp\/v2\/product_cat?post=5558"},{"taxonomy":"product_tag","embeddable":true,"href":"https:\/\/mineraleslunallena.com\/ca\/wp-json\/wp\/v2\/product_tag?post=5558"}],"curies":[{"name":"wp","href":"https:\/\/api.w.org\/{rel}","templated":true}]}}