{"id":5576,"date":"2025-01-03T13:28:00","date_gmt":"2025-01-03T12:28:00","guid":{"rendered":"https:\/\/mineraleslunallena.com\/?post_type=product&#038;p=5576"},"modified":"2025-01-03T17:04:37","modified_gmt":"2025-01-03T16:04:37","slug":"jabon-esoterico-trabajo-mantener-empleo-estabilidad-laboral","status":"publish","type":"product","link":"https:\/\/mineraleslunallena.com\/ca\/producte\/jabon-esoterico-trabajo-mantener-empleo-estabilidad-laboral\/","title":{"rendered":"Jab\u00f3n Esot\u00e9rico Trabajo | Mantener Empleo &#8211; Estabilidad Laboral"},"content":{"rendered":"<p>Disfruta de una experiencia \u00fanica con nuestra pastilla de jab\u00f3n esot\u00e9rico <strong>de Trabajo<\/strong>. Presentada con una delicada bolsa de organza, ideal para colgar y mantener la fragancia durante m\u00e1s tiempo. Esta combinaci\u00f3n perfecta de jab\u00f3n y bolsa no solo cuida tu piel, sino que tambi\u00e9n le da un toque de magia a tu ritual de autocuidado.<\/p>\n<p>El <strong>jab\u00f3n Esot\u00e9rico de Trabajo<\/strong> para mantener el empleo, prosperar en el \u00e1mbito profesional y asegurar la estabilidad laboral a largo plazo.<\/p>\n<p>Este jab\u00f3n est\u00e1 dise\u00f1ado para quienes buscan mantener su puesto de trabajo, mejorar su rendimiento y atraer el reconocimiento y \u00e9xito dentro de su carrera.<\/p>\n<p>Ayuda a consolidar tu posici\u00f3n, promoviendo un entorno de trabajo positivo y aumentando tus oportunidades de crecimiento dentro de la empresa o proyecto en el que te encuentras. Adem\u00e1s, contribuye a crear un ambiente favorable para la productividad y el \u00e9xito a largo plazo.<\/p>\n<p>Cantidad: 1 unidad. El precio es por una unidad.<\/p>","protected":false},"excerpt":{"rendered":"<p>Disfruta de una experiencia \u00fanica con nuestra pastilla de jab\u00f3n esot\u00e9rico <strong>de Trabajo<\/strong>. Presentada con una delicada bolsa de organza, ideal para colgar y mantener la fragancia durante m\u00e1s tiempo. Esta combinaci\u00f3n perfecta de jab\u00f3n y bolsa no solo cuida tu piel, sino que tambi\u00e9n le da un toque de magia a tu ritual de autocuidado.<\/p>\n<p>El <strong>jab\u00f3n Esot\u00e9rico de Trabajo<\/strong> para mantener el empleo, prosperar en el \u00e1mbito profesional y asegurar la estabilidad laboral a largo plazo.<\/p>\n<p>Este jab\u00f3n est\u00e1 dise\u00f1ado para quienes buscan mantener su puesto de trabajo, mejorar su rendimiento y atraer el reconocimiento y \u00e9xito dentro de su carrera.<\/p>\n<p>Ayuda a consolidar tu posici\u00f3n, promoviendo un entorno de trabajo positivo y aumentando tus oportunidades de crecimiento dentro de la empresa o proyecto en el que te encuentras. Adem\u00e1s, contribuye a crear un ambiente favorable para la productividad y el \u00e9xito a largo plazo.<\/p>\n<p>Cantidad: 1 unidad. El precio es por una unidad.<\/p>","protected":false},"featured_media":5587,"template":"","meta":[],"product_cat":[116,98],"product_tag":[],"class_list":{"0":"post-5576","1":"product","2":"type-product","3":"status-publish","4":"has-post-thumbnail","6":"product_cat-jabones-y-geles","7":"product_cat-incienso","9":"first","10":"instock","11":"taxable","12":"shipping-taxable","13":"purchasable","14":"product-type-simple"},"yoast_head":"<!-- This site is optimized with the Yoast SEO plugin v27.3 - https:\/\/yoast.com\/product\/yoast-seo-wordpress\/ -->\n<title>Jab\u00f3n Esot\u00e9rico Trabajo | Mantener Empleo - Estabilidad Laboral - MINERALES LUNA LLENA<\/title>\n<meta name=\"robots\" content=\"index, follow, max-snippet:-1, max-image-preview:large, max-video-preview:-1\" \/>\n<link rel=\"canonical\" href=\"https:\/\/mineraleslunallena.com\/ca\/producte\/jabon-esoterico-trabajo-mantener-empleo-estabilidad-laboral\/\" \/>\n<meta property=\"og:locale\" content=\"ca_ES\" \/>\n<meta property=\"og:type\" content=\"article\" \/>\n<meta property=\"og:title\" content=\"Jab\u00f3n Esot\u00e9rico Trabajo | Mantener Empleo - Estabilidad Laboral - MINERALES LUNA LLENA\" \/>\n<meta property=\"og:description\" content=\"Disfruta de una experiencia \u00fanica con nuestra pastilla de jab\u00f3n esot\u00e9rico de Trabajo. Presentada con una delicada bolsa de organza, ideal para colgar y mantener la fragancia durante m\u00e1s tiempo. Esta combinaci\u00f3n perfecta de jab\u00f3n y bolsa no solo cuida tu piel, sino que tambi\u00e9n le da un toque de magia a tu ritual de autocuidado.  El jab\u00f3n Esot\u00e9rico de Trabajo para mantener el empleo, prosperar en el \u00e1mbito profesional y asegurar la estabilidad laboral a largo plazo.  Este jab\u00f3n est\u00e1 dise\u00f1ado para quienes buscan mantener su puesto de trabajo, mejorar su rendimiento y atraer el reconocimiento y \u00e9xito dentro de su carrera.  Ayuda a consolidar tu posici\u00f3n, promoviendo un entorno de trabajo positivo y aumentando tus oportunidades de crecimiento dentro de la empresa o proyecto en el que te encuentras. Adem\u00e1s, contribuye a crear un ambiente favorable para la productividad y el \u00e9xito a largo plazo.  Cantidad: 1 unidad. El precio es por una unidad.\" \/>\n<meta property=\"og:url\" content=\"https:\/\/mineraleslunallena.com\/ca\/producte\/jabon-esoterico-trabajo-mantener-empleo-estabilidad-laboral\/\" \/>\n<meta property=\"og:site_name\" content=\"MINERALES LUNA LLENA\" \/>\n<meta property=\"article:modified_time\" content=\"2025-01-03T16:04:37+00:00\" \/>\n<meta property=\"og:image\" content=\"https:\/\/mineraleslunallena.com\/wp-content\/uploads\/2025\/01\/IMG_20250103_164603-scaled.jpg\" \/>\n\t<meta property=\"og:image:width\" content=\"1153\" \/>\n\t<meta property=\"og:image:height\" content=\"2560\" \/>\n\t<meta property=\"og:image:type\" content=\"image\/jpeg\" \/>\n<meta name=\"twitter:card\" content=\"summary_large_image\" \/>\n<meta name=\"twitter:label1\" content=\"Temps estimat de lectura\" \/>\n\t<meta name=\"twitter:data1\" content=\"1 minut\" \/>\n<script type=\"application\/ld+json\" class=\"yoast-schema-graph\">{\"@context\":\"https:\\\/\\\/schema.org\",\"@graph\":[{\"@type\":\"WebPage\",\"@id\":\"https:\\\/\\\/mineraleslunallena.com\\\/producto\\\/jabon-esoterico-trabajo-mantener-empleo-estabilidad-laboral\\\/\",\"url\":\"https:\\\/\\\/mineraleslunallena.com\\\/producto\\\/jabon-esoterico-trabajo-mantener-empleo-estabilidad-laboral\\\/\",\"name\":\"Jab\u00f3n Esot\u00e9rico Trabajo | Mantener Empleo - Estabilidad Laboral - MINERALES LUNA LLENA\",\"isPartOf\":{\"@id\":\"https:\\\/\\\/mineraleslunallena.com\\\/#website\"},\"primaryImageOfPage\":{\"@id\":\"https:\\\/\\\/mineraleslunallena.com\\\/producto\\\/jabon-esoterico-trabajo-mantener-empleo-estabilidad-laboral\\\/#primaryimage\"},\"image\":{\"@id\":\"https:\\\/\\\/mineraleslunallena.com\\\/producto\\\/jabon-esoterico-trabajo-mantener-empleo-estabilidad-laboral\\\/#primaryimage\"},\"thumbnailUrl\":\"https:\\\/\\\/mineraleslunallena.com\\\/wp-content\\\/uploads\\\/2025\\\/01\\\/IMG_20250103_164603-scaled.jpg\",\"datePublished\":\"2025-01-03T12:28:00+00:00\",\"dateModified\":\"2025-01-03T16:04:37+00:00\",\"breadcrumb\":{\"@id\":\"https:\\\/\\\/mineraleslunallena.com\\\/producto\\\/jabon-esoterico-trabajo-mantener-empleo-estabilidad-laboral\\\/#breadcrumb\"},\"inLanguage\":\"ca\",\"potentialAction\":[{\"@type\":\"ReadAction\",\"target\":[\"https:\\\/\\\/mineraleslunallena.com\\\/producto\\\/jabon-esoterico-trabajo-mantener-empleo-estabilidad-laboral\\\/\"]}]},{\"@type\":\"ImageObject\",\"inLanguage\":\"ca\",\"@id\":\"https:\\\/\\\/mineraleslunallena.com\\\/producto\\\/jabon-esoterico-trabajo-mantener-empleo-estabilidad-laboral\\\/#primaryimage\",\"url\":\"https:\\\/\\\/mineraleslunallena.com\\\/wp-content\\\/uploads\\\/2025\\\/01\\\/IMG_20250103_164603-scaled.jpg\",\"contentUrl\":\"https:\\\/\\\/mineraleslunallena.com\\\/wp-content\\\/uploads\\\/2025\\\/01\\\/IMG_20250103_164603-scaled.jpg\",\"width\":1153,\"height\":2560},{\"@type\":\"BreadcrumbList\",\"@id\":\"https:\\\/\\\/mineraleslunallena.com\\\/producto\\\/jabon-esoterico-trabajo-mantener-empleo-estabilidad-laboral\\\/#breadcrumb\",\"itemListElement\":[{\"@type\":\"ListItem\",\"position\":1,\"name\":\"Portada\",\"item\":\"https:\\\/\\\/mineraleslunallena.com\\\/\"},{\"@type\":\"ListItem\",\"position\":2,\"name\":\"Shop\",\"item\":\"https:\\\/\\\/mineraleslunallena.com\\\/ca\\\/shop\\\/\"},{\"@type\":\"ListItem\",\"position\":3,\"name\":\"Jab\u00f3n Esot\u00e9rico Trabajo | Mantener Empleo &#8211; Estabilidad Laboral\"}]},{\"@type\":\"WebSite\",\"@id\":\"https:\\\/\\\/mineraleslunallena.com\\\/#website\",\"url\":\"https:\\\/\\\/mineraleslunallena.com\\\/\",\"name\":\"LUNA LLENA MINERALES\",\"description\":\"Es el momento de conectarte con tu propio poder y confiar en tus habilidades.\",\"publisher\":{\"@id\":\"https:\\\/\\\/mineraleslunallena.com\\\/#organization\"},\"potentialAction\":[{\"@type\":\"SearchAction\",\"target\":{\"@type\":\"EntryPoint\",\"urlTemplate\":\"https:\\\/\\\/mineraleslunallena.com\\\/?s={search_term_string}\"},\"query-input\":{\"@type\":\"PropertyValueSpecification\",\"valueRequired\":true,\"valueName\":\"search_term_string\"}}],\"inLanguage\":\"ca\"},{\"@type\":\"Organization\",\"@id\":\"https:\\\/\\\/mineraleslunallena.com\\\/#organization\",\"name\":\"LUNA LLENA MINERALES\",\"url\":\"https:\\\/\\\/mineraleslunallena.com\\\/\",\"logo\":{\"@type\":\"ImageObject\",\"inLanguage\":\"ca\",\"@id\":\"https:\\\/\\\/mineraleslunallena.com\\\/#\\\/schema\\\/logo\\\/image\\\/\",\"url\":\"https:\\\/\\\/mineraleslunallena.com\\\/wp-content\\\/uploads\\\/2023\\\/07\\\/LUNA-LLENA-LOGO-nuevo.png\",\"contentUrl\":\"https:\\\/\\\/mineraleslunallena.com\\\/wp-content\\\/uploads\\\/2023\\\/07\\\/LUNA-LLENA-LOGO-nuevo.png\",\"width\":229,\"height\":167,\"caption\":\"LUNA LLENA MINERALES\"},\"image\":{\"@id\":\"https:\\\/\\\/mineraleslunallena.com\\\/#\\\/schema\\\/logo\\\/image\\\/\"}}]}<\/script>\n<!-- \/ Yoast SEO plugin. -->","yoast_head_json":{"title":"Jab\u00f3n Esot\u00e9rico Trabajo | Mantener Empleo - Estabilidad Laboral - MINERALES LUNA LLENA","robots":{"index":"index","follow":"follow","max-snippet":"max-snippet:-1","max-image-preview":"max-image-preview:large","max-video-preview":"max-video-preview:-1"},"canonical":"https:\/\/mineraleslunallena.com\/ca\/producte\/jabon-esoterico-trabajo-mantener-empleo-estabilidad-laboral\/","og_locale":"ca_ES","og_type":"article","og_title":"Jab\u00f3n Esot\u00e9rico Trabajo | Mantener Empleo - Estabilidad Laboral - MINERALES LUNA LLENA","og_description":"Disfruta de una experiencia \u00fanica con nuestra pastilla de jab\u00f3n esot\u00e9rico de Trabajo. Presentada con una delicada bolsa de organza, ideal para colgar y mantener la fragancia durante m\u00e1s tiempo. Esta combinaci\u00f3n perfecta de jab\u00f3n y bolsa no solo cuida tu piel, sino que tambi\u00e9n le da un toque de magia a tu ritual de autocuidado.  El jab\u00f3n Esot\u00e9rico de Trabajo para mantener el empleo, prosperar en el \u00e1mbito profesional y asegurar la estabilidad laboral a largo plazo.  Este jab\u00f3n est\u00e1 dise\u00f1ado para quienes buscan mantener su puesto de trabajo, mejorar su rendimiento y atraer el reconocimiento y \u00e9xito dentro de su carrera.  Ayuda a consolidar tu posici\u00f3n, promoviendo un entorno de trabajo positivo y aumentando tus oportunidades de crecimiento dentro de la empresa o proyecto en el que te encuentras. Adem\u00e1s, contribuye a crear un ambiente favorable para la productividad y el \u00e9xito a largo plazo.  Cantidad: 1 unidad. El precio es por una unidad.","og_url":"https:\/\/mineraleslunallena.com\/ca\/producte\/jabon-esoterico-trabajo-mantener-empleo-estabilidad-laboral\/","og_site_name":"MINERALES LUNA LLENA","article_modified_time":"2025-01-03T16:04:37+00:00","og_image":[{"width":1153,"height":2560,"url":"https:\/\/mineraleslunallena.com\/wp-content\/uploads\/2025\/01\/IMG_20250103_164603-scaled.jpg","type":"image\/jpeg"}],"twitter_card":"summary_large_image","twitter_misc":{"Temps estimat de lectura":"1 minut"},"schema":{"@context":"https:\/\/schema.org","@graph":[{"@type":"WebPage","@id":"https:\/\/mineraleslunallena.com\/producto\/jabon-esoterico-trabajo-mantener-empleo-estabilidad-laboral\/","url":"https:\/\/mineraleslunallena.com\/producto\/jabon-esoterico-trabajo-mantener-empleo-estabilidad-laboral\/","name":"Jab\u00f3n Esot\u00e9rico Trabajo | Mantener Empleo - Estabilidad Laboral - MINERALES LUNA LLENA","isPartOf":{"@id":"https:\/\/mineraleslunallena.com\/#website"},"primaryImageOfPage":{"@id":"https:\/\/mineraleslunallena.com\/producto\/jabon-esoterico-trabajo-mantener-empleo-estabilidad-laboral\/#primaryimage"},"image":{"@id":"https:\/\/mineraleslunallena.com\/producto\/jabon-esoterico-trabajo-mantener-empleo-estabilidad-laboral\/#primaryimage"},"thumbnailUrl":"https:\/\/mineraleslunallena.com\/wp-content\/uploads\/2025\/01\/IMG_20250103_164603-scaled.jpg","datePublished":"2025-01-03T12:28:00+00:00","dateModified":"2025-01-03T16:04:37+00:00","breadcrumb":{"@id":"https:\/\/mineraleslunallena.com\/producto\/jabon-esoterico-trabajo-mantener-empleo-estabilidad-laboral\/#breadcrumb"},"inLanguage":"ca","potentialAction":[{"@type":"ReadAction","target":["https:\/\/mineraleslunallena.com\/producto\/jabon-esoterico-trabajo-mantener-empleo-estabilidad-laboral\/"]}]},{"@type":"ImageObject","inLanguage":"ca","@id":"https:\/\/mineraleslunallena.com\/producto\/jabon-esoterico-trabajo-mantener-empleo-estabilidad-laboral\/#primaryimage","url":"https:\/\/mineraleslunallena.com\/wp-content\/uploads\/2025\/01\/IMG_20250103_164603-scaled.jpg","contentUrl":"https:\/\/mineraleslunallena.com\/wp-content\/uploads\/2025\/01\/IMG_20250103_164603-scaled.jpg","width":1153,"height":2560},{"@type":"BreadcrumbList","@id":"https:\/\/mineraleslunallena.com\/producto\/jabon-esoterico-trabajo-mantener-empleo-estabilidad-laboral\/#breadcrumb","itemListElement":[{"@type":"ListItem","position":1,"name":"Portada","item":"https:\/\/mineraleslunallena.com\/"},{"@type":"ListItem","position":2,"name":"Shop","item":"https:\/\/mineraleslunallena.com\/ca\/shop\/"},{"@type":"ListItem","position":3,"name":"Jab\u00f3n Esot\u00e9rico Trabajo | Mantener Empleo &#8211; Estabilidad Laboral"}]},{"@type":"WebSite","@id":"https:\/\/mineraleslunallena.com\/#website","url":"https:\/\/mineraleslunallena.com\/","name":"LLUNA PLENA MINERALS","description":"\u00c9s el moment de connectar-te amb el teu poder i confiar en les teves habilitats.","publisher":{"@id":"https:\/\/mineraleslunallena.com\/#organization"},"potentialAction":[{"@type":"SearchAction","target":{"@type":"EntryPoint","urlTemplate":"https:\/\/mineraleslunallena.com\/?s={search_term_string}"},"query-input":{"@type":"PropertyValueSpecification","valueRequired":true,"valueName":"search_term_string"}}],"inLanguage":"ca"},{"@type":"Organization","@id":"https:\/\/mineraleslunallena.com\/#organization","name":"LLUNA PLENA MINERALS","url":"https:\/\/mineraleslunallena.com\/","logo":{"@type":"ImageObject","inLanguage":"ca","@id":"https:\/\/mineraleslunallena.com\/#\/schema\/logo\/image\/","url":"https:\/\/mineraleslunallena.com\/wp-content\/uploads\/2023\/07\/LUNA-LLENA-LOGO-nuevo.png","contentUrl":"https:\/\/mineraleslunallena.com\/wp-content\/uploads\/2023\/07\/LUNA-LLENA-LOGO-nuevo.png","width":229,"height":167,"caption":"LUNA LLENA MINERALES"},"image":{"@id":"https:\/\/mineraleslunallena.com\/#\/schema\/logo\/image\/"}}]}},"jetpack_sharing_enabled":true,"_links":{"self":[{"href":"https:\/\/mineraleslunallena.com\/ca\/wp-json\/wp\/v2\/product\/5576","targetHints":{"allow":["GET"]}}],"collection":[{"href":"https:\/\/mineraleslunallena.com\/ca\/wp-json\/wp\/v2\/product"}],"about":[{"href":"https:\/\/mineraleslunallena.com\/ca\/wp-json\/wp\/v2\/types\/product"}],"version-history":[{"count":1,"href":"https:\/\/mineraleslunallena.com\/ca\/wp-json\/wp\/v2\/product\/5576\/revisions"}],"predecessor-version":[{"id":5577,"href":"https:\/\/mineraleslunallena.com\/ca\/wp-json\/wp\/v2\/product\/5576\/revisions\/5577"}],"wp:featuredmedia":[{"embeddable":true,"href":"https:\/\/mineraleslunallena.com\/ca\/wp-json\/wp\/v2\/media\/5587"}],"wp:attachment":[{"href":"https:\/\/mineraleslunallena.com\/ca\/wp-json\/wp\/v2\/media?parent=5576"}],"wp:term":[{"taxonomy":"product_cat","embeddable":true,"href":"https:\/\/mineraleslunallena.com\/ca\/wp-json\/wp\/v2\/product_cat?post=5576"},{"taxonomy":"product_tag","embeddable":true,"href":"https:\/\/mineraleslunallena.com\/ca\/wp-json\/wp\/v2\/product_tag?post=5576"}],"curies":[{"name":"wp","href":"https:\/\/api.w.org\/{rel}","templated":true}]}}