{"id":5745,"date":"2025-02-05T15:45:38","date_gmt":"2025-02-05T14:45:38","guid":{"rendered":"https:\/\/mineraleslunallena.com\/?post_type=product&#038;p=5745"},"modified":"2025-02-25T18:00:04","modified_gmt":"2025-02-25T17:00:04","slug":"perfume-abre-caminos-abre-tus-caminos","status":"publish","type":"product","link":"https:\/\/mineraleslunallena.com\/ca\/producte\/perfume-abre-caminos-abre-tus-caminos\/","title":{"rendered":"Perfume Abre Caminos | Abre tus Caminos"},"content":{"rendered":"<p>El perfume Abre Caminos es la llave para desbloquear oportunidades y atraer la buena suerte a tu vida.<\/p>\n<p>Su poderosa energ\u00eda disuelve obst\u00e1culos, eliminando bloqueos que impiden el avance en el amor, el dinero o los proyectos personales.<\/p>\n<p>Es ideal para quienes buscan cambios positivos, logrando que todo fluya con mayor facilidad. Su aroma envuelve con vibraciones de \u00e9xito, abriendo senderos hacia nuevas posibilidades.<\/p>\n<p>Potencia la confianza y la determinaci\u00f3n, gui\u00e1ndote hacia tus metas con claridad. Un aliado imprescindible para quienes desean prosperidad y evoluci\u00f3n en su camino.<\/p>\n<p>&nbsp;<\/p>\n<p>Quantitat: 1 unitat. El preu \u00e9s per una unitat. 10 ml.<\/p>","protected":false},"excerpt":{"rendered":"<p>El perfume Abre Caminos es la llave para desbloquear oportunidades y atraer la buena suerte a tu vida.<\/p>\n<p>Su poderosa energ\u00eda disuelve obst\u00e1culos, eliminando bloqueos que impiden el avance en el amor, el dinero o los proyectos personales.<\/p>\n<p>Es ideal para quienes buscan cambios positivos, logrando que todo fluya con mayor facilidad. Su aroma envuelve con vibraciones de \u00e9xito, abriendo senderos hacia nuevas posibilidades.<\/p>\n<p>Potencia la confianza y la determinaci\u00f3n, gui\u00e1ndote hacia tus metas con claridad. Un aliado imprescindible para quienes desean prosperidad y evoluci\u00f3n en su camino.<\/p>\n<p>&nbsp;<\/p>\n<p>Quantitat: 1 unitat. El preu \u00e9s per una unitat. 10 ml.<\/p>","protected":false},"featured_media":3985,"template":"","meta":[],"product_cat":[115,98],"product_tag":[],"class_list":{"0":"post-5745","1":"product","2":"type-product","3":"status-publish","4":"has-post-thumbnail","6":"product_cat-aguas-y-colonias","7":"product_cat-incienso","9":"first","10":"instock","11":"sale","12":"taxable","13":"shipping-taxable","14":"purchasable","15":"product-type-simple"},"yoast_head":"<!-- This site is optimized with the Yoast SEO plugin v27.3 - https:\/\/yoast.com\/product\/yoast-seo-wordpress\/ -->\n<title>Perfume Abre Caminos | Abre tus Caminos - MINERALES LUNA LLENA<\/title>\n<meta name=\"robots\" content=\"index, follow, max-snippet:-1, max-image-preview:large, max-video-preview:-1\" \/>\n<link rel=\"canonical\" href=\"https:\/\/mineraleslunallena.com\/ca\/producte\/perfume-abre-caminos-abre-tus-caminos\/\" \/>\n<meta property=\"og:locale\" content=\"ca_ES\" \/>\n<meta property=\"og:type\" content=\"article\" \/>\n<meta property=\"og:title\" content=\"Perfume Abre Caminos | Abre tus Caminos - MINERALES LUNA LLENA\" \/>\n<meta property=\"og:description\" content=\"El perfume Abre Caminos es la llave para desbloquear oportunidades y atraer la buena suerte a tu vida.  Su poderosa energ\u00eda disuelve obst\u00e1culos, eliminando bloqueos que impiden el avance en el amor, el dinero o los proyectos personales.  Es ideal para quienes buscan cambios positivos, logrando que todo fluya con mayor facilidad. Su aroma envuelve con vibraciones de \u00e9xito, abriendo senderos hacia nuevas posibilidades.  Potencia la confianza y la determinaci\u00f3n, gui\u00e1ndote hacia tus metas con claridad. Un aliado imprescindible para quienes desean prosperidad y evoluci\u00f3n en su camino.  &nbsp;  Cantidad: 1 unidad. El precio es por una unidad. 10 ml.\" \/>\n<meta property=\"og:url\" content=\"https:\/\/mineraleslunallena.com\/ca\/producte\/perfume-abre-caminos-abre-tus-caminos\/\" \/>\n<meta property=\"og:site_name\" content=\"MINERALES LUNA LLENA\" \/>\n<meta property=\"article:modified_time\" content=\"2025-02-25T17:00:04+00:00\" \/>\n<meta property=\"og:image\" content=\"https:\/\/mineraleslunallena.com\/wp-content\/uploads\/2024\/03\/extractoss-scaled.jpg\" \/>\n\t<meta property=\"og:image:width\" content=\"1920\" \/>\n\t<meta property=\"og:image:height\" content=\"2560\" \/>\n\t<meta property=\"og:image:type\" content=\"image\/jpeg\" \/>\n<meta name=\"twitter:card\" content=\"summary_large_image\" \/>\n<meta name=\"twitter:label1\" content=\"Temps estimat de lectura\" \/>\n\t<meta name=\"twitter:data1\" content=\"1 minut\" \/>\n<script type=\"application\/ld+json\" class=\"yoast-schema-graph\">{\"@context\":\"https:\\\/\\\/schema.org\",\"@graph\":[{\"@type\":\"WebPage\",\"@id\":\"https:\\\/\\\/mineraleslunallena.com\\\/producto\\\/perfume-abre-caminos-abre-tus-caminos\\\/\",\"url\":\"https:\\\/\\\/mineraleslunallena.com\\\/producto\\\/perfume-abre-caminos-abre-tus-caminos\\\/\",\"name\":\"Perfume Abre Caminos | Abre tus Caminos - MINERALES LUNA LLENA\",\"isPartOf\":{\"@id\":\"https:\\\/\\\/mineraleslunallena.com\\\/#website\"},\"primaryImageOfPage\":{\"@id\":\"https:\\\/\\\/mineraleslunallena.com\\\/producto\\\/perfume-abre-caminos-abre-tus-caminos\\\/#primaryimage\"},\"image\":{\"@id\":\"https:\\\/\\\/mineraleslunallena.com\\\/producto\\\/perfume-abre-caminos-abre-tus-caminos\\\/#primaryimage\"},\"thumbnailUrl\":\"https:\\\/\\\/mineraleslunallena.com\\\/wp-content\\\/uploads\\\/2024\\\/03\\\/extractoss-scaled.jpg\",\"datePublished\":\"2025-02-05T14:45:38+00:00\",\"dateModified\":\"2025-02-25T17:00:04+00:00\",\"breadcrumb\":{\"@id\":\"https:\\\/\\\/mineraleslunallena.com\\\/producto\\\/perfume-abre-caminos-abre-tus-caminos\\\/#breadcrumb\"},\"inLanguage\":\"ca\",\"potentialAction\":[{\"@type\":\"ReadAction\",\"target\":[\"https:\\\/\\\/mineraleslunallena.com\\\/producto\\\/perfume-abre-caminos-abre-tus-caminos\\\/\"]}]},{\"@type\":\"ImageObject\",\"inLanguage\":\"ca\",\"@id\":\"https:\\\/\\\/mineraleslunallena.com\\\/producto\\\/perfume-abre-caminos-abre-tus-caminos\\\/#primaryimage\",\"url\":\"https:\\\/\\\/mineraleslunallena.com\\\/wp-content\\\/uploads\\\/2024\\\/03\\\/extractoss-scaled.jpg\",\"contentUrl\":\"https:\\\/\\\/mineraleslunallena.com\\\/wp-content\\\/uploads\\\/2024\\\/03\\\/extractoss-scaled.jpg\",\"width\":1920,\"height\":2560},{\"@type\":\"BreadcrumbList\",\"@id\":\"https:\\\/\\\/mineraleslunallena.com\\\/producto\\\/perfume-abre-caminos-abre-tus-caminos\\\/#breadcrumb\",\"itemListElement\":[{\"@type\":\"ListItem\",\"position\":1,\"name\":\"Portada\",\"item\":\"https:\\\/\\\/mineraleslunallena.com\\\/\"},{\"@type\":\"ListItem\",\"position\":2,\"name\":\"Shop\",\"item\":\"https:\\\/\\\/mineraleslunallena.com\\\/ca\\\/shop\\\/\"},{\"@type\":\"ListItem\",\"position\":3,\"name\":\"Perfume Abre Caminos | Abre tus Caminos\"}]},{\"@type\":\"WebSite\",\"@id\":\"https:\\\/\\\/mineraleslunallena.com\\\/#website\",\"url\":\"https:\\\/\\\/mineraleslunallena.com\\\/\",\"name\":\"LUNA LLENA MINERALES\",\"description\":\"Es el momento de conectarte con tu propio poder y confiar en tus habilidades.\",\"publisher\":{\"@id\":\"https:\\\/\\\/mineraleslunallena.com\\\/#organization\"},\"potentialAction\":[{\"@type\":\"SearchAction\",\"target\":{\"@type\":\"EntryPoint\",\"urlTemplate\":\"https:\\\/\\\/mineraleslunallena.com\\\/?s={search_term_string}\"},\"query-input\":{\"@type\":\"PropertyValueSpecification\",\"valueRequired\":true,\"valueName\":\"search_term_string\"}}],\"inLanguage\":\"ca\"},{\"@type\":\"Organization\",\"@id\":\"https:\\\/\\\/mineraleslunallena.com\\\/#organization\",\"name\":\"LUNA LLENA MINERALES\",\"url\":\"https:\\\/\\\/mineraleslunallena.com\\\/\",\"logo\":{\"@type\":\"ImageObject\",\"inLanguage\":\"ca\",\"@id\":\"https:\\\/\\\/mineraleslunallena.com\\\/#\\\/schema\\\/logo\\\/image\\\/\",\"url\":\"https:\\\/\\\/mineraleslunallena.com\\\/wp-content\\\/uploads\\\/2023\\\/07\\\/LUNA-LLENA-LOGO-nuevo.png\",\"contentUrl\":\"https:\\\/\\\/mineraleslunallena.com\\\/wp-content\\\/uploads\\\/2023\\\/07\\\/LUNA-LLENA-LOGO-nuevo.png\",\"width\":229,\"height\":167,\"caption\":\"LUNA LLENA MINERALES\"},\"image\":{\"@id\":\"https:\\\/\\\/mineraleslunallena.com\\\/#\\\/schema\\\/logo\\\/image\\\/\"}}]}<\/script>\n<!-- \/ Yoast SEO plugin. -->","yoast_head_json":{"title":"Perfume Abre Caminos | Abre tus Caminos - MINERALES LUNA LLENA","robots":{"index":"index","follow":"follow","max-snippet":"max-snippet:-1","max-image-preview":"max-image-preview:large","max-video-preview":"max-video-preview:-1"},"canonical":"https:\/\/mineraleslunallena.com\/ca\/producte\/perfume-abre-caminos-abre-tus-caminos\/","og_locale":"ca_ES","og_type":"article","og_title":"Perfume Abre Caminos | Abre tus Caminos - MINERALES LUNA LLENA","og_description":"El perfume Abre Caminos es la llave para desbloquear oportunidades y atraer la buena suerte a tu vida.  Su poderosa energ\u00eda disuelve obst\u00e1culos, eliminando bloqueos que impiden el avance en el amor, el dinero o los proyectos personales.  Es ideal para quienes buscan cambios positivos, logrando que todo fluya con mayor facilidad. Su aroma envuelve con vibraciones de \u00e9xito, abriendo senderos hacia nuevas posibilidades.  Potencia la confianza y la determinaci\u00f3n, gui\u00e1ndote hacia tus metas con claridad. Un aliado imprescindible para quienes desean prosperidad y evoluci\u00f3n en su camino.  &nbsp;  Cantidad: 1 unidad. El precio es por una unidad. 10 ml.","og_url":"https:\/\/mineraleslunallena.com\/ca\/producte\/perfume-abre-caminos-abre-tus-caminos\/","og_site_name":"MINERALES LUNA LLENA","article_modified_time":"2025-02-25T17:00:04+00:00","og_image":[{"width":1920,"height":2560,"url":"https:\/\/mineraleslunallena.com\/wp-content\/uploads\/2024\/03\/extractoss-scaled.jpg","type":"image\/jpeg"}],"twitter_card":"summary_large_image","twitter_misc":{"Temps estimat de lectura":"1 minut"},"schema":{"@context":"https:\/\/schema.org","@graph":[{"@type":"WebPage","@id":"https:\/\/mineraleslunallena.com\/producto\/perfume-abre-caminos-abre-tus-caminos\/","url":"https:\/\/mineraleslunallena.com\/producto\/perfume-abre-caminos-abre-tus-caminos\/","name":"Perfume Abre Caminos | Abre tus Caminos - MINERALES LUNA LLENA","isPartOf":{"@id":"https:\/\/mineraleslunallena.com\/#website"},"primaryImageOfPage":{"@id":"https:\/\/mineraleslunallena.com\/producto\/perfume-abre-caminos-abre-tus-caminos\/#primaryimage"},"image":{"@id":"https:\/\/mineraleslunallena.com\/producto\/perfume-abre-caminos-abre-tus-caminos\/#primaryimage"},"thumbnailUrl":"https:\/\/mineraleslunallena.com\/wp-content\/uploads\/2024\/03\/extractoss-scaled.jpg","datePublished":"2025-02-05T14:45:38+00:00","dateModified":"2025-02-25T17:00:04+00:00","breadcrumb":{"@id":"https:\/\/mineraleslunallena.com\/producto\/perfume-abre-caminos-abre-tus-caminos\/#breadcrumb"},"inLanguage":"ca","potentialAction":[{"@type":"ReadAction","target":["https:\/\/mineraleslunallena.com\/producto\/perfume-abre-caminos-abre-tus-caminos\/"]}]},{"@type":"ImageObject","inLanguage":"ca","@id":"https:\/\/mineraleslunallena.com\/producto\/perfume-abre-caminos-abre-tus-caminos\/#primaryimage","url":"https:\/\/mineraleslunallena.com\/wp-content\/uploads\/2024\/03\/extractoss-scaled.jpg","contentUrl":"https:\/\/mineraleslunallena.com\/wp-content\/uploads\/2024\/03\/extractoss-scaled.jpg","width":1920,"height":2560},{"@type":"BreadcrumbList","@id":"https:\/\/mineraleslunallena.com\/producto\/perfume-abre-caminos-abre-tus-caminos\/#breadcrumb","itemListElement":[{"@type":"ListItem","position":1,"name":"Portada","item":"https:\/\/mineraleslunallena.com\/"},{"@type":"ListItem","position":2,"name":"Shop","item":"https:\/\/mineraleslunallena.com\/ca\/shop\/"},{"@type":"ListItem","position":3,"name":"Perfume Abre Caminos | Abre tus Caminos"}]},{"@type":"WebSite","@id":"https:\/\/mineraleslunallena.com\/#website","url":"https:\/\/mineraleslunallena.com\/","name":"LLUNA PLENA MINERALS","description":"\u00c9s el moment de connectar-te amb el teu poder i confiar en les teves habilitats.","publisher":{"@id":"https:\/\/mineraleslunallena.com\/#organization"},"potentialAction":[{"@type":"SearchAction","target":{"@type":"EntryPoint","urlTemplate":"https:\/\/mineraleslunallena.com\/?s={search_term_string}"},"query-input":{"@type":"PropertyValueSpecification","valueRequired":true,"valueName":"search_term_string"}}],"inLanguage":"ca"},{"@type":"Organization","@id":"https:\/\/mineraleslunallena.com\/#organization","name":"LLUNA PLENA MINERALS","url":"https:\/\/mineraleslunallena.com\/","logo":{"@type":"ImageObject","inLanguage":"ca","@id":"https:\/\/mineraleslunallena.com\/#\/schema\/logo\/image\/","url":"https:\/\/mineraleslunallena.com\/wp-content\/uploads\/2023\/07\/LUNA-LLENA-LOGO-nuevo.png","contentUrl":"https:\/\/mineraleslunallena.com\/wp-content\/uploads\/2023\/07\/LUNA-LLENA-LOGO-nuevo.png","width":229,"height":167,"caption":"LUNA LLENA MINERALES"},"image":{"@id":"https:\/\/mineraleslunallena.com\/#\/schema\/logo\/image\/"}}]}},"jetpack_sharing_enabled":true,"_links":{"self":[{"href":"https:\/\/mineraleslunallena.com\/ca\/wp-json\/wp\/v2\/product\/5745","targetHints":{"allow":["GET"]}}],"collection":[{"href":"https:\/\/mineraleslunallena.com\/ca\/wp-json\/wp\/v2\/product"}],"about":[{"href":"https:\/\/mineraleslunallena.com\/ca\/wp-json\/wp\/v2\/types\/product"}],"version-history":[{"count":1,"href":"https:\/\/mineraleslunallena.com\/ca\/wp-json\/wp\/v2\/product\/5745\/revisions"}],"predecessor-version":[{"id":5747,"href":"https:\/\/mineraleslunallena.com\/ca\/wp-json\/wp\/v2\/product\/5745\/revisions\/5747"}],"wp:featuredmedia":[{"embeddable":true,"href":"https:\/\/mineraleslunallena.com\/ca\/wp-json\/wp\/v2\/media\/3985"}],"wp:attachment":[{"href":"https:\/\/mineraleslunallena.com\/ca\/wp-json\/wp\/v2\/media?parent=5745"}],"wp:term":[{"taxonomy":"product_cat","embeddable":true,"href":"https:\/\/mineraleslunallena.com\/ca\/wp-json\/wp\/v2\/product_cat?post=5745"},{"taxonomy":"product_tag","embeddable":true,"href":"https:\/\/mineraleslunallena.com\/ca\/wp-json\/wp\/v2\/product_tag?post=5745"}],"curies":[{"name":"wp","href":"https:\/\/api.w.org\/{rel}","templated":true}]}}