{"id":6103,"date":"2025-02-28T15:11:11","date_gmt":"2025-02-28T14:11:11","guid":{"rendered":"https:\/\/mineraleslunallena.com\/?post_type=product&#038;p=6103"},"modified":"2025-08-11T23:04:54","modified_gmt":"2025-08-11T21:04:54","slug":"piedra-luna-rodado-energia-femenina-energia-mistica","status":"publish","type":"product","link":"https:\/\/mineraleslunallena.com\/ca\/producte\/piedra-luna-rodado-energia-femenina-energia-mistica\/","title":{"rendered":"Piedra Luna Rodado | Energ\u00eda Femenina &#8211;  Energ\u00eda M\u00edstica"},"content":{"rendered":"<p><span style=\"font-weight: 400\">\u00a0<\/span><b>La piedra de la energ\u00eda femenina<\/b><span style=\"font-weight: 400\">\u00a0<\/span><\/p>\n<p><b>Aumenta tu magnetismo<\/b><span style=\"font-weight: 400\"> \u2013 Atrae a los dem\u00e1s y genera armon\u00eda a tu alrededor.<\/span><\/p>\n<p><b>Mineral del nuevo comienzo<\/b><span style=\"font-weight: 400\"> \u2013 Se conecta con la luna, la diosa Selene y la intuici\u00f3n.<\/span><\/p>\n<p><b>Potencia tus dones ps\u00edquicos<\/b><span style=\"font-weight: 400\"> \u2013 Activa la intuici\u00f3n y favorece los sue\u00f1os l\u00facidos.<\/span><\/p>\n<p><b>Energ\u00eda m\u00edstica y m\u00e1gica<\/b><span style=\"font-weight: 400\"> \u2013 Ideal para quienes buscan conectar con su lado m\u00e1s espiritual.<\/span><\/p>\n<p><b>Fluye con la energ\u00eda lunar<\/b><span style=\"font-weight: 400\"> \u2013 Perfecta para ciclos de transformaci\u00f3n y crecimiento personal.<\/span><\/p>\n<p><b>Se trata de la Piedra Luna.<\/b><span style=\"font-weight: 400\"> \u00bfEst\u00e1s lista para su energ\u00eda?<\/span><\/p>","protected":false},"excerpt":{"rendered":"<p><span style=\"font-weight: 400\">\u00a0<\/span><b>La piedra de la energ\u00eda femenina<\/b><span style=\"font-weight: 400\">\u00a0<\/span><\/p>\n<p><b>Aumenta tu magnetismo<\/b><span style=\"font-weight: 400\"> \u2013 Atrae a los dem\u00e1s y genera armon\u00eda a tu alrededor.<\/span><\/p>\n<p><b>Mineral del nuevo comienzo<\/b><span style=\"font-weight: 400\"> \u2013 Se conecta con la luna, la diosa Selene y la intuici\u00f3n.<\/span><\/p>\n<p><b>Potencia tus dones ps\u00edquicos<\/b><span style=\"font-weight: 400\"> \u2013 Activa la intuici\u00f3n y favorece los sue\u00f1os l\u00facidos.<\/span><\/p>\n<p><b>Energ\u00eda m\u00edstica y m\u00e1gica<\/b><span style=\"font-weight: 400\"> \u2013 Ideal para quienes buscan conectar con su lado m\u00e1s espiritual.<\/span><\/p>\n<p><b>Fluye con la energ\u00eda lunar<\/b><span style=\"font-weight: 400\"> \u2013 Perfecta para ciclos de transformaci\u00f3n y crecimiento personal.<\/span><\/p>\n<p><b>Se trata de la Piedra Luna.<\/b><span style=\"font-weight: 400\"> \u00bfEst\u00e1s lista para su energ\u00eda?<\/span><\/p>","protected":false},"featured_media":6104,"template":"","meta":[],"product_cat":[69,71],"product_tag":[],"class_list":{"0":"post-6103","1":"product","2":"type-product","3":"status-publish","4":"has-post-thumbnail","6":"product_cat-minerales","7":"product_cat-rodados","9":"first","10":"instock","11":"sale","12":"taxable","13":"shipping-taxable","14":"purchasable","15":"product-type-simple"},"yoast_head":"<!-- This site is optimized with the Yoast SEO plugin v27.3 - https:\/\/yoast.com\/product\/yoast-seo-wordpress\/ -->\n<title>Piedra Luna Rodado | Energ\u00eda Femenina - Energ\u00eda M\u00edstica - MINERALES LUNA LLENA<\/title>\n<meta name=\"robots\" content=\"index, follow, max-snippet:-1, max-image-preview:large, max-video-preview:-1\" \/>\n<link rel=\"canonical\" href=\"https:\/\/mineraleslunallena.com\/ca\/producte\/piedra-luna-rodado-energia-femenina-energia-mistica\/\" \/>\n<meta property=\"og:locale\" content=\"ca_ES\" \/>\n<meta property=\"og:type\" content=\"article\" \/>\n<meta property=\"og:title\" content=\"Piedra Luna Rodado | Energ\u00eda Femenina - Energ\u00eda M\u00edstica - MINERALES LUNA LLENA\" \/>\n<meta property=\"og:description\" content=\"\u00a0La piedra de la energ\u00eda femenina\u00a0  Aumenta tu magnetismo \u2013 Atrae a los dem\u00e1s y genera armon\u00eda a tu alrededor.  Mineral del nuevo comienzo \u2013 Se conecta con la luna, la diosa Selene y la intuici\u00f3n.  Potencia tus dones ps\u00edquicos \u2013 Activa la intuici\u00f3n y favorece los sue\u00f1os l\u00facidos.  Energ\u00eda m\u00edstica y m\u00e1gica \u2013 Ideal para quienes buscan conectar con su lado m\u00e1s espiritual.  Fluye con la energ\u00eda lunar \u2013 Perfecta para ciclos de transformaci\u00f3n y crecimiento personal.  Se trata de la Piedra Luna. \u00bfEst\u00e1s lista para su energ\u00eda?\" \/>\n<meta property=\"og:url\" content=\"https:\/\/mineraleslunallena.com\/ca\/producte\/piedra-luna-rodado-energia-femenina-energia-mistica\/\" \/>\n<meta property=\"og:site_name\" content=\"MINERALES LUNA LLENA\" \/>\n<meta property=\"article:modified_time\" content=\"2025-08-11T21:04:54+00:00\" \/>\n<meta property=\"og:image\" content=\"https:\/\/mineraleslunallena.com\/wp-content\/uploads\/2025\/02\/IMG_20250227_201237-scaled.jpg\" \/>\n\t<meta property=\"og:image:width\" content=\"1153\" \/>\n\t<meta property=\"og:image:height\" content=\"2560\" \/>\n\t<meta property=\"og:image:type\" content=\"image\/jpeg\" \/>\n<meta name=\"twitter:card\" content=\"summary_large_image\" \/>\n<meta name=\"twitter:label1\" content=\"Temps estimat de lectura\" \/>\n\t<meta name=\"twitter:data1\" content=\"1 minut\" \/>\n<script type=\"application\/ld+json\" class=\"yoast-schema-graph\">{\"@context\":\"https:\\\/\\\/schema.org\",\"@graph\":[{\"@type\":\"WebPage\",\"@id\":\"https:\\\/\\\/mineraleslunallena.com\\\/producto\\\/piedra-luna-rodado-energia-femenina-energia-mistica\\\/\",\"url\":\"https:\\\/\\\/mineraleslunallena.com\\\/producto\\\/piedra-luna-rodado-energia-femenina-energia-mistica\\\/\",\"name\":\"Piedra Luna Rodado | Energ\u00eda Femenina - Energ\u00eda M\u00edstica - MINERALES LUNA LLENA\",\"isPartOf\":{\"@id\":\"https:\\\/\\\/mineraleslunallena.com\\\/#website\"},\"primaryImageOfPage\":{\"@id\":\"https:\\\/\\\/mineraleslunallena.com\\\/producto\\\/piedra-luna-rodado-energia-femenina-energia-mistica\\\/#primaryimage\"},\"image\":{\"@id\":\"https:\\\/\\\/mineraleslunallena.com\\\/producto\\\/piedra-luna-rodado-energia-femenina-energia-mistica\\\/#primaryimage\"},\"thumbnailUrl\":\"https:\\\/\\\/mineraleslunallena.com\\\/wp-content\\\/uploads\\\/2025\\\/02\\\/IMG_20250227_201237-scaled.jpg\",\"datePublished\":\"2025-02-28T14:11:11+00:00\",\"dateModified\":\"2025-08-11T21:04:54+00:00\",\"breadcrumb\":{\"@id\":\"https:\\\/\\\/mineraleslunallena.com\\\/producto\\\/piedra-luna-rodado-energia-femenina-energia-mistica\\\/#breadcrumb\"},\"inLanguage\":\"ca\",\"potentialAction\":[{\"@type\":\"ReadAction\",\"target\":[\"https:\\\/\\\/mineraleslunallena.com\\\/producto\\\/piedra-luna-rodado-energia-femenina-energia-mistica\\\/\"]}]},{\"@type\":\"ImageObject\",\"inLanguage\":\"ca\",\"@id\":\"https:\\\/\\\/mineraleslunallena.com\\\/producto\\\/piedra-luna-rodado-energia-femenina-energia-mistica\\\/#primaryimage\",\"url\":\"https:\\\/\\\/mineraleslunallena.com\\\/wp-content\\\/uploads\\\/2025\\\/02\\\/IMG_20250227_201237-scaled.jpg\",\"contentUrl\":\"https:\\\/\\\/mineraleslunallena.com\\\/wp-content\\\/uploads\\\/2025\\\/02\\\/IMG_20250227_201237-scaled.jpg\",\"width\":1153,\"height\":2560},{\"@type\":\"BreadcrumbList\",\"@id\":\"https:\\\/\\\/mineraleslunallena.com\\\/producto\\\/piedra-luna-rodado-energia-femenina-energia-mistica\\\/#breadcrumb\",\"itemListElement\":[{\"@type\":\"ListItem\",\"position\":1,\"name\":\"Portada\",\"item\":\"https:\\\/\\\/mineraleslunallena.com\\\/\"},{\"@type\":\"ListItem\",\"position\":2,\"name\":\"Shop\",\"item\":\"https:\\\/\\\/mineraleslunallena.com\\\/ca\\\/shop\\\/\"},{\"@type\":\"ListItem\",\"position\":3,\"name\":\"Piedra Luna Rodado | Energ\u00eda Femenina &#8211; Energ\u00eda M\u00edstica\"}]},{\"@type\":\"WebSite\",\"@id\":\"https:\\\/\\\/mineraleslunallena.com\\\/#website\",\"url\":\"https:\\\/\\\/mineraleslunallena.com\\\/\",\"name\":\"LUNA LLENA MINERALES\",\"description\":\"Es el momento de conectarte con tu propio poder y confiar en tus habilidades.\",\"publisher\":{\"@id\":\"https:\\\/\\\/mineraleslunallena.com\\\/#organization\"},\"potentialAction\":[{\"@type\":\"SearchAction\",\"target\":{\"@type\":\"EntryPoint\",\"urlTemplate\":\"https:\\\/\\\/mineraleslunallena.com\\\/?s={search_term_string}\"},\"query-input\":{\"@type\":\"PropertyValueSpecification\",\"valueRequired\":true,\"valueName\":\"search_term_string\"}}],\"inLanguage\":\"ca\"},{\"@type\":\"Organization\",\"@id\":\"https:\\\/\\\/mineraleslunallena.com\\\/#organization\",\"name\":\"LUNA LLENA MINERALES\",\"url\":\"https:\\\/\\\/mineraleslunallena.com\\\/\",\"logo\":{\"@type\":\"ImageObject\",\"inLanguage\":\"ca\",\"@id\":\"https:\\\/\\\/mineraleslunallena.com\\\/#\\\/schema\\\/logo\\\/image\\\/\",\"url\":\"https:\\\/\\\/mineraleslunallena.com\\\/wp-content\\\/uploads\\\/2023\\\/07\\\/LUNA-LLENA-LOGO-nuevo.png\",\"contentUrl\":\"https:\\\/\\\/mineraleslunallena.com\\\/wp-content\\\/uploads\\\/2023\\\/07\\\/LUNA-LLENA-LOGO-nuevo.png\",\"width\":229,\"height\":167,\"caption\":\"LUNA LLENA MINERALES\"},\"image\":{\"@id\":\"https:\\\/\\\/mineraleslunallena.com\\\/#\\\/schema\\\/logo\\\/image\\\/\"}}]}<\/script>\n<!-- \/ Yoast SEO plugin. -->","yoast_head_json":{"title":"Piedra Luna Rodado | Energ\u00eda Femenina - Energ\u00eda M\u00edstica - MINERALES LUNA LLENA","robots":{"index":"index","follow":"follow","max-snippet":"max-snippet:-1","max-image-preview":"max-image-preview:large","max-video-preview":"max-video-preview:-1"},"canonical":"https:\/\/mineraleslunallena.com\/ca\/producte\/piedra-luna-rodado-energia-femenina-energia-mistica\/","og_locale":"ca_ES","og_type":"article","og_title":"Piedra Luna Rodado | Energ\u00eda Femenina - Energ\u00eda M\u00edstica - MINERALES LUNA LLENA","og_description":"\u00a0La piedra de la energ\u00eda femenina\u00a0  Aumenta tu magnetismo \u2013 Atrae a los dem\u00e1s y genera armon\u00eda a tu alrededor.  Mineral del nuevo comienzo \u2013 Se conecta con la luna, la diosa Selene y la intuici\u00f3n.  Potencia tus dones ps\u00edquicos \u2013 Activa la intuici\u00f3n y favorece los sue\u00f1os l\u00facidos.  Energ\u00eda m\u00edstica y m\u00e1gica \u2013 Ideal para quienes buscan conectar con su lado m\u00e1s espiritual.  Fluye con la energ\u00eda lunar \u2013 Perfecta para ciclos de transformaci\u00f3n y crecimiento personal.  Se trata de la Piedra Luna. \u00bfEst\u00e1s lista para su energ\u00eda?","og_url":"https:\/\/mineraleslunallena.com\/ca\/producte\/piedra-luna-rodado-energia-femenina-energia-mistica\/","og_site_name":"MINERALES LUNA LLENA","article_modified_time":"2025-08-11T21:04:54+00:00","og_image":[{"width":1153,"height":2560,"url":"https:\/\/mineraleslunallena.com\/wp-content\/uploads\/2025\/02\/IMG_20250227_201237-scaled.jpg","type":"image\/jpeg"}],"twitter_card":"summary_large_image","twitter_misc":{"Temps estimat de lectura":"1 minut"},"schema":{"@context":"https:\/\/schema.org","@graph":[{"@type":"WebPage","@id":"https:\/\/mineraleslunallena.com\/producto\/piedra-luna-rodado-energia-femenina-energia-mistica\/","url":"https:\/\/mineraleslunallena.com\/producto\/piedra-luna-rodado-energia-femenina-energia-mistica\/","name":"Piedra Luna Rodado | Energ\u00eda Femenina - Energ\u00eda M\u00edstica - MINERALES LUNA LLENA","isPartOf":{"@id":"https:\/\/mineraleslunallena.com\/#website"},"primaryImageOfPage":{"@id":"https:\/\/mineraleslunallena.com\/producto\/piedra-luna-rodado-energia-femenina-energia-mistica\/#primaryimage"},"image":{"@id":"https:\/\/mineraleslunallena.com\/producto\/piedra-luna-rodado-energia-femenina-energia-mistica\/#primaryimage"},"thumbnailUrl":"https:\/\/mineraleslunallena.com\/wp-content\/uploads\/2025\/02\/IMG_20250227_201237-scaled.jpg","datePublished":"2025-02-28T14:11:11+00:00","dateModified":"2025-08-11T21:04:54+00:00","breadcrumb":{"@id":"https:\/\/mineraleslunallena.com\/producto\/piedra-luna-rodado-energia-femenina-energia-mistica\/#breadcrumb"},"inLanguage":"ca","potentialAction":[{"@type":"ReadAction","target":["https:\/\/mineraleslunallena.com\/producto\/piedra-luna-rodado-energia-femenina-energia-mistica\/"]}]},{"@type":"ImageObject","inLanguage":"ca","@id":"https:\/\/mineraleslunallena.com\/producto\/piedra-luna-rodado-energia-femenina-energia-mistica\/#primaryimage","url":"https:\/\/mineraleslunallena.com\/wp-content\/uploads\/2025\/02\/IMG_20250227_201237-scaled.jpg","contentUrl":"https:\/\/mineraleslunallena.com\/wp-content\/uploads\/2025\/02\/IMG_20250227_201237-scaled.jpg","width":1153,"height":2560},{"@type":"BreadcrumbList","@id":"https:\/\/mineraleslunallena.com\/producto\/piedra-luna-rodado-energia-femenina-energia-mistica\/#breadcrumb","itemListElement":[{"@type":"ListItem","position":1,"name":"Portada","item":"https:\/\/mineraleslunallena.com\/"},{"@type":"ListItem","position":2,"name":"Shop","item":"https:\/\/mineraleslunallena.com\/ca\/shop\/"},{"@type":"ListItem","position":3,"name":"Piedra Luna Rodado | Energ\u00eda Femenina &#8211; Energ\u00eda M\u00edstica"}]},{"@type":"WebSite","@id":"https:\/\/mineraleslunallena.com\/#website","url":"https:\/\/mineraleslunallena.com\/","name":"LLUNA PLENA MINERALS","description":"\u00c9s el moment de connectar-te amb el teu poder i confiar en les teves habilitats.","publisher":{"@id":"https:\/\/mineraleslunallena.com\/#organization"},"potentialAction":[{"@type":"SearchAction","target":{"@type":"EntryPoint","urlTemplate":"https:\/\/mineraleslunallena.com\/?s={search_term_string}"},"query-input":{"@type":"PropertyValueSpecification","valueRequired":true,"valueName":"search_term_string"}}],"inLanguage":"ca"},{"@type":"Organization","@id":"https:\/\/mineraleslunallena.com\/#organization","name":"LLUNA PLENA MINERALS","url":"https:\/\/mineraleslunallena.com\/","logo":{"@type":"ImageObject","inLanguage":"ca","@id":"https:\/\/mineraleslunallena.com\/#\/schema\/logo\/image\/","url":"https:\/\/mineraleslunallena.com\/wp-content\/uploads\/2023\/07\/LUNA-LLENA-LOGO-nuevo.png","contentUrl":"https:\/\/mineraleslunallena.com\/wp-content\/uploads\/2023\/07\/LUNA-LLENA-LOGO-nuevo.png","width":229,"height":167,"caption":"LUNA LLENA MINERALES"},"image":{"@id":"https:\/\/mineraleslunallena.com\/#\/schema\/logo\/image\/"}}]}},"jetpack_sharing_enabled":true,"_links":{"self":[{"href":"https:\/\/mineraleslunallena.com\/ca\/wp-json\/wp\/v2\/product\/6103","targetHints":{"allow":["GET"]}}],"collection":[{"href":"https:\/\/mineraleslunallena.com\/ca\/wp-json\/wp\/v2\/product"}],"about":[{"href":"https:\/\/mineraleslunallena.com\/ca\/wp-json\/wp\/v2\/types\/product"}],"version-history":[{"count":1,"href":"https:\/\/mineraleslunallena.com\/ca\/wp-json\/wp\/v2\/product\/6103\/revisions"}],"predecessor-version":[{"id":6106,"href":"https:\/\/mineraleslunallena.com\/ca\/wp-json\/wp\/v2\/product\/6103\/revisions\/6106"}],"wp:featuredmedia":[{"embeddable":true,"href":"https:\/\/mineraleslunallena.com\/ca\/wp-json\/wp\/v2\/media\/6104"}],"wp:attachment":[{"href":"https:\/\/mineraleslunallena.com\/ca\/wp-json\/wp\/v2\/media?parent=6103"}],"wp:term":[{"taxonomy":"product_cat","embeddable":true,"href":"https:\/\/mineraleslunallena.com\/ca\/wp-json\/wp\/v2\/product_cat?post=6103"},{"taxonomy":"product_tag","embeddable":true,"href":"https:\/\/mineraleslunallena.com\/ca\/wp-json\/wp\/v2\/product_tag?post=6103"}],"curies":[{"name":"wp","href":"https:\/\/api.w.org\/{rel}","templated":true}]}}