{"id":6438,"date":"2025-03-16T14:04:13","date_gmt":"2025-03-16T13:04:13","guid":{"rendered":"https:\/\/mineraleslunallena.com\/?post_type=product&#038;p=6438"},"modified":"2026-02-28T03:12:54","modified_gmt":"2026-02-28T02:12:54","slug":"pulsera-cornalina-chip-empoderamiento-pasion","status":"publish","type":"product","link":"https:\/\/mineraleslunallena.com\/ca\/producte\/pulsera-cornalina-chip-empoderamiento-pasion\/","title":{"rendered":"Pulsera Cornalina Chip | Empoderamiento &#8211; Pasi\u00f3n"},"content":{"rendered":"<p>La C<strong data-start=\"3\" data-end=\"16\">ornalina<\/strong>, es conocida por su capacidad para revitalizar y energizar, fomentando la creatividad y la motivaci\u00f3n. Ayuda a superar bloqueos emocionales y aumenta la confianza personal, conectando con el chakra sacro.<\/p>\n<p>Esta piedra c\u00e1lida potencia la autoestima y la pasi\u00f3n, brindando apoyo en momentos de indecisi\u00f3n o estr\u00e9s.<\/p>\n<p>Al ser usada de forma constante en la mu\u00f1eca, su energ\u00eda fluye de manera continua, ayudando a mantener el equilibrio y la armon\u00eda interior.<\/p>\n<p>Adem\u00e1s, favorece la estabilidad emocional y la circulaci\u00f3n de energ\u00eda, facilitando la sanaci\u00f3n. Es ideal para quienes buscan crecimiento personal y apoyo energ\u00e9tico diario.<\/p>\n<div class=\"woocommerce-product-details__short-description\">\n<p>&nbsp;<\/p>\n<p>Quantitat: 1 Unitat. El preu \u00e9s per una unitat.<\/p>\n<p>Forma: Chip, el\u00e1stica.<\/p>\n<\/div>\n<div class=\"quantity\"><\/div>","protected":false},"excerpt":{"rendered":"<p>La C<strong data-start=\"3\" data-end=\"16\">ornalina<\/strong>, es conocida por su capacidad para revitalizar y energizar, fomentando la creatividad y la motivaci\u00f3n. Ayuda a superar bloqueos emocionales y aumenta la confianza personal, conectando con el chakra sacro.<\/p>\n<p>Esta piedra c\u00e1lida potencia la autoestima y la pasi\u00f3n, brindando apoyo en momentos de indecisi\u00f3n o estr\u00e9s.<\/p>\n<p>Al ser usada de forma constante en la mu\u00f1eca, su energ\u00eda fluye de manera continua, ayudando a mantener el equilibrio y la armon\u00eda interior.<\/p>\n<p>Adem\u00e1s, favorece la estabilidad emocional y la circulaci\u00f3n de energ\u00eda, facilitando la sanaci\u00f3n. Es ideal para quienes buscan crecimiento personal y apoyo energ\u00e9tico diario.<\/p>\n<div class=\"woocommerce-product-details__short-description\">\n<p>&nbsp;<\/p>\n<p>Quantitat: 1 Unitat. El preu \u00e9s per una unitat.<\/p>\n<p>Forma: Chip, el\u00e1stica.<\/p>\n<\/div>\n<div class=\"quantity\"><\/div>","protected":false},"featured_media":6439,"template":"","meta":[],"product_cat":[70,78,103],"product_tag":[],"class_list":{"0":"post-6438","1":"product","2":"type-product","3":"status-publish","4":"has-post-thumbnail","6":"product_cat-joyas-y-accesorios","7":"product_cat-pulseras","8":"product_cat-pulseras-chip","10":"first","11":"instock","12":"sale","13":"taxable","14":"shipping-taxable","15":"purchasable","16":"product-type-simple"},"yoast_head":"<!-- This site is optimized with the Yoast SEO plugin v27.3 - https:\/\/yoast.com\/product\/yoast-seo-wordpress\/ -->\n<title>Pulsera Cornalina Chip | Empoderamiento - Pasi\u00f3n - MINERALES LUNA LLENA<\/title>\n<meta name=\"robots\" content=\"index, follow, max-snippet:-1, max-image-preview:large, max-video-preview:-1\" \/>\n<link rel=\"canonical\" href=\"https:\/\/mineraleslunallena.com\/ca\/producte\/pulsera-cornalina-chip-empoderamiento-pasion\/\" \/>\n<meta property=\"og:locale\" content=\"ca_ES\" \/>\n<meta property=\"og:type\" content=\"article\" \/>\n<meta property=\"og:title\" content=\"Pulsera Cornalina Chip | Empoderamiento - Pasi\u00f3n - MINERALES LUNA LLENA\" \/>\n<meta property=\"og:description\" content=\"La Cornalina, es conocida por su capacidad para revitalizar y energizar, fomentando la creatividad y la motivaci\u00f3n. Ayuda a superar bloqueos emocionales y aumenta la confianza personal, conectando con el chakra sacro.  Esta piedra c\u00e1lida potencia la autoestima y la pasi\u00f3n, brindando apoyo en momentos de indecisi\u00f3n o estr\u00e9s.  Al ser usada de forma constante en la mu\u00f1eca, su energ\u00eda fluye de manera continua, ayudando a mantener el equilibrio y la armon\u00eda interior.  Adem\u00e1s, favorece la estabilidad emocional y la circulaci\u00f3n de energ\u00eda, facilitando la sanaci\u00f3n. Es ideal para quienes buscan crecimiento personal y apoyo energ\u00e9tico diario.   &nbsp;  Cantidad: 1 Unidad. El precio es por una unidad.  Forma: Chip, el\u00e1stica.\" \/>\n<meta property=\"og:url\" content=\"https:\/\/mineraleslunallena.com\/ca\/producte\/pulsera-cornalina-chip-empoderamiento-pasion\/\" \/>\n<meta property=\"og:site_name\" content=\"MINERALES LUNA LLENA\" \/>\n<meta property=\"article:modified_time\" content=\"2026-02-28T02:12:54+00:00\" \/>\n<meta property=\"og:image\" content=\"https:\/\/mineraleslunallena.com\/wp-content\/uploads\/2025\/03\/IMG_20250316_124818-1-scaled.jpg\" \/>\n\t<meta property=\"og:image:width\" content=\"1153\" \/>\n\t<meta property=\"og:image:height\" content=\"2560\" \/>\n\t<meta property=\"og:image:type\" content=\"image\/jpeg\" \/>\n<meta name=\"twitter:card\" content=\"summary_large_image\" \/>\n<meta name=\"twitter:label1\" content=\"Temps estimat de lectura\" \/>\n\t<meta name=\"twitter:data1\" content=\"1 minut\" \/>\n<script type=\"application\/ld+json\" class=\"yoast-schema-graph\">{\"@context\":\"https:\\\/\\\/schema.org\",\"@graph\":[{\"@type\":\"WebPage\",\"@id\":\"https:\\\/\\\/mineraleslunallena.com\\\/producto\\\/pulsera-cornalina-chip-empoderamiento-pasion\\\/\",\"url\":\"https:\\\/\\\/mineraleslunallena.com\\\/producto\\\/pulsera-cornalina-chip-empoderamiento-pasion\\\/\",\"name\":\"Pulsera Cornalina Chip | Empoderamiento - Pasi\u00f3n - MINERALES LUNA LLENA\",\"isPartOf\":{\"@id\":\"https:\\\/\\\/mineraleslunallena.com\\\/#website\"},\"primaryImageOfPage\":{\"@id\":\"https:\\\/\\\/mineraleslunallena.com\\\/producto\\\/pulsera-cornalina-chip-empoderamiento-pasion\\\/#primaryimage\"},\"image\":{\"@id\":\"https:\\\/\\\/mineraleslunallena.com\\\/producto\\\/pulsera-cornalina-chip-empoderamiento-pasion\\\/#primaryimage\"},\"thumbnailUrl\":\"https:\\\/\\\/mineraleslunallena.com\\\/wp-content\\\/uploads\\\/2025\\\/03\\\/IMG_20250316_124818-1-scaled.jpg\",\"datePublished\":\"2025-03-16T13:04:13+00:00\",\"dateModified\":\"2026-02-28T02:12:54+00:00\",\"breadcrumb\":{\"@id\":\"https:\\\/\\\/mineraleslunallena.com\\\/producto\\\/pulsera-cornalina-chip-empoderamiento-pasion\\\/#breadcrumb\"},\"inLanguage\":\"ca\",\"potentialAction\":[{\"@type\":\"ReadAction\",\"target\":[\"https:\\\/\\\/mineraleslunallena.com\\\/producto\\\/pulsera-cornalina-chip-empoderamiento-pasion\\\/\"]}]},{\"@type\":\"ImageObject\",\"inLanguage\":\"ca\",\"@id\":\"https:\\\/\\\/mineraleslunallena.com\\\/producto\\\/pulsera-cornalina-chip-empoderamiento-pasion\\\/#primaryimage\",\"url\":\"https:\\\/\\\/mineraleslunallena.com\\\/wp-content\\\/uploads\\\/2025\\\/03\\\/IMG_20250316_124818-1-scaled.jpg\",\"contentUrl\":\"https:\\\/\\\/mineraleslunallena.com\\\/wp-content\\\/uploads\\\/2025\\\/03\\\/IMG_20250316_124818-1-scaled.jpg\",\"width\":1153,\"height\":2560},{\"@type\":\"BreadcrumbList\",\"@id\":\"https:\\\/\\\/mineraleslunallena.com\\\/producto\\\/pulsera-cornalina-chip-empoderamiento-pasion\\\/#breadcrumb\",\"itemListElement\":[{\"@type\":\"ListItem\",\"position\":1,\"name\":\"Portada\",\"item\":\"https:\\\/\\\/mineraleslunallena.com\\\/\"},{\"@type\":\"ListItem\",\"position\":2,\"name\":\"Shop\",\"item\":\"https:\\\/\\\/mineraleslunallena.com\\\/ca\\\/shop\\\/\"},{\"@type\":\"ListItem\",\"position\":3,\"name\":\"Pulsera Cornalina Chip | Empoderamiento &#8211; Pasi\u00f3n\"}]},{\"@type\":\"WebSite\",\"@id\":\"https:\\\/\\\/mineraleslunallena.com\\\/#website\",\"url\":\"https:\\\/\\\/mineraleslunallena.com\\\/\",\"name\":\"LUNA LLENA MINERALES\",\"description\":\"Es el momento de conectarte con tu propio poder y confiar en tus habilidades.\",\"publisher\":{\"@id\":\"https:\\\/\\\/mineraleslunallena.com\\\/#organization\"},\"potentialAction\":[{\"@type\":\"SearchAction\",\"target\":{\"@type\":\"EntryPoint\",\"urlTemplate\":\"https:\\\/\\\/mineraleslunallena.com\\\/?s={search_term_string}\"},\"query-input\":{\"@type\":\"PropertyValueSpecification\",\"valueRequired\":true,\"valueName\":\"search_term_string\"}}],\"inLanguage\":\"ca\"},{\"@type\":\"Organization\",\"@id\":\"https:\\\/\\\/mineraleslunallena.com\\\/#organization\",\"name\":\"LUNA LLENA MINERALES\",\"url\":\"https:\\\/\\\/mineraleslunallena.com\\\/\",\"logo\":{\"@type\":\"ImageObject\",\"inLanguage\":\"ca\",\"@id\":\"https:\\\/\\\/mineraleslunallena.com\\\/#\\\/schema\\\/logo\\\/image\\\/\",\"url\":\"https:\\\/\\\/mineraleslunallena.com\\\/wp-content\\\/uploads\\\/2023\\\/07\\\/LUNA-LLENA-LOGO-nuevo.png\",\"contentUrl\":\"https:\\\/\\\/mineraleslunallena.com\\\/wp-content\\\/uploads\\\/2023\\\/07\\\/LUNA-LLENA-LOGO-nuevo.png\",\"width\":229,\"height\":167,\"caption\":\"LUNA LLENA MINERALES\"},\"image\":{\"@id\":\"https:\\\/\\\/mineraleslunallena.com\\\/#\\\/schema\\\/logo\\\/image\\\/\"}}]}<\/script>\n<!-- \/ Yoast SEO plugin. -->","yoast_head_json":{"title":"Pulsera Cornalina Chip | Empoderamiento - Pasi\u00f3n - MINERALES LUNA LLENA","robots":{"index":"index","follow":"follow","max-snippet":"max-snippet:-1","max-image-preview":"max-image-preview:large","max-video-preview":"max-video-preview:-1"},"canonical":"https:\/\/mineraleslunallena.com\/ca\/producte\/pulsera-cornalina-chip-empoderamiento-pasion\/","og_locale":"ca_ES","og_type":"article","og_title":"Pulsera Cornalina Chip | Empoderamiento - Pasi\u00f3n - MINERALES LUNA LLENA","og_description":"La Cornalina, es conocida por su capacidad para revitalizar y energizar, fomentando la creatividad y la motivaci\u00f3n. Ayuda a superar bloqueos emocionales y aumenta la confianza personal, conectando con el chakra sacro.  Esta piedra c\u00e1lida potencia la autoestima y la pasi\u00f3n, brindando apoyo en momentos de indecisi\u00f3n o estr\u00e9s.  Al ser usada de forma constante en la mu\u00f1eca, su energ\u00eda fluye de manera continua, ayudando a mantener el equilibrio y la armon\u00eda interior.  Adem\u00e1s, favorece la estabilidad emocional y la circulaci\u00f3n de energ\u00eda, facilitando la sanaci\u00f3n. Es ideal para quienes buscan crecimiento personal y apoyo energ\u00e9tico diario.   &nbsp;  Cantidad: 1 Unidad. El precio es por una unidad.  Forma: Chip, el\u00e1stica.","og_url":"https:\/\/mineraleslunallena.com\/ca\/producte\/pulsera-cornalina-chip-empoderamiento-pasion\/","og_site_name":"MINERALES LUNA LLENA","article_modified_time":"2026-02-28T02:12:54+00:00","og_image":[{"width":1153,"height":2560,"url":"https:\/\/mineraleslunallena.com\/wp-content\/uploads\/2025\/03\/IMG_20250316_124818-1-scaled.jpg","type":"image\/jpeg"}],"twitter_card":"summary_large_image","twitter_misc":{"Temps estimat de lectura":"1 minut"},"schema":{"@context":"https:\/\/schema.org","@graph":[{"@type":"WebPage","@id":"https:\/\/mineraleslunallena.com\/producto\/pulsera-cornalina-chip-empoderamiento-pasion\/","url":"https:\/\/mineraleslunallena.com\/producto\/pulsera-cornalina-chip-empoderamiento-pasion\/","name":"Pulsera Cornalina Chip | Empoderamiento - Pasi\u00f3n - MINERALES LUNA LLENA","isPartOf":{"@id":"https:\/\/mineraleslunallena.com\/#website"},"primaryImageOfPage":{"@id":"https:\/\/mineraleslunallena.com\/producto\/pulsera-cornalina-chip-empoderamiento-pasion\/#primaryimage"},"image":{"@id":"https:\/\/mineraleslunallena.com\/producto\/pulsera-cornalina-chip-empoderamiento-pasion\/#primaryimage"},"thumbnailUrl":"https:\/\/mineraleslunallena.com\/wp-content\/uploads\/2025\/03\/IMG_20250316_124818-1-scaled.jpg","datePublished":"2025-03-16T13:04:13+00:00","dateModified":"2026-02-28T02:12:54+00:00","breadcrumb":{"@id":"https:\/\/mineraleslunallena.com\/producto\/pulsera-cornalina-chip-empoderamiento-pasion\/#breadcrumb"},"inLanguage":"ca","potentialAction":[{"@type":"ReadAction","target":["https:\/\/mineraleslunallena.com\/producto\/pulsera-cornalina-chip-empoderamiento-pasion\/"]}]},{"@type":"ImageObject","inLanguage":"ca","@id":"https:\/\/mineraleslunallena.com\/producto\/pulsera-cornalina-chip-empoderamiento-pasion\/#primaryimage","url":"https:\/\/mineraleslunallena.com\/wp-content\/uploads\/2025\/03\/IMG_20250316_124818-1-scaled.jpg","contentUrl":"https:\/\/mineraleslunallena.com\/wp-content\/uploads\/2025\/03\/IMG_20250316_124818-1-scaled.jpg","width":1153,"height":2560},{"@type":"BreadcrumbList","@id":"https:\/\/mineraleslunallena.com\/producto\/pulsera-cornalina-chip-empoderamiento-pasion\/#breadcrumb","itemListElement":[{"@type":"ListItem","position":1,"name":"Portada","item":"https:\/\/mineraleslunallena.com\/"},{"@type":"ListItem","position":2,"name":"Shop","item":"https:\/\/mineraleslunallena.com\/ca\/shop\/"},{"@type":"ListItem","position":3,"name":"Pulsera Cornalina Chip | Empoderamiento &#8211; Pasi\u00f3n"}]},{"@type":"WebSite","@id":"https:\/\/mineraleslunallena.com\/#website","url":"https:\/\/mineraleslunallena.com\/","name":"LLUNA PLENA MINERALS","description":"\u00c9s el moment de connectar-te amb el teu poder i confiar en les teves habilitats.","publisher":{"@id":"https:\/\/mineraleslunallena.com\/#organization"},"potentialAction":[{"@type":"SearchAction","target":{"@type":"EntryPoint","urlTemplate":"https:\/\/mineraleslunallena.com\/?s={search_term_string}"},"query-input":{"@type":"PropertyValueSpecification","valueRequired":true,"valueName":"search_term_string"}}],"inLanguage":"ca"},{"@type":"Organization","@id":"https:\/\/mineraleslunallena.com\/#organization","name":"LLUNA PLENA MINERALS","url":"https:\/\/mineraleslunallena.com\/","logo":{"@type":"ImageObject","inLanguage":"ca","@id":"https:\/\/mineraleslunallena.com\/#\/schema\/logo\/image\/","url":"https:\/\/mineraleslunallena.com\/wp-content\/uploads\/2023\/07\/LUNA-LLENA-LOGO-nuevo.png","contentUrl":"https:\/\/mineraleslunallena.com\/wp-content\/uploads\/2023\/07\/LUNA-LLENA-LOGO-nuevo.png","width":229,"height":167,"caption":"LUNA LLENA MINERALES"},"image":{"@id":"https:\/\/mineraleslunallena.com\/#\/schema\/logo\/image\/"}}]}},"jetpack_sharing_enabled":true,"_links":{"self":[{"href":"https:\/\/mineraleslunallena.com\/ca\/wp-json\/wp\/v2\/product\/6438","targetHints":{"allow":["GET"]}}],"collection":[{"href":"https:\/\/mineraleslunallena.com\/ca\/wp-json\/wp\/v2\/product"}],"about":[{"href":"https:\/\/mineraleslunallena.com\/ca\/wp-json\/wp\/v2\/types\/product"}],"version-history":[{"count":1,"href":"https:\/\/mineraleslunallena.com\/ca\/wp-json\/wp\/v2\/product\/6438\/revisions"}],"predecessor-version":[{"id":6441,"href":"https:\/\/mineraleslunallena.com\/ca\/wp-json\/wp\/v2\/product\/6438\/revisions\/6441"}],"wp:featuredmedia":[{"embeddable":true,"href":"https:\/\/mineraleslunallena.com\/ca\/wp-json\/wp\/v2\/media\/6439"}],"wp:attachment":[{"href":"https:\/\/mineraleslunallena.com\/ca\/wp-json\/wp\/v2\/media?parent=6438"}],"wp:term":[{"taxonomy":"product_cat","embeddable":true,"href":"https:\/\/mineraleslunallena.com\/ca\/wp-json\/wp\/v2\/product_cat?post=6438"},{"taxonomy":"product_tag","embeddable":true,"href":"https:\/\/mineraleslunallena.com\/ca\/wp-json\/wp\/v2\/product_tag?post=6438"}],"curies":[{"name":"wp","href":"https:\/\/api.w.org\/{rel}","templated":true}]}}