{"id":6461,"date":"2025-03-16T14:43:31","date_gmt":"2025-03-16T13:43:31","guid":{"rendered":"https:\/\/mineraleslunallena.com\/?post_type=product&#038;p=6461"},"modified":"2025-12-16T09:46:01","modified_gmt":"2025-12-16T08:46:01","slug":"pulsera-chip-cuarzo-con-turmalina-equilibrio-proteccion","status":"publish","type":"product","link":"https:\/\/mineraleslunallena.com\/ca\/producte\/pulsera-chip-cuarzo-con-turmalina-equilibrio-proteccion\/","title":{"rendered":"Pulsera Chip Cuarzo con Turmalina | Equilibrio &#8211; Protecci\u00f3n"},"content":{"rendered":"<p class=\"price\">Descubre la Pulsera de Cuarzo con Turmalina , una fusi\u00f3n poderosa de equilibrio y protecci\u00f3n. Esta joya combina la claridad del Cuarzo con las propiedades purificantes y protectoras de la Turmalina.<\/p>\n<div class=\"woocommerce-product-details__short-description\">\n<p>Fes-la servir per harmonitzar energies, protegir-te d&#039;influ\u00e8ncies negatives i elevar la teva connexi\u00f3 espiritual.<\/p>\n<p>La Turmalina repela energ\u00edas negativas, brindando una protecci\u00f3n espiritual y fortaleciendo tu campo energ\u00e9tico.<br \/>\nAmplifica i purifica l&#039;energia i eleva la teva vibraci\u00f3 espiritual. Alleugereix l&#039;estr\u00e8s, promou la claredat mental i enforteix el teu benestar f\u00edsic i emocional.<\/p>\n<p>&nbsp;<\/p>\n<p>Quantitat: 1 Unitat. El preu \u00e9s per una unitat.<\/p>\n<p>Forma: Pulsera Chip.<\/p>\n<\/div>","protected":false},"excerpt":{"rendered":"<p class=\"price\">Descubre la Pulsera de Cuarzo con Turmalina , una fusi\u00f3n poderosa de equilibrio y protecci\u00f3n. Esta joya combina la claridad del Cuarzo con las propiedades purificantes y protectoras de la Turmalina.<\/p>\n<div class=\"woocommerce-product-details__short-description\">\n<p>Fes-la servir per harmonitzar energies, protegir-te d&#039;influ\u00e8ncies negatives i elevar la teva connexi\u00f3 espiritual.<\/p>\n<p>La Turmalina repela energ\u00edas negativas, brindando una protecci\u00f3n espiritual y fortaleciendo tu campo energ\u00e9tico.<br \/>\nAmplifica i purifica l&#039;energia i eleva la teva vibraci\u00f3 espiritual. Alleugereix l&#039;estr\u00e8s, promou la claredat mental i enforteix el teu benestar f\u00edsic i emocional.<\/p>\n<p>&nbsp;<\/p>\n<p>Quantitat: 1 Unitat. El preu \u00e9s per una unitat.<\/p>\n<p>Forma: Pulsera Chip.<\/p>\n<\/div>","protected":false},"featured_media":6462,"template":"","meta":[],"product_cat":[78,103],"product_tag":[],"class_list":{"0":"post-6461","1":"product","2":"type-product","3":"status-publish","4":"has-post-thumbnail","6":"product_cat-pulseras","7":"product_cat-pulseras-chip","9":"first","10":"instock","11":"sale","12":"taxable","13":"shipping-taxable","14":"purchasable","15":"product-type-simple"},"yoast_head":"<!-- This site is optimized with the Yoast SEO plugin v27.3 - https:\/\/yoast.com\/product\/yoast-seo-wordpress\/ -->\n<title>Pulsera Chip Cuarzo con Turmalina | Equilibrio - Protecci\u00f3n - MINERALES LUNA LLENA<\/title>\n<meta name=\"robots\" content=\"index, follow, max-snippet:-1, max-image-preview:large, max-video-preview:-1\" \/>\n<link rel=\"canonical\" href=\"https:\/\/mineraleslunallena.com\/ca\/producte\/pulsera-chip-cuarzo-con-turmalina-equilibrio-proteccion\/\" \/>\n<meta property=\"og:locale\" content=\"ca_ES\" \/>\n<meta property=\"og:type\" content=\"article\" \/>\n<meta property=\"og:title\" content=\"Pulsera Chip Cuarzo con Turmalina | Equilibrio - Protecci\u00f3n - MINERALES LUNA LLENA\" \/>\n<meta property=\"og:description\" content=\"Descubre la Pulsera de Cuarzo con Turmalina , una fusi\u00f3n poderosa de equilibrio y protecci\u00f3n. Esta joya combina la claridad del Cuarzo con las propiedades purificantes y protectoras de la Turmalina.    \u00dasala para armonizar energ\u00edas, protegerte de influencias negativas y elevar tu conexi\u00f3n espiritual.  La Turmalina repela energ\u00edas negativas, brindando una protecci\u00f3n espiritual y fortaleciendo tu campo energ\u00e9tico. Amplifica y purifica la energ\u00eda, elevando tu vibraci\u00f3n espiritual. Alivia el estr\u00e9s, promueve la claridad mental y fortalece tu bienestar f\u00edsico y emocional.  &nbsp;  Cantidad: 1 Unidad. El precio es por una unidad.  Forma: Pulsera Chip.\" \/>\n<meta property=\"og:url\" content=\"https:\/\/mineraleslunallena.com\/ca\/producte\/pulsera-chip-cuarzo-con-turmalina-equilibrio-proteccion\/\" \/>\n<meta property=\"og:site_name\" content=\"MINERALES LUNA LLENA\" \/>\n<meta property=\"article:modified_time\" content=\"2025-12-16T08:46:01+00:00\" \/>\n<meta property=\"og:image\" content=\"https:\/\/mineraleslunallena.com\/wp-content\/uploads\/2025\/03\/IMG_20250316_125214-scaled.jpg\" \/>\n\t<meta property=\"og:image:width\" content=\"1153\" \/>\n\t<meta property=\"og:image:height\" content=\"2560\" \/>\n\t<meta property=\"og:image:type\" content=\"image\/jpeg\" \/>\n<meta name=\"twitter:card\" content=\"summary_large_image\" \/>\n<meta name=\"twitter:label1\" content=\"Temps estimat de lectura\" \/>\n\t<meta name=\"twitter:data1\" content=\"1 minut\" \/>\n<script type=\"application\/ld+json\" class=\"yoast-schema-graph\">{\"@context\":\"https:\\\/\\\/schema.org\",\"@graph\":[{\"@type\":\"WebPage\",\"@id\":\"https:\\\/\\\/mineraleslunallena.com\\\/producto\\\/pulsera-chip-cuarzo-con-turmalina-equilibrio-proteccion\\\/\",\"url\":\"https:\\\/\\\/mineraleslunallena.com\\\/producto\\\/pulsera-chip-cuarzo-con-turmalina-equilibrio-proteccion\\\/\",\"name\":\"Pulsera Chip Cuarzo con Turmalina | Equilibrio - Protecci\u00f3n - MINERALES LUNA LLENA\",\"isPartOf\":{\"@id\":\"https:\\\/\\\/mineraleslunallena.com\\\/#website\"},\"primaryImageOfPage\":{\"@id\":\"https:\\\/\\\/mineraleslunallena.com\\\/producto\\\/pulsera-chip-cuarzo-con-turmalina-equilibrio-proteccion\\\/#primaryimage\"},\"image\":{\"@id\":\"https:\\\/\\\/mineraleslunallena.com\\\/producto\\\/pulsera-chip-cuarzo-con-turmalina-equilibrio-proteccion\\\/#primaryimage\"},\"thumbnailUrl\":\"https:\\\/\\\/mineraleslunallena.com\\\/wp-content\\\/uploads\\\/2025\\\/03\\\/IMG_20250316_125214-scaled.jpg\",\"datePublished\":\"2025-03-16T13:43:31+00:00\",\"dateModified\":\"2025-12-16T08:46:01+00:00\",\"breadcrumb\":{\"@id\":\"https:\\\/\\\/mineraleslunallena.com\\\/producto\\\/pulsera-chip-cuarzo-con-turmalina-equilibrio-proteccion\\\/#breadcrumb\"},\"inLanguage\":\"ca\",\"potentialAction\":[{\"@type\":\"ReadAction\",\"target\":[\"https:\\\/\\\/mineraleslunallena.com\\\/producto\\\/pulsera-chip-cuarzo-con-turmalina-equilibrio-proteccion\\\/\"]}]},{\"@type\":\"ImageObject\",\"inLanguage\":\"ca\",\"@id\":\"https:\\\/\\\/mineraleslunallena.com\\\/producto\\\/pulsera-chip-cuarzo-con-turmalina-equilibrio-proteccion\\\/#primaryimage\",\"url\":\"https:\\\/\\\/mineraleslunallena.com\\\/wp-content\\\/uploads\\\/2025\\\/03\\\/IMG_20250316_125214-scaled.jpg\",\"contentUrl\":\"https:\\\/\\\/mineraleslunallena.com\\\/wp-content\\\/uploads\\\/2025\\\/03\\\/IMG_20250316_125214-scaled.jpg\",\"width\":1153,\"height\":2560},{\"@type\":\"BreadcrumbList\",\"@id\":\"https:\\\/\\\/mineraleslunallena.com\\\/producto\\\/pulsera-chip-cuarzo-con-turmalina-equilibrio-proteccion\\\/#breadcrumb\",\"itemListElement\":[{\"@type\":\"ListItem\",\"position\":1,\"name\":\"Portada\",\"item\":\"https:\\\/\\\/mineraleslunallena.com\\\/\"},{\"@type\":\"ListItem\",\"position\":2,\"name\":\"Shop\",\"item\":\"https:\\\/\\\/mineraleslunallena.com\\\/ca\\\/shop\\\/\"},{\"@type\":\"ListItem\",\"position\":3,\"name\":\"Pulsera Chip Cuarzo con Turmalina | Equilibrio &#8211; Protecci\u00f3n\"}]},{\"@type\":\"WebSite\",\"@id\":\"https:\\\/\\\/mineraleslunallena.com\\\/#website\",\"url\":\"https:\\\/\\\/mineraleslunallena.com\\\/\",\"name\":\"LUNA LLENA MINERALES\",\"description\":\"Es el momento de conectarte con tu propio poder y confiar en tus habilidades.\",\"publisher\":{\"@id\":\"https:\\\/\\\/mineraleslunallena.com\\\/#organization\"},\"potentialAction\":[{\"@type\":\"SearchAction\",\"target\":{\"@type\":\"EntryPoint\",\"urlTemplate\":\"https:\\\/\\\/mineraleslunallena.com\\\/?s={search_term_string}\"},\"query-input\":{\"@type\":\"PropertyValueSpecification\",\"valueRequired\":true,\"valueName\":\"search_term_string\"}}],\"inLanguage\":\"ca\"},{\"@type\":\"Organization\",\"@id\":\"https:\\\/\\\/mineraleslunallena.com\\\/#organization\",\"name\":\"LUNA LLENA MINERALES\",\"url\":\"https:\\\/\\\/mineraleslunallena.com\\\/\",\"logo\":{\"@type\":\"ImageObject\",\"inLanguage\":\"ca\",\"@id\":\"https:\\\/\\\/mineraleslunallena.com\\\/#\\\/schema\\\/logo\\\/image\\\/\",\"url\":\"https:\\\/\\\/mineraleslunallena.com\\\/wp-content\\\/uploads\\\/2023\\\/07\\\/LUNA-LLENA-LOGO-nuevo.png\",\"contentUrl\":\"https:\\\/\\\/mineraleslunallena.com\\\/wp-content\\\/uploads\\\/2023\\\/07\\\/LUNA-LLENA-LOGO-nuevo.png\",\"width\":229,\"height\":167,\"caption\":\"LUNA LLENA MINERALES\"},\"image\":{\"@id\":\"https:\\\/\\\/mineraleslunallena.com\\\/#\\\/schema\\\/logo\\\/image\\\/\"}}]}<\/script>\n<!-- \/ Yoast SEO plugin. -->","yoast_head_json":{"title":"Pulsera Chip Cuarzo con Turmalina | Equilibrio - Protecci\u00f3n - MINERALES LUNA LLENA","robots":{"index":"index","follow":"follow","max-snippet":"max-snippet:-1","max-image-preview":"max-image-preview:large","max-video-preview":"max-video-preview:-1"},"canonical":"https:\/\/mineraleslunallena.com\/ca\/producte\/pulsera-chip-cuarzo-con-turmalina-equilibrio-proteccion\/","og_locale":"ca_ES","og_type":"article","og_title":"Pulsera Chip Cuarzo con Turmalina | Equilibrio - Protecci\u00f3n - MINERALES LUNA LLENA","og_description":"Descubre la Pulsera de Cuarzo con Turmalina , una fusi\u00f3n poderosa de equilibrio y protecci\u00f3n. Esta joya combina la claridad del Cuarzo con las propiedades purificantes y protectoras de la Turmalina.    \u00dasala para armonizar energ\u00edas, protegerte de influencias negativas y elevar tu conexi\u00f3n espiritual.  La Turmalina repela energ\u00edas negativas, brindando una protecci\u00f3n espiritual y fortaleciendo tu campo energ\u00e9tico. Amplifica y purifica la energ\u00eda, elevando tu vibraci\u00f3n espiritual. Alivia el estr\u00e9s, promueve la claridad mental y fortalece tu bienestar f\u00edsico y emocional.  &nbsp;  Cantidad: 1 Unidad. El precio es por una unidad.  Forma: Pulsera Chip.","og_url":"https:\/\/mineraleslunallena.com\/ca\/producte\/pulsera-chip-cuarzo-con-turmalina-equilibrio-proteccion\/","og_site_name":"MINERALES LUNA LLENA","article_modified_time":"2025-12-16T08:46:01+00:00","og_image":[{"width":1153,"height":2560,"url":"https:\/\/mineraleslunallena.com\/wp-content\/uploads\/2025\/03\/IMG_20250316_125214-scaled.jpg","type":"image\/jpeg"}],"twitter_card":"summary_large_image","twitter_misc":{"Temps estimat de lectura":"1 minut"},"schema":{"@context":"https:\/\/schema.org","@graph":[{"@type":"WebPage","@id":"https:\/\/mineraleslunallena.com\/producto\/pulsera-chip-cuarzo-con-turmalina-equilibrio-proteccion\/","url":"https:\/\/mineraleslunallena.com\/producto\/pulsera-chip-cuarzo-con-turmalina-equilibrio-proteccion\/","name":"Pulsera Chip Cuarzo con Turmalina | Equilibrio - Protecci\u00f3n - MINERALES LUNA LLENA","isPartOf":{"@id":"https:\/\/mineraleslunallena.com\/#website"},"primaryImageOfPage":{"@id":"https:\/\/mineraleslunallena.com\/producto\/pulsera-chip-cuarzo-con-turmalina-equilibrio-proteccion\/#primaryimage"},"image":{"@id":"https:\/\/mineraleslunallena.com\/producto\/pulsera-chip-cuarzo-con-turmalina-equilibrio-proteccion\/#primaryimage"},"thumbnailUrl":"https:\/\/mineraleslunallena.com\/wp-content\/uploads\/2025\/03\/IMG_20250316_125214-scaled.jpg","datePublished":"2025-03-16T13:43:31+00:00","dateModified":"2025-12-16T08:46:01+00:00","breadcrumb":{"@id":"https:\/\/mineraleslunallena.com\/producto\/pulsera-chip-cuarzo-con-turmalina-equilibrio-proteccion\/#breadcrumb"},"inLanguage":"ca","potentialAction":[{"@type":"ReadAction","target":["https:\/\/mineraleslunallena.com\/producto\/pulsera-chip-cuarzo-con-turmalina-equilibrio-proteccion\/"]}]},{"@type":"ImageObject","inLanguage":"ca","@id":"https:\/\/mineraleslunallena.com\/producto\/pulsera-chip-cuarzo-con-turmalina-equilibrio-proteccion\/#primaryimage","url":"https:\/\/mineraleslunallena.com\/wp-content\/uploads\/2025\/03\/IMG_20250316_125214-scaled.jpg","contentUrl":"https:\/\/mineraleslunallena.com\/wp-content\/uploads\/2025\/03\/IMG_20250316_125214-scaled.jpg","width":1153,"height":2560},{"@type":"BreadcrumbList","@id":"https:\/\/mineraleslunallena.com\/producto\/pulsera-chip-cuarzo-con-turmalina-equilibrio-proteccion\/#breadcrumb","itemListElement":[{"@type":"ListItem","position":1,"name":"Portada","item":"https:\/\/mineraleslunallena.com\/"},{"@type":"ListItem","position":2,"name":"Shop","item":"https:\/\/mineraleslunallena.com\/ca\/shop\/"},{"@type":"ListItem","position":3,"name":"Pulsera Chip Cuarzo con Turmalina | Equilibrio &#8211; Protecci\u00f3n"}]},{"@type":"WebSite","@id":"https:\/\/mineraleslunallena.com\/#website","url":"https:\/\/mineraleslunallena.com\/","name":"LLUNA PLENA MINERALS","description":"\u00c9s el moment de connectar-te amb el teu poder i confiar en les teves habilitats.","publisher":{"@id":"https:\/\/mineraleslunallena.com\/#organization"},"potentialAction":[{"@type":"SearchAction","target":{"@type":"EntryPoint","urlTemplate":"https:\/\/mineraleslunallena.com\/?s={search_term_string}"},"query-input":{"@type":"PropertyValueSpecification","valueRequired":true,"valueName":"search_term_string"}}],"inLanguage":"ca"},{"@type":"Organization","@id":"https:\/\/mineraleslunallena.com\/#organization","name":"LLUNA PLENA MINERALS","url":"https:\/\/mineraleslunallena.com\/","logo":{"@type":"ImageObject","inLanguage":"ca","@id":"https:\/\/mineraleslunallena.com\/#\/schema\/logo\/image\/","url":"https:\/\/mineraleslunallena.com\/wp-content\/uploads\/2023\/07\/LUNA-LLENA-LOGO-nuevo.png","contentUrl":"https:\/\/mineraleslunallena.com\/wp-content\/uploads\/2023\/07\/LUNA-LLENA-LOGO-nuevo.png","width":229,"height":167,"caption":"LUNA LLENA MINERALES"},"image":{"@id":"https:\/\/mineraleslunallena.com\/#\/schema\/logo\/image\/"}}]}},"jetpack_sharing_enabled":true,"_links":{"self":[{"href":"https:\/\/mineraleslunallena.com\/ca\/wp-json\/wp\/v2\/product\/6461","targetHints":{"allow":["GET"]}}],"collection":[{"href":"https:\/\/mineraleslunallena.com\/ca\/wp-json\/wp\/v2\/product"}],"about":[{"href":"https:\/\/mineraleslunallena.com\/ca\/wp-json\/wp\/v2\/types\/product"}],"version-history":[{"count":1,"href":"https:\/\/mineraleslunallena.com\/ca\/wp-json\/wp\/v2\/product\/6461\/revisions"}],"predecessor-version":[{"id":6464,"href":"https:\/\/mineraleslunallena.com\/ca\/wp-json\/wp\/v2\/product\/6461\/revisions\/6464"}],"wp:featuredmedia":[{"embeddable":true,"href":"https:\/\/mineraleslunallena.com\/ca\/wp-json\/wp\/v2\/media\/6462"}],"wp:attachment":[{"href":"https:\/\/mineraleslunallena.com\/ca\/wp-json\/wp\/v2\/media?parent=6461"}],"wp:term":[{"taxonomy":"product_cat","embeddable":true,"href":"https:\/\/mineraleslunallena.com\/ca\/wp-json\/wp\/v2\/product_cat?post=6461"},{"taxonomy":"product_tag","embeddable":true,"href":"https:\/\/mineraleslunallena.com\/ca\/wp-json\/wp\/v2\/product_tag?post=6461"}],"curies":[{"name":"wp","href":"https:\/\/api.w.org\/{rel}","templated":true}]}}