{"id":6465,"date":"2025-03-16T14:50:46","date_gmt":"2025-03-16T13:50:46","guid":{"rendered":"https:\/\/mineraleslunallena.com\/?post_type=product&#038;p=6465"},"modified":"2025-12-02T15:02:05","modified_gmt":"2025-12-02T14:02:05","slug":"pulsera-chip-turmalina-sandia-sanacion-emocional-apertura-al-amor","status":"publish","type":"product","link":"https:\/\/mineraleslunallena.com\/ca\/producte\/pulsera-chip-turmalina-sandia-sanacion-emocional-apertura-al-amor\/","title":{"rendered":"Pulsera Chip Turmalina Sand\u00eda | Sanaci\u00f3n Emocional &#8211; Apertura al Amor"},"content":{"rendered":"<p>La T<strong data-start=\"3\" data-end=\"23\">urmalina Sand\u00eda<\/strong> tiene capacidad para equilibrar las energ\u00edas del <strong data-start=\"102\" data-end=\"124\">coraz\u00f3n y la mente<\/strong>, promoviendo una profunda armon\u00eda emocional.<\/p>\n<p>Esta piedra estimula el <strong data-start=\"194\" data-end=\"216\">amor incondicional<\/strong> y la <strong data-start=\"222\" data-end=\"240\">autoaceptaci\u00f3n<\/strong>, ayudando a sanar heridas emocionales y atraer relaciones positivas. Su energ\u00eda vibrante tambi\u00e9n tiene un efecto protector, repeliendo las influencias negativas y creando un campo energ\u00e9tico de bienestar. Con su vibraci\u00f3n dual, al combinar tonos de verde y rosa, la turmalina sand\u00eda equilibra la <strong data-start=\"537\" data-end=\"569\">energ\u00eda femenina y masculina<\/strong>, fomentando la paz interior.<\/p>\n<p>Potencia la <strong data-start=\"631\" data-end=\"644\">intuici\u00f3n<\/strong> y facilita la conexi\u00f3n con la espiritualidad a trav\u00e9s del chakra del coraz\u00f3n. Al llevarla como pulsera chip, la energ\u00eda curativa fluye constantemente, promoviendo el bienestar emocional y la paz.<\/p>\n<p>Quantitat: 1 Unitat. El preu \u00e9s per una unitat.<\/p>\n<p>Forma: Pulsera Chip.<\/p>","protected":false},"excerpt":{"rendered":"<p>La T<strong data-start=\"3\" data-end=\"23\">urmalina Sand\u00eda<\/strong> tiene capacidad para equilibrar las energ\u00edas del <strong data-start=\"102\" data-end=\"124\">coraz\u00f3n y la mente<\/strong>, promoviendo una profunda armon\u00eda emocional.<\/p>\n<p>Esta piedra estimula el <strong data-start=\"194\" data-end=\"216\">amor incondicional<\/strong> y la <strong data-start=\"222\" data-end=\"240\">autoaceptaci\u00f3n<\/strong>, ayudando a sanar heridas emocionales y atraer relaciones positivas. Su energ\u00eda vibrante tambi\u00e9n tiene un efecto protector, repeliendo las influencias negativas y creando un campo energ\u00e9tico de bienestar. Con su vibraci\u00f3n dual, al combinar tonos de verde y rosa, la turmalina sand\u00eda equilibra la <strong data-start=\"537\" data-end=\"569\">energ\u00eda femenina y masculina<\/strong>, fomentando la paz interior.<\/p>\n<p>Potencia la <strong data-start=\"631\" data-end=\"644\">intuici\u00f3n<\/strong> y facilita la conexi\u00f3n con la espiritualidad a trav\u00e9s del chakra del coraz\u00f3n. Al llevarla como pulsera chip, la energ\u00eda curativa fluye constantemente, promoviendo el bienestar emocional y la paz.<\/p>\n<p>Quantitat: 1 Unitat. El preu \u00e9s per una unitat.<\/p>\n<p>Forma: Pulsera Chip.<\/p>","protected":false},"featured_media":6466,"template":"","meta":[],"product_cat":[70,78,103],"product_tag":[],"class_list":{"0":"post-6465","1":"product","2":"type-product","3":"status-publish","4":"has-post-thumbnail","6":"product_cat-joyas-y-accesorios","7":"product_cat-pulseras","8":"product_cat-pulseras-chip","10":"first","11":"instock","12":"sale","13":"taxable","14":"shipping-taxable","15":"purchasable","16":"product-type-simple"},"yoast_head":"<!-- This site is optimized with the Yoast SEO plugin v27.3 - https:\/\/yoast.com\/product\/yoast-seo-wordpress\/ -->\n<title>Pulsera Chip Turmalina Sand\u00eda | Sanaci\u00f3n Emocional - Apertura al Amor - MINERALES LUNA LLENA<\/title>\n<meta name=\"robots\" content=\"index, follow, max-snippet:-1, max-image-preview:large, max-video-preview:-1\" \/>\n<link rel=\"canonical\" href=\"https:\/\/mineraleslunallena.com\/ca\/producte\/pulsera-chip-turmalina-sandia-sanacion-emocional-apertura-al-amor\/\" \/>\n<meta property=\"og:locale\" content=\"ca_ES\" \/>\n<meta property=\"og:type\" content=\"article\" \/>\n<meta property=\"og:title\" content=\"Pulsera Chip Turmalina Sand\u00eda | Sanaci\u00f3n Emocional - Apertura al Amor - MINERALES LUNA LLENA\" \/>\n<meta property=\"og:description\" content=\"La Turmalina Sand\u00eda tiene capacidad para equilibrar las energ\u00edas del coraz\u00f3n y la mente, promoviendo una profunda armon\u00eda emocional.  Esta piedra estimula el amor incondicional y la autoaceptaci\u00f3n, ayudando a sanar heridas emocionales y atraer relaciones positivas. Su energ\u00eda vibrante tambi\u00e9n tiene un efecto protector, repeliendo las influencias negativas y creando un campo energ\u00e9tico de bienestar. Con su vibraci\u00f3n dual, al combinar tonos de verde y rosa, la turmalina sand\u00eda equilibra la energ\u00eda femenina y masculina, fomentando la paz interior.  Potencia la intuici\u00f3n y facilita la conexi\u00f3n con la espiritualidad a trav\u00e9s del chakra del coraz\u00f3n. Al llevarla como pulsera chip, la energ\u00eda curativa fluye constantemente, promoviendo el bienestar emocional y la paz.  Cantidad: 1 Unidad. El precio es por una unidad.  Forma: Pulsera Chip.\" \/>\n<meta property=\"og:url\" content=\"https:\/\/mineraleslunallena.com\/ca\/producte\/pulsera-chip-turmalina-sandia-sanacion-emocional-apertura-al-amor\/\" \/>\n<meta property=\"og:site_name\" content=\"MINERALES LUNA LLENA\" \/>\n<meta property=\"article:modified_time\" content=\"2025-12-02T14:02:05+00:00\" \/>\n<meta property=\"og:image\" content=\"https:\/\/mineraleslunallena.com\/wp-content\/uploads\/2025\/03\/IMG_20250316_125005-scaled.jpg\" \/>\n\t<meta property=\"og:image:width\" content=\"1153\" \/>\n\t<meta property=\"og:image:height\" content=\"2560\" \/>\n\t<meta property=\"og:image:type\" content=\"image\/jpeg\" \/>\n<meta name=\"twitter:card\" content=\"summary_large_image\" \/>\n<meta name=\"twitter:label1\" content=\"Temps estimat de lectura\" \/>\n\t<meta name=\"twitter:data1\" content=\"1 minut\" \/>\n<script type=\"application\/ld+json\" class=\"yoast-schema-graph\">{\"@context\":\"https:\\\/\\\/schema.org\",\"@graph\":[{\"@type\":\"WebPage\",\"@id\":\"https:\\\/\\\/mineraleslunallena.com\\\/producto\\\/pulsera-chip-turmalina-sandia-sanacion-emocional-apertura-al-amor\\\/\",\"url\":\"https:\\\/\\\/mineraleslunallena.com\\\/producto\\\/pulsera-chip-turmalina-sandia-sanacion-emocional-apertura-al-amor\\\/\",\"name\":\"Pulsera Chip Turmalina Sand\u00eda | Sanaci\u00f3n Emocional - Apertura al Amor - MINERALES LUNA LLENA\",\"isPartOf\":{\"@id\":\"https:\\\/\\\/mineraleslunallena.com\\\/#website\"},\"primaryImageOfPage\":{\"@id\":\"https:\\\/\\\/mineraleslunallena.com\\\/producto\\\/pulsera-chip-turmalina-sandia-sanacion-emocional-apertura-al-amor\\\/#primaryimage\"},\"image\":{\"@id\":\"https:\\\/\\\/mineraleslunallena.com\\\/producto\\\/pulsera-chip-turmalina-sandia-sanacion-emocional-apertura-al-amor\\\/#primaryimage\"},\"thumbnailUrl\":\"https:\\\/\\\/mineraleslunallena.com\\\/wp-content\\\/uploads\\\/2025\\\/03\\\/IMG_20250316_125005-scaled.jpg\",\"datePublished\":\"2025-03-16T13:50:46+00:00\",\"dateModified\":\"2025-12-02T14:02:05+00:00\",\"breadcrumb\":{\"@id\":\"https:\\\/\\\/mineraleslunallena.com\\\/producto\\\/pulsera-chip-turmalina-sandia-sanacion-emocional-apertura-al-amor\\\/#breadcrumb\"},\"inLanguage\":\"ca\",\"potentialAction\":[{\"@type\":\"ReadAction\",\"target\":[\"https:\\\/\\\/mineraleslunallena.com\\\/producto\\\/pulsera-chip-turmalina-sandia-sanacion-emocional-apertura-al-amor\\\/\"]}]},{\"@type\":\"ImageObject\",\"inLanguage\":\"ca\",\"@id\":\"https:\\\/\\\/mineraleslunallena.com\\\/producto\\\/pulsera-chip-turmalina-sandia-sanacion-emocional-apertura-al-amor\\\/#primaryimage\",\"url\":\"https:\\\/\\\/mineraleslunallena.com\\\/wp-content\\\/uploads\\\/2025\\\/03\\\/IMG_20250316_125005-scaled.jpg\",\"contentUrl\":\"https:\\\/\\\/mineraleslunallena.com\\\/wp-content\\\/uploads\\\/2025\\\/03\\\/IMG_20250316_125005-scaled.jpg\",\"width\":1153,\"height\":2560},{\"@type\":\"BreadcrumbList\",\"@id\":\"https:\\\/\\\/mineraleslunallena.com\\\/producto\\\/pulsera-chip-turmalina-sandia-sanacion-emocional-apertura-al-amor\\\/#breadcrumb\",\"itemListElement\":[{\"@type\":\"ListItem\",\"position\":1,\"name\":\"Portada\",\"item\":\"https:\\\/\\\/mineraleslunallena.com\\\/\"},{\"@type\":\"ListItem\",\"position\":2,\"name\":\"Shop\",\"item\":\"https:\\\/\\\/mineraleslunallena.com\\\/ca\\\/shop\\\/\"},{\"@type\":\"ListItem\",\"position\":3,\"name\":\"Pulsera Chip Turmalina Sand\u00eda | Sanaci\u00f3n Emocional &#8211; Apertura al Amor\"}]},{\"@type\":\"WebSite\",\"@id\":\"https:\\\/\\\/mineraleslunallena.com\\\/#website\",\"url\":\"https:\\\/\\\/mineraleslunallena.com\\\/\",\"name\":\"LUNA LLENA MINERALES\",\"description\":\"Es el momento de conectarte con tu propio poder y confiar en tus habilidades.\",\"publisher\":{\"@id\":\"https:\\\/\\\/mineraleslunallena.com\\\/#organization\"},\"potentialAction\":[{\"@type\":\"SearchAction\",\"target\":{\"@type\":\"EntryPoint\",\"urlTemplate\":\"https:\\\/\\\/mineraleslunallena.com\\\/?s={search_term_string}\"},\"query-input\":{\"@type\":\"PropertyValueSpecification\",\"valueRequired\":true,\"valueName\":\"search_term_string\"}}],\"inLanguage\":\"ca\"},{\"@type\":\"Organization\",\"@id\":\"https:\\\/\\\/mineraleslunallena.com\\\/#organization\",\"name\":\"LUNA LLENA MINERALES\",\"url\":\"https:\\\/\\\/mineraleslunallena.com\\\/\",\"logo\":{\"@type\":\"ImageObject\",\"inLanguage\":\"ca\",\"@id\":\"https:\\\/\\\/mineraleslunallena.com\\\/#\\\/schema\\\/logo\\\/image\\\/\",\"url\":\"https:\\\/\\\/mineraleslunallena.com\\\/wp-content\\\/uploads\\\/2023\\\/07\\\/LUNA-LLENA-LOGO-nuevo.png\",\"contentUrl\":\"https:\\\/\\\/mineraleslunallena.com\\\/wp-content\\\/uploads\\\/2023\\\/07\\\/LUNA-LLENA-LOGO-nuevo.png\",\"width\":229,\"height\":167,\"caption\":\"LUNA LLENA MINERALES\"},\"image\":{\"@id\":\"https:\\\/\\\/mineraleslunallena.com\\\/#\\\/schema\\\/logo\\\/image\\\/\"}}]}<\/script>\n<!-- \/ Yoast SEO plugin. -->","yoast_head_json":{"title":"Pulsera Chip Turmalina Sand\u00eda | Sanaci\u00f3n Emocional - Apertura al Amor - MINERALES LUNA LLENA","robots":{"index":"index","follow":"follow","max-snippet":"max-snippet:-1","max-image-preview":"max-image-preview:large","max-video-preview":"max-video-preview:-1"},"canonical":"https:\/\/mineraleslunallena.com\/ca\/producte\/pulsera-chip-turmalina-sandia-sanacion-emocional-apertura-al-amor\/","og_locale":"ca_ES","og_type":"article","og_title":"Pulsera Chip Turmalina Sand\u00eda | Sanaci\u00f3n Emocional - Apertura al Amor - MINERALES LUNA LLENA","og_description":"La Turmalina Sand\u00eda tiene capacidad para equilibrar las energ\u00edas del coraz\u00f3n y la mente, promoviendo una profunda armon\u00eda emocional.  Esta piedra estimula el amor incondicional y la autoaceptaci\u00f3n, ayudando a sanar heridas emocionales y atraer relaciones positivas. Su energ\u00eda vibrante tambi\u00e9n tiene un efecto protector, repeliendo las influencias negativas y creando un campo energ\u00e9tico de bienestar. Con su vibraci\u00f3n dual, al combinar tonos de verde y rosa, la turmalina sand\u00eda equilibra la energ\u00eda femenina y masculina, fomentando la paz interior.  Potencia la intuici\u00f3n y facilita la conexi\u00f3n con la espiritualidad a trav\u00e9s del chakra del coraz\u00f3n. Al llevarla como pulsera chip, la energ\u00eda curativa fluye constantemente, promoviendo el bienestar emocional y la paz.  Cantidad: 1 Unidad. El precio es por una unidad.  Forma: Pulsera Chip.","og_url":"https:\/\/mineraleslunallena.com\/ca\/producte\/pulsera-chip-turmalina-sandia-sanacion-emocional-apertura-al-amor\/","og_site_name":"MINERALES LUNA LLENA","article_modified_time":"2025-12-02T14:02:05+00:00","og_image":[{"width":1153,"height":2560,"url":"https:\/\/mineraleslunallena.com\/wp-content\/uploads\/2025\/03\/IMG_20250316_125005-scaled.jpg","type":"image\/jpeg"}],"twitter_card":"summary_large_image","twitter_misc":{"Temps estimat de lectura":"1 minut"},"schema":{"@context":"https:\/\/schema.org","@graph":[{"@type":"WebPage","@id":"https:\/\/mineraleslunallena.com\/producto\/pulsera-chip-turmalina-sandia-sanacion-emocional-apertura-al-amor\/","url":"https:\/\/mineraleslunallena.com\/producto\/pulsera-chip-turmalina-sandia-sanacion-emocional-apertura-al-amor\/","name":"Pulsera Chip Turmalina Sand\u00eda | Sanaci\u00f3n Emocional - Apertura al Amor - MINERALES LUNA LLENA","isPartOf":{"@id":"https:\/\/mineraleslunallena.com\/#website"},"primaryImageOfPage":{"@id":"https:\/\/mineraleslunallena.com\/producto\/pulsera-chip-turmalina-sandia-sanacion-emocional-apertura-al-amor\/#primaryimage"},"image":{"@id":"https:\/\/mineraleslunallena.com\/producto\/pulsera-chip-turmalina-sandia-sanacion-emocional-apertura-al-amor\/#primaryimage"},"thumbnailUrl":"https:\/\/mineraleslunallena.com\/wp-content\/uploads\/2025\/03\/IMG_20250316_125005-scaled.jpg","datePublished":"2025-03-16T13:50:46+00:00","dateModified":"2025-12-02T14:02:05+00:00","breadcrumb":{"@id":"https:\/\/mineraleslunallena.com\/producto\/pulsera-chip-turmalina-sandia-sanacion-emocional-apertura-al-amor\/#breadcrumb"},"inLanguage":"ca","potentialAction":[{"@type":"ReadAction","target":["https:\/\/mineraleslunallena.com\/producto\/pulsera-chip-turmalina-sandia-sanacion-emocional-apertura-al-amor\/"]}]},{"@type":"ImageObject","inLanguage":"ca","@id":"https:\/\/mineraleslunallena.com\/producto\/pulsera-chip-turmalina-sandia-sanacion-emocional-apertura-al-amor\/#primaryimage","url":"https:\/\/mineraleslunallena.com\/wp-content\/uploads\/2025\/03\/IMG_20250316_125005-scaled.jpg","contentUrl":"https:\/\/mineraleslunallena.com\/wp-content\/uploads\/2025\/03\/IMG_20250316_125005-scaled.jpg","width":1153,"height":2560},{"@type":"BreadcrumbList","@id":"https:\/\/mineraleslunallena.com\/producto\/pulsera-chip-turmalina-sandia-sanacion-emocional-apertura-al-amor\/#breadcrumb","itemListElement":[{"@type":"ListItem","position":1,"name":"Portada","item":"https:\/\/mineraleslunallena.com\/"},{"@type":"ListItem","position":2,"name":"Shop","item":"https:\/\/mineraleslunallena.com\/ca\/shop\/"},{"@type":"ListItem","position":3,"name":"Pulsera Chip Turmalina Sand\u00eda | Sanaci\u00f3n Emocional &#8211; Apertura al Amor"}]},{"@type":"WebSite","@id":"https:\/\/mineraleslunallena.com\/#website","url":"https:\/\/mineraleslunallena.com\/","name":"LLUNA PLENA MINERALS","description":"\u00c9s el moment de connectar-te amb el teu poder i confiar en les teves habilitats.","publisher":{"@id":"https:\/\/mineraleslunallena.com\/#organization"},"potentialAction":[{"@type":"SearchAction","target":{"@type":"EntryPoint","urlTemplate":"https:\/\/mineraleslunallena.com\/?s={search_term_string}"},"query-input":{"@type":"PropertyValueSpecification","valueRequired":true,"valueName":"search_term_string"}}],"inLanguage":"ca"},{"@type":"Organization","@id":"https:\/\/mineraleslunallena.com\/#organization","name":"LLUNA PLENA MINERALS","url":"https:\/\/mineraleslunallena.com\/","logo":{"@type":"ImageObject","inLanguage":"ca","@id":"https:\/\/mineraleslunallena.com\/#\/schema\/logo\/image\/","url":"https:\/\/mineraleslunallena.com\/wp-content\/uploads\/2023\/07\/LUNA-LLENA-LOGO-nuevo.png","contentUrl":"https:\/\/mineraleslunallena.com\/wp-content\/uploads\/2023\/07\/LUNA-LLENA-LOGO-nuevo.png","width":229,"height":167,"caption":"LUNA LLENA MINERALES"},"image":{"@id":"https:\/\/mineraleslunallena.com\/#\/schema\/logo\/image\/"}}]}},"jetpack_sharing_enabled":true,"_links":{"self":[{"href":"https:\/\/mineraleslunallena.com\/ca\/wp-json\/wp\/v2\/product\/6465","targetHints":{"allow":["GET"]}}],"collection":[{"href":"https:\/\/mineraleslunallena.com\/ca\/wp-json\/wp\/v2\/product"}],"about":[{"href":"https:\/\/mineraleslunallena.com\/ca\/wp-json\/wp\/v2\/types\/product"}],"version-history":[{"count":1,"href":"https:\/\/mineraleslunallena.com\/ca\/wp-json\/wp\/v2\/product\/6465\/revisions"}],"predecessor-version":[{"id":6468,"href":"https:\/\/mineraleslunallena.com\/ca\/wp-json\/wp\/v2\/product\/6465\/revisions\/6468"}],"wp:featuredmedia":[{"embeddable":true,"href":"https:\/\/mineraleslunallena.com\/ca\/wp-json\/wp\/v2\/media\/6466"}],"wp:attachment":[{"href":"https:\/\/mineraleslunallena.com\/ca\/wp-json\/wp\/v2\/media?parent=6465"}],"wp:term":[{"taxonomy":"product_cat","embeddable":true,"href":"https:\/\/mineraleslunallena.com\/ca\/wp-json\/wp\/v2\/product_cat?post=6465"},{"taxonomy":"product_tag","embeddable":true,"href":"https:\/\/mineraleslunallena.com\/ca\/wp-json\/wp\/v2\/product_tag?post=6465"}],"curies":[{"name":"wp","href":"https:\/\/api.w.org\/{rel}","templated":true}]}}