{"id":6661,"date":"2025-03-23T13:57:24","date_gmt":"2025-03-23T12:57:24","guid":{"rendered":"https:\/\/mineraleslunallena.com\/?post_type=product&#038;p=6661"},"modified":"2025-07-11T21:03:22","modified_gmt":"2025-07-11T19:03:22","slug":"pulsera-bola-fosiles-sabiduria-ancestral-conexion-con-el-pasado","status":"publish","type":"product","link":"https:\/\/mineraleslunallena.com\/ca\/producte\/pulsera-bola-fosiles-sabiduria-ancestral-conexion-con-el-pasado\/","title":{"rendered":"Pulsera Bola F\u00f3siles | Sabidur\u00eda Ancestral &#8211; Conexi\u00f3n con el Pasado"},"content":{"rendered":"<p data-start=\"71\" data-end=\"799\" data-is-last-node=\"\" data-is-only-node=\"\">Con esta <strong data-start=\"80\" data-end=\"100\">pulsera de F\u00f3siles<\/strong>, te invito a conectarte con la S<strong data-start=\"132\" data-end=\"155\">abidur\u00eda Ancestral<\/strong> que esta piedra posee.<\/p>\n<p data-start=\"71\" data-end=\"799\" data-is-last-node=\"\" data-is-only-node=\"\">Los f\u00f3siles, al ser testigos de millones de a\u00f1os de evoluci\u00f3n, son s\u00edmbolos de <strong data-start=\"258\" data-end=\"290\">resiliencia y transformaci\u00f3n<\/strong>.<\/p>\n<p data-start=\"71\" data-end=\"799\" data-is-last-node=\"\" data-is-only-node=\"\">Su energ\u00eda te ofrece una profunda <strong data-start=\"326\" data-end=\"352\">conexi\u00f3n con el pasado<\/strong>, ayud\u00e1ndote a comprender lecciones pasadas y aplicarlas en tu vida actual.<\/p>\n<p data-start=\"71\" data-end=\"799\" data-is-last-node=\"\" data-is-only-node=\"\">Adem\u00e1s, su vibraci\u00f3n enraizante te otorga <strong data-start=\"470\" data-end=\"497\">fortaleza y estabilidad<\/strong>, permiti\u00e9ndote mantener la calma en tiempos de incertidumbre.<\/p>\n<p data-start=\"71\" data-end=\"799\" data-is-last-node=\"\" data-is-only-node=\"\">Es ideal para quienes buscan una <strong data-start=\"593\" data-end=\"628\">conexi\u00f3n profunda con la Tierra<\/strong> y la <strong data-start=\"634\" data-end=\"657\">sabidur\u00eda acumulada<\/strong> a lo largo de los tiempos. Si deseas fortalecer tu v\u00ednculo con la historia y la resiliencia, esta pulsera es el complemento perfecto para ti.<\/p>\n<p>Quantitat: 1 Unitat. El preu \u00e9s per una unitat.<br \/>\nTama\u00f1o: 6 mm.<\/p>\n<p>Forma: Pulsera Bola<\/p>","protected":false},"excerpt":{"rendered":"<p data-start=\"71\" data-end=\"799\" data-is-last-node=\"\" data-is-only-node=\"\">Con esta <strong data-start=\"80\" data-end=\"100\">pulsera de F\u00f3siles<\/strong>, te invito a conectarte con la S<strong data-start=\"132\" data-end=\"155\">abidur\u00eda Ancestral<\/strong> que esta piedra posee.<\/p>\n<p data-start=\"71\" data-end=\"799\" data-is-last-node=\"\" data-is-only-node=\"\">Los f\u00f3siles, al ser testigos de millones de a\u00f1os de evoluci\u00f3n, son s\u00edmbolos de <strong data-start=\"258\" data-end=\"290\">resiliencia y transformaci\u00f3n<\/strong>.<\/p>\n<p data-start=\"71\" data-end=\"799\" data-is-last-node=\"\" data-is-only-node=\"\">Su energ\u00eda te ofrece una profunda <strong data-start=\"326\" data-end=\"352\">conexi\u00f3n con el pasado<\/strong>, ayud\u00e1ndote a comprender lecciones pasadas y aplicarlas en tu vida actual.<\/p>\n<p data-start=\"71\" data-end=\"799\" data-is-last-node=\"\" data-is-only-node=\"\">Adem\u00e1s, su vibraci\u00f3n enraizante te otorga <strong data-start=\"470\" data-end=\"497\">fortaleza y estabilidad<\/strong>, permiti\u00e9ndote mantener la calma en tiempos de incertidumbre.<\/p>\n<p data-start=\"71\" data-end=\"799\" data-is-last-node=\"\" data-is-only-node=\"\">Es ideal para quienes buscan una <strong data-start=\"593\" data-end=\"628\">conexi\u00f3n profunda con la Tierra<\/strong> y la <strong data-start=\"634\" data-end=\"657\">sabidur\u00eda acumulada<\/strong> a lo largo de los tiempos. Si deseas fortalecer tu v\u00ednculo con la historia y la resiliencia, esta pulsera es el complemento perfecto para ti.<\/p>\n<p>Quantitat: 1 Unitat. El preu \u00e9s per una unitat.<br \/>\nTama\u00f1o: 6 mm.<\/p>\n<p>Forma: Pulsera Bola<\/p>","protected":false},"featured_media":6731,"template":"","meta":[],"product_cat":[70,78,102],"product_tag":[],"class_list":{"0":"post-6661","1":"product","2":"type-product","3":"status-publish","4":"has-post-thumbnail","6":"product_cat-joyas-y-accesorios","7":"product_cat-pulseras","8":"product_cat-pulseras-bola","10":"first","11":"instock","12":"sale","13":"taxable","14":"shipping-taxable","15":"purchasable","16":"product-type-simple"},"yoast_head":"<!-- This site is optimized with the Yoast SEO plugin v27.3 - https:\/\/yoast.com\/product\/yoast-seo-wordpress\/ -->\n<title>Pulsera Bola F\u00f3siles | Sabidur\u00eda Ancestral - Conexi\u00f3n con el Pasado - MINERALES LUNA LLENA<\/title>\n<meta name=\"robots\" content=\"index, follow, max-snippet:-1, max-image-preview:large, max-video-preview:-1\" \/>\n<link rel=\"canonical\" href=\"https:\/\/mineraleslunallena.com\/ca\/producte\/pulsera-bola-fosiles-sabiduria-ancestral-conexion-con-el-pasado\/\" \/>\n<meta property=\"og:locale\" content=\"ca_ES\" \/>\n<meta property=\"og:type\" content=\"article\" \/>\n<meta property=\"og:title\" content=\"Pulsera Bola F\u00f3siles | Sabidur\u00eda Ancestral - Conexi\u00f3n con el Pasado - MINERALES LUNA LLENA\" \/>\n<meta property=\"og:description\" content=\"Con esta pulsera de F\u00f3siles, te invito a conectarte con la Sabidur\u00eda Ancestral que esta piedra posee. Los f\u00f3siles, al ser testigos de millones de a\u00f1os de evoluci\u00f3n, son s\u00edmbolos de resiliencia y transformaci\u00f3n. Su energ\u00eda te ofrece una profunda conexi\u00f3n con el pasado, ayud\u00e1ndote a comprender lecciones pasadas y aplicarlas en tu vida actual. Adem\u00e1s, su vibraci\u00f3n enraizante te otorga fortaleza y estabilidad, permiti\u00e9ndote mantener la calma en tiempos de incertidumbre. Es ideal para quienes buscan una conexi\u00f3n profunda con la Tierra y la sabidur\u00eda acumulada a lo largo de los tiempos. Si deseas fortalecer tu v\u00ednculo con la historia y la resiliencia, esta pulsera es el complemento perfecto para ti. Cantidad: 1 Unidad. El precio es por una unidad. Tama\u00f1o: 6 mm.  Forma: Pulsera Bola\" \/>\n<meta property=\"og:url\" content=\"https:\/\/mineraleslunallena.com\/ca\/producte\/pulsera-bola-fosiles-sabiduria-ancestral-conexion-con-el-pasado\/\" \/>\n<meta property=\"og:site_name\" content=\"MINERALES LUNA LLENA\" \/>\n<meta property=\"article:modified_time\" content=\"2025-07-11T19:03:22+00:00\" \/>\n<meta property=\"og:image\" content=\"https:\/\/mineraleslunallena.com\/wp-content\/uploads\/2025\/03\/IMG_20250323_211215-1-scaled.jpg\" \/>\n\t<meta property=\"og:image:width\" content=\"1153\" \/>\n\t<meta property=\"og:image:height\" content=\"2560\" \/>\n\t<meta property=\"og:image:type\" content=\"image\/jpeg\" \/>\n<meta name=\"twitter:card\" content=\"summary_large_image\" \/>\n<meta name=\"twitter:label1\" content=\"Temps estimat de lectura\" \/>\n\t<meta name=\"twitter:data1\" content=\"1 minut\" \/>\n<script type=\"application\/ld+json\" class=\"yoast-schema-graph\">{\"@context\":\"https:\\\/\\\/schema.org\",\"@graph\":[{\"@type\":\"WebPage\",\"@id\":\"https:\\\/\\\/mineraleslunallena.com\\\/producto\\\/pulsera-bola-fosiles-sabiduria-ancestral-conexion-con-el-pasado\\\/\",\"url\":\"https:\\\/\\\/mineraleslunallena.com\\\/producto\\\/pulsera-bola-fosiles-sabiduria-ancestral-conexion-con-el-pasado\\\/\",\"name\":\"Pulsera Bola F\u00f3siles | Sabidur\u00eda Ancestral - Conexi\u00f3n con el Pasado - MINERALES LUNA LLENA\",\"isPartOf\":{\"@id\":\"https:\\\/\\\/mineraleslunallena.com\\\/#website\"},\"primaryImageOfPage\":{\"@id\":\"https:\\\/\\\/mineraleslunallena.com\\\/producto\\\/pulsera-bola-fosiles-sabiduria-ancestral-conexion-con-el-pasado\\\/#primaryimage\"},\"image\":{\"@id\":\"https:\\\/\\\/mineraleslunallena.com\\\/producto\\\/pulsera-bola-fosiles-sabiduria-ancestral-conexion-con-el-pasado\\\/#primaryimage\"},\"thumbnailUrl\":\"https:\\\/\\\/mineraleslunallena.com\\\/wp-content\\\/uploads\\\/2025\\\/03\\\/IMG_20250323_211215-1-scaled.jpg\",\"datePublished\":\"2025-03-23T12:57:24+00:00\",\"dateModified\":\"2025-07-11T19:03:22+00:00\",\"breadcrumb\":{\"@id\":\"https:\\\/\\\/mineraleslunallena.com\\\/producto\\\/pulsera-bola-fosiles-sabiduria-ancestral-conexion-con-el-pasado\\\/#breadcrumb\"},\"inLanguage\":\"ca\",\"potentialAction\":[{\"@type\":\"ReadAction\",\"target\":[\"https:\\\/\\\/mineraleslunallena.com\\\/producto\\\/pulsera-bola-fosiles-sabiduria-ancestral-conexion-con-el-pasado\\\/\"]}]},{\"@type\":\"ImageObject\",\"inLanguage\":\"ca\",\"@id\":\"https:\\\/\\\/mineraleslunallena.com\\\/producto\\\/pulsera-bola-fosiles-sabiduria-ancestral-conexion-con-el-pasado\\\/#primaryimage\",\"url\":\"https:\\\/\\\/mineraleslunallena.com\\\/wp-content\\\/uploads\\\/2025\\\/03\\\/IMG_20250323_211215-1-scaled.jpg\",\"contentUrl\":\"https:\\\/\\\/mineraleslunallena.com\\\/wp-content\\\/uploads\\\/2025\\\/03\\\/IMG_20250323_211215-1-scaled.jpg\",\"width\":1153,\"height\":2560},{\"@type\":\"BreadcrumbList\",\"@id\":\"https:\\\/\\\/mineraleslunallena.com\\\/producto\\\/pulsera-bola-fosiles-sabiduria-ancestral-conexion-con-el-pasado\\\/#breadcrumb\",\"itemListElement\":[{\"@type\":\"ListItem\",\"position\":1,\"name\":\"Portada\",\"item\":\"https:\\\/\\\/mineraleslunallena.com\\\/\"},{\"@type\":\"ListItem\",\"position\":2,\"name\":\"Shop\",\"item\":\"https:\\\/\\\/mineraleslunallena.com\\\/ca\\\/shop\\\/\"},{\"@type\":\"ListItem\",\"position\":3,\"name\":\"Pulsera Bola F\u00f3siles | Sabidur\u00eda Ancestral &#8211; Conexi\u00f3n con el Pasado\"}]},{\"@type\":\"WebSite\",\"@id\":\"https:\\\/\\\/mineraleslunallena.com\\\/#website\",\"url\":\"https:\\\/\\\/mineraleslunallena.com\\\/\",\"name\":\"LUNA LLENA MINERALES\",\"description\":\"Es el momento de conectarte con tu propio poder y confiar en tus habilidades.\",\"publisher\":{\"@id\":\"https:\\\/\\\/mineraleslunallena.com\\\/#organization\"},\"potentialAction\":[{\"@type\":\"SearchAction\",\"target\":{\"@type\":\"EntryPoint\",\"urlTemplate\":\"https:\\\/\\\/mineraleslunallena.com\\\/?s={search_term_string}\"},\"query-input\":{\"@type\":\"PropertyValueSpecification\",\"valueRequired\":true,\"valueName\":\"search_term_string\"}}],\"inLanguage\":\"ca\"},{\"@type\":\"Organization\",\"@id\":\"https:\\\/\\\/mineraleslunallena.com\\\/#organization\",\"name\":\"LUNA LLENA MINERALES\",\"url\":\"https:\\\/\\\/mineraleslunallena.com\\\/\",\"logo\":{\"@type\":\"ImageObject\",\"inLanguage\":\"ca\",\"@id\":\"https:\\\/\\\/mineraleslunallena.com\\\/#\\\/schema\\\/logo\\\/image\\\/\",\"url\":\"https:\\\/\\\/mineraleslunallena.com\\\/wp-content\\\/uploads\\\/2023\\\/07\\\/LUNA-LLENA-LOGO-nuevo.png\",\"contentUrl\":\"https:\\\/\\\/mineraleslunallena.com\\\/wp-content\\\/uploads\\\/2023\\\/07\\\/LUNA-LLENA-LOGO-nuevo.png\",\"width\":229,\"height\":167,\"caption\":\"LUNA LLENA MINERALES\"},\"image\":{\"@id\":\"https:\\\/\\\/mineraleslunallena.com\\\/#\\\/schema\\\/logo\\\/image\\\/\"}}]}<\/script>\n<!-- \/ Yoast SEO plugin. -->","yoast_head_json":{"title":"Pulsera Bola F\u00f3siles | Sabidur\u00eda Ancestral - Conexi\u00f3n con el Pasado - MINERALES LUNA LLENA","robots":{"index":"index","follow":"follow","max-snippet":"max-snippet:-1","max-image-preview":"max-image-preview:large","max-video-preview":"max-video-preview:-1"},"canonical":"https:\/\/mineraleslunallena.com\/ca\/producte\/pulsera-bola-fosiles-sabiduria-ancestral-conexion-con-el-pasado\/","og_locale":"ca_ES","og_type":"article","og_title":"Pulsera Bola F\u00f3siles | Sabidur\u00eda Ancestral - Conexi\u00f3n con el Pasado - MINERALES LUNA LLENA","og_description":"Con esta pulsera de F\u00f3siles, te invito a conectarte con la Sabidur\u00eda Ancestral que esta piedra posee. Los f\u00f3siles, al ser testigos de millones de a\u00f1os de evoluci\u00f3n, son s\u00edmbolos de resiliencia y transformaci\u00f3n. Su energ\u00eda te ofrece una profunda conexi\u00f3n con el pasado, ayud\u00e1ndote a comprender lecciones pasadas y aplicarlas en tu vida actual. Adem\u00e1s, su vibraci\u00f3n enraizante te otorga fortaleza y estabilidad, permiti\u00e9ndote mantener la calma en tiempos de incertidumbre. Es ideal para quienes buscan una conexi\u00f3n profunda con la Tierra y la sabidur\u00eda acumulada a lo largo de los tiempos. Si deseas fortalecer tu v\u00ednculo con la historia y la resiliencia, esta pulsera es el complemento perfecto para ti. Cantidad: 1 Unidad. El precio es por una unidad. Tama\u00f1o: 6 mm.  Forma: Pulsera Bola","og_url":"https:\/\/mineraleslunallena.com\/ca\/producte\/pulsera-bola-fosiles-sabiduria-ancestral-conexion-con-el-pasado\/","og_site_name":"MINERALES LUNA LLENA","article_modified_time":"2025-07-11T19:03:22+00:00","og_image":[{"width":1153,"height":2560,"url":"https:\/\/mineraleslunallena.com\/wp-content\/uploads\/2025\/03\/IMG_20250323_211215-1-scaled.jpg","type":"image\/jpeg"}],"twitter_card":"summary_large_image","twitter_misc":{"Temps estimat de lectura":"1 minut"},"schema":{"@context":"https:\/\/schema.org","@graph":[{"@type":"WebPage","@id":"https:\/\/mineraleslunallena.com\/producto\/pulsera-bola-fosiles-sabiduria-ancestral-conexion-con-el-pasado\/","url":"https:\/\/mineraleslunallena.com\/producto\/pulsera-bola-fosiles-sabiduria-ancestral-conexion-con-el-pasado\/","name":"Pulsera Bola F\u00f3siles | Sabidur\u00eda Ancestral - Conexi\u00f3n con el Pasado - MINERALES LUNA LLENA","isPartOf":{"@id":"https:\/\/mineraleslunallena.com\/#website"},"primaryImageOfPage":{"@id":"https:\/\/mineraleslunallena.com\/producto\/pulsera-bola-fosiles-sabiduria-ancestral-conexion-con-el-pasado\/#primaryimage"},"image":{"@id":"https:\/\/mineraleslunallena.com\/producto\/pulsera-bola-fosiles-sabiduria-ancestral-conexion-con-el-pasado\/#primaryimage"},"thumbnailUrl":"https:\/\/mineraleslunallena.com\/wp-content\/uploads\/2025\/03\/IMG_20250323_211215-1-scaled.jpg","datePublished":"2025-03-23T12:57:24+00:00","dateModified":"2025-07-11T19:03:22+00:00","breadcrumb":{"@id":"https:\/\/mineraleslunallena.com\/producto\/pulsera-bola-fosiles-sabiduria-ancestral-conexion-con-el-pasado\/#breadcrumb"},"inLanguage":"ca","potentialAction":[{"@type":"ReadAction","target":["https:\/\/mineraleslunallena.com\/producto\/pulsera-bola-fosiles-sabiduria-ancestral-conexion-con-el-pasado\/"]}]},{"@type":"ImageObject","inLanguage":"ca","@id":"https:\/\/mineraleslunallena.com\/producto\/pulsera-bola-fosiles-sabiduria-ancestral-conexion-con-el-pasado\/#primaryimage","url":"https:\/\/mineraleslunallena.com\/wp-content\/uploads\/2025\/03\/IMG_20250323_211215-1-scaled.jpg","contentUrl":"https:\/\/mineraleslunallena.com\/wp-content\/uploads\/2025\/03\/IMG_20250323_211215-1-scaled.jpg","width":1153,"height":2560},{"@type":"BreadcrumbList","@id":"https:\/\/mineraleslunallena.com\/producto\/pulsera-bola-fosiles-sabiduria-ancestral-conexion-con-el-pasado\/#breadcrumb","itemListElement":[{"@type":"ListItem","position":1,"name":"Portada","item":"https:\/\/mineraleslunallena.com\/"},{"@type":"ListItem","position":2,"name":"Shop","item":"https:\/\/mineraleslunallena.com\/ca\/shop\/"},{"@type":"ListItem","position":3,"name":"Pulsera Bola F\u00f3siles | Sabidur\u00eda Ancestral &#8211; Conexi\u00f3n con el Pasado"}]},{"@type":"WebSite","@id":"https:\/\/mineraleslunallena.com\/#website","url":"https:\/\/mineraleslunallena.com\/","name":"LLUNA PLENA MINERALS","description":"\u00c9s el moment de connectar-te amb el teu poder i confiar en les teves habilitats.","publisher":{"@id":"https:\/\/mineraleslunallena.com\/#organization"},"potentialAction":[{"@type":"SearchAction","target":{"@type":"EntryPoint","urlTemplate":"https:\/\/mineraleslunallena.com\/?s={search_term_string}"},"query-input":{"@type":"PropertyValueSpecification","valueRequired":true,"valueName":"search_term_string"}}],"inLanguage":"ca"},{"@type":"Organization","@id":"https:\/\/mineraleslunallena.com\/#organization","name":"LLUNA PLENA MINERALS","url":"https:\/\/mineraleslunallena.com\/","logo":{"@type":"ImageObject","inLanguage":"ca","@id":"https:\/\/mineraleslunallena.com\/#\/schema\/logo\/image\/","url":"https:\/\/mineraleslunallena.com\/wp-content\/uploads\/2023\/07\/LUNA-LLENA-LOGO-nuevo.png","contentUrl":"https:\/\/mineraleslunallena.com\/wp-content\/uploads\/2023\/07\/LUNA-LLENA-LOGO-nuevo.png","width":229,"height":167,"caption":"LUNA LLENA MINERALES"},"image":{"@id":"https:\/\/mineraleslunallena.com\/#\/schema\/logo\/image\/"}}]}},"jetpack_sharing_enabled":true,"_links":{"self":[{"href":"https:\/\/mineraleslunallena.com\/ca\/wp-json\/wp\/v2\/product\/6661","targetHints":{"allow":["GET"]}}],"collection":[{"href":"https:\/\/mineraleslunallena.com\/ca\/wp-json\/wp\/v2\/product"}],"about":[{"href":"https:\/\/mineraleslunallena.com\/ca\/wp-json\/wp\/v2\/types\/product"}],"version-history":[{"count":2,"href":"https:\/\/mineraleslunallena.com\/ca\/wp-json\/wp\/v2\/product\/6661\/revisions"}],"predecessor-version":[{"id":6732,"href":"https:\/\/mineraleslunallena.com\/ca\/wp-json\/wp\/v2\/product\/6661\/revisions\/6732"}],"wp:featuredmedia":[{"embeddable":true,"href":"https:\/\/mineraleslunallena.com\/ca\/wp-json\/wp\/v2\/media\/6731"}],"wp:attachment":[{"href":"https:\/\/mineraleslunallena.com\/ca\/wp-json\/wp\/v2\/media?parent=6661"}],"wp:term":[{"taxonomy":"product_cat","embeddable":true,"href":"https:\/\/mineraleslunallena.com\/ca\/wp-json\/wp\/v2\/product_cat?post=6661"},{"taxonomy":"product_tag","embeddable":true,"href":"https:\/\/mineraleslunallena.com\/ca\/wp-json\/wp\/v2\/product_tag?post=6661"}],"curies":[{"name":"wp","href":"https:\/\/api.w.org\/{rel}","templated":true}]}}