{"id":6663,"date":"2025-03-23T14:08:49","date_gmt":"2025-03-23T13:08:49","guid":{"rendered":"https:\/\/mineraleslunallena.com\/?post_type=product&#038;p=6663"},"modified":"2025-03-23T22:38:09","modified_gmt":"2025-03-23T21:38:09","slug":"pulsera-chip-rodonita-sanacion-emocional-perdon","status":"publish","type":"product","link":"https:\/\/mineraleslunallena.com\/ca\/producte\/pulsera-chip-rodonita-sanacion-emocional-perdon\/","title":{"rendered":"Pulsera Chip Rodonita | Sanaci\u00f3n Emocional &#8211; Perd\u00f3n"},"content":{"rendered":"<p>Con esta Maravillosa\u00a0<strong data-start=\"87\" data-end=\"119\">Pulsera de Rodonita<\/strong>, te ofrezco un potente aliado para la <strong data-start=\"158\" data-end=\"180\">sanaci\u00f3n emocional<\/strong> y la <strong data-start=\"186\" data-end=\"216\">armonizaci\u00f3n de tu coraz\u00f3n<\/strong>.<\/p>\n<p>La Rodonita es conocida por su capacidad para <strong data-start=\"264\" data-end=\"292\">sanar heridas del pasado<\/strong>, aliviar el dolor emocional y promover el <strong data-start=\"335\" data-end=\"345\">perd\u00f3n<\/strong> tanto hacia los dem\u00e1s como hacia uno mismo.<\/p>\n<p>Su vibraci\u00f3n equilibra las emociones, disuelve los bloqueos energ\u00e9ticos y fomenta la <strong data-start=\"475\" data-end=\"493\">autoaceptaci\u00f3n<\/strong>.<\/p>\n<p>Es ideal para quienes buscan <strong data-start=\"524\" data-end=\"541\">sanar traumas<\/strong> y fomentar <strong data-start=\"553\" data-end=\"582\">relaciones m\u00e1s saludables<\/strong>. Si necesitas restaurar el equilibrio emocional y atraer <strong data-start=\"640\" data-end=\"662\">amor incondicional<\/strong>, esta pulsera de Rodonita ser\u00e1 tu compa\u00f1era perfecta en el camino hacia la paz interior.<\/p>\n<p>&nbsp;<\/p>\n<p>Quantitat: 1 Unitat. El preu \u00e9s per una unitat.<\/p>\n<p>Forma: Pulsera Chip.<\/p>","protected":false},"excerpt":{"rendered":"<p>Con esta Maravillosa\u00a0<strong data-start=\"87\" data-end=\"119\">Pulsera de Rodonita<\/strong>, te ofrezco un potente aliado para la <strong data-start=\"158\" data-end=\"180\">sanaci\u00f3n emocional<\/strong> y la <strong data-start=\"186\" data-end=\"216\">armonizaci\u00f3n de tu coraz\u00f3n<\/strong>.<\/p>\n<p>La Rodonita es conocida por su capacidad para <strong data-start=\"264\" data-end=\"292\">sanar heridas del pasado<\/strong>, aliviar el dolor emocional y promover el <strong data-start=\"335\" data-end=\"345\">perd\u00f3n<\/strong> tanto hacia los dem\u00e1s como hacia uno mismo.<\/p>\n<p>Su vibraci\u00f3n equilibra las emociones, disuelve los bloqueos energ\u00e9ticos y fomenta la <strong data-start=\"475\" data-end=\"493\">autoaceptaci\u00f3n<\/strong>.<\/p>\n<p>Es ideal para quienes buscan <strong data-start=\"524\" data-end=\"541\">sanar traumas<\/strong> y fomentar <strong data-start=\"553\" data-end=\"582\">relaciones m\u00e1s saludables<\/strong>. Si necesitas restaurar el equilibrio emocional y atraer <strong data-start=\"640\" data-end=\"662\">amor incondicional<\/strong>, esta pulsera de Rodonita ser\u00e1 tu compa\u00f1era perfecta en el camino hacia la paz interior.<\/p>\n<p>&nbsp;<\/p>\n<p>Quantitat: 1 Unitat. El preu \u00e9s per una unitat.<\/p>\n<p>Forma: Pulsera Chip.<\/p>","protected":false},"featured_media":6723,"template":"","meta":[],"product_cat":[70,78,103],"product_tag":[],"class_list":{"0":"post-6663","1":"product","2":"type-product","3":"status-publish","4":"has-post-thumbnail","6":"product_cat-joyas-y-accesorios","7":"product_cat-pulseras","8":"product_cat-pulseras-chip","10":"first","11":"instock","12":"sale","13":"taxable","14":"shipping-taxable","15":"purchasable","16":"product-type-simple"},"yoast_head":"<!-- This site is optimized with the Yoast SEO plugin v27.3 - https:\/\/yoast.com\/product\/yoast-seo-wordpress\/ -->\n<title>Pulsera Chip Rodonita | Sanaci\u00f3n Emocional - Perd\u00f3n - MINERALES LUNA LLENA<\/title>\n<meta name=\"robots\" content=\"index, follow, max-snippet:-1, max-image-preview:large, max-video-preview:-1\" \/>\n<link rel=\"canonical\" href=\"https:\/\/mineraleslunallena.com\/ca\/producte\/pulsera-chip-rodonita-sanacion-emocional-perdon\/\" \/>\n<meta property=\"og:locale\" content=\"ca_ES\" \/>\n<meta property=\"og:type\" content=\"article\" \/>\n<meta property=\"og:title\" content=\"Pulsera Chip Rodonita | Sanaci\u00f3n Emocional - Perd\u00f3n - MINERALES LUNA LLENA\" \/>\n<meta property=\"og:description\" content=\"Con esta Maravillosa\u00a0Pulsera de Rodonita, te ofrezco un potente aliado para la sanaci\u00f3n emocional y la armonizaci\u00f3n de tu coraz\u00f3n.  La Rodonita es conocida por su capacidad para sanar heridas del pasado, aliviar el dolor emocional y promover el perd\u00f3n tanto hacia los dem\u00e1s como hacia uno mismo.  Su vibraci\u00f3n equilibra las emociones, disuelve los bloqueos energ\u00e9ticos y fomenta la autoaceptaci\u00f3n.  Es ideal para quienes buscan sanar traumas y fomentar relaciones m\u00e1s saludables. Si necesitas restaurar el equilibrio emocional y atraer amor incondicional, esta pulsera de Rodonita ser\u00e1 tu compa\u00f1era perfecta en el camino hacia la paz interior.  &nbsp;  Cantidad: 1 Unidad. El precio es por una unidad.  Forma: Pulsera Chip.\" \/>\n<meta property=\"og:url\" content=\"https:\/\/mineraleslunallena.com\/ca\/producte\/pulsera-chip-rodonita-sanacion-emocional-perdon\/\" \/>\n<meta property=\"og:site_name\" content=\"MINERALES LUNA LLENA\" \/>\n<meta property=\"article:modified_time\" content=\"2025-03-23T21:38:09+00:00\" \/>\n<meta property=\"og:image\" content=\"https:\/\/mineraleslunallena.com\/wp-content\/uploads\/2025\/03\/IMG_20250323_212933-4-scaled.jpg\" \/>\n\t<meta property=\"og:image:width\" content=\"1153\" \/>\n\t<meta property=\"og:image:height\" content=\"2560\" \/>\n\t<meta property=\"og:image:type\" content=\"image\/jpeg\" \/>\n<meta name=\"twitter:card\" content=\"summary_large_image\" \/>\n<meta name=\"twitter:label1\" content=\"Temps estimat de lectura\" \/>\n\t<meta name=\"twitter:data1\" content=\"1 minut\" \/>\n<script type=\"application\/ld+json\" class=\"yoast-schema-graph\">{\"@context\":\"https:\\\/\\\/schema.org\",\"@graph\":[{\"@type\":\"WebPage\",\"@id\":\"https:\\\/\\\/mineraleslunallena.com\\\/producto\\\/pulsera-chip-rodonita-sanacion-emocional-perdon\\\/\",\"url\":\"https:\\\/\\\/mineraleslunallena.com\\\/producto\\\/pulsera-chip-rodonita-sanacion-emocional-perdon\\\/\",\"name\":\"Pulsera Chip Rodonita | Sanaci\u00f3n Emocional - Perd\u00f3n - MINERALES LUNA LLENA\",\"isPartOf\":{\"@id\":\"https:\\\/\\\/mineraleslunallena.com\\\/#website\"},\"primaryImageOfPage\":{\"@id\":\"https:\\\/\\\/mineraleslunallena.com\\\/producto\\\/pulsera-chip-rodonita-sanacion-emocional-perdon\\\/#primaryimage\"},\"image\":{\"@id\":\"https:\\\/\\\/mineraleslunallena.com\\\/producto\\\/pulsera-chip-rodonita-sanacion-emocional-perdon\\\/#primaryimage\"},\"thumbnailUrl\":\"https:\\\/\\\/mineraleslunallena.com\\\/wp-content\\\/uploads\\\/2025\\\/03\\\/IMG_20250323_212933-4-scaled.jpg\",\"datePublished\":\"2025-03-23T13:08:49+00:00\",\"dateModified\":\"2025-03-23T21:38:09+00:00\",\"breadcrumb\":{\"@id\":\"https:\\\/\\\/mineraleslunallena.com\\\/producto\\\/pulsera-chip-rodonita-sanacion-emocional-perdon\\\/#breadcrumb\"},\"inLanguage\":\"ca\",\"potentialAction\":[{\"@type\":\"ReadAction\",\"target\":[\"https:\\\/\\\/mineraleslunallena.com\\\/producto\\\/pulsera-chip-rodonita-sanacion-emocional-perdon\\\/\"]}]},{\"@type\":\"ImageObject\",\"inLanguage\":\"ca\",\"@id\":\"https:\\\/\\\/mineraleslunallena.com\\\/producto\\\/pulsera-chip-rodonita-sanacion-emocional-perdon\\\/#primaryimage\",\"url\":\"https:\\\/\\\/mineraleslunallena.com\\\/wp-content\\\/uploads\\\/2025\\\/03\\\/IMG_20250323_212933-4-scaled.jpg\",\"contentUrl\":\"https:\\\/\\\/mineraleslunallena.com\\\/wp-content\\\/uploads\\\/2025\\\/03\\\/IMG_20250323_212933-4-scaled.jpg\",\"width\":1153,\"height\":2560},{\"@type\":\"BreadcrumbList\",\"@id\":\"https:\\\/\\\/mineraleslunallena.com\\\/producto\\\/pulsera-chip-rodonita-sanacion-emocional-perdon\\\/#breadcrumb\",\"itemListElement\":[{\"@type\":\"ListItem\",\"position\":1,\"name\":\"Portada\",\"item\":\"https:\\\/\\\/mineraleslunallena.com\\\/\"},{\"@type\":\"ListItem\",\"position\":2,\"name\":\"Shop\",\"item\":\"https:\\\/\\\/mineraleslunallena.com\\\/ca\\\/shop\\\/\"},{\"@type\":\"ListItem\",\"position\":3,\"name\":\"Pulsera Chip Rodonita | Sanaci\u00f3n Emocional &#8211; Perd\u00f3n\"}]},{\"@type\":\"WebSite\",\"@id\":\"https:\\\/\\\/mineraleslunallena.com\\\/#website\",\"url\":\"https:\\\/\\\/mineraleslunallena.com\\\/\",\"name\":\"LUNA LLENA MINERALES\",\"description\":\"Es el momento de conectarte con tu propio poder y confiar en tus habilidades.\",\"publisher\":{\"@id\":\"https:\\\/\\\/mineraleslunallena.com\\\/#organization\"},\"potentialAction\":[{\"@type\":\"SearchAction\",\"target\":{\"@type\":\"EntryPoint\",\"urlTemplate\":\"https:\\\/\\\/mineraleslunallena.com\\\/?s={search_term_string}\"},\"query-input\":{\"@type\":\"PropertyValueSpecification\",\"valueRequired\":true,\"valueName\":\"search_term_string\"}}],\"inLanguage\":\"ca\"},{\"@type\":\"Organization\",\"@id\":\"https:\\\/\\\/mineraleslunallena.com\\\/#organization\",\"name\":\"LUNA LLENA MINERALES\",\"url\":\"https:\\\/\\\/mineraleslunallena.com\\\/\",\"logo\":{\"@type\":\"ImageObject\",\"inLanguage\":\"ca\",\"@id\":\"https:\\\/\\\/mineraleslunallena.com\\\/#\\\/schema\\\/logo\\\/image\\\/\",\"url\":\"https:\\\/\\\/mineraleslunallena.com\\\/wp-content\\\/uploads\\\/2023\\\/07\\\/LUNA-LLENA-LOGO-nuevo.png\",\"contentUrl\":\"https:\\\/\\\/mineraleslunallena.com\\\/wp-content\\\/uploads\\\/2023\\\/07\\\/LUNA-LLENA-LOGO-nuevo.png\",\"width\":229,\"height\":167,\"caption\":\"LUNA LLENA MINERALES\"},\"image\":{\"@id\":\"https:\\\/\\\/mineraleslunallena.com\\\/#\\\/schema\\\/logo\\\/image\\\/\"}}]}<\/script>\n<!-- \/ Yoast SEO plugin. -->","yoast_head_json":{"title":"Pulsera Chip Rodonita | Sanaci\u00f3n Emocional - Perd\u00f3n - MINERALES LUNA LLENA","robots":{"index":"index","follow":"follow","max-snippet":"max-snippet:-1","max-image-preview":"max-image-preview:large","max-video-preview":"max-video-preview:-1"},"canonical":"https:\/\/mineraleslunallena.com\/ca\/producte\/pulsera-chip-rodonita-sanacion-emocional-perdon\/","og_locale":"ca_ES","og_type":"article","og_title":"Pulsera Chip Rodonita | Sanaci\u00f3n Emocional - Perd\u00f3n - MINERALES LUNA LLENA","og_description":"Con esta Maravillosa\u00a0Pulsera de Rodonita, te ofrezco un potente aliado para la sanaci\u00f3n emocional y la armonizaci\u00f3n de tu coraz\u00f3n.  La Rodonita es conocida por su capacidad para sanar heridas del pasado, aliviar el dolor emocional y promover el perd\u00f3n tanto hacia los dem\u00e1s como hacia uno mismo.  Su vibraci\u00f3n equilibra las emociones, disuelve los bloqueos energ\u00e9ticos y fomenta la autoaceptaci\u00f3n.  Es ideal para quienes buscan sanar traumas y fomentar relaciones m\u00e1s saludables. Si necesitas restaurar el equilibrio emocional y atraer amor incondicional, esta pulsera de Rodonita ser\u00e1 tu compa\u00f1era perfecta en el camino hacia la paz interior.  &nbsp;  Cantidad: 1 Unidad. El precio es por una unidad.  Forma: Pulsera Chip.","og_url":"https:\/\/mineraleslunallena.com\/ca\/producte\/pulsera-chip-rodonita-sanacion-emocional-perdon\/","og_site_name":"MINERALES LUNA LLENA","article_modified_time":"2025-03-23T21:38:09+00:00","og_image":[{"width":1153,"height":2560,"url":"https:\/\/mineraleslunallena.com\/wp-content\/uploads\/2025\/03\/IMG_20250323_212933-4-scaled.jpg","type":"image\/jpeg"}],"twitter_card":"summary_large_image","twitter_misc":{"Temps estimat de lectura":"1 minut"},"schema":{"@context":"https:\/\/schema.org","@graph":[{"@type":"WebPage","@id":"https:\/\/mineraleslunallena.com\/producto\/pulsera-chip-rodonita-sanacion-emocional-perdon\/","url":"https:\/\/mineraleslunallena.com\/producto\/pulsera-chip-rodonita-sanacion-emocional-perdon\/","name":"Pulsera Chip Rodonita | Sanaci\u00f3n Emocional - Perd\u00f3n - MINERALES LUNA LLENA","isPartOf":{"@id":"https:\/\/mineraleslunallena.com\/#website"},"primaryImageOfPage":{"@id":"https:\/\/mineraleslunallena.com\/producto\/pulsera-chip-rodonita-sanacion-emocional-perdon\/#primaryimage"},"image":{"@id":"https:\/\/mineraleslunallena.com\/producto\/pulsera-chip-rodonita-sanacion-emocional-perdon\/#primaryimage"},"thumbnailUrl":"https:\/\/mineraleslunallena.com\/wp-content\/uploads\/2025\/03\/IMG_20250323_212933-4-scaled.jpg","datePublished":"2025-03-23T13:08:49+00:00","dateModified":"2025-03-23T21:38:09+00:00","breadcrumb":{"@id":"https:\/\/mineraleslunallena.com\/producto\/pulsera-chip-rodonita-sanacion-emocional-perdon\/#breadcrumb"},"inLanguage":"ca","potentialAction":[{"@type":"ReadAction","target":["https:\/\/mineraleslunallena.com\/producto\/pulsera-chip-rodonita-sanacion-emocional-perdon\/"]}]},{"@type":"ImageObject","inLanguage":"ca","@id":"https:\/\/mineraleslunallena.com\/producto\/pulsera-chip-rodonita-sanacion-emocional-perdon\/#primaryimage","url":"https:\/\/mineraleslunallena.com\/wp-content\/uploads\/2025\/03\/IMG_20250323_212933-4-scaled.jpg","contentUrl":"https:\/\/mineraleslunallena.com\/wp-content\/uploads\/2025\/03\/IMG_20250323_212933-4-scaled.jpg","width":1153,"height":2560},{"@type":"BreadcrumbList","@id":"https:\/\/mineraleslunallena.com\/producto\/pulsera-chip-rodonita-sanacion-emocional-perdon\/#breadcrumb","itemListElement":[{"@type":"ListItem","position":1,"name":"Portada","item":"https:\/\/mineraleslunallena.com\/"},{"@type":"ListItem","position":2,"name":"Shop","item":"https:\/\/mineraleslunallena.com\/ca\/shop\/"},{"@type":"ListItem","position":3,"name":"Pulsera Chip Rodonita | Sanaci\u00f3n Emocional &#8211; Perd\u00f3n"}]},{"@type":"WebSite","@id":"https:\/\/mineraleslunallena.com\/#website","url":"https:\/\/mineraleslunallena.com\/","name":"LLUNA PLENA MINERALS","description":"\u00c9s el moment de connectar-te amb el teu poder i confiar en les teves habilitats.","publisher":{"@id":"https:\/\/mineraleslunallena.com\/#organization"},"potentialAction":[{"@type":"SearchAction","target":{"@type":"EntryPoint","urlTemplate":"https:\/\/mineraleslunallena.com\/?s={search_term_string}"},"query-input":{"@type":"PropertyValueSpecification","valueRequired":true,"valueName":"search_term_string"}}],"inLanguage":"ca"},{"@type":"Organization","@id":"https:\/\/mineraleslunallena.com\/#organization","name":"LLUNA PLENA MINERALS","url":"https:\/\/mineraleslunallena.com\/","logo":{"@type":"ImageObject","inLanguage":"ca","@id":"https:\/\/mineraleslunallena.com\/#\/schema\/logo\/image\/","url":"https:\/\/mineraleslunallena.com\/wp-content\/uploads\/2023\/07\/LUNA-LLENA-LOGO-nuevo.png","contentUrl":"https:\/\/mineraleslunallena.com\/wp-content\/uploads\/2023\/07\/LUNA-LLENA-LOGO-nuevo.png","width":229,"height":167,"caption":"LUNA LLENA MINERALES"},"image":{"@id":"https:\/\/mineraleslunallena.com\/#\/schema\/logo\/image\/"}}]}},"jetpack_sharing_enabled":true,"_links":{"self":[{"href":"https:\/\/mineraleslunallena.com\/ca\/wp-json\/wp\/v2\/product\/6663","targetHints":{"allow":["GET"]}}],"collection":[{"href":"https:\/\/mineraleslunallena.com\/ca\/wp-json\/wp\/v2\/product"}],"about":[{"href":"https:\/\/mineraleslunallena.com\/ca\/wp-json\/wp\/v2\/types\/product"}],"version-history":[{"count":1,"href":"https:\/\/mineraleslunallena.com\/ca\/wp-json\/wp\/v2\/product\/6663\/revisions"}],"predecessor-version":[{"id":6664,"href":"https:\/\/mineraleslunallena.com\/ca\/wp-json\/wp\/v2\/product\/6663\/revisions\/6664"}],"wp:featuredmedia":[{"embeddable":true,"href":"https:\/\/mineraleslunallena.com\/ca\/wp-json\/wp\/v2\/media\/6723"}],"wp:attachment":[{"href":"https:\/\/mineraleslunallena.com\/ca\/wp-json\/wp\/v2\/media?parent=6663"}],"wp:term":[{"taxonomy":"product_cat","embeddable":true,"href":"https:\/\/mineraleslunallena.com\/ca\/wp-json\/wp\/v2\/product_cat?post=6663"},{"taxonomy":"product_tag","embeddable":true,"href":"https:\/\/mineraleslunallena.com\/ca\/wp-json\/wp\/v2\/product_tag?post=6663"}],"curies":[{"name":"wp","href":"https:\/\/api.w.org\/{rel}","templated":true}]}}