{"id":6688,"date":"2025-03-23T15:56:05","date_gmt":"2025-03-23T14:56:05","guid":{"rendered":"https:\/\/mineraleslunallena.com\/?post_type=product&#038;p=6688"},"modified":"2025-09-04T21:57:29","modified_gmt":"2025-09-04T19:57:29","slug":"colgante-plata-rodocrosita-sanacion-profunda-amor-propio","status":"publish","type":"product","link":"https:\/\/mineraleslunallena.com\/ca\/producte\/colgante-plata-rodocrosita-sanacion-profunda-amor-propio\/","title":{"rendered":"Colgante Plata Rodocrosita | Sanaci\u00f3n Profunda &#8211; Amor Propio"},"content":{"rendered":"<p data-start=\"0\" data-end=\"597\"><span data-start=\"3\" data-end=\"30\">Este maravilloso\u00a0 Colgante <\/span><strong data-start=\"3\" data-end=\"30\">de Rodocrosita<\/strong> es una joya que encierra un poder de <strong data-start=\"68\" data-end=\"90\">sanaci\u00f3n emocional<\/strong> profunda, especialmente en lo relacionado con el <strong data-start=\"140\" data-end=\"151\">coraz\u00f3n<\/strong>.<\/p>\n<p data-start=\"0\" data-end=\"597\">Esta piedra se asocia con el <strong data-start=\"182\" data-end=\"204\">chakra del coraz\u00f3n<\/strong>, ayudando a <strong data-start=\"217\" data-end=\"249\">liberar emociones reprimidas<\/strong>, sanando <strong data-start=\"259\" data-end=\"282\">traumas emocionales<\/strong> y promoviendo el <strong data-start=\"300\" data-end=\"310\">perd\u00f3n<\/strong> hacia uno mismo y los dem\u00e1s.<\/p>\n<p data-start=\"0\" data-end=\"597\">Act\u00faa como un <strong data-start=\"373\" data-end=\"406\">amuleto de amor incondicional<\/strong>, fomentando la <strong data-start=\"422\" data-end=\"440\">autoaceptaci\u00f3n<\/strong> y la <strong data-start=\"446\" data-end=\"459\">compasi\u00f3n<\/strong>. Su energ\u00eda suaviza las emociones, aliviando el <strong data-start=\"508\" data-end=\"518\">estr\u00e9s<\/strong> y <strong data-start=\"521\" data-end=\"536\">la ansiedad<\/strong>, mientras promueve una <strong data-start=\"560\" data-end=\"586\">armonizaci\u00f3n emocional<\/strong> constante.<\/p>\n<p data-start=\"599\" data-end=\"1192\" data-is-last-node=\"\" data-is-only-node=\"\">Ideal para quienes buscan fortalecer su capacidad de <strong data-start=\"704\" data-end=\"726\">amar profundamente<\/strong> y <strong data-start=\"729\" data-end=\"761\">conectar con su ser interior<\/strong>.<\/p>\n<p data-start=\"599\" data-end=\"1192\" data-is-last-node=\"\" data-is-only-node=\"\">Tiene la capacidad de <strong data-start=\"805\" data-end=\"819\">equilibrar<\/strong> y <strong data-start=\"822\" data-end=\"851\">elevar el estado de \u00e1nimo<\/strong>, trayendo una sensaci\u00f3n de <strong data-start=\"879\" data-end=\"892\">bienestar<\/strong> y <strong data-start=\"895\" data-end=\"906\">alegr\u00eda<\/strong>.<\/p>\n<p data-start=\"599\" data-end=\"1192\" data-is-last-node=\"\" data-is-only-node=\"\">Llevarla cerca del coraz\u00f3n te recuerda la importancia del <strong data-start=\"966\" data-end=\"981\">amor propio<\/strong>, permiti\u00e9ndote sanar y liberar cualquier carga emocional que impida tu crecimiento personal. Adem\u00e1s, su energ\u00eda vibrante te ayuda a <strong data-start=\"1114\" data-end=\"1137\">atraer amor genuino<\/strong> en tu vida, tanto hacia ti mismo como hacia los dem\u00e1s.<\/p>\n<p>Material: Plata de Ley 925.<\/p>\n<p>Quantitat: 1 Unitat. El preu \u00e9s per una unitat.<\/p>\n<p>Tama\u00f1o: Entre 3 cm y 4cm aproximadamente.<\/p>\n<p>Forma: Colgante Gota.<\/p>","protected":false},"excerpt":{"rendered":"<p data-start=\"0\" data-end=\"597\"><span data-start=\"3\" data-end=\"30\">Este maravillso\u00a0 Colgante <\/span><strong data-start=\"3\" data-end=\"30\">de Rodocrosita<\/strong> es una joya que encierra un poder de <strong data-start=\"68\" data-end=\"90\">sanaci\u00f3n emocional<\/strong> profunda, especialmente en lo relacionado con el <strong data-start=\"140\" data-end=\"151\">coraz\u00f3n<\/strong>.<\/p>\n<p data-start=\"0\" data-end=\"597\">Esta piedra se asocia con el <strong data-start=\"182\" data-end=\"204\">chakra del coraz\u00f3n<\/strong>, ayudando a <strong data-start=\"217\" data-end=\"249\">liberar emociones reprimidas<\/strong>, sanando <strong data-start=\"259\" data-end=\"282\">traumas emocionales<\/strong> y promoviendo el <strong data-start=\"300\" data-end=\"310\">perd\u00f3n<\/strong> hacia uno mismo y los dem\u00e1s.<\/p>\n<p data-start=\"0\" data-end=\"597\">Act\u00faa como un <strong data-start=\"373\" data-end=\"406\">amuleto de amor incondicional<\/strong>, fomentando la <strong data-start=\"422\" data-end=\"440\">autoaceptaci\u00f3n<\/strong> y la <strong data-start=\"446\" data-end=\"459\">compasi\u00f3n<\/strong>. Su energ\u00eda suaviza las emociones, aliviando el <strong data-start=\"508\" data-end=\"518\">estr\u00e9s<\/strong> y <strong data-start=\"521\" data-end=\"536\">la ansiedad<\/strong>, mientras promueve una <strong data-start=\"560\" data-end=\"586\">armonizaci\u00f3n emocional<\/strong> constante.<\/p>\n<p data-start=\"599\" data-end=\"1192\" data-is-last-node=\"\" data-is-only-node=\"\">Ideal para quienes buscan fortalecer su capacidad de <strong data-start=\"704\" data-end=\"726\">amar profundamente<\/strong> y <strong data-start=\"729\" data-end=\"761\">conectar con su ser interior<\/strong>.<\/p>\n<p data-start=\"599\" data-end=\"1192\" data-is-last-node=\"\" data-is-only-node=\"\">Tiene la capacidad de <strong data-start=\"805\" data-end=\"819\">equilibrar<\/strong> y <strong data-start=\"822\" data-end=\"851\">elevar el estado de \u00e1nimo<\/strong>, trayendo una sensaci\u00f3n de <strong data-start=\"879\" data-end=\"892\">bienestar<\/strong> y <strong data-start=\"895\" data-end=\"906\">alegr\u00eda<\/strong>.<\/p>\n<p data-start=\"599\" data-end=\"1192\" data-is-last-node=\"\" data-is-only-node=\"\">Llevarla cerca del coraz\u00f3n te recuerda la importancia del <strong data-start=\"966\" data-end=\"981\">amor propio<\/strong>, permiti\u00e9ndote sanar y liberar cualquier carga emocional que impida tu crecimiento personal. Adem\u00e1s, su energ\u00eda vibrante te ayuda a <strong data-start=\"1114\" data-end=\"1137\">atraer amor genuino<\/strong> en tu vida, tanto hacia ti mismo como hacia los dem\u00e1s.<\/p>\n<p>Material: Plata de Ley 925.<\/p>\n<p>Quantitat: 1 Unitat. El preu \u00e9s per una unitat.<\/p>\n<p>Tama\u00f1o: Entre 3 cm y 4cm aproximadamente.<\/p>\n<p>Forma: Colgante Gota.<\/p>","protected":false},"featured_media":6736,"template":"","meta":[],"product_cat":[105,70],"product_tag":[],"class_list":{"0":"post-6688","1":"product","2":"type-product","3":"status-publish","4":"has-post-thumbnail","6":"product_cat-colgantes","7":"product_cat-joyas-y-accesorios","9":"first","10":"instock","11":"sale","12":"taxable","13":"shipping-taxable","14":"purchasable","15":"product-type-simple"},"yoast_head":"<!-- This site is optimized with the Yoast SEO plugin v27.3 - https:\/\/yoast.com\/product\/yoast-seo-wordpress\/ -->\n<title>Colgante Plata Rodocrosita | Sanaci\u00f3n Profunda - Amor Propio - MINERALES LUNA LLENA<\/title>\n<meta name=\"robots\" content=\"index, follow, max-snippet:-1, max-image-preview:large, max-video-preview:-1\" \/>\n<link rel=\"canonical\" href=\"https:\/\/mineraleslunallena.com\/ca\/producte\/colgante-plata-rodocrosita-sanacion-profunda-amor-propio\/\" \/>\n<meta property=\"og:locale\" content=\"ca_ES\" \/>\n<meta property=\"og:type\" content=\"article\" \/>\n<meta property=\"og:title\" content=\"Colgante Plata Rodocrosita | Sanaci\u00f3n Profunda - Amor Propio - MINERALES LUNA LLENA\" \/>\n<meta property=\"og:description\" content=\"Este maravillso\u00a0 Colgante de Rodocrosita es una joya que encierra un poder de sanaci\u00f3n emocional profunda, especialmente en lo relacionado con el coraz\u00f3n. Esta piedra se asocia con el chakra del coraz\u00f3n, ayudando a liberar emociones reprimidas, sanando traumas emocionales y promoviendo el perd\u00f3n hacia uno mismo y los dem\u00e1s. Act\u00faa como un amuleto de amor incondicional, fomentando la autoaceptaci\u00f3n y la compasi\u00f3n. Su energ\u00eda suaviza las emociones, aliviando el estr\u00e9s y la ansiedad, mientras promueve una armonizaci\u00f3n emocional constante. Ideal para quienes buscan fortalecer su capacidad de amar profundamente y conectar con su ser interior. Tiene la capacidad de equilibrar y elevar el estado de \u00e1nimo, trayendo una sensaci\u00f3n de bienestar y alegr\u00eda. Llevarla cerca del coraz\u00f3n te recuerda la importancia del amor propio, permiti\u00e9ndote sanar y liberar cualquier carga emocional que impida tu crecimiento personal. Adem\u00e1s, su energ\u00eda vibrante te ayuda a atraer amor genuino en tu vida, tanto hacia ti mismo como hacia los dem\u00e1s. Material: Plata de Ley 925.  Cantidad: 1 Unidad. El precio es por una unidad.  Tama\u00f1o: Entre 3 cm y 4cm aproximadamente.  Forma: Colgante Gota.\" \/>\n<meta property=\"og:url\" content=\"https:\/\/mineraleslunallena.com\/ca\/producte\/colgante-plata-rodocrosita-sanacion-profunda-amor-propio\/\" \/>\n<meta property=\"og:site_name\" content=\"MINERALES LUNA LLENA\" \/>\n<meta property=\"article:modified_time\" content=\"2025-09-04T19:57:29+00:00\" \/>\n<meta property=\"og:image\" content=\"https:\/\/mineraleslunallena.com\/wp-content\/uploads\/2025\/03\/IMG_20250323_225236-scaled.jpg\" \/>\n\t<meta property=\"og:image:width\" content=\"1153\" \/>\n\t<meta property=\"og:image:height\" content=\"2560\" \/>\n\t<meta property=\"og:image:type\" content=\"image\/jpeg\" \/>\n<meta name=\"twitter:card\" content=\"summary_large_image\" \/>\n<meta name=\"twitter:label1\" content=\"Temps estimat de lectura\" \/>\n\t<meta name=\"twitter:data1\" content=\"2 minuts\" \/>\n<script type=\"application\/ld+json\" class=\"yoast-schema-graph\">{\"@context\":\"https:\\\/\\\/schema.org\",\"@graph\":[{\"@type\":\"WebPage\",\"@id\":\"https:\\\/\\\/mineraleslunallena.com\\\/producto\\\/colgante-plata-rodocrosita-sanacion-profunda-amor-propio\\\/\",\"url\":\"https:\\\/\\\/mineraleslunallena.com\\\/producto\\\/colgante-plata-rodocrosita-sanacion-profunda-amor-propio\\\/\",\"name\":\"Colgante Plata Rodocrosita | Sanaci\u00f3n Profunda - Amor Propio - MINERALES LUNA LLENA\",\"isPartOf\":{\"@id\":\"https:\\\/\\\/mineraleslunallena.com\\\/#website\"},\"primaryImageOfPage\":{\"@id\":\"https:\\\/\\\/mineraleslunallena.com\\\/producto\\\/colgante-plata-rodocrosita-sanacion-profunda-amor-propio\\\/#primaryimage\"},\"image\":{\"@id\":\"https:\\\/\\\/mineraleslunallena.com\\\/producto\\\/colgante-plata-rodocrosita-sanacion-profunda-amor-propio\\\/#primaryimage\"},\"thumbnailUrl\":\"https:\\\/\\\/mineraleslunallena.com\\\/wp-content\\\/uploads\\\/2025\\\/03\\\/IMG_20250323_225236-scaled.jpg\",\"datePublished\":\"2025-03-23T14:56:05+00:00\",\"dateModified\":\"2025-09-04T19:57:29+00:00\",\"breadcrumb\":{\"@id\":\"https:\\\/\\\/mineraleslunallena.com\\\/producto\\\/colgante-plata-rodocrosita-sanacion-profunda-amor-propio\\\/#breadcrumb\"},\"inLanguage\":\"ca\",\"potentialAction\":[{\"@type\":\"ReadAction\",\"target\":[\"https:\\\/\\\/mineraleslunallena.com\\\/producto\\\/colgante-plata-rodocrosita-sanacion-profunda-amor-propio\\\/\"]}]},{\"@type\":\"ImageObject\",\"inLanguage\":\"ca\",\"@id\":\"https:\\\/\\\/mineraleslunallena.com\\\/producto\\\/colgante-plata-rodocrosita-sanacion-profunda-amor-propio\\\/#primaryimage\",\"url\":\"https:\\\/\\\/mineraleslunallena.com\\\/wp-content\\\/uploads\\\/2025\\\/03\\\/IMG_20250323_225236-scaled.jpg\",\"contentUrl\":\"https:\\\/\\\/mineraleslunallena.com\\\/wp-content\\\/uploads\\\/2025\\\/03\\\/IMG_20250323_225236-scaled.jpg\",\"width\":1153,\"height\":2560},{\"@type\":\"BreadcrumbList\",\"@id\":\"https:\\\/\\\/mineraleslunallena.com\\\/producto\\\/colgante-plata-rodocrosita-sanacion-profunda-amor-propio\\\/#breadcrumb\",\"itemListElement\":[{\"@type\":\"ListItem\",\"position\":1,\"name\":\"Portada\",\"item\":\"https:\\\/\\\/mineraleslunallena.com\\\/\"},{\"@type\":\"ListItem\",\"position\":2,\"name\":\"Shop\",\"item\":\"https:\\\/\\\/mineraleslunallena.com\\\/ca\\\/shop\\\/\"},{\"@type\":\"ListItem\",\"position\":3,\"name\":\"Colgante Plata Rodocrosita | Sanaci\u00f3n Profunda &#8211; Amor Propio\"}]},{\"@type\":\"WebSite\",\"@id\":\"https:\\\/\\\/mineraleslunallena.com\\\/#website\",\"url\":\"https:\\\/\\\/mineraleslunallena.com\\\/\",\"name\":\"LUNA LLENA MINERALES\",\"description\":\"Es el momento de conectarte con tu propio poder y confiar en tus habilidades.\",\"publisher\":{\"@id\":\"https:\\\/\\\/mineraleslunallena.com\\\/#organization\"},\"potentialAction\":[{\"@type\":\"SearchAction\",\"target\":{\"@type\":\"EntryPoint\",\"urlTemplate\":\"https:\\\/\\\/mineraleslunallena.com\\\/?s={search_term_string}\"},\"query-input\":{\"@type\":\"PropertyValueSpecification\",\"valueRequired\":true,\"valueName\":\"search_term_string\"}}],\"inLanguage\":\"ca\"},{\"@type\":\"Organization\",\"@id\":\"https:\\\/\\\/mineraleslunallena.com\\\/#organization\",\"name\":\"LUNA LLENA MINERALES\",\"url\":\"https:\\\/\\\/mineraleslunallena.com\\\/\",\"logo\":{\"@type\":\"ImageObject\",\"inLanguage\":\"ca\",\"@id\":\"https:\\\/\\\/mineraleslunallena.com\\\/#\\\/schema\\\/logo\\\/image\\\/\",\"url\":\"https:\\\/\\\/mineraleslunallena.com\\\/wp-content\\\/uploads\\\/2023\\\/07\\\/LUNA-LLENA-LOGO-nuevo.png\",\"contentUrl\":\"https:\\\/\\\/mineraleslunallena.com\\\/wp-content\\\/uploads\\\/2023\\\/07\\\/LUNA-LLENA-LOGO-nuevo.png\",\"width\":229,\"height\":167,\"caption\":\"LUNA LLENA MINERALES\"},\"image\":{\"@id\":\"https:\\\/\\\/mineraleslunallena.com\\\/#\\\/schema\\\/logo\\\/image\\\/\"}}]}<\/script>\n<!-- \/ Yoast SEO plugin. -->","yoast_head_json":{"title":"Colgante Plata Rodocrosita | Sanaci\u00f3n Profunda - Amor Propio - MINERALES LUNA LLENA","robots":{"index":"index","follow":"follow","max-snippet":"max-snippet:-1","max-image-preview":"max-image-preview:large","max-video-preview":"max-video-preview:-1"},"canonical":"https:\/\/mineraleslunallena.com\/ca\/producte\/colgante-plata-rodocrosita-sanacion-profunda-amor-propio\/","og_locale":"ca_ES","og_type":"article","og_title":"Colgante Plata Rodocrosita | Sanaci\u00f3n Profunda - Amor Propio - MINERALES LUNA LLENA","og_description":"Este maravillso\u00a0 Colgante de Rodocrosita es una joya que encierra un poder de sanaci\u00f3n emocional profunda, especialmente en lo relacionado con el coraz\u00f3n. Esta piedra se asocia con el chakra del coraz\u00f3n, ayudando a liberar emociones reprimidas, sanando traumas emocionales y promoviendo el perd\u00f3n hacia uno mismo y los dem\u00e1s. Act\u00faa como un amuleto de amor incondicional, fomentando la autoaceptaci\u00f3n y la compasi\u00f3n. Su energ\u00eda suaviza las emociones, aliviando el estr\u00e9s y la ansiedad, mientras promueve una armonizaci\u00f3n emocional constante. Ideal para quienes buscan fortalecer su capacidad de amar profundamente y conectar con su ser interior. Tiene la capacidad de equilibrar y elevar el estado de \u00e1nimo, trayendo una sensaci\u00f3n de bienestar y alegr\u00eda. Llevarla cerca del coraz\u00f3n te recuerda la importancia del amor propio, permiti\u00e9ndote sanar y liberar cualquier carga emocional que impida tu crecimiento personal. Adem\u00e1s, su energ\u00eda vibrante te ayuda a atraer amor genuino en tu vida, tanto hacia ti mismo como hacia los dem\u00e1s. Material: Plata de Ley 925.  Cantidad: 1 Unidad. El precio es por una unidad.  Tama\u00f1o: Entre 3 cm y 4cm aproximadamente.  Forma: Colgante Gota.","og_url":"https:\/\/mineraleslunallena.com\/ca\/producte\/colgante-plata-rodocrosita-sanacion-profunda-amor-propio\/","og_site_name":"MINERALES LUNA LLENA","article_modified_time":"2025-09-04T19:57:29+00:00","og_image":[{"width":1153,"height":2560,"url":"https:\/\/mineraleslunallena.com\/wp-content\/uploads\/2025\/03\/IMG_20250323_225236-scaled.jpg","type":"image\/jpeg"}],"twitter_card":"summary_large_image","twitter_misc":{"Temps estimat de lectura":"2 minuts"},"schema":{"@context":"https:\/\/schema.org","@graph":[{"@type":"WebPage","@id":"https:\/\/mineraleslunallena.com\/producto\/colgante-plata-rodocrosita-sanacion-profunda-amor-propio\/","url":"https:\/\/mineraleslunallena.com\/producto\/colgante-plata-rodocrosita-sanacion-profunda-amor-propio\/","name":"Colgante Plata Rodocrosita | Sanaci\u00f3n Profunda - Amor Propio - MINERALES LUNA LLENA","isPartOf":{"@id":"https:\/\/mineraleslunallena.com\/#website"},"primaryImageOfPage":{"@id":"https:\/\/mineraleslunallena.com\/producto\/colgante-plata-rodocrosita-sanacion-profunda-amor-propio\/#primaryimage"},"image":{"@id":"https:\/\/mineraleslunallena.com\/producto\/colgante-plata-rodocrosita-sanacion-profunda-amor-propio\/#primaryimage"},"thumbnailUrl":"https:\/\/mineraleslunallena.com\/wp-content\/uploads\/2025\/03\/IMG_20250323_225236-scaled.jpg","datePublished":"2025-03-23T14:56:05+00:00","dateModified":"2025-09-04T19:57:29+00:00","breadcrumb":{"@id":"https:\/\/mineraleslunallena.com\/producto\/colgante-plata-rodocrosita-sanacion-profunda-amor-propio\/#breadcrumb"},"inLanguage":"ca","potentialAction":[{"@type":"ReadAction","target":["https:\/\/mineraleslunallena.com\/producto\/colgante-plata-rodocrosita-sanacion-profunda-amor-propio\/"]}]},{"@type":"ImageObject","inLanguage":"ca","@id":"https:\/\/mineraleslunallena.com\/producto\/colgante-plata-rodocrosita-sanacion-profunda-amor-propio\/#primaryimage","url":"https:\/\/mineraleslunallena.com\/wp-content\/uploads\/2025\/03\/IMG_20250323_225236-scaled.jpg","contentUrl":"https:\/\/mineraleslunallena.com\/wp-content\/uploads\/2025\/03\/IMG_20250323_225236-scaled.jpg","width":1153,"height":2560},{"@type":"BreadcrumbList","@id":"https:\/\/mineraleslunallena.com\/producto\/colgante-plata-rodocrosita-sanacion-profunda-amor-propio\/#breadcrumb","itemListElement":[{"@type":"ListItem","position":1,"name":"Portada","item":"https:\/\/mineraleslunallena.com\/"},{"@type":"ListItem","position":2,"name":"Shop","item":"https:\/\/mineraleslunallena.com\/ca\/shop\/"},{"@type":"ListItem","position":3,"name":"Colgante Plata Rodocrosita | Sanaci\u00f3n Profunda &#8211; Amor Propio"}]},{"@type":"WebSite","@id":"https:\/\/mineraleslunallena.com\/#website","url":"https:\/\/mineraleslunallena.com\/","name":"LLUNA PLENA MINERALS","description":"\u00c9s el moment de connectar-te amb el teu poder i confiar en les teves habilitats.","publisher":{"@id":"https:\/\/mineraleslunallena.com\/#organization"},"potentialAction":[{"@type":"SearchAction","target":{"@type":"EntryPoint","urlTemplate":"https:\/\/mineraleslunallena.com\/?s={search_term_string}"},"query-input":{"@type":"PropertyValueSpecification","valueRequired":true,"valueName":"search_term_string"}}],"inLanguage":"ca"},{"@type":"Organization","@id":"https:\/\/mineraleslunallena.com\/#organization","name":"LLUNA PLENA MINERALS","url":"https:\/\/mineraleslunallena.com\/","logo":{"@type":"ImageObject","inLanguage":"ca","@id":"https:\/\/mineraleslunallena.com\/#\/schema\/logo\/image\/","url":"https:\/\/mineraleslunallena.com\/wp-content\/uploads\/2023\/07\/LUNA-LLENA-LOGO-nuevo.png","contentUrl":"https:\/\/mineraleslunallena.com\/wp-content\/uploads\/2023\/07\/LUNA-LLENA-LOGO-nuevo.png","width":229,"height":167,"caption":"LUNA LLENA MINERALES"},"image":{"@id":"https:\/\/mineraleslunallena.com\/#\/schema\/logo\/image\/"}}]}},"jetpack_sharing_enabled":true,"_links":{"self":[{"href":"https:\/\/mineraleslunallena.com\/ca\/wp-json\/wp\/v2\/product\/6688","targetHints":{"allow":["GET"]}}],"collection":[{"href":"https:\/\/mineraleslunallena.com\/ca\/wp-json\/wp\/v2\/product"}],"about":[{"href":"https:\/\/mineraleslunallena.com\/ca\/wp-json\/wp\/v2\/types\/product"}],"version-history":[{"count":3,"href":"https:\/\/mineraleslunallena.com\/ca\/wp-json\/wp\/v2\/product\/6688\/revisions"}],"predecessor-version":[{"id":8885,"href":"https:\/\/mineraleslunallena.com\/ca\/wp-json\/wp\/v2\/product\/6688\/revisions\/8885"}],"wp:featuredmedia":[{"embeddable":true,"href":"https:\/\/mineraleslunallena.com\/ca\/wp-json\/wp\/v2\/media\/6736"}],"wp:attachment":[{"href":"https:\/\/mineraleslunallena.com\/ca\/wp-json\/wp\/v2\/media?parent=6688"}],"wp:term":[{"taxonomy":"product_cat","embeddable":true,"href":"https:\/\/mineraleslunallena.com\/ca\/wp-json\/wp\/v2\/product_cat?post=6688"},{"taxonomy":"product_tag","embeddable":true,"href":"https:\/\/mineraleslunallena.com\/ca\/wp-json\/wp\/v2\/product_tag?post=6688"}],"curies":[{"name":"wp","href":"https:\/\/api.w.org\/{rel}","templated":true}]}}