{"id":6698,"date":"2025-03-23T16:29:25","date_gmt":"2025-03-23T15:29:25","guid":{"rendered":"https:\/\/mineraleslunallena.com\/?post_type=product&#038;p=6698"},"modified":"2025-10-23T12:59:47","modified_gmt":"2025-10-23T10:59:47","slug":"colgante-plata-rubi-energia-vital-amor-incondicional","status":"publish","type":"product","link":"https:\/\/mineraleslunallena.com\/ca\/producte\/colgante-plata-rubi-energia-vital-amor-incondicional\/","title":{"rendered":"Colgante Plata Rub\u00ed | Energ\u00eda Vital &#8211; Amor Incondicional"},"content":{"rendered":"<p><span data-start=\"3\" data-end=\"30\">El R<\/span><strong data-start=\"3\" data-end=\"30\">ub\u00ed <\/strong>es un mineral que irradia <strong data-start=\"56\" data-end=\"76\">energ\u00eda poderosa<\/strong> y vibrante, conocida por sus propiedades <strong data-start=\"118\" data-end=\"144\">espirituales profundas<\/strong>.<\/p>\n<p>El Rub\u00ed es una piedra asociada con el <strong data-start=\"184\" data-end=\"206\">chakra del coraz\u00f3n<\/strong>, fomentando el <strong data-start=\"222\" data-end=\"244\">amor incondicional<\/strong>, la <strong data-start=\"249\" data-end=\"259\">pasi\u00f3n<\/strong> y la <strong data-start=\"265\" data-end=\"282\">energ\u00eda vital<\/strong>.<\/p>\n<p>Su capacidad para <strong data-start=\"302\" data-end=\"330\">amplificar las emociones<\/strong> <strong>permite liberar bloqueos del coraz\u00f3n y fortalecer las relaciones personales,<\/strong> promoviendo una <strong data-start=\"424\" data-end=\"449\">conexi\u00f3n m\u00e1s profunda<\/strong> con uno mismo y con los dem\u00e1s.<\/p>\n<p><strong data-start=\"531\" data-end=\"560\">Aumenta la energ\u00eda vital<\/strong> y la <strong data-start=\"566\" data-end=\"580\">motivaci\u00f3n<\/strong>, y ayuda a superar obst\u00e1culos con <strong data-start=\"616\" data-end=\"633\">determinaci\u00f3n<\/strong> y <strong data-start=\"636\" data-end=\"648\">valent\u00eda<\/strong>.<\/p>\n<p>Tiene la capacidad de <strong data-start=\"688\" data-end=\"715\">equilibrar las energ\u00edas<\/strong> y proteger contra influencias negativas, creando un campo de <strong data-start=\"777\" data-end=\"802\">protecci\u00f3n energ\u00e9tica<\/strong>.<\/p>\n<p>Su energ\u00eda <strong data-start=\"815\" data-end=\"827\">calienta<\/strong> el esp\u00edritu, generando una sensaci\u00f3n de <strong data-start=\"868\" data-end=\"879\">alegr\u00eda<\/strong> y <strong data-start=\"882\" data-end=\"895\">optimismo<\/strong> constante.<\/p>\n<p>Llevar este colgante cerca del coraz\u00f3n te conecta con una vibraci\u00f3n de <strong data-start=\"978\" data-end=\"988\">pasi\u00f3n<\/strong> y <strong data-start=\"991\" data-end=\"1005\">renovaci\u00f3n<\/strong>, mientras que su acci\u00f3n purificadora te permite sanar emociones profundas y atraer <strong data-start=\"1089\" data-end=\"1103\">abundancia<\/strong> en todos los aspectos de tu vida.<\/p>\n<p>&nbsp;<\/p>\n<p>Material: Plata de Ley 925.<\/p>\n<p>Quantitat: 1 Unitat. El preu \u00e9s per una unitat.<\/p>\n<p>Tama\u00f1o:\u00a0 4 cm aproximadamente.<\/p>\n<p>Forma: Colgante Ovalado.<\/p>","protected":false},"excerpt":{"rendered":"<p><span data-start=\"3\" data-end=\"30\">El R<\/span><strong data-start=\"3\" data-end=\"30\">ub\u00ed <\/strong>es un mineral que irradia <strong data-start=\"56\" data-end=\"76\">energ\u00eda poderosa<\/strong> y vibrante, conocida por sus propiedades <strong data-start=\"118\" data-end=\"144\">espirituales profundas<\/strong>.<\/p>\n<p>El Rub\u00ed es una piedra asociada con el <strong data-start=\"184\" data-end=\"206\">chakra del coraz\u00f3n<\/strong>, fomentando el <strong data-start=\"222\" data-end=\"244\">amor incondicional<\/strong>, la <strong data-start=\"249\" data-end=\"259\">pasi\u00f3n<\/strong> y la <strong data-start=\"265\" data-end=\"282\">energ\u00eda vital<\/strong>.<\/p>\n<p>Su capacidad para <strong data-start=\"302\" data-end=\"330\">amplificar las emociones<\/strong> <strong>permite liberar bloqueos del coraz\u00f3n y fortalecer las relaciones personales,<\/strong> promoviendo una <strong data-start=\"424\" data-end=\"449\">conexi\u00f3n m\u00e1s profunda<\/strong> con uno mismo y con los dem\u00e1s.<\/p>\n<p><strong data-start=\"531\" data-end=\"560\">Aumenta la energ\u00eda vital<\/strong> y la <strong data-start=\"566\" data-end=\"580\">motivaci\u00f3n<\/strong>, y ayuda a superar obst\u00e1culos con <strong data-start=\"616\" data-end=\"633\">determinaci\u00f3n<\/strong> y <strong data-start=\"636\" data-end=\"648\">valent\u00eda<\/strong>.<\/p>\n<p>Tiene la capacidad de <strong data-start=\"688\" data-end=\"715\">equilibrar las energ\u00edas<\/strong> y proteger contra influencias negativas, creando un campo de <strong data-start=\"777\" data-end=\"802\">protecci\u00f3n energ\u00e9tica<\/strong>.<\/p>\n<p>Su energ\u00eda <strong data-start=\"815\" data-end=\"827\">calienta<\/strong> el esp\u00edritu, generando una sensaci\u00f3n de <strong data-start=\"868\" data-end=\"879\">alegr\u00eda<\/strong> y <strong data-start=\"882\" data-end=\"895\">optimismo<\/strong> constante.<\/p>\n<p>Llevar este colgante cerca del coraz\u00f3n te conecta con una vibraci\u00f3n de <strong data-start=\"978\" data-end=\"988\">pasi\u00f3n<\/strong> y <strong data-start=\"991\" data-end=\"1005\">renovaci\u00f3n<\/strong>, mientras que su acci\u00f3n purificadora te permite sanar emociones profundas y atraer <strong data-start=\"1089\" data-end=\"1103\">abundancia<\/strong> en todos los aspectos de tu vida.<\/p>\n<p>&nbsp;<\/p>\n<p>Material: Plata de Ley 925.<\/p>\n<p>Quantitat: 1 Unitat. El preu \u00e9s per una unitat.<\/p>\n<p>Tama\u00f1o:\u00a0 4 cm aproximadamente.<\/p>\n<p>Forma: Colgante Ovalado.<\/p>","protected":false},"featured_media":9157,"template":"","meta":[],"product_cat":[105,70],"product_tag":[],"class_list":{"0":"post-6698","1":"product","2":"type-product","3":"status-publish","4":"has-post-thumbnail","6":"product_cat-colgantes","7":"product_cat-joyas-y-accesorios","9":"first","10":"instock","11":"sale","12":"taxable","13":"shipping-taxable","14":"purchasable","15":"product-type-simple"},"yoast_head":"<!-- This site is optimized with the Yoast SEO plugin v27.3 - https:\/\/yoast.com\/product\/yoast-seo-wordpress\/ -->\n<title>Colgante Plata Rub\u00ed | Energ\u00eda Vital - Amor Incondicional - MINERALES LUNA LLENA<\/title>\n<meta name=\"robots\" content=\"index, follow, max-snippet:-1, max-image-preview:large, max-video-preview:-1\" \/>\n<link rel=\"canonical\" href=\"https:\/\/mineraleslunallena.com\/ca\/producte\/colgante-plata-rubi-energia-vital-amor-incondicional\/\" \/>\n<meta property=\"og:locale\" content=\"ca_ES\" \/>\n<meta property=\"og:type\" content=\"article\" \/>\n<meta property=\"og:title\" content=\"Colgante Plata Rub\u00ed | Energ\u00eda Vital - Amor Incondicional - MINERALES LUNA LLENA\" \/>\n<meta property=\"og:description\" content=\"El Rub\u00ed es un mineral que irradia energ\u00eda poderosa y vibrante, conocida por sus propiedades espirituales profundas.  El Rub\u00ed es una piedra asociada con el chakra del coraz\u00f3n, fomentando el amor incondicional, la pasi\u00f3n y la energ\u00eda vital.  Su capacidad para amplificar las emociones permite liberar bloqueos del coraz\u00f3n y fortalecer las relaciones personales, promoviendo una conexi\u00f3n m\u00e1s profunda con uno mismo y con los dem\u00e1s.  Aumenta la energ\u00eda vital y la motivaci\u00f3n, y ayuda a superar obst\u00e1culos con determinaci\u00f3n y valent\u00eda.  Tiene la capacidad de equilibrar las energ\u00edas y proteger contra influencias negativas, creando un campo de protecci\u00f3n energ\u00e9tica.  Su energ\u00eda calienta el esp\u00edritu, generando una sensaci\u00f3n de alegr\u00eda y optimismo constante.  Llevar este colgante cerca del coraz\u00f3n te conecta con una vibraci\u00f3n de pasi\u00f3n y renovaci\u00f3n, mientras que su acci\u00f3n purificadora te permite sanar emociones profundas y atraer abundancia en todos los aspectos de tu vida.  &nbsp;  Material: Plata de Ley 925.  Cantidad: 1 Unidad. El precio es por una unidad.  Tama\u00f1o:\u00a0 4 cm aproximadamente.  Forma: Colgante Ovalado.\" \/>\n<meta property=\"og:url\" content=\"https:\/\/mineraleslunallena.com\/ca\/producte\/colgante-plata-rubi-energia-vital-amor-incondicional\/\" \/>\n<meta property=\"og:site_name\" content=\"MINERALES LUNA LLENA\" \/>\n<meta property=\"article:modified_time\" content=\"2025-10-23T10:59:47+00:00\" \/>\n<meta property=\"og:image\" content=\"https:\/\/mineraleslunallena.com\/wp-content\/uploads\/2025\/03\/IMG_20251023_125515-scaled.jpg\" \/>\n\t<meta property=\"og:image:width\" content=\"1153\" \/>\n\t<meta property=\"og:image:height\" content=\"2560\" \/>\n\t<meta property=\"og:image:type\" content=\"image\/jpeg\" \/>\n<meta name=\"twitter:card\" content=\"summary_large_image\" \/>\n<meta name=\"twitter:label1\" content=\"Temps estimat de lectura\" \/>\n\t<meta name=\"twitter:data1\" content=\"1 minut\" \/>\n<script type=\"application\/ld+json\" class=\"yoast-schema-graph\">{\"@context\":\"https:\\\/\\\/schema.org\",\"@graph\":[{\"@type\":\"WebPage\",\"@id\":\"https:\\\/\\\/mineraleslunallena.com\\\/producto\\\/colgante-plata-rubi-energia-vital-amor-incondicional\\\/\",\"url\":\"https:\\\/\\\/mineraleslunallena.com\\\/producto\\\/colgante-plata-rubi-energia-vital-amor-incondicional\\\/\",\"name\":\"Colgante Plata Rub\u00ed | Energ\u00eda Vital - Amor Incondicional - MINERALES LUNA LLENA\",\"isPartOf\":{\"@id\":\"https:\\\/\\\/mineraleslunallena.com\\\/#website\"},\"primaryImageOfPage\":{\"@id\":\"https:\\\/\\\/mineraleslunallena.com\\\/producto\\\/colgante-plata-rubi-energia-vital-amor-incondicional\\\/#primaryimage\"},\"image\":{\"@id\":\"https:\\\/\\\/mineraleslunallena.com\\\/producto\\\/colgante-plata-rubi-energia-vital-amor-incondicional\\\/#primaryimage\"},\"thumbnailUrl\":\"https:\\\/\\\/mineraleslunallena.com\\\/wp-content\\\/uploads\\\/2025\\\/03\\\/IMG_20251023_125515-scaled.jpg\",\"datePublished\":\"2025-03-23T15:29:25+00:00\",\"dateModified\":\"2025-10-23T10:59:47+00:00\",\"breadcrumb\":{\"@id\":\"https:\\\/\\\/mineraleslunallena.com\\\/producto\\\/colgante-plata-rubi-energia-vital-amor-incondicional\\\/#breadcrumb\"},\"inLanguage\":\"ca\",\"potentialAction\":[{\"@type\":\"ReadAction\",\"target\":[\"https:\\\/\\\/mineraleslunallena.com\\\/producto\\\/colgante-plata-rubi-energia-vital-amor-incondicional\\\/\"]}]},{\"@type\":\"ImageObject\",\"inLanguage\":\"ca\",\"@id\":\"https:\\\/\\\/mineraleslunallena.com\\\/producto\\\/colgante-plata-rubi-energia-vital-amor-incondicional\\\/#primaryimage\",\"url\":\"https:\\\/\\\/mineraleslunallena.com\\\/wp-content\\\/uploads\\\/2025\\\/03\\\/IMG_20251023_125515-scaled.jpg\",\"contentUrl\":\"https:\\\/\\\/mineraleslunallena.com\\\/wp-content\\\/uploads\\\/2025\\\/03\\\/IMG_20251023_125515-scaled.jpg\",\"width\":1153,\"height\":2560},{\"@type\":\"BreadcrumbList\",\"@id\":\"https:\\\/\\\/mineraleslunallena.com\\\/producto\\\/colgante-plata-rubi-energia-vital-amor-incondicional\\\/#breadcrumb\",\"itemListElement\":[{\"@type\":\"ListItem\",\"position\":1,\"name\":\"Portada\",\"item\":\"https:\\\/\\\/mineraleslunallena.com\\\/\"},{\"@type\":\"ListItem\",\"position\":2,\"name\":\"Shop\",\"item\":\"https:\\\/\\\/mineraleslunallena.com\\\/ca\\\/shop\\\/\"},{\"@type\":\"ListItem\",\"position\":3,\"name\":\"Colgante Plata Rub\u00ed | Energ\u00eda Vital &#8211; Amor Incondicional\"}]},{\"@type\":\"WebSite\",\"@id\":\"https:\\\/\\\/mineraleslunallena.com\\\/#website\",\"url\":\"https:\\\/\\\/mineraleslunallena.com\\\/\",\"name\":\"LUNA LLENA MINERALES\",\"description\":\"Es el momento de conectarte con tu propio poder y confiar en tus habilidades.\",\"publisher\":{\"@id\":\"https:\\\/\\\/mineraleslunallena.com\\\/#organization\"},\"potentialAction\":[{\"@type\":\"SearchAction\",\"target\":{\"@type\":\"EntryPoint\",\"urlTemplate\":\"https:\\\/\\\/mineraleslunallena.com\\\/?s={search_term_string}\"},\"query-input\":{\"@type\":\"PropertyValueSpecification\",\"valueRequired\":true,\"valueName\":\"search_term_string\"}}],\"inLanguage\":\"ca\"},{\"@type\":\"Organization\",\"@id\":\"https:\\\/\\\/mineraleslunallena.com\\\/#organization\",\"name\":\"LUNA LLENA MINERALES\",\"url\":\"https:\\\/\\\/mineraleslunallena.com\\\/\",\"logo\":{\"@type\":\"ImageObject\",\"inLanguage\":\"ca\",\"@id\":\"https:\\\/\\\/mineraleslunallena.com\\\/#\\\/schema\\\/logo\\\/image\\\/\",\"url\":\"https:\\\/\\\/mineraleslunallena.com\\\/wp-content\\\/uploads\\\/2023\\\/07\\\/LUNA-LLENA-LOGO-nuevo.png\",\"contentUrl\":\"https:\\\/\\\/mineraleslunallena.com\\\/wp-content\\\/uploads\\\/2023\\\/07\\\/LUNA-LLENA-LOGO-nuevo.png\",\"width\":229,\"height\":167,\"caption\":\"LUNA LLENA MINERALES\"},\"image\":{\"@id\":\"https:\\\/\\\/mineraleslunallena.com\\\/#\\\/schema\\\/logo\\\/image\\\/\"}}]}<\/script>\n<!-- \/ Yoast SEO plugin. -->","yoast_head_json":{"title":"Colgante Plata Rub\u00ed | Energ\u00eda Vital - Amor Incondicional - MINERALES LUNA LLENA","robots":{"index":"index","follow":"follow","max-snippet":"max-snippet:-1","max-image-preview":"max-image-preview:large","max-video-preview":"max-video-preview:-1"},"canonical":"https:\/\/mineraleslunallena.com\/ca\/producte\/colgante-plata-rubi-energia-vital-amor-incondicional\/","og_locale":"ca_ES","og_type":"article","og_title":"Colgante Plata Rub\u00ed | Energ\u00eda Vital - Amor Incondicional - MINERALES LUNA LLENA","og_description":"El Rub\u00ed es un mineral que irradia energ\u00eda poderosa y vibrante, conocida por sus propiedades espirituales profundas.  El Rub\u00ed es una piedra asociada con el chakra del coraz\u00f3n, fomentando el amor incondicional, la pasi\u00f3n y la energ\u00eda vital.  Su capacidad para amplificar las emociones permite liberar bloqueos del coraz\u00f3n y fortalecer las relaciones personales, promoviendo una conexi\u00f3n m\u00e1s profunda con uno mismo y con los dem\u00e1s.  Aumenta la energ\u00eda vital y la motivaci\u00f3n, y ayuda a superar obst\u00e1culos con determinaci\u00f3n y valent\u00eda.  Tiene la capacidad de equilibrar las energ\u00edas y proteger contra influencias negativas, creando un campo de protecci\u00f3n energ\u00e9tica.  Su energ\u00eda calienta el esp\u00edritu, generando una sensaci\u00f3n de alegr\u00eda y optimismo constante.  Llevar este colgante cerca del coraz\u00f3n te conecta con una vibraci\u00f3n de pasi\u00f3n y renovaci\u00f3n, mientras que su acci\u00f3n purificadora te permite sanar emociones profundas y atraer abundancia en todos los aspectos de tu vida.  &nbsp;  Material: Plata de Ley 925.  Cantidad: 1 Unidad. El precio es por una unidad.  Tama\u00f1o:\u00a0 4 cm aproximadamente.  Forma: Colgante Ovalado.","og_url":"https:\/\/mineraleslunallena.com\/ca\/producte\/colgante-plata-rubi-energia-vital-amor-incondicional\/","og_site_name":"MINERALES LUNA LLENA","article_modified_time":"2025-10-23T10:59:47+00:00","og_image":[{"width":1153,"height":2560,"url":"https:\/\/mineraleslunallena.com\/wp-content\/uploads\/2025\/03\/IMG_20251023_125515-scaled.jpg","type":"image\/jpeg"}],"twitter_card":"summary_large_image","twitter_misc":{"Temps estimat de lectura":"1 minut"},"schema":{"@context":"https:\/\/schema.org","@graph":[{"@type":"WebPage","@id":"https:\/\/mineraleslunallena.com\/producto\/colgante-plata-rubi-energia-vital-amor-incondicional\/","url":"https:\/\/mineraleslunallena.com\/producto\/colgante-plata-rubi-energia-vital-amor-incondicional\/","name":"Colgante Plata Rub\u00ed | Energ\u00eda Vital - Amor Incondicional - MINERALES LUNA LLENA","isPartOf":{"@id":"https:\/\/mineraleslunallena.com\/#website"},"primaryImageOfPage":{"@id":"https:\/\/mineraleslunallena.com\/producto\/colgante-plata-rubi-energia-vital-amor-incondicional\/#primaryimage"},"image":{"@id":"https:\/\/mineraleslunallena.com\/producto\/colgante-plata-rubi-energia-vital-amor-incondicional\/#primaryimage"},"thumbnailUrl":"https:\/\/mineraleslunallena.com\/wp-content\/uploads\/2025\/03\/IMG_20251023_125515-scaled.jpg","datePublished":"2025-03-23T15:29:25+00:00","dateModified":"2025-10-23T10:59:47+00:00","breadcrumb":{"@id":"https:\/\/mineraleslunallena.com\/producto\/colgante-plata-rubi-energia-vital-amor-incondicional\/#breadcrumb"},"inLanguage":"ca","potentialAction":[{"@type":"ReadAction","target":["https:\/\/mineraleslunallena.com\/producto\/colgante-plata-rubi-energia-vital-amor-incondicional\/"]}]},{"@type":"ImageObject","inLanguage":"ca","@id":"https:\/\/mineraleslunallena.com\/producto\/colgante-plata-rubi-energia-vital-amor-incondicional\/#primaryimage","url":"https:\/\/mineraleslunallena.com\/wp-content\/uploads\/2025\/03\/IMG_20251023_125515-scaled.jpg","contentUrl":"https:\/\/mineraleslunallena.com\/wp-content\/uploads\/2025\/03\/IMG_20251023_125515-scaled.jpg","width":1153,"height":2560},{"@type":"BreadcrumbList","@id":"https:\/\/mineraleslunallena.com\/producto\/colgante-plata-rubi-energia-vital-amor-incondicional\/#breadcrumb","itemListElement":[{"@type":"ListItem","position":1,"name":"Portada","item":"https:\/\/mineraleslunallena.com\/"},{"@type":"ListItem","position":2,"name":"Shop","item":"https:\/\/mineraleslunallena.com\/ca\/shop\/"},{"@type":"ListItem","position":3,"name":"Colgante Plata Rub\u00ed | Energ\u00eda Vital &#8211; Amor Incondicional"}]},{"@type":"WebSite","@id":"https:\/\/mineraleslunallena.com\/#website","url":"https:\/\/mineraleslunallena.com\/","name":"LLUNA PLENA MINERALS","description":"\u00c9s el moment de connectar-te amb el teu poder i confiar en les teves habilitats.","publisher":{"@id":"https:\/\/mineraleslunallena.com\/#organization"},"potentialAction":[{"@type":"SearchAction","target":{"@type":"EntryPoint","urlTemplate":"https:\/\/mineraleslunallena.com\/?s={search_term_string}"},"query-input":{"@type":"PropertyValueSpecification","valueRequired":true,"valueName":"search_term_string"}}],"inLanguage":"ca"},{"@type":"Organization","@id":"https:\/\/mineraleslunallena.com\/#organization","name":"LLUNA PLENA MINERALS","url":"https:\/\/mineraleslunallena.com\/","logo":{"@type":"ImageObject","inLanguage":"ca","@id":"https:\/\/mineraleslunallena.com\/#\/schema\/logo\/image\/","url":"https:\/\/mineraleslunallena.com\/wp-content\/uploads\/2023\/07\/LUNA-LLENA-LOGO-nuevo.png","contentUrl":"https:\/\/mineraleslunallena.com\/wp-content\/uploads\/2023\/07\/LUNA-LLENA-LOGO-nuevo.png","width":229,"height":167,"caption":"LUNA LLENA MINERALES"},"image":{"@id":"https:\/\/mineraleslunallena.com\/#\/schema\/logo\/image\/"}}]}},"jetpack_sharing_enabled":true,"_links":{"self":[{"href":"https:\/\/mineraleslunallena.com\/ca\/wp-json\/wp\/v2\/product\/6698","targetHints":{"allow":["GET"]}}],"collection":[{"href":"https:\/\/mineraleslunallena.com\/ca\/wp-json\/wp\/v2\/product"}],"about":[{"href":"https:\/\/mineraleslunallena.com\/ca\/wp-json\/wp\/v2\/types\/product"}],"version-history":[{"count":1,"href":"https:\/\/mineraleslunallena.com\/ca\/wp-json\/wp\/v2\/product\/6698\/revisions"}],"predecessor-version":[{"id":6699,"href":"https:\/\/mineraleslunallena.com\/ca\/wp-json\/wp\/v2\/product\/6698\/revisions\/6699"}],"wp:featuredmedia":[{"embeddable":true,"href":"https:\/\/mineraleslunallena.com\/ca\/wp-json\/wp\/v2\/media\/9157"}],"wp:attachment":[{"href":"https:\/\/mineraleslunallena.com\/ca\/wp-json\/wp\/v2\/media?parent=6698"}],"wp:term":[{"taxonomy":"product_cat","embeddable":true,"href":"https:\/\/mineraleslunallena.com\/ca\/wp-json\/wp\/v2\/product_cat?post=6698"},{"taxonomy":"product_tag","embeddable":true,"href":"https:\/\/mineraleslunallena.com\/ca\/wp-json\/wp\/v2\/product_tag?post=6698"}],"curies":[{"name":"wp","href":"https:\/\/api.w.org\/{rel}","templated":true}]}}