{"id":6700,"date":"2025-03-23T16:36:12","date_gmt":"2025-03-23T15:36:12","guid":{"rendered":"https:\/\/mineraleslunallena.com\/?post_type=product&#038;p=6700"},"modified":"2025-10-24T14:46:56","modified_gmt":"2025-10-24T12:46:56","slug":"colgante-plata-amatista","status":"publish","type":"product","link":"https:\/\/mineraleslunallena.com\/ca\/producte\/colgante-plata-amatista\/","title":{"rendered":"Colgante Plata Amatista | Calma \u2013 Protecci\u00f3n Espiritual"},"content":{"rendered":"<p><span data-start=\"3\" data-end=\"44\">Nuestro c<\/span><strong data-start=\"3\" data-end=\"44\">olgante de Amatista en forma de gota<\/strong> es una pieza que canaliza la <strong data-start=\"74\" data-end=\"101\">energ\u00eda tranquilizadora<\/strong> y <strong data-start=\"104\" data-end=\"116\">sanadora<\/strong> de la Amatista, conocida por sus poderosas propiedades espirituales.<\/p>\n<p>Act\u00faa profundamente sobre el <strong data-start=\"249\" data-end=\"266\">chakra corona<\/strong> y el <strong data-start=\"272\" data-end=\"286\">tercer ojo<\/strong>, fomentando la <strong data-start=\"302\" data-end=\"321\">claridad mental<\/strong>, la <strong data-start=\"326\" data-end=\"339\">intuici\u00f3n<\/strong> y la <strong data-start=\"345\" data-end=\"368\">conexi\u00f3n espiritual<\/strong>.<\/p>\n<p>En su forma de gota, el colgante amplifica la capacidad de la piedra para <strong data-start=\"444\" data-end=\"477\">liberar tensiones emocionales<\/strong> y <strong data-start=\"480\" data-end=\"504\">purificar la energ\u00eda<\/strong>, brindando paz interior y protegiendo contra influencias externas negativas.<\/p>\n<p>La gota simboliza la conexi\u00f3n entre lo <strong data-start=\"223\" data-end=\"235\">terrenal<\/strong> y lo <strong data-start=\"241\" data-end=\"251\">divino<\/strong>, al ser una forma que fluye, como si se tratara de un <strong data-start=\"306\" data-end=\"326\">canal de energ\u00eda<\/strong>. En muchas tradiciones, las gotas tambi\u00e9n se asocian con la <strong data-start=\"387\" data-end=\"409\">sanaci\u00f3n emocional<\/strong>, pues representan el <strong data-start=\"431\" data-end=\"456\">proceso de liberaci\u00f3n<\/strong> de emociones reprimidas y la <strong data-start=\"486\" data-end=\"502\">purificaci\u00f3n<\/strong> del ser interior. Esta forma tambi\u00e9n refleja el <strong data-start=\"551\" data-end=\"579\">fluir natural de la vida<\/strong>, invitando a <strong data-start=\"593\" data-end=\"630\">fluir con la energ\u00eda del universo<\/strong> y permitir que las <strong data-start=\"650\" data-end=\"683\">transformaciones espirituales<\/strong> y emocionales se den de manera fluida y arm\u00f3nica.<\/p>\n<p>Es ideal para quienes\u00a0 buscan <strong data-start=\"628\" data-end=\"656\">equilibrar sus emociones<\/strong>, <strong data-start=\"658\" data-end=\"679\">reducir el estr\u00e9s<\/strong> y facilitar una <strong data-start=\"696\" data-end=\"719\">meditaci\u00f3n profunda<\/strong>.<\/p>\n<p>Es excelente para promover el <strong data-start=\"771\" data-end=\"791\">autoconocimiento<\/strong>, al abrir el acceso a estados de <strong data-start=\"825\" data-end=\"848\">conciencia superior<\/strong> y fomentar la <strong data-start=\"863\" data-end=\"886\">sanaci\u00f3n espiritual<\/strong>. Este colgante tambi\u00e9n protege el aura, manteniendo un <strong data-start=\"942\" data-end=\"962\">campo energ\u00e9tico<\/strong> limpio y lleno de vibraciones positivas.<\/p>\n<p>&nbsp;<\/p>\n<p>Material: Plata de Ley 925.<\/p>\n<p>Quantitat: 1 Unitat. El preu \u00e9s per una unitat.<\/p>\n<p>Tama\u00f1o: 4 cm aproximadamente.<\/p>\n<p>Forma: Colgante Gota.<\/p>","protected":false},"excerpt":{"rendered":"<p><span data-start=\"3\" data-end=\"44\">Nuestro c<\/span><strong data-start=\"3\" data-end=\"44\">olgante de Amatista en forma de gota<\/strong> es una pieza que canaliza la <strong data-start=\"74\" data-end=\"101\">energ\u00eda tranquilizadora<\/strong> y <strong data-start=\"104\" data-end=\"116\">sanadora<\/strong> de la Amatista, conocida por sus poderosas propiedades espirituales.<\/p>\n<p>Act\u00faa profundamente sobre el <strong data-start=\"249\" data-end=\"266\">chakra corona<\/strong> y el <strong data-start=\"272\" data-end=\"286\">tercer ojo<\/strong>, fomentando la <strong data-start=\"302\" data-end=\"321\">claridad mental<\/strong>, la <strong data-start=\"326\" data-end=\"339\">intuici\u00f3n<\/strong> y la <strong data-start=\"345\" data-end=\"368\">conexi\u00f3n espiritual<\/strong>.<\/p>\n<p>En su forma de gota, el colgante amplifica la capacidad de la piedra para <strong data-start=\"444\" data-end=\"477\">liberar tensiones emocionales<\/strong> y <strong data-start=\"480\" data-end=\"504\">purificar la energ\u00eda<\/strong>, brindando paz interior y protegiendo contra influencias externas negativas.<\/p>\n<p>La gota simboliza la conexi\u00f3n entre lo <strong data-start=\"223\" data-end=\"235\">terrenal<\/strong> y lo <strong data-start=\"241\" data-end=\"251\">divino<\/strong>, al ser una forma que fluye, como si se tratara de un <strong data-start=\"306\" data-end=\"326\">canal de energ\u00eda<\/strong>. En muchas tradiciones, las gotas tambi\u00e9n se asocian con la <strong data-start=\"387\" data-end=\"409\">sanaci\u00f3n emocional<\/strong>, pues representan el <strong data-start=\"431\" data-end=\"456\">proceso de liberaci\u00f3n<\/strong> de emociones reprimidas y la <strong data-start=\"486\" data-end=\"502\">purificaci\u00f3n<\/strong> del ser interior. Esta forma tambi\u00e9n refleja el <strong data-start=\"551\" data-end=\"579\">fluir natural de la vida<\/strong>, invitando a <strong data-start=\"593\" data-end=\"630\">fluir con la energ\u00eda del universo<\/strong> y permitir que las <strong data-start=\"650\" data-end=\"683\">transformaciones espirituales<\/strong> y emocionales se den de manera fluida y arm\u00f3nica.<\/p>\n<p>Es ideal para quienes\u00a0 buscan <strong data-start=\"628\" data-end=\"656\">equilibrar sus emociones<\/strong>, <strong data-start=\"658\" data-end=\"679\">reducir el estr\u00e9s<\/strong> y facilitar una <strong data-start=\"696\" data-end=\"719\">meditaci\u00f3n profunda<\/strong>.<\/p>\n<p>Es excelente para promover el <strong data-start=\"771\" data-end=\"791\">autoconocimiento<\/strong>, al abrir el acceso a estados de <strong data-start=\"825\" data-end=\"848\">conciencia superior<\/strong> y fomentar la <strong data-start=\"863\" data-end=\"886\">sanaci\u00f3n espiritual<\/strong>. Este colgante tambi\u00e9n protege el aura, manteniendo un <strong data-start=\"942\" data-end=\"962\">campo energ\u00e9tico<\/strong> limpio y lleno de vibraciones positivas.<\/p>\n<p>&nbsp;<\/p>\n<p>Material: Plata de Ley 925.<\/p>\n<p>Quantitat: 1 Unitat. El preu \u00e9s per una unitat.<\/p>\n<p>Tama\u00f1o: 4 cm aproximadamente.<\/p>\n<p>Forma: Colgante Gota.<\/p>","protected":false},"featured_media":9195,"template":"","meta":[],"product_cat":[105,70],"product_tag":[],"class_list":{"0":"post-6700","1":"product","2":"type-product","3":"status-publish","4":"has-post-thumbnail","6":"product_cat-colgantes","7":"product_cat-joyas-y-accesorios","9":"first","10":"instock","11":"sale","12":"taxable","13":"shipping-taxable","14":"purchasable","15":"product-type-simple"},"yoast_head":"<!-- This site is optimized with the Yoast SEO plugin v27.3 - https:\/\/yoast.com\/product\/yoast-seo-wordpress\/ -->\n<title>Colgante Plata Amatista | Calma \u2013 Protecci\u00f3n Espiritual - MINERALES LUNA LLENA<\/title>\n<meta name=\"robots\" content=\"index, follow, max-snippet:-1, max-image-preview:large, max-video-preview:-1\" \/>\n<link rel=\"canonical\" href=\"https:\/\/mineraleslunallena.com\/ca\/producte\/colgante-plata-amatista\/\" \/>\n<meta property=\"og:locale\" content=\"ca_ES\" \/>\n<meta property=\"og:type\" content=\"article\" \/>\n<meta property=\"og:title\" content=\"Colgante Plata Amatista | Calma \u2013 Protecci\u00f3n Espiritual - MINERALES LUNA LLENA\" \/>\n<meta property=\"og:description\" content=\"Nuestro colgante de Amatista en forma de gota es una pieza que canaliza la energ\u00eda tranquilizadora y sanadora de la Amatista, conocida por sus poderosas propiedades espirituales.  Act\u00faa profundamente sobre el chakra corona y el tercer ojo, fomentando la claridad mental, la intuici\u00f3n y la conexi\u00f3n espiritual.  En su forma de gota, el colgante amplifica la capacidad de la piedra para liberar tensiones emocionales y purificar la energ\u00eda, brindando paz interior y protegiendo contra influencias externas negativas.  La gota simboliza la conexi\u00f3n entre lo terrenal y lo divino, al ser una forma que fluye, como si se tratara de un canal de energ\u00eda. En muchas tradiciones, las gotas tambi\u00e9n se asocian con la sanaci\u00f3n emocional, pues representan el proceso de liberaci\u00f3n de emociones reprimidas y la purificaci\u00f3n del ser interior. Esta forma tambi\u00e9n refleja el fluir natural de la vida, invitando a fluir con la energ\u00eda del universo y permitir que las transformaciones espirituales y emocionales se den de manera fluida y arm\u00f3nica.  Es ideal para quienes\u00a0 buscan equilibrar sus emociones, reducir el estr\u00e9s y facilitar una meditaci\u00f3n profunda.  Es excelente para promover el autoconocimiento, al abrir el acceso a estados de conciencia superior y fomentar la sanaci\u00f3n espiritual. Este colgante tambi\u00e9n protege el aura, manteniendo un campo energ\u00e9tico limpio y lleno de vibraciones positivas.  &nbsp;  Material: Plata de Ley 925.  Cantidad: 1 Unidad. El precio es por una unidad.  Tama\u00f1o: 4 cm aproximadamente.  Forma: Colgante Gota.\" \/>\n<meta property=\"og:url\" content=\"https:\/\/mineraleslunallena.com\/ca\/producte\/colgante-plata-amatista\/\" \/>\n<meta property=\"og:site_name\" content=\"MINERALES LUNA LLENA\" \/>\n<meta property=\"article:modified_time\" content=\"2025-10-24T12:46:56+00:00\" \/>\n<meta property=\"og:image\" content=\"https:\/\/mineraleslunallena.com\/wp-content\/uploads\/2025\/03\/IMG_20251024_134607-1-scaled.jpg\" \/>\n\t<meta property=\"og:image:width\" content=\"1529\" \/>\n\t<meta property=\"og:image:height\" content=\"2560\" \/>\n\t<meta property=\"og:image:type\" content=\"image\/jpeg\" \/>\n<meta name=\"twitter:card\" content=\"summary_large_image\" \/>\n<meta name=\"twitter:label1\" content=\"Temps estimat de lectura\" \/>\n\t<meta name=\"twitter:data1\" content=\"2 minuts\" \/>\n<script type=\"application\/ld+json\" class=\"yoast-schema-graph\">{\"@context\":\"https:\\\/\\\/schema.org\",\"@graph\":[{\"@type\":\"WebPage\",\"@id\":\"https:\\\/\\\/mineraleslunallena.com\\\/producto\\\/colgante-plata-amatista\\\/\",\"url\":\"https:\\\/\\\/mineraleslunallena.com\\\/producto\\\/colgante-plata-amatista\\\/\",\"name\":\"Colgante Plata Amatista | Calma \u2013 Protecci\u00f3n Espiritual - MINERALES LUNA LLENA\",\"isPartOf\":{\"@id\":\"https:\\\/\\\/mineraleslunallena.com\\\/#website\"},\"primaryImageOfPage\":{\"@id\":\"https:\\\/\\\/mineraleslunallena.com\\\/producto\\\/colgante-plata-amatista\\\/#primaryimage\"},\"image\":{\"@id\":\"https:\\\/\\\/mineraleslunallena.com\\\/producto\\\/colgante-plata-amatista\\\/#primaryimage\"},\"thumbnailUrl\":\"https:\\\/\\\/mineraleslunallena.com\\\/wp-content\\\/uploads\\\/2025\\\/03\\\/IMG_20251024_134607-1-scaled.jpg\",\"datePublished\":\"2025-03-23T15:36:12+00:00\",\"dateModified\":\"2025-10-24T12:46:56+00:00\",\"breadcrumb\":{\"@id\":\"https:\\\/\\\/mineraleslunallena.com\\\/producto\\\/colgante-plata-amatista\\\/#breadcrumb\"},\"inLanguage\":\"ca\",\"potentialAction\":[{\"@type\":\"ReadAction\",\"target\":[\"https:\\\/\\\/mineraleslunallena.com\\\/producto\\\/colgante-plata-amatista\\\/\"]}]},{\"@type\":\"ImageObject\",\"inLanguage\":\"ca\",\"@id\":\"https:\\\/\\\/mineraleslunallena.com\\\/producto\\\/colgante-plata-amatista\\\/#primaryimage\",\"url\":\"https:\\\/\\\/mineraleslunallena.com\\\/wp-content\\\/uploads\\\/2025\\\/03\\\/IMG_20251024_134607-1-scaled.jpg\",\"contentUrl\":\"https:\\\/\\\/mineraleslunallena.com\\\/wp-content\\\/uploads\\\/2025\\\/03\\\/IMG_20251024_134607-1-scaled.jpg\",\"width\":1529,\"height\":2560},{\"@type\":\"BreadcrumbList\",\"@id\":\"https:\\\/\\\/mineraleslunallena.com\\\/producto\\\/colgante-plata-amatista\\\/#breadcrumb\",\"itemListElement\":[{\"@type\":\"ListItem\",\"position\":1,\"name\":\"Portada\",\"item\":\"https:\\\/\\\/mineraleslunallena.com\\\/\"},{\"@type\":\"ListItem\",\"position\":2,\"name\":\"Shop\",\"item\":\"https:\\\/\\\/mineraleslunallena.com\\\/ca\\\/shop\\\/\"},{\"@type\":\"ListItem\",\"position\":3,\"name\":\"Colgante Plata Amatista | Calma \u2013 Protecci\u00f3n Espiritual\"}]},{\"@type\":\"WebSite\",\"@id\":\"https:\\\/\\\/mineraleslunallena.com\\\/#website\",\"url\":\"https:\\\/\\\/mineraleslunallena.com\\\/\",\"name\":\"LUNA LLENA MINERALES\",\"description\":\"Es el momento de conectarte con tu propio poder y confiar en tus habilidades.\",\"publisher\":{\"@id\":\"https:\\\/\\\/mineraleslunallena.com\\\/#organization\"},\"potentialAction\":[{\"@type\":\"SearchAction\",\"target\":{\"@type\":\"EntryPoint\",\"urlTemplate\":\"https:\\\/\\\/mineraleslunallena.com\\\/?s={search_term_string}\"},\"query-input\":{\"@type\":\"PropertyValueSpecification\",\"valueRequired\":true,\"valueName\":\"search_term_string\"}}],\"inLanguage\":\"ca\"},{\"@type\":\"Organization\",\"@id\":\"https:\\\/\\\/mineraleslunallena.com\\\/#organization\",\"name\":\"LUNA LLENA MINERALES\",\"url\":\"https:\\\/\\\/mineraleslunallena.com\\\/\",\"logo\":{\"@type\":\"ImageObject\",\"inLanguage\":\"ca\",\"@id\":\"https:\\\/\\\/mineraleslunallena.com\\\/#\\\/schema\\\/logo\\\/image\\\/\",\"url\":\"https:\\\/\\\/mineraleslunallena.com\\\/wp-content\\\/uploads\\\/2023\\\/07\\\/LUNA-LLENA-LOGO-nuevo.png\",\"contentUrl\":\"https:\\\/\\\/mineraleslunallena.com\\\/wp-content\\\/uploads\\\/2023\\\/07\\\/LUNA-LLENA-LOGO-nuevo.png\",\"width\":229,\"height\":167,\"caption\":\"LUNA LLENA MINERALES\"},\"image\":{\"@id\":\"https:\\\/\\\/mineraleslunallena.com\\\/#\\\/schema\\\/logo\\\/image\\\/\"}}]}<\/script>\n<!-- \/ Yoast SEO plugin. -->","yoast_head_json":{"title":"Colgante Plata Amatista | Calma \u2013 Protecci\u00f3n Espiritual - MINERALES LUNA LLENA","robots":{"index":"index","follow":"follow","max-snippet":"max-snippet:-1","max-image-preview":"max-image-preview:large","max-video-preview":"max-video-preview:-1"},"canonical":"https:\/\/mineraleslunallena.com\/ca\/producte\/colgante-plata-amatista\/","og_locale":"ca_ES","og_type":"article","og_title":"Colgante Plata Amatista | Calma \u2013 Protecci\u00f3n Espiritual - MINERALES LUNA LLENA","og_description":"Nuestro colgante de Amatista en forma de gota es una pieza que canaliza la energ\u00eda tranquilizadora y sanadora de la Amatista, conocida por sus poderosas propiedades espirituales.  Act\u00faa profundamente sobre el chakra corona y el tercer ojo, fomentando la claridad mental, la intuici\u00f3n y la conexi\u00f3n espiritual.  En su forma de gota, el colgante amplifica la capacidad de la piedra para liberar tensiones emocionales y purificar la energ\u00eda, brindando paz interior y protegiendo contra influencias externas negativas.  La gota simboliza la conexi\u00f3n entre lo terrenal y lo divino, al ser una forma que fluye, como si se tratara de un canal de energ\u00eda. En muchas tradiciones, las gotas tambi\u00e9n se asocian con la sanaci\u00f3n emocional, pues representan el proceso de liberaci\u00f3n de emociones reprimidas y la purificaci\u00f3n del ser interior. Esta forma tambi\u00e9n refleja el fluir natural de la vida, invitando a fluir con la energ\u00eda del universo y permitir que las transformaciones espirituales y emocionales se den de manera fluida y arm\u00f3nica.  Es ideal para quienes\u00a0 buscan equilibrar sus emociones, reducir el estr\u00e9s y facilitar una meditaci\u00f3n profunda.  Es excelente para promover el autoconocimiento, al abrir el acceso a estados de conciencia superior y fomentar la sanaci\u00f3n espiritual. Este colgante tambi\u00e9n protege el aura, manteniendo un campo energ\u00e9tico limpio y lleno de vibraciones positivas.  &nbsp;  Material: Plata de Ley 925.  Cantidad: 1 Unidad. El precio es por una unidad.  Tama\u00f1o: 4 cm aproximadamente.  Forma: Colgante Gota.","og_url":"https:\/\/mineraleslunallena.com\/ca\/producte\/colgante-plata-amatista\/","og_site_name":"MINERALES LUNA LLENA","article_modified_time":"2025-10-24T12:46:56+00:00","og_image":[{"width":1529,"height":2560,"url":"https:\/\/mineraleslunallena.com\/wp-content\/uploads\/2025\/03\/IMG_20251024_134607-1-scaled.jpg","type":"image\/jpeg"}],"twitter_card":"summary_large_image","twitter_misc":{"Temps estimat de lectura":"2 minuts"},"schema":{"@context":"https:\/\/schema.org","@graph":[{"@type":"WebPage","@id":"https:\/\/mineraleslunallena.com\/producto\/colgante-plata-amatista\/","url":"https:\/\/mineraleslunallena.com\/producto\/colgante-plata-amatista\/","name":"Colgante Plata Amatista | Calma \u2013 Protecci\u00f3n Espiritual - MINERALES LUNA LLENA","isPartOf":{"@id":"https:\/\/mineraleslunallena.com\/#website"},"primaryImageOfPage":{"@id":"https:\/\/mineraleslunallena.com\/producto\/colgante-plata-amatista\/#primaryimage"},"image":{"@id":"https:\/\/mineraleslunallena.com\/producto\/colgante-plata-amatista\/#primaryimage"},"thumbnailUrl":"https:\/\/mineraleslunallena.com\/wp-content\/uploads\/2025\/03\/IMG_20251024_134607-1-scaled.jpg","datePublished":"2025-03-23T15:36:12+00:00","dateModified":"2025-10-24T12:46:56+00:00","breadcrumb":{"@id":"https:\/\/mineraleslunallena.com\/producto\/colgante-plata-amatista\/#breadcrumb"},"inLanguage":"ca","potentialAction":[{"@type":"ReadAction","target":["https:\/\/mineraleslunallena.com\/producto\/colgante-plata-amatista\/"]}]},{"@type":"ImageObject","inLanguage":"ca","@id":"https:\/\/mineraleslunallena.com\/producto\/colgante-plata-amatista\/#primaryimage","url":"https:\/\/mineraleslunallena.com\/wp-content\/uploads\/2025\/03\/IMG_20251024_134607-1-scaled.jpg","contentUrl":"https:\/\/mineraleslunallena.com\/wp-content\/uploads\/2025\/03\/IMG_20251024_134607-1-scaled.jpg","width":1529,"height":2560},{"@type":"BreadcrumbList","@id":"https:\/\/mineraleslunallena.com\/producto\/colgante-plata-amatista\/#breadcrumb","itemListElement":[{"@type":"ListItem","position":1,"name":"Portada","item":"https:\/\/mineraleslunallena.com\/"},{"@type":"ListItem","position":2,"name":"Shop","item":"https:\/\/mineraleslunallena.com\/ca\/shop\/"},{"@type":"ListItem","position":3,"name":"Colgante Plata Amatista | Calma \u2013 Protecci\u00f3n Espiritual"}]},{"@type":"WebSite","@id":"https:\/\/mineraleslunallena.com\/#website","url":"https:\/\/mineraleslunallena.com\/","name":"LLUNA PLENA MINERALS","description":"\u00c9s el moment de connectar-te amb el teu poder i confiar en les teves habilitats.","publisher":{"@id":"https:\/\/mineraleslunallena.com\/#organization"},"potentialAction":[{"@type":"SearchAction","target":{"@type":"EntryPoint","urlTemplate":"https:\/\/mineraleslunallena.com\/?s={search_term_string}"},"query-input":{"@type":"PropertyValueSpecification","valueRequired":true,"valueName":"search_term_string"}}],"inLanguage":"ca"},{"@type":"Organization","@id":"https:\/\/mineraleslunallena.com\/#organization","name":"LLUNA PLENA MINERALS","url":"https:\/\/mineraleslunallena.com\/","logo":{"@type":"ImageObject","inLanguage":"ca","@id":"https:\/\/mineraleslunallena.com\/#\/schema\/logo\/image\/","url":"https:\/\/mineraleslunallena.com\/wp-content\/uploads\/2023\/07\/LUNA-LLENA-LOGO-nuevo.png","contentUrl":"https:\/\/mineraleslunallena.com\/wp-content\/uploads\/2023\/07\/LUNA-LLENA-LOGO-nuevo.png","width":229,"height":167,"caption":"LUNA LLENA MINERALES"},"image":{"@id":"https:\/\/mineraleslunallena.com\/#\/schema\/logo\/image\/"}}]}},"jetpack_sharing_enabled":true,"_links":{"self":[{"href":"https:\/\/mineraleslunallena.com\/ca\/wp-json\/wp\/v2\/product\/6700","targetHints":{"allow":["GET"]}}],"collection":[{"href":"https:\/\/mineraleslunallena.com\/ca\/wp-json\/wp\/v2\/product"}],"about":[{"href":"https:\/\/mineraleslunallena.com\/ca\/wp-json\/wp\/v2\/types\/product"}],"version-history":[{"count":2,"href":"https:\/\/mineraleslunallena.com\/ca\/wp-json\/wp\/v2\/product\/6700\/revisions"}],"predecessor-version":[{"id":9196,"href":"https:\/\/mineraleslunallena.com\/ca\/wp-json\/wp\/v2\/product\/6700\/revisions\/9196"}],"wp:featuredmedia":[{"embeddable":true,"href":"https:\/\/mineraleslunallena.com\/ca\/wp-json\/wp\/v2\/media\/9195"}],"wp:attachment":[{"href":"https:\/\/mineraleslunallena.com\/ca\/wp-json\/wp\/v2\/media?parent=6700"}],"wp:term":[{"taxonomy":"product_cat","embeddable":true,"href":"https:\/\/mineraleslunallena.com\/ca\/wp-json\/wp\/v2\/product_cat?post=6700"},{"taxonomy":"product_tag","embeddable":true,"href":"https:\/\/mineraleslunallena.com\/ca\/wp-json\/wp\/v2\/product_tag?post=6700"}],"curies":[{"name":"wp","href":"https:\/\/api.w.org\/{rel}","templated":true}]}}